{"id":18103,"date":"2025-01-09T11:55:32","date_gmt":"2025-01-09T10:55:32","guid":{"rendered":"https:\/\/uelzener.de\/magazin\/?page_id=18103"},"modified":"2025-07-07T15:37:25","modified_gmt":"2025-07-07T13:37:25","slug":"glaukom-beim-pferd","status":"publish","type":"page","link":"https:\/\/uelzener.de\/magazin\/pferd\/tiergesundheit\/glaukom-beim-pferd\/","title":{"rendered":"Glaukom beim Pferd: Wenn der Augendruck zu gro\u00df wird"},"content":{"rendered":"<p class=\"ai-optimize-6 ai-optimize-introduction\">Ein Glaukom, auch bekannt als Gr\u00fcner Star, ist eine Augenerkrankung, die Menschen, Hunde und Katzen, aber auch Pferde betreffen kann. Es handelt sich dabei um eine progressive Erkrankung, die durch einen erh\u00f6hten Augeninnendruck gekennzeichnet ist und zur Sch\u00e4digung der Netzhaut und des Sehnervs sowie letztlich zur Erblindung f\u00fchren kann, wenn sie unbehandelt bleibt. Statistisch gesehen tritt ein Glaukom bei Pferden eher selten auf. So liegt die Inzidenz (H\u00e4ufigkeit von Neuerkrankungen) bei unter 1 %. Der Wert muss jedoch kritisch betrachtet werden. Da die Symptome von Gr\u00fcnem Star nicht immer klar erkennbar sind und leicht von Symptomen anderer Augenerkrankungen \u00fcberlagert werden k\u00f6nnen, ist die Wahrscheinlichkeit einer Unterdiagnostizierung verh\u00e4ltnism\u00e4\u00dfig gro\u00df. In diesem Artikel erkl\u00e4ren wir, welche Ursachen einem Glaukom zugrunde liegen und welche Behandlungsm\u00f6glichkeiten es gibt.<\/p>\n<h2 class=\"ai-optimize-7\">So entsteht ein Glaukom beim Pferd<\/h2>\n<p class=\"ai-optimize-8\">Ein Glaukom beim Pferd entsteht durch einen zu hohen Augeninnendruck, der h\u00e4ufig auf ein Ungleichgewicht zwischen Produktion und Abfluss des Kammerwassers zur\u00fcckzuf\u00fchren ist. Das Kammerwasser ist eine Fl\u00fcssigkeit, die sich in den Augenkammern zwischen Hornhaut und Linse befindet. Es flie\u00dft von der hinteren Augenkammer in die vordere und von dort durch einen Kanal wieder heraus. Dadurch entsteht ein Kreislauf, der einen konstanten Druck im <a href=\"https:\/\/uelzener.de\/magazin\/pferd\/tiergesundheit\/pferdeauge-sensibles-sehorgan\/\" target=\"_blank\" rel=\"noopener\">Auge des Pferdes<\/a> sicherstellt.<\/p>\n<p class=\"ai-optimize-9\">Ist das Verh\u00e4ltnis zwischen Kammerwasserproduktion und -abfluss gest\u00f6rt, etwa weil der Abflusskanal blockiert ist oder nicht mehr richtig funktioniert, \u00e4ndern sich die Druckverh\u00e4ltnisse im Auge. Das Kammerwasser staut sich an, wodurch der Druck im Auge steigt. Das belastet den Sehnerv und kann dazu f\u00fchren, dass dieser Schaden nimmt. Auch die Netzhaut kann in Mitleidenschaft gezogen werden.<\/p>\n<p class=\"ai-optimize-10\">Doch wie kommt es \u00fcberhaupt zu einer St\u00f6rung des Kammerwasserabflusses? Meist sind daf\u00fcr andere Augenerkrankungen oder -verletzungen verantwortlich, weswegen man in dem Zusammenhang von einem erworbenen oder Sekund\u00e4rglaukom spricht. H\u00e4ufige Ursachen sind Entz\u00fcndungen, allen voran die Equine rezidivierende Uveitis, auch periodische Augenentz\u00fcndung oder Mondblindheit genannt. Ebenso k\u00f6nnen Gewebeneubildungen innerhalb des Auges (intraokul\u00e4re Neoplasien\/Tumore), Fehlstellungen der Augenlinse (Linsenluxation) oder Traumata den Abfluss des Kammerwassers beeintr\u00e4chtigen und zu einem Glaukom f\u00fchren.<\/p>\n<p class=\"ai-optimize-11\">Ein angeborenes oder Prim\u00e4rglaukom, bei dem es keine erkennbaren Vorerkrankungen gibt, tritt bei Pferden nur sehr selten auf. Hier kommt das Tier bereits mit einer Missbildung, die das Abflie\u00dfen des Kammerwassers behindert, auf die Welt. M\u00f6glicherweise spielen hier genetische Faktoren eine Rolle, allerdings sind solche F\u00e4lle bisher nur sporadisch beschrieben und unzureichend untersucht worden.<\/p>\n<h2 class=\"ai-optimize-12\">Gr\u00fcnen Star beim Pferd erkennen: Was sind die Anzeichen?<\/h2>\n<p class=\"ai-optimize-13\">Ein Glaukom beim Pferd entwickelt sich schleichend und wird daher oft sp\u00e4t erkannt. Vor allem in der Anfangsphase sind die Symptome eher subtil und schwer zu erkennen. Zudem k\u00f6nnen Pferde einen erh\u00f6hten Augeninnendruck l\u00e4nger aushalten als beispielsweise Menschen oder Hunde, die deutlich eher Anzeichen von Schmerzhaftigkeit zeigen.<br \/>\nFolgende Symptome k\u00f6nnen auf ein akutes Glaukom beim Pferd hindeuten:<\/p>\n<ul>\n<li class=\"ai-optimize-14\">Tr\u00e4nendes oder ger\u00f6tetes Auge<\/li>\n<li class=\"ai-optimize-15\">vermehrtes Zukneifen<\/li>\n<li class=\"ai-optimize-16\">Lidkr\u00e4mpfe<\/li>\n<li class=\"ai-optimize-17\">Lichtempfindlichkeit<\/li>\n<li class=\"ai-optimize-18\">fehlender Pupillenreflex<\/li>\n<\/ul>\n<p class=\"ai-optimize-19\">Im weiteren Verlauf kann das Glaukom chronisch werden, was sich anhand folgender m\u00f6glicher Symptome zeigt:<\/p>\n<ul>\n<li class=\"ai-optimize-20\">vergr\u00f6\u00dferter Augapfel<\/li>\n<li class=\"ai-optimize-21\">Gef\u00e4\u00dferweiterung in der Binde- und Lederhaut<\/li>\n<li class=\"ai-optimize-22\">Tr\u00fcbung der Hornhaut<\/li>\n<li class=\"ai-optimize-23\">Einschr\u00e4nkungen des Sehverm\u00f6gens<\/li>\n<li class=\"ai-optimize-24\">weite Pupille<\/li>\n<li class=\"ai-optimize-25\">Linsenverlagerung<\/li>\n<\/ul>\n<p class=\"ai-optimize-26\">Bleibt das Glaukom unbehandelt, kommt es fr\u00fcher oder sp\u00e4ter zu Sch\u00e4digungen am Sehnerv oder der Netzhaut, was letztlich dazu f\u00fchrt, dass das betroffene Auge erblindet.<\/p>\n<h2 class=\"ai-optimize-27\">Wie diagnostiziert man ein Glaukom beim Pferd?<\/h2>\n<p class=\"ai-optimize-28\">Um ein Glaukom beim Pferd zu diagnostizieren, muss der Augeninnendruck (intraokularer Druck) gemessen werden. Ist die Hornhaut intakt, w\u00e4hlt der Tierarzt oder die Tier\u00e4rztin das Verfahren der Applanationstonometrie. Vorteilhaft daran ist, dass das Pferd w\u00e4hrend der Untersuchung stehen kann und nicht sediert werden muss. Zum Einsatz kommt ein sogenanntes Tonometer mit einem Drucksensor. Nach einer vorhergehenden Oberfl\u00e4chenbet\u00e4ubung wird das Tonometer leicht auf die gekr\u00fcmmte Hornhaut gedr\u00fcckt, bis sie abflacht (= applaniert). Der Drucksensor erfasst die aufgewendete Kraft. Je mehr Kraft das Eindr\u00fccken erfordert, desto h\u00f6her ist der Druck im Inneren des Auges.<\/p>\n<p class=\"ai-optimize-29\">Als physiologisch gelten Werte zwischen 7 und 37 mmHg, wobei gesunde Pferde einen Augeninnendruck von durchschnittlich 14 bis 25 mmHg aufweisen. Im Fall eines Glaukoms liegen die Werte bei 35 bis 45 mmHg oder h\u00f6her. Aber nicht nur der absolute Wert ist entscheidend. Es m\u00fcssen auch die Innendr\u00fccke beider Augen verglichen werden. Bei gesunden Pferden sind die Innendr\u00fccke des rechten und linken Auges gleich hoch. Sollte sich herausstellen, dass beide Werte stark voneinander abweichen, weist das ebenfalls auf ein Glaukom hin.<\/p>\n<p class=\"ai-optimize-30\">Der Augeninnendruckmessung schlie\u00dfen sich meist ein Ultraschall und weitere Untersuchungen des Inneren des Auges an. Der Tierarzt oder die Tier\u00e4rztin kann so feststellen, ob bereits eine Erblindung vorliegt. Da ein Glaukom bei Pferden meist durch eine Prim\u00e4rerkrankung bedingt ist, ist es wichtig, diese zu identifizieren und zu therapieren. Andernfalls besteht die Gefahr, dass sich das Glaukom nicht behandeln l\u00e4sst oder wiederkehrt.<\/p>\n<h2 class=\"ai-optimize-31\">Therapiem\u00f6glichkeiten: So wird ein Glaukom beim Pferd behandelt<\/h2>\n<p class=\"ai-optimize-32\">Ist das Pferd an einem Glaukom erkrankt, versucht der Tierarzt oder die Tier\u00e4rztin zun\u00e4chst, den Augendruck mithilfe von Medikamenten zu senken oder so weit zu stabilisieren, dass er nicht weiter steigt. Zu diesem Zweck werden dem Pferd Augentropfen verabreicht, die die Kammerwasserproduktion eind\u00e4mmen. Auch die Gabe von entz\u00fcndungshemmenden Medikamenten kann sinnvoll sein.<\/p>\n<p class=\"ai-optimize-33\">Des Weiteren muss die zugrundeliegende Prim\u00e4rerkrankung therapiert werden. Liegt beispielsweise eine Linsenverlagerung oder eine Neoplasie (gut- oder b\u00f6sartiger Tumor) vor, besteht die Option, die Linse oder das Gewebe operativ zu entfernen, sofern Lage und Struktur es zulassen.<\/p>\n<p class=\"ai-optimize-34\">Leider ist es nicht in allen F\u00e4llen m\u00f6glich, die Ursache f\u00fcr ein Glaukom ausfindig zu machen. Dann kann es sein, dass ein anderer Therapieweg gew\u00e4hlt werden muss. Eine Ma\u00dfnahme ist die sogenannte transsklerale Lasercyclokoagulation. Dabei wird der sogenannte Ziliark\u00f6rper, in dem das Kammerwasser gebildet wird, mithilfe von Laserstrahlen teilweise ver\u00f6det. Das hat zur Folge, dass weniger Kammerwasser produziert wird, wodurch der Augeninnendruck sinkt. Alternativ ist es m\u00f6glich, eine Drainage zu legen. Hier wird \u00fcber einen kleinen Einschnitt ein Silikonr\u00f6hrchen ins Auge implantiert, das das Kammerwasser von der vorderen Augenkammer in Richtung der Bindehaut ableitet.<\/p>\n<p class=\"ai-optimize-35\">Nicht immer ist eine Therapie erfolgreich. Es kann sein, dass selbst nach einer Operation der Augeninnendruck konstant hoch bleibt. L\u00e4sst sich auch mit einer Dauermedikation keine nennenswerte Besserung erzielen, kann es sinnvoll sein, das betroffene Auge zu entfernen.<\/p>\n<h2 class=\"ai-optimize-36\">Fazit<\/h2>\n<p class=\"ai-optimize-37\">Ein Glaukom ist eine seltene, aber ernstzunehmende Augenerkrankung beim Pferd, die schlimmstenfalls zur Erblindung f\u00fchren kann. Sie ist h\u00e4ufig an eine Prim\u00e4rerkrankung gekn\u00fcpft und entwickelt sich schleichend, was eine fr\u00fchzeitige Diagnose erschwert. Umso wichtiger sind regelm\u00e4\u00dfige tier\u00e4rztliche Kontrollen. Sie helfen dabei, schon kleine Ver\u00e4nderungen am Auge zu bemerken und schnell handeln zu k\u00f6nnen, sollte sich ein Glaukom gebildet haben. Je fr\u00fcher die Erkrankung erkannt wird, desto besser sind die Prognosen f\u00fcr das Pferd.<\/p>\n<h2 class=\"ai-optimize-38\">FAQ: H\u00e4ufig gestellte Fragen zum Glaukom beim Pferd<\/h2>\n<h3 class=\"ai-optimize-39\">Gibt es Pferderassen, die eher von Gr\u00fcnem Star betroffen sind als andere?<\/h3>\n<p class=\"ai-optimize-40\">Bislang liegt keine Evidenz dar\u00fcber vor. Es ist daher anzunehmen, dass es keine Rassedisposition f\u00fcr diese Erkrankung gibt.<\/p>\n<h3 class=\"ai-optimize-41\">Was ist die h\u00e4ufigste Prim\u00e4rerkrankung bei einem Glaukom?<\/h3>\n<p class=\"ai-optimize-42\">Sehr h\u00e4ufig tritt ein Glaukom im Zusammenhang mit der Equinen rezidivierenden Uveitis, also der periodischen Bindehautentz\u00fcndung auf.<\/p>\n<h3 class=\"ai-optimize-43\">Hat mein Pferd im Alter ein h\u00f6heres Risiko, an einem Glaukom zu erkranken?<\/h3>\n<p class=\"ai-optimize-44\">Ja, \u00e4ltere Pferde sind von Gr\u00fcnem Star h\u00e4ufiger betroffen als j\u00fcngere.<\/p>\n<h3 class=\"ai-optimize-45\">Was kostet die Behandlung eines Glaukoms beim Pferd?<\/h3>\n<p class=\"ai-optimize-46\">Das variiert je nach Diagnosemethode, Behandlungsart und Behandlungsdauer. Eine langfristige Medikation und regelm\u00e4\u00dfige Kontrolluntersuchungen k\u00f6nnen hohe Kosten verursachen. Dasselbe gilt f\u00fcr Operationen. Eine Pferde-OP-Versicherung oder Pferdekrankenversicherung sch\u00fctzt vor finanziellen Belastungen und erm\u00f6glicht es, dem Tier eine optimale Versorgung zukommen zu lassen.<\/p>\n<p class=\"ai-optimize-47\">\n<div class=\"banner\">\n    <a href=\"https:\/\/uelzener.de\/pferd\/pferde-op-versicherung\/?agt=0000104925&sem=true&utm_medium=magazin&utm_source=wordpress&utm_campaign=pferd_op&utm_content=banner\">\n        <img decoding=\"async\" width=\"300\" height=\"212\" src=\"https:\/\/uelzener.de\/magazin\/app\/uploads\/2025\/01\/Pferde-OP-Versicherung.jpg\" class=\"attachment-medium size-medium\" alt=\"Banner Pferde-OP-Versicherung\" \/>    <\/a>\n<\/div>\n<\/p>\n<p class=\"ai-optimize-48\">\n<div class=\"banner\">\n    <a href=\"https:\/\/uelzener.de\/pferd\/herden-versicherung\/?agt=0000104925&sem=true&utm_medium=magazin&utm_source=wordpress&utm_campaign=pferd_kv&utm_content=banner    \">\n        <img decoding=\"async\" width=\"300\" height=\"212\" src=\"https:\/\/uelzener.de\/magazin\/app\/uploads\/2025\/01\/Pferde-Kranken-Versicherung.jpg\" class=\"attachment-medium size-medium\" alt=\"Banner Pferde-Kranken-Versicherung\" \/>    <\/a>\n<\/div>\n<\/p>\n","protected":false},"excerpt":{"rendered":"<p>Ein Glaukom, auch bekannt als Gr\u00fcner Star, ist eine Augenerkrankung, die Menschen, Hunde und Katzen, aber auch Pferde betreffen kann. Es handelt sich dabei um eine progressive Erkrankung, die durch einen erh\u00f6hten Augeninnendruck gekennzeichnet ist und zur Sch\u00e4digung der Netzhaut und des Sehnervs sowie letztlich zur Erblindung f\u00fchren kann, wenn sie unbehandelt bleibt. Statistisch gesehen [&hellip;]<\/p>\n","protected":false},"author":11,"featured_media":18105,"parent":11706,"menu_order":37,"comment_status":"closed","ping_status":"closed","template":"templates\/blog.php","meta":{"_acf_changed":false,"_crdt_document":"","footnotes":"","beyondwords_generate_audio":"","beyondwords_project_id":"","beyondwords_content_id":"","beyondwords_preview_token":"","beyondwords_player_style":"","beyondwords_language_id":"","beyondwords_title_voice_id":"","beyondwords_body_voice_id":"","beyondwords_summary_voice_id":"","beyondwords_error_message":"","beyondwords_disabled":"","beyondwords_delete_content":"","beyondwords_podcast_id":"","beyondwords_hash":"","publish_post_to_speechkit":"","speechkit_hash":"","speechkit_generate_audio":"","speechkit_project_id":"","speechkit_podcast_id":"","speechkit_error_message":"","speechkit_disabled":"","speechkit_access_key":"","speechkit_error":"","speechkit_info":"","speechkit_response":"","speechkit_retries":"","speechkit_status":"","speechkit_updated_at":"","_speechkit_link":"","_speechkit_text":""},"class_list":["post-18103","page","type-page","status-publish","has-post-thumbnail","hentry"],"acf":[],"yoast_head":"<!-- This site is optimized with the Yoast SEO Premium plugin  - https:\/\/yoast.com\/product\/yoast-seo-premium-wordpress\/ -->\n<title>Glaukom beim Pferd: Wenn der Augendruck zu gro\u00df wird | Uelzener Magazin<\/title>\n<meta name=\"description\" content=\"Glaukom, auch als Gr\u00fcner Star bekannt, kann Pferde betreffen. Lerne die Symptome und Behandlungsans\u00e4tze kennen.\" \/>\n<meta name=\"robots\" content=\"index, follow, max-snippet:-1, max-image-preview:large, max-video-preview:-1\" \/>\n<link rel=\"canonical\" href=\"https:\/\/uelzener.de\/magazin\/pferd\/tiergesundheit\/glaukom-beim-pferd\/\" \/>\n<meta property=\"og:locale\" content=\"de_DE\" \/>\n<meta property=\"og:type\" content=\"article\" \/>\n<meta property=\"og:title\" content=\"Glaukom beim Pferd: Wenn der Augendruck zu gro\u00df wird\" \/>\n<meta property=\"og:description\" content=\"Glaukom, auch als Gr\u00fcner Star bekannt, kann Pferde betreffen. Lerne die Symptome und Behandlungsans\u00e4tze kennen.\" \/>\n<meta property=\"og:url\" content=\"https:\/\/uelzener.de\/magazin\/pferd\/tiergesundheit\/glaukom-beim-pferd\/\" \/>\n<meta property=\"og:site_name\" content=\"Uelzener Tier-Magazin\" \/>\n<meta property=\"article:publisher\" content=\"https:\/\/www.facebook.com\/Uelzener\" \/>\n<meta property=\"article:modified_time\" content=\"2025-07-07T13:37:25+00:00\" \/>\n<meta property=\"og:image\" content=\"https:\/\/uelzener.de\/magazin\/app\/uploads\/2025\/01\/pferd-gruener-star.jpg\" \/>\n\t<meta property=\"og:image:width\" content=\"1025\" \/>\n\t<meta property=\"og:image:height\" content=\"450\" \/>\n\t<meta property=\"og:image:type\" content=\"image\/jpeg\" \/>\n<meta name=\"twitter:card\" content=\"summary_large_image\" \/>\n<meta name=\"twitter:label1\" content=\"Gesch\u00e4tzte Lesezeit\" \/>\n\t<meta name=\"twitter:data1\" content=\"7\u00a0Minuten\" \/>\n<script type=\"application\/ld+json\" class=\"yoast-schema-graph\">{\"@context\":\"https:\/\/schema.org\",\"@graph\":[{\"@type\":\"WebPage\",\"@id\":\"https:\/\/uelzener.de\/magazin\/pferd\/tiergesundheit\/glaukom-beim-pferd\/\",\"url\":\"https:\/\/uelzener.de\/magazin\/pferd\/tiergesundheit\/glaukom-beim-pferd\/\",\"name\":\"Glaukom beim Pferd: Wenn der Augendruck zu gro\u00df wird | Uelzener Magazin\",\"isPartOf\":{\"@id\":\"https:\/\/uelzener.de\/magazin\/#website\"},\"primaryImageOfPage\":{\"@id\":\"https:\/\/uelzener.de\/magazin\/pferd\/tiergesundheit\/glaukom-beim-pferd\/#primaryimage\"},\"image\":{\"@id\":\"https:\/\/uelzener.de\/magazin\/pferd\/tiergesundheit\/glaukom-beim-pferd\/#primaryimage\"},\"thumbnailUrl\":\"https:\/\/uelzener.de\/magazin\/app\/uploads\/2025\/01\/pferd-gruener-star.jpg\",\"datePublished\":\"2025-01-09T10:55:32+00:00\",\"dateModified\":\"2025-07-07T13:37:25+00:00\",\"description\":\"Glaukom, auch als Gr\u00fcner Star bekannt, kann Pferde betreffen. Lerne die Symptome und Behandlungsans\u00e4tze kennen.\",\"breadcrumb\":{\"@id\":\"https:\/\/uelzener.de\/magazin\/pferd\/tiergesundheit\/glaukom-beim-pferd\/#breadcrumb\"},\"inLanguage\":\"de\",\"potentialAction\":[{\"@type\":\"ReadAction\",\"target\":[\"https:\/\/uelzener.de\/magazin\/pferd\/tiergesundheit\/glaukom-beim-pferd\/\"]}]},{\"@type\":\"ImageObject\",\"inLanguage\":\"de\",\"@id\":\"https:\/\/uelzener.de\/magazin\/pferd\/tiergesundheit\/glaukom-beim-pferd\/#primaryimage\",\"url\":\"https:\/\/uelzener.de\/magazin\/app\/uploads\/2025\/01\/pferd-gruener-star.jpg\",\"contentUrl\":\"https:\/\/uelzener.de\/magazin\/app\/uploads\/2025\/01\/pferd-gruener-star.jpg\",\"width\":1025,\"height\":450,\"caption\":\"Pferd mit Gr\u00fcnem Star.\"},{\"@type\":\"WebSite\",\"@id\":\"https:\/\/uelzener.de\/magazin\/#website\",\"url\":\"https:\/\/uelzener.de\/magazin\/\",\"name\":\"Uelzener Tiermagazin\",\"description\":\"Online Tierratgeber der Uelzener Versicherungen\",\"publisher\":{\"@id\":\"https:\/\/uelzener.de\/magazin\/#organization\"},\"potentialAction\":[{\"@type\":\"SearchAction\",\"target\":{\"@type\":\"EntryPoint\",\"urlTemplate\":\"https:\/\/uelzener.de\/magazin\/?s={search_term_string}\"},\"query-input\":{\"@type\":\"PropertyValueSpecification\",\"valueRequired\":true,\"valueName\":\"search_term_string\"}}],\"inLanguage\":\"de\"},{\"@type\":\"Organization\",\"@id\":\"https:\/\/uelzener.de\/magazin\/#organization\",\"name\":\"Uelzener Versicherungen\",\"url\":\"https:\/\/uelzener.de\/magazin\/\",\"logo\":{\"@type\":\"ImageObject\",\"inLanguage\":\"de\",\"@id\":\"https:\/\/uelzener.de\/magazin\/#\/schema\/logo\/image\/\",\"url\":\"https:\/\/uelzener.de\/magazin\/app\/uploads\/2024\/11\/uelzener_allgemeine_versicherungsgesellschaft_a_g_logo.jpg\",\"contentUrl\":\"https:\/\/uelzener.de\/magazin\/app\/uploads\/2024\/11\/uelzener_allgemeine_versicherungsgesellschaft_a_g_logo.jpg\",\"width\":200,\"height\":200,\"caption\":\"Uelzener Versicherungen\"},\"image\":{\"@id\":\"https:\/\/uelzener.de\/magazin\/#\/schema\/logo\/image\/\"},\"sameAs\":[\"https:\/\/www.facebook.com\/Uelzener\",\"https:\/\/instagram.com\/uelzener\",\"https:\/\/www.xing.com\/pages\/uelzenerallgemeineversicherungs-gesellschafta-g\",\"https:\/\/www.youtube.com\/UelzenerVersicherungen\"]}]}<\/script>\n<!-- \/ Yoast SEO Premium plugin. -->","yoast_head_json":{"title":"Glaukom beim Pferd: Wenn der Augendruck zu gro\u00df wird | Uelzener Magazin","description":"Glaukom, auch als Gr\u00fcner Star bekannt, kann Pferde betreffen. Lerne die Symptome und Behandlungsans\u00e4tze kennen.","robots":{"index":"index","follow":"follow","max-snippet":"max-snippet:-1","max-image-preview":"max-image-preview:large","max-video-preview":"max-video-preview:-1"},"canonical":"https:\/\/uelzener.de\/magazin\/pferd\/tiergesundheit\/glaukom-beim-pferd\/","og_locale":"de_DE","og_type":"article","og_title":"Glaukom beim Pferd: Wenn der Augendruck zu gro\u00df wird","og_description":"Glaukom, auch als Gr\u00fcner Star bekannt, kann Pferde betreffen. Lerne die Symptome und Behandlungsans\u00e4tze kennen.","og_url":"https:\/\/uelzener.de\/magazin\/pferd\/tiergesundheit\/glaukom-beim-pferd\/","og_site_name":"Uelzener Tier-Magazin","article_publisher":"https:\/\/www.facebook.com\/Uelzener","article_modified_time":"2025-07-07T13:37:25+00:00","og_image":[{"width":1025,"height":450,"url":"https:\/\/uelzener.de\/magazin\/app\/uploads\/2025\/01\/pferd-gruener-star.jpg","type":"image\/jpeg"}],"twitter_card":"summary_large_image","twitter_misc":{"Gesch\u00e4tzte Lesezeit":"7\u00a0Minuten"},"schema":{"@context":"https:\/\/schema.org","@graph":[{"@type":"WebPage","@id":"https:\/\/uelzener.de\/magazin\/pferd\/tiergesundheit\/glaukom-beim-pferd\/","url":"https:\/\/uelzener.de\/magazin\/pferd\/tiergesundheit\/glaukom-beim-pferd\/","name":"Glaukom beim Pferd: Wenn der Augendruck zu gro\u00df wird | Uelzener Magazin","isPartOf":{"@id":"https:\/\/uelzener.de\/magazin\/#website"},"primaryImageOfPage":{"@id":"https:\/\/uelzener.de\/magazin\/pferd\/tiergesundheit\/glaukom-beim-pferd\/#primaryimage"},"image":{"@id":"https:\/\/uelzener.de\/magazin\/pferd\/tiergesundheit\/glaukom-beim-pferd\/#primaryimage"},"thumbnailUrl":"https:\/\/uelzener.de\/magazin\/app\/uploads\/2025\/01\/pferd-gruener-star.jpg","datePublished":"2025-01-09T10:55:32+00:00","dateModified":"2025-07-07T13:37:25+00:00","description":"Glaukom, auch als Gr\u00fcner Star bekannt, kann Pferde betreffen. Lerne die Symptome und Behandlungsans\u00e4tze kennen.","breadcrumb":{"@id":"https:\/\/uelzener.de\/magazin\/pferd\/tiergesundheit\/glaukom-beim-pferd\/#breadcrumb"},"inLanguage":"de","potentialAction":[{"@type":"ReadAction","target":["https:\/\/uelzener.de\/magazin\/pferd\/tiergesundheit\/glaukom-beim-pferd\/"]}]},{"@type":"ImageObject","inLanguage":"de","@id":"https:\/\/uelzener.de\/magazin\/pferd\/tiergesundheit\/glaukom-beim-pferd\/#primaryimage","url":"https:\/\/uelzener.de\/magazin\/app\/uploads\/2025\/01\/pferd-gruener-star.jpg","contentUrl":"https:\/\/uelzener.de\/magazin\/app\/uploads\/2025\/01\/pferd-gruener-star.jpg","width":1025,"height":450,"caption":"Pferd mit Gr\u00fcnem Star."},{"@type":"WebSite","@id":"https:\/\/uelzener.de\/magazin\/#website","url":"https:\/\/uelzener.de\/magazin\/","name":"Uelzener Tiermagazin","description":"Online Tierratgeber der Uelzener Versicherungen","publisher":{"@id":"https:\/\/uelzener.de\/magazin\/#organization"},"potentialAction":[{"@type":"SearchAction","target":{"@type":"EntryPoint","urlTemplate":"https:\/\/uelzener.de\/magazin\/?s={search_term_string}"},"query-input":{"@type":"PropertyValueSpecification","valueRequired":true,"valueName":"search_term_string"}}],"inLanguage":"de"},{"@type":"Organization","@id":"https:\/\/uelzener.de\/magazin\/#organization","name":"Uelzener Versicherungen","url":"https:\/\/uelzener.de\/magazin\/","logo":{"@type":"ImageObject","inLanguage":"de","@id":"https:\/\/uelzener.de\/magazin\/#\/schema\/logo\/image\/","url":"https:\/\/uelzener.de\/magazin\/app\/uploads\/2024\/11\/uelzener_allgemeine_versicherungsgesellschaft_a_g_logo.jpg","contentUrl":"https:\/\/uelzener.de\/magazin\/app\/uploads\/2024\/11\/uelzener_allgemeine_versicherungsgesellschaft_a_g_logo.jpg","width":200,"height":200,"caption":"Uelzener Versicherungen"},"image":{"@id":"https:\/\/uelzener.de\/magazin\/#\/schema\/logo\/image\/"},"sameAs":["https:\/\/www.facebook.com\/Uelzener","https:\/\/instagram.com\/uelzener","https:\/\/www.xing.com\/pages\/uelzenerallgemeineversicherungs-gesellschafta-g","https:\/\/www.youtube.com\/UelzenerVersicherungen"]}]}},"_links":{"self":[{"href":"https:\/\/uelzener.de\/magazin\/wp-json\/wp\/v2\/pages\/18103","targetHints":{"allow":["GET"]}}],"collection":[{"href":"https:\/\/uelzener.de\/magazin\/wp-json\/wp\/v2\/pages"}],"about":[{"href":"https:\/\/uelzener.de\/magazin\/wp-json\/wp\/v2\/types\/page"}],"author":[{"embeddable":true,"href":"https:\/\/uelzener.de\/magazin\/wp-json\/wp\/v2\/users\/11"}],"replies":[{"embeddable":true,"href":"https:\/\/uelzener.de\/magazin\/wp-json\/wp\/v2\/comments?post=18103"}],"version-history":[{"count":3,"href":"https:\/\/uelzener.de\/magazin\/wp-json\/wp\/v2\/pages\/18103\/revisions"}],"predecessor-version":[{"id":18660,"href":"https:\/\/uelzener.de\/magazin\/wp-json\/wp\/v2\/pages\/18103\/revisions\/18660"}],"up":[{"embeddable":true,"href":"https:\/\/uelzener.de\/magazin\/wp-json\/wp\/v2\/pages\/11706"}],"wp:featuredmedia":[{"embeddable":true,"href":"https:\/\/uelzener.de\/magazin\/wp-json\/wp\/v2\/media\/18105"}],"wp:attachment":[{"href":"https:\/\/uelzener.de\/magazin\/wp-json\/wp\/v2\/media?parent=18103"}],"curies":[{"name":"wp","href":"https:\/\/api.w.org\/{rel}","templated":true}]}}