{"id":18092,"date":"2025-01-07T11:15:44","date_gmt":"2025-01-07T10:15:44","guid":{"rendered":"https:\/\/uelzener.de\/magazin\/?page_id=18092"},"modified":"2025-07-07T15:49:13","modified_gmt":"2025-07-07T13:49:13","slug":"got-entwicklung-bedeutung-der-gebuehrenordnung-fuer-tieraerzte","status":"publish","type":"page","link":"https:\/\/uelzener.de\/magazin\/wir\/got-entwicklung-bedeutung-der-gebuehrenordnung-fuer-tieraerzte\/","title":{"rendered":"Die GOT: Entwicklung und Bedeutung der Geb\u00fchrenordnung f\u00fcr Tier\u00e4rzte"},"content":{"rendered":"<p class=\"ai-optimize-6 ai-optimize-introduction\">Mit der Geb\u00fchrenordnung f\u00fcr Tier\u00e4rzte, kurz GOT, sind die meisten Haustierbesitzer sicherlich schon einmal in Ber\u00fchrung gekommen. Ob Impfung, Wundversorgung oder Gesundheitscheck \u2013 bei jedem Tierarztbesuch erh\u00e4lt man eine Rechnung, auf der verzeichnet ist, welcher GOT-Satz dem Preis der Behandlung zugrunde liegt. Abh\u00e4ngig davon muss man mehr oder weniger tief in die Tasche greifen. Seitdem die neue Geb\u00fchrenordnung f\u00fcr Tier\u00e4rzte 2022 in Kraft getreten ist, sind die Kosten f\u00fcr veterin\u00e4rmedizinische Leistungen deutlich gestiegen. Aber wie kam es dazu, welche Etappen hat die GOT seit ihrer Einf\u00fchrung durchlaufen und was k\u00f6nnen Menschen mit Haustieren tun, um auf die neuen Entwicklungen zu reagieren?<\/p>\n<h2 class=\"ai-optimize-7\">Was ist die GOT?<\/h2>\n<p class=\"ai-optimize-8\">Die Geb\u00fchrenordnung f\u00fcr Tier\u00e4rzte ist ein zentraler Bestandteil des veterin\u00e4rmedizinischen Berufsstands in Deutschland. Sie regelt die Verg\u00fctung tier\u00e4rztlicher Leistungen und dient als einheitliche Grundlage, an der sich Tier\u00e4rzte und Tier\u00e4rztinnen bei ihren Abrechnungen orientieren. Der Geb\u00fchrenkatalog ist f\u00fcr alle deutschen Praxen verbindlich und enth\u00e4lt konkrete Vorgaben, wie viel tier\u00e4rztliche Leistungen kosten d\u00fcrfen. Dazu z\u00e4hlen unter anderem allgemeine Untersuchungen, Vorsorgema\u00dfnahmen wie Impfungen, Diagnostik (Labor-\/R\u00f6ntgenuntersuchungen etc.), Therapien und Operationen.<\/p>\n<p class=\"ai-optimize-9\">Jede Leistung kann zwischen dem 1- bis 4-fachen Satz berechnet werden, wobei letzterer die Obergrenze bildet und nur in Notf\u00e4llen erhoben werden darf. Der 1-fache Satz entspricht der Geb\u00fchr, die Tier\u00e4rztinnen und Tier\u00e4rzte mindestens erheben m\u00fcssen. Diese Mindestgeb\u00fchr wird beim 2-fachen GOT-Satz doppelt, beim 3-fachen Satz dreifach und beim 4-fachen Satz vierfach berechnet. Tier\u00e4rzte und Tier\u00e4rztinnen haben auch die M\u00f6glichkeit, Abstufungen vorzunehmen und beispielsweise den 1,5- oder 2,3-fachen Satz anzusetzen.<\/p>\n<p class=\"ai-optimize-10\">Nach welchem GOT-Satz eine tier\u00e4rztliche Leistung berechnet wird, h\u00e4ngt vom konkreten Einzelfall und dem Ermessen des Tierarztes oder der Tier\u00e4rztin ab. Folgende Kriterien finden dabei Ber\u00fccksichtigung:<\/p>\n<ol>\n<li class=\"ai-optimize-11\">Schwierigkeit der Leistung: Wie komplex ist die Behandlung? Wie viel Personal braucht man daf\u00fcr? Stellt das Tier besondere Anforderungen an die Behandlung? Treten Komplikationen auf?<\/li>\n<li class=\"ai-optimize-12\">Zeitaufwand: Wie lange dauert die Behandlung?<\/li>\n<li class=\"ai-optimize-13\">Zeitpunkt des Erbringens der Leistung: F\u00fcr Eins\u00e4tze jenseits der regul\u00e4ren Sprechzeiten, nachts sowie an Sonn- und Feiertagen werden mehr Geb\u00fchren verlangt.<\/li>\n<li class=\"ai-optimize-14\">Wert des Tieres: Hat das Tier einen besonders hohen Wert, werden besondere Anforderungen an Sorgfalt und Haftpflichtversicherung gestellt, was den Aufwand erh\u00f6ht.<\/li>\n<li class=\"ai-optimize-15\">\u00d6rtliche Verh\u00e4ltnisse\/Standort der Praxis: Mietpreise und Marktumfeld spielen in dem Zusammenhang eine Rolle. Oft wird in l\u00e4ndlichen Gebieten weniger berechnet als in der Stadt.<\/li>\n<\/ol>\n<p class=\"ai-optimize-16\">Auch die Ausstattung der Praxis (moderne Ger\u00e4te\/Verfahren) und die Ausbildung des Tierarztes oder der Tier\u00e4rztin (Spezialisierung) k\u00f6nnen sich in der Rechnung widerspiegeln.<\/p>\n<h2 class=\"ai-optimize-17\">Geschichte der GOT: Die wichtigsten Etappen im \u00dcberblick<\/h2>\n<p class=\"ai-optimize-18\">Die erste Fassung der Geb\u00fchrenordnung f\u00fcr Tier\u00e4rzte ist in Deutschland 1940 in Kraft getreten. Sie wurde eingef\u00fchrt, um zu verhindern, dass sich Praxen mit Dumpingpreisen gegenseitig \u00fcberbieten, und um ein einheitliches Preisniveau zu schaffen, das die Kosten f\u00fcr tier\u00e4rztliche Leistungen nachvollziehbar macht. Die Geb\u00fchrenordnung ist staatlich festgelegt und verbindlich. Die Preise d\u00fcrfen weder unter- noch \u00fcberschritten werden. Hier ein \u00dcberblick \u00fcber die wichtigsten Etappen der GOT:<\/p>\n<ul>\n<li class=\"ai-optimize-19\">1940: Einf\u00fchrung der ersten Geb\u00fchrenordnung f\u00fcr Tier\u00e4rzte in Deutschland. Urspr\u00fcngliche Fassung vom 30.11.1940, Inkrafttreten am 1.12.1940.<\/li>\n<li class=\"ai-optimize-20\">1999: Erstmalige umfassende \u00c4nderung der GOT, um neuere medizinische Verfahren (Computertomographie etc.) zu ber\u00fccksichtigen.<\/li>\n<li class=\"ai-optimize-21\">2017: Geb\u00fchren f\u00fcr tier\u00e4rztliche Leistungen werden pauschal um 12 Prozent erh\u00f6ht.<\/li>\n<li class=\"ai-optimize-22\">2020: Die Geb\u00fchren werden um eine Notdienstgeb\u00fchr von 50 Euro erg\u00e4nzt.<\/li>\n<li class=\"ai-optimize-23\">2022: Die Geb\u00fchrenordnung wird abermals grundlegend \u00fcberarbeitet und verzeichnet eine deutliche Preiserh\u00f6hung, um den allgemein gestiegenen Kosten f\u00fcr Personal, medizinische Ger\u00e4te, moderne Verfahren (Ultraschall, MRT etc.) und dergleichen Rechnung tragen zu k\u00f6nnen und es Praxen zu erm\u00f6glichen, ihr Qualit\u00e4tsniveau aufrecht zu erhalten und wirtschaftlich zu bleiben.<\/li>\n<\/ul>\n<p class=\"ai-optimize-24\">Blickt man auf die vergangenen 85 Jahre zur\u00fcck, wird schnell ersichtlich, dass die Geb\u00fchrenordnung f\u00fcr Tier\u00e4rzte nur wenige \u00c4nderungen durchlaufen hat. Die Novelle 2022 war nach Ansicht der Bundestier\u00e4rztekammer l\u00e4ngst \u00fcberf\u00e4llig, da die vorherige Fassung dem modernen Kenntnisstand, der Komplexit\u00e4t tier\u00e4rztlicher Leistungen und den wirtschaftlichen Anforderungen von Tierarztpraxen nicht mehr entsprochen hat.<\/p>\n<h2 class=\"ai-optimize-25\">GOT damals und heute: Wie haben sich die Preise seit 2022 ver\u00e4ndert?<\/h2>\n<p class=\"ai-optimize-26\">Seitdem die neue GOT 2022 in Kraft getreten ist, fallen die Kosten f\u00fcr tier\u00e4rztliche Versorgungsleistungen deutlich h\u00f6her aus. Im Vergleich zur vorherigen Geb\u00fchrenordnung sind die Preise um durchschnittlich 25 % gestiegen, manche Leistungen gehen sogar dar\u00fcber hinaus. Ein paar Beispiele zur Veranschaulichung:<\/p>\n<h3 class=\"ai-optimize-27\">Kosten f\u00fcr tier\u00e4rztliche Versorgungsleistungen bei Hunden<\/h3>\n<table style=\"border-collapse: collapse; width: 100%;\">\n<tbody>\n<tr>\n<td style=\"width: 33.3333%;\"><strong>Leistung<\/strong><\/td>\n<td style=\"width: 33.3333%;\"><strong>Vor der neuen GOT<\/strong><\/td>\n<td style=\"width: 33.3333%;\"><strong>Seit der neuen GOT<\/strong><\/td>\n<\/tr>\n<tr>\n<td style=\"width: 33.3333%;\"><strong>Einfache allgemeine Untersuchung + Beratung<\/strong><\/td>\n<td style=\"width: 33.3333%;\">13,47 Euro<\/td>\n<td style=\"width: 33.3333%;\">23,62 Euro<\/td>\n<\/tr>\n<tr>\n<td style=\"width: 33.3333%;\"><strong>Kastration (R\u00fcde)<\/strong><\/td>\n<td style=\"width: 33.3333%;\">51,31 Euro<\/td>\n<td style=\"width: 33.3333%;\">70,60 Euro<\/td>\n<\/tr>\n<tr>\n<td style=\"width: 33.3333%;\"><strong>Kastration (H\u00fcndin)<\/strong><\/td>\n<td style=\"width: 33.3333%;\">160,34 Euro<\/td>\n<td style=\"width: 33.3333%;\">192,00 Euro<\/td>\n<\/tr>\n<\/tbody>\n<\/table>\n<h3 class=\"ai-optimize-28\">Kosten f\u00fcr tier\u00e4rztliche Versorgungsleistungen bei Katzen<\/h3>\n<table style=\"border-collapse: collapse; width: 100%;\">\n<tbody>\n<tr>\n<td style=\"width: 33.3333%;\"><strong>Leistung<\/strong><\/td>\n<td style=\"width: 33.3333%;\"><strong>Vor der neuen GOT<\/strong><\/td>\n<td style=\"width: 33.3333%;\"><strong>Seit der neuen GOT<\/strong><\/td>\n<\/tr>\n<tr>\n<td style=\"width: 33.3333%;\"><strong>Einfache allgemeine Untersuchung + Beratung<\/strong><\/td>\n<td style=\"width: 33.3333%;\">8,98 Euro<\/td>\n<td style=\"width: 33.3333%;\">23,62 Euro<\/td>\n<\/tr>\n<tr>\n<td style=\"width: 33.3333%;\"><strong>Kastration (Kater)<\/strong><\/td>\n<td style=\"width: 33.3333%;\">19,24 Euro<\/td>\n<td style=\"width: 33.3333%;\">30,32 Euro<\/td>\n<\/tr>\n<tr>\n<td style=\"width: 33.3333%;\"><strong>Kastration (Katze)<\/strong><\/td>\n<td style=\"width: 33.3333%;\">57,72 Euro<\/td>\n<td style=\"width: 33.3333%;\">89,00 Euro<\/td>\n<\/tr>\n<\/tbody>\n<\/table>\n<p class=\"ai-optimize-29\">Hinzu kommen die Umsatzsteuer sowie Kosten f\u00fcr Verbrauchsmaterialien (Verbandmaterial, Kan\u00fclen etc.), Impfstoffe und Arzneimittel, die der Tierarzt oder die Tier\u00e4rztin ebenfalls berechnet.<\/p>\n<p class=\"ai-optimize-30\">Auch Pferdehaltern und -halterinnen entsteht durch die neue GOT ein h\u00f6herer finanzieller Aufwand. Neben gestiegenen Tierarztkosten sind sie unter anderem von der sogenannten Hausbesuchsgeb\u00fchr betroffen, die zus\u00e4tzlich zu den Fahrt- und Behandlungskosten f\u00e4llig wird. Die Hausbesuchsgeb\u00fchr betr\u00e4gt mindestens 34,50 Euro und h\u00f6chstens 103,50 Euro und gilt pro Besitzer. F\u00e4hrt ein Tierarzt oder eine Tier\u00e4rztin in einen Stall, um Pferde verschiedener Halter zu versorgen, wird die Geb\u00fchr f\u00fcr jeden Besitzer erhoben.<\/p>\n<h2 class=\"ai-optimize-31\">Eine OP- oder Krankenversicherung der Uelzener sch\u00fctzt<\/h2>\n<p class=\"ai-optimize-32\">F\u00fcr Haustierbesitzer k\u00f6nnen die gestiegenen Tierarztkosten eine gro\u00dfe Herausforderung sein. Nicht jeder hat die finanziellen Mittel, seinen Vierbeiner optimal versorgen zu lassen. Das ist insofern ein Problem, als regelm\u00e4\u00dfige Check-ups und Vorsorgema\u00dfnahmen wie <a href=\"https:\/\/uelzener.de\/magazin\/katze\/tiergesundheit\/katzen-impfungen\/\" target=\"_blank\" rel=\"noopener\">Impfungen f\u00fcr Katzen<\/a> und <a href=\"https:\/\/uelzener.de\/magazin\/hund\/tiergesundheit\/wuermer-hund\/\" target=\"_blank\" rel=\"noopener\">Entwurmungen bei Hunden<\/a> f\u00fcr den Erhalt der Tiergesundheit wichtig sind. Zudem kann es passieren, dass das Tier verunfallt, sich verletzt oder erkrankt und infolgedessen eine Behandlung ben\u00f6tigt. Gerade Operationen k\u00f6nnen einen enormen finanziellen Aufwand bedeuten, da sie zu den kostspieligsten tier\u00e4rztlichen Leistungen z\u00e4hlen.<\/p>\n<p class=\"ai-optimize-33\">Eine OP- oder Krankenversicherung, wie die Uelzener sie f\u00fcr <a href=\"https:\/\/uelzener.de\/hund\" target=\"_blank\" rel=\"noopener\">Hunde<\/a>, <a href=\"https:\/\/uelzener.de\/katze\" target=\"_blank\" rel=\"noopener\">Katzen<\/a> und <a href=\"https:\/\/uelzener.de\/pferd\" target=\"_blank\" rel=\"noopener\">Pferde<\/a> anbietet, ist in solchen F\u00e4llen eine gro\u00dfe Hilfe. Sie \u00fcbernimmt bis zu 100 % der Tierarztkosten unabh\u00e4ngig vom GOT-Satz, so dass dem Tier eine optimale Behandlung zuteilwerden kann. W\u00e4hrend die OP-Versicherung chirurgische Eingriffe sowie damit verbundene Vor- und Nachsorgebehandlungen abdeckt, geht die Krankenversicherung dar\u00fcber hinaus und greift sowohl bei Operationen als auch bei konservativen Behandlungen.<br \/>\nIn Anbetracht dessen, dass die Kosten f\u00fcr veterin\u00e4rmedizinische Leistungen heute viel h\u00f6her sind als fr\u00fcher, sich schnell summieren und eine erhebliche finanzielle Belastung darstellen k\u00f6nnen, ist eine OP- oder Krankenversicherung der Uelzener eine gute L\u00f6sung f\u00fcr Haustierbesitzer, die ihren vierbeinigen Liebling jeder Situation gut versorgt wissen wollen.<\/p>\n","protected":false},"excerpt":{"rendered":"<p>Mit der Geb\u00fchrenordnung f\u00fcr Tier\u00e4rzte, kurz GOT, sind die meisten Haustierbesitzer sicherlich schon einmal in Ber\u00fchrung gekommen. Ob Impfung, Wundversorgung oder Gesundheitscheck \u2013 bei jedem Tierarztbesuch erh\u00e4lt man eine Rechnung, auf der verzeichnet ist, welcher GOT-Satz dem Preis der Behandlung zugrunde liegt. Abh\u00e4ngig davon muss man mehr oder weniger tief in die Tasche greifen. Seitdem [&hellip;]<\/p>\n","protected":false},"author":11,"featured_media":18094,"parent":2469,"menu_order":11,"comment_status":"closed","ping_status":"closed","template":"templates\/blog.php","meta":{"_acf_changed":false,"_crdt_document":"","footnotes":"","beyondwords_generate_audio":"","beyondwords_project_id":"","beyondwords_content_id":"","beyondwords_preview_token":"","beyondwords_player_style":"","beyondwords_language_id":"","beyondwords_title_voice_id":"","beyondwords_body_voice_id":"","beyondwords_summary_voice_id":"","beyondwords_error_message":"","beyondwords_disabled":"","beyondwords_delete_content":"","beyondwords_podcast_id":"","beyondwords_hash":"","publish_post_to_speechkit":"","speechkit_hash":"","speechkit_generate_audio":"","speechkit_project_id":"","speechkit_podcast_id":"","speechkit_error_message":"","speechkit_disabled":"","speechkit_access_key":"","speechkit_error":"","speechkit_info":"","speechkit_response":"","speechkit_retries":"","speechkit_status":"","speechkit_updated_at":"","_speechkit_link":"","_speechkit_text":""},"class_list":["post-18092","page","type-page","status-publish","has-post-thumbnail","hentry"],"acf":[],"yoast_head":"<!-- This site is optimized with the Yoast SEO Premium plugin  - https:\/\/yoast.com\/product\/yoast-seo-premium-wordpress\/ -->\n<title>Die GOT: Entwicklung und Bedeutung der Geb\u00fchrenordnung f\u00fcr Tier\u00e4rzte | Uelzener Magazin<\/title>\n<meta name=\"description\" content=\"Was ist die GOT? Erfahre, wie die Geb\u00fchrenordnung f\u00fcr Tier\u00e4rzte die Preise f\u00fcr Behandlungen beeinflusst und was neu ist.\" \/>\n<meta name=\"robots\" content=\"index, follow, max-snippet:-1, max-image-preview:large, max-video-preview:-1\" \/>\n<link rel=\"canonical\" href=\"https:\/\/uelzener.de\/magazin\/wir\/got-entwicklung-bedeutung-der-gebuehrenordnung-fuer-tieraerzte\/\" \/>\n<meta property=\"og:locale\" content=\"de_DE\" \/>\n<meta property=\"og:type\" content=\"article\" \/>\n<meta property=\"og:title\" content=\"Die GOT: Entwicklung und Bedeutung der Geb\u00fchrenordnung f\u00fcr Tier\u00e4rzte\" \/>\n<meta property=\"og:description\" content=\"Was ist die GOT? Erfahre, wie die Geb\u00fchrenordnung f\u00fcr Tier\u00e4rzte die Preise f\u00fcr Behandlungen beeinflusst und was neu ist.\" \/>\n<meta property=\"og:url\" content=\"https:\/\/uelzener.de\/magazin\/wir\/got-entwicklung-bedeutung-der-gebuehrenordnung-fuer-tieraerzte\/\" \/>\n<meta property=\"og:site_name\" content=\"Uelzener Tier-Magazin\" \/>\n<meta property=\"article:publisher\" content=\"https:\/\/www.facebook.com\/Uelzener\" \/>\n<meta property=\"article:modified_time\" content=\"2025-07-07T13:49:13+00:00\" \/>\n<meta property=\"og:image\" content=\"https:\/\/uelzener.de\/magazin\/app\/uploads\/2025\/01\/got-verordnung.jpg\" \/>\n\t<meta property=\"og:image:width\" content=\"1025\" \/>\n\t<meta property=\"og:image:height\" content=\"450\" \/>\n\t<meta property=\"og:image:type\" content=\"image\/jpeg\" \/>\n<meta name=\"twitter:card\" content=\"summary_large_image\" \/>\n<meta name=\"twitter:label1\" content=\"Gesch\u00e4tzte Lesezeit\" \/>\n\t<meta name=\"twitter:data1\" content=\"6\u00a0Minuten\" \/>\n<script type=\"application\/ld+json\" class=\"yoast-schema-graph\">{\"@context\":\"https:\/\/schema.org\",\"@graph\":[{\"@type\":\"WebPage\",\"@id\":\"https:\/\/uelzener.de\/magazin\/wir\/got-entwicklung-bedeutung-der-gebuehrenordnung-fuer-tieraerzte\/\",\"url\":\"https:\/\/uelzener.de\/magazin\/wir\/got-entwicklung-bedeutung-der-gebuehrenordnung-fuer-tieraerzte\/\",\"name\":\"Die GOT: Entwicklung und Bedeutung der Geb\u00fchrenordnung f\u00fcr Tier\u00e4rzte | Uelzener Magazin\",\"isPartOf\":{\"@id\":\"https:\/\/uelzener.de\/magazin\/#website\"},\"primaryImageOfPage\":{\"@id\":\"https:\/\/uelzener.de\/magazin\/wir\/got-entwicklung-bedeutung-der-gebuehrenordnung-fuer-tieraerzte\/#primaryimage\"},\"image\":{\"@id\":\"https:\/\/uelzener.de\/magazin\/wir\/got-entwicklung-bedeutung-der-gebuehrenordnung-fuer-tieraerzte\/#primaryimage\"},\"thumbnailUrl\":\"https:\/\/uelzener.de\/magazin\/app\/uploads\/2025\/01\/got-verordnung.jpg\",\"datePublished\":\"2025-01-07T10:15:44+00:00\",\"dateModified\":\"2025-07-07T13:49:13+00:00\",\"description\":\"Was ist die GOT? Erfahre, wie die Geb\u00fchrenordnung f\u00fcr Tier\u00e4rzte die Preise f\u00fcr Behandlungen beeinflusst und was neu ist.\",\"breadcrumb\":{\"@id\":\"https:\/\/uelzener.de\/magazin\/wir\/got-entwicklung-bedeutung-der-gebuehrenordnung-fuer-tieraerzte\/#breadcrumb\"},\"inLanguage\":\"de\",\"potentialAction\":[{\"@type\":\"ReadAction\",\"target\":[\"https:\/\/uelzener.de\/magazin\/wir\/got-entwicklung-bedeutung-der-gebuehrenordnung-fuer-tieraerzte\/\"]}]},{\"@type\":\"ImageObject\",\"inLanguage\":\"de\",\"@id\":\"https:\/\/uelzener.de\/magazin\/wir\/got-entwicklung-bedeutung-der-gebuehrenordnung-fuer-tieraerzte\/#primaryimage\",\"url\":\"https:\/\/uelzener.de\/magazin\/app\/uploads\/2025\/01\/got-verordnung.jpg\",\"contentUrl\":\"https:\/\/uelzener.de\/magazin\/app\/uploads\/2025\/01\/got-verordnung.jpg\",\"width\":1025,\"height\":450,\"caption\":\"Tierarztrechnung nach neuem GOT-Satz in Erstellung.\"},{\"@type\":\"WebSite\",\"@id\":\"https:\/\/uelzener.de\/magazin\/#website\",\"url\":\"https:\/\/uelzener.de\/magazin\/\",\"name\":\"Uelzener Tiermagazin\",\"description\":\"Online Tierratgeber der Uelzener Versicherungen\",\"publisher\":{\"@id\":\"https:\/\/uelzener.de\/magazin\/#organization\"},\"potentialAction\":[{\"@type\":\"SearchAction\",\"target\":{\"@type\":\"EntryPoint\",\"urlTemplate\":\"https:\/\/uelzener.de\/magazin\/?s={search_term_string}\"},\"query-input\":{\"@type\":\"PropertyValueSpecification\",\"valueRequired\":true,\"valueName\":\"search_term_string\"}}],\"inLanguage\":\"de\"},{\"@type\":\"Organization\",\"@id\":\"https:\/\/uelzener.de\/magazin\/#organization\",\"name\":\"Uelzener Versicherungen\",\"url\":\"https:\/\/uelzener.de\/magazin\/\",\"logo\":{\"@type\":\"ImageObject\",\"inLanguage\":\"de\",\"@id\":\"https:\/\/uelzener.de\/magazin\/#\/schema\/logo\/image\/\",\"url\":\"https:\/\/uelzener.de\/magazin\/app\/uploads\/2024\/11\/uelzener_allgemeine_versicherungsgesellschaft_a_g_logo.jpg\",\"contentUrl\":\"https:\/\/uelzener.de\/magazin\/app\/uploads\/2024\/11\/uelzener_allgemeine_versicherungsgesellschaft_a_g_logo.jpg\",\"width\":200,\"height\":200,\"caption\":\"Uelzener Versicherungen\"},\"image\":{\"@id\":\"https:\/\/uelzener.de\/magazin\/#\/schema\/logo\/image\/\"},\"sameAs\":[\"https:\/\/www.facebook.com\/Uelzener\",\"https:\/\/instagram.com\/uelzener\",\"https:\/\/www.xing.com\/pages\/uelzenerallgemeineversicherungs-gesellschafta-g\",\"https:\/\/www.youtube.com\/UelzenerVersicherungen\"]}]}<\/script>\n<!-- \/ Yoast SEO Premium plugin. -->","yoast_head_json":{"title":"Die GOT: Entwicklung und Bedeutung der Geb\u00fchrenordnung f\u00fcr Tier\u00e4rzte | Uelzener Magazin","description":"Was ist die GOT? Erfahre, wie die Geb\u00fchrenordnung f\u00fcr Tier\u00e4rzte die Preise f\u00fcr Behandlungen beeinflusst und was neu ist.","robots":{"index":"index","follow":"follow","max-snippet":"max-snippet:-1","max-image-preview":"max-image-preview:large","max-video-preview":"max-video-preview:-1"},"canonical":"https:\/\/uelzener.de\/magazin\/wir\/got-entwicklung-bedeutung-der-gebuehrenordnung-fuer-tieraerzte\/","og_locale":"de_DE","og_type":"article","og_title":"Die GOT: Entwicklung und Bedeutung der Geb\u00fchrenordnung f\u00fcr Tier\u00e4rzte","og_description":"Was ist die GOT? Erfahre, wie die Geb\u00fchrenordnung f\u00fcr Tier\u00e4rzte die Preise f\u00fcr Behandlungen beeinflusst und was neu ist.","og_url":"https:\/\/uelzener.de\/magazin\/wir\/got-entwicklung-bedeutung-der-gebuehrenordnung-fuer-tieraerzte\/","og_site_name":"Uelzener Tier-Magazin","article_publisher":"https:\/\/www.facebook.com\/Uelzener","article_modified_time":"2025-07-07T13:49:13+00:00","og_image":[{"width":1025,"height":450,"url":"https:\/\/uelzener.de\/magazin\/app\/uploads\/2025\/01\/got-verordnung.jpg","type":"image\/jpeg"}],"twitter_card":"summary_large_image","twitter_misc":{"Gesch\u00e4tzte Lesezeit":"6\u00a0Minuten"},"schema":{"@context":"https:\/\/schema.org","@graph":[{"@type":"WebPage","@id":"https:\/\/uelzener.de\/magazin\/wir\/got-entwicklung-bedeutung-der-gebuehrenordnung-fuer-tieraerzte\/","url":"https:\/\/uelzener.de\/magazin\/wir\/got-entwicklung-bedeutung-der-gebuehrenordnung-fuer-tieraerzte\/","name":"Die GOT: Entwicklung und Bedeutung der Geb\u00fchrenordnung f\u00fcr Tier\u00e4rzte | Uelzener Magazin","isPartOf":{"@id":"https:\/\/uelzener.de\/magazin\/#website"},"primaryImageOfPage":{"@id":"https:\/\/uelzener.de\/magazin\/wir\/got-entwicklung-bedeutung-der-gebuehrenordnung-fuer-tieraerzte\/#primaryimage"},"image":{"@id":"https:\/\/uelzener.de\/magazin\/wir\/got-entwicklung-bedeutung-der-gebuehrenordnung-fuer-tieraerzte\/#primaryimage"},"thumbnailUrl":"https:\/\/uelzener.de\/magazin\/app\/uploads\/2025\/01\/got-verordnung.jpg","datePublished":"2025-01-07T10:15:44+00:00","dateModified":"2025-07-07T13:49:13+00:00","description":"Was ist die GOT? Erfahre, wie die Geb\u00fchrenordnung f\u00fcr Tier\u00e4rzte die Preise f\u00fcr Behandlungen beeinflusst und was neu ist.","breadcrumb":{"@id":"https:\/\/uelzener.de\/magazin\/wir\/got-entwicklung-bedeutung-der-gebuehrenordnung-fuer-tieraerzte\/#breadcrumb"},"inLanguage":"de","potentialAction":[{"@type":"ReadAction","target":["https:\/\/uelzener.de\/magazin\/wir\/got-entwicklung-bedeutung-der-gebuehrenordnung-fuer-tieraerzte\/"]}]},{"@type":"ImageObject","inLanguage":"de","@id":"https:\/\/uelzener.de\/magazin\/wir\/got-entwicklung-bedeutung-der-gebuehrenordnung-fuer-tieraerzte\/#primaryimage","url":"https:\/\/uelzener.de\/magazin\/app\/uploads\/2025\/01\/got-verordnung.jpg","contentUrl":"https:\/\/uelzener.de\/magazin\/app\/uploads\/2025\/01\/got-verordnung.jpg","width":1025,"height":450,"caption":"Tierarztrechnung nach neuem GOT-Satz in Erstellung."},{"@type":"WebSite","@id":"https:\/\/uelzener.de\/magazin\/#website","url":"https:\/\/uelzener.de\/magazin\/","name":"Uelzener Tiermagazin","description":"Online Tierratgeber der Uelzener Versicherungen","publisher":{"@id":"https:\/\/uelzener.de\/magazin\/#organization"},"potentialAction":[{"@type":"SearchAction","target":{"@type":"EntryPoint","urlTemplate":"https:\/\/uelzener.de\/magazin\/?s={search_term_string}"},"query-input":{"@type":"PropertyValueSpecification","valueRequired":true,"valueName":"search_term_string"}}],"inLanguage":"de"},{"@type":"Organization","@id":"https:\/\/uelzener.de\/magazin\/#organization","name":"Uelzener Versicherungen","url":"https:\/\/uelzener.de\/magazin\/","logo":{"@type":"ImageObject","inLanguage":"de","@id":"https:\/\/uelzener.de\/magazin\/#\/schema\/logo\/image\/","url":"https:\/\/uelzener.de\/magazin\/app\/uploads\/2024\/11\/uelzener_allgemeine_versicherungsgesellschaft_a_g_logo.jpg","contentUrl":"https:\/\/uelzener.de\/magazin\/app\/uploads\/2024\/11\/uelzener_allgemeine_versicherungsgesellschaft_a_g_logo.jpg","width":200,"height":200,"caption":"Uelzener Versicherungen"},"image":{"@id":"https:\/\/uelzener.de\/magazin\/#\/schema\/logo\/image\/"},"sameAs":["https:\/\/www.facebook.com\/Uelzener","https:\/\/instagram.com\/uelzener","https:\/\/www.xing.com\/pages\/uelzenerallgemeineversicherungs-gesellschafta-g","https:\/\/www.youtube.com\/UelzenerVersicherungen"]}]}},"_links":{"self":[{"href":"https:\/\/uelzener.de\/magazin\/wp-json\/wp\/v2\/pages\/18092","targetHints":{"allow":["GET"]}}],"collection":[{"href":"https:\/\/uelzener.de\/magazin\/wp-json\/wp\/v2\/pages"}],"about":[{"href":"https:\/\/uelzener.de\/magazin\/wp-json\/wp\/v2\/types\/page"}],"author":[{"embeddable":true,"href":"https:\/\/uelzener.de\/magazin\/wp-json\/wp\/v2\/users\/11"}],"replies":[{"embeddable":true,"href":"https:\/\/uelzener.de\/magazin\/wp-json\/wp\/v2\/comments?post=18092"}],"version-history":[{"count":4,"href":"https:\/\/uelzener.de\/magazin\/wp-json\/wp\/v2\/pages\/18092\/revisions"}],"predecessor-version":[{"id":18664,"href":"https:\/\/uelzener.de\/magazin\/wp-json\/wp\/v2\/pages\/18092\/revisions\/18664"}],"up":[{"embeddable":true,"href":"https:\/\/uelzener.de\/magazin\/wp-json\/wp\/v2\/pages\/2469"}],"wp:featuredmedia":[{"embeddable":true,"href":"https:\/\/uelzener.de\/magazin\/wp-json\/wp\/v2\/media\/18094"}],"wp:attachment":[{"href":"https:\/\/uelzener.de\/magazin\/wp-json\/wp\/v2\/media?parent=18092"}],"curies":[{"name":"wp","href":"https:\/\/api.w.org\/{rel}","templated":true}]}}