{"id":18088,"date":"2025-01-13T11:06:10","date_gmt":"2025-01-13T10:06:10","guid":{"rendered":"https:\/\/uelzener.de\/magazin\/?page_id=18088"},"modified":"2025-11-13T11:47:29","modified_gmt":"2025-11-13T10:47:29","slug":"taxifahrt-mit-hund","status":"publish","type":"page","link":"https:\/\/uelzener.de\/magazin\/hund\/tipps-fuer-den-alltag\/taxifahrt-mit-hund\/","title":{"rendered":"Taxifahrt mit Hund: Bef\u00f6rderungspflicht und was es zu beachten gibt"},"content":{"rendered":"<p>Sei es ein spontaner Tierarztbesuch, der Weg zum Bahnhof oder eine Notfallsituation \u2013 die Frage, ob Hunde im Taxi mitgenommen werden d\u00fcrfen, sorgt oft f\u00fcr Unsicherheit. In diesem Artikel kl\u00e4ren wir auf, welche Rechte und Pflichten sowohl Fahrg\u00e4ste als auch Taxifahrer und -fahrerinnen haben, wenn es um die Mitnahme von Hunden geht.<\/p>\n<h2>D\u00fcrfen Hunde im Taxi mitfahren?<\/h2>\n<p>Hunde gelten gesetzlich als \u201cSachen\u201d und unterliegen demnach \u2013 wie auch Gep\u00e4ckst\u00fccke \u2013 der Bef\u00f6rderungspflicht. Das bedeutet, sie m\u00fcssen im sogenannten Pflichtfahrgebiet des Taxis ohne Aufpreis mitbef\u00f6rdert werden, sofern die \u00f6rtlichen Taxitarifverordnungen keine gesonderte Zuschlagsregelung f\u00fcr Gep\u00e4ckst\u00fccke enthalten. In M\u00fcnchen darf beispielsweise pro Gep\u00e4ckst\u00fcck 60 Cent Aufschlag verlangt werden, was dementsprechend auch f\u00fcr Hunde gilt.<\/p>\n<h3>Darf ein Taxi die Mitnahme von Haustieren verweigern?<\/h3>\n<p>Ein Taxifahrer oder eine Taxifahrerin darf die Mitnahme eines Hundes verweigern, sofern dieser eine Gef\u00e4hrdung der Fahrsicherheit darstellt \u2013 beispielsweise wenn eine Tierhaarallergie vorliegt oder der Fahrer bzw. die Fahrerin Angst vor dem Hund hat. Auch wenn das Taxi nicht \u00fcber geeignete Sicherungsoptionen und Unterbringungsm\u00f6glichkeiten verf\u00fcgt, muss die Mitnahme verweigert werden \u2013 sonst kann ein Bu\u00dfgeld drohen.<\/p>\n<p>Sollte ein Taxi die Fahrt ablehnen, muss der Fahrer bzw. die Fahrerin bei der Zentrale einen geeigneten Ersatz anfordern. Wird dem nicht nachgekommen, drohen auch hier Bu\u00dfgelder.<\/p>\n<p>F\u00fcr Blindenf\u00fchrhunde und andere Assistenzhunde gilt eine gesonderte Regelung. Ihre Mitnahme darf nicht verweigert werden, da diese Hunde laut Gesetz als unverzichtbare Hilfsmittel f\u00fcr ihre Besitzer oder Besitzerinnen gelten. Eine Verweigerung k\u00f6nnte sogar zum Entzug oder zu einer Nichtverl\u00e4ngerung der Taxilizenz f\u00fchren.<\/p>\n<h2>Wo darf ich meinen Hund im Taxi unterbringen?<\/h2>\n<p>Hunde auf den Sitzpl\u00e4tzen unterzubringen, ist grunds\u00e4tzlich untersagt. Kleinere Hunde d\u00fcrfen daf\u00fcr in den Fu\u00dfraum. Hunde, die nicht in den Fu\u00dfraum passen, k\u00f6nnen im Kofferraum mitfahren, sofern es sich um einen Kombi oder ein Gro\u00dfraumtaxi mit ausreichender Sicherung zur Vorderbank handelt. Hat das Fahrzeug einen abgetrennten Laderaum, darf der Hund aus Tierschutzgr\u00fcnden nicht darin transportiert werden.<\/p>\n<h2>Tipps f\u00fcr die Taxifahrt mit Hund<\/h2>\n<p>Um sicherzustellen, dass die Taxifahrt reibungslos und f\u00fcr alle Beteiligten entspannt verl\u00e4uft, gibt es einige Aspekte, die du beachten solltest.<\/p>\n<ul>\n<li>Gew\u00f6hnung an die Autofahrt: Die ersten Autofahrten k\u00f6nnen f\u00fcr einen Hund sehr aufregend und stressig sein. Ist das Tier \u00fcberm\u00e4\u00dfig nerv\u00f6s, kann das wiederum ein Stress- und Ablenkungsfaktor f\u00fcr den Fahrer oder die Fahrerin sein. Im Idealfall hast du deinen Hund also schon vor der Bef\u00f6rderung im Taxi ans Autofahren gew\u00f6hnt. Tipps hierf\u00fcr findest du in unserem Artikel zum Thema Hund im Auto.<\/li>\n<li>Vorher auf den Hund hinweisen: Weise schon bei der Bestellung des Taxis darauf hin, dass du einen Hund dabei hast. So wird direkt ein passendes Fahrzeug geschickt und es kommt nicht zu unn\u00f6tigen Verz\u00f6gerungen..<\/li>\n<li>Sch\u00e4den: Es kann sein, dass dein Hund einen Schaden im Auto verursacht, f\u00fcr den du aufkommen musst. Eine Hundehaftpflichtversicherung bietet dir im Ernstfall Schutz, indem sie die Kosten infolge von Schadenersatzanspr\u00fcchen \u00fcbernimmt.<\/li>\n<li>Sauberkeit: Achte darauf, dass dein Hund keinen Schmutz im Auto hinterl\u00e4sst. Ansonsten kann es sein, dass du die daf\u00fcr anfallenden Reinigungskosten zahlen musst. Am besten nimmst du eine saubere Decke mit, auf der du deinen Vierbeiner platzierst, und machst seine Pfoten vor dem Einsteigen etwas sauber.<\/li>\n<li>Tier-Taxi: In einigen St\u00e4dten gibt es Taxidienste, die sich auf die Mitnahme von Tieren spezialisiert haben. Mit einem Tier-Taxi gehst du sicher, dass dein Hund mitfahren darf. Oftmals sind die Fahrer und Fahrerinnen zudem bef\u00e4higt, erste Hilfe am Tier zu leisten.<\/li>\n<\/ul>\n<p>Eine gute Vorbereitung sorgt daf\u00fcr, dass die Taxifahrt f\u00fcr alle Beteiligten sicher und angenehm verl\u00e4uft.<\/p>\n\n<div class=\"banner\">\n    <a href=\"https:\/\/uelzener.de\/hund\/hunde-haftpflichtversicherung\/?agt=0000104925&sem=true&utm_medium=magazin&utm_source=wordpress&utm_campaign=hund_haf&utm_content=banner\">\n        <img decoding=\"async\" width=\"300\" height=\"212\" src=\"https:\/\/uelzener.de\/magazin\/app\/uploads\/2025\/01\/Hundehalter-Haftpflicht-Versicherung.jpg\" class=\"attachment-medium size-medium\" alt=\"Banner Hundehalter-Haftpflicht-Versicherung\" \/>    <\/a>\n<\/div>\n\n<h2>Fazit<\/h2>\n<p>Die Mitnahme von Hunden im Taxi ist grunds\u00e4tzlich durch die Bef\u00f6rderungspflicht geregelt. Bei Sicherheitsbedenken oder unzureichender Ausstattung des Fahrzeugs kann der Fahrer oder die Fahrerin jedoch entscheiden, das Tier nicht zu bef\u00f6rdern. Eine Ausnahme gilt f\u00fcr Assistenzhunde. Hier darf die Mitnahme nicht ausgeschlagen werden.<\/p>\n\n<div class=\"related_articles boxed\">\n    <h2>Mehr zum Thema<\/h2>\n    \n    <div class=\"wrapper\"><div class=\"title align-center\"><h3><a href=\"https:\/\/uelzener.de\/magazin\/hund\/erziehung-und-training\/hundebox-training-ueben\/\">Hundebox: Hund an die Transportbox gew\u00f6hnen<\/a><\/h3><\/div><div class=\"img align-center\"><img decoding=\"async\" width=\"315\" height=\"180\" src=\"https:\/\/uelzener.de\/magazin\/app\/uploads\/2024\/03\/hundebox-training-315x180.jpg\" class=\"attachment-315x180 size-315x180 wp-post-image\" alt=\"Hund im Hundebox f\u00fcrs Auto.\" \/><\/div><\/div><div class=\"wrapper\"><div class=\"title align-center\"><h3><a href=\"https:\/\/uelzener.de\/magazin\/hund\/haltung\/hunde-in-der-stadt-halten\/\">Hunde in der Stadt halten: So funktioniert\u2019s!<\/a><\/h3><\/div><div class=\"img align-center\"><img decoding=\"async\" width=\"315\" height=\"180\" src=\"https:\/\/uelzener.de\/magazin\/app\/uploads\/2024\/05\/hund-in-der-stadt-315x180.jpg\" class=\"attachment-315x180 size-315x180 wp-post-image\" alt=\"Frau mit zwei Hunden beim Gassi in der Stadt.\" \/><\/div><\/div><div class=\"wrapper\"><div class=\"title align-center\"><h3><a href=\"https:\/\/uelzener.de\/magazin\/hund\/erziehung-und-training\/hund-im-auto\/\">Mit Hund im Auto: So gew\u00f6hnst du deinen Vierbeiner an den Transport!<\/a><\/h3><\/div><div class=\"img align-center\"><img decoding=\"async\" width=\"315\" height=\"180\" src=\"https:\/\/uelzener.de\/magazin\/app\/uploads\/2022\/06\/Header-Autofahren-mit-Hund-315x180.jpg\" class=\"attachment-315x180 size-315x180 wp-post-image\" alt=\"Hund sitzt auf dem Fahrersitz und schaut aus dem Fenster. Ist in freudiger Erwartung.\" \/><\/div><\/div><\/div>\n\n<h2>FAQ: H\u00e4ufige Fragen zum Thema Hund im Taxi<\/h2>\n<h3>Was kann ich tun, falls ich mit meinem Hund zu Unrecht vom Taxi abgewiesen wurde?<\/h3>\n<p>Hast du das Gef\u00fchl, du wurdest zu Unrecht abgewiesen und m\u00f6chtest dagegen vorgehen, notiere dir Datum und Uhrzeit sowie das Nummernschild oder die Konzessionsnummer des Taxis und reiche beim \u00f6rtlichen Stra\u00dfenverkehrsamt eine Beschwerde ein.<\/p>\n<h3>Wie bereite ich meinen Hund auf l\u00e4ngere Taxifahrten vor?<\/h3>\n<p>Vor einer l\u00e4ngeren Fahrt sollte der Hund etwas trinken und essen k\u00f6nnen sowie ausgef\u00fchrt werden. Es ist hilfreich, vertraute Gegenst\u00e4nde wie eine Lieblingsdecke oder ein (bestenfalls nicht quietschendes) Spielzeug mitzunehmen, um dem Hund ein gutes Gef\u00fchl zu geben.<\/p>\n<h3>Wie ist die Mitnahme von Hunden bei geteilten Fahrdiensten wie Pooling-Taxis geregelt?<\/h3>\n<p>Bei geteilten Fahrdiensten gestaltet sich die Mitnahme eines Hundes meist schwieriger. Es sollte im Voraus gepr\u00fcft werden, ob alle Mitfahrenden damit einverstanden sind. Stressfreier ist es, eine einzelne Fahrt zu buchen.<\/p>\n","protected":false},"excerpt":{"rendered":"<p>Sei es ein spontaner Tierarztbesuch, der Weg zum Bahnhof oder eine Notfallsituation \u2013 die Frage, ob Hunde im Taxi mitgenommen werden d\u00fcrfen, sorgt oft f\u00fcr Unsicherheit. In diesem Artikel kl\u00e4ren wir auf, welche Rechte und Pflichten sowohl Fahrg\u00e4ste als auch Taxifahrer und -fahrerinnen haben, wenn es um die Mitnahme von Hunden geht. D\u00fcrfen Hunde im [&hellip;]<\/p>\n","protected":false},"author":11,"featured_media":18090,"parent":11707,"menu_order":10,"comment_status":"closed","ping_status":"closed","template":"templates\/blog.php","meta":{"_acf_changed":false,"_crdt_document":"","footnotes":"","beyondwords_generate_audio":"","beyondwords_project_id":"","beyondwords_content_id":"","beyondwords_preview_token":"","beyondwords_player_style":"","beyondwords_language_id":"","beyondwords_title_voice_id":"","beyondwords_body_voice_id":"","beyondwords_summary_voice_id":"","beyondwords_error_message":"","beyondwords_disabled":"","beyondwords_delete_content":"","beyondwords_podcast_id":"","beyondwords_hash":"","publish_post_to_speechkit":"","speechkit_hash":"","speechkit_generate_audio":"","speechkit_project_id":"","speechkit_podcast_id":"","speechkit_error_message":"","speechkit_disabled":"","speechkit_access_key":"","speechkit_error":"","speechkit_info":"","speechkit_response":"","speechkit_retries":"","speechkit_status":"","speechkit_updated_at":"","_speechkit_link":"","_speechkit_text":""},"class_list":["post-18088","page","type-page","status-publish","has-post-thumbnail","hentry"],"acf":[],"yoast_head":"<!-- This site is optimized with the Yoast SEO Premium plugin  - https:\/\/yoast.com\/product\/yoast-seo-premium-wordpress\/ -->\n<title>Taxifahrt mit Hund: Bef\u00f6rderungspflicht und was es zu beachten gibt | Uelzener Magazin<\/title>\n<meta name=\"description\" content=\"Hunde im Taxi: Darf ein Taxi die Mitnahme von Haustieren verweigern? Wir geben Tipps f\u00fcr die Taxifahrt mit einem Hund.\" \/>\n<meta name=\"robots\" content=\"index, follow, max-snippet:-1, max-image-preview:large, max-video-preview:-1\" \/>\n<link rel=\"canonical\" href=\"https:\/\/uelzener.de\/magazin\/hund\/tipps-fuer-den-alltag\/taxifahrt-mit-hund\/\" \/>\n<meta property=\"og:locale\" content=\"de_DE\" \/>\n<meta property=\"og:type\" content=\"article\" \/>\n<meta property=\"og:title\" content=\"Taxifahrt mit Hund: Bef\u00f6rderungspflicht und was es zu beachten gibt\" \/>\n<meta property=\"og:description\" content=\"Hunde im Taxi: Darf ein Taxi die Mitnahme von Haustieren verweigern? Wir geben Tipps f\u00fcr die Taxifahrt mit einem Hund.\" \/>\n<meta property=\"og:url\" content=\"https:\/\/uelzener.de\/magazin\/hund\/tipps-fuer-den-alltag\/taxifahrt-mit-hund\/\" \/>\n<meta property=\"og:site_name\" content=\"Uelzener Tier-Magazin\" \/>\n<meta property=\"article:publisher\" content=\"https:\/\/www.facebook.com\/Uelzener\" \/>\n<meta property=\"article:modified_time\" content=\"2025-11-13T10:47:29+00:00\" \/>\n<meta property=\"og:image\" content=\"https:\/\/uelzener.de\/magazin\/app\/uploads\/2025\/01\/mit-hund-taxi-fahren.jpg\" \/>\n\t<meta property=\"og:image:width\" content=\"1025\" \/>\n\t<meta property=\"og:image:height\" content=\"450\" \/>\n\t<meta property=\"og:image:type\" content=\"image\/jpeg\" \/>\n<meta name=\"twitter:card\" content=\"summary_large_image\" \/>\n<meta name=\"twitter:label1\" content=\"Gesch\u00e4tzte Lesezeit\" \/>\n\t<meta name=\"twitter:data1\" content=\"5\u00a0Minuten\" \/>\n<script type=\"application\/ld+json\" class=\"yoast-schema-graph\">{\"@context\":\"https:\/\/schema.org\",\"@graph\":[{\"@type\":\"WebPage\",\"@id\":\"https:\/\/uelzener.de\/magazin\/hund\/tipps-fuer-den-alltag\/taxifahrt-mit-hund\/\",\"url\":\"https:\/\/uelzener.de\/magazin\/hund\/tipps-fuer-den-alltag\/taxifahrt-mit-hund\/\",\"name\":\"Taxifahrt mit Hund: Bef\u00f6rderungspflicht und was es zu beachten gibt | Uelzener Magazin\",\"isPartOf\":{\"@id\":\"https:\/\/uelzener.de\/magazin\/#website\"},\"primaryImageOfPage\":{\"@id\":\"https:\/\/uelzener.de\/magazin\/hund\/tipps-fuer-den-alltag\/taxifahrt-mit-hund\/#primaryimage\"},\"image\":{\"@id\":\"https:\/\/uelzener.de\/magazin\/hund\/tipps-fuer-den-alltag\/taxifahrt-mit-hund\/#primaryimage\"},\"thumbnailUrl\":\"https:\/\/uelzener.de\/magazin\/app\/uploads\/2025\/01\/mit-hund-taxi-fahren.jpg\",\"datePublished\":\"2025-01-13T10:06:10+00:00\",\"dateModified\":\"2025-11-13T10:47:29+00:00\",\"description\":\"Hunde im Taxi: Darf ein Taxi die Mitnahme von Haustieren verweigern? Wir geben Tipps f\u00fcr die Taxifahrt mit einem Hund.\",\"breadcrumb\":{\"@id\":\"https:\/\/uelzener.de\/magazin\/hund\/tipps-fuer-den-alltag\/taxifahrt-mit-hund\/#breadcrumb\"},\"inLanguage\":\"de\",\"potentialAction\":[{\"@type\":\"ReadAction\",\"target\":[\"https:\/\/uelzener.de\/magazin\/hund\/tipps-fuer-den-alltag\/taxifahrt-mit-hund\/\"]}]},{\"@type\":\"ImageObject\",\"inLanguage\":\"de\",\"@id\":\"https:\/\/uelzener.de\/magazin\/hund\/tipps-fuer-den-alltag\/taxifahrt-mit-hund\/#primaryimage\",\"url\":\"https:\/\/uelzener.de\/magazin\/app\/uploads\/2025\/01\/mit-hund-taxi-fahren.jpg\",\"contentUrl\":\"https:\/\/uelzener.de\/magazin\/app\/uploads\/2025\/01\/mit-hund-taxi-fahren.jpg\",\"width\":1025,\"height\":450,\"caption\":\"Junges Paar mit Hund wollen mit Taxi fahren.\"},{\"@type\":\"WebSite\",\"@id\":\"https:\/\/uelzener.de\/magazin\/#website\",\"url\":\"https:\/\/uelzener.de\/magazin\/\",\"name\":\"Uelzener Tiermagazin\",\"description\":\"Online Tierratgeber der Uelzener Versicherungen\",\"publisher\":{\"@id\":\"https:\/\/uelzener.de\/magazin\/#organization\"},\"potentialAction\":[{\"@type\":\"SearchAction\",\"target\":{\"@type\":\"EntryPoint\",\"urlTemplate\":\"https:\/\/uelzener.de\/magazin\/?s={search_term_string}\"},\"query-input\":{\"@type\":\"PropertyValueSpecification\",\"valueRequired\":true,\"valueName\":\"search_term_string\"}}],\"inLanguage\":\"de\"},{\"@type\":\"Organization\",\"@id\":\"https:\/\/uelzener.de\/magazin\/#organization\",\"name\":\"Uelzener Versicherungen\",\"url\":\"https:\/\/uelzener.de\/magazin\/\",\"logo\":{\"@type\":\"ImageObject\",\"inLanguage\":\"de\",\"@id\":\"https:\/\/uelzener.de\/magazin\/#\/schema\/logo\/image\/\",\"url\":\"https:\/\/uelzener.de\/magazin\/app\/uploads\/2024\/11\/uelzener_allgemeine_versicherungsgesellschaft_a_g_logo.jpg\",\"contentUrl\":\"https:\/\/uelzener.de\/magazin\/app\/uploads\/2024\/11\/uelzener_allgemeine_versicherungsgesellschaft_a_g_logo.jpg\",\"width\":200,\"height\":200,\"caption\":\"Uelzener Versicherungen\"},\"image\":{\"@id\":\"https:\/\/uelzener.de\/magazin\/#\/schema\/logo\/image\/\"},\"sameAs\":[\"https:\/\/www.facebook.com\/Uelzener\",\"https:\/\/instagram.com\/uelzener\",\"https:\/\/www.xing.com\/pages\/uelzenerallgemeineversicherungs-gesellschafta-g\",\"https:\/\/www.youtube.com\/UelzenerVersicherungen\"]}]}<\/script>\n<!-- \/ Yoast SEO Premium plugin. -->","yoast_head_json":{"title":"Taxifahrt mit Hund: Bef\u00f6rderungspflicht und was es zu beachten gibt | Uelzener Magazin","description":"Hunde im Taxi: Darf ein Taxi die Mitnahme von Haustieren verweigern? Wir geben Tipps f\u00fcr die Taxifahrt mit einem Hund.","robots":{"index":"index","follow":"follow","max-snippet":"max-snippet:-1","max-image-preview":"max-image-preview:large","max-video-preview":"max-video-preview:-1"},"canonical":"https:\/\/uelzener.de\/magazin\/hund\/tipps-fuer-den-alltag\/taxifahrt-mit-hund\/","og_locale":"de_DE","og_type":"article","og_title":"Taxifahrt mit Hund: Bef\u00f6rderungspflicht und was es zu beachten gibt","og_description":"Hunde im Taxi: Darf ein Taxi die Mitnahme von Haustieren verweigern? Wir geben Tipps f\u00fcr die Taxifahrt mit einem Hund.","og_url":"https:\/\/uelzener.de\/magazin\/hund\/tipps-fuer-den-alltag\/taxifahrt-mit-hund\/","og_site_name":"Uelzener Tier-Magazin","article_publisher":"https:\/\/www.facebook.com\/Uelzener","article_modified_time":"2025-11-13T10:47:29+00:00","og_image":[{"width":1025,"height":450,"url":"https:\/\/uelzener.de\/magazin\/app\/uploads\/2025\/01\/mit-hund-taxi-fahren.jpg","type":"image\/jpeg"}],"twitter_card":"summary_large_image","twitter_misc":{"Gesch\u00e4tzte Lesezeit":"5\u00a0Minuten"},"schema":{"@context":"https:\/\/schema.org","@graph":[{"@type":"WebPage","@id":"https:\/\/uelzener.de\/magazin\/hund\/tipps-fuer-den-alltag\/taxifahrt-mit-hund\/","url":"https:\/\/uelzener.de\/magazin\/hund\/tipps-fuer-den-alltag\/taxifahrt-mit-hund\/","name":"Taxifahrt mit Hund: Bef\u00f6rderungspflicht und was es zu beachten gibt | Uelzener Magazin","isPartOf":{"@id":"https:\/\/uelzener.de\/magazin\/#website"},"primaryImageOfPage":{"@id":"https:\/\/uelzener.de\/magazin\/hund\/tipps-fuer-den-alltag\/taxifahrt-mit-hund\/#primaryimage"},"image":{"@id":"https:\/\/uelzener.de\/magazin\/hund\/tipps-fuer-den-alltag\/taxifahrt-mit-hund\/#primaryimage"},"thumbnailUrl":"https:\/\/uelzener.de\/magazin\/app\/uploads\/2025\/01\/mit-hund-taxi-fahren.jpg","datePublished":"2025-01-13T10:06:10+00:00","dateModified":"2025-11-13T10:47:29+00:00","description":"Hunde im Taxi: Darf ein Taxi die Mitnahme von Haustieren verweigern? Wir geben Tipps f\u00fcr die Taxifahrt mit einem Hund.","breadcrumb":{"@id":"https:\/\/uelzener.de\/magazin\/hund\/tipps-fuer-den-alltag\/taxifahrt-mit-hund\/#breadcrumb"},"inLanguage":"de","potentialAction":[{"@type":"ReadAction","target":["https:\/\/uelzener.de\/magazin\/hund\/tipps-fuer-den-alltag\/taxifahrt-mit-hund\/"]}]},{"@type":"ImageObject","inLanguage":"de","@id":"https:\/\/uelzener.de\/magazin\/hund\/tipps-fuer-den-alltag\/taxifahrt-mit-hund\/#primaryimage","url":"https:\/\/uelzener.de\/magazin\/app\/uploads\/2025\/01\/mit-hund-taxi-fahren.jpg","contentUrl":"https:\/\/uelzener.de\/magazin\/app\/uploads\/2025\/01\/mit-hund-taxi-fahren.jpg","width":1025,"height":450,"caption":"Junges Paar mit Hund wollen mit Taxi fahren."},{"@type":"WebSite","@id":"https:\/\/uelzener.de\/magazin\/#website","url":"https:\/\/uelzener.de\/magazin\/","name":"Uelzener Tiermagazin","description":"Online Tierratgeber der Uelzener Versicherungen","publisher":{"@id":"https:\/\/uelzener.de\/magazin\/#organization"},"potentialAction":[{"@type":"SearchAction","target":{"@type":"EntryPoint","urlTemplate":"https:\/\/uelzener.de\/magazin\/?s={search_term_string}"},"query-input":{"@type":"PropertyValueSpecification","valueRequired":true,"valueName":"search_term_string"}}],"inLanguage":"de"},{"@type":"Organization","@id":"https:\/\/uelzener.de\/magazin\/#organization","name":"Uelzener Versicherungen","url":"https:\/\/uelzener.de\/magazin\/","logo":{"@type":"ImageObject","inLanguage":"de","@id":"https:\/\/uelzener.de\/magazin\/#\/schema\/logo\/image\/","url":"https:\/\/uelzener.de\/magazin\/app\/uploads\/2024\/11\/uelzener_allgemeine_versicherungsgesellschaft_a_g_logo.jpg","contentUrl":"https:\/\/uelzener.de\/magazin\/app\/uploads\/2024\/11\/uelzener_allgemeine_versicherungsgesellschaft_a_g_logo.jpg","width":200,"height":200,"caption":"Uelzener Versicherungen"},"image":{"@id":"https:\/\/uelzener.de\/magazin\/#\/schema\/logo\/image\/"},"sameAs":["https:\/\/www.facebook.com\/Uelzener","https:\/\/instagram.com\/uelzener","https:\/\/www.xing.com\/pages\/uelzenerallgemeineversicherungs-gesellschafta-g","https:\/\/www.youtube.com\/UelzenerVersicherungen"]}]}},"_links":{"self":[{"href":"https:\/\/uelzener.de\/magazin\/wp-json\/wp\/v2\/pages\/18088","targetHints":{"allow":["GET"]}}],"collection":[{"href":"https:\/\/uelzener.de\/magazin\/wp-json\/wp\/v2\/pages"}],"about":[{"href":"https:\/\/uelzener.de\/magazin\/wp-json\/wp\/v2\/types\/page"}],"author":[{"embeddable":true,"href":"https:\/\/uelzener.de\/magazin\/wp-json\/wp\/v2\/users\/11"}],"replies":[{"embeddable":true,"href":"https:\/\/uelzener.de\/magazin\/wp-json\/wp\/v2\/comments?post=18088"}],"version-history":[{"count":6,"href":"https:\/\/uelzener.de\/magazin\/wp-json\/wp\/v2\/pages\/18088\/revisions"}],"predecessor-version":[{"id":19491,"href":"https:\/\/uelzener.de\/magazin\/wp-json\/wp\/v2\/pages\/18088\/revisions\/19491"}],"up":[{"embeddable":true,"href":"https:\/\/uelzener.de\/magazin\/wp-json\/wp\/v2\/pages\/11707"}],"wp:featuredmedia":[{"embeddable":true,"href":"https:\/\/uelzener.de\/magazin\/wp-json\/wp\/v2\/media\/18090"}],"wp:attachment":[{"href":"https:\/\/uelzener.de\/magazin\/wp-json\/wp\/v2\/media?parent=18088"}],"curies":[{"name":"wp","href":"https:\/\/api.w.org\/{rel}","templated":true}]}}