{"id":17977,"date":"2024-12-16T07:53:52","date_gmt":"2024-12-16T06:53:52","guid":{"rendered":"https:\/\/uelzener.de\/magazin\/?page_id=17977"},"modified":"2025-01-30T08:46:01","modified_gmt":"2025-01-30T07:46:01","slug":"fsa-bei-katzen-haarausfall-durch-zwanghaften-putztrieb","status":"publish","type":"page","link":"https:\/\/uelzener.de\/magazin\/katze\/tiergesundheit\/fsa-bei-katzen-haarausfall-durch-zwanghaften-putztrieb\/","title":{"rendered":"FSA bei Katzen: Haarausfall durch zwanghaften Putztrieb"},"content":{"rendered":"<p>FSA ist eine krankhafte Verhaltensreaktion bei Katzen, die sich darin \u00e4u\u00dfert, dass sich die Tiere selbst kahle Stellen lecken. Hintergrund ist ein \u00fcberm\u00e4\u00dfiger Putztrieb, f\u00fcr den es unterschiedliche Ausl\u00f6ser geben kann. H\u00e4ufig ist Juckreiz infolge von Parasitenbefall, Allergien oder Hormonerkrankungen urs\u00e4chlich, es kann aber auch sein, dass eine FSA durch Schmerzen hervorgerufen wird oder psychisch bedingt ist und als Folge von \u00fcberm\u00e4\u00dfigem Stress oder Angst auftritt. Wir erkl\u00e4ren dir, was es mit der St\u00f6rung auf sich hat und was du tun kannst, wenn deine Katze davon betroffen ist.<\/p>\n<h2><b>Was ist FSA?<\/b><\/h2>\n<p>Die Abk\u00fcrzung FSA steht f\u00fcr <i>Feline selbstinduzierte Alopezie<\/i>. Alopezie ist der fachsprachliche Begriff f\u00fcr Haarausfall. Dieser wird bei einer FSA durch die Katze selbst hervorgerufen, indem sie sich so intensiv leckt und bei\u00dft, dass sie sich dabei Haare ausrei\u00dft. Zwar sind Katzen per se sehr reinliche Tiere, die sich regelm\u00e4\u00dfig und ausgiebig ihrer Fellpflege widmen, bei einer FSA ist der Putztrieb jedoch krankhaft gesteigert. Durch das permanente Lecken wird das Fell d\u00fcnner und lichter. Es kommt zu Haarverlust und teilweise zu offenen Wunden und Hautentz\u00fcndungen.<\/p>\n<p>Eine FSA kann k\u00f6rperlich oder psychisch bedingt sein. Zu den h\u00e4ufigsten k\u00f6rperlichen Faktoren, die zu selbstinduziertem Haarausfall bei Katzen f\u00fchren k\u00f6nnen, z\u00e4hlen:<\/p>\n<ul>\n<li aria-level=\"1\">Juckreiz infolge von Parasitenbefall (Fl\u00f6he, Milben etc.), Allergien (Pollen, Hausstaub) oder Unvertr\u00e4glichkeiten (Futtermittel)<\/li>\n<li aria-level=\"1\">Hormonerkrankungen wie Schilddr\u00fcsen\u00fcberfunktion (ger\u00f6tete und juckende Haut als Begleiterscheinung)<\/li>\n<li aria-level=\"1\">Schmerzen, beispielsweise aufgrund von Harnsteinen, Blasen- oder Bauchspeichelentz\u00fcndung<\/li>\n<\/ul>\n<p>Liegen psychische Ursachen zugrunde, spricht man auch von einer psychogenen Leckalopezie. In dem Fall entwickelt die Katze einen \u00fcberm\u00e4\u00dfigen Putztrieb, um Stress, Angst oder Langeweile zu kompensieren. Das kann wiederum verschiedene Gr\u00fcnde haben:<\/p>\n<ul>\n<li aria-level=\"1\">Ver\u00e4nderungen im gewohnten Umfeld bzw. Territorium<\/li>\n<li aria-level=\"1\">Ver\u00e4nderungen in der Alltagsroutine<\/li>\n<li aria-level=\"1\">Vernachl\u00e4ssigung, mangelnde Besch\u00e4ftigung, Einsamkeit<\/li>\n<li aria-level=\"1\">Zu wenig R\u00fcckzugsm\u00f6glichkeiten<\/li>\n<li aria-level=\"1\">Familienzuwachs (Mensch oder Tier)<\/li>\n<li aria-level=\"1\">Revierk\u00e4mpfe, Konflikte mit Artgenossen oder anderen Tieren<\/li>\n<li aria-level=\"1\">Verlust eines Familienmitglieds<\/li>\n<\/ul>\n<p>FSA bei Katzen ist meistens k\u00f6rperlich bedingt. Das ist insofern ein Vorteil, als sich physische Ursachen in der Regel gut therapieren lassen. Die Suche nach dem Ausl\u00f6ser kann jedoch langwierig sein. Kommt kein medizinischer Grund f\u00fcr den Putzzwang der Katze in Frage, liegt wahrscheinlich eine psychogene Leckalopezie vor. Dann ist zu \u00fcberlegen, welchen Stressoren das Tier ausgesetzt ist und mit welchen Ma\u00dfnahmen entgegengesteuert werden kann.<\/p>\n<h2><b>FSA bei Katzen: Symptome und Verlauf<\/b><\/h2>\n<p>W\u00fcrgt die Katze Haarballen hervor, hat sie Haare zwischen den Z\u00e4hnen oder befinden sich Haare im Stuhlgang, kann das ein erster Hinweis auf eine FSA sein. Deutlicher wird es, wenn sich lichte oder kahle Stellen im Fell bilden. Der gesteigerte Putztrieb ist nicht immer als solcher erkennbar, denn es kann leicht passieren, dass man das \u00fcberm\u00e4\u00dfige Lecken dem nat\u00fcrlichen Reinigungsbed\u00fcrfnis der Katze zuordnet und es somit nicht richtig bewertet. Bei Freig\u00e4ngerkatzen ist eine Einsch\u00e4tzung per se schwierig, da man sie seltener im Blick hat und sich schwer nachvollziehen l\u00e4sst, ob sie sich die Haare selbst ausgerissen haben.<\/p>\n<p>Bei einer FSA zeigt sich der Haarverlust nur in den Regionen, die die Katze mit der Zunge erreicht, also an Bauch, R\u00fccken, Flanken und Beinen, wobei der Bauch h\u00e4ufig zuerst betroffen ist. Die Haut unter dem schwindenden Fell kann zun\u00e4chst unver\u00e4ndert bleiben, leckt die Katze die kahlen Stellen jedoch weiter, werden sie fr\u00fcher oder sp\u00e4ter wund und entz\u00fcnden sich. Das liegt darin begr\u00fcndet, dass die Katzenzunge aufgrund ihrer Papillen von Natur aus sehr rau ist und der Speichel Bakterien enth\u00e4lt, die durch das Lecken \u00fcbertragen werden und Infektionen verursachen. In der Folge zeigen sich R\u00f6tungen und Schwellungen. Mitunter n\u00e4ssen oder bluten die Wunden sogar. Das kann so schmerzhaft sein, dass die Katze nicht mehr imstande ist, sich uneingeschr\u00e4nkt zu bewegen.<\/p>\n<h2><b>Diagnose und Behandlung von FSA bei Katzen<\/b><\/h2>\n<p>Wenn du an deiner Katze ein zwanghaftes Putzverhalten oder lichte Stellen im Fell bemerkst, solltest du sie veterin\u00e4rmedizinisch untersuchen lassen. Dein Tierarzt oder deine Tier\u00e4rztin kann feststellen, ob es eine FSA ist, die den Haarverlust verursacht, oder ob etwas anderes dahintersteckt. Leckt sich die Katze ihr Fell selbst kahl, l\u00e4sst sich das mithilfe eines Trichogramms nachweisen. Dabei werden Haarreste der betroffenen Region unter dem Mikroskop untersucht. Ist das Haar besch\u00e4digt, abgebrochen oder ausgefranst, obwohl es sich noch im Wachstum befindet (an der Haarwurzel erkennbar), ist eine FSA sehr wahrscheinlich. Dann gilt es, die Ursache ausfindig zu machen.<\/p>\n<p>Zuerst muss der Tierarzt oder die Tier\u00e4rztin eine ausf\u00fchrliche Anamnese erstellen und die Katze dermatologisch und klinisch untersuchen, um herauszufinden, ob die FSA k\u00f6rperlich bedingt ist. So l\u00e4sst sich beispielsweise mithilfe von Hormontests pr\u00fcfen, ob eine Schilddr\u00fcsen\u00fcberfunktion vorliegt. Auch auf etwaige Allergien und Unvertr\u00e4glichkeiten wird die Katze getestet. Das erfordert diverse diagnostische Ma\u00dfnahmen und es kann l\u00e4ngere Zeit dauern, bis die Ursache gefunden ist. Die Therapie richtet sich nach dem Ausl\u00f6ser. Liegt eine Futterunvertr\u00e4glichkeit vor, muss die Nahrung umgestellt werden. Bei Parasitenbefall wird ein entsprechendes Pr\u00e4parat verabreicht und gegebenenfalls eine zus\u00e4tzliche Wurmkur verordnet.<\/p>\n<p>Sind k\u00f6rperliche Ursachen ausgeschlossen, bleibt nur die Diagnose einer psychogenen Leckalopezie. Dann ist zu ermitteln, welchen potenziellen Stressoren die Katze ausgesetzt ist und wie ihr in der Situation geholfen werden kann. Zu diesem Zweck analysierst du gemeinsam mit dem Tierarzt oder der Tier\u00e4rztin die Haltungsbedingungen und Lebensumst\u00e4nde deiner Katze und entwickelst ein Konzept mit geeigneten Gegenma\u00dfnahmen, was beispielsweise eine Besch\u00e4ftigungs- oder Verhaltenstherapie beinhalten kann. In schwereren F\u00e4llen k\u00f6nnen Antidepressiva oder andere Psychopharmaka notwendig sein.<\/p>\n<p>Daneben ist es wichtig, die kahlen und wunden Stellen zu versorgen und die Katze davon abzuhalten, sich weiter zu lecken. Im Normalfall empfiehlt der Tierarzt oder die Tier\u00e4rztin eine Salbe oder ein Medikament, das Juckreiz und Schmerzen lindert und den Heilungsprozess beschleunigt. Sollte die Katze nicht von ihren Wunden ablassen, kann es sein, dass sie vor\u00fcbergehend eine Halskrause als Leckschutz tragen muss.<\/p>\n<p>Diagnose und Behandlung einer FSA k\u00f6nnen langwierig sein und hohe Tierarztkosten verursachen. Eine Katzenkrankenversicherung bietet dir in solchen F\u00e4llen Schutz, so dass du deine Fellnase bestm\u00f6glich versorgen lassen kannst und keine Angst haben musst, dich finanziell zu verausgaben.<\/p>\n\n<div class=\"banner\">\n    <a href=\"https:\/\/uelzener.de\/katze\/katzen-krankenversicherung\/?agt=0000104925&sem=true&utm_medium=magazin&utm_source=wordpress&utm_campaign=katze_kv&utm_content=banner\">\n        <img decoding=\"async\" width=\"300\" height=\"212\" src=\"https:\/\/uelzener.de\/magazin\/app\/uploads\/2025\/01\/Katzen-Kranken-Versicherung.jpg\" class=\"attachment-medium size-medium\" alt=\"Banner Katzen-Kranken-Versicherung\" \/>    <\/a>\n<\/div>\n\n<h2><b>Fazit<\/b><\/h2>\n<p>Die Feline selbstinduzierte Alopezie ist ein krankhaftes Verhaltensmuster bei Katzen, das vielf\u00e4ltige Ursachen haben kann. Sie ist meistens k\u00f6rperlich bedingt und tritt als Folge von Parasitenbefall, Allergien, Unvertr\u00e4glichkeiten oder Hormonerkrankungen auf. Seltener wird eine FSA durch psychische Stressoren ausgel\u00f6st. Die Diagnostik erfordert daher einen systematischen Ansatz. So kann eine psychogene Leckalopezie nur bei Ausschluss anderer m\u00f6glicher Grunderkrankungen festgestellt werden. Sollte deine Katze an FSA leiden, ist es wichtig, dass du geduldig bleibst und eng mit deinem Tierarzt oder deiner Tier\u00e4rztin zusammenarbeitest. Nur so ist es m\u00f6glich, die Ursache ausfindig zu machen, deine Fellnase erfolgreich zu therapieren und ihr wieder zu mehr Lebensqualit\u00e4t zu verhelfen.<\/p>\n<h2><b>FAQ: H\u00e4ufig gestellte Fragen zu FSA bei Katzen<\/b><\/h2>\n<h3><b>Kann ich FSA bei meiner Katze vorbeugen?<\/b><\/h3>\n<p>Nur bedingt, da es immer passieren kann, dass das Tier von Parasiten befallen wird oder Allergien bzw. Unvertr\u00e4glichkeiten entwickelt. Trotzdem ist es ratsam, die Katze regelm\u00e4\u00dfig beim Tierarzt oder der Tier\u00e4rztin vorzustellen und empfohlene Prophylaxema\u00dfnahmen zu ergreifen.<\/p>\n<h3><b>Neigen bestimmte Katzenrassen eher zu FSA als andere?<\/b><\/h3>\n<p>Nein, FSA kann alle Katzenrassen treffen.<\/p>\n<h3><b>Kann FSA geheilt werden?<\/b><\/h3>\n<p>Das kommt auf die Ursache an. Eine FSA, die beispielsweise durch eine Allergie hervorgerufen wird, l\u00e4sst sich durch eine abgestimmte Therapie gut in den Griff kriegen. Allerdings sind Allergien nicht heilbar. Es kann also immer wieder zu R\u00fcckf\u00e4llen kommen.<\/p>\n<h3><b>Kann ich kahle Stellen bei meiner Katze selbst behandeln?<\/b><\/h3>\n<p>Bei leicht ger\u00f6teten oder juckenden Stellen kann es helfen, etwas Kokos\u00f6l oder Honig d\u00fcnn aufzutragen. Sollte die Stelle jedoch wund sein, w\u00e4ssern oder bluten, solltest du dich unbedingt mit deinem Tierarzt oder deiner Tier\u00e4rztin besprechen, bevor du selbst aktiv wirst. Behandelst du die Stelle falsch, kann es sein, dass sich ihr Zustand verschlimmert.<\/p>\n<p>&nbsp;<\/p>\n<p><b>\u00a0<\/b><\/p>\n<p>&nbsp;<\/p>\n","protected":false},"excerpt":{"rendered":"<p>FSA ist eine krankhafte Verhaltensreaktion bei Katzen, die sich darin \u00e4u\u00dfert, dass sich die Tiere selbst kahle Stellen lecken. Hintergrund ist ein \u00fcberm\u00e4\u00dfiger Putztrieb, f\u00fcr den es unterschiedliche Ausl\u00f6ser geben kann. H\u00e4ufig ist Juckreiz infolge von Parasitenbefall, Allergien oder Hormonerkrankungen urs\u00e4chlich, es kann aber auch sein, dass eine FSA durch Schmerzen hervorgerufen wird oder psychisch [&hellip;]<\/p>\n","protected":false},"author":21,"featured_media":18161,"parent":11712,"menu_order":12,"comment_status":"closed","ping_status":"closed","template":"templates\/blog.php","meta":{"_acf_changed":false,"_crdt_document":"","footnotes":"","beyondwords_generate_audio":"","beyondwords_project_id":"","beyondwords_content_id":"","beyondwords_preview_token":"","beyondwords_player_style":"","beyondwords_language_id":"","beyondwords_title_voice_id":"","beyondwords_body_voice_id":"","beyondwords_summary_voice_id":"","beyondwords_error_message":"","beyondwords_disabled":"","beyondwords_delete_content":"","beyondwords_podcast_id":"","beyondwords_hash":"","publish_post_to_speechkit":"","speechkit_hash":"","speechkit_generate_audio":"","speechkit_project_id":"","speechkit_podcast_id":"","speechkit_error_message":"","speechkit_disabled":"","speechkit_access_key":"","speechkit_error":"","speechkit_info":"","speechkit_response":"","speechkit_retries":"","speechkit_status":"","speechkit_updated_at":"","_speechkit_link":"","_speechkit_text":""},"class_list":["post-17977","page","type-page","status-publish","has-post-thumbnail","hentry"],"acf":[],"yoast_head":"<!-- This site is optimized with the Yoast SEO Premium plugin  - https:\/\/yoast.com\/product\/yoast-seo-premium-wordpress\/ -->\n<title>FSA bei Katzen: Haarausfall durch zwanghaften Putztrieb | Uelzener Magazin<\/title>\n<meta name=\"robots\" content=\"index, follow, max-snippet:-1, max-image-preview:large, max-video-preview:-1\" \/>\n<link rel=\"canonical\" href=\"https:\/\/uelzener.de\/magazin\/katze\/tiergesundheit\/fsa-bei-katzen-haarausfall-durch-zwanghaften-putztrieb\/\" \/>\n<meta property=\"og:locale\" content=\"de_DE\" \/>\n<meta property=\"og:type\" content=\"article\" \/>\n<meta property=\"og:title\" content=\"FSA bei Katzen: Haarausfall durch zwanghaften Putztrieb\" \/>\n<meta property=\"og:description\" content=\"FSA ist eine krankhafte Verhaltensreaktion bei Katzen, die sich darin \u00e4u\u00dfert, dass sich die Tiere selbst kahle Stellen lecken. Hintergrund ist ein \u00fcberm\u00e4\u00dfiger Putztrieb, f\u00fcr den es unterschiedliche Ausl\u00f6ser geben kann. H\u00e4ufig ist Juckreiz infolge von Parasitenbefall, Allergien oder Hormonerkrankungen urs\u00e4chlich, es kann aber auch sein, dass eine FSA durch Schmerzen hervorgerufen wird oder psychisch [&hellip;]\" \/>\n<meta property=\"og:url\" content=\"https:\/\/uelzener.de\/magazin\/katze\/tiergesundheit\/fsa-bei-katzen-haarausfall-durch-zwanghaften-putztrieb\/\" \/>\n<meta property=\"og:site_name\" content=\"Uelzener Tier-Magazin\" \/>\n<meta property=\"article:publisher\" content=\"https:\/\/www.facebook.com\/Uelzener\" \/>\n<meta property=\"article:modified_time\" content=\"2025-01-30T07:46:01+00:00\" \/>\n<meta property=\"og:image\" content=\"https:\/\/uelzener.de\/magazin\/app\/uploads\/2025\/01\/katze_putzen.jpg\" \/>\n\t<meta property=\"og:image:width\" content=\"1025\" \/>\n\t<meta property=\"og:image:height\" content=\"450\" \/>\n\t<meta property=\"og:image:type\" content=\"image\/jpeg\" \/>\n<meta name=\"twitter:card\" content=\"summary_large_image\" \/>\n<meta name=\"twitter:label1\" content=\"Gesch\u00e4tzte Lesezeit\" \/>\n\t<meta name=\"twitter:data1\" content=\"8\u00a0Minuten\" \/>\n<script type=\"application\/ld+json\" class=\"yoast-schema-graph\">{\"@context\":\"https:\/\/schema.org\",\"@graph\":[{\"@type\":\"WebPage\",\"@id\":\"https:\/\/uelzener.de\/magazin\/katze\/tiergesundheit\/fsa-bei-katzen-haarausfall-durch-zwanghaften-putztrieb\/\",\"url\":\"https:\/\/uelzener.de\/magazin\/katze\/tiergesundheit\/fsa-bei-katzen-haarausfall-durch-zwanghaften-putztrieb\/\",\"name\":\"FSA bei Katzen: Haarausfall durch zwanghaften Putztrieb | Uelzener Magazin\",\"isPartOf\":{\"@id\":\"https:\/\/uelzener.de\/magazin\/#website\"},\"primaryImageOfPage\":{\"@id\":\"https:\/\/uelzener.de\/magazin\/katze\/tiergesundheit\/fsa-bei-katzen-haarausfall-durch-zwanghaften-putztrieb\/#primaryimage\"},\"image\":{\"@id\":\"https:\/\/uelzener.de\/magazin\/katze\/tiergesundheit\/fsa-bei-katzen-haarausfall-durch-zwanghaften-putztrieb\/#primaryimage\"},\"thumbnailUrl\":\"https:\/\/uelzener.de\/magazin\/app\/uploads\/2025\/01\/katze_putzen.jpg\",\"datePublished\":\"2024-12-16T06:53:52+00:00\",\"dateModified\":\"2025-01-30T07:46:01+00:00\",\"breadcrumb\":{\"@id\":\"https:\/\/uelzener.de\/magazin\/katze\/tiergesundheit\/fsa-bei-katzen-haarausfall-durch-zwanghaften-putztrieb\/#breadcrumb\"},\"inLanguage\":\"de\",\"potentialAction\":[{\"@type\":\"ReadAction\",\"target\":[\"https:\/\/uelzener.de\/magazin\/katze\/tiergesundheit\/fsa-bei-katzen-haarausfall-durch-zwanghaften-putztrieb\/\"]}]},{\"@type\":\"ImageObject\",\"inLanguage\":\"de\",\"@id\":\"https:\/\/uelzener.de\/magazin\/katze\/tiergesundheit\/fsa-bei-katzen-haarausfall-durch-zwanghaften-putztrieb\/#primaryimage\",\"url\":\"https:\/\/uelzener.de\/magazin\/app\/uploads\/2025\/01\/katze_putzen.jpg\",\"contentUrl\":\"https:\/\/uelzener.de\/magazin\/app\/uploads\/2025\/01\/katze_putzen.jpg\",\"width\":1025,\"height\":450,\"caption\":\"Rote Katze putzt sich\"},{\"@type\":\"WebSite\",\"@id\":\"https:\/\/uelzener.de\/magazin\/#website\",\"url\":\"https:\/\/uelzener.de\/magazin\/\",\"name\":\"Uelzener Tiermagazin\",\"description\":\"Online Tierratgeber der Uelzener Versicherungen\",\"publisher\":{\"@id\":\"https:\/\/uelzener.de\/magazin\/#organization\"},\"potentialAction\":[{\"@type\":\"SearchAction\",\"target\":{\"@type\":\"EntryPoint\",\"urlTemplate\":\"https:\/\/uelzener.de\/magazin\/?s={search_term_string}\"},\"query-input\":{\"@type\":\"PropertyValueSpecification\",\"valueRequired\":true,\"valueName\":\"search_term_string\"}}],\"inLanguage\":\"de\"},{\"@type\":\"Organization\",\"@id\":\"https:\/\/uelzener.de\/magazin\/#organization\",\"name\":\"Uelzener Versicherungen\",\"url\":\"https:\/\/uelzener.de\/magazin\/\",\"logo\":{\"@type\":\"ImageObject\",\"inLanguage\":\"de\",\"@id\":\"https:\/\/uelzener.de\/magazin\/#\/schema\/logo\/image\/\",\"url\":\"https:\/\/uelzener.de\/magazin\/app\/uploads\/2024\/11\/uelzener_allgemeine_versicherungsgesellschaft_a_g_logo.jpg\",\"contentUrl\":\"https:\/\/uelzener.de\/magazin\/app\/uploads\/2024\/11\/uelzener_allgemeine_versicherungsgesellschaft_a_g_logo.jpg\",\"width\":200,\"height\":200,\"caption\":\"Uelzener Versicherungen\"},\"image\":{\"@id\":\"https:\/\/uelzener.de\/magazin\/#\/schema\/logo\/image\/\"},\"sameAs\":[\"https:\/\/www.facebook.com\/Uelzener\",\"https:\/\/instagram.com\/uelzener\",\"https:\/\/www.xing.com\/pages\/uelzenerallgemeineversicherungs-gesellschafta-g\",\"https:\/\/www.youtube.com\/UelzenerVersicherungen\"]}]}<\/script>\n<!-- \/ Yoast SEO Premium plugin. -->","yoast_head_json":{"title":"FSA bei Katzen: Haarausfall durch zwanghaften Putztrieb | Uelzener Magazin","robots":{"index":"index","follow":"follow","max-snippet":"max-snippet:-1","max-image-preview":"max-image-preview:large","max-video-preview":"max-video-preview:-1"},"canonical":"https:\/\/uelzener.de\/magazin\/katze\/tiergesundheit\/fsa-bei-katzen-haarausfall-durch-zwanghaften-putztrieb\/","og_locale":"de_DE","og_type":"article","og_title":"FSA bei Katzen: Haarausfall durch zwanghaften Putztrieb","og_description":"FSA ist eine krankhafte Verhaltensreaktion bei Katzen, die sich darin \u00e4u\u00dfert, dass sich die Tiere selbst kahle Stellen lecken. Hintergrund ist ein \u00fcberm\u00e4\u00dfiger Putztrieb, f\u00fcr den es unterschiedliche Ausl\u00f6ser geben kann. H\u00e4ufig ist Juckreiz infolge von Parasitenbefall, Allergien oder Hormonerkrankungen urs\u00e4chlich, es kann aber auch sein, dass eine FSA durch Schmerzen hervorgerufen wird oder psychisch [&hellip;]","og_url":"https:\/\/uelzener.de\/magazin\/katze\/tiergesundheit\/fsa-bei-katzen-haarausfall-durch-zwanghaften-putztrieb\/","og_site_name":"Uelzener Tier-Magazin","article_publisher":"https:\/\/www.facebook.com\/Uelzener","article_modified_time":"2025-01-30T07:46:01+00:00","og_image":[{"width":1025,"height":450,"url":"https:\/\/uelzener.de\/magazin\/app\/uploads\/2025\/01\/katze_putzen.jpg","type":"image\/jpeg"}],"twitter_card":"summary_large_image","twitter_misc":{"Gesch\u00e4tzte Lesezeit":"8\u00a0Minuten"},"schema":{"@context":"https:\/\/schema.org","@graph":[{"@type":"WebPage","@id":"https:\/\/uelzener.de\/magazin\/katze\/tiergesundheit\/fsa-bei-katzen-haarausfall-durch-zwanghaften-putztrieb\/","url":"https:\/\/uelzener.de\/magazin\/katze\/tiergesundheit\/fsa-bei-katzen-haarausfall-durch-zwanghaften-putztrieb\/","name":"FSA bei Katzen: Haarausfall durch zwanghaften Putztrieb | Uelzener Magazin","isPartOf":{"@id":"https:\/\/uelzener.de\/magazin\/#website"},"primaryImageOfPage":{"@id":"https:\/\/uelzener.de\/magazin\/katze\/tiergesundheit\/fsa-bei-katzen-haarausfall-durch-zwanghaften-putztrieb\/#primaryimage"},"image":{"@id":"https:\/\/uelzener.de\/magazin\/katze\/tiergesundheit\/fsa-bei-katzen-haarausfall-durch-zwanghaften-putztrieb\/#primaryimage"},"thumbnailUrl":"https:\/\/uelzener.de\/magazin\/app\/uploads\/2025\/01\/katze_putzen.jpg","datePublished":"2024-12-16T06:53:52+00:00","dateModified":"2025-01-30T07:46:01+00:00","breadcrumb":{"@id":"https:\/\/uelzener.de\/magazin\/katze\/tiergesundheit\/fsa-bei-katzen-haarausfall-durch-zwanghaften-putztrieb\/#breadcrumb"},"inLanguage":"de","potentialAction":[{"@type":"ReadAction","target":["https:\/\/uelzener.de\/magazin\/katze\/tiergesundheit\/fsa-bei-katzen-haarausfall-durch-zwanghaften-putztrieb\/"]}]},{"@type":"ImageObject","inLanguage":"de","@id":"https:\/\/uelzener.de\/magazin\/katze\/tiergesundheit\/fsa-bei-katzen-haarausfall-durch-zwanghaften-putztrieb\/#primaryimage","url":"https:\/\/uelzener.de\/magazin\/app\/uploads\/2025\/01\/katze_putzen.jpg","contentUrl":"https:\/\/uelzener.de\/magazin\/app\/uploads\/2025\/01\/katze_putzen.jpg","width":1025,"height":450,"caption":"Rote Katze putzt sich"},{"@type":"WebSite","@id":"https:\/\/uelzener.de\/magazin\/#website","url":"https:\/\/uelzener.de\/magazin\/","name":"Uelzener Tiermagazin","description":"Online Tierratgeber der Uelzener Versicherungen","publisher":{"@id":"https:\/\/uelzener.de\/magazin\/#organization"},"potentialAction":[{"@type":"SearchAction","target":{"@type":"EntryPoint","urlTemplate":"https:\/\/uelzener.de\/magazin\/?s={search_term_string}"},"query-input":{"@type":"PropertyValueSpecification","valueRequired":true,"valueName":"search_term_string"}}],"inLanguage":"de"},{"@type":"Organization","@id":"https:\/\/uelzener.de\/magazin\/#organization","name":"Uelzener Versicherungen","url":"https:\/\/uelzener.de\/magazin\/","logo":{"@type":"ImageObject","inLanguage":"de","@id":"https:\/\/uelzener.de\/magazin\/#\/schema\/logo\/image\/","url":"https:\/\/uelzener.de\/magazin\/app\/uploads\/2024\/11\/uelzener_allgemeine_versicherungsgesellschaft_a_g_logo.jpg","contentUrl":"https:\/\/uelzener.de\/magazin\/app\/uploads\/2024\/11\/uelzener_allgemeine_versicherungsgesellschaft_a_g_logo.jpg","width":200,"height":200,"caption":"Uelzener Versicherungen"},"image":{"@id":"https:\/\/uelzener.de\/magazin\/#\/schema\/logo\/image\/"},"sameAs":["https:\/\/www.facebook.com\/Uelzener","https:\/\/instagram.com\/uelzener","https:\/\/www.xing.com\/pages\/uelzenerallgemeineversicherungs-gesellschafta-g","https:\/\/www.youtube.com\/UelzenerVersicherungen"]}]}},"_links":{"self":[{"href":"https:\/\/uelzener.de\/magazin\/wp-json\/wp\/v2\/pages\/17977","targetHints":{"allow":["GET"]}}],"collection":[{"href":"https:\/\/uelzener.de\/magazin\/wp-json\/wp\/v2\/pages"}],"about":[{"href":"https:\/\/uelzener.de\/magazin\/wp-json\/wp\/v2\/types\/page"}],"author":[{"embeddable":true,"href":"https:\/\/uelzener.de\/magazin\/wp-json\/wp\/v2\/users\/21"}],"replies":[{"embeddable":true,"href":"https:\/\/uelzener.de\/magazin\/wp-json\/wp\/v2\/comments?post=17977"}],"version-history":[{"count":3,"href":"https:\/\/uelzener.de\/magazin\/wp-json\/wp\/v2\/pages\/17977\/revisions"}],"predecessor-version":[{"id":17994,"href":"https:\/\/uelzener.de\/magazin\/wp-json\/wp\/v2\/pages\/17977\/revisions\/17994"}],"up":[{"embeddable":true,"href":"https:\/\/uelzener.de\/magazin\/wp-json\/wp\/v2\/pages\/11712"}],"wp:featuredmedia":[{"embeddable":true,"href":"https:\/\/uelzener.de\/magazin\/wp-json\/wp\/v2\/media\/18161"}],"wp:attachment":[{"href":"https:\/\/uelzener.de\/magazin\/wp-json\/wp\/v2\/media?parent=17977"}],"curies":[{"name":"wp","href":"https:\/\/api.w.org\/{rel}","templated":true}]}}