{"id":17846,"date":"2024-12-10T09:39:17","date_gmt":"2024-12-10T08:39:17","guid":{"rendered":"https:\/\/uelzener.de\/magazin\/?page_id=17846"},"modified":"2025-08-27T11:23:06","modified_gmt":"2025-08-27T09:23:06","slug":"robustpferde-urspruenglich-anpassungsfaehig-vielseitig","status":"publish","type":"page","link":"https:\/\/uelzener.de\/magazin\/pferd\/rasseportrait\/robustpferde-urspruenglich-anpassungsfaehig-vielseitig\/","title":{"rendered":"Robustpferde: Urspr\u00fcnglich, anpassungsf\u00e4hig, vielseitig"},"content":{"rendered":"<p>Als Robustpferde bezeichnet man Pferderassen, die sich an karge Lebensr\u00e4ume und raue klimatische Bedingungen in besonderer Weise angepasst haben. Dazu z\u00e4hlen vorrangig urt\u00fcmliche Kleinpferde- und Ponyrassen wie Island- und Shetlandponys, Haflinger oder Norwegische Fjordpferde. Aufgrund ihrer Gen\u00fcgsamkeit erfordern Robustpferde vergleichsweise wenig Aufwand, was die Haltung und Pflege betrifft. Sie kommen mit wenig gut zurecht und verk\u00f6rpern dadurch eine gewisse Urspr\u00fcnglichkeit und Einfachheit, was den komplexen und anspruchsvollen Haltungsbedingungen in der modernen Hochzucht entgegensteht. In diesem Artikel verraten wir dir, was es \u00fcber Robustpferde zu wissen gibt.<\/p>\n<h2><b>Was zeichnet Robustpferde aus? Charakteristika im \u00dcberblick<\/b><\/h2>\n<p>Der Begriff Robustpferd ist ein Sammelbegriff, der keiner zoologischen Einordnung dient, sondern verschiedene Pferderassen umfasst, die sich durch eine besonders widerstandsf\u00e4hige k\u00f6rperliche Konstitution auszeichnen. Meist handelt es sich dabei um Rassen, die urspr\u00fcnglich in kargen Lebensr\u00e4umen beheimatet waren und sich im Laufe ihrer Entwicklung an widrige Witterungs- und Nahrungsbedingungen ihrer Umgebung angepasst haben. Robustpferde \u00e4hneln sich im Hinblick auf ihre physischen Merkmale, ihr Wesen und m\u00f6gliche Haltungs- und Nutzungsweisen.<\/p>\n<h2>Charakteristisch f\u00fcr das Aussehen der Robustpferde sind:<\/h2>\n<ul>\n<li aria-level=\"1\">Kr\u00e4ftiger, kompakter K\u00f6rperbau<\/li>\n<li aria-level=\"1\">Muskul\u00f6se Statur<\/li>\n<li aria-level=\"1\">Kleine bis mittlere Gr\u00f6\u00dfe<\/li>\n<li aria-level=\"1\">Starke Hufe, stabile Gelenke<\/li>\n<li aria-level=\"1\">Dichtes Fell, das gut vor K\u00e4lte und Regen sch\u00fctzt<\/li>\n<li aria-level=\"1\">Dichter Schweifaufsatz (\u201eRegenhaube\u201c)<\/li>\n<li aria-level=\"1\">Lange M\u00e4hne<\/li>\n<\/ul>\n<p>Was das Wesen betrifft, sind Robustpferde bekannt f\u00fcr ihre Gelassenheit und Gutm\u00fctigkeit. Zwar k\u00f6nnen sie mitunter ein eigenwilliges und stures Verhalten an den Tag legen, mit liebevoller Konsequenz l\u00e4sst sich das jedoch in den Griff kriegen. Da Robustpferde im Allgemeinen sehr umg\u00e4nglich sind und kleine Fehler verzeihen, sind sie auch f\u00fcr Kinder und Unerfahrene gut zu h\u00e4ndeln. Aufgrund ihrer k\u00f6rperlichen Robustheit und ihres sanften Charakters erfreuen sich Robustpferde unter Freizeitreiterinnen und -reitern gro\u00dfer Beliebtheit. Sie sind die perfekten Begleiter f\u00fcrs Wander- und Gel\u00e4ndereiten, eignen sich aber genauso gut f\u00fcr die Bodenarbeit, die Dressur und den Sport.<\/p>\n\n<div class=\"related_articles boxed\">\n    <h2>Mehr zum Thema<\/h2>\n    \n    <div class=\"wrapper\"><div class=\"title align-center\"><h3><a href=\"https:\/\/uelzener.de\/magazin\/pferd\/tiergesundheit\/hufrehe\/\">Hufrehe: eine schmerzhafte Angelegenheit f\u00fcr das Pferd<\/a><\/h3><\/div><div class=\"img align-center\"><img decoding=\"async\" width=\"315\" height=\"180\" src=\"https:\/\/uelzener.de\/magazin\/app\/uploads\/2019\/07\/d9cc1f75-5596-42e3-b9d7-2165c6c1275a-315x180.jpg\" class=\"attachment-315x180 size-315x180 wp-post-image\" alt=\"Eine ausgewogene F\u00fctterung bei Pferden kann Hufrehe vorbeugen\" srcset=\"https:\/\/uelzener.de\/magazin\/app\/uploads\/2019\/07\/d9cc1f75-5596-42e3-b9d7-2165c6c1275a-315x180.jpg 315w, https:\/\/uelzener.de\/magazin\/app\/uploads\/2019\/07\/d9cc1f75-5596-42e3-b9d7-2165c6c1275a-650x369.jpg 650w\" sizes=\"(max-width: 315px) 100vw, 315px\" \/><\/div><\/div><div class=\"wrapper\"><div class=\"title align-center\"><h3><a href=\"https:\/\/uelzener.de\/magazin\/pferd\/erziehung-und-training\/bodenarbeit-mit-dem-pferd\/\">Gemeinsam auf dem richtigen Huf: Bodenarbeit mit dem Pferd<\/a><\/h3><\/div><div class=\"img align-center\"><img decoding=\"async\" width=\"315\" height=\"180\" src=\"https:\/\/uelzener.de\/magazin\/app\/uploads\/2025\/04\/bodenarbeit-315x180.jpg\" class=\"attachment-315x180 size-315x180 wp-post-image\" alt=\"Pferd beim Bodenarbeitstraining.\" \/><\/div><\/div><div class=\"wrapper\"><div class=\"title align-center\"><h3><a href=\"https:\/\/uelzener.de\/magazin\/pferd\/tiergesundheit\/pssm-beim-pferd-muskelerkrankung\/\">PSSM beim Pferd: Muskelerkrankung mit Folgen<\/a><\/h3><\/div><div class=\"img align-center\"><img decoding=\"async\" width=\"315\" height=\"180\" src=\"https:\/\/uelzener.de\/magazin\/app\/uploads\/2025\/04\/pssm-beim-pferd-315x180.jpg\" class=\"attachment-315x180 size-315x180 wp-post-image\" alt=\"Pferd mit PSSM.\" \/><\/div><\/div><\/div>\n\n<h2><b>Welche Rassen z\u00e4hlen zu Robustpferden?<\/b><\/h2>\n<p>Es gibt verschiedene Pferderassen, die als Robustpferde kategorisiert werden. Dazu z\u00e4hlen in erster Linie Kleinpferde und Ponys. Wir stellen dir ein paar davon n\u00e4her vor:<\/p>\n<ul>\n<li style=\"list-style-type: none;\">\n<ul>\n<li aria-level=\"1\"><b>Islandpferd: <\/b>Das Islandpferd, auch Isl\u00e4nder oder Islandpony genannt, ist ein aus Island stammendes Kleinpferd mit kompaktem K\u00f6rperbau und dichtem Fell. Es bringt die genetische Veranlagung f\u00fcr die Spezialgangart T\u00f6lt mit und l\u00e4uft dadurch sch\u00f6n weich, was f\u00fcr Reiter und Reiterinnen sehr bequem ist.<\/li>\n<li aria-level=\"1\"><b>Norwegisches Fjordpferd<\/b>: Das Kleinpferd stammt urspr\u00fcnglich aus West-Norwegen (Vestland), ist kr\u00e4ftig gebaut, hat helles Fell (Falbe), eine H\u00e4ngem\u00e4hne und einen Aalstrich, also einen deutlich abgesetzten Mittelstreifen.<\/li>\n<li aria-level=\"1\"><b>Exmoor-Pony<\/b>: Das Exmoor-Pony ist in Gro\u00dfbritannien beheimatet und gilt als urspr\u00fcnglichste und wildpferdartigste britische Ponyrasse. Es ist mittelgro\u00df und hat einen gedrungenen, kr\u00e4ftigen K\u00f6rperbau mit langem Kopf und leicht vorstehenden Augen.<\/li>\n<li aria-level=\"1\"><b>Shetland-Pony<\/b>: Das Shetland-Pony hat seinen Ursprung auf den Shetlandinseln und somit schottische Wurzeln. Im Verh\u00e4ltnis zum K\u00f6rper und den kurzen, kr\u00e4ftigen Beinen hat es einen relativ gro\u00dfen Kopf mit dichter M\u00e4hne und dichtem Schopf. Shetlandponys sind erstaunlich kr\u00e4ftig. Sie k\u00f6nnen bis zu 60 kg tragen und das Doppelte ihres Gewichts ziehen.<\/li>\n<li aria-level=\"1\"><b>Connemara-Pony<\/b>: Die Heimat der Connemara-Ponys liegt im \u00e4u\u00dfersten Westen Irlands. Sie haben einen kr\u00e4ftigen, gut proportionierten K\u00f6rperbau und werden aufgrund ihrer Wendigkeit vielseitig eingesetzt \u2013 sowohl als Reit- und Fahrpferde als auch zum Spring- und Dressurreiten.<\/li>\n<li aria-level=\"1\"><b>Konik-Pferd<\/b>: Das Konik (poln. \u201ePferdchen, kleines Pferd\u201c) hat seinen Ursprung in Polen, ist mittlerweile aber in vielen mittel- und osteurop\u00e4ischen L\u00e4ndern verbreitet. Es hat \u00c4hnlichkeit mit dem Tarpan, einem ausgestorbenen europ\u00e4ischen Wildpferd, von dem es vermutlich auch abstammt. Die meisten Tiere sind grau- oder schwarzfalben und haben einen dunklen Aalstrich.<\/li>\n<li aria-level=\"1\"><b>Haflinger<\/b>: <a href=\"https:\/\/uelzener.de\/magazin\/pferd\/rasseportrait\/haflinger\/\">Der Haflinger<\/a> ist ein mittelgro\u00dfes, kompakt gebautes Kleinpferd, das aus den S\u00fcdtiroler Alpen stammt. Er wurde fr\u00fcher als Trag- und Zugpferd im Hochgebirge eingesetzt, um Lebensmittel von Hof zu Hof zu transportieren und bei der Arbeit auf Gebirgsfeldern und in W\u00e4ldern zu helfen.<\/li>\n<li aria-level=\"1\"><b>Camargue-Pferd<\/b>: Das Camargue-Pferd ist ein kleines bis mittelgro\u00dfes Pferd mit kr\u00e4ftigem, kompaktem K\u00f6rperbau. Es stammt aus der namensgebenden Camargue, einer Landschaft, die sich rund um das Rh\u00f4ne-Delta in S\u00fcdfrankreich erstreckt und f\u00fcr die sehr hei\u00dfe Sommer, kalte und feuchte Winter sowie ein fast permanenter Wind typisch sind.<\/li>\n<\/ul>\n<\/li>\n<\/ul>\n<p>In Bezug auf die Herkunft herrscht unter den Robustpferden breite Vielfalt, die F\u00e4higkeit, sich perfekt an raue Lebensbedingungen anzupassen, ist ihnen jedoch allen gemein.<\/p>\n<h2><b>Haltung und F\u00fctterung von Robustpferden<\/b><\/h2>\n<p>Robustpferde sind f\u00fcr das Leben im Freien geradezu geschaffen und eignen sich somit ideal f\u00fcr die Offenstall- oder Weidehaltung. In Sachen F\u00fctterung gibt es jedoch einiges zu beachten. Zwar sind die Tiere im Allgemeinen anspruchslos, was ihre Nahrung angeht, sie gelten allerdings als leichtfuttrig und neigen dazu, schnell anzusetzen. Das hat folgenden Hintergrund: Robuste Pferderassen sind auf ein Leben in karger Umgebung angepasst, das hei\u00dft, sie k\u00f6nnen gut mit wenig Nahrung auskommen. Das ist m\u00f6glich, weil sie von Hause aus weniger Energie ben\u00f6tigen, um ihre K\u00f6rperfunktionen zu erhalten als andere Pferde. Der Stoffwechsel konnte sich dadurch auf eine energie- und eiwei\u00dfarme Nahrung einstellen.<\/p>\n<p>Erh\u00e4lt ein Robustpferd nun zu kalorienhaltiges Futter, hat es f\u00fcr die \u00fcbersch\u00fcssige Energie im Grunde genommen keine Verwendung. Dadurch entsteht \u00dcbergewicht, was wiederum zu Stoffwechselerkrankungen wie Diabetes oder EMS (Equines Metabolisches Syndrom) und in der Folge zu Hufrehe f\u00fchren kann. Es ist daher enorm wichtig, sehr dosiert zu f\u00fcttern und energiereiche Futtermittel zu vermeiden. Gerade der Gehalt an St\u00e4rke und Zucker ist dahingehend in den Blick zu nehmen.<\/p>\n<p>Das spielt auch bei der Weidehaltung eine Rolle. Sie gilt zwar als optimal f\u00fcr Robustpferde, allerdings ist der Kaloriengehalt von Weidegras gerade im Fr\u00fchjahr relativ hoch. Hinzu kommt, dass die enthaltenen Fructane die Entstehung von Hufrehe beg\u00fcnstigen k\u00f6nnen. Deshalb sollten Robustpferde keinesfalls ausschlie\u00dflich auf der Weide fressen. Empfehlenswert ist, die Zufuhr von Weidegras zu begrenzen und stattdessen kalorienarmes Heu zu geben, an dem sich die Tiere satt essen k\u00f6nnen.<\/p>\n<p>Aber wie f\u00fcttert man Robustpferde nun richtig? Die Basis sollte immer ein energiearmes Futter sein. Am besten eignet sich daf\u00fcr Raufutter aus Heu oder Gras mit viel Struktur (Faser), wenig St\u00e4rke und wenig Fett. Wichtig im Hinterkopf zu behalten ist, dass ein geringerer Energiebedarf nicht gleichbedeutend ist mit einem geringeren Vitamin- und Mineralstoffbedarf, im Gegenteil. Robustpferde brauchen genauso viele Vitamine, Mineralien und Spurenelemente wie andere Pferde und es gibt Rassen (bspw. Islandponys), die sogar einen erh\u00f6hten Bedarf haben. Dementsprechend kann es durchaus sinnvoll sein, ein zus\u00e4tzliches Mineralfutter zu verabreichen. Ein Tierarzt oder eine Tier\u00e4rztin kann dazu sachkundig Auskunft geben und einen Ern\u00e4hrungsplan erstellen, der perfekt auf die Bed\u00fcrfnisse des Pferdes abgestimmt ist.<\/p>\n<h2><b>Fazit<\/b><\/h2>\n<p>Robustpferde beeindrucken mit ihrer Widerstandsf\u00e4higkeit und Gen\u00fcgsamkeit. Da sie an raue Lebensbedingungen angepasst sind, stellen sie keine gro\u00dfen Anspr\u00fcche an ihre Umgebung und sind f\u00fcr die Haltung im Offenstall und auf der Weide pr\u00e4destiniert. Mit ihrem freundlichen, sanften und umg\u00e4nglichen Wesen sind sie f\u00fcr Neulinge und Erfahrene gleicherma\u00dfen gut zu h\u00e4ndeln und vielseitig einsetzbar, sei es in der Dressur, zu Therapiezwecken oder als Arbeits- oder Freizeitpferde. Robustpferde vereinen Verl\u00e4sslichkeit, St\u00e4rke, Pers\u00f6nlichkeit und ein gro\u00dfes Herz und sind treue Begleiter, die ihrem Menschen in jeder Lebenslage zur Seite stehen.<\/p>\n<h2><b>FAQ: H\u00e4ufig gestellte Fragen zu Robustpferden<\/b><\/h2>\n<h3><b>K\u00f6nnen Robustpferde im Winter drau\u00dfen bleiben?<\/b><\/h3>\n<p>Ja, Robustpferde k\u00f6nnen aufgrund ihrer dichten Fellstruktur mit kalten Temperaturen gut umgehen. Wichtig ist jedoch, ihnen einen Schutz vor extremen Witterungsverh\u00e4ltnissen zur Verf\u00fcgung zu stellen, zum Beispiel einen Unterstand, und ihnen jederzeit Zugang zu frischem Wasser zu erm\u00f6glichen.<\/p>\n<h3><b>Sind Robustpferde anf\u00e4llig f\u00fcr Krankheiten?<\/b><\/h3>\n<p>Robustpferde sind im Vergleich zu vielen hochgez\u00fcchteten Rassen weniger anf\u00e4llig f\u00fcr Krankheiten. Sie k\u00f6nnen jedoch k\u00f6rperliche und psychische Probleme entwickeln, wenn sie nicht artgerecht gehalten oder gef\u00fcttert werden. Regelm\u00e4\u00dfige gesundheitliche Check-ups sind wie bei allen Pferden wichtig, etwa um Impfungen aufzufrischen, auf Parasiten zu untersuchen und das Gebiss zu kontrollieren. Sollte eine Therapie oder Operation notwendig sein, leistet eine Pferdekrankenversicherung gute Dienste. Sie erstattet bis zu 100% der Kosten f\u00fcr konventionelle Behandlungen und chirurgische Eingriffe, so dass dem Pferd bestm\u00f6glich geholfen werden kann.<\/p>\n\n<div class=\"banner\">\n    <a href=\"https:\/\/uelzener.de\/pferd?agt=0000104925&sem=true&utm_medium=magazin&utm_source=wordpress&utm_campaign=pferd&utm_content=banner\">\n        <img decoding=\"async\" width=\"300\" height=\"212\" src=\"https:\/\/uelzener.de\/magazin\/app\/uploads\/2025\/01\/Pferde-Versicherung.jpg\" class=\"attachment-medium size-medium\" alt=\"Banner Pferde-Versicherung\" \/>    <\/a>\n<\/div>\n\n<h3><b>K\u00f6nnen Robustpferde im Sport eingesetzt werden?<\/b><\/h3>\n<p>Ja, Robustpferde wie Haflinger oder Islandpferde sind sehr arbeitswillig und leistungsf\u00e4hig und k\u00f6nnen in Disziplinen wie Dressur, Springen oder Distanzreiten eingesetzt werden.<\/p>\n<h3><b>Wie unterscheidet sich ein Robustpferd von einem Warm- oder Vollbl\u00fcter?<\/b><\/h3>\n<p>Robustpferde haben in der Regel einen kompakteren, kr\u00e4ftigeren K\u00f6rperbau, ein dichteres Fell und h\u00e4rtere Hufe. Sie sind gen\u00fcgsamer, weniger pflegeintensiv und weniger empfindlich gegen\u00fcber Witterungseinfl\u00fcssen im Vergleich zu den oft leistungsorientiert gez\u00fcchteten Warm- und Vollbl\u00fctern.<\/p>\n","protected":false},"excerpt":{"rendered":"<p>Als Robustpferde bezeichnet man Pferderassen, die sich an karge Lebensr\u00e4ume und raue klimatische Bedingungen in besonderer Weise angepasst haben. Dazu z\u00e4hlen vorrangig urt\u00fcmliche Kleinpferde- und Ponyrassen wie Island- und Shetlandponys, Haflinger oder Norwegische Fjordpferde. Aufgrund ihrer Gen\u00fcgsamkeit erfordern Robustpferde vergleichsweise wenig Aufwand, was die Haltung und Pflege betrifft. Sie kommen mit wenig gut zurecht und [&hellip;]<\/p>\n","protected":false},"author":21,"featured_media":18169,"parent":2490,"menu_order":3,"comment_status":"closed","ping_status":"closed","template":"templates\/blog.php","meta":{"_acf_changed":false,"_crdt_document":"","footnotes":"","beyondwords_generate_audio":"","beyondwords_project_id":"","beyondwords_content_id":"","beyondwords_preview_token":"","beyondwords_player_style":"","beyondwords_language_id":"","beyondwords_title_voice_id":"","beyondwords_body_voice_id":"","beyondwords_summary_voice_id":"","beyondwords_error_message":"","beyondwords_disabled":"","beyondwords_delete_content":"","beyondwords_podcast_id":"","beyondwords_hash":"","publish_post_to_speechkit":"","speechkit_hash":"","speechkit_generate_audio":"","speechkit_project_id":"","speechkit_podcast_id":"","speechkit_error_message":"","speechkit_disabled":"","speechkit_access_key":"","speechkit_error":"","speechkit_info":"","speechkit_response":"","speechkit_retries":"","speechkit_status":"","speechkit_updated_at":"","_speechkit_link":"","_speechkit_text":""},"class_list":["post-17846","page","type-page","status-publish","has-post-thumbnail","hentry"],"acf":[],"yoast_head":"<!-- This site is optimized with the Yoast SEO Premium plugin  - https:\/\/yoast.com\/product\/yoast-seo-premium-wordpress\/ -->\n<title>Robustpferde: Urspr\u00fcnglich, anpassungsf\u00e4hig, vielseitig | Uelzener Magazin<\/title>\n<meta name=\"robots\" content=\"index, follow, max-snippet:-1, max-image-preview:large, max-video-preview:-1\" \/>\n<link rel=\"canonical\" href=\"https:\/\/uelzener.de\/magazin\/pferd\/rasseportrait\/robustpferde-urspruenglich-anpassungsfaehig-vielseitig\/\" \/>\n<meta property=\"og:locale\" content=\"de_DE\" \/>\n<meta property=\"og:type\" content=\"article\" \/>\n<meta property=\"og:title\" content=\"Robustpferde: Urspr\u00fcnglich, anpassungsf\u00e4hig, vielseitig\" \/>\n<meta property=\"og:description\" content=\"Als Robustpferde bezeichnet man Pferderassen, die sich an karge Lebensr\u00e4ume und raue klimatische Bedingungen in besonderer Weise angepasst haben. Dazu z\u00e4hlen vorrangig urt\u00fcmliche Kleinpferde- und Ponyrassen wie Island- und Shetlandponys, Haflinger oder Norwegische Fjordpferde. Aufgrund ihrer Gen\u00fcgsamkeit erfordern Robustpferde vergleichsweise wenig Aufwand, was die Haltung und Pflege betrifft. Sie kommen mit wenig gut zurecht und [&hellip;]\" \/>\n<meta property=\"og:url\" content=\"https:\/\/uelzener.de\/magazin\/pferd\/rasseportrait\/robustpferde-urspruenglich-anpassungsfaehig-vielseitig\/\" \/>\n<meta property=\"og:site_name\" content=\"Uelzener Tier-Magazin\" \/>\n<meta property=\"article:publisher\" content=\"https:\/\/www.facebook.com\/Uelzener\" \/>\n<meta property=\"article:modified_time\" content=\"2025-08-27T09:23:06+00:00\" \/>\n<meta property=\"og:image\" content=\"https:\/\/uelzener.de\/magazin\/app\/uploads\/2025\/01\/islandpferde-robustpferde.jpg\" \/>\n\t<meta property=\"og:image:width\" content=\"1025\" \/>\n\t<meta property=\"og:image:height\" content=\"450\" \/>\n\t<meta property=\"og:image:type\" content=\"image\/jpeg\" \/>\n<meta name=\"twitter:card\" content=\"summary_large_image\" \/>\n<meta name=\"twitter:label1\" content=\"Gesch\u00e4tzte Lesezeit\" \/>\n\t<meta name=\"twitter:data1\" content=\"8\u00a0Minuten\" \/>\n<script type=\"application\/ld+json\" class=\"yoast-schema-graph\">{\"@context\":\"https:\/\/schema.org\",\"@graph\":[{\"@type\":\"WebPage\",\"@id\":\"https:\/\/uelzener.de\/magazin\/pferd\/rasseportrait\/robustpferde-urspruenglich-anpassungsfaehig-vielseitig\/\",\"url\":\"https:\/\/uelzener.de\/magazin\/pferd\/rasseportrait\/robustpferde-urspruenglich-anpassungsfaehig-vielseitig\/\",\"name\":\"Robustpferde: Urspr\u00fcnglich, anpassungsf\u00e4hig, vielseitig | Uelzener Magazin\",\"isPartOf\":{\"@id\":\"https:\/\/uelzener.de\/magazin\/#website\"},\"primaryImageOfPage\":{\"@id\":\"https:\/\/uelzener.de\/magazin\/pferd\/rasseportrait\/robustpferde-urspruenglich-anpassungsfaehig-vielseitig\/#primaryimage\"},\"image\":{\"@id\":\"https:\/\/uelzener.de\/magazin\/pferd\/rasseportrait\/robustpferde-urspruenglich-anpassungsfaehig-vielseitig\/#primaryimage\"},\"thumbnailUrl\":\"https:\/\/uelzener.de\/magazin\/app\/uploads\/2025\/01\/islandpferde-robustpferde.jpg\",\"datePublished\":\"2024-12-10T08:39:17+00:00\",\"dateModified\":\"2025-08-27T09:23:06+00:00\",\"breadcrumb\":{\"@id\":\"https:\/\/uelzener.de\/magazin\/pferd\/rasseportrait\/robustpferde-urspruenglich-anpassungsfaehig-vielseitig\/#breadcrumb\"},\"inLanguage\":\"de\",\"potentialAction\":[{\"@type\":\"ReadAction\",\"target\":[\"https:\/\/uelzener.de\/magazin\/pferd\/rasseportrait\/robustpferde-urspruenglich-anpassungsfaehig-vielseitig\/\"]}]},{\"@type\":\"ImageObject\",\"inLanguage\":\"de\",\"@id\":\"https:\/\/uelzener.de\/magazin\/pferd\/rasseportrait\/robustpferde-urspruenglich-anpassungsfaehig-vielseitig\/#primaryimage\",\"url\":\"https:\/\/uelzener.de\/magazin\/app\/uploads\/2025\/01\/islandpferde-robustpferde.jpg\",\"contentUrl\":\"https:\/\/uelzener.de\/magazin\/app\/uploads\/2025\/01\/islandpferde-robustpferde.jpg\",\"width\":1025,\"height\":450,\"caption\":\"Drei Islandpferde stehen auf einer Wiese\"},{\"@type\":\"WebSite\",\"@id\":\"https:\/\/uelzener.de\/magazin\/#website\",\"url\":\"https:\/\/uelzener.de\/magazin\/\",\"name\":\"Uelzener Tiermagazin\",\"description\":\"Online Tierratgeber der Uelzener Versicherungen\",\"publisher\":{\"@id\":\"https:\/\/uelzener.de\/magazin\/#organization\"},\"potentialAction\":[{\"@type\":\"SearchAction\",\"target\":{\"@type\":\"EntryPoint\",\"urlTemplate\":\"https:\/\/uelzener.de\/magazin\/?s={search_term_string}\"},\"query-input\":{\"@type\":\"PropertyValueSpecification\",\"valueRequired\":true,\"valueName\":\"search_term_string\"}}],\"inLanguage\":\"de\"},{\"@type\":\"Organization\",\"@id\":\"https:\/\/uelzener.de\/magazin\/#organization\",\"name\":\"Uelzener Versicherungen\",\"url\":\"https:\/\/uelzener.de\/magazin\/\",\"logo\":{\"@type\":\"ImageObject\",\"inLanguage\":\"de\",\"@id\":\"https:\/\/uelzener.de\/magazin\/#\/schema\/logo\/image\/\",\"url\":\"https:\/\/uelzener.de\/magazin\/app\/uploads\/2024\/11\/uelzener_allgemeine_versicherungsgesellschaft_a_g_logo.jpg\",\"contentUrl\":\"https:\/\/uelzener.de\/magazin\/app\/uploads\/2024\/11\/uelzener_allgemeine_versicherungsgesellschaft_a_g_logo.jpg\",\"width\":200,\"height\":200,\"caption\":\"Uelzener Versicherungen\"},\"image\":{\"@id\":\"https:\/\/uelzener.de\/magazin\/#\/schema\/logo\/image\/\"},\"sameAs\":[\"https:\/\/www.facebook.com\/Uelzener\",\"https:\/\/instagram.com\/uelzener\",\"https:\/\/www.xing.com\/pages\/uelzenerallgemeineversicherungs-gesellschafta-g\",\"https:\/\/www.youtube.com\/UelzenerVersicherungen\"]}]}<\/script>\n<!-- \/ Yoast SEO Premium plugin. -->","yoast_head_json":{"title":"Robustpferde: Urspr\u00fcnglich, anpassungsf\u00e4hig, vielseitig | Uelzener Magazin","robots":{"index":"index","follow":"follow","max-snippet":"max-snippet:-1","max-image-preview":"max-image-preview:large","max-video-preview":"max-video-preview:-1"},"canonical":"https:\/\/uelzener.de\/magazin\/pferd\/rasseportrait\/robustpferde-urspruenglich-anpassungsfaehig-vielseitig\/","og_locale":"de_DE","og_type":"article","og_title":"Robustpferde: Urspr\u00fcnglich, anpassungsf\u00e4hig, vielseitig","og_description":"Als Robustpferde bezeichnet man Pferderassen, die sich an karge Lebensr\u00e4ume und raue klimatische Bedingungen in besonderer Weise angepasst haben. Dazu z\u00e4hlen vorrangig urt\u00fcmliche Kleinpferde- und Ponyrassen wie Island- und Shetlandponys, Haflinger oder Norwegische Fjordpferde. Aufgrund ihrer Gen\u00fcgsamkeit erfordern Robustpferde vergleichsweise wenig Aufwand, was die Haltung und Pflege betrifft. Sie kommen mit wenig gut zurecht und [&hellip;]","og_url":"https:\/\/uelzener.de\/magazin\/pferd\/rasseportrait\/robustpferde-urspruenglich-anpassungsfaehig-vielseitig\/","og_site_name":"Uelzener Tier-Magazin","article_publisher":"https:\/\/www.facebook.com\/Uelzener","article_modified_time":"2025-08-27T09:23:06+00:00","og_image":[{"width":1025,"height":450,"url":"https:\/\/uelzener.de\/magazin\/app\/uploads\/2025\/01\/islandpferde-robustpferde.jpg","type":"image\/jpeg"}],"twitter_card":"summary_large_image","twitter_misc":{"Gesch\u00e4tzte Lesezeit":"8\u00a0Minuten"},"schema":{"@context":"https:\/\/schema.org","@graph":[{"@type":"WebPage","@id":"https:\/\/uelzener.de\/magazin\/pferd\/rasseportrait\/robustpferde-urspruenglich-anpassungsfaehig-vielseitig\/","url":"https:\/\/uelzener.de\/magazin\/pferd\/rasseportrait\/robustpferde-urspruenglich-anpassungsfaehig-vielseitig\/","name":"Robustpferde: Urspr\u00fcnglich, anpassungsf\u00e4hig, vielseitig | Uelzener Magazin","isPartOf":{"@id":"https:\/\/uelzener.de\/magazin\/#website"},"primaryImageOfPage":{"@id":"https:\/\/uelzener.de\/magazin\/pferd\/rasseportrait\/robustpferde-urspruenglich-anpassungsfaehig-vielseitig\/#primaryimage"},"image":{"@id":"https:\/\/uelzener.de\/magazin\/pferd\/rasseportrait\/robustpferde-urspruenglich-anpassungsfaehig-vielseitig\/#primaryimage"},"thumbnailUrl":"https:\/\/uelzener.de\/magazin\/app\/uploads\/2025\/01\/islandpferde-robustpferde.jpg","datePublished":"2024-12-10T08:39:17+00:00","dateModified":"2025-08-27T09:23:06+00:00","breadcrumb":{"@id":"https:\/\/uelzener.de\/magazin\/pferd\/rasseportrait\/robustpferde-urspruenglich-anpassungsfaehig-vielseitig\/#breadcrumb"},"inLanguage":"de","potentialAction":[{"@type":"ReadAction","target":["https:\/\/uelzener.de\/magazin\/pferd\/rasseportrait\/robustpferde-urspruenglich-anpassungsfaehig-vielseitig\/"]}]},{"@type":"ImageObject","inLanguage":"de","@id":"https:\/\/uelzener.de\/magazin\/pferd\/rasseportrait\/robustpferde-urspruenglich-anpassungsfaehig-vielseitig\/#primaryimage","url":"https:\/\/uelzener.de\/magazin\/app\/uploads\/2025\/01\/islandpferde-robustpferde.jpg","contentUrl":"https:\/\/uelzener.de\/magazin\/app\/uploads\/2025\/01\/islandpferde-robustpferde.jpg","width":1025,"height":450,"caption":"Drei Islandpferde stehen auf einer Wiese"},{"@type":"WebSite","@id":"https:\/\/uelzener.de\/magazin\/#website","url":"https:\/\/uelzener.de\/magazin\/","name":"Uelzener Tiermagazin","description":"Online Tierratgeber der Uelzener Versicherungen","publisher":{"@id":"https:\/\/uelzener.de\/magazin\/#organization"},"potentialAction":[{"@type":"SearchAction","target":{"@type":"EntryPoint","urlTemplate":"https:\/\/uelzener.de\/magazin\/?s={search_term_string}"},"query-input":{"@type":"PropertyValueSpecification","valueRequired":true,"valueName":"search_term_string"}}],"inLanguage":"de"},{"@type":"Organization","@id":"https:\/\/uelzener.de\/magazin\/#organization","name":"Uelzener Versicherungen","url":"https:\/\/uelzener.de\/magazin\/","logo":{"@type":"ImageObject","inLanguage":"de","@id":"https:\/\/uelzener.de\/magazin\/#\/schema\/logo\/image\/","url":"https:\/\/uelzener.de\/magazin\/app\/uploads\/2024\/11\/uelzener_allgemeine_versicherungsgesellschaft_a_g_logo.jpg","contentUrl":"https:\/\/uelzener.de\/magazin\/app\/uploads\/2024\/11\/uelzener_allgemeine_versicherungsgesellschaft_a_g_logo.jpg","width":200,"height":200,"caption":"Uelzener Versicherungen"},"image":{"@id":"https:\/\/uelzener.de\/magazin\/#\/schema\/logo\/image\/"},"sameAs":["https:\/\/www.facebook.com\/Uelzener","https:\/\/instagram.com\/uelzener","https:\/\/www.xing.com\/pages\/uelzenerallgemeineversicherungs-gesellschafta-g","https:\/\/www.youtube.com\/UelzenerVersicherungen"]}]}},"_links":{"self":[{"href":"https:\/\/uelzener.de\/magazin\/wp-json\/wp\/v2\/pages\/17846","targetHints":{"allow":["GET"]}}],"collection":[{"href":"https:\/\/uelzener.de\/magazin\/wp-json\/wp\/v2\/pages"}],"about":[{"href":"https:\/\/uelzener.de\/magazin\/wp-json\/wp\/v2\/types\/page"}],"author":[{"embeddable":true,"href":"https:\/\/uelzener.de\/magazin\/wp-json\/wp\/v2\/users\/21"}],"replies":[{"embeddable":true,"href":"https:\/\/uelzener.de\/magazin\/wp-json\/wp\/v2\/comments?post=17846"}],"version-history":[{"count":9,"href":"https:\/\/uelzener.de\/magazin\/wp-json\/wp\/v2\/pages\/17846\/revisions"}],"predecessor-version":[{"id":19025,"href":"https:\/\/uelzener.de\/magazin\/wp-json\/wp\/v2\/pages\/17846\/revisions\/19025"}],"up":[{"embeddable":true,"href":"https:\/\/uelzener.de\/magazin\/wp-json\/wp\/v2\/pages\/2490"}],"wp:featuredmedia":[{"embeddable":true,"href":"https:\/\/uelzener.de\/magazin\/wp-json\/wp\/v2\/media\/18169"}],"wp:attachment":[{"href":"https:\/\/uelzener.de\/magazin\/wp-json\/wp\/v2\/media?parent=17846"}],"curies":[{"name":"wp","href":"https:\/\/api.w.org\/{rel}","templated":true}]}}