{"id":17842,"date":"2024-12-10T09:41:57","date_gmt":"2024-12-10T08:41:57","guid":{"rendered":"https:\/\/uelzener.de\/magazin\/?page_id=17842"},"modified":"2026-02-03T12:50:17","modified_gmt":"2026-02-03T11:50:17","slug":"pferde-im-winterlicht-fotografietipps-und-ideen","status":"publish","type":"page","link":"https:\/\/uelzener.de\/magazin\/pferd\/erziehung-und-training\/pferde-im-winterlicht-fotografietipps-und-ideen\/","title":{"rendered":"Pferde im Winterlicht: Fotografietipps und -ideen"},"content":{"rendered":"<p>Der Winter bietet eine einzigartige Gelegenheit, Pferde in einer besonders magischen Stimmung zu fotografieren. Das sanfte Licht der tief stehenden Wintersonne, die ruhigen Farben und die schneebedeckten Landschaften schaffen eine unvergleichliche Atmosph\u00e4re. In diesem Artikel erh\u00e4ltst du wertvolle Tipps und Ideen f\u00fcr ein gelungenes Wintershooting mit den Vierbeinern.<\/p>\n<h2>Was spricht f\u00fcr ein Pferdeshooting im Winter?<\/h2>\n<p>Jede Jahreszeit hat ihren eigenen Charme, doch der Winter bietet eine ganz besondere Stimmung und einzigartige Motive, die sich sonst kaum einfangen lassen. Die Sonne steht tiefer als sonst, wodurch das Licht weicher und Farben sanfter wirken. Motive k\u00f6nnen \u2013 je nach Lichtverh\u00e4ltnissen und Szene \u2013 mystisch, romantisch oder m\u00e4rchenhaft wirken. Mit Schnee, Frost und Nebel lassen sich einzigartige und abwechslungsreiche Effekte erzielen.<\/p>\n<p>Ein weiterer Vorteil eines Wintershootings besteht darin, dass keine Insekten umherschwirren, die beim Pferd zu Unruhe und Anspannung f\u00fchren k\u00f6nnen. Die Shootingzeiten gestalten sich zudem angenehmer als im Sommer, vor allem f\u00fcr die Ausnutzung der \u201cgoldenen Stunde\u201d oder \u201cblauen Stunde\u201d \u2013 also die Lichtphasen rund um den Sonnenaufgang oder -untergang. Diese Phasen sind perfekt geeignet, um au\u00dfergew\u00f6hnliche Stimmungen einzufangen. Die goldene Stunde sorgt f\u00fcr warme, weiche Farben und l\u00e4sst Winterlandschaften leuchten, w\u00e4hrend die blaue Stunde k\u00fchle, ruhige und mystische T\u00f6ne hervorhebt \u2013 ideal f\u00fcr stimmungsvolle Aufnahmen. W\u00e4hrend das im Sommer einen fr\u00fchen Start oder ein sp\u00e4tes Ende des Shootings bedeutet, liegen diese Zeiten im Winter n\u00e4her beieinander.<\/p>\n<h2>Vorbereitung und Planung eines Wintershootings<\/h2>\n<p>Ein erfolgreiches Wintershooting beginnt mit einer guten Planung. Da das Tageslicht begrenzt ist, ist ein durchdachter Zeitplan entscheidend, um das bestm\u00f6gliche Licht nutzen zu k\u00f6nnen. Informiere dich vorher \u00fcber die Wetterbedingungen, um Motive zu planen und die n\u00f6tigen Vorbereitungen zu treffen.<\/p>\n<h3>Tipps zum Warmbleiben<\/h3>\n<p>W\u00e4hrend die Pferde durch die nat\u00fcrliche Isolation ihres Winterfells in der Regel kein gro\u00dfes Problem mit kalten Temperaturen haben, m\u00fcssen sich Menschen gut einpacken, um mit der K\u00e4lte klarzukommen. Dicke Winterjacken sind zwar praktisch, passen aber nicht immer zu stilvollen Fotos. Deshalb ist es wichtig, ausreichend Pausen zum Aufw\u00e4rmen einzuplanen.<\/p>\n<p>Empfehlenswert f\u00fcr alle Beteiligten sind warme sowie wasserdichte Kleidung und Schuhe, der \u201cZwiebellook\u201d, Taschenw\u00e4rmer und gute Handschuhe. F\u00fcr Fotografen und Fotografinnen gibt es spezielle Handschuhe mit abnehmbarer Fingerkuppe und verst\u00e4rkter Griffigkeit. Auch einfache, fingerlose Handschuhe sind eine Option. Ebenso k\u00f6nnen Decken und eine Thermoskanne mit einem warmen Getr\u00e4nk f\u00fcr zwischendurch nicht schaden.<\/p>\n<h3>Schutz der Kamera im Winter<\/h3>\n<p>Auch auf technischer Ebene h\u00e4lt die kalte Jahreszeit einige Herausforderungen bereit. Die Kamera und das Equipment sollten unbedingt vor Feuchtigkeit gesch\u00fctzt werden.<\/p>\n<p>Einige Tipps, um den Schutz und die Funktionsf\u00e4higkeit der Kamera sicherzustellen:<\/p>\n<ul>\n<li aria-level=\"1\"><b>Kamera und Objektive langsam aufw\u00e4rmen: <\/b>Das Objektiv und die Kamera selbst sollten nicht zu schnell vom Kalten ins Warme gebracht werden. So k\u00f6nnten n\u00e4mlich die Glaslinsen beschlagen und sich Kondenswasser im Inneren der Kamera bilden, was die Gefahr von Kurzschl\u00fcssen und Schimmelbildung mit sich bringt. Verstaue die Kamera daher vor Betreten eines warmen Raumes in einem Rucksack oder einer Tasche, um sie langsam auf Raumtemperatur zu bringen. Vermeide es zudem, das Objektiv drau\u00dfen zu wechseln.<\/li>\n<li aria-level=\"1\"><b>Akkus warm halten: <\/b>Akkus entladen sich bei K\u00e4lte schneller. Sorge f\u00fcr gen\u00fcgend Ersatzakkus und bewahre diese stets warm auf, beispielsweise in der Jackentasche.<\/li>\n<li aria-level=\"1\"><b>Kamera vor N\u00e4sse sch\u00fctzen: <\/b>Bei Regen oder Schneefall empfiehlt sich ein wasserdichter Schutzbezug f\u00fcr die Kamera.<\/li>\n<\/ul>\n<p>Sollte doch einmal Kondenswasser an der Kamera oder dem Objektiv auftreten, tupfe dieses vorsichtig mit einem saugf\u00e4higen Tuch ab, um Sch\u00e4den zu vermeiden.<\/p>\n<h3>Sicherheit und Wohlbefinden des Pferdes<\/h3>\n<p>Das Wohlbefinden des Pferdes sollte bei jeder Fotosession an erster Stelle stehen \u2013 besonders im Winter, wenn die Bedingungen f\u00fcr Tier und Mensch anspruchsvoller sein k\u00f6nnen. Halte das Shooting so kurz wie n\u00f6tig, plane Pausen ein und w\u00e4hle einen windgesch\u00fctzten Bereich f\u00fcr l\u00e4ngere Aufnahmen. Zeichen von Stress, wie nerv\u00f6ses Schnauben, unruhiges Treten oder ein angespanntes Maul, sollten ernst genommen werden. Geduld und positive Verst\u00e4rkung sind der Schl\u00fcssel zu nat\u00fcrlichen, sch\u00f6nen Bildern.<\/p>\n<p>So wundersch\u00f6n und magisch Winterfotos auch sein m\u00f6gen, birgt ein Shooting in der kalten Jahreszeit einige Risiken. Glatte B\u00f6den oder unvorhersehbare Reaktionen des Pferdes k\u00f6nnen zur Herausforderung werden. Hier kommt eine umfassende Absicherung ins Spiel. Zus\u00e4tzlich bietet die Pferdehaftpflichtversicherung der Uelzener umfangreichen Schutz, wenn es um Sch\u00e4den an Dritten geht.<\/p>\n\n<div class=\"banner\">\n    <a href=\"https:\/\/uelzener.de\/pferd\/pferde-haftpflichtversicherung\/?agt=0000104925&sem=true&utm_medium=magazin&utm_source=wordpress&utm_campaign=pferd_haf&utm_content=banner\">\n        <img decoding=\"async\" width=\"300\" height=\"212\" src=\"https:\/\/uelzener.de\/magazin\/app\/uploads\/2025\/01\/Pferdehalter-Haftpflicht-Versicherung.jpg\" class=\"attachment-medium size-medium\" alt=\"Banner Pferdehalter-Haftpflicht-Versicherung\" \/>    <\/a>\n<\/div>\n\n<h2>Ideen f\u00fcr winterliche Pferdefotos<\/h2>\n<p>Die M\u00f6glichkeiten f\u00fcr sch\u00f6ne Fotos im Winter sind zahlreich. Hier sind einige Inspirationen f\u00fcr kreative und zauberhafte Pferdebilder:<\/p>\n<ul>\n<li><b>Schmusebilder<\/b> mit Pferd und Mensch haben eine ganz besondere Wirkung im Winter. Das dicke Winterfell l\u00e4sst Pferde besonders pl\u00fcschig aussehen und der warme Atemdampf im Kontrast zur kalten Winterlandschaft transportiert ein wohlig-warmes Gef\u00fchl.<\/li>\n<li aria-level=\"1\"><b>Spiel- und Reitbilder <\/b>im Schnee k\u00f6nnen kraftvoll und dynamisch wirken. Dabei gilt es jedoch darauf zu achten, dass der Boden nicht zu rutschig ist und sich keine L\u00f6cher unter dem Schnee verstecken. Bei unsicherer Bodensituation sollte lieber darauf verzichtet werden. Um scharfe, nicht verwackelte Aufnahmen zu erhalten, sollte die Belichtungszeit m\u00f6glichst kurz gehalten werden.<\/li>\n<\/ul>\n<ul>\n<li aria-level=\"1\">\u00dcber <b>weihnachtliche Fotos <\/b>von ihrem Vierbeiner freuen sich sicherlich so gut wie alle Reiter und Reiterinnen. Eine sch\u00f6ne Idee ist es, dem Pferd einen Weihnachtskranz um den Hals zu legen.<\/li>\n<\/ul>\n<ul>\n<li aria-level=\"1\"><b>Schnee, Frost, Nebel und Dunst <\/b>erm\u00f6glichen eindrucksvolle Effekte, die sich vielf\u00e4ltig einsetzen lassen. Falls Schneefall gew\u00fcnscht ist, obwohl keiner f\u00e4llt, kann eine weitere Person einen \u00e4hnlichen Effekt erzeugen, indem sie etwas liegengebliebenen Schnee ins Bild wirft.<\/li>\n<li aria-level=\"1\"><b>Nahaufnahmen <\/b>sind eine tolle Abwechslung zu Ganzk\u00f6rperfotos. Eiskristalle im strukturierten Winterfell, der warme Atem des Pferdes, wie er aus den N\u00fcstern str\u00f6mt \u2013 die M\u00f6glichkeiten sind breit gef\u00e4chert. Es empfiehlt sich, eine offene Blende (d.h. eine kleine Blendenzahl) zu verwenden, um eine geringe Sch\u00e4rfentiefe und damit den sogenannten Bokeh-Effekt zu erzeugen.<\/li>\n<\/ul>\n<p>Probiere unterschiedliche Perspektiven und Effekte aus und experimentiere mit dem Licht, um au\u00dfergew\u00f6hnliche und abwechslungsreiche Fotos zu erhalten.<\/p>\n<h2>Wie Schnee Fotos beeinflusst<\/h2>\n<p>Schnee wirkt wie ein \u00fcberdimensionaler Reflektor und kann so die Helligkeit auf Fotos schnell erh\u00f6hen. Um \u00dcberbelichtung vor allem bei Sonnenschein zu vermeiden, solltest du daher mit der Belichtungskorrektur arbeiten oder auf das Morgen- oder Nachmittagslicht ausweichen.<\/p>\n<p>Zudem kann Schnee den Hintergrund flach wirken lassen. Jedoch heben sich Motive leichter ab. Geduld ist ein wichtiger Faktor, da es bei Schneefall manchmal dauern kann, bis der richtige Fokuspunkt getroffen ist.<\/p>\n\n<div class=\"related_articles boxed\">\n    <h2>Mehr zum Thema<\/h2>\n    \n    <div class=\"wrapper\"><div class=\"title align-center\"><h3><a href=\"https:\/\/uelzener.de\/magazin\/pferd\/tiergesundheit\/pferde-im-winter\/\">Pferde im Winter: Fit durch die kalte Jahreszeit<\/a><\/h3><\/div><div class=\"img align-center\"><img decoding=\"async\" width=\"315\" height=\"180\" src=\"https:\/\/uelzener.de\/magazin\/app\/uploads\/2022\/12\/pferd-im-winter-315x180.jpg\" class=\"attachment-315x180 size-315x180 wp-post-image\" alt=\"Pony tollt in winterlicher Schneelandschaft und rempelt kr\u00e4ftig einen Schneemann in Pferdeform an.\" \/><\/div><\/div><div class=\"wrapper\"><div class=\"title align-center\"><h3><a href=\"https:\/\/uelzener.de\/magazin\/pferd\/erziehung-und-training\/skijoering-und-schlittenfahren-mit-pferden-winterliche-abenteuer-fuer-mensch-und-tier\/\">Skij\u00f6ring und Schlittenfahren mit Pferden: Winterliche Abenteuer f\u00fcr Mensch und Tier<\/a><\/h3><\/div><div class=\"img align-center\"><img decoding=\"async\" width=\"315\" height=\"180\" src=\"https:\/\/uelzener.de\/magazin\/app\/uploads\/2024\/12\/GettyImages-1095992390_ba-315x180.jpg\" class=\"attachment-315x180 size-315x180 wp-post-image\" alt=\"Zwei Pferde ziehen einen Schlitten mit Menschen darauf durch den Schnee \u00fcber einen Pfad. Im Hintergrund sind vom Schnee bedeckte B\u00e4ume zu sehen.\" \/><\/div><\/div><div class=\"wrapper\"><div class=\"title align-center\"><h3><a href=\"https:\/\/uelzener.de\/magazin\/pferd\/tipps-fuer-den-alltag\/das-richtige-eindecken-deines-pferdes\/\">Das richtige Eindecken deines Pferdes<\/a><\/h3><\/div><div class=\"img align-center\"><img decoding=\"async\" width=\"315\" height=\"180\" src=\"https:\/\/uelzener.de\/magazin\/app\/uploads\/2023\/11\/pferd-einecken-315x180.jpg\" class=\"attachment-315x180 size-315x180 wp-post-image\" alt=\"Eingedecktes Pferd steht in verschneiter Landschaft.\" \/><\/div><\/div><\/div>\n\n<h2>FAQs: H\u00e4ufig gestellte Fragen zum Thema Pferdeshooting im Winter<\/h2>\n<h3>Bei welcher Temperatur f\u00fchlen sich Pferde wohl?<\/h3>\n<p>Das ist von Fall zu Fall unterschiedlich und h\u00e4ngt von verschiedenen Faktoren wie dem Alter, der Rasse und den Haltungsbedingungen ab. Pferde in Offenstallhaltung bilden in der Regel ein dickeres Winterfell aus. Grunds\u00e4tzlich liegt die Wohlf\u00fchltemperatur von Pferden jedoch zwischen 5 und 15 Grad, wobei der Stoffwechsel in vielen F\u00e4llen zwischen -15 und +25 Grad am besten arbeitet.<\/p>\n<h3>Wie sorge ich f\u00fcr einen abwechslungsreichen Foto-Hintergrund im Winter?<\/h3>\n<p>Die Winterlandschaft hat mehr zu bieten, als manche zun\u00e4chst denken w\u00fcrden. Selbst wenn es nicht schneien sollte: Kahle B\u00e4ume bieten einen ruhigen Ton-in-Ton-Hintergrund, mit immergr\u00fcnen Pflanzen muss nicht auf Farbe verzichtet werden. Akzente in Form von bunten Decken, Halftern oder sonstigen Dekorationen setzen visuelle Highlights und verst\u00e4rken den Kontrast zum eher schlichten Hintergrund.<\/p>\n<h3>Wie finde ich die richtige Location f\u00fcr ein Wintershooting?<\/h3>\n<p>Verschneite W\u00e4lder, weite Felder oder auch Scheunen und St\u00e4lle eignen sich oftmals gut f\u00fcr sch\u00f6ne Fotos mit winterlicher Kulisse. Nutze Locations mit nat\u00fcrlichem Schutz vor Wind und einer guten Bodensituation, um Pferd und Mensch bestm\u00f6glich zu sch\u00fctzen. Der Hintergrund sollte nicht zu unruhig sein, damit das Motiv im Fokus bleibt.<\/p>\n","protected":false},"excerpt":{"rendered":"<p>Der Winter bietet eine einzigartige Gelegenheit, Pferde in einer besonders magischen Stimmung zu fotografieren. Das sanfte Licht der tief stehenden Wintersonne, die ruhigen Farben und die schneebedeckten Landschaften schaffen eine unvergleichliche Atmosph\u00e4re. In diesem Artikel erh\u00e4ltst du wertvolle Tipps und Ideen f\u00fcr ein gelungenes Wintershooting mit den Vierbeinern. Was spricht f\u00fcr ein Pferdeshooting im Winter? [&hellip;]<\/p>\n","protected":false},"author":21,"featured_media":18168,"parent":11689,"menu_order":21,"comment_status":"closed","ping_status":"closed","template":"templates\/blog.php","meta":{"_acf_changed":false,"_crdt_document":"","footnotes":"","beyondwords_generate_audio":"","beyondwords_project_id":"","beyondwords_content_id":"","beyondwords_preview_token":"","beyondwords_player_style":"","beyondwords_language_id":"","beyondwords_title_voice_id":"","beyondwords_body_voice_id":"","beyondwords_summary_voice_id":"","beyondwords_error_message":"","beyondwords_disabled":"","beyondwords_delete_content":"","beyondwords_podcast_id":"","beyondwords_hash":"","publish_post_to_speechkit":"","speechkit_hash":"","speechkit_generate_audio":"","speechkit_project_id":"","speechkit_podcast_id":"","speechkit_error_message":"","speechkit_disabled":"","speechkit_access_key":"","speechkit_error":"","speechkit_info":"","speechkit_response":"","speechkit_retries":"","speechkit_status":"","speechkit_updated_at":"","_speechkit_link":"","_speechkit_text":""},"class_list":["post-17842","page","type-page","status-publish","has-post-thumbnail","hentry"],"acf":[],"yoast_head":"<!-- This site is optimized with the Yoast SEO Premium plugin  - https:\/\/yoast.com\/product\/yoast-seo-premium-wordpress\/ -->\n<title>Pferde im Winterlicht: Fotografietipps und -ideen | Uelzener Magazin<\/title>\n<meta name=\"robots\" content=\"index, follow, max-snippet:-1, max-image-preview:large, max-video-preview:-1\" \/>\n<link rel=\"canonical\" href=\"https:\/\/uelzener.de\/magazin\/pferd\/erziehung-und-training\/pferde-im-winterlicht-fotografietipps-und-ideen\/\" \/>\n<meta property=\"og:locale\" content=\"de_DE\" \/>\n<meta property=\"og:type\" content=\"article\" \/>\n<meta property=\"og:title\" content=\"Pferde im Winterlicht: Fotografietipps und -ideen\" \/>\n<meta property=\"og:description\" content=\"Der Winter bietet eine einzigartige Gelegenheit, Pferde in einer besonders magischen Stimmung zu fotografieren. Das sanfte Licht der tief stehenden Wintersonne, die ruhigen Farben und die schneebedeckten Landschaften schaffen eine unvergleichliche Atmosph\u00e4re. In diesem Artikel erh\u00e4ltst du wertvolle Tipps und Ideen f\u00fcr ein gelungenes Wintershooting mit den Vierbeinern. Was spricht f\u00fcr ein Pferdeshooting im Winter? [&hellip;]\" \/>\n<meta property=\"og:url\" content=\"https:\/\/uelzener.de\/magazin\/pferd\/erziehung-und-training\/pferde-im-winterlicht-fotografietipps-und-ideen\/\" \/>\n<meta property=\"og:site_name\" content=\"Uelzener Tier-Magazin\" \/>\n<meta property=\"article:publisher\" content=\"https:\/\/www.facebook.com\/Uelzener\" \/>\n<meta property=\"article:modified_time\" content=\"2026-02-03T11:50:17+00:00\" \/>\n<meta property=\"og:image\" content=\"https:\/\/uelzener.de\/magazin\/app\/uploads\/2025\/01\/pferde-im-winter-fotografieren-1.jpg\" \/>\n\t<meta property=\"og:image:width\" content=\"1025\" \/>\n\t<meta property=\"og:image:height\" content=\"450\" \/>\n\t<meta property=\"og:image:type\" content=\"image\/jpeg\" \/>\n<meta name=\"twitter:card\" content=\"summary_large_image\" \/>\n<meta name=\"twitter:label1\" content=\"Gesch\u00e4tzte Lesezeit\" \/>\n\t<meta name=\"twitter:data1\" content=\"7\u00a0Minuten\" \/>\n<script type=\"application\/ld+json\" class=\"yoast-schema-graph\">{\"@context\":\"https:\/\/schema.org\",\"@graph\":[{\"@type\":\"WebPage\",\"@id\":\"https:\/\/uelzener.de\/magazin\/pferd\/erziehung-und-training\/pferde-im-winterlicht-fotografietipps-und-ideen\/\",\"url\":\"https:\/\/uelzener.de\/magazin\/pferd\/erziehung-und-training\/pferde-im-winterlicht-fotografietipps-und-ideen\/\",\"name\":\"Pferde im Winterlicht: Fotografietipps und -ideen | Uelzener Magazin\",\"isPartOf\":{\"@id\":\"https:\/\/uelzener.de\/magazin\/#website\"},\"primaryImageOfPage\":{\"@id\":\"https:\/\/uelzener.de\/magazin\/pferd\/erziehung-und-training\/pferde-im-winterlicht-fotografietipps-und-ideen\/#primaryimage\"},\"image\":{\"@id\":\"https:\/\/uelzener.de\/magazin\/pferd\/erziehung-und-training\/pferde-im-winterlicht-fotografietipps-und-ideen\/#primaryimage\"},\"thumbnailUrl\":\"https:\/\/uelzener.de\/magazin\/app\/uploads\/2025\/01\/pferde-im-winter-fotografieren-1.jpg\",\"datePublished\":\"2024-12-10T08:41:57+00:00\",\"dateModified\":\"2026-02-03T11:50:17+00:00\",\"breadcrumb\":{\"@id\":\"https:\/\/uelzener.de\/magazin\/pferd\/erziehung-und-training\/pferde-im-winterlicht-fotografietipps-und-ideen\/#breadcrumb\"},\"inLanguage\":\"de\",\"potentialAction\":[{\"@type\":\"ReadAction\",\"target\":[\"https:\/\/uelzener.de\/magazin\/pferd\/erziehung-und-training\/pferde-im-winterlicht-fotografietipps-und-ideen\/\"]}]},{\"@type\":\"ImageObject\",\"inLanguage\":\"de\",\"@id\":\"https:\/\/uelzener.de\/magazin\/pferd\/erziehung-und-training\/pferde-im-winterlicht-fotografietipps-und-ideen\/#primaryimage\",\"url\":\"https:\/\/uelzener.de\/magazin\/app\/uploads\/2025\/01\/pferde-im-winter-fotografieren-1.jpg\",\"contentUrl\":\"https:\/\/uelzener.de\/magazin\/app\/uploads\/2025\/01\/pferde-im-winter-fotografieren-1.jpg\",\"width\":1025,\"height\":450,\"caption\":\"Eine Frau reitet mit ihrem Pferd in einer Schneepr\u00e4rie durch den Sonnenaufgang\"},{\"@type\":\"WebSite\",\"@id\":\"https:\/\/uelzener.de\/magazin\/#website\",\"url\":\"https:\/\/uelzener.de\/magazin\/\",\"name\":\"Uelzener Tiermagazin\",\"description\":\"Online Tierratgeber der Uelzener Versicherungen\",\"publisher\":{\"@id\":\"https:\/\/uelzener.de\/magazin\/#organization\"},\"potentialAction\":[{\"@type\":\"SearchAction\",\"target\":{\"@type\":\"EntryPoint\",\"urlTemplate\":\"https:\/\/uelzener.de\/magazin\/?s={search_term_string}\"},\"query-input\":{\"@type\":\"PropertyValueSpecification\",\"valueRequired\":true,\"valueName\":\"search_term_string\"}}],\"inLanguage\":\"de\"},{\"@type\":\"Organization\",\"@id\":\"https:\/\/uelzener.de\/magazin\/#organization\",\"name\":\"Uelzener Versicherungen\",\"url\":\"https:\/\/uelzener.de\/magazin\/\",\"logo\":{\"@type\":\"ImageObject\",\"inLanguage\":\"de\",\"@id\":\"https:\/\/uelzener.de\/magazin\/#\/schema\/logo\/image\/\",\"url\":\"https:\/\/uelzener.de\/magazin\/app\/uploads\/2024\/11\/uelzener_allgemeine_versicherungsgesellschaft_a_g_logo.jpg\",\"contentUrl\":\"https:\/\/uelzener.de\/magazin\/app\/uploads\/2024\/11\/uelzener_allgemeine_versicherungsgesellschaft_a_g_logo.jpg\",\"width\":200,\"height\":200,\"caption\":\"Uelzener Versicherungen\"},\"image\":{\"@id\":\"https:\/\/uelzener.de\/magazin\/#\/schema\/logo\/image\/\"},\"sameAs\":[\"https:\/\/www.facebook.com\/Uelzener\",\"https:\/\/instagram.com\/uelzener\",\"https:\/\/www.xing.com\/pages\/uelzenerallgemeineversicherungs-gesellschafta-g\",\"https:\/\/www.youtube.com\/UelzenerVersicherungen\"]}]}<\/script>\n<!-- \/ Yoast SEO Premium plugin. -->","yoast_head_json":{"title":"Pferde im Winterlicht: Fotografietipps und -ideen | Uelzener Magazin","robots":{"index":"index","follow":"follow","max-snippet":"max-snippet:-1","max-image-preview":"max-image-preview:large","max-video-preview":"max-video-preview:-1"},"canonical":"https:\/\/uelzener.de\/magazin\/pferd\/erziehung-und-training\/pferde-im-winterlicht-fotografietipps-und-ideen\/","og_locale":"de_DE","og_type":"article","og_title":"Pferde im Winterlicht: Fotografietipps und -ideen","og_description":"Der Winter bietet eine einzigartige Gelegenheit, Pferde in einer besonders magischen Stimmung zu fotografieren. Das sanfte Licht der tief stehenden Wintersonne, die ruhigen Farben und die schneebedeckten Landschaften schaffen eine unvergleichliche Atmosph\u00e4re. In diesem Artikel erh\u00e4ltst du wertvolle Tipps und Ideen f\u00fcr ein gelungenes Wintershooting mit den Vierbeinern. Was spricht f\u00fcr ein Pferdeshooting im Winter? [&hellip;]","og_url":"https:\/\/uelzener.de\/magazin\/pferd\/erziehung-und-training\/pferde-im-winterlicht-fotografietipps-und-ideen\/","og_site_name":"Uelzener Tier-Magazin","article_publisher":"https:\/\/www.facebook.com\/Uelzener","article_modified_time":"2026-02-03T11:50:17+00:00","og_image":[{"width":1025,"height":450,"url":"https:\/\/uelzener.de\/magazin\/app\/uploads\/2025\/01\/pferde-im-winter-fotografieren-1.jpg","type":"image\/jpeg"}],"twitter_card":"summary_large_image","twitter_misc":{"Gesch\u00e4tzte Lesezeit":"7\u00a0Minuten"},"schema":{"@context":"https:\/\/schema.org","@graph":[{"@type":"WebPage","@id":"https:\/\/uelzener.de\/magazin\/pferd\/erziehung-und-training\/pferde-im-winterlicht-fotografietipps-und-ideen\/","url":"https:\/\/uelzener.de\/magazin\/pferd\/erziehung-und-training\/pferde-im-winterlicht-fotografietipps-und-ideen\/","name":"Pferde im Winterlicht: Fotografietipps und -ideen | Uelzener Magazin","isPartOf":{"@id":"https:\/\/uelzener.de\/magazin\/#website"},"primaryImageOfPage":{"@id":"https:\/\/uelzener.de\/magazin\/pferd\/erziehung-und-training\/pferde-im-winterlicht-fotografietipps-und-ideen\/#primaryimage"},"image":{"@id":"https:\/\/uelzener.de\/magazin\/pferd\/erziehung-und-training\/pferde-im-winterlicht-fotografietipps-und-ideen\/#primaryimage"},"thumbnailUrl":"https:\/\/uelzener.de\/magazin\/app\/uploads\/2025\/01\/pferde-im-winter-fotografieren-1.jpg","datePublished":"2024-12-10T08:41:57+00:00","dateModified":"2026-02-03T11:50:17+00:00","breadcrumb":{"@id":"https:\/\/uelzener.de\/magazin\/pferd\/erziehung-und-training\/pferde-im-winterlicht-fotografietipps-und-ideen\/#breadcrumb"},"inLanguage":"de","potentialAction":[{"@type":"ReadAction","target":["https:\/\/uelzener.de\/magazin\/pferd\/erziehung-und-training\/pferde-im-winterlicht-fotografietipps-und-ideen\/"]}]},{"@type":"ImageObject","inLanguage":"de","@id":"https:\/\/uelzener.de\/magazin\/pferd\/erziehung-und-training\/pferde-im-winterlicht-fotografietipps-und-ideen\/#primaryimage","url":"https:\/\/uelzener.de\/magazin\/app\/uploads\/2025\/01\/pferde-im-winter-fotografieren-1.jpg","contentUrl":"https:\/\/uelzener.de\/magazin\/app\/uploads\/2025\/01\/pferde-im-winter-fotografieren-1.jpg","width":1025,"height":450,"caption":"Eine Frau reitet mit ihrem Pferd in einer Schneepr\u00e4rie durch den Sonnenaufgang"},{"@type":"WebSite","@id":"https:\/\/uelzener.de\/magazin\/#website","url":"https:\/\/uelzener.de\/magazin\/","name":"Uelzener Tiermagazin","description":"Online Tierratgeber der Uelzener Versicherungen","publisher":{"@id":"https:\/\/uelzener.de\/magazin\/#organization"},"potentialAction":[{"@type":"SearchAction","target":{"@type":"EntryPoint","urlTemplate":"https:\/\/uelzener.de\/magazin\/?s={search_term_string}"},"query-input":{"@type":"PropertyValueSpecification","valueRequired":true,"valueName":"search_term_string"}}],"inLanguage":"de"},{"@type":"Organization","@id":"https:\/\/uelzener.de\/magazin\/#organization","name":"Uelzener Versicherungen","url":"https:\/\/uelzener.de\/magazin\/","logo":{"@type":"ImageObject","inLanguage":"de","@id":"https:\/\/uelzener.de\/magazin\/#\/schema\/logo\/image\/","url":"https:\/\/uelzener.de\/magazin\/app\/uploads\/2024\/11\/uelzener_allgemeine_versicherungsgesellschaft_a_g_logo.jpg","contentUrl":"https:\/\/uelzener.de\/magazin\/app\/uploads\/2024\/11\/uelzener_allgemeine_versicherungsgesellschaft_a_g_logo.jpg","width":200,"height":200,"caption":"Uelzener Versicherungen"},"image":{"@id":"https:\/\/uelzener.de\/magazin\/#\/schema\/logo\/image\/"},"sameAs":["https:\/\/www.facebook.com\/Uelzener","https:\/\/instagram.com\/uelzener","https:\/\/www.xing.com\/pages\/uelzenerallgemeineversicherungs-gesellschafta-g","https:\/\/www.youtube.com\/UelzenerVersicherungen"]}]}},"_links":{"self":[{"href":"https:\/\/uelzener.de\/magazin\/wp-json\/wp\/v2\/pages\/17842","targetHints":{"allow":["GET"]}}],"collection":[{"href":"https:\/\/uelzener.de\/magazin\/wp-json\/wp\/v2\/pages"}],"about":[{"href":"https:\/\/uelzener.de\/magazin\/wp-json\/wp\/v2\/types\/page"}],"author":[{"embeddable":true,"href":"https:\/\/uelzener.de\/magazin\/wp-json\/wp\/v2\/users\/21"}],"replies":[{"embeddable":true,"href":"https:\/\/uelzener.de\/magazin\/wp-json\/wp\/v2\/comments?post=17842"}],"version-history":[{"count":11,"href":"https:\/\/uelzener.de\/magazin\/wp-json\/wp\/v2\/pages\/17842\/revisions"}],"predecessor-version":[{"id":19726,"href":"https:\/\/uelzener.de\/magazin\/wp-json\/wp\/v2\/pages\/17842\/revisions\/19726"}],"up":[{"embeddable":true,"href":"https:\/\/uelzener.de\/magazin\/wp-json\/wp\/v2\/pages\/11689"}],"wp:featuredmedia":[{"embeddable":true,"href":"https:\/\/uelzener.de\/magazin\/wp-json\/wp\/v2\/media\/18168"}],"wp:attachment":[{"href":"https:\/\/uelzener.de\/magazin\/wp-json\/wp\/v2\/media?parent=17842"}],"curies":[{"name":"wp","href":"https:\/\/api.w.org\/{rel}","templated":true}]}}