{"id":17838,"date":"2024-12-10T08:54:51","date_gmt":"2024-12-10T07:54:51","guid":{"rendered":"https:\/\/uelzener.de\/magazin\/?page_id=17838"},"modified":"2024-12-16T10:38:15","modified_gmt":"2024-12-16T09:38:15","slug":"katzen-und-weihnachtsessen-was-ist-fuer-katzen-sicher","status":"publish","type":"page","link":"https:\/\/uelzener.de\/magazin\/katze\/ernaehrung\/katzen-und-weihnachtsessen-was-ist-fuer-katzen-sicher\/","title":{"rendered":"Katzen und Weihnachtsessen: Was ist f\u00fcr Katzen sicher?"},"content":{"rendered":"<p>Zur Weihnachtszeit geh\u00f6ren festliche Momente mit den Liebsten genauso dazu wie kulinarische K\u00f6stlichkeiten. Wenn der verf\u00fchrerische Duft von Weihnachtsleckereien wie Lebkuchen, Zimtsternen und Festtagsbraten die Luft erf\u00fcllt, l\u00e4uft einem unweigerlich das Wasser im Mund zusammen. Auch Katzen nehmen mit ihrem feinen Geruchssinn die vielf\u00e4ltigen D\u00fcfte der Weihnachtszeit wahr und entwickeln bei dem einen oder anderen Aroma sicherlich Appetit. Doch nicht alles, was wir zur Weihnachtszeit gen\u00fcsslich verspeisen, ist auch f\u00fcr Katzen unbedenklich. Welches Weihnachtsessen f\u00fcr Katzen geeignet ist und wo Vorsicht geboten ist, verraten wir dir in diesem Artikel.<\/p>\n<h2><b>Festschmaus f\u00fcr Mensch und Haustier \u2013 Was Katzen an Weihnachten essen k\u00f6nnen<\/b><\/h2>\n<p>An den Feiertagen wird der Tisch oft reich gedeckt: Ob Hirsch, Gans, Ente, Truthahn, Fisch oder eine vegetarische Alternative \u2013 solch einen Festschmaus l\u00e4sst sich niemand gern entgehen. Auch deine Katze freut sich \u00fcber eine besondere Leckerei im Futternapf. Doch Vorsicht: G\u00e4nsebraten, Hirschgulasch, Karpfen und Co. vom Esstisch haben dort nichts verloren!<\/p>\n<p>Auch wenn du deiner Katze mit den Resten des Festtagsbratens eine Freude machen m\u00f6chtest, solltest du darauf verzichten. Der Grund: Zutaten und Gew\u00fcrze, die bei der Zubereitung verwendet werden, k\u00f6nnen f\u00fcr Katzen sch\u00e4dlich sein. Fetthaltiges, Salziges und stark Gew\u00fcrztes geh\u00f6ren keinesfalls in den Napf. Insbesondere bei ern\u00e4hrungssensiblen Katzen k\u00f6nnen Reste vom Weihnachtsessen St\u00f6rungen im Magen-Darm-Trakt ausl\u00f6sen und etwa Durchfall oder Erbrechen verursachen. Das Gleiche gilt f\u00fcr gekochte Gefl\u00fcgelknochen oder Fischgr\u00e4ten. Sie k\u00f6nnen splittern, innere Verletzungen verursachen oder in der Speiser\u00f6hre stecken bleiben, was im schlimmsten Fall einen Besuch beim <a href=\"https:\/\/uelzener.de\/magazin\/katze\/tiergesundheit\/tieraerzte-im-notdienst-waehrend-der-feiertage-was-du-wissen-musst\/\">Tierarzt oder in der Tierklinik<\/a> erforderlich macht. Sollte es zu einem Notfall \u00fcber Weihnachten kommen, bist du mit der <a href=\"https:\/\/uelzener.de\/katze\/katzen-krankenversicherung\/\">Krankenversicherung f\u00fcr Katzen der Uelzener<\/a> gut vor den finanziellen Folgen gesch\u00fctzt.<\/p>\n<h3><b>Bek\u00f6mmliches Weihnachtsessen f\u00fcr Katzen<\/b><\/h3>\n<p>Im Idealfall bleibst du beim Lieblingsfutter deiner Katze und verw\u00f6hnst sie stattdessen mit einem besonderen Gaumenschmaus lieber mit einer Extraportion Schmuseeinheiten. Sollte dir dennoch der Sinn danach stehen, deiner Samtpfote ein kulinarisches Highlight zu bieten, lohnt sich ein Blick auf das spezielle Futterangebot unterschiedlicher Hersteller. Viele bieten festliche Nassfutter-Variationen f\u00fcr Katzen an \u2013 beispielsweise mit Thunfisch und Garnelen, Wachtel, Hirsch oder Gans, kombiniert mit besonderen Zutaten f\u00fcr ein weihnachtliches Flair.<\/p>\n<p>Wenn du gerne selbst Speisen zubereitest, kannst du deiner Katze auch in Eigenregie ein schmackhaftes Men\u00fc zaubern:<\/p>\n<ul>\n<li aria-level=\"1\"><b>Der Hauptgang: <\/b>Als Grundlage eignet sich mageres Fleisch von Gefl\u00fcgel, Rind, Lamm oder Kaninchen. Aber auch Fischarten wie Lachs, Thunfisch, Forelle oder Hecht sind hervorragende Komponenten f\u00fcr eine Katzenmahlzeit. Du kannst daf\u00fcr ungew\u00fcrzte Fleisch- oder Fischprodukte nutzen, die du ohnehin f\u00fcr deinen eigenen Weihnachtsschmaus gekauft hast. Achtung: Bei Fisch musst du darauf achten, alle Gr\u00e4ten sorgf\u00e4ltig zu entfernen, um Verletzungen zu vermeiden. Fleisch oder Fisch kannst du mit Gem\u00fcsesorten wie Brokkoli, M\u00f6hren oder Erbsen kombinieren und bei Bedarf eine kleine Menge Reis hinzuf\u00fcgen. Ein Ei dient gleichzeitig als Bindemittel und zus\u00e4tzliche Proteinquelle. Mit ein paar Tropfen hochwertigem \u00d6l ist das Men\u00fc f\u00fcr deine Katze fertig.<\/li>\n<li aria-level=\"1\"><b>Das Dessert f\u00fcr Fischfans: <\/b>Selbstverst\u00e4ndlich darf ein schmackhaftes Dessert nicht fehlen! <a href=\"https:\/\/uelzener.de\/magazin\/hund\/ernaehrung\/leckerlie-rezepte-fuer-pferd-hund-katze\/\">Weihnachtspl\u00e4tzchen f\u00fcr Katzen<\/a> kannst du im Nu selbst backen. Daf\u00fcr p\u00fcrierst du beispielsweise Thunfisch im eigenen Saft und vermengst diesen mit etwas Vollkornmehl, Semmelbr\u00f6seln, einem Ei und etwas Raps\u00f6l. So entsteht ein geschmeidiger Teig, den du nach Belieben mit lustigen Ausstechformen gestalten kannst. Die Pl\u00e4tzchen backst du etwa 15 Minuten lang bei 180 \u00b0C. Sobald sie abgek\u00fchlt sind, kannst du sie als Snack an deine Katze verf\u00fcttern.<\/li>\n<li aria-level=\"1\"><b>Das Dessert f\u00fcr K\u00e4sefans: <\/b>Dein Stubentiger liebt K\u00e4se? Dann k\u00f6nnten K\u00e4sekekse genau das Richtige f\u00fcr deine Katze sein! Daf\u00fcr vermengst du etwa 150 Gramm geriebenen Parmesan mit einem Ei, etwas Kartoffelmehl und Butter, bis ein gleichm\u00e4\u00dfiger Teig entsteht. Aus dem Teig lassen sich entweder kleine Kugeln formen oder eine Rolle modellieren, die anschlie\u00dfend in mundgerechte St\u00fccke geschnitten wird. Die Kekse backst du anschlie\u00dfend je nach Gr\u00f6\u00dfe etwa 10 bis 15 Minuten bei 180 \u00b0C im Backofen.<\/li>\n<\/ul>\n<h2><b>Nichts f\u00fcr Katzen: Schokolade, Rosinen, N\u00fcsse und Co.<\/b><\/h2>\n<p>Zur Weihnachtszeit gibt es allerlei Naschereien, die deine Katze nicht fressen sollte. Dazu z\u00e4hlen etwa <a href=\"https:\/\/uelzener.de\/magazin\/katze\/ernaehrung\/katze-schokolade\/\">Schokolade<\/a>, Weintrauben, Rosinen und N\u00fcsse. Schokolade enth\u00e4lt neben Koffein auch Theobromin aus dem Kakaoanteil. Nimmt eine Katze gr\u00f6\u00dfere Mengen Schokolade zu sich, k\u00f6nnen neben Erbrechen und Durchfall auch Krampfanf\u00e4lle und weitere schwerwiegende Symptome auftreten.<\/p>\n<p>Weintrauben und Rosinen k\u00f6nnen bei Katzen zu Nierensch\u00e4den und gar Nierenversagen f\u00fchren, wenn gr\u00f6\u00dfere Mengen verzehrt werden. N\u00fcsse, ob gehackt oder am St\u00fcck, k\u00f6nnen bei Katzen aufgrund des hohen Fett- als auch Ballaststoffgehalts Magenverstimmungen und Bauchspeicheldr\u00fcsenentz\u00fcndungen hervorrufen.<\/p>\n<p>Gef\u00e4hrlich f\u00fcr Samtpfoten ist au\u00dferdem Alkohol, sowohl in Getr\u00e4nken als auch als Zusatz in rohem Hefeteig und anderen Lebensmitteln. Nimmt eine Katze Alkohol zu sich, kann dies zu Leber- und Hirnsch\u00e4den f\u00fchren.<\/p>\n<p>Fettreiche, gew\u00fcrzte Speisen in allen Varianten sollten ebenso nicht im Katzennapf landen. Achte beim Zubereiten des Weihnachtsessens darauf, dass deine Katze weder an Essensreste noch an Abf\u00e4lle wie Gefl\u00fcgelknochen oder Fischgr\u00e4ten gelangen kann, um das Verletzungsrisiko zu minimieren.<\/p>\n<p><b>Vorsicht bei <a href=\"https:\/\/uelzener.de\/magazin\/katze\/tipps-fuer-den-alltag\/katze-weihnachten\/\">Weihnachtsdeko<\/a>!<\/b><\/p>\n<p>Katzen beschr\u00e4nken sich beim Fressen leider nicht immer auf Dinge, die tats\u00e4chlich essbar sind. Besonders Lametta, das verlockend glitzert und vom Weihnachtsbaum baumelt, \u00fcbt eine magische Anziehungskraft aus. Viele Stubentiger spielen nicht nur begeistert damit, sondern knabbern am Lametta, was zu Verdauungsproblemen f\u00fchren kann.<\/p>\n<p>Auch beliebte Weihnachtspflanzen wie Mistelzweige oder Weihnachtssterne k\u00f6nnen zur Gefahrenquelle werden, denn bei Verzehr k\u00f6nnen sie bei Katzen Erbrechen und andere Beschwerden verursachen.<\/p>\n<p>Noch ein Tipp: Damit das Auspacken von Geschenken nicht in Stress ausartet, empfiehlt es sich, Geschenkb\u00e4nder schnell au\u00dfer Reichweite deiner Katze zu bringen. Samtpfoten lieben es, mit den B\u00e4ndern zu spielen und daran zu knabbern. Verschlucken sie Teile der Geschenkb\u00e4nder oder sonstiges Verpackungsmaterial, sind Erbrechen und andere Verdauungsbeschwerden beinahe vorprogrammiert.<\/p>\n<p>Selbstverst\u00e4ndlich gilt es auch beim Umgang mit brennenden Kerzen oder zerbrechlichen Glaskugeln am Baum, Vorsicht walten zu lassen. Idealerweise l\u00e4sst du deinen Stubentiger nicht l\u00e4ngere Zeit unbeaufsichtigt mit derlei potenziell gef\u00e4hrlichen Objekten.<\/p>\n<h2><b>Weihnachtsessen mit Katzen: Bitte nicht f\u00fcttern!<\/b><\/h2>\n<p>Wenn du an Weihnachten G\u00e4ste eingeladen hast, solltest du deiner Katze ausreichend R\u00fcckzugsm\u00f6glichkeiten bieten. So kann sie sich jederzeit verkr\u00fcmeln, wenn es ihr zu laut und hektisch wird. Bitte deine G\u00e4ste h\u00f6flich, deiner Katze keine Speisen vom Tisch zu geben \u2013 auch wenn sie noch so charmant bettelt und niedlich dreinblickt. Weise darauf hin, dass viele Lebensmittel Katzen gef\u00e4hrlich werden k\u00f6nnten.<\/p>\n<p>Um den Tagesablauf deiner Katze so stressfrei wie m\u00f6glich zu gestalten, h\u00e4ltst du im Idealfall an den gewohnten F\u00fctterungszeiten fest. So f\u00fchlt sie sich auch an den Festtagen sicher und geborgen \u2013 wie an jedem anderen Tag an deiner Seite auch.<\/p>\n<h2><b>Wenn die Katze doch vom Weihnachtsbraten nascht<\/b><\/h2>\n<p>Selbst mit gr\u00f6\u00dfter Vorsicht kann es passieren, dass deine Katze unbemerkt einen Happen vom Weihnachtsbraten nimmt oder die Sauce von den Tellern schleckt. Das ist in der Regel kein Grund zur Sorge. Hat deine Katze jedoch gr\u00f6\u00dfere Mengen davon verzehrt oder sich andere ungeeignete Lebensmittel einverleibt, solltest du sie genau beobachten. Achte auf Warnsignale wie Erbrechen, Durchfall, Unruhe, Kr\u00e4mpfe oder Apathie. Verh\u00e4lt sich deine Katze ungew\u00f6hnlich, ist schnelles Handeln gefragt.<\/p>\n<p>Bei Vergiftungserscheinungen sind die Fachkr\u00e4fte in den Tierarztpraxen dein erster Ansprechpartner. Wenn die gewohnte Tierarztpraxis an den Feiertagen nicht erreichbar ist, kannst du dich an die n\u00e4chstgelegene Tierklinik oder den tier\u00e4rztlichen Notdienst wenden.<\/p>\n<h2><b>Fazit<\/b><\/h2>\n<p>Mit ein wenig Planung steht unbeschwerten Feiertagen mit deiner Samtpfote nichts im Wege. Achte nicht nur darauf, dass deine Katze keine giftigen Lebensmittel verzehrt, sondern pr\u00fcfe auch genau, ob Pflanzen und Dekorationen katzensicher sind. Deiner Katze ist es \u00fcbrigens egal, ob du ihr das Lieblingsfutter servierst oder ein besonderes Festmahl zubereitest \u2013 Hauptsache, sie wird satt, f\u00fchlt sich wohl und hat gen\u00fcgend R\u00fcckzugsorte f\u00fcr ein Nickerchen, besonders dann, wenn G\u00e4ste zu Besuch kommen.<\/p>\n<h2><b>FAQ: H\u00e4ufig gestellte Fragen zum Thema Katzen und Weihnachtsessen<\/b><\/h2>\n<h3><b>Wie kann ich verhindern, dass meine Katze st\u00e4ndig am Tisch nach Essen bettelt?<\/b><\/h3>\n<p>Zun\u00e4chst solltest du herausfinden, warum deine Katze bettelt. Ist Langeweile die Ursache, dann kannst du ihr ein Spielzeug anbieten, das sie besch\u00e4ftigt und ablenkt. Wenn sie tats\u00e4chlich Hunger hat, solltest du sie f\u00fcttern. Idealerweise bekommt deine Katze zu festen Zeiten Futter. Mit einem geregelten Futterplan gew\u00f6hnt sie sich schnell an die Zeiten und bettelt seltener zwischendurch. Achte darauf, die richtige Menge an Futter bereitzustellen, damit sie ausreichend versorgt ist.<\/p>\n<h3><b>Was tun, damit G\u00e4ste die Katze nicht f\u00fcttern?<\/b><\/h3>\n<p>Am besten weist du deine G\u00e4ste gleich zu Beginn darauf hin, dass du deiner Katze nur Katzenfutter gibst und kein Essen vom Tisch. Als Begr\u00fcndung kannst du anf\u00fchren, dass viele Lebensmittel auf dem festlich gedeckten Tisch f\u00fcr Katzen ungeeignet und sogar giftig sein k\u00f6nnten. Wenn die G\u00e4ste deiner Katze unbedingt etwas geben m\u00f6chten, kannst du katzengerechte Leckerlis bereitstellen. So machst du sowohl den G\u00e4sten als auch deiner Katze eine Freude.<\/p>\n<h3><b>Welche Getr\u00e4nke sind an Weihnachten f\u00fcr Katzen geeignet?<\/b><\/h3>\n<p>Auch an Weihnachten bleibt Wasser die beste Wahl f\u00fcr Katzen. Zuckerhaltige oder alkoholische Getr\u00e4nke sowie Kaffee, Tee und Kakao sind f\u00fcr sie ungeeignet und k\u00f6nnen zur Vergiftung f\u00fchren. Als besonderes Schmankerl kannst du deiner Samtpfote spezielle Katzensuppe oder eine kleine Portion Katzenmilch anbieten. Beachte jedoch, dass manche Produkte Zucker enthalten und daher wirklich nur als Leckerli f\u00fcr besondere Gelegenheiten gedacht sind.<\/p>\n<p>&nbsp;<\/p>\n","protected":false},"excerpt":{"rendered":"<p>Zur Weihnachtszeit geh\u00f6ren festliche Momente mit den Liebsten genauso dazu wie kulinarische K\u00f6stlichkeiten. Wenn der verf\u00fchrerische Duft von Weihnachtsleckereien wie Lebkuchen, Zimtsternen und Festtagsbraten die Luft erf\u00fcllt, l\u00e4uft einem unweigerlich das Wasser im Mund zusammen. Auch Katzen nehmen mit ihrem feinen Geruchssinn die vielf\u00e4ltigen D\u00fcfte der Weihnachtszeit wahr und entwickeln bei dem einen oder anderen [&hellip;]<\/p>\n","protected":false},"author":21,"featured_media":17878,"parent":11676,"menu_order":6,"comment_status":"closed","ping_status":"closed","template":"templates\/blog.php","meta":{"_acf_changed":false,"_crdt_document":"","footnotes":"","beyondwords_generate_audio":"","beyondwords_project_id":"","beyondwords_content_id":"","beyondwords_preview_token":"","beyondwords_player_style":"","beyondwords_language_id":"","beyondwords_title_voice_id":"","beyondwords_body_voice_id":"","beyondwords_summary_voice_id":"","beyondwords_error_message":"","beyondwords_disabled":"","beyondwords_delete_content":"","beyondwords_podcast_id":"","beyondwords_hash":"","publish_post_to_speechkit":"","speechkit_hash":"","speechkit_generate_audio":"","speechkit_project_id":"","speechkit_podcast_id":"","speechkit_error_message":"","speechkit_disabled":"","speechkit_access_key":"","speechkit_error":"","speechkit_info":"","speechkit_response":"","speechkit_retries":"","speechkit_status":"","speechkit_updated_at":"","_speechkit_link":"","_speechkit_text":""},"class_list":["post-17838","page","type-page","status-publish","has-post-thumbnail","hentry"],"acf":[],"yoast_head":"<!-- This site is optimized with the Yoast SEO Premium plugin  - https:\/\/yoast.com\/product\/yoast-seo-premium-wordpress\/ -->\n<title>Katzen und Weihnachtsessen: Was ist f\u00fcr Katzen sicher? | Uelzener Magazin<\/title>\n<meta name=\"robots\" content=\"index, follow, max-snippet:-1, max-image-preview:large, max-video-preview:-1\" \/>\n<link rel=\"canonical\" href=\"https:\/\/uelzener.de\/magazin\/katze\/ernaehrung\/katzen-und-weihnachtsessen-was-ist-fuer-katzen-sicher\/\" \/>\n<meta property=\"og:locale\" content=\"de_DE\" \/>\n<meta property=\"og:type\" content=\"article\" \/>\n<meta property=\"og:title\" content=\"Katzen und Weihnachtsessen: Was ist f\u00fcr Katzen sicher?\" \/>\n<meta property=\"og:description\" content=\"Zur Weihnachtszeit geh\u00f6ren festliche Momente mit den Liebsten genauso dazu wie kulinarische K\u00f6stlichkeiten. Wenn der verf\u00fchrerische Duft von Weihnachtsleckereien wie Lebkuchen, Zimtsternen und Festtagsbraten die Luft erf\u00fcllt, l\u00e4uft einem unweigerlich das Wasser im Mund zusammen. Auch Katzen nehmen mit ihrem feinen Geruchssinn die vielf\u00e4ltigen D\u00fcfte der Weihnachtszeit wahr und entwickeln bei dem einen oder anderen [&hellip;]\" \/>\n<meta property=\"og:url\" content=\"https:\/\/uelzener.de\/magazin\/katze\/ernaehrung\/katzen-und-weihnachtsessen-was-ist-fuer-katzen-sicher\/\" \/>\n<meta property=\"og:site_name\" content=\"Uelzener Tier-Magazin\" \/>\n<meta property=\"article:publisher\" content=\"https:\/\/www.facebook.com\/Uelzener\" \/>\n<meta property=\"article:modified_time\" content=\"2024-12-16T09:38:15+00:00\" \/>\n<meta property=\"og:image\" content=\"https:\/\/uelzener.de\/magazin\/app\/uploads\/2024\/12\/Katze_Weihnachten-1025-x-450-px.jpg\" \/>\n\t<meta property=\"og:image:width\" content=\"1025\" \/>\n\t<meta property=\"og:image:height\" content=\"450\" \/>\n\t<meta property=\"og:image:type\" content=\"image\/jpeg\" \/>\n<meta name=\"twitter:card\" content=\"summary_large_image\" \/>\n<meta name=\"twitter:label1\" content=\"Gesch\u00e4tzte Lesezeit\" \/>\n\t<meta name=\"twitter:data1\" content=\"8\u00a0Minuten\" \/>\n<script type=\"application\/ld+json\" class=\"yoast-schema-graph\">{\"@context\":\"https:\/\/schema.org\",\"@graph\":[{\"@type\":\"WebPage\",\"@id\":\"https:\/\/uelzener.de\/magazin\/katze\/ernaehrung\/katzen-und-weihnachtsessen-was-ist-fuer-katzen-sicher\/\",\"url\":\"https:\/\/uelzener.de\/magazin\/katze\/ernaehrung\/katzen-und-weihnachtsessen-was-ist-fuer-katzen-sicher\/\",\"name\":\"Katzen und Weihnachtsessen: Was ist f\u00fcr Katzen sicher? | Uelzener Magazin\",\"isPartOf\":{\"@id\":\"https:\/\/uelzener.de\/magazin\/#website\"},\"primaryImageOfPage\":{\"@id\":\"https:\/\/uelzener.de\/magazin\/katze\/ernaehrung\/katzen-und-weihnachtsessen-was-ist-fuer-katzen-sicher\/#primaryimage\"},\"image\":{\"@id\":\"https:\/\/uelzener.de\/magazin\/katze\/ernaehrung\/katzen-und-weihnachtsessen-was-ist-fuer-katzen-sicher\/#primaryimage\"},\"thumbnailUrl\":\"https:\/\/uelzener.de\/magazin\/app\/uploads\/2024\/12\/Katze_Weihnachten-1025-x-450-px.jpg\",\"datePublished\":\"2024-12-10T07:54:51+00:00\",\"dateModified\":\"2024-12-16T09:38:15+00:00\",\"breadcrumb\":{\"@id\":\"https:\/\/uelzener.de\/magazin\/katze\/ernaehrung\/katzen-und-weihnachtsessen-was-ist-fuer-katzen-sicher\/#breadcrumb\"},\"inLanguage\":\"de\",\"potentialAction\":[{\"@type\":\"ReadAction\",\"target\":[\"https:\/\/uelzener.de\/magazin\/katze\/ernaehrung\/katzen-und-weihnachtsessen-was-ist-fuer-katzen-sicher\/\"]}]},{\"@type\":\"ImageObject\",\"inLanguage\":\"de\",\"@id\":\"https:\/\/uelzener.de\/magazin\/katze\/ernaehrung\/katzen-und-weihnachtsessen-was-ist-fuer-katzen-sicher\/#primaryimage\",\"url\":\"https:\/\/uelzener.de\/magazin\/app\/uploads\/2024\/12\/Katze_Weihnachten-1025-x-450-px.jpg\",\"contentUrl\":\"https:\/\/uelzener.de\/magazin\/app\/uploads\/2024\/12\/Katze_Weihnachten-1025-x-450-px.jpg\",\"width\":1025,\"height\":450,\"caption\":\"Eine Katze sitzt vorm Weihnachtsbaum und schaut in die Kamera\"},{\"@type\":\"WebSite\",\"@id\":\"https:\/\/uelzener.de\/magazin\/#website\",\"url\":\"https:\/\/uelzener.de\/magazin\/\",\"name\":\"Uelzener Tiermagazin\",\"description\":\"Online Tierratgeber der Uelzener Versicherungen\",\"publisher\":{\"@id\":\"https:\/\/uelzener.de\/magazin\/#organization\"},\"potentialAction\":[{\"@type\":\"SearchAction\",\"target\":{\"@type\":\"EntryPoint\",\"urlTemplate\":\"https:\/\/uelzener.de\/magazin\/?s={search_term_string}\"},\"query-input\":{\"@type\":\"PropertyValueSpecification\",\"valueRequired\":true,\"valueName\":\"search_term_string\"}}],\"inLanguage\":\"de\"},{\"@type\":\"Organization\",\"@id\":\"https:\/\/uelzener.de\/magazin\/#organization\",\"name\":\"Uelzener Versicherungen\",\"url\":\"https:\/\/uelzener.de\/magazin\/\",\"logo\":{\"@type\":\"ImageObject\",\"inLanguage\":\"de\",\"@id\":\"https:\/\/uelzener.de\/magazin\/#\/schema\/logo\/image\/\",\"url\":\"https:\/\/uelzener.de\/magazin\/app\/uploads\/2024\/11\/uelzener_allgemeine_versicherungsgesellschaft_a_g_logo.jpg\",\"contentUrl\":\"https:\/\/uelzener.de\/magazin\/app\/uploads\/2024\/11\/uelzener_allgemeine_versicherungsgesellschaft_a_g_logo.jpg\",\"width\":200,\"height\":200,\"caption\":\"Uelzener Versicherungen\"},\"image\":{\"@id\":\"https:\/\/uelzener.de\/magazin\/#\/schema\/logo\/image\/\"},\"sameAs\":[\"https:\/\/www.facebook.com\/Uelzener\",\"https:\/\/instagram.com\/uelzener\",\"https:\/\/www.xing.com\/pages\/uelzenerallgemeineversicherungs-gesellschafta-g\",\"https:\/\/www.youtube.com\/UelzenerVersicherungen\"]}]}<\/script>\n<!-- \/ Yoast SEO Premium plugin. -->","yoast_head_json":{"title":"Katzen und Weihnachtsessen: Was ist f\u00fcr Katzen sicher? | Uelzener Magazin","robots":{"index":"index","follow":"follow","max-snippet":"max-snippet:-1","max-image-preview":"max-image-preview:large","max-video-preview":"max-video-preview:-1"},"canonical":"https:\/\/uelzener.de\/magazin\/katze\/ernaehrung\/katzen-und-weihnachtsessen-was-ist-fuer-katzen-sicher\/","og_locale":"de_DE","og_type":"article","og_title":"Katzen und Weihnachtsessen: Was ist f\u00fcr Katzen sicher?","og_description":"Zur Weihnachtszeit geh\u00f6ren festliche Momente mit den Liebsten genauso dazu wie kulinarische K\u00f6stlichkeiten. Wenn der verf\u00fchrerische Duft von Weihnachtsleckereien wie Lebkuchen, Zimtsternen und Festtagsbraten die Luft erf\u00fcllt, l\u00e4uft einem unweigerlich das Wasser im Mund zusammen. Auch Katzen nehmen mit ihrem feinen Geruchssinn die vielf\u00e4ltigen D\u00fcfte der Weihnachtszeit wahr und entwickeln bei dem einen oder anderen [&hellip;]","og_url":"https:\/\/uelzener.de\/magazin\/katze\/ernaehrung\/katzen-und-weihnachtsessen-was-ist-fuer-katzen-sicher\/","og_site_name":"Uelzener Tier-Magazin","article_publisher":"https:\/\/www.facebook.com\/Uelzener","article_modified_time":"2024-12-16T09:38:15+00:00","og_image":[{"width":1025,"height":450,"url":"https:\/\/uelzener.de\/magazin\/app\/uploads\/2024\/12\/Katze_Weihnachten-1025-x-450-px.jpg","type":"image\/jpeg"}],"twitter_card":"summary_large_image","twitter_misc":{"Gesch\u00e4tzte Lesezeit":"8\u00a0Minuten"},"schema":{"@context":"https:\/\/schema.org","@graph":[{"@type":"WebPage","@id":"https:\/\/uelzener.de\/magazin\/katze\/ernaehrung\/katzen-und-weihnachtsessen-was-ist-fuer-katzen-sicher\/","url":"https:\/\/uelzener.de\/magazin\/katze\/ernaehrung\/katzen-und-weihnachtsessen-was-ist-fuer-katzen-sicher\/","name":"Katzen und Weihnachtsessen: Was ist f\u00fcr Katzen sicher? | Uelzener Magazin","isPartOf":{"@id":"https:\/\/uelzener.de\/magazin\/#website"},"primaryImageOfPage":{"@id":"https:\/\/uelzener.de\/magazin\/katze\/ernaehrung\/katzen-und-weihnachtsessen-was-ist-fuer-katzen-sicher\/#primaryimage"},"image":{"@id":"https:\/\/uelzener.de\/magazin\/katze\/ernaehrung\/katzen-und-weihnachtsessen-was-ist-fuer-katzen-sicher\/#primaryimage"},"thumbnailUrl":"https:\/\/uelzener.de\/magazin\/app\/uploads\/2024\/12\/Katze_Weihnachten-1025-x-450-px.jpg","datePublished":"2024-12-10T07:54:51+00:00","dateModified":"2024-12-16T09:38:15+00:00","breadcrumb":{"@id":"https:\/\/uelzener.de\/magazin\/katze\/ernaehrung\/katzen-und-weihnachtsessen-was-ist-fuer-katzen-sicher\/#breadcrumb"},"inLanguage":"de","potentialAction":[{"@type":"ReadAction","target":["https:\/\/uelzener.de\/magazin\/katze\/ernaehrung\/katzen-und-weihnachtsessen-was-ist-fuer-katzen-sicher\/"]}]},{"@type":"ImageObject","inLanguage":"de","@id":"https:\/\/uelzener.de\/magazin\/katze\/ernaehrung\/katzen-und-weihnachtsessen-was-ist-fuer-katzen-sicher\/#primaryimage","url":"https:\/\/uelzener.de\/magazin\/app\/uploads\/2024\/12\/Katze_Weihnachten-1025-x-450-px.jpg","contentUrl":"https:\/\/uelzener.de\/magazin\/app\/uploads\/2024\/12\/Katze_Weihnachten-1025-x-450-px.jpg","width":1025,"height":450,"caption":"Eine Katze sitzt vorm Weihnachtsbaum und schaut in die Kamera"},{"@type":"WebSite","@id":"https:\/\/uelzener.de\/magazin\/#website","url":"https:\/\/uelzener.de\/magazin\/","name":"Uelzener Tiermagazin","description":"Online Tierratgeber der Uelzener Versicherungen","publisher":{"@id":"https:\/\/uelzener.de\/magazin\/#organization"},"potentialAction":[{"@type":"SearchAction","target":{"@type":"EntryPoint","urlTemplate":"https:\/\/uelzener.de\/magazin\/?s={search_term_string}"},"query-input":{"@type":"PropertyValueSpecification","valueRequired":true,"valueName":"search_term_string"}}],"inLanguage":"de"},{"@type":"Organization","@id":"https:\/\/uelzener.de\/magazin\/#organization","name":"Uelzener Versicherungen","url":"https:\/\/uelzener.de\/magazin\/","logo":{"@type":"ImageObject","inLanguage":"de","@id":"https:\/\/uelzener.de\/magazin\/#\/schema\/logo\/image\/","url":"https:\/\/uelzener.de\/magazin\/app\/uploads\/2024\/11\/uelzener_allgemeine_versicherungsgesellschaft_a_g_logo.jpg","contentUrl":"https:\/\/uelzener.de\/magazin\/app\/uploads\/2024\/11\/uelzener_allgemeine_versicherungsgesellschaft_a_g_logo.jpg","width":200,"height":200,"caption":"Uelzener Versicherungen"},"image":{"@id":"https:\/\/uelzener.de\/magazin\/#\/schema\/logo\/image\/"},"sameAs":["https:\/\/www.facebook.com\/Uelzener","https:\/\/instagram.com\/uelzener","https:\/\/www.xing.com\/pages\/uelzenerallgemeineversicherungs-gesellschafta-g","https:\/\/www.youtube.com\/UelzenerVersicherungen"]}]}},"_links":{"self":[{"href":"https:\/\/uelzener.de\/magazin\/wp-json\/wp\/v2\/pages\/17838","targetHints":{"allow":["GET"]}}],"collection":[{"href":"https:\/\/uelzener.de\/magazin\/wp-json\/wp\/v2\/pages"}],"about":[{"href":"https:\/\/uelzener.de\/magazin\/wp-json\/wp\/v2\/types\/page"}],"author":[{"embeddable":true,"href":"https:\/\/uelzener.de\/magazin\/wp-json\/wp\/v2\/users\/21"}],"replies":[{"embeddable":true,"href":"https:\/\/uelzener.de\/magazin\/wp-json\/wp\/v2\/comments?post=17838"}],"version-history":[{"count":8,"href":"https:\/\/uelzener.de\/magazin\/wp-json\/wp\/v2\/pages\/17838\/revisions"}],"predecessor-version":[{"id":18017,"href":"https:\/\/uelzener.de\/magazin\/wp-json\/wp\/v2\/pages\/17838\/revisions\/18017"}],"up":[{"embeddable":true,"href":"https:\/\/uelzener.de\/magazin\/wp-json\/wp\/v2\/pages\/11676"}],"wp:featuredmedia":[{"embeddable":true,"href":"https:\/\/uelzener.de\/magazin\/wp-json\/wp\/v2\/media\/17878"}],"wp:attachment":[{"href":"https:\/\/uelzener.de\/magazin\/wp-json\/wp\/v2\/media?parent=17838"}],"curies":[{"name":"wp","href":"https:\/\/api.w.org\/{rel}","templated":true}]}}