{"id":17829,"date":"2024-11-21T11:08:08","date_gmt":"2024-11-21T10:08:08","guid":{"rendered":"https:\/\/uelzener.de\/magazin\/?page_id=17829"},"modified":"2025-04-08T14:20:33","modified_gmt":"2025-04-08T12:20:33","slug":"schwefel-ein-essenzieller-mineralstoff-fuers-pferd","status":"publish","type":"page","link":"https:\/\/uelzener.de\/magazin\/pferd\/tiergesundheit\/schwefel-ein-essenzieller-mineralstoff-fuers-pferd\/","title":{"rendered":"Schwefel: Ein essenzieller Mineralstoff f\u00fcrs Pferd"},"content":{"rendered":"<p><span style=\"font-weight: 400;\">Schwefel ist f\u00fcr Pferde und alle anderen Lebewesen auf unserer Erde lebensnotwendig. Er ist an vielen wichtigen K\u00f6rperprozessen beteiligt und unter anderem Bestandteil essenzieller Aminos\u00e4uren, die zum Erhalt gesunder Sehnen, Knochen, Knorpel und Muskeln beitragen. Aufgrund seiner Bedeutung als Mineralstoff spielt Schwefel in der Pferdeern\u00e4hrung eine gro\u00dfe Rolle. In diesem Artikel befassen wir uns n\u00e4her mit seinen Eigenschaften und geben einen \u00dcberblick, was f\u00fcr schwefelhaltige Nahrungserg\u00e4nzungspr\u00e4parate f\u00fcr Pferde es gibt.<\/span><\/p>\n<h2>Wissenswertes zu Schwefel<\/h2>\n<p><span style=\"font-weight: 400;\">Schwefel kommt in der Natur in vielf\u00e4ltiger Form vor und tritt am h\u00e4ufigsten in Verbindung mit anderen Stoffen wie Sauerstoff oder Wasserstoff auf. Die Rede ist dann von organischem Schwefel, der von anorganischem, also reinem und elementarem Schwefel zu unterscheiden ist. Organischer Schwefel ist in allen Lebewesen auf der Erde enthalten und erf\u00fcllt im Pferdeorganismus vielerlei Funktionen. So ist er beispielsweise Bestandteil der essenziellen Aminos\u00e4uren Cystein und Methionin, die am Aufbau wichtiger Proteine, Peptide und Coenzyme beteiligt sind. Bekannte schwefelhaltige Eiwei\u00dfe sind beispielsweise Keratin und Kollagen, die die Funktion von Haut, Horn und Haaren unterst\u00fctzen.<\/span><\/p>\n<h3>Schwefelmangel beim Pferd \u2013 wie hoch ist das Risiko?<\/h3>\n<p><span style=\"font-weight: 400;\">Der Pferdeorganismus kann Schwefel nicht selbst produzieren, weshalb er \u00fcber die Nahrung zugef\u00fchrt werden muss. Grunds\u00e4tzlich k\u00f6nnen die Tiere ihren Bedarf durch eine ausgewogene und gesunde Ern\u00e4hrung gut decken. So ist der Mineralstoff beispielsweise in Weidegras und anderen nat\u00fcrlich wachsenden Pflanzen enthalten. Diese ziehen sich Schwefelverbindungen gemeinsam mit Stickstoff aus dem Boden.<\/span><\/p>\n<p><span style=\"font-weight: 400;\">In seltenen F\u00e4llen kann es vorkommen, dass ein Pferd nicht genug Schwefel aufnimmt und sich ein Mangel einstellt. Dabei spielen folgende Umst\u00e4nde eine Rolle:<\/span><\/p>\n<ul>\n<li style=\"font-weight: 400;\" aria-level=\"1\"><b>Begrenzte Weideg\u00e4nge<\/b><span style=\"font-weight: 400;\">: Weidegras ist der wichtigste nat\u00fcrliche Schwefellieferant f\u00fcr Pferde. Hat das Pferd keinen Zugang zur Weide und muss in der Box gehalten werden, beispielsweise aufgrund einer Erkrankung, kann es sein, dass ein Mangel entsteht.\u00a0<\/span><\/li>\n<li style=\"font-weight: 400;\" aria-level=\"1\"><b>Zu wenig frische Futtermittel<\/b><span style=\"font-weight: 400;\">: Heu enth\u00e4lt weniger organischen Schwefel als frisches Gras, da durch das Trocknen und Lagern ein Gro\u00dfteil des Mineralstoffs verlorengeht. Es kann deshalb schwieriger sein, den Schwefelbedarf zu decken, wenn das Pferd haupts\u00e4chlich Heu oder getrocknete Futtermittel erh\u00e4lt.<\/span><\/li>\n<li style=\"font-weight: 400;\" aria-level=\"1\"><b>Alter und Krankheit<\/b><span style=\"font-weight: 400;\">: Im fortgeschrittenen Alter und bei bestimmten Erkrankungen kann der Pferdek\u00f6rper N\u00e4hrstoffe teilweise nicht mehr so gut aufnehmen, was das Risiko f\u00fcr einen Mangel erh\u00f6ht.<\/span><\/li>\n<li style=\"font-weight: 400;\" aria-level=\"1\"><b>\u00dcberm\u00e4\u00dfige Belastung<\/b><span style=\"font-weight: 400;\">: Sport- und Arbeitspferde, die t\u00e4glich ein gro\u00dfes Trainings- und Bewegungspensum absolvieren m\u00fcssen, haben einen h\u00f6heren Bedarf an N\u00e4hrstoffen. Hier ist verst\u00e4rkt auf eine ausreichende Versorgung zu achten, um einem Mangel vorzubeugen.<\/span><\/li>\n<\/ul>\n<p><span style=\"font-weight: 400;\">Ein Schwefelmangel bei Pferden ist zwar eher Ausnahme als Regel, ganz ausschlie\u00dfen l\u00e4sst er sich aber nicht \u2013 vor allem dann, wenn mehrere ung\u00fcnstige Faktoren zusammenkommen. Es kann daher Situationen geben, in denen es sinnvoll ist, Schwefel als Nahrungserg\u00e4nzung zu verabreichen. Dies sollte aber stets in Absprache mit einem Tierarzt oder einer Tier\u00e4rztin erfolgen. Anhand einer Blutanalyse, bei der der Gehalt an Cystein oder Methionin im Serum ermittelt wird, l\u00e4sst sich zweifelsfrei feststellen, ob ein Schwefelmangel besteht oder nicht. Eine <\/span><span style=\"font-weight: 400;\">Pferdekrankenversicherung<\/span><span style=\"font-weight: 400;\"> erstattet die Kosten f\u00fcr Diagnostik und Behandlung, so dass das Pferd umfassend untersucht und bestm\u00f6glich versorgt werden kann.<\/span><\/p>\n\n<div class=\"banner\">\n    <a href=\"https:\/\/uelzener.de\/pferd\/herden-versicherung\/?agt=0000104925&sem=true&utm_medium=magazin&utm_source=wordpress&utm_campaign=pferd_kv&utm_content=banner    \">\n        <img decoding=\"async\" width=\"300\" height=\"212\" src=\"https:\/\/uelzener.de\/magazin\/app\/uploads\/2025\/01\/Pferde-Kranken-Versicherung.jpg\" class=\"attachment-medium size-medium\" alt=\"Banner Pferde-Kranken-Versicherung\" \/>    <\/a>\n<\/div>\n\n<h2>MSM: Organischer Schwefel als Nahrungserg\u00e4nzung<\/h2>\n<p><span style=\"font-weight: 400;\">MSM steht f\u00fcr Methylsulfonylmethan und bezeichnet eine organische Schwefelverbindung, die nat\u00fcrlich in tierischen und pflanzlichen Organismen, also auch Weidegras, vorkommt. Sie besteht aus Wasserstoff, Sauerstoff, Kohlenstoff und Schwefel. Im Gegensatz zu reinem Schwefel, der quasi unverarbeitet wieder ausgeschieden wird, kann MSM vom Organismus besser aufgenommen und verwertet werden. \u00dcberschuss verl\u00e4sst den K\u00f6rper gr\u00f6\u00dftenteils \u00fcber den Harn.\u00a0<\/span><\/p>\n<p><span style=\"font-weight: 400;\">MSM ist das Pr\u00e4parat schlechthin, wenn es um die Schwefelsupplementierung bei Pferden geht. Es wird meist in Pulver- oder Pelletform angeboten und in bestimmter Dosierung (variiert je nach Hersteller) unter das Futter gegeben. Die Anwendungsgebiete sind vielf\u00e4ltig. Unter anderem wird MSM eingesetzt bei:<\/span><\/p>\n<ul>\n<li style=\"font-weight: 400;\" aria-level=\"1\"><span style=\"font-weight: 400;\">Erkrankungen des Bewegungsapparats (Arthrose)<\/span><\/li>\n<li style=\"font-weight: 400;\" aria-level=\"1\"><span style=\"font-weight: 400;\">\u00dcberbeanspruchung von B\u00e4ndern, Muskeln und Gelenken<\/span><\/li>\n<li style=\"font-weight: 400;\" aria-level=\"1\"><span style=\"font-weight: 400;\">Allergien der Haut<\/span><\/li>\n<li style=\"font-weight: 400;\" aria-level=\"1\"><span style=\"font-weight: 400;\">Fell- und Hufproblemen<\/span><\/li>\n<li style=\"font-weight: 400;\" aria-level=\"1\"><span style=\"font-weight: 400;\">Erkrankungen der Atemwege<\/span><\/li>\n<li style=\"font-weight: 400;\" aria-level=\"1\"><span style=\"font-weight: 400;\">Parasit\u00e4ren Erkrankungen<\/span><\/li>\n<li style=\"font-weight: 400;\" aria-level=\"1\"><span style=\"font-weight: 400;\">\u00dcbergewicht<\/span><\/li>\n<li style=\"font-weight: 400;\" aria-level=\"1\"><span style=\"font-weight: 400;\">Magen-Darm-Problemen<\/span><\/li>\n<li style=\"font-weight: 400;\" aria-level=\"1\"><span style=\"font-weight: 400;\">Schmerzen und Entz\u00fcndungen<\/span><\/li>\n<\/ul>\n<p><span style=\"font-weight: 400;\">MSM als Nahrungserg\u00e4nzung gibt es \u00fcbrigens nicht nur f\u00fcr Pferde, sondern auch f\u00fcr Menschen und kleinere Haustiere wie Hunde und Katzen. Die Wirkweise ist die gleiche, da S\u00e4ugetiere viele \u00dcbereinstimmungen in ihren Stoffwechselprozessen haben und schwefelhaltige Verbindungen \u00e4hnlich umsetzen.<\/span><\/p>\n\n<div class=\"related_articles boxed\">\n    <h2>Mehr zum Thema<\/h2>\n    \n    <div class=\"wrapper\"><div class=\"title align-center\"><h3><a href=\"https:\/\/uelzener.de\/magazin\/pferd\/haeufige-fragen\/liste-haeufigste-pferdekrankheiten-operationen\/\">Liste der h\u00e4ufigsten Pferdekrankheiten und Operationen<\/a><\/h3><\/div><div class=\"img align-center\"><img decoding=\"async\" width=\"315\" height=\"180\" src=\"https:\/\/uelzener.de\/magazin\/app\/uploads\/2023\/01\/haeufige-pferdekrankheiten-operationen-315x180.jpg\" class=\"attachment-315x180 size-315x180 wp-post-image\" alt=\"\u00c4rztin untersucht Pferd auf Krankheiten. Wird eine OP notwendig sein?\" \/><\/div><\/div><div class=\"wrapper\"><div class=\"title align-center\"><h3><a href=\"https:\/\/uelzener.de\/magazin\/pferd\/tiergesundheit\/arthrose-beim-pferd\/\">Arthrose beim Pferd: Ursachen, Symptome &#038; die richtige F\u00fctterung<\/a><\/h3><\/div><div class=\"img align-center\"><img decoding=\"async\" width=\"315\" height=\"180\" src=\"https:\/\/uelzener.de\/magazin\/app\/uploads\/2023\/09\/arthrose-pferd-315x180.jpg\" class=\"attachment-315x180 size-315x180 wp-post-image\" alt=\"Pferd wird auf Arthrose untersucht.\" \/><\/div><\/div><\/div>\n\n<h2>Was bringt MSM als Supplement?<\/h2>\n<p><span style=\"font-weight: 400;\">Ob MSM als Supplement tats\u00e4chlich eine Wirkung auf den Pferdeorganismus erzielt, ist zumindest aus wissenschaftlicher Sicht strittig. Es gibt bislang keine klinischen Studien, die die Wirksamkeit belegen. Dementsprechend l\u00e4sst sich nicht sicher sagen, ob die Zufuhr von MSM wirklich einen Einfluss auf die Pferdegesundheit hat oder nicht.<\/span><\/p>\n<p><span style=\"font-weight: 400;\">Des Weiteren ist im Hinterkopf zu behalten, dass Schwefel zu den S\u00e4urebildnern z\u00e4hlt und sich damit neben Phosphor, Chlor und Jod einreiht. Das hei\u00dft, ein Teil des Schwefels wird immer in schweflige S\u00e4ure oder Schwefels\u00e4ure umgewandelt. Werden gro\u00dfe Mengen an Schwefel verabreicht, f\u00e4llt der S\u00e4ureanteil entsprechend gr\u00f6\u00dfer aus, was gerade bei empfindlichen Pferden zu Magen-Darm-Problemen f\u00fchren kann. Abgesehen davon kann ein Zuviel an Schwefel zu St\u00f6rungen im Mineralstoffhaushalt f\u00fchren, denn um die S\u00e4uren zu neutralisieren, nutzt der K\u00f6rper mitunter lebenswichtige Mineralien, die dann verlorengehen.<\/span><\/p>\n<h2>Fazit<\/h2>\n<p><span style=\"font-weight: 400;\">Schwefel ist ein essenzieller Mineralstoff f\u00fcr Pferde. Er spielt eine wichtige Rolle in zahlreichen biologischen Prozessen und ist f\u00fcr die Aufrechterhaltung vieler K\u00f6rperfunktionen unverzichtbar. Pferde k\u00f6nnen ihren Bedarf an Schwefel \u00fcber frische Futtermittel wie Weidegras im Normalfall problemlos decken. Bei Tieren, die wenig Zugang dazu haben oder deren Ern\u00e4hrung einseitig ist, kann es sinnvoll sein, \u00fcber eine Nahrungserg\u00e4nzung nachzudenken und sich dazu mit dem Tierarzt oder der Tier\u00e4rztin zu besprechen. Ob es sinnvoll ist, Schwefelpr\u00e4parate ohne Indikation zu verabreichen, ist hingegen fraglich, da deren Wirksamkeit bislang nicht wissenschaftlich nachgewiesen ist.<\/span><\/p>\n<h2>FAQ: H\u00e4ufig gestellte Fragen zum Thema Schwefel f\u00fcrs Pferd<\/h2>\n<h3>K\u00f6nnen ausgelaugte B\u00f6den einen Schwefelmangel beg\u00fcnstigen?<\/h3>\n<p><span style=\"font-weight: 400;\">Ja. Gr\u00e4ser, die auf n\u00e4hrstoffarmen B\u00f6den wachsen, haben mit hoher Wahrscheinlichkeit einen geringeren Schwefelanteil als solche, denen n\u00e4hrstoffreiche Erde zur Verf\u00fcgung steht. Das f\u00fchrt dazu, dass das Pferd beim Weiden weniger Schwefel zu sich nimmt.\u00a0<\/span><\/p>\n<h3>Wie nehmen Pferde Schwefel auf?<\/h3>\n<p><span style=\"font-weight: 400;\">Pferde nehmen Schwefel haupts\u00e4chlich \u00fcber die Nahrung auf, insbesondere durch frisches Gras, das nat\u00fcrlicherweise Schwefel enth\u00e4lt. Schwefelhaltige Verbindungen sind auch in hochwertigen Futtermitteln und Erg\u00e4nzungsmitteln zu finden.<\/span><\/p>\n<h3>Welche Symptome deuten auf einen Schwefelmangel hin?<\/h3>\n<p><span style=\"font-weight: 400;\">Ein Schwefelmangel kann sich unter anderem durch schwache oder spr\u00f6de Hufe, stumpfes Fell und Hautprobleme bemerkbar machen. Allerdings sind diese Symptome nicht eindeutig, sondern k\u00f6nnen auch auf andere Erkrankungen hindeuten. Deshalb ist eine genaue N\u00e4hrstoffanalyse empfehlenswert.<\/span><\/p>\n<h3>Was ist der Unterschied zwischen organischem und anorganischem Schwefel?<\/h3>\n<p><span style=\"font-weight: 400;\">Organischer Schwefel (MSM) wird leichter vom K\u00f6rper aufgenommen und verwertet. Anorganischer Schwefel kann in mineralischen Erg\u00e4nzungen vorkommen, ist aber weniger bioverf\u00fcgbar und kann bei \u00fcberm\u00e4\u00dfiger Aufnahme Verdauungsst\u00f6rungen hervorrufen.<\/span><\/p>\n<h3>K\u00f6nnen Pferde Schwefel \u00fcber Wasser aufnehmen?<\/h3>\n<p><span style=\"font-weight: 400;\">In geringen Mengen kann Schwefel in Trinkwasser enthalten sein, insbesondere in Regionen mit schwefelhaltigen B\u00f6den. Die Anteile sind jedoch in der Regel zu gering, um den Schwefelbedarf eines Pferdes vollst\u00e4ndig zu decken.<\/span><\/p>\n<h3>Gibt es Alternativen zu MSM f\u00fcr die Schwefelversorgung bei Pferden?<\/h3>\n<p><span style=\"font-weight: 400;\">Ja. Zwar ist MSM aufgrund seiner guten Bioverf\u00fcgbarkeit als Nahrungserg\u00e4nzungsmittel am gebr\u00e4uchlichsten, es gibt aber auch andere schwefelhaltige Erg\u00e4nzungen wie Methionin. Nat\u00fcrliche Futtermittel mit hohem Schwefelgehalt k\u00f6nnen ebenfalls zur Deckung des Schwefelbedarfs beitragen.<\/span><\/p>\n<h3>Ist MSM dopingrelevant im Pferdesport?<\/h3>\n<p><span style=\"font-weight: 400;\">F\u00fcr MSM galt einst eine Karenzzeit von 48 Stunden. Diese gibt es seit 2019 jedoch nicht mehr. Dementsprechend gilt MSM heute als nicht dopingrelevant.<\/span><\/p>\n","protected":false},"excerpt":{"rendered":"<p>Schwefel ist f\u00fcr Pferde und alle anderen Lebewesen auf unserer Erde lebensnotwendig. Er ist an vielen wichtigen K\u00f6rperprozessen beteiligt und unter anderem Bestandteil essenzieller Aminos\u00e4uren, die zum Erhalt gesunder Sehnen, Knochen, Knorpel und Muskeln beitragen. Aufgrund seiner Bedeutung als Mineralstoff spielt Schwefel in der Pferdeern\u00e4hrung eine gro\u00dfe Rolle. In diesem Artikel befassen wir uns n\u00e4her [&hellip;]<\/p>\n","protected":false},"author":11,"featured_media":17831,"parent":11706,"menu_order":31,"comment_status":"closed","ping_status":"closed","template":"templates\/blog.php","meta":{"_acf_changed":false,"_crdt_document":"","footnotes":"","beyondwords_generate_audio":"","beyondwords_project_id":"","beyondwords_content_id":"","beyondwords_preview_token":"","beyondwords_player_style":"","beyondwords_language_id":"","beyondwords_title_voice_id":"","beyondwords_body_voice_id":"","beyondwords_summary_voice_id":"","beyondwords_error_message":"","beyondwords_disabled":"","beyondwords_delete_content":"","beyondwords_podcast_id":"","beyondwords_hash":"","publish_post_to_speechkit":"","speechkit_hash":"","speechkit_generate_audio":"","speechkit_project_id":"","speechkit_podcast_id":"","speechkit_error_message":"","speechkit_disabled":"","speechkit_access_key":"","speechkit_error":"","speechkit_info":"","speechkit_response":"","speechkit_retries":"","speechkit_status":"","speechkit_updated_at":"","_speechkit_link":"","_speechkit_text":""},"class_list":["post-17829","page","type-page","status-publish","has-post-thumbnail","hentry"],"acf":[],"yoast_head":"<!-- This site is optimized with the Yoast SEO Premium plugin  - https:\/\/yoast.com\/product\/yoast-seo-premium-wordpress\/ -->\n<title>Schwefel: Ein essenzieller Mineralstoff f\u00fcrs Pferd | Uelzener Magazin<\/title>\n<meta name=\"description\" content=\"Schwefel ist essenziell f\u00fcr Pferde. Entdecke seine Rolle in der Ern\u00e4hrung und welche Vorteile er f\u00fcr die Gesundheit bietet.\" \/>\n<meta name=\"robots\" content=\"index, follow, max-snippet:-1, max-image-preview:large, max-video-preview:-1\" \/>\n<link rel=\"canonical\" href=\"https:\/\/uelzener.de\/magazin\/pferd\/tiergesundheit\/schwefel-ein-essenzieller-mineralstoff-fuers-pferd\/\" \/>\n<meta property=\"og:locale\" content=\"de_DE\" \/>\n<meta property=\"og:type\" content=\"article\" \/>\n<meta property=\"og:title\" content=\"Schwefel: Ein essenzieller Mineralstoff f\u00fcrs Pferd\" \/>\n<meta property=\"og:description\" content=\"Schwefel ist essenziell f\u00fcr Pferde. Entdecke seine Rolle in der Ern\u00e4hrung und welche Vorteile er f\u00fcr die Gesundheit bietet.\" \/>\n<meta property=\"og:url\" content=\"https:\/\/uelzener.de\/magazin\/pferd\/tiergesundheit\/schwefel-ein-essenzieller-mineralstoff-fuers-pferd\/\" \/>\n<meta property=\"og:site_name\" content=\"Uelzener Tier-Magazin\" \/>\n<meta property=\"article:publisher\" content=\"https:\/\/www.facebook.com\/Uelzener\" \/>\n<meta property=\"article:modified_time\" content=\"2025-04-08T12:20:33+00:00\" \/>\n<meta property=\"og:image\" content=\"https:\/\/uelzener.de\/magazin\/app\/uploads\/2024\/12\/schwefel-msm.jpg\" \/>\n\t<meta property=\"og:image:width\" content=\"1025\" \/>\n\t<meta property=\"og:image:height\" content=\"450\" \/>\n\t<meta property=\"og:image:type\" content=\"image\/jpeg\" \/>\n<meta name=\"twitter:card\" content=\"summary_large_image\" \/>\n<meta name=\"twitter:label1\" content=\"Gesch\u00e4tzte Lesezeit\" \/>\n\t<meta name=\"twitter:data1\" content=\"7\u00a0Minuten\" \/>\n<script type=\"application\/ld+json\" class=\"yoast-schema-graph\">{\"@context\":\"https:\/\/schema.org\",\"@graph\":[{\"@type\":\"WebPage\",\"@id\":\"https:\/\/uelzener.de\/magazin\/pferd\/tiergesundheit\/schwefel-ein-essenzieller-mineralstoff-fuers-pferd\/\",\"url\":\"https:\/\/uelzener.de\/magazin\/pferd\/tiergesundheit\/schwefel-ein-essenzieller-mineralstoff-fuers-pferd\/\",\"name\":\"Schwefel: Ein essenzieller Mineralstoff f\u00fcrs Pferd | Uelzener Magazin\",\"isPartOf\":{\"@id\":\"https:\/\/uelzener.de\/magazin\/#website\"},\"primaryImageOfPage\":{\"@id\":\"https:\/\/uelzener.de\/magazin\/pferd\/tiergesundheit\/schwefel-ein-essenzieller-mineralstoff-fuers-pferd\/#primaryimage\"},\"image\":{\"@id\":\"https:\/\/uelzener.de\/magazin\/pferd\/tiergesundheit\/schwefel-ein-essenzieller-mineralstoff-fuers-pferd\/#primaryimage\"},\"thumbnailUrl\":\"https:\/\/uelzener.de\/magazin\/app\/uploads\/2024\/12\/schwefel-msm.jpg\",\"datePublished\":\"2024-11-21T10:08:08+00:00\",\"dateModified\":\"2025-04-08T12:20:33+00:00\",\"description\":\"Schwefel ist essenziell f\u00fcr Pferde. Entdecke seine Rolle in der Ern\u00e4hrung und welche Vorteile er f\u00fcr die Gesundheit bietet.\",\"breadcrumb\":{\"@id\":\"https:\/\/uelzener.de\/magazin\/pferd\/tiergesundheit\/schwefel-ein-essenzieller-mineralstoff-fuers-pferd\/#breadcrumb\"},\"inLanguage\":\"de\",\"potentialAction\":[{\"@type\":\"ReadAction\",\"target\":[\"https:\/\/uelzener.de\/magazin\/pferd\/tiergesundheit\/schwefel-ein-essenzieller-mineralstoff-fuers-pferd\/\"]}]},{\"@type\":\"ImageObject\",\"inLanguage\":\"de\",\"@id\":\"https:\/\/uelzener.de\/magazin\/pferd\/tiergesundheit\/schwefel-ein-essenzieller-mineralstoff-fuers-pferd\/#primaryimage\",\"url\":\"https:\/\/uelzener.de\/magazin\/app\/uploads\/2024\/12\/schwefel-msm.jpg\",\"contentUrl\":\"https:\/\/uelzener.de\/magazin\/app\/uploads\/2024\/12\/schwefel-msm.jpg\",\"width\":1025,\"height\":450,\"caption\":\"Schwefel (MSM) f\u00fcr Pferde.\"},{\"@type\":\"WebSite\",\"@id\":\"https:\/\/uelzener.de\/magazin\/#website\",\"url\":\"https:\/\/uelzener.de\/magazin\/\",\"name\":\"Uelzener Tiermagazin\",\"description\":\"Online Tierratgeber der Uelzener Versicherungen\",\"publisher\":{\"@id\":\"https:\/\/uelzener.de\/magazin\/#organization\"},\"potentialAction\":[{\"@type\":\"SearchAction\",\"target\":{\"@type\":\"EntryPoint\",\"urlTemplate\":\"https:\/\/uelzener.de\/magazin\/?s={search_term_string}\"},\"query-input\":{\"@type\":\"PropertyValueSpecification\",\"valueRequired\":true,\"valueName\":\"search_term_string\"}}],\"inLanguage\":\"de\"},{\"@type\":\"Organization\",\"@id\":\"https:\/\/uelzener.de\/magazin\/#organization\",\"name\":\"Uelzener Versicherungen\",\"url\":\"https:\/\/uelzener.de\/magazin\/\",\"logo\":{\"@type\":\"ImageObject\",\"inLanguage\":\"de\",\"@id\":\"https:\/\/uelzener.de\/magazin\/#\/schema\/logo\/image\/\",\"url\":\"https:\/\/uelzener.de\/magazin\/app\/uploads\/2024\/11\/uelzener_allgemeine_versicherungsgesellschaft_a_g_logo.jpg\",\"contentUrl\":\"https:\/\/uelzener.de\/magazin\/app\/uploads\/2024\/11\/uelzener_allgemeine_versicherungsgesellschaft_a_g_logo.jpg\",\"width\":200,\"height\":200,\"caption\":\"Uelzener Versicherungen\"},\"image\":{\"@id\":\"https:\/\/uelzener.de\/magazin\/#\/schema\/logo\/image\/\"},\"sameAs\":[\"https:\/\/www.facebook.com\/Uelzener\",\"https:\/\/instagram.com\/uelzener\",\"https:\/\/www.xing.com\/pages\/uelzenerallgemeineversicherungs-gesellschafta-g\",\"https:\/\/www.youtube.com\/UelzenerVersicherungen\"]}]}<\/script>\n<!-- \/ Yoast SEO Premium plugin. -->","yoast_head_json":{"title":"Schwefel: Ein essenzieller Mineralstoff f\u00fcrs Pferd | Uelzener Magazin","description":"Schwefel ist essenziell f\u00fcr Pferde. Entdecke seine Rolle in der Ern\u00e4hrung und welche Vorteile er f\u00fcr die Gesundheit bietet.","robots":{"index":"index","follow":"follow","max-snippet":"max-snippet:-1","max-image-preview":"max-image-preview:large","max-video-preview":"max-video-preview:-1"},"canonical":"https:\/\/uelzener.de\/magazin\/pferd\/tiergesundheit\/schwefel-ein-essenzieller-mineralstoff-fuers-pferd\/","og_locale":"de_DE","og_type":"article","og_title":"Schwefel: Ein essenzieller Mineralstoff f\u00fcrs Pferd","og_description":"Schwefel ist essenziell f\u00fcr Pferde. Entdecke seine Rolle in der Ern\u00e4hrung und welche Vorteile er f\u00fcr die Gesundheit bietet.","og_url":"https:\/\/uelzener.de\/magazin\/pferd\/tiergesundheit\/schwefel-ein-essenzieller-mineralstoff-fuers-pferd\/","og_site_name":"Uelzener Tier-Magazin","article_publisher":"https:\/\/www.facebook.com\/Uelzener","article_modified_time":"2025-04-08T12:20:33+00:00","og_image":[{"width":1025,"height":450,"url":"https:\/\/uelzener.de\/magazin\/app\/uploads\/2024\/12\/schwefel-msm.jpg","type":"image\/jpeg"}],"twitter_card":"summary_large_image","twitter_misc":{"Gesch\u00e4tzte Lesezeit":"7\u00a0Minuten"},"schema":{"@context":"https:\/\/schema.org","@graph":[{"@type":"WebPage","@id":"https:\/\/uelzener.de\/magazin\/pferd\/tiergesundheit\/schwefel-ein-essenzieller-mineralstoff-fuers-pferd\/","url":"https:\/\/uelzener.de\/magazin\/pferd\/tiergesundheit\/schwefel-ein-essenzieller-mineralstoff-fuers-pferd\/","name":"Schwefel: Ein essenzieller Mineralstoff f\u00fcrs Pferd | Uelzener Magazin","isPartOf":{"@id":"https:\/\/uelzener.de\/magazin\/#website"},"primaryImageOfPage":{"@id":"https:\/\/uelzener.de\/magazin\/pferd\/tiergesundheit\/schwefel-ein-essenzieller-mineralstoff-fuers-pferd\/#primaryimage"},"image":{"@id":"https:\/\/uelzener.de\/magazin\/pferd\/tiergesundheit\/schwefel-ein-essenzieller-mineralstoff-fuers-pferd\/#primaryimage"},"thumbnailUrl":"https:\/\/uelzener.de\/magazin\/app\/uploads\/2024\/12\/schwefel-msm.jpg","datePublished":"2024-11-21T10:08:08+00:00","dateModified":"2025-04-08T12:20:33+00:00","description":"Schwefel ist essenziell f\u00fcr Pferde. Entdecke seine Rolle in der Ern\u00e4hrung und welche Vorteile er f\u00fcr die Gesundheit bietet.","breadcrumb":{"@id":"https:\/\/uelzener.de\/magazin\/pferd\/tiergesundheit\/schwefel-ein-essenzieller-mineralstoff-fuers-pferd\/#breadcrumb"},"inLanguage":"de","potentialAction":[{"@type":"ReadAction","target":["https:\/\/uelzener.de\/magazin\/pferd\/tiergesundheit\/schwefel-ein-essenzieller-mineralstoff-fuers-pferd\/"]}]},{"@type":"ImageObject","inLanguage":"de","@id":"https:\/\/uelzener.de\/magazin\/pferd\/tiergesundheit\/schwefel-ein-essenzieller-mineralstoff-fuers-pferd\/#primaryimage","url":"https:\/\/uelzener.de\/magazin\/app\/uploads\/2024\/12\/schwefel-msm.jpg","contentUrl":"https:\/\/uelzener.de\/magazin\/app\/uploads\/2024\/12\/schwefel-msm.jpg","width":1025,"height":450,"caption":"Schwefel (MSM) f\u00fcr Pferde."},{"@type":"WebSite","@id":"https:\/\/uelzener.de\/magazin\/#website","url":"https:\/\/uelzener.de\/magazin\/","name":"Uelzener Tiermagazin","description":"Online Tierratgeber der Uelzener Versicherungen","publisher":{"@id":"https:\/\/uelzener.de\/magazin\/#organization"},"potentialAction":[{"@type":"SearchAction","target":{"@type":"EntryPoint","urlTemplate":"https:\/\/uelzener.de\/magazin\/?s={search_term_string}"},"query-input":{"@type":"PropertyValueSpecification","valueRequired":true,"valueName":"search_term_string"}}],"inLanguage":"de"},{"@type":"Organization","@id":"https:\/\/uelzener.de\/magazin\/#organization","name":"Uelzener Versicherungen","url":"https:\/\/uelzener.de\/magazin\/","logo":{"@type":"ImageObject","inLanguage":"de","@id":"https:\/\/uelzener.de\/magazin\/#\/schema\/logo\/image\/","url":"https:\/\/uelzener.de\/magazin\/app\/uploads\/2024\/11\/uelzener_allgemeine_versicherungsgesellschaft_a_g_logo.jpg","contentUrl":"https:\/\/uelzener.de\/magazin\/app\/uploads\/2024\/11\/uelzener_allgemeine_versicherungsgesellschaft_a_g_logo.jpg","width":200,"height":200,"caption":"Uelzener Versicherungen"},"image":{"@id":"https:\/\/uelzener.de\/magazin\/#\/schema\/logo\/image\/"},"sameAs":["https:\/\/www.facebook.com\/Uelzener","https:\/\/instagram.com\/uelzener","https:\/\/www.xing.com\/pages\/uelzenerallgemeineversicherungs-gesellschafta-g","https:\/\/www.youtube.com\/UelzenerVersicherungen"]}]}},"_links":{"self":[{"href":"https:\/\/uelzener.de\/magazin\/wp-json\/wp\/v2\/pages\/17829","targetHints":{"allow":["GET"]}}],"collection":[{"href":"https:\/\/uelzener.de\/magazin\/wp-json\/wp\/v2\/pages"}],"about":[{"href":"https:\/\/uelzener.de\/magazin\/wp-json\/wp\/v2\/types\/page"}],"author":[{"embeddable":true,"href":"https:\/\/uelzener.de\/magazin\/wp-json\/wp\/v2\/users\/11"}],"replies":[{"embeddable":true,"href":"https:\/\/uelzener.de\/magazin\/wp-json\/wp\/v2\/comments?post=17829"}],"version-history":[{"count":4,"href":"https:\/\/uelzener.de\/magazin\/wp-json\/wp\/v2\/pages\/17829\/revisions"}],"predecessor-version":[{"id":18310,"href":"https:\/\/uelzener.de\/magazin\/wp-json\/wp\/v2\/pages\/17829\/revisions\/18310"}],"up":[{"embeddable":true,"href":"https:\/\/uelzener.de\/magazin\/wp-json\/wp\/v2\/pages\/11706"}],"wp:featuredmedia":[{"embeddable":true,"href":"https:\/\/uelzener.de\/magazin\/wp-json\/wp\/v2\/media\/17831"}],"wp:attachment":[{"href":"https:\/\/uelzener.de\/magazin\/wp-json\/wp\/v2\/media?parent=17829"}],"curies":[{"name":"wp","href":"https:\/\/api.w.org\/{rel}","templated":true}]}}