{"id":17808,"date":"2024-11-11T15:25:19","date_gmt":"2024-11-11T14:25:19","guid":{"rendered":"https:\/\/uelzener.de\/magazin\/?page_id=17808"},"modified":"2025-08-26T13:32:41","modified_gmt":"2025-08-26T11:32:41","slug":"aktivstall-konzept-einer-artgerechten-pferdehaltung","status":"publish","type":"page","link":"https:\/\/uelzener.de\/magazin\/pferd\/haltung\/aktivstall-konzept-einer-artgerechten-pferdehaltung\/","title":{"rendered":"Aktivstall: Konzept einer artgerechten Pferdehaltung"},"content":{"rendered":"<p><span style=\"font-weight: 400;\">Artgerechte Haltung ist ein allgegenw\u00e4rtiges und stark diskutiertes Thema in der Pferdewelt. Viele herk\u00f6mmliche Haltungsformen wie die Boxenhaltung oder der klassische Offenstall werden zunehmend hinterfragt, da sie den nat\u00fcrlichen Bed\u00fcrfnissen der Tiere nur teilweise gerecht werden k\u00f6nnen.\u00a0<\/span><\/p>\n<p><span style=\"font-weight: 400;\">Anders sieht es beim Aktivstall aus. Das moderne Haltungskonzept stellt das Wohlbefinden der Pferde in den Mittelpunkt, kommt ihren Anforderungen besser entgegen und sorgt somit f\u00fcr eine h\u00f6here Lebensqualit\u00e4t. Dieser Artikel beleuchtet, wie ein Aktivstall funktioniert und welche Vor- und Nachteile diese Haltungsform f\u00fcr Pferd und Mensch haben kann.<\/span><\/p>\n<h2>Merkmale eines Aktivstalls<\/h2>\n<p><span style=\"font-weight: 400;\">Der Aktivstall basiert auf einem Offenstallkonzept, das sich an den Lebensbedingungen wildlebender Pferde in der Steppe orientiert. Die naturnahe Haltungsform ber\u00fccksichtigt das urspr\u00fcngliche Verhalten der Pferde und erm\u00f6glicht ihnen ein artgerechtes Leben in der Herde.<\/span><\/p>\n<p><span style=\"font-weight: 400;\">Zentrale Aspekte, die beim Aktivstallkonzept Ber\u00fccksichtigung finden:<\/span><b><\/b><\/p>\n<ul>\n<li aria-level=\"1\"><b>Sozialkontakt: <\/b><span style=\"font-weight: 400;\">Pferde sind Herdentiere und leben in einer sozialen Gemeinschaft.<\/span><\/li>\n<li style=\"font-weight: 400;\" aria-level=\"1\"><b>Bewegung: <\/b><span style=\"font-weight: 400;\">Pferde, die in freier Wildbahn leben, bewegen sich bis zu 16 Stunden am Tag auf der Suche nach Futter.<\/span><\/li>\n<li style=\"font-weight: 400;\" aria-level=\"1\"><b>Futteraufnahme<\/b><span style=\"font-weight: 400;\">: Pferde fressen von Natur aus kleinere Mengen \u00fcber den Tag verteilt.<\/span><\/li>\n<li style=\"font-weight: 400;\" aria-level=\"1\"><b>Raumtrennung:<\/b><span style=\"font-weight: 400;\"> Pferde trennen T\u00e4tigkeiten r\u00e4umlich voneinander \u2013 sie haben beispielsweise separate Bereiche f\u00fcr Futter, Wasser und Ruhephasen.<\/span><\/li>\n<\/ul>\n<p><span style=\"font-weight: 400;\">In einem Aktivstall leben Pferde Tag und Nacht im Herdenverband und an der frischen Luft. Anders als im klassischen Offenstall sind im Aktivstall verschiedene Funktionsbereiche klar voneinander getrennt und es gibt ein modernes, technikgest\u00fctztes F\u00fctterungssystem.<\/span><\/p>\n<p><img decoding=\"async\" class=\"alignnone wp-image-18715 size-large\" src=\"https:\/\/uelzener.de\/magazin\/app\/uploads\/2025\/07\/infografik-diese-arten-gruppenhaltung-gibt-es-1024x1024.jpg\" alt=\"Infografik der Uelzener Versicherungen: Diese Arten von Gruppenhaltung gibt es.\" width=\"1024\" height=\"1024\" srcset=\"https:\/\/uelzener.de\/magazin\/app\/uploads\/2025\/07\/infografik-diese-arten-gruppenhaltung-gibt-es-1024x1024.jpg 1024w, https:\/\/uelzener.de\/magazin\/app\/uploads\/2025\/07\/infografik-diese-arten-gruppenhaltung-gibt-es-300x300.jpg 300w, https:\/\/uelzener.de\/magazin\/app\/uploads\/2025\/07\/infografik-diese-arten-gruppenhaltung-gibt-es-150x150.jpg 150w, https:\/\/uelzener.de\/magazin\/app\/uploads\/2025\/07\/infografik-diese-arten-gruppenhaltung-gibt-es-768x768.jpg 768w, https:\/\/uelzener.de\/magazin\/app\/uploads\/2025\/07\/infografik-diese-arten-gruppenhaltung-gibt-es-1026x1026.jpg 1026w, https:\/\/uelzener.de\/magazin\/app\/uploads\/2025\/07\/infografik-diese-arten-gruppenhaltung-gibt-es-668x668.jpg 668w, https:\/\/uelzener.de\/magazin\/app\/uploads\/2025\/07\/infografik-diese-arten-gruppenhaltung-gibt-es.jpg 1080w\" sizes=\"(max-width: 1024px) 100vw, 1024px\" \/><\/p>\n<h2>Funktionsbereiche des Aktivstalls<\/h2>\n<p><span style=\"font-weight: 400;\">Ein Aktivstall unterteilt sich in mehrere Zonen, die jeweils einer bestimmten Funktion vorbehalten sind. Ihre genaue Anordnung variiert von Stall zu Stall.\u00a0<\/span><\/p>\n<p><span style=\"font-weight: 400;\">Typischerweise werden folgende Bereiche differenziert:<\/span><b><\/b><\/p>\n<ul>\n<li aria-level=\"1\"><b>Ruhe- und Liegebereiche: <\/b><span style=\"font-weight: 400;\">Hier finden die Pferde Ruhe und R\u00fcckzugsm\u00f6glichkeiten.<\/span><\/li>\n<li aria-level=\"1\"><b>Futter- und Wasserstellen: <\/b><span style=\"font-weight: 400;\">Die Implementierung mehrerer Futter- und Wasserstationen beugt Futterneid vor und f\u00f6rdert ein entspanntes Fressverhalten.<\/span><\/li>\n<li aria-level=\"1\"><b>Laufwege und Trails:<\/b><span style=\"font-weight: 400;\"> Es wird mit verschiedenartigen Bodenbel\u00e4gen wie Sand, Kies oder Holzschnitzeln gearbeitet, um die Hufgesundheit zu unterst\u00fctzen.<\/span><\/li>\n<li aria-level=\"1\"><b>W\u00e4lz- und Spielbereiche: <\/b><span style=\"font-weight: 400;\">Hier k\u00f6nnen sich die Tiere vergn\u00fcgen, miteinander spielen und interagieren, was das soziale Verhalten f\u00f6rdert.<\/span><\/li>\n<li aria-level=\"1\"><b>Integrations-, Kranken- und Quarant\u00e4neboxen: <\/b><span style=\"font-weight: 400;\">Das sind separate R\u00fcckzugsorte f\u00fcr Neuank\u00f6mmlinge und kranke Pferde, die vor\u00fcbergehend von der Herde getrennt werden m\u00fcssen.<\/span><\/li>\n<\/ul>\n<p><span style=\"font-weight: 400;\">Um zu den einzelnen Bereichen zu gelangen, m\u00fcssen die Pferde in der Regel gr\u00f6\u00dfere Strecken zur\u00fccklegen. Das hilft den Tieren dabei, fit zu bleiben, Ausdauer zu entwickeln und ihrem nat\u00fcrlichen Bewegungsdrang nachzukommen.\u00a0<\/span><\/p>\n<h2>F\u00fctterung im Aktivstall<\/h2>\n<p><span style=\"font-weight: 400;\">Eine Besonderheit des Aktivstalls besteht in der Integration automatischer F\u00fctterungsautomaten. Diese werden durch Chips gesteuert, die in die M\u00e4hne eingeflochten oder mit einem Band am Kopf oder am Vorderbein der Pferde befestigt sind. Jedes Pferd kann sich \u00fcber seinen Chip Zugang zum Automaten verschaffen und erh\u00e4lt dort eine individuell angepasste Portion Futter. Die Portionen sind eher klein gehalten, damit das Pferd \u00fcber den Tag verteilt frisst, was seinem nat\u00fcrlichen Fressverhalten entspricht. Das kann das Risiko f\u00fcr Magen-Darm-Probleme und \u00dcbergewicht reduzieren. Stallbetreiber und -betreiberinnen k\u00f6nnen die Daten, die der Chip liefert, \u00fcber einen Computer einsehen und kontrollieren, ob die Pferde die f\u00fcr sie vorgesehene Futtermenge zu sich nehmen.<\/span><\/p>\n<p><span style=\"font-weight: 400;\">Die Gew\u00f6hnung an diese Art der F\u00fctterung kann etwas dauern, da sich einige Pferde nicht sofort an die Automaten herantrauen. Problematisch ist zudem, wenn rangh\u00f6here Tiere den Automaten blockieren. Es ist daher von hoher Bedeutung, die Futteraufnahme jedes Pferdes regelm\u00e4\u00dfig zu \u00fcberpr\u00fcfen und gegebenenfalls entsprechende Ma\u00dfnahmen einzuleiten.<\/span><\/p>\n<h2>Vorteile der Haltung im Aktivstall<\/h2>\n<p><span style=\"font-weight: 400;\">Die Haltung im Aktivstall bringt vielerlei Vorteile mit sich. Der st\u00e4ndige Zugang zu frischer Luft, das Leben im Herdenverband und der gro\u00dfe Bewegungsfreiraum f\u00f6rdern die Zufriedenheit und Ausgeglichenheit der Tiere, was wiederum dabei hilft, Stress, Frustration und damit verbundenen Verhaltensauff\u00e4lligkeiten vorzubeugen. Auch f\u00fcr die k\u00f6rperliche Gesundheit ist es f\u00f6rderlich, wenn die Tiere nicht permanent dem Staub und der stickigen Luft eines geschlossenen Stalls ausgesetzt sind.<\/span><\/p>\n<h2>Was es im Aktivstall zu beachten gibt<\/h2>\n<p><span style=\"font-weight: 400;\">Bedingt durch das Zusammenleben in der Herde besteht in einem Aktivstall ein gewisses Konfliktpotenzial. Rangordnungsk\u00e4mpfe sind per se nichts Ungew\u00f6hnliches, jedoch ergreifen viele Aktivstallbetreiber und -betreiberinnen zus\u00e4tzliche Ma\u00dfnahmen, um die Verletzungsgefahr zu minimieren. So herrschen teilweise Verbote f\u00fcr Eisen an den Hinterhufen. F\u00fcr viele Sportreiter und -reiterinnen stellt das jedoch ein Ausschlusskriterium f\u00fcr die Aktivstallhaltung dar.<\/span><\/p>\n<p><span style=\"font-weight: 400;\">Neuzug\u00e4nge im Aktivstall sollten die M\u00f6glichkeit haben, sich langsam einzugew\u00f6hnen. Vor allem bei Pferden, die aus Boxenhaltung stammen, kann die Umstellung erst einmal Stress und Unsicherheit verursachen. Aus diesem Grund werden bis zu drei Monate Eingew\u00f6hnungszeit empfohlen. Das Pferd wird daf\u00fcr auf einen eigenen Paddock gestellt, der an den restlichen Stall angrenzt, aber klar davon getrennt ist. So kann das Tier das Stallgeschehen beobachten, seine Artgenossen beschnuppern und hat gleichzeitig gen\u00fcgend Raum, um sich zur\u00fcckzuziehen, wenn es ihm zu viel wird. Es ist sehr wichtig, Pferden diese Zeit einzur\u00e4umen, um nicht schlagartig Unruhe in das Herdengef\u00fcge zu bringen und das neue Pferd behutsam einzugliedern.<\/span><\/p>\n\n<div class=\"related_articles boxed\">\n    <h2>Mehr zum Thema<\/h2>\n    \n    <div class=\"wrapper\"><div class=\"title align-center\"><h3><a href=\"https:\/\/uelzener.de\/magazin\/pferd\/haltung\/einstreu-stroh-pellets-pferd\/\">Einstreu f\u00fcr Pferde: So triffst du die richtige Wahl!<\/a><\/h3><\/div><div class=\"img align-center\"><img decoding=\"async\" width=\"315\" height=\"180\" src=\"https:\/\/uelzener.de\/magazin\/app\/uploads\/2022\/12\/einstreu-pferd-315x180.jpg\" class=\"attachment-315x180 size-315x180 wp-post-image\" alt=\"Alter Holzstall mit Heu als Einstreu f\u00fcr Pferde.\" \/><\/div><\/div><div class=\"wrapper\"><div class=\"title align-center\"><h3><a href=\"https:\/\/uelzener.de\/magazin\/pferd\/tiergesundheit\/piephacke-beim-pferd-das-musst-du-wissen\/\">Piephacke beim Pferd: Das musst du wissen<\/a><\/h3><\/div><div class=\"img align-center\"><img decoding=\"async\" width=\"315\" height=\"180\" src=\"https:\/\/uelzener.de\/magazin\/app\/uploads\/2025\/02\/Piephacke_pferd_sprunggelenk-315x180.jpg\" class=\"attachment-315x180 size-315x180 wp-post-image\" alt=\"Das angeschwollene Sprunggelenk von einem Pferd wird behandelt und mit einer Bandage gesch\u00fctzt.\" \/><\/div><\/div><\/div>\n\n<h2>Fazit<\/h2>\n<p><span style=\"font-weight: 400;\">Ein Aktivstall ist eine artgerechtere Alternative zu herk\u00f6mmlichen Haltungsformen und verbindet die Vorteile einer naturnahen Pferdehaltung mit moderner Technik. Er bietet Raum f\u00fcr soziale Interaktion und ausreichend Bewegung und erm\u00f6glicht eine kontrollierte F\u00fctterung. Das Aktivstallkonzept kommt den Bed\u00fcrfnissen von Pferden in besonderer Weise entgegen und erm\u00f6glicht ihnen dadurch ein gesundes und zufriedenes Leben.<\/span><\/p>\n\n<div class=\"banner\">\n    <a href=\"https:\/\/uelzener.de\/pferd\/herden-versicherung\/?agt=0000104925&sem=true&utm_medium=magazin&utm_source=wordpress&utm_campaign=pferd_kv&utm_content=banner    \">\n        <img decoding=\"async\" width=\"300\" height=\"212\" src=\"https:\/\/uelzener.de\/magazin\/app\/uploads\/2025\/01\/Pferde-Kranken-Versicherung.jpg\" class=\"attachment-medium size-medium\" alt=\"Banner Pferde-Kranken-Versicherung\" \/>    <\/a>\n<\/div>\n\n<h2>FAQ: H\u00e4ufig gestellte Fragen zum Thema Aktivstall<\/h2>\n<h3>Ist jedes Pferd f\u00fcr den Aktivstall geeignet?<\/h3>\n<p><span style=\"font-weight: 400;\">Grunds\u00e4tzlich eignen sich alle Pferde f\u00fcr die Haltung im Aktivstall. Gewisse Einschr\u00e4nkungen bestehen jedoch f\u00fcr Senioren oder verletzungsanf\u00e4llige Pferde. Wichtig sind hier gen\u00fcgend R\u00fcckzugsorte, falls sie nicht mit der ganzen Herde mithalten k\u00f6nnen. Einige Aktivst\u00e4lle regeln auch den Zugang zur Weide \u00fcber einen Chip, so dass dieser bei Bedarf f\u00fcr einzelne Pferde eingeschr\u00e4nkt werden kann. Hengste zeigen oft ein stark territoriales Verhalten und k\u00f6nnen daher in der Regel nicht in einer gemischten Herde untergebracht werden. Einige Aktivst\u00e4lle haben aber dedizierte Hengstgruppen, damit auch diese von den Haltungsbedingungen profitieren k\u00f6nnen.<\/span><\/p>\n<h3>Sind Aktivst\u00e4lle wetterunabh\u00e4ngig nutzbar?<\/h3>\n<p><span style=\"font-weight: 400;\">Aktivst\u00e4lle sind darauf ausgelegt, das ganze Jahr \u00fcber genutzt zu werden. Wichtig ist, dass gen\u00fcgend wetterfeste Unterst\u00e4nde vorhanden sind, die Schutz vor Regen, Wind und Sonne bieten. Von Vorteil sind Bodenbel\u00e4ge, die der Witterung standhalten und bei N\u00e4sse griffig sind.<\/span><\/p>\n<h3>Wie unterscheiden sich Aktivst\u00e4lle in der Praxis voneinander?<\/h3>\n<p><span style=\"font-weight: 400;\">Nicht alle Aktivst\u00e4lle sind identisch gestaltet, auch wenn sie im Grunde demselben Konzept folgen. Manche haben sehr gro\u00dfz\u00fcgige Fl\u00e4chen mit vielerlei Funktionsbereichen und langen Laufwegen, andere sind kleiner und konzentrieren sich auf das Wesentliche.\u00a0<\/span><\/p>\n<h3>Welche Investitionen sind f\u00fcr den Bau eines Aktivstalls erforderlich?<\/h3>\n<p><span style=\"font-weight: 400;\">An der Planung eines Aktivstalls sind oftmals externe Anbieter beteiligt. Beratungsleistungen, die Anschaffung der entsprechenden Technik und die Bereitstellung wetterfester Unterst\u00e4nde und stabiler Raumtrenner bringen diverse Kosten mit sich. Die Unterbringungskosten sind, je nach Standort und Ausstattung, etwa gleich hoch oder etwas niedriger als die Boxenhaltung.<\/span><\/p>\n","protected":false},"excerpt":{"rendered":"<p>Artgerechte Haltung ist ein allgegenw\u00e4rtiges und stark diskutiertes Thema in der Pferdewelt. Viele herk\u00f6mmliche Haltungsformen wie die Boxenhaltung oder der klassische Offenstall werden zunehmend hinterfragt, da sie den nat\u00fcrlichen Bed\u00fcrfnissen der Tiere nur teilweise gerecht werden k\u00f6nnen.\u00a0 Anders sieht es beim Aktivstall aus. Das moderne Haltungskonzept stellt das Wohlbefinden der Pferde in den Mittelpunkt, kommt [&hellip;]<\/p>\n","protected":false},"author":11,"featured_media":17810,"parent":11678,"menu_order":3,"comment_status":"closed","ping_status":"closed","template":"templates\/blog.php","meta":{"_acf_changed":false,"_crdt_document":"","footnotes":"","beyondwords_generate_audio":"","beyondwords_project_id":"","beyondwords_content_id":"","beyondwords_preview_token":"","beyondwords_player_style":"","beyondwords_language_id":"","beyondwords_title_voice_id":"","beyondwords_body_voice_id":"","beyondwords_summary_voice_id":"","beyondwords_error_message":"","beyondwords_disabled":"","beyondwords_delete_content":"","beyondwords_podcast_id":"","beyondwords_hash":"","publish_post_to_speechkit":"","speechkit_hash":"","speechkit_generate_audio":"","speechkit_project_id":"","speechkit_podcast_id":"","speechkit_error_message":"","speechkit_disabled":"","speechkit_access_key":"","speechkit_error":"","speechkit_info":"","speechkit_response":"","speechkit_retries":"","speechkit_status":"","speechkit_updated_at":"","_speechkit_link":"","_speechkit_text":""},"class_list":["post-17808","page","type-page","status-publish","has-post-thumbnail","hentry"],"acf":[],"yoast_head":"<!-- This site is optimized with the Yoast SEO Premium plugin  - https:\/\/yoast.com\/product\/yoast-seo-premium-wordpress\/ -->\n<title>Aktivstall: Konzept einer artgerechten Pferdehaltung | Uelzener Magazin<\/title>\n<meta name=\"robots\" content=\"index, follow, max-snippet:-1, max-image-preview:large, max-video-preview:-1\" \/>\n<link rel=\"canonical\" href=\"https:\/\/uelzener.de\/magazin\/pferd\/haltung\/aktivstall-konzept-einer-artgerechten-pferdehaltung\/\" \/>\n<meta property=\"og:locale\" content=\"de_DE\" \/>\n<meta property=\"og:type\" content=\"article\" \/>\n<meta property=\"og:title\" content=\"Aktivstall: Konzept einer artgerechten Pferdehaltung\" \/>\n<meta property=\"og:description\" content=\"Artgerechte Haltung ist ein allgegenw\u00e4rtiges und stark diskutiertes Thema in der Pferdewelt. Viele herk\u00f6mmliche Haltungsformen wie die Boxenhaltung oder der klassische Offenstall werden zunehmend hinterfragt, da sie den nat\u00fcrlichen Bed\u00fcrfnissen der Tiere nur teilweise gerecht werden k\u00f6nnen.\u00a0 Anders sieht es beim Aktivstall aus. Das moderne Haltungskonzept stellt das Wohlbefinden der Pferde in den Mittelpunkt, kommt [&hellip;]\" \/>\n<meta property=\"og:url\" content=\"https:\/\/uelzener.de\/magazin\/pferd\/haltung\/aktivstall-konzept-einer-artgerechten-pferdehaltung\/\" \/>\n<meta property=\"og:site_name\" content=\"Uelzener Tier-Magazin\" \/>\n<meta property=\"article:publisher\" content=\"https:\/\/www.facebook.com\/Uelzener\" \/>\n<meta property=\"article:modified_time\" content=\"2025-08-26T11:32:41+00:00\" \/>\n<meta property=\"og:image\" content=\"https:\/\/uelzener.de\/magazin\/app\/uploads\/2024\/11\/aktivstall.jpg\" \/>\n\t<meta property=\"og:image:width\" content=\"1025\" \/>\n\t<meta property=\"og:image:height\" content=\"450\" \/>\n\t<meta property=\"og:image:type\" content=\"image\/jpeg\" \/>\n<meta name=\"twitter:card\" content=\"summary_large_image\" \/>\n<meta name=\"twitter:label1\" content=\"Gesch\u00e4tzte Lesezeit\" \/>\n\t<meta name=\"twitter:data1\" content=\"7\u00a0Minuten\" \/>\n<script type=\"application\/ld+json\" class=\"yoast-schema-graph\">{\"@context\":\"https:\/\/schema.org\",\"@graph\":[{\"@type\":\"WebPage\",\"@id\":\"https:\/\/uelzener.de\/magazin\/pferd\/haltung\/aktivstall-konzept-einer-artgerechten-pferdehaltung\/\",\"url\":\"https:\/\/uelzener.de\/magazin\/pferd\/haltung\/aktivstall-konzept-einer-artgerechten-pferdehaltung\/\",\"name\":\"Aktivstall: Konzept einer artgerechten Pferdehaltung | Uelzener Magazin\",\"isPartOf\":{\"@id\":\"https:\/\/uelzener.de\/magazin\/#website\"},\"primaryImageOfPage\":{\"@id\":\"https:\/\/uelzener.de\/magazin\/pferd\/haltung\/aktivstall-konzept-einer-artgerechten-pferdehaltung\/#primaryimage\"},\"image\":{\"@id\":\"https:\/\/uelzener.de\/magazin\/pferd\/haltung\/aktivstall-konzept-einer-artgerechten-pferdehaltung\/#primaryimage\"},\"thumbnailUrl\":\"https:\/\/uelzener.de\/magazin\/app\/uploads\/2024\/11\/aktivstall.jpg\",\"datePublished\":\"2024-11-11T14:25:19+00:00\",\"dateModified\":\"2025-08-26T11:32:41+00:00\",\"breadcrumb\":{\"@id\":\"https:\/\/uelzener.de\/magazin\/pferd\/haltung\/aktivstall-konzept-einer-artgerechten-pferdehaltung\/#breadcrumb\"},\"inLanguage\":\"de\",\"potentialAction\":[{\"@type\":\"ReadAction\",\"target\":[\"https:\/\/uelzener.de\/magazin\/pferd\/haltung\/aktivstall-konzept-einer-artgerechten-pferdehaltung\/\"]}]},{\"@type\":\"ImageObject\",\"inLanguage\":\"de\",\"@id\":\"https:\/\/uelzener.de\/magazin\/pferd\/haltung\/aktivstall-konzept-einer-artgerechten-pferdehaltung\/#primaryimage\",\"url\":\"https:\/\/uelzener.de\/magazin\/app\/uploads\/2024\/11\/aktivstall.jpg\",\"contentUrl\":\"https:\/\/uelzener.de\/magazin\/app\/uploads\/2024\/11\/aktivstall.jpg\",\"width\":1025,\"height\":450,\"caption\":\"Aktivstall\"},{\"@type\":\"WebSite\",\"@id\":\"https:\/\/uelzener.de\/magazin\/#website\",\"url\":\"https:\/\/uelzener.de\/magazin\/\",\"name\":\"Uelzener Tiermagazin\",\"description\":\"Online Tierratgeber der Uelzener Versicherungen\",\"publisher\":{\"@id\":\"https:\/\/uelzener.de\/magazin\/#organization\"},\"potentialAction\":[{\"@type\":\"SearchAction\",\"target\":{\"@type\":\"EntryPoint\",\"urlTemplate\":\"https:\/\/uelzener.de\/magazin\/?s={search_term_string}\"},\"query-input\":{\"@type\":\"PropertyValueSpecification\",\"valueRequired\":true,\"valueName\":\"search_term_string\"}}],\"inLanguage\":\"de\"},{\"@type\":\"Organization\",\"@id\":\"https:\/\/uelzener.de\/magazin\/#organization\",\"name\":\"Uelzener Versicherungen\",\"url\":\"https:\/\/uelzener.de\/magazin\/\",\"logo\":{\"@type\":\"ImageObject\",\"inLanguage\":\"de\",\"@id\":\"https:\/\/uelzener.de\/magazin\/#\/schema\/logo\/image\/\",\"url\":\"https:\/\/uelzener.de\/magazin\/app\/uploads\/2024\/11\/uelzener_allgemeine_versicherungsgesellschaft_a_g_logo.jpg\",\"contentUrl\":\"https:\/\/uelzener.de\/magazin\/app\/uploads\/2024\/11\/uelzener_allgemeine_versicherungsgesellschaft_a_g_logo.jpg\",\"width\":200,\"height\":200,\"caption\":\"Uelzener Versicherungen\"},\"image\":{\"@id\":\"https:\/\/uelzener.de\/magazin\/#\/schema\/logo\/image\/\"},\"sameAs\":[\"https:\/\/www.facebook.com\/Uelzener\",\"https:\/\/instagram.com\/uelzener\",\"https:\/\/www.xing.com\/pages\/uelzenerallgemeineversicherungs-gesellschafta-g\",\"https:\/\/www.youtube.com\/UelzenerVersicherungen\"]}]}<\/script>\n<!-- \/ Yoast SEO Premium plugin. -->","yoast_head_json":{"title":"Aktivstall: Konzept einer artgerechten Pferdehaltung | Uelzener Magazin","robots":{"index":"index","follow":"follow","max-snippet":"max-snippet:-1","max-image-preview":"max-image-preview:large","max-video-preview":"max-video-preview:-1"},"canonical":"https:\/\/uelzener.de\/magazin\/pferd\/haltung\/aktivstall-konzept-einer-artgerechten-pferdehaltung\/","og_locale":"de_DE","og_type":"article","og_title":"Aktivstall: Konzept einer artgerechten Pferdehaltung","og_description":"Artgerechte Haltung ist ein allgegenw\u00e4rtiges und stark diskutiertes Thema in der Pferdewelt. Viele herk\u00f6mmliche Haltungsformen wie die Boxenhaltung oder der klassische Offenstall werden zunehmend hinterfragt, da sie den nat\u00fcrlichen Bed\u00fcrfnissen der Tiere nur teilweise gerecht werden k\u00f6nnen.\u00a0 Anders sieht es beim Aktivstall aus. Das moderne Haltungskonzept stellt das Wohlbefinden der Pferde in den Mittelpunkt, kommt [&hellip;]","og_url":"https:\/\/uelzener.de\/magazin\/pferd\/haltung\/aktivstall-konzept-einer-artgerechten-pferdehaltung\/","og_site_name":"Uelzener Tier-Magazin","article_publisher":"https:\/\/www.facebook.com\/Uelzener","article_modified_time":"2025-08-26T11:32:41+00:00","og_image":[{"width":1025,"height":450,"url":"https:\/\/uelzener.de\/magazin\/app\/uploads\/2024\/11\/aktivstall.jpg","type":"image\/jpeg"}],"twitter_card":"summary_large_image","twitter_misc":{"Gesch\u00e4tzte Lesezeit":"7\u00a0Minuten"},"schema":{"@context":"https:\/\/schema.org","@graph":[{"@type":"WebPage","@id":"https:\/\/uelzener.de\/magazin\/pferd\/haltung\/aktivstall-konzept-einer-artgerechten-pferdehaltung\/","url":"https:\/\/uelzener.de\/magazin\/pferd\/haltung\/aktivstall-konzept-einer-artgerechten-pferdehaltung\/","name":"Aktivstall: Konzept einer artgerechten Pferdehaltung | Uelzener Magazin","isPartOf":{"@id":"https:\/\/uelzener.de\/magazin\/#website"},"primaryImageOfPage":{"@id":"https:\/\/uelzener.de\/magazin\/pferd\/haltung\/aktivstall-konzept-einer-artgerechten-pferdehaltung\/#primaryimage"},"image":{"@id":"https:\/\/uelzener.de\/magazin\/pferd\/haltung\/aktivstall-konzept-einer-artgerechten-pferdehaltung\/#primaryimage"},"thumbnailUrl":"https:\/\/uelzener.de\/magazin\/app\/uploads\/2024\/11\/aktivstall.jpg","datePublished":"2024-11-11T14:25:19+00:00","dateModified":"2025-08-26T11:32:41+00:00","breadcrumb":{"@id":"https:\/\/uelzener.de\/magazin\/pferd\/haltung\/aktivstall-konzept-einer-artgerechten-pferdehaltung\/#breadcrumb"},"inLanguage":"de","potentialAction":[{"@type":"ReadAction","target":["https:\/\/uelzener.de\/magazin\/pferd\/haltung\/aktivstall-konzept-einer-artgerechten-pferdehaltung\/"]}]},{"@type":"ImageObject","inLanguage":"de","@id":"https:\/\/uelzener.de\/magazin\/pferd\/haltung\/aktivstall-konzept-einer-artgerechten-pferdehaltung\/#primaryimage","url":"https:\/\/uelzener.de\/magazin\/app\/uploads\/2024\/11\/aktivstall.jpg","contentUrl":"https:\/\/uelzener.de\/magazin\/app\/uploads\/2024\/11\/aktivstall.jpg","width":1025,"height":450,"caption":"Aktivstall"},{"@type":"WebSite","@id":"https:\/\/uelzener.de\/magazin\/#website","url":"https:\/\/uelzener.de\/magazin\/","name":"Uelzener Tiermagazin","description":"Online Tierratgeber der Uelzener Versicherungen","publisher":{"@id":"https:\/\/uelzener.de\/magazin\/#organization"},"potentialAction":[{"@type":"SearchAction","target":{"@type":"EntryPoint","urlTemplate":"https:\/\/uelzener.de\/magazin\/?s={search_term_string}"},"query-input":{"@type":"PropertyValueSpecification","valueRequired":true,"valueName":"search_term_string"}}],"inLanguage":"de"},{"@type":"Organization","@id":"https:\/\/uelzener.de\/magazin\/#organization","name":"Uelzener Versicherungen","url":"https:\/\/uelzener.de\/magazin\/","logo":{"@type":"ImageObject","inLanguage":"de","@id":"https:\/\/uelzener.de\/magazin\/#\/schema\/logo\/image\/","url":"https:\/\/uelzener.de\/magazin\/app\/uploads\/2024\/11\/uelzener_allgemeine_versicherungsgesellschaft_a_g_logo.jpg","contentUrl":"https:\/\/uelzener.de\/magazin\/app\/uploads\/2024\/11\/uelzener_allgemeine_versicherungsgesellschaft_a_g_logo.jpg","width":200,"height":200,"caption":"Uelzener Versicherungen"},"image":{"@id":"https:\/\/uelzener.de\/magazin\/#\/schema\/logo\/image\/"},"sameAs":["https:\/\/www.facebook.com\/Uelzener","https:\/\/instagram.com\/uelzener","https:\/\/www.xing.com\/pages\/uelzenerallgemeineversicherungs-gesellschafta-g","https:\/\/www.youtube.com\/UelzenerVersicherungen"]}]}},"_links":{"self":[{"href":"https:\/\/uelzener.de\/magazin\/wp-json\/wp\/v2\/pages\/17808","targetHints":{"allow":["GET"]}}],"collection":[{"href":"https:\/\/uelzener.de\/magazin\/wp-json\/wp\/v2\/pages"}],"about":[{"href":"https:\/\/uelzener.de\/magazin\/wp-json\/wp\/v2\/types\/page"}],"author":[{"embeddable":true,"href":"https:\/\/uelzener.de\/magazin\/wp-json\/wp\/v2\/users\/11"}],"replies":[{"embeddable":true,"href":"https:\/\/uelzener.de\/magazin\/wp-json\/wp\/v2\/comments?post=17808"}],"version-history":[{"count":5,"href":"https:\/\/uelzener.de\/magazin\/wp-json\/wp\/v2\/pages\/17808\/revisions"}],"predecessor-version":[{"id":18995,"href":"https:\/\/uelzener.de\/magazin\/wp-json\/wp\/v2\/pages\/17808\/revisions\/18995"}],"up":[{"embeddable":true,"href":"https:\/\/uelzener.de\/magazin\/wp-json\/wp\/v2\/pages\/11678"}],"wp:featuredmedia":[{"embeddable":true,"href":"https:\/\/uelzener.de\/magazin\/wp-json\/wp\/v2\/media\/17810"}],"wp:attachment":[{"href":"https:\/\/uelzener.de\/magazin\/wp-json\/wp\/v2\/media?parent=17808"}],"curies":[{"name":"wp","href":"https:\/\/api.w.org\/{rel}","templated":true}]}}