{"id":17754,"date":"2024-09-23T12:05:09","date_gmt":"2024-09-23T10:05:09","guid":{"rendered":"https:\/\/uelzener.de\/magazin\/?page_id=17754"},"modified":"2025-08-26T13:39:49","modified_gmt":"2025-08-26T11:39:49","slug":"gymnastik-im-gelaende-rittigkeit-foerdern-und-balance-schulen","status":"publish","type":"page","link":"https:\/\/uelzener.de\/magazin\/pferd\/erziehung-und-training\/gymnastik-im-gelaende-rittigkeit-foerdern-und-balance-schulen\/","title":{"rendered":"Gymnastik im Gel\u00e4nde: Rittigkeit f\u00f6rdern und Balance schulen"},"content":{"rendered":"<div data-breakout=\"normal\">\n<p id=\"viewer-9kg5m4470\" class=\"bghoi j9i2h HEiMd V6Y3R\" dir=\"auto\"><span class=\"VRSy8\">Das Ausbilden von Pferden im Gel\u00e4nde ist eine wunderbare M\u00f6glichkeit, um sowohl das Pferd als auch dich als Reiterin oder Reiter zu st\u00e4rken und zu f\u00f6rdern. F\u00fcr Ausbilder Peter Kreinberg bietet das Training im Freien zahlreiche Vorteile: es f\u00f6rdert Balance, Geschicklichkeit, Koordination sowie Kondition des Pferdes und sorgt zus\u00e4tzlich f\u00fcr Gelassenheit und Motivation. Dieser Beitrag soll dir ein paar Ideen geben, wie du dein Reitpferd sicher und effektiv im Gel\u00e4nde weiter schulen kannst.<\/span><\/p>\n<p class=\"bghoi j9i2h HEiMd V6Y3R\" dir=\"auto\">Auch wenn ein Ausritt \u201eeinfach nur geradeaus\u201c verlockend ist, so schult dies nicht immer die Rittigkeit und k\u00f6rperliche Fitness des Pferdes. Hierf\u00fcr kannst du gezielt das Reiten auf Wiesen, H\u00e4ngen oder an Baumgruppen in deinen Trainingsplan integrieren.<\/p>\n<p dir=\"auto\"><iframe loading=\"lazy\" src=\"\/\/www.youtube.com\/embed\/pWMc1DiBCck?feature=shared\" width=\"560\" height=\"314\" allowfullscreen=\"allowfullscreen\"><\/iframe><\/p>\n<div data-breakout=\"normal\">\n<h2 id=\"viewer-bxrfa767\" class=\"bghoi j9i2h HEiMd V6Y3R\" dir=\"auto\"><span class=\"VRSy8\">1. Voraussetzungen und Vorbereitung <\/span><\/h2>\n<p class=\"bghoi j9i2h HEiMd V6Y3R\" dir=\"auto\"><span class=\"VRSy8\"> Bevor du mit dem Training im Gel\u00e4nde beginnst, sollte dein Pferd eine solide Grundausbildung absolviert haben und sicher im Gel\u00e4nde zu reiten sein. Es sollte keine gravierenden Probleme aufweisen. Diese \u00dcbungen hier dienen der Abwechslung und der Verbesserung der Durchl\u00e4ssigkeit im Gel\u00e4nde, nicht zur Korrektur von unerw\u00fcnschtem Verhalten. Stelle sicher, dass deine Ausr\u00fcstung in einwandfreiem Zustand ist. Ein gut passender Sattel und Zaumzeug sind unerl\u00e4sslich.<\/span><\/p>\n<\/div>\n<div data-breakout=\"normal\">\n<h2 id=\"viewer-53bkv769\" class=\"bghoi j9i2h HEiMd V6Y3R\" dir=\"auto\"><span class=\"VRSy8\">2. Grundlegendes Training im Gel\u00e4nde Gehorsam und Kontrolle<\/span><\/h2>\n<\/div>\n<div data-breakout=\"normal\">\n<div id=\"viewer-tv4ll3566\" class=\"JFqVH\">\n<div class=\"GIIKA eskp-\">\n<figure class=\"_622GP\" tabindex=\"0\" role=\"button\" data-hook=\"imageViewer\" aria-haspopup=\"true\">\n<div id=\"tv4ll3566\" class=\"EWA8u Lqy0b _0wAaN\"><img decoding=\"async\" src=\"https:\/\/static.wixstatic.com\/media\/2118fa_47f3b1662dcf4e3a9e57b978bd172f04~mv2.jpg\/v1\/fill\/w_438,h_613,al_c,q_80,usm_0.66_1.00_0.01,enc_auto\/2118fa_47f3b1662dcf4e3a9e57b978bd172f04~mv2.jpg\" alt=\"\" data-pin-url=\"https:\/\/www.thegentletouch.de\/post\/b\u00e4ume-statt-pylonen-gymnastik-im-gel\u00e4nde\" data-pin-media=\"https:\/\/static.wixstatic.com\/media\/2118fa_47f3b1662dcf4e3a9e57b978bd172f04~mv2.jpg\/v1\/fill\/w_714,h_1000,al_c,q_85\/2118fa_47f3b1662dcf4e3a9e57b978bd172f04~mv2.jpg\" data-load-done=\"\" \/><\/div>\n<\/figure>\n<\/div>\n<\/div>\n<\/div>\n<div data-hook=\"rcv-block18\">Beginne mit grundlegenden Gehorsams\u00fcbungen wie Anhalten, Anreiten, R\u00fcckw\u00e4rts, Tempi-\u00dcberg\u00e4nge und Volten und Zirkel. Arbeite an den \u00dcberg\u00e4ngen zwischen Schritt, Trab und Galopp, um die Reaktionsf\u00e4higkeit deines Pferdes zu verbessern, und vermeide zu Beginn gerade Strecken.<\/div>\n<div data-hook=\"rcv-block18\">Kondition und Muskelaufbau: Wiesen und H\u00e4nge bieten eine ideale Fl\u00e4che f\u00fcr Konditionstraining. Sanfte H\u00fcgel sind perfekt, um die Ausdauer und Muskulatur deines Pferdes zu st\u00e4rken. Achte immer darauf, dein Training schrittweise zu steigern und deinem Pferd ausreichend Pausen zu g\u00f6nnen. Auch das Konditionstraining kann auf gro\u00dfen Zirkeln geschehen. Stecke dir auf der freien Wiese einen \u201eimagin\u00e4ren Reitplatz\u201c ab und erarbeite die gleichen Inhalte und Rituale wie auf dem Reitplatz.<\/div>\n<div data-breakout=\"normal\">\n<h2 id=\"viewer-n91oj773\" class=\"bghoi j9i2h HEiMd V6Y3R\" dir=\"auto\"><span class=\"VRSy8\">3. Training mit Baumgruppen und nat\u00fcrlichen Hindernissen Baumgruppen als Slalom<\/span><\/h2>\n<\/div>\n<div data-breakout=\"normal\">\n<div id=\"viewer-c6z0g3968\" class=\"JFqVH\">\n<div class=\"GIIKA eskp-\">\n<figure class=\"_622GP\" tabindex=\"0\" role=\"button\" data-hook=\"imageViewer\" aria-haspopup=\"true\">\n<div id=\"c6z0g3968\" class=\"EWA8u Lqy0b _0wAaN\"><img decoding=\"async\" src=\"https:\/\/static.wixstatic.com\/media\/2118fa_5b6f3a2a81d14c3b9e9171ee92ac2588~mv2.jpg\/v1\/fill\/w_438,h_613,al_c,q_80,usm_0.66_1.00_0.01,enc_auto\/2118fa_5b6f3a2a81d14c3b9e9171ee92ac2588~mv2.jpg\" alt=\"\" data-pin-url=\"https:\/\/www.thegentletouch.de\/post\/b\u00e4ume-statt-pylonen-gymnastik-im-gel\u00e4nde\" data-pin-media=\"https:\/\/static.wixstatic.com\/media\/2118fa_5b6f3a2a81d14c3b9e9171ee92ac2588~mv2.jpg\/v1\/fill\/w_714,h_1000,al_c,q_85\/2118fa_5b6f3a2a81d14c3b9e9171ee92ac2588~mv2.jpg\" data-load-done=\"\" \/><\/div>\n<\/figure>\n<\/div>\n<\/div>\n<\/div>\n<div data-hook=\"rcv-block25\">Baumgruppen eignen sich hervorragend f\u00fcr das Training von Wendungen und Geschicklichkeit. Reite in einem Slalom um B\u00e4ume oder B\u00fcsche, um die Biegsamkeit und Reaktionsf\u00e4higkeit deines Pferdes zu verbessern. Beginne im Schritt und steigere dich langsam zum Trab und Galopp, wenn dein Pferd sicherer wird.<\/div>\n<div data-hook=\"rcv-block25\"><\/div>\n<div data-hook=\"rcv-block25\">Nat\u00fcrliche Hindernisse \u00fcberwinden: Nutze Baumst\u00e4mme, kleine Gr\u00e4ben und nat\u00fcrliche Erhebungen als Hindernisse. Diese \u00dcbungen f\u00f6rdern die Trittsicherheit und das Vertrauen deines Pferdes. Beginne mit kleinen Hindernissen und erh\u00f6he allm\u00e4hlich den Schwierigkeitsgrad. Achte darauf, dass die Hindernisse sicher und stabil sind.<\/div>\n<div data-breakout=\"normal\">\n<h2 id=\"viewer-xb81c777\" class=\"bghoi j9i2h HEiMd V6Y3R\" dir=\"auto\"><span class=\"VRSy8\">4. Kombination aus Wiesen- und Waldtraining Intervalltraining<\/span><\/h2>\n<\/div>\n<div data-breakout=\"normal\">\n<div id=\"viewer-ckrff4247\" class=\"JFqVH\">\n<div class=\"GIIKA eskp-\">\n<figure class=\"_622GP\" tabindex=\"0\" role=\"button\" data-hook=\"imageViewer\" aria-haspopup=\"true\">\n<div id=\"ckrff4247\" class=\"EWA8u Lqy0b _0wAaN\"><img decoding=\"async\" src=\"https:\/\/static.wixstatic.com\/media\/2118fa_518ded03e5e14f449d1bf82d6c2473b0~mv2.jpg\/v1\/fill\/w_438,h_438,al_c,q_80,usm_0.66_1.00_0.01,enc_auto\/2118fa_518ded03e5e14f449d1bf82d6c2473b0~mv2.jpg\" alt=\"\" data-pin-url=\"https:\/\/www.thegentletouch.de\/post\/b\u00e4ume-statt-pylonen-gymnastik-im-gel\u00e4nde\" data-pin-media=\"https:\/\/static.wixstatic.com\/media\/2118fa_518ded03e5e14f449d1bf82d6c2473b0~mv2.jpg\/v1\/fill\/w_1000,h_1000,al_c,q_85\/2118fa_518ded03e5e14f449d1bf82d6c2473b0~mv2.jpg\" data-load-done=\"\" \/><\/div>\n<\/figure>\n<\/div>\n<\/div>\n<\/div>\n<div data-hook=\"rcv-block30\">Kombiniere Galoppstrecken auf der Wiese mit technischen \u00dcbungen im Wald. Diese Art des Intervalltrainings verbessert die Kondition und f\u00f6rdert die geistige Flexibilit\u00e4t deines Pferdes. Wechsle zwischen intensiven und entspannenden Phasen, um eine ausgewogene Belastung zu gew\u00e4hrleisten.<\/div>\n<div data-breakout=\"normal\">\n<p class=\"bghoi j9i2h HEiMd V6Y3R\" dir=\"auto\">Balance und Koordination: Waldwege und unebenes Gel\u00e4nde sind ideal, um die Balance und Koordination zu trainieren. Lasse dein Pferd \u00fcber Wurzeln, durch flache Gew\u00e4sser und \u00fcber sanfte H\u00fcgel gehen. Diese \u00dcbungen st\u00e4rken die Hinterhand und verbessern die allgemeine Stabilit\u00e4t deines Pferdes.<\/p>\n<p dir=\"auto\">\n<div class=\"related_articles boxed\">\n    <h2>Mehr zum Thema<\/h2>\n    \n    <div class=\"wrapper\"><div class=\"title align-center\"><h3><a href=\"https:\/\/uelzener.de\/magazin\/pferd\/erziehung-und-training\/reiterhaende-beruehren-begreifen-bewegen\/\">Reiterh\u00e4nde: Ber\u00fchren \u2013 Begreifen \u2013 Bewegen<\/a><\/h3><\/div><div class=\"img align-center\"><img decoding=\"async\" width=\"315\" height=\"180\" src=\"https:\/\/uelzener.de\/magazin\/app\/uploads\/2025\/05\/haende-reiten-315x180.jpg\" class=\"attachment-315x180 size-315x180 wp-post-image\" alt=\"H\u00e4nde einer Reiterin beim reiten.\" \/><\/div><\/div><div class=\"wrapper\"><div class=\"title align-center\"><h3><a href=\"https:\/\/uelzener.de\/magazin\/pferd\/erziehung-und-training\/intervalltraining-pferd\/\">Intervalltraining mit Pferden: Muskelaufbau deluxe<\/a><\/h3><\/div><div class=\"img align-center\"><img decoding=\"async\" width=\"315\" height=\"180\" src=\"https:\/\/uelzener.de\/magazin\/app\/uploads\/2019\/06\/809c1b19-047d-40b7-88cd-ea24799adc1c-315x180.jpg\" class=\"attachment-315x180 size-315x180 wp-post-image\" alt=\"Eine Frau macht mit ihrem Pferd ein Intervalltraining auf der Weide, um seine Muskeln zu st\u00e4rken.\" srcset=\"https:\/\/uelzener.de\/magazin\/app\/uploads\/2019\/06\/809c1b19-047d-40b7-88cd-ea24799adc1c-315x180.jpg 315w, https:\/\/uelzener.de\/magazin\/app\/uploads\/2019\/06\/809c1b19-047d-40b7-88cd-ea24799adc1c-650x369.jpg 650w\" sizes=\"(max-width: 315px) 100vw, 315px\" \/><\/div><\/div><\/div>\n<\/p>\n<\/div>\n<div data-breakout=\"normal\">\n<h2 id=\"viewer-g4gg0781\" class=\"bghoi j9i2h HEiMd V6Y3R\" dir=\"auto\"><span class=\"VRSy8\">5. Abschlie\u00dfende Tipps und Sicherheitshinweise<\/span><\/h2>\n<\/div>\n<div data-breakout=\"normal\">\n<div id=\"viewer-0hsur4612\" class=\"JFqVH\">\n<div class=\"GIIKA eskp-\">\n<figure class=\"_622GP\" tabindex=\"0\" role=\"button\" data-hook=\"imageViewer\" aria-haspopup=\"true\">\n<div id=\"0hsur4612\" class=\"EWA8u Lqy0b _0wAaN\"><img decoding=\"async\" src=\"https:\/\/static.wixstatic.com\/media\/2118fa_6b17be0b36fd4ce08e3dc6568904b7b4~mv2.jpg\/v1\/fill\/w_438,h_613,al_c,q_80,usm_0.66_1.00_0.01,enc_auto\/2118fa_6b17be0b36fd4ce08e3dc6568904b7b4~mv2.jpg\" alt=\"\" data-pin-url=\"https:\/\/www.thegentletouch.de\/post\/b\u00e4ume-statt-pylonen-gymnastik-im-gel\u00e4nde\" data-pin-media=\"https:\/\/static.wixstatic.com\/media\/2118fa_6b17be0b36fd4ce08e3dc6568904b7b4~mv2.jpg\/v1\/fill\/w_714,h_1000,al_c,q_85\/2118fa_6b17be0b36fd4ce08e3dc6568904b7b4~mv2.jpg\" data-load-done=\"\" \/><\/div>\n<\/figure>\n<\/div>\n<\/div>\n<\/div>\n<div data-hook=\"rcv-block36\">Kommunikation und Vertrauen: Eine gute Kommunikation zwischen dir und deinem Pferd ist das A und O. Nutze klare Hilfen und belohne positives Verhalten sofort. Vertrauen ist besonders im Gel\u00e4nde entscheidend. Ein unsicheres Pferd wird sich leichter erschrecken.<\/div>\n<div data-breakout=\"normal\">\n<p class=\"bghoi j9i2h HEiMd V6Y3R\" dir=\"auto\">Regelm\u00e4\u00dfige Pausen und Hydration: G\u00f6nne deinem Pferd regelm\u00e4\u00dfig Pausen und stelle sicher, dass es gen\u00fcgend Wasser bekommt, besonders an hei\u00dfen Tagen. \u00dcberanstrengung kann zu Verletzungen und gesundheitlichen Problemen f\u00fchren.<\/p>\n<\/div>\n<div data-breakout=\"normal\">\n<p class=\"bghoi j9i2h HEiMd V6Y3R\" dir=\"auto\">Ausr\u00fcstung: Reiterinnen und Reiter unter 18 Jahren sollten immer einen Helm tragen; Erwachsenen wird dies ebenfalls empfohlen. Das Reiten mit Sicherheitsweste, Sicherheitssteigb\u00fcgeln oder beim Reiten in einem Westernsattel mit Stiefeln\/Schuhen, die einen Absatz haben, ist ebenfalls ratsam. Letzteres verhindert das Durchrutschen des Fu\u00dfes durch den Steigb\u00fcgel. Stelle ebenso sicher, dass du auf der Wiese reiten darfst und dass der Untergrund nicht rutschig ist. Der Untergrund muss immer wieder neu bewertet werden, und dementsprechend sollten Tempo und \u00dcbungen angepasst werden. Solltest du in der D\u00e4mmerung reiten und \u00fcber die Stra\u00dfe reiten m\u00fcssen, ist reflektierende beziehungsweise beleuchtete Ausr\u00fcstung notwendig.<\/p>\n<\/div>\n<div data-breakout=\"normal\">\n<p class=\"bghoi j9i2h HEiMd V6Y3R\" dir=\"auto\">Das Ausbilden von Pferden im Gel\u00e4nde bietet viele Vorteile und ist eine wunderbare M\u00f6glichkeit, die F\u00e4higkeiten von Pferd und Reiterin oder Reiter zu f\u00f6rdern. Durch die Nutzung von Wiesen und Baumgruppen kannst du ein abwechslungsreiches und effektives Trainingsprogramm gestalten.<\/p>\n<\/div>\n<div data-breakout=\"normal\">\n<p class=\"bghoi j9i2h HEiMd V6Y3R\" dir=\"auto\">Achte stets auf Sicherheit und Kommunikation, um ein harmonisches und erfolgreiches Training zu gew\u00e4hrleisten. Mit Geduld und Konsequenz werdet ihr beide im Gel\u00e4nde sicher und selbstbewusst werden.<\/p>\n<\/div>\n<\/div>\n<p><em><strong>Uelzener-Tipp von Peter Kreinberg: Timing: \u201egebisslos\u201c Reiten mit System<\/strong><strong>. Im Original erschienen auf\u00a0<a href=\"https:\/\/www.thegentletouch.de\/post\/b%C3%A4ume-statt-pylonen-gymnastik-im-gel%C3%A4nde\" target=\"_blank\" rel=\"noopener\">The Gentle Touch<\/a><\/strong><\/em><\/p>\n","protected":false},"excerpt":{"rendered":"<p>Das Ausbilden von Pferden im Gel\u00e4nde ist eine wunderbare M\u00f6glichkeit, um sowohl das Pferd als auch dich als Reiterin oder Reiter zu st\u00e4rken und zu f\u00f6rdern. F\u00fcr Ausbilder Peter Kreinberg bietet das Training im Freien zahlreiche Vorteile: es f\u00f6rdert Balance, Geschicklichkeit, Koordination sowie Kondition des Pferdes und sorgt zus\u00e4tzlich f\u00fcr Gelassenheit und Motivation. Dieser Beitrag [&hellip;]<\/p>\n","protected":false},"author":11,"featured_media":17757,"parent":11689,"menu_order":12,"comment_status":"closed","ping_status":"closed","template":"templates\/blog.php","meta":{"_acf_changed":false,"_crdt_document":"","footnotes":"","beyondwords_generate_audio":"","beyondwords_project_id":"","beyondwords_content_id":"","beyondwords_preview_token":"","beyondwords_player_style":"","beyondwords_language_id":"","beyondwords_title_voice_id":"","beyondwords_body_voice_id":"","beyondwords_summary_voice_id":"","beyondwords_error_message":"","beyondwords_disabled":"","beyondwords_delete_content":"","beyondwords_podcast_id":"","beyondwords_hash":"","publish_post_to_speechkit":"","speechkit_hash":"","speechkit_generate_audio":"","speechkit_project_id":"","speechkit_podcast_id":"","speechkit_error_message":"","speechkit_disabled":"","speechkit_access_key":"","speechkit_error":"","speechkit_info":"","speechkit_response":"","speechkit_retries":"","speechkit_status":"","speechkit_updated_at":"","_speechkit_link":"","_speechkit_text":""},"class_list":["post-17754","page","type-page","status-publish","has-post-thumbnail","hentry"],"acf":[],"yoast_head":"<!-- This site is optimized with the Yoast SEO Premium plugin  - https:\/\/yoast.com\/product\/yoast-seo-premium-wordpress\/ -->\n<title>Gymnastik im Gel\u00e4nde: Rittigkeit f\u00f6rdern und Balance schulen | Uelzener Magazin<\/title>\n<meta name=\"description\" content=\"Das Ausbilden von Pferden im Gel\u00e4nde ist eine wunderbare M\u00f6glichkeit, um sowohl das Pferd als auch dich als Reiterin oder Reiter zu st\u00e4rken und zu f\u00f6rdern. Peter Kreinberg beschreibt in diesem Artikel die wichtigsten Punkte.\" \/>\n<meta name=\"robots\" content=\"index, follow, max-snippet:-1, max-image-preview:large, max-video-preview:-1\" \/>\n<link rel=\"canonical\" href=\"https:\/\/uelzener.de\/magazin\/pferd\/erziehung-und-training\/gymnastik-im-gelaende-rittigkeit-foerdern-und-balance-schulen\/\" \/>\n<meta property=\"og:locale\" content=\"de_DE\" \/>\n<meta property=\"og:type\" content=\"article\" \/>\n<meta property=\"og:title\" content=\"Gymnastik im Gel\u00e4nde: Rittigkeit f\u00f6rdern und Balance schulen\" \/>\n<meta property=\"og:description\" content=\"Das Ausbilden von Pferden im Gel\u00e4nde ist eine wunderbare M\u00f6glichkeit, um sowohl das Pferd als auch dich als Reiterin oder Reiter zu st\u00e4rken und zu f\u00f6rdern. Peter Kreinberg beschreibt in diesem Artikel die wichtigsten Punkte.\" \/>\n<meta property=\"og:url\" content=\"https:\/\/uelzener.de\/magazin\/pferd\/erziehung-und-training\/gymnastik-im-gelaende-rittigkeit-foerdern-und-balance-schulen\/\" \/>\n<meta property=\"og:site_name\" content=\"Uelzener Tier-Magazin\" \/>\n<meta property=\"article:publisher\" content=\"https:\/\/www.facebook.com\/Uelzener\" \/>\n<meta property=\"article:modified_time\" content=\"2025-08-26T11:39:49+00:00\" \/>\n<meta property=\"og:image\" content=\"https:\/\/uelzener.de\/magazin\/app\/uploads\/2024\/09\/6991_lang.jpg\" \/>\n\t<meta property=\"og:image:width\" content=\"2560\" \/>\n\t<meta property=\"og:image:height\" content=\"1272\" \/>\n\t<meta property=\"og:image:type\" content=\"image\/jpeg\" \/>\n<meta name=\"twitter:card\" content=\"summary_large_image\" \/>\n<meta name=\"twitter:label1\" content=\"Gesch\u00e4tzte Lesezeit\" \/>\n\t<meta name=\"twitter:data1\" content=\"6\u00a0Minuten\" \/>\n<script type=\"application\/ld+json\" class=\"yoast-schema-graph\">{\"@context\":\"https:\/\/schema.org\",\"@graph\":[{\"@type\":\"WebPage\",\"@id\":\"https:\/\/uelzener.de\/magazin\/pferd\/erziehung-und-training\/gymnastik-im-gelaende-rittigkeit-foerdern-und-balance-schulen\/\",\"url\":\"https:\/\/uelzener.de\/magazin\/pferd\/erziehung-und-training\/gymnastik-im-gelaende-rittigkeit-foerdern-und-balance-schulen\/\",\"name\":\"Gymnastik im Gel\u00e4nde: Rittigkeit f\u00f6rdern und Balance schulen | Uelzener Magazin\",\"isPartOf\":{\"@id\":\"https:\/\/uelzener.de\/magazin\/#website\"},\"primaryImageOfPage\":{\"@id\":\"https:\/\/uelzener.de\/magazin\/pferd\/erziehung-und-training\/gymnastik-im-gelaende-rittigkeit-foerdern-und-balance-schulen\/#primaryimage\"},\"image\":{\"@id\":\"https:\/\/uelzener.de\/magazin\/pferd\/erziehung-und-training\/gymnastik-im-gelaende-rittigkeit-foerdern-und-balance-schulen\/#primaryimage\"},\"thumbnailUrl\":\"https:\/\/uelzener.de\/magazin\/app\/uploads\/2024\/09\/6991_lang.jpg\",\"datePublished\":\"2024-09-23T10:05:09+00:00\",\"dateModified\":\"2025-08-26T11:39:49+00:00\",\"description\":\"Das Ausbilden von Pferden im Gel\u00e4nde ist eine wunderbare M\u00f6glichkeit, um sowohl das Pferd als auch dich als Reiterin oder Reiter zu st\u00e4rken und zu f\u00f6rdern. Peter Kreinberg beschreibt in diesem Artikel die wichtigsten Punkte.\",\"breadcrumb\":{\"@id\":\"https:\/\/uelzener.de\/magazin\/pferd\/erziehung-und-training\/gymnastik-im-gelaende-rittigkeit-foerdern-und-balance-schulen\/#breadcrumb\"},\"inLanguage\":\"de\",\"potentialAction\":[{\"@type\":\"ReadAction\",\"target\":[\"https:\/\/uelzener.de\/magazin\/pferd\/erziehung-und-training\/gymnastik-im-gelaende-rittigkeit-foerdern-und-balance-schulen\/\"]}]},{\"@type\":\"ImageObject\",\"inLanguage\":\"de\",\"@id\":\"https:\/\/uelzener.de\/magazin\/pferd\/erziehung-und-training\/gymnastik-im-gelaende-rittigkeit-foerdern-und-balance-schulen\/#primaryimage\",\"url\":\"https:\/\/uelzener.de\/magazin\/app\/uploads\/2024\/09\/6991_lang.jpg\",\"contentUrl\":\"https:\/\/uelzener.de\/magazin\/app\/uploads\/2024\/09\/6991_lang.jpg\",\"width\":2560,\"height\":1272,\"caption\":\"Peter Kreinberg im Gel\u00e4nde\"},{\"@type\":\"WebSite\",\"@id\":\"https:\/\/uelzener.de\/magazin\/#website\",\"url\":\"https:\/\/uelzener.de\/magazin\/\",\"name\":\"Uelzener Tiermagazin\",\"description\":\"Online Tierratgeber der Uelzener Versicherungen\",\"publisher\":{\"@id\":\"https:\/\/uelzener.de\/magazin\/#organization\"},\"potentialAction\":[{\"@type\":\"SearchAction\",\"target\":{\"@type\":\"EntryPoint\",\"urlTemplate\":\"https:\/\/uelzener.de\/magazin\/?s={search_term_string}\"},\"query-input\":{\"@type\":\"PropertyValueSpecification\",\"valueRequired\":true,\"valueName\":\"search_term_string\"}}],\"inLanguage\":\"de\"},{\"@type\":\"Organization\",\"@id\":\"https:\/\/uelzener.de\/magazin\/#organization\",\"name\":\"Uelzener Versicherungen\",\"url\":\"https:\/\/uelzener.de\/magazin\/\",\"logo\":{\"@type\":\"ImageObject\",\"inLanguage\":\"de\",\"@id\":\"https:\/\/uelzener.de\/magazin\/#\/schema\/logo\/image\/\",\"url\":\"https:\/\/uelzener.de\/magazin\/app\/uploads\/2024\/11\/uelzener_allgemeine_versicherungsgesellschaft_a_g_logo.jpg\",\"contentUrl\":\"https:\/\/uelzener.de\/magazin\/app\/uploads\/2024\/11\/uelzener_allgemeine_versicherungsgesellschaft_a_g_logo.jpg\",\"width\":200,\"height\":200,\"caption\":\"Uelzener Versicherungen\"},\"image\":{\"@id\":\"https:\/\/uelzener.de\/magazin\/#\/schema\/logo\/image\/\"},\"sameAs\":[\"https:\/\/www.facebook.com\/Uelzener\",\"https:\/\/instagram.com\/uelzener\",\"https:\/\/www.xing.com\/pages\/uelzenerallgemeineversicherungs-gesellschafta-g\",\"https:\/\/www.youtube.com\/UelzenerVersicherungen\"]}]}<\/script>\n<!-- \/ Yoast SEO Premium plugin. -->","yoast_head_json":{"title":"Gymnastik im Gel\u00e4nde: Rittigkeit f\u00f6rdern und Balance schulen | Uelzener Magazin","description":"Das Ausbilden von Pferden im Gel\u00e4nde ist eine wunderbare M\u00f6glichkeit, um sowohl das Pferd als auch dich als Reiterin oder Reiter zu st\u00e4rken und zu f\u00f6rdern. Peter Kreinberg beschreibt in diesem Artikel die wichtigsten Punkte.","robots":{"index":"index","follow":"follow","max-snippet":"max-snippet:-1","max-image-preview":"max-image-preview:large","max-video-preview":"max-video-preview:-1"},"canonical":"https:\/\/uelzener.de\/magazin\/pferd\/erziehung-und-training\/gymnastik-im-gelaende-rittigkeit-foerdern-und-balance-schulen\/","og_locale":"de_DE","og_type":"article","og_title":"Gymnastik im Gel\u00e4nde: Rittigkeit f\u00f6rdern und Balance schulen","og_description":"Das Ausbilden von Pferden im Gel\u00e4nde ist eine wunderbare M\u00f6glichkeit, um sowohl das Pferd als auch dich als Reiterin oder Reiter zu st\u00e4rken und zu f\u00f6rdern. Peter Kreinberg beschreibt in diesem Artikel die wichtigsten Punkte.","og_url":"https:\/\/uelzener.de\/magazin\/pferd\/erziehung-und-training\/gymnastik-im-gelaende-rittigkeit-foerdern-und-balance-schulen\/","og_site_name":"Uelzener Tier-Magazin","article_publisher":"https:\/\/www.facebook.com\/Uelzener","article_modified_time":"2025-08-26T11:39:49+00:00","og_image":[{"width":2560,"height":1272,"url":"https:\/\/uelzener.de\/magazin\/app\/uploads\/2024\/09\/6991_lang.jpg","type":"image\/jpeg"}],"twitter_card":"summary_large_image","twitter_misc":{"Gesch\u00e4tzte Lesezeit":"6\u00a0Minuten"},"schema":{"@context":"https:\/\/schema.org","@graph":[{"@type":"WebPage","@id":"https:\/\/uelzener.de\/magazin\/pferd\/erziehung-und-training\/gymnastik-im-gelaende-rittigkeit-foerdern-und-balance-schulen\/","url":"https:\/\/uelzener.de\/magazin\/pferd\/erziehung-und-training\/gymnastik-im-gelaende-rittigkeit-foerdern-und-balance-schulen\/","name":"Gymnastik im Gel\u00e4nde: Rittigkeit f\u00f6rdern und Balance schulen | Uelzener Magazin","isPartOf":{"@id":"https:\/\/uelzener.de\/magazin\/#website"},"primaryImageOfPage":{"@id":"https:\/\/uelzener.de\/magazin\/pferd\/erziehung-und-training\/gymnastik-im-gelaende-rittigkeit-foerdern-und-balance-schulen\/#primaryimage"},"image":{"@id":"https:\/\/uelzener.de\/magazin\/pferd\/erziehung-und-training\/gymnastik-im-gelaende-rittigkeit-foerdern-und-balance-schulen\/#primaryimage"},"thumbnailUrl":"https:\/\/uelzener.de\/magazin\/app\/uploads\/2024\/09\/6991_lang.jpg","datePublished":"2024-09-23T10:05:09+00:00","dateModified":"2025-08-26T11:39:49+00:00","description":"Das Ausbilden von Pferden im Gel\u00e4nde ist eine wunderbare M\u00f6glichkeit, um sowohl das Pferd als auch dich als Reiterin oder Reiter zu st\u00e4rken und zu f\u00f6rdern. Peter Kreinberg beschreibt in diesem Artikel die wichtigsten Punkte.","breadcrumb":{"@id":"https:\/\/uelzener.de\/magazin\/pferd\/erziehung-und-training\/gymnastik-im-gelaende-rittigkeit-foerdern-und-balance-schulen\/#breadcrumb"},"inLanguage":"de","potentialAction":[{"@type":"ReadAction","target":["https:\/\/uelzener.de\/magazin\/pferd\/erziehung-und-training\/gymnastik-im-gelaende-rittigkeit-foerdern-und-balance-schulen\/"]}]},{"@type":"ImageObject","inLanguage":"de","@id":"https:\/\/uelzener.de\/magazin\/pferd\/erziehung-und-training\/gymnastik-im-gelaende-rittigkeit-foerdern-und-balance-schulen\/#primaryimage","url":"https:\/\/uelzener.de\/magazin\/app\/uploads\/2024\/09\/6991_lang.jpg","contentUrl":"https:\/\/uelzener.de\/magazin\/app\/uploads\/2024\/09\/6991_lang.jpg","width":2560,"height":1272,"caption":"Peter Kreinberg im Gel\u00e4nde"},{"@type":"WebSite","@id":"https:\/\/uelzener.de\/magazin\/#website","url":"https:\/\/uelzener.de\/magazin\/","name":"Uelzener Tiermagazin","description":"Online Tierratgeber der Uelzener Versicherungen","publisher":{"@id":"https:\/\/uelzener.de\/magazin\/#organization"},"potentialAction":[{"@type":"SearchAction","target":{"@type":"EntryPoint","urlTemplate":"https:\/\/uelzener.de\/magazin\/?s={search_term_string}"},"query-input":{"@type":"PropertyValueSpecification","valueRequired":true,"valueName":"search_term_string"}}],"inLanguage":"de"},{"@type":"Organization","@id":"https:\/\/uelzener.de\/magazin\/#organization","name":"Uelzener Versicherungen","url":"https:\/\/uelzener.de\/magazin\/","logo":{"@type":"ImageObject","inLanguage":"de","@id":"https:\/\/uelzener.de\/magazin\/#\/schema\/logo\/image\/","url":"https:\/\/uelzener.de\/magazin\/app\/uploads\/2024\/11\/uelzener_allgemeine_versicherungsgesellschaft_a_g_logo.jpg","contentUrl":"https:\/\/uelzener.de\/magazin\/app\/uploads\/2024\/11\/uelzener_allgemeine_versicherungsgesellschaft_a_g_logo.jpg","width":200,"height":200,"caption":"Uelzener Versicherungen"},"image":{"@id":"https:\/\/uelzener.de\/magazin\/#\/schema\/logo\/image\/"},"sameAs":["https:\/\/www.facebook.com\/Uelzener","https:\/\/instagram.com\/uelzener","https:\/\/www.xing.com\/pages\/uelzenerallgemeineversicherungs-gesellschafta-g","https:\/\/www.youtube.com\/UelzenerVersicherungen"]}]}},"_links":{"self":[{"href":"https:\/\/uelzener.de\/magazin\/wp-json\/wp\/v2\/pages\/17754","targetHints":{"allow":["GET"]}}],"collection":[{"href":"https:\/\/uelzener.de\/magazin\/wp-json\/wp\/v2\/pages"}],"about":[{"href":"https:\/\/uelzener.de\/magazin\/wp-json\/wp\/v2\/types\/page"}],"author":[{"embeddable":true,"href":"https:\/\/uelzener.de\/magazin\/wp-json\/wp\/v2\/users\/11"}],"replies":[{"embeddable":true,"href":"https:\/\/uelzener.de\/magazin\/wp-json\/wp\/v2\/comments?post=17754"}],"version-history":[{"count":2,"href":"https:\/\/uelzener.de\/magazin\/wp-json\/wp\/v2\/pages\/17754\/revisions"}],"predecessor-version":[{"id":18999,"href":"https:\/\/uelzener.de\/magazin\/wp-json\/wp\/v2\/pages\/17754\/revisions\/18999"}],"up":[{"embeddable":true,"href":"https:\/\/uelzener.de\/magazin\/wp-json\/wp\/v2\/pages\/11689"}],"wp:featuredmedia":[{"embeddable":true,"href":"https:\/\/uelzener.de\/magazin\/wp-json\/wp\/v2\/media\/17757"}],"wp:attachment":[{"href":"https:\/\/uelzener.de\/magazin\/wp-json\/wp\/v2\/media?parent=17754"}],"curies":[{"name":"wp","href":"https:\/\/api.w.org\/{rel}","templated":true}]}}