{"id":17717,"date":"2024-09-11T09:46:15","date_gmt":"2024-09-11T07:46:15","guid":{"rendered":"https:\/\/uelzener.de\/magazin\/?page_id=17717"},"modified":"2024-09-11T09:46:15","modified_gmt":"2024-09-11T07:46:15","slug":"hagebutten-fuer-pferde-ein-gesunder-snack-aus-der-natur","status":"publish","type":"page","link":"https:\/\/uelzener.de\/magazin\/pferd\/ernaehrung\/hagebutten-fuer-pferde-ein-gesunder-snack-aus-der-natur\/","title":{"rendered":"Hagebutten f\u00fcr Pferde: Ein gesunder Snack aus der Natur"},"content":{"rendered":"<p>Wohl die meisten Pferdehalter und -halterinnen legen Wert auf eine gesunde und m\u00f6glichst nat\u00fcrliche Ern\u00e4hrung ihrer Tiere. Erg\u00e4nzungsfuttermittel auf Basis nat\u00fcrlicher Inhaltsstoffe gewinnen daher immer mehr an Bedeutung. Ein bew\u00e4hrter nat\u00fcrlicher Helfer, der seit Jahrhunderten gesch\u00e4tzt wird, ist die Hagebutte. Urspr\u00fcnglich als Heilpflanze f\u00fcr Menschen verwendet, bieten Hagebutten auch zahlreiche Vorteile f\u00fcr Pferde. Im Folgenden werfen wir einen Blick auf die vielf\u00e4ltigen Vorz\u00fcge der Hagebutte f\u00fcr Pferde und geben praktische Tipps und Hinweise f\u00fcr die Verwendung.<\/p>\n<h2><b>Was zeichnet Hagebutten aus?<\/b><\/h2>\n<p>Hagebutten sind die leuchtend roten Fr\u00fcchte verschiedener Wildrosenarten, insbesondere der Hundsrose (Rosa canina), die vor allem an Geb\u00fcschen und halbschattigen Waldr\u00e4ndern zu finden sind. Sie z\u00e4hlen, wie auch die Erdbeere, zu den Sammelnussfr\u00fcchten. Das sind sogenannte Scheinfr\u00fcchte mit kleinen N\u00fcsschen. Im Fall der Hagebutte liegen diese N\u00fcsschen im Inneren und haben feine H\u00e4rchen mit Widerhaken, die bei Hautkontakt Juckreiz verursachen k\u00f6nnen.<\/p>\n<p>Im Herbst gedeihen die auff\u00e4lligen Fr\u00fcchte, sie sind zu Beginn jedoch noch hart und unreif. Nach dem ersten Frost werden sie weicher und entwickeln einen s\u00fc\u00dferen Geschmack. Hagebutten sind reich an Vitalstoffen und enthalten beispielsweise ein Vielfaches an Vitamin C im Vergleich zu Zitronen. Mit der Zeit sinkt ihr Vitamingehalt, weshalb sie nicht zu sp\u00e4t geerntet werden sollten.<\/p>\n<p>Schon die Vorfahren unserer heutigen Pferde haben die Hagebutte zu sch\u00e4tzen gewusst: Die schmackhaften Fr\u00fcchte erfreuen sich seit jeher gro\u00dfer Beliebtheit bei den in Europa und Asien lebenden Wildpferden. Und wer mit dem Pferd auf Tour ist, kann sein Tier mitunter dabei beobachten, wie es die Fr\u00fcchte direkt vom Busch nascht, sobald sich eine Gelegenheit bietet.<\/p>\n<h2><b>Hagebutte f\u00fcr Pferde: Inhaltsstoffe und Verwendung<\/b><\/h2>\n<p>Hier eine kleine \u00dcbersicht, was in der Hagebutte alles drinsteckt:<\/p>\n<ul>\n<li aria-level=\"1\"><b>Vitamine:<\/b> Besonders reich ist die Hagebutte an Vitamin C, jedoch enth\u00e4lt sie auch Vitamin E und K sowie B-Komplex-Vitamine und Beta-Carotin, welches im K\u00f6rper des Pferdes zu Vitamin A umgewandelt wird.<\/li>\n<\/ul>\n<ul>\n<li aria-level=\"1\"><b>Mineralstoffe: <\/b>Zu den in Hagebutten enthaltenen Mineralstoffen geh\u00f6ren Calcium, Kalium, Magnesium, Eisen, Natrium und Phosphor.<\/li>\n<\/ul>\n<ul>\n<li aria-level=\"1\"><b>Lycopin: <\/b>Ein Antioxidans, das gemeinsam mit Vitamin E die Zellen vor freien Radikalen sch\u00fctzen kann.<\/li>\n<\/ul>\n<ul>\n<li aria-level=\"1\"><b>Galaktolipide: <\/b>Diese Fettverbindungen sind haupts\u00e4chlich in der Schale enthalten und k\u00f6nnen verschiedene K\u00f6rperfunktionen unterst\u00fctzen.<\/li>\n<\/ul>\n<ul>\n<li aria-level=\"1\"><b>Pektine: <\/b>Sie k\u00f6nnen als Pr\u00e4biotikum das Wachstum n\u00fctzlicher Darmbakterien unterst\u00fctzen und so zu einer ausgeglichenen Darmflora beitragen.<\/li>\n<li aria-level=\"1\"><b>Essenzielle Fetts\u00e4uren: <\/b>Wertvolle Omega-6- und Omega-3-Fetts\u00e4uren k\u00f6nnen unter anderem Haut und Fell des Pferdes unterst\u00fctzen.<\/li>\n<\/ul>\n<p>Die Reifezeit der Hagebutten f\u00e4llt auf die kalten Monate, was insofern vorteilhaft ist, als Pferde gerade in dieser Zeit \u00fcblicherweise einen erh\u00f6hten N\u00e4hrstoffbedarf haben. Dank der enthaltenen Vitalstoffe eignet sich die Hagebutte ausgezeichnet als Erg\u00e4nzung einer abwechslungsreichen Ern\u00e4hrung. Die Inhaltsstoffe k\u00f6nnen unter anderem das Immunsystem, die Verdauung, Haut- und Fellgesundheit sowie die Gelenke unterst\u00fctzen. Wichtig: Zeigt dein Pferd Symptome einer Erkrankung oder Verletzung, ist es mit gesunden Snacks nicht getan, auch wenn sie noch so viele wertvolle Inhaltsstoffe enthalten. Am besten stellst du dein Pferd schnellstm\u00f6glich einem Tierarzt oder einer Tier\u00e4rztin vor, wenn es krank ist. Mit einer <a href=\"https:\/\/uelzener.de\/pferd\/pferde-krankenversicherung\/\">Pferdekrankenversicherung<\/a> bist du auf der sicheren Seite und musst dir um hohe Behandlungskosten keine Sorgen machen.<\/p>\n<p>Hagebutte ist im \u00dcbrigen nicht nur wegen ihrer Zusammensetzung eine beliebte Futtererg\u00e4nzung, sondern auch aufgrund ihres guten Geschmacks. Die leckeren Fr\u00fcchte eignen sich dank ihrer handlichen Gr\u00f6\u00dfe und ihres geringen St\u00e4rkegehalts hervorragend als Leckerli f\u00fcr zwischendurch &#8211; auch und insbesondere f\u00fcr Pferde, die mit Verdauungsbeschwerden zu k\u00e4mpfen haben oder zu \u00dcbergewicht neigen.<\/p>\n<h3><b>M\u00f6gliche Risiken bei der Hagebutten-F\u00fctterung<\/b><\/h3>\n<p>F\u00fcr gesunde Pferde haben Hagebutten bei richtiger Dosierung kaum Nachteile. Eine zu hohe Dosis kann jedoch Magen-Darm-Beschwerden oder Durchfall verursachen. Die feinen Haare auf den N\u00fcsschen im Inneren der Hagebutte k\u00f6nnen zudem Reaktionen bei Pferden mit empfindlichen Atemwegen ausl\u00f6sen. Es ist daher ratsam, auf Hagebuttenprodukte zur\u00fcckzugreifen, bei denen die Haare entfernt wurden.<\/p>\n<h2><b>Darreichungsformen und Dosierung von Hagebutten<\/b><\/h2>\n<p>In den meisten F\u00e4llen werden getrocknete, ganze Hagebutten oder Hagebuttenpulver gef\u00fcttert. Getrocknete Hagebutten k\u00f6nnen als Leckerli direkt gegeben oder unter das Futter gemischt werden. Hagebuttenpulver f\u00fcr Pferde wird meistens aus der n\u00e4hrstoffreichen Schale hergestellt, die vorher enthaart wird. Man kann es einfach \u00fcber das t\u00e4gliche Futter streuen. Geschrotete Hagebutten enthalten h\u00e4ufig noch die H\u00e4rchen und sind daher vor allem f\u00fcr die F\u00fctterung empfindlicher Pferde mit Allergieneigung nicht zu empfehlen.<\/p>\n<p>Die richtige Dosierung von Hagebutten f\u00fcr Pferde h\u00e4ngt in erster Linie vom Gewicht des Tieres ab, Faktoren wie das Alter und der allgemeine Gesundheitszustand spielen jedoch auch eine Rolle. F\u00fcr ein 600 kg schweres Pferd werden \u00fcblicherweise 20 bis 40 g Hagebutten am Tag empfohlen. F\u00fcr ein Kleinpferd oder Pony ist es ungef\u00e4hr die H\u00e4lfte. Um die richtige Dosierung f\u00fcr dein Pferd ermitteln, kannst du einen Tierarzt oder eine Tier\u00e4rztin zu Rate ziehen.<\/p>\n<h2><b>Verarbeitung von Hagebutten<\/b><\/h2>\n<p>Der Markt f\u00fcr Pferdebedarf bietet Hagebutten in zahlreichen Varianten. Es ist jedoch auch m\u00f6glich, sie selbst zu pfl\u00fccken und entweder direkt zu verf\u00fcttern oder weiterzuverarbeiten. Du kannst die Hagebutten als ganze Frucht trocknen oder Pulver daraus herstellen. Wir erkl\u00e4ren dir, wie das geht.<\/p>\n<h3><b>Hagebutten ernten, trocknen und Pulver herstellen<\/b><\/h3>\n<p>Die Sammelnussfr\u00fcchte sollten am besten bis Ende Oktober geerntet werden, damit sie noch m\u00f6glichst viele ihrer wertvollen Vitalstoffe enthalten. Achte beim Pfl\u00fccken auf die Dornen der Str\u00e4ucher, um Verletzungen zu vermeiden.<\/p>\n<p>Indem du die gepfl\u00fcckten Hagebutten trocknest, erh\u00f6hst du ihre Haltbarkeit erheblich. Kleinere Fr\u00fcchte kannst du im Ganzen trocknen, w\u00e4hrend gr\u00f6\u00dfere Fr\u00fcchte besser halbiert werden sollten. Das Trocknen kann in einem Ofen oder einem D\u00f6rrautomat erfolgen.<\/p>\n<p>Anleitung:<\/p>\n<p><b>Schritt 1:<\/b> Bereite die Hagebutten vor, indem du sie gr\u00fcndlich w\u00e4schst und besch\u00e4digte Exemplare aussortierst. Die Entfernung der H\u00e4rchen ist optional, aber vor allem empfehlenswert, wenn du Pulver herstellen m\u00f6chtest.<\/p>\n<p><b>Schritt 2: <\/b>Heize den Ofen bzw. den D\u00f6rrautomaten auf maximal 40\u00b0C vor, um eine Zerst\u00f6rung der Inhaltsstoffe zu vermeiden.<\/p>\n<p><b>Schritt 3: <\/b>Breite die Hagebutten auf einem Backblech aus und schiebe sie in den Backofen. Lass die Ofent\u00fcr dabei ein kleines bisschen offen, damit die angesammelte Feuchtigkeit entweichen kann. Wende die Fr\u00fcchte in regelm\u00e4\u00dfigen Abst\u00e4nden.<\/p>\n<p><b>Schritt 4: <\/b>Nimm die Hagebutten aus dem Ofen, wenn sie vollst\u00e4ndig getrocknet sind, und gib sie nach dem Abk\u00fchlen in einen luftdichten Beh\u00e4lter. Darin bleiben sie mehrere Monate haltbar.<\/p>\n<p><b>Schritt 5 (optional): <\/b>Um die getrockneten Hagebutten zu Pulver zu verarbeiten, kannst du sie in einen Mixer geben oder mit einem M\u00f6rser zermahlen.<\/p>\n<p>Noch schonendere, aber langwierigere Methoden zur Trocknung sind die Trocknung an der Luft oder auf der Heizung. Dazu kannst du die Fr\u00fcchte zum Beispiel auf einem sauberen Tuch oder einem Backblech ausbreiten und sie an einem trockenen Ort oder auf der Heizung mehrere Tage bis Wochen liegen lassen, bis sie vollst\u00e4ndig getrocknet sind. Achte auch hier darauf, sie regelm\u00e4\u00dfig zu wenden.<\/p>\n<h2><b>Fazit<\/b><\/h2>\n<p>Hagebutten sind reich an wertvollen Inhaltsstoffen und eignen sich daher wunderbar als vielseitige und gesunde Futtererg\u00e4nzung f\u00fcr Pferde. Dank ihres guten Geschmacks werden sie in frischer oder getrockneter Form von vielen Pferden gerne als Snack angenommen. Wichtig ist, auf eine korrekte Dosierung zu achten und im Falle von Unvertr\u00e4glichkeitserscheinungen tier\u00e4rztlichen Rat einzuholen. In der Regel jedoch werden Hagebutten von Pferden gut vertragen und genussvoll verspeist.<\/p>\n<h2><b>FAQ: H\u00e4ufig gestellte Fragen zur F\u00fctterung von Hagebutten<\/b><\/h2>\n<h3><b>Kann ich Hagebutten auch in Kombination mit anderen Erg\u00e4nzungsfuttermitteln f\u00fcttern?<\/b><\/h3>\n<p>Ja, Hagebutten eignen sich gut zur Kombination mit anderen Erg\u00e4nzungsfuttermitteln, wobei es grunds\u00e4tzlich empfehlenswert ist, die Menge an zugef\u00fchrten N\u00e4hrstoffen im Blick zu behalten, um eine \u00dcber- oder Unterversorgung zu vermeiden.<\/p>\n<h3><b>Was sollte ich beim Kauf von Hagebuttenprodukten beachten?<\/b><\/h3>\n<p>Achte darauf, dass das Produkt keine Zusatzstoffe wie Zucker oder Konservierungsmittel enth\u00e4lt. Es ist zudem ratsam, auf Produkte in Bio-Qualit\u00e4t zur\u00fcckzugreifen, da diese ohne den Einsatz von Pestiziden und synthetischen D\u00fcngemitteln hergestellt werden. Davon abgesehen lohnt sich ein Blick auf die Haltbarkeit, um sicherzugehen, dass das Hagebuttenprodukt noch eine Zeitlang verwendbar ist.<\/p>\n<h3><b>Wie kann ich sicherstellen, dass mein Pferd Hagebutten gut vertr\u00e4gt?<\/b><\/h3>\n<p>Um sicherzustellen, dass dein Pferd Hagebutten gut vertr\u00e4gt, solltest du mit einer kleinen Menge beginnen und diese \u00fcber mehrere Tage hinweg langsam steigern. Beobachte dabei genau das Verhalten und die k\u00f6rperlichen Reaktionen deines Pferdes. M\u00f6gliche Anzeichen f\u00fcr eine Unvertr\u00e4glichkeit oder Allergie sind Symptome wie Juckreiz, Hautausschlag, Verdauungs- oder Atemwegsprobleme. In diesem Fall solltest du die F\u00fctterung sofort einstellen und tier\u00e4rztlichen Rat einholen.<\/p>\n<h3><b>Wie kann ich gew\u00e4hrleisten, dass selbst gesammelte Hagebutten sicher f\u00fcr mein Pferd sind?<\/b><\/h3>\n<p>Beim Sammeln von Hagebutten solltest du darauf achten, dass die Pflanzen in einer unbelasteten Umgebung wachsen, fern von stark frequentierten Stra\u00dfen, Industriegebieten oder landwirtschaftlichen Fl\u00e4chen, die mit Pestiziden behandelt sein k\u00f6nnten. Es ist wichtig, nur reife, unversehrte Fr\u00fcchte zu sammeln, die keine Spuren von Schimmel oder Sch\u00e4dlingsbefall zeigen, und sie vor dem F\u00fcttern gr\u00fcndlich zu waschen, um Verunreinigungen zu entfernen. Die Fr\u00fcchte sollten nach dem Sammeln m\u00f6glichst schnell verf\u00fcttert, weiterverarbeitet oder getrocknet werden.<\/p>\n","protected":false},"excerpt":{"rendered":"<p>Wohl die meisten Pferdehalter und -halterinnen legen Wert auf eine gesunde und m\u00f6glichst nat\u00fcrliche Ern\u00e4hrung ihrer Tiere. Erg\u00e4nzungsfuttermittel auf Basis nat\u00fcrlicher Inhaltsstoffe gewinnen daher immer mehr an Bedeutung. Ein bew\u00e4hrter nat\u00fcrlicher Helfer, der seit Jahrhunderten gesch\u00e4tzt wird, ist die Hagebutte. Urspr\u00fcnglich als Heilpflanze f\u00fcr Menschen verwendet, bieten Hagebutten auch zahlreiche Vorteile f\u00fcr Pferde. Im Folgenden [&hellip;]<\/p>\n","protected":false},"author":21,"featured_media":17726,"parent":11672,"menu_order":4,"comment_status":"closed","ping_status":"closed","template":"templates\/blog.php","meta":{"_acf_changed":false,"_crdt_document":"","footnotes":"","beyondwords_generate_audio":"","beyondwords_project_id":"","beyondwords_content_id":"","beyondwords_preview_token":"","beyondwords_player_style":"","beyondwords_language_id":"","beyondwords_title_voice_id":"","beyondwords_body_voice_id":"","beyondwords_summary_voice_id":"","beyondwords_error_message":"","beyondwords_disabled":"","beyondwords_delete_content":"","beyondwords_podcast_id":"","beyondwords_hash":"","publish_post_to_speechkit":"","speechkit_hash":"","speechkit_generate_audio":"","speechkit_project_id":"","speechkit_podcast_id":"","speechkit_error_message":"","speechkit_disabled":"","speechkit_access_key":"","speechkit_error":"","speechkit_info":"","speechkit_response":"","speechkit_retries":"","speechkit_status":"","speechkit_updated_at":"","_speechkit_link":"","_speechkit_text":""},"class_list":["post-17717","page","type-page","status-publish","has-post-thumbnail","hentry"],"acf":[],"yoast_head":"<!-- This site is optimized with the Yoast SEO Premium plugin  - https:\/\/yoast.com\/product\/yoast-seo-premium-wordpress\/ -->\n<title>Hagebutten f\u00fcr Pferde: Ein gesunder Snack aus der Natur | Uelzener Magazin<\/title>\n<meta name=\"robots\" content=\"index, follow, max-snippet:-1, max-image-preview:large, max-video-preview:-1\" \/>\n<link rel=\"canonical\" href=\"https:\/\/uelzener.de\/magazin\/pferd\/ernaehrung\/hagebutten-fuer-pferde-ein-gesunder-snack-aus-der-natur\/\" \/>\n<meta property=\"og:locale\" content=\"de_DE\" \/>\n<meta property=\"og:type\" content=\"article\" \/>\n<meta property=\"og:title\" content=\"Hagebutten f\u00fcr Pferde: Ein gesunder Snack aus der Natur\" \/>\n<meta property=\"og:description\" content=\"Wohl die meisten Pferdehalter und -halterinnen legen Wert auf eine gesunde und m\u00f6glichst nat\u00fcrliche Ern\u00e4hrung ihrer Tiere. Erg\u00e4nzungsfuttermittel auf Basis nat\u00fcrlicher Inhaltsstoffe gewinnen daher immer mehr an Bedeutung. Ein bew\u00e4hrter nat\u00fcrlicher Helfer, der seit Jahrhunderten gesch\u00e4tzt wird, ist die Hagebutte. Urspr\u00fcnglich als Heilpflanze f\u00fcr Menschen verwendet, bieten Hagebutten auch zahlreiche Vorteile f\u00fcr Pferde. Im Folgenden [&hellip;]\" \/>\n<meta property=\"og:url\" content=\"https:\/\/uelzener.de\/magazin\/pferd\/ernaehrung\/hagebutten-fuer-pferde-ein-gesunder-snack-aus-der-natur\/\" \/>\n<meta property=\"og:site_name\" content=\"Uelzener Tier-Magazin\" \/>\n<meta property=\"article:publisher\" content=\"https:\/\/www.facebook.com\/Uelzener\" \/>\n<meta property=\"og:image\" content=\"https:\/\/uelzener.de\/magazin\/app\/uploads\/2024\/09\/Hagebutte-als-Snack-fuer-Pferde-1.jpg\" \/>\n\t<meta property=\"og:image:width\" content=\"1025\" \/>\n\t<meta property=\"og:image:height\" content=\"450\" \/>\n\t<meta property=\"og:image:type\" content=\"image\/jpeg\" \/>\n<meta name=\"twitter:card\" content=\"summary_large_image\" \/>\n<meta name=\"twitter:label1\" content=\"Gesch\u00e4tzte Lesezeit\" \/>\n\t<meta name=\"twitter:data1\" content=\"7\u00a0Minuten\" \/>\n<script type=\"application\/ld+json\" class=\"yoast-schema-graph\">{\"@context\":\"https:\/\/schema.org\",\"@graph\":[{\"@type\":\"WebPage\",\"@id\":\"https:\/\/uelzener.de\/magazin\/pferd\/ernaehrung\/hagebutten-fuer-pferde-ein-gesunder-snack-aus-der-natur\/\",\"url\":\"https:\/\/uelzener.de\/magazin\/pferd\/ernaehrung\/hagebutten-fuer-pferde-ein-gesunder-snack-aus-der-natur\/\",\"name\":\"Hagebutten f\u00fcr Pferde: Ein gesunder Snack aus der Natur | Uelzener Magazin\",\"isPartOf\":{\"@id\":\"https:\/\/uelzener.de\/magazin\/#website\"},\"primaryImageOfPage\":{\"@id\":\"https:\/\/uelzener.de\/magazin\/pferd\/ernaehrung\/hagebutten-fuer-pferde-ein-gesunder-snack-aus-der-natur\/#primaryimage\"},\"image\":{\"@id\":\"https:\/\/uelzener.de\/magazin\/pferd\/ernaehrung\/hagebutten-fuer-pferde-ein-gesunder-snack-aus-der-natur\/#primaryimage\"},\"thumbnailUrl\":\"https:\/\/uelzener.de\/magazin\/app\/uploads\/2024\/09\/Hagebutte-als-Snack-fuer-Pferde-1.jpg\",\"datePublished\":\"2024-09-11T07:46:15+00:00\",\"breadcrumb\":{\"@id\":\"https:\/\/uelzener.de\/magazin\/pferd\/ernaehrung\/hagebutten-fuer-pferde-ein-gesunder-snack-aus-der-natur\/#breadcrumb\"},\"inLanguage\":\"de\",\"potentialAction\":[{\"@type\":\"ReadAction\",\"target\":[\"https:\/\/uelzener.de\/magazin\/pferd\/ernaehrung\/hagebutten-fuer-pferde-ein-gesunder-snack-aus-der-natur\/\"]}]},{\"@type\":\"ImageObject\",\"inLanguage\":\"de\",\"@id\":\"https:\/\/uelzener.de\/magazin\/pferd\/ernaehrung\/hagebutten-fuer-pferde-ein-gesunder-snack-aus-der-natur\/#primaryimage\",\"url\":\"https:\/\/uelzener.de\/magazin\/app\/uploads\/2024\/09\/Hagebutte-als-Snack-fuer-Pferde-1.jpg\",\"contentUrl\":\"https:\/\/uelzener.de\/magazin\/app\/uploads\/2024\/09\/Hagebutte-als-Snack-fuer-Pferde-1.jpg\",\"width\":1025,\"height\":450},{\"@type\":\"WebSite\",\"@id\":\"https:\/\/uelzener.de\/magazin\/#website\",\"url\":\"https:\/\/uelzener.de\/magazin\/\",\"name\":\"Uelzener Tiermagazin\",\"description\":\"Online Tierratgeber der Uelzener Versicherungen\",\"publisher\":{\"@id\":\"https:\/\/uelzener.de\/magazin\/#organization\"},\"potentialAction\":[{\"@type\":\"SearchAction\",\"target\":{\"@type\":\"EntryPoint\",\"urlTemplate\":\"https:\/\/uelzener.de\/magazin\/?s={search_term_string}\"},\"query-input\":{\"@type\":\"PropertyValueSpecification\",\"valueRequired\":true,\"valueName\":\"search_term_string\"}}],\"inLanguage\":\"de\"},{\"@type\":\"Organization\",\"@id\":\"https:\/\/uelzener.de\/magazin\/#organization\",\"name\":\"Uelzener Versicherungen\",\"url\":\"https:\/\/uelzener.de\/magazin\/\",\"logo\":{\"@type\":\"ImageObject\",\"inLanguage\":\"de\",\"@id\":\"https:\/\/uelzener.de\/magazin\/#\/schema\/logo\/image\/\",\"url\":\"https:\/\/uelzener.de\/magazin\/app\/uploads\/2024\/11\/uelzener_allgemeine_versicherungsgesellschaft_a_g_logo.jpg\",\"contentUrl\":\"https:\/\/uelzener.de\/magazin\/app\/uploads\/2024\/11\/uelzener_allgemeine_versicherungsgesellschaft_a_g_logo.jpg\",\"width\":200,\"height\":200,\"caption\":\"Uelzener Versicherungen\"},\"image\":{\"@id\":\"https:\/\/uelzener.de\/magazin\/#\/schema\/logo\/image\/\"},\"sameAs\":[\"https:\/\/www.facebook.com\/Uelzener\",\"https:\/\/instagram.com\/uelzener\",\"https:\/\/www.xing.com\/pages\/uelzenerallgemeineversicherungs-gesellschafta-g\",\"https:\/\/www.youtube.com\/UelzenerVersicherungen\"]}]}<\/script>\n<!-- \/ Yoast SEO Premium plugin. -->","yoast_head_json":{"title":"Hagebutten f\u00fcr Pferde: Ein gesunder Snack aus der Natur | Uelzener Magazin","robots":{"index":"index","follow":"follow","max-snippet":"max-snippet:-1","max-image-preview":"max-image-preview:large","max-video-preview":"max-video-preview:-1"},"canonical":"https:\/\/uelzener.de\/magazin\/pferd\/ernaehrung\/hagebutten-fuer-pferde-ein-gesunder-snack-aus-der-natur\/","og_locale":"de_DE","og_type":"article","og_title":"Hagebutten f\u00fcr Pferde: Ein gesunder Snack aus der Natur","og_description":"Wohl die meisten Pferdehalter und -halterinnen legen Wert auf eine gesunde und m\u00f6glichst nat\u00fcrliche Ern\u00e4hrung ihrer Tiere. Erg\u00e4nzungsfuttermittel auf Basis nat\u00fcrlicher Inhaltsstoffe gewinnen daher immer mehr an Bedeutung. Ein bew\u00e4hrter nat\u00fcrlicher Helfer, der seit Jahrhunderten gesch\u00e4tzt wird, ist die Hagebutte. Urspr\u00fcnglich als Heilpflanze f\u00fcr Menschen verwendet, bieten Hagebutten auch zahlreiche Vorteile f\u00fcr Pferde. Im Folgenden [&hellip;]","og_url":"https:\/\/uelzener.de\/magazin\/pferd\/ernaehrung\/hagebutten-fuer-pferde-ein-gesunder-snack-aus-der-natur\/","og_site_name":"Uelzener Tier-Magazin","article_publisher":"https:\/\/www.facebook.com\/Uelzener","og_image":[{"width":1025,"height":450,"url":"https:\/\/uelzener.de\/magazin\/app\/uploads\/2024\/09\/Hagebutte-als-Snack-fuer-Pferde-1.jpg","type":"image\/jpeg"}],"twitter_card":"summary_large_image","twitter_misc":{"Gesch\u00e4tzte Lesezeit":"7\u00a0Minuten"},"schema":{"@context":"https:\/\/schema.org","@graph":[{"@type":"WebPage","@id":"https:\/\/uelzener.de\/magazin\/pferd\/ernaehrung\/hagebutten-fuer-pferde-ein-gesunder-snack-aus-der-natur\/","url":"https:\/\/uelzener.de\/magazin\/pferd\/ernaehrung\/hagebutten-fuer-pferde-ein-gesunder-snack-aus-der-natur\/","name":"Hagebutten f\u00fcr Pferde: Ein gesunder Snack aus der Natur | Uelzener Magazin","isPartOf":{"@id":"https:\/\/uelzener.de\/magazin\/#website"},"primaryImageOfPage":{"@id":"https:\/\/uelzener.de\/magazin\/pferd\/ernaehrung\/hagebutten-fuer-pferde-ein-gesunder-snack-aus-der-natur\/#primaryimage"},"image":{"@id":"https:\/\/uelzener.de\/magazin\/pferd\/ernaehrung\/hagebutten-fuer-pferde-ein-gesunder-snack-aus-der-natur\/#primaryimage"},"thumbnailUrl":"https:\/\/uelzener.de\/magazin\/app\/uploads\/2024\/09\/Hagebutte-als-Snack-fuer-Pferde-1.jpg","datePublished":"2024-09-11T07:46:15+00:00","breadcrumb":{"@id":"https:\/\/uelzener.de\/magazin\/pferd\/ernaehrung\/hagebutten-fuer-pferde-ein-gesunder-snack-aus-der-natur\/#breadcrumb"},"inLanguage":"de","potentialAction":[{"@type":"ReadAction","target":["https:\/\/uelzener.de\/magazin\/pferd\/ernaehrung\/hagebutten-fuer-pferde-ein-gesunder-snack-aus-der-natur\/"]}]},{"@type":"ImageObject","inLanguage":"de","@id":"https:\/\/uelzener.de\/magazin\/pferd\/ernaehrung\/hagebutten-fuer-pferde-ein-gesunder-snack-aus-der-natur\/#primaryimage","url":"https:\/\/uelzener.de\/magazin\/app\/uploads\/2024\/09\/Hagebutte-als-Snack-fuer-Pferde-1.jpg","contentUrl":"https:\/\/uelzener.de\/magazin\/app\/uploads\/2024\/09\/Hagebutte-als-Snack-fuer-Pferde-1.jpg","width":1025,"height":450},{"@type":"WebSite","@id":"https:\/\/uelzener.de\/magazin\/#website","url":"https:\/\/uelzener.de\/magazin\/","name":"Uelzener Tiermagazin","description":"Online Tierratgeber der Uelzener Versicherungen","publisher":{"@id":"https:\/\/uelzener.de\/magazin\/#organization"},"potentialAction":[{"@type":"SearchAction","target":{"@type":"EntryPoint","urlTemplate":"https:\/\/uelzener.de\/magazin\/?s={search_term_string}"},"query-input":{"@type":"PropertyValueSpecification","valueRequired":true,"valueName":"search_term_string"}}],"inLanguage":"de"},{"@type":"Organization","@id":"https:\/\/uelzener.de\/magazin\/#organization","name":"Uelzener Versicherungen","url":"https:\/\/uelzener.de\/magazin\/","logo":{"@type":"ImageObject","inLanguage":"de","@id":"https:\/\/uelzener.de\/magazin\/#\/schema\/logo\/image\/","url":"https:\/\/uelzener.de\/magazin\/app\/uploads\/2024\/11\/uelzener_allgemeine_versicherungsgesellschaft_a_g_logo.jpg","contentUrl":"https:\/\/uelzener.de\/magazin\/app\/uploads\/2024\/11\/uelzener_allgemeine_versicherungsgesellschaft_a_g_logo.jpg","width":200,"height":200,"caption":"Uelzener Versicherungen"},"image":{"@id":"https:\/\/uelzener.de\/magazin\/#\/schema\/logo\/image\/"},"sameAs":["https:\/\/www.facebook.com\/Uelzener","https:\/\/instagram.com\/uelzener","https:\/\/www.xing.com\/pages\/uelzenerallgemeineversicherungs-gesellschafta-g","https:\/\/www.youtube.com\/UelzenerVersicherungen"]}]}},"_links":{"self":[{"href":"https:\/\/uelzener.de\/magazin\/wp-json\/wp\/v2\/pages\/17717","targetHints":{"allow":["GET"]}}],"collection":[{"href":"https:\/\/uelzener.de\/magazin\/wp-json\/wp\/v2\/pages"}],"about":[{"href":"https:\/\/uelzener.de\/magazin\/wp-json\/wp\/v2\/types\/page"}],"author":[{"embeddable":true,"href":"https:\/\/uelzener.de\/magazin\/wp-json\/wp\/v2\/users\/21"}],"replies":[{"embeddable":true,"href":"https:\/\/uelzener.de\/magazin\/wp-json\/wp\/v2\/comments?post=17717"}],"version-history":[{"count":4,"href":"https:\/\/uelzener.de\/magazin\/wp-json\/wp\/v2\/pages\/17717\/revisions"}],"predecessor-version":[{"id":17724,"href":"https:\/\/uelzener.de\/magazin\/wp-json\/wp\/v2\/pages\/17717\/revisions\/17724"}],"up":[{"embeddable":true,"href":"https:\/\/uelzener.de\/magazin\/wp-json\/wp\/v2\/pages\/11672"}],"wp:featuredmedia":[{"embeddable":true,"href":"https:\/\/uelzener.de\/magazin\/wp-json\/wp\/v2\/media\/17726"}],"wp:attachment":[{"href":"https:\/\/uelzener.de\/magazin\/wp-json\/wp\/v2\/media?parent=17717"}],"curies":[{"name":"wp","href":"https:\/\/api.w.org\/{rel}","templated":true}]}}