{"id":17715,"date":"2024-09-11T13:21:37","date_gmt":"2024-09-11T11:21:37","guid":{"rendered":"https:\/\/uelzener.de\/magazin\/?page_id=17715"},"modified":"2025-09-11T10:09:18","modified_gmt":"2025-09-11T08:09:18","slug":"herbstgrasmilben-beim-pferd-befall-erkennen-und-behandeln","status":"publish","type":"page","link":"https:\/\/uelzener.de\/magazin\/pferd\/tiergesundheit\/herbstgrasmilben-beim-pferd-befall-erkennen-und-behandeln\/","title":{"rendered":"Herbstgrasmilben beim Pferd: Befall erkennen und behandeln"},"content":{"rendered":"<p>Der Herbst l\u00e4sst die Natur in warmen, leuchtenden Farben erstrahlen. Viele Reiter und Reiterinnen genie\u00dfen es, ausgiebige Ausritte durch bunt gef\u00e4rbte W\u00e4lder zu unternehmen. Doch der Herbst bringt nicht nur Sch\u00f6nes mit sich. Sobald der Sommer sich dem Ende zuneigt, legen sich kleine, beinahe unsichtbare Plagegeister im Gras auf die Lauer und warten dort auf ihr n\u00e4chstes Opfer. Die Rede ist von Herbstgrasmilben, deren <a href=\"https:\/\/uelzener.de\/magazin\/pferd\/tiergesundheit\/wuermer-pferd\/\">Larven<\/a> sowohl f\u00fcr Pferde als auch f\u00fcr kleinere Tiere und Menschen zu einer echten Belastung werden k\u00f6nnen. Welche Gefahren die <a href=\"https:\/\/uelzener.de\/magazin\/pferd\/tiergesundheit\/parasiten-beim-pferd-das-solltest-du-wissen\/\">Parasiten<\/a> mit sich bringen, wie du sie erkennst und was du tun kannst, um einen Befall zu behandeln, erf\u00e4hrst du in diesem Artikel.<\/p>\n<h2><b>Was sind Herbstgrasmilben?<\/b><\/h2>\n<p>Die Herbstgrasmilben (wissenschaftliche Bezeichnung: Neotrombicula autumnalis) geh\u00f6ren zur Familie der Spinnentiere. Haupts\u00e4chlich sind sie im Sp\u00e4tsommer und Herbst aktiv, bis zum ersten Bodenfrost. Ihre \u201cWohlf\u00fchltemperatur\u201d liegt bei ungef\u00e4hr 16\u00b0C und am liebsten haben sie es sonnig und trocken. Bevorzugt halten sie sich auf Wiesen sowie in der N\u00e4he von Waldr\u00e4ndern und Gew\u00e4ssern auf.<\/p>\n<h3><b>Der Entwicklungszyklus der Herbstgrasmilbe<\/b><\/h3>\n<p>Die Milben durchlaufen mehrere Entwicklungsstadien, wobei sie nur im Larvenstadium parasit\u00e4r leben, denn sie brauchen f\u00fcr ihre weitere Entwicklung einen Wirt. Mit einer K\u00f6rpergr\u00f6\u00dfe von etwa 0,2 mm sind die Larven f\u00fcr das menschliche Auge kaum erkennbar. Ausgewachsen erreichen die Milben eine Gr\u00f6\u00dfe von bis zu 2 mm.<\/p>\n<h3><b>Die Vorgehensweise der Parasiten<\/b><\/h3>\n<p>Ihre Eier legen Herbstgrasmilben im Boden oder auf Grashalmen ab. Die geschl\u00fcpften Larven klettern an die Spitze der Grashalme, von wo aus sie Tiere und Menschen befallen. Pferde, die auf der Weide stehen, stellen daher ein gefundenes Fressen dar.<\/p>\n<p>Haben sie ihren Wirt gefunden, ritzen die Larven mit ihrem scherenartigen Mundwerkzeug die obersten Hautschichten ein. Dabei geben sie ein Speicheldr\u00fcsensekret ab, welches die Hautzellen aufl\u00f6st und ein Nahrungsrohr bildet, durch das sie sich von Gewebsfl\u00fcssigkeit und Lymphe ern\u00e4hren. Beim Saugen k\u00f6nnen die Larven bis zum 25-Fachen ihrer Gr\u00f6\u00dfe anwachsen. Haben sie sich vollgesogen, lassen sie sich zu Boden fallen und setzen dort ihren Entwicklungszyklus fort.<\/p>\n<h2><b>Auswirkungen und Gefahren des Befalls mit Herbstgrasmilben<\/b><\/h2>\n<p>Da die Parasiten d\u00fcnnh\u00e4utige Stellen bevorzugen, findet sich der Befall h\u00e4ufig an den Fesseln, dem Bauch oder im Kopfbereich des Pferdes, insbesondere um die N\u00fcstern und das Maul. Das abgegebene Sekret der Larven sorgt f\u00fcr eine zeitverz\u00f6gerte Gegenreaktion auf der Pferdehaut. Folgen k\u00f6nnen m\u00e4\u00dfiger bis starker Juckreiz, Hautirritationen, Krustenbildung, offene Wunden oder Pusteln sein. Die Symptome k\u00f6nnen bis zu 14 Tage andauern. Pferde mit Herbstgrasmilbenbefall kratzen und scheuern sich vermehrt, was zu zus\u00e4tzlichen Hautverletzungen f\u00fchren kann. Die Ausbreitung von Bakterien wird beg\u00fcnstigt und die Gefahr einer Entz\u00fcndung oder Infektion erh\u00f6ht.<\/p>\n<p>Beim Auftreten der Symptome sind die Milben und die Bisse h\u00e4ufig schon nicht mehr zu erkennen. Das erschwert die Zuordnung der Symptomatik, was zu falschen Vermutungen, wie Mauke oder Pilzbefall, f\u00fchren kann. Aufgrund der Schw\u00e4chung des Immunsystems k\u00f6nnen diese Krankheiten sogar eine Folgeerscheinung des Befalls sein. Eine eindeutige Diagnose kann \u00fcber eine klinische Untersuchung gestellt werden. Mit einer Pferde-Krankenversicherung bist du vor hohen Tierarztkosten gesch\u00fctzt, die bei einem Parasitenbefall entstehen k\u00f6nnen.<\/p>\n\n<div class=\"banner\">\n    <a href=\"https:\/\/uelzener.de\/pferd\/herden-versicherung\/?agt=0000104925&sem=true&utm_medium=magazin&utm_source=wordpress&utm_campaign=pferd_kv&utm_content=banner    \">\n        <img decoding=\"async\" width=\"300\" height=\"212\" src=\"https:\/\/uelzener.de\/magazin\/app\/uploads\/2025\/01\/Pferde-Kranken-Versicherung.jpg\" class=\"attachment-medium size-medium\" alt=\"Banner Pferde-Kranken-Versicherung\" \/>    <\/a>\n<\/div>\n\n<h2><b>Wie wird Herbstgrasmilbenbefall beim Pferd richtig behandelt?<\/b><\/h2>\n<p>Die Behandlung eines Herbstgrasmilbenbefalls zielt in erster Linie auf die Beseitigung der Parasiten und eine Linderung der Symptome ab.<\/p>\n<ul>\n<li><b>Reinigung: <\/b>Um die Larven loszuwerden, sollten die betroffenen Stellen gr\u00fcndlich gereinigt werden. Mit einer Mischung aus Obstessig, zum Beispiel Apfelessig, und Wasser kannst du sie zun\u00e4chst abt\u00f6ten. Daraufhin solltest du die Stelle mit Wasser, einer Seife oder einem Shampoo und einem Waschlappen waschen. Kernseife kann juckreizlindernd sein und n\u00e4ssenden Arealen vorbeugen, da die behandelten Stellen im Anschluss besser austrocknen. Sp\u00fcle den Bereich zuletzt mit klarem Wasser ab. Bei starkem Befall k\u00f6nnen medizinische Pasten oder Sprays erforderlich sein. Deine Tierarztpraxis wird dich dazu beraten.<\/li>\n<li aria-level=\"1\"><b>Pflege: <\/b>F\u00fcr die Pflege der betroffenen Hautstellen eignen sich Produkte mit entz\u00fcndungshemmenden und juckreizlindernden Inhaltsstoffen, wie beispielsweise Schwarzk\u00fcmmel\u00f6l, Zinksalbe oder Salben mit Bienenprodukten wie Honig. Am besten holst du dir Rat bei deinem Tierarzt oder deiner Tier\u00e4rztin, die geeignete Produkte vorschlagen k\u00f6nnen. Neben der \u00e4u\u00dferen Anwendung kann auch die Supplementierung von Zink und B-Vitaminen im Futter angezeigt sein.<\/li>\n<li aria-level=\"1\"><b>Heilung: <\/b>Die Milbenbehandlung solltest du t\u00e4glich durchf\u00fchren, bis die Symptome des Befalls vollst\u00e4ndig verschwunden sind. In der Regel ist das nach zwei bis drei Wochen der Fall. Eine Heilsalbe oder ein Gel k\u00f6nnen den Heilungsprozess unterst\u00fctzen. Das Pferd sollte in dieser Zeit m\u00f6glichst trocken stehen, damit die Mittel genug Zeit haben, ihre Wirkung zu entfalten. W\u00e4hrend und nach der Behandlung sollte die Pferdehaut regelm\u00e4\u00dfig gr\u00fcndlich auf Anzeichen weiteren Befalls untersucht werden.<\/li>\n<\/ul>\n<ul>\n<li aria-level=\"1\"><b>Pr\u00e4vention: <\/b>Eine wirksame Bek\u00e4mpfung der Milben am Boden ist nahezu unm\u00f6glich. Der effektivste Weg, einem Herbstmilbenbefall vorzubeugen, besteht in einer Meidung der bekannten Milbenherde auf der Weide. Auch Abwehrsprays k\u00f6nnen die Gefahr verringern, schlie\u00dfen einen Befall jedoch nicht vollst\u00e4ndig aus.<\/li>\n<\/ul>\n<p>Eine sorgf\u00e4ltige und ausreichend lange Behandlung ist essenziell, um Herbstgrasmilbenbefall beim Pferd in den Griff zu bekommen und dem Pferd zu einer schnellen Genesung zu verhelfen.<\/p>\n\n<div class=\"related_articles boxed\">\n    <h2>Mehr zum Thema<\/h2>\n    \n    <div class=\"wrapper\"><div class=\"title align-center\"><h3><a href=\"https:\/\/uelzener.de\/magazin\/pferd\/tiergesundheit\/sommerekzem-pferd\/\">Sommerekzem beim Pferd: Insektenstiche verursachen starken Juckreiz<\/a><\/h3><\/div><div class=\"img align-center\"><img decoding=\"async\" width=\"315\" height=\"180\" src=\"https:\/\/uelzener.de\/magazin\/app\/uploads\/2023\/05\/sommerekzem_pferd-315x180.jpg\" class=\"attachment-315x180 size-315x180 wp-post-image\" alt=\"Zwei Pferde auf der Weide. Eines in Fliegenschutz, um Sommerekzeme vorzubeugen.\" \/><\/div><\/div><div class=\"wrapper\"><div class=\"title align-center\"><h3><a href=\"https:\/\/uelzener.de\/magazin\/pferd\/tiergesundheit\/hautpilz-bei-pferden-erkennen-behandeln-und-vorbeugen\/\">Hautpilz bei Pferden erkennen, behandeln und vorbeugen<\/a><\/h3><\/div><div class=\"img align-center\"><img decoding=\"async\" width=\"315\" height=\"180\" src=\"https:\/\/uelzener.de\/magazin\/app\/uploads\/2025\/07\/pferd-hautpilz-315x180.jpg\" class=\"attachment-315x180 size-315x180 wp-post-image\" alt=\"Pferd zeigt Symptome von einem Hautpilz.\" \/><\/div><\/div><div class=\"wrapper\"><div class=\"title align-center\"><h3><a href=\"https:\/\/uelzener.de\/magazin\/pferd\/tiergesundheit\/milbenbefall-beim-pferd\/\">Milbenbefall beim Pferd: Kleine Plagegeister, gro\u00dfe Auswirkung<\/a><\/h3><\/div><div class=\"img align-center\"><img decoding=\"async\" width=\"315\" height=\"138\" src=\"https:\/\/uelzener.de\/magazin\/app\/uploads\/2025\/09\/milben-pferd.png\" class=\"attachment-315x180 size-315x180 wp-post-image\" alt=\"Pferd mit langer M\u00e4hne auf Wiese.\" \/><\/div><\/div><\/div>\n\n<h2><b>Fazit<\/b><\/h2>\n<p>Herbstgrasmilben sind nicht nur l\u00e4stig, sondern k\u00f6nnen durchaus gr\u00f6\u00dfere gesundheitliche Probleme erzeugen. Die winzigen Parasiten verursachen unangenehmen Juckreiz und Hautprobleme, die sich schnell zu ernsteren Infektionen entwickeln k\u00f6nnen. Eine fr\u00fchzeitige Erkennung und konsequente Behandlung sind entscheidend, um die ungebetenen G\u00e4ste schnell wieder loszuwerden.<\/p>\n<h2><b>FAQ: H\u00e4ufig gestellte Fragen zum Thema Herbstgrasmilben<\/b><\/h2>\n<h3><b>K\u00f6nnen Herbstgrasmilben Krankheiten auf Pferde \u00fcbertragen?<\/b><\/h3>\n<p>Es ist nicht bekannt, dass Herbstgrasmilben Krankheiten direkt auf Pferde \u00fcbertragen. Die Hauptgefahr liegt in den Hautverletzungen, die sie verursachen, da diese zu sekund\u00e4ren Infektionen f\u00fchren k\u00f6nnen, sofern sie nicht ad\u00e4quat behandelt werden.<\/p>\n<h3><b>Welche Rolle spielt das Immunsystem des Pferdes bei einem Befall?<\/b><\/h3>\n<p>Ein starkes Immunsystem kann helfen, die Auswirkungen eines Milbenbefalls zu mildern und die Gefahr sekund\u00e4re Infektionen zu verringern. Pferde mit einem geschw\u00e4chten Immunsystem sind anf\u00e4lliger f\u00fcr die von den Milben verursachten Hautirritationen und Folgeerkrankungen.<\/p>\n<h3><b>K\u00f6nnen auch St\u00e4lle von Herbstgrasmilben betroffen sein?<\/b><\/h3>\n<p>Herbstgrasmilben sind haupts\u00e4chlich in Gras- und Bodenbereichen zu finden, weshalb ein vermehrtes Vorkommen im Stall eher selten ist. Sie k\u00f6nnen allerdings durch Pferde eingeschleppt werden, die von der Weide kommen. Eine regelm\u00e4\u00dfige Reinigung der Stallumgebung ist wichtig &#8211; nicht nur, um die Milben wieder loszuwerden, sondern generell, um f\u00fcr hygienische Verh\u00e4ltnisse zu sorgen und die Keim- und Parasitenbelastung zu minimieren.<\/p>\n<h3><b>Welche Auswirkungen hat der Milbenbefall auf das Verhalten des Pferdes?<\/b><\/h3>\n<p>Ein Milbenbefall kann zu erh\u00f6htem Stress und Unruhe f\u00fchren. Betroffene Pferde zeigen oft vermehrtes Scheuern, Bei\u00dfen und Kratzen. Sie k\u00f6nnen auch nerv\u00f6s oder gereizt wirken und m\u00f6glicherweise ihr Fressverhalten \u00e4ndern.<\/p>\n","protected":false},"excerpt":{"rendered":"<p>Der Herbst l\u00e4sst die Natur in warmen, leuchtenden Farben erstrahlen. Viele Reiter und Reiterinnen genie\u00dfen es, ausgiebige Ausritte durch bunt gef\u00e4rbte W\u00e4lder zu unternehmen. Doch der Herbst bringt nicht nur Sch\u00f6nes mit sich. Sobald der Sommer sich dem Ende zuneigt, legen sich kleine, beinahe unsichtbare Plagegeister im Gras auf die Lauer und warten dort auf [&hellip;]<\/p>\n","protected":false},"author":21,"featured_media":17737,"parent":11706,"menu_order":12,"comment_status":"closed","ping_status":"closed","template":"templates\/blog.php","meta":{"_acf_changed":false,"_crdt_document":"","footnotes":"","beyondwords_generate_audio":"","beyondwords_project_id":"","beyondwords_content_id":"","beyondwords_preview_token":"","beyondwords_player_style":"","beyondwords_language_id":"","beyondwords_title_voice_id":"","beyondwords_body_voice_id":"","beyondwords_summary_voice_id":"","beyondwords_error_message":"","beyondwords_disabled":"","beyondwords_delete_content":"","beyondwords_podcast_id":"","beyondwords_hash":"","publish_post_to_speechkit":"","speechkit_hash":"","speechkit_generate_audio":"","speechkit_project_id":"","speechkit_podcast_id":"","speechkit_error_message":"","speechkit_disabled":"","speechkit_access_key":"","speechkit_error":"","speechkit_info":"","speechkit_response":"","speechkit_retries":"","speechkit_status":"","speechkit_updated_at":"","_speechkit_link":"","_speechkit_text":""},"class_list":["post-17715","page","type-page","status-publish","has-post-thumbnail","hentry"],"acf":[],"yoast_head":"<!-- This site is optimized with the Yoast SEO Premium plugin  - https:\/\/yoast.com\/product\/yoast-seo-premium-wordpress\/ -->\n<title>Herbstgrasmilben beim Pferd: Befall erkennen und behandeln | Uelzener Magazin<\/title>\n<meta name=\"robots\" content=\"index, follow, max-snippet:-1, max-image-preview:large, max-video-preview:-1\" \/>\n<link rel=\"canonical\" href=\"https:\/\/uelzener.de\/magazin\/pferd\/tiergesundheit\/herbstgrasmilben-beim-pferd-befall-erkennen-und-behandeln\/\" \/>\n<meta property=\"og:locale\" content=\"de_DE\" \/>\n<meta property=\"og:type\" content=\"article\" \/>\n<meta property=\"og:title\" content=\"Herbstgrasmilben beim Pferd: Befall erkennen und behandeln\" \/>\n<meta property=\"og:description\" content=\"Der Herbst l\u00e4sst die Natur in warmen, leuchtenden Farben erstrahlen. Viele Reiter und Reiterinnen genie\u00dfen es, ausgiebige Ausritte durch bunt gef\u00e4rbte W\u00e4lder zu unternehmen. Doch der Herbst bringt nicht nur Sch\u00f6nes mit sich. Sobald der Sommer sich dem Ende zuneigt, legen sich kleine, beinahe unsichtbare Plagegeister im Gras auf die Lauer und warten dort auf [&hellip;]\" \/>\n<meta property=\"og:url\" content=\"https:\/\/uelzener.de\/magazin\/pferd\/tiergesundheit\/herbstgrasmilben-beim-pferd-befall-erkennen-und-behandeln\/\" \/>\n<meta property=\"og:site_name\" content=\"Uelzener Tier-Magazin\" \/>\n<meta property=\"article:publisher\" content=\"https:\/\/www.facebook.com\/Uelzener\" \/>\n<meta property=\"article:modified_time\" content=\"2025-09-11T08:09:18+00:00\" \/>\n<meta property=\"og:image\" content=\"https:\/\/uelzener.de\/magazin\/app\/uploads\/2024\/09\/Herbstgrasmilben-Pferd.jpg\" \/>\n\t<meta property=\"og:image:width\" content=\"1025\" \/>\n\t<meta property=\"og:image:height\" content=\"450\" \/>\n\t<meta property=\"og:image:type\" content=\"image\/jpeg\" \/>\n<meta name=\"twitter:card\" content=\"summary_large_image\" \/>\n<meta name=\"twitter:label1\" content=\"Gesch\u00e4tzte Lesezeit\" \/>\n\t<meta name=\"twitter:data1\" content=\"6\u00a0Minuten\" \/>\n<script type=\"application\/ld+json\" class=\"yoast-schema-graph\">{\"@context\":\"https:\/\/schema.org\",\"@graph\":[{\"@type\":\"WebPage\",\"@id\":\"https:\/\/uelzener.de\/magazin\/pferd\/tiergesundheit\/herbstgrasmilben-beim-pferd-befall-erkennen-und-behandeln\/\",\"url\":\"https:\/\/uelzener.de\/magazin\/pferd\/tiergesundheit\/herbstgrasmilben-beim-pferd-befall-erkennen-und-behandeln\/\",\"name\":\"Herbstgrasmilben beim Pferd: Befall erkennen und behandeln | Uelzener Magazin\",\"isPartOf\":{\"@id\":\"https:\/\/uelzener.de\/magazin\/#website\"},\"primaryImageOfPage\":{\"@id\":\"https:\/\/uelzener.de\/magazin\/pferd\/tiergesundheit\/herbstgrasmilben-beim-pferd-befall-erkennen-und-behandeln\/#primaryimage\"},\"image\":{\"@id\":\"https:\/\/uelzener.de\/magazin\/pferd\/tiergesundheit\/herbstgrasmilben-beim-pferd-befall-erkennen-und-behandeln\/#primaryimage\"},\"thumbnailUrl\":\"https:\/\/uelzener.de\/magazin\/app\/uploads\/2024\/09\/Herbstgrasmilben-Pferd.jpg\",\"datePublished\":\"2024-09-11T11:21:37+00:00\",\"dateModified\":\"2025-09-11T08:09:18+00:00\",\"breadcrumb\":{\"@id\":\"https:\/\/uelzener.de\/magazin\/pferd\/tiergesundheit\/herbstgrasmilben-beim-pferd-befall-erkennen-und-behandeln\/#breadcrumb\"},\"inLanguage\":\"de\",\"potentialAction\":[{\"@type\":\"ReadAction\",\"target\":[\"https:\/\/uelzener.de\/magazin\/pferd\/tiergesundheit\/herbstgrasmilben-beim-pferd-befall-erkennen-und-behandeln\/\"]}]},{\"@type\":\"ImageObject\",\"inLanguage\":\"de\",\"@id\":\"https:\/\/uelzener.de\/magazin\/pferd\/tiergesundheit\/herbstgrasmilben-beim-pferd-befall-erkennen-und-behandeln\/#primaryimage\",\"url\":\"https:\/\/uelzener.de\/magazin\/app\/uploads\/2024\/09\/Herbstgrasmilben-Pferd.jpg\",\"contentUrl\":\"https:\/\/uelzener.de\/magazin\/app\/uploads\/2024\/09\/Herbstgrasmilben-Pferd.jpg\",\"width\":1025,\"height\":450},{\"@type\":\"WebSite\",\"@id\":\"https:\/\/uelzener.de\/magazin\/#website\",\"url\":\"https:\/\/uelzener.de\/magazin\/\",\"name\":\"Uelzener Tiermagazin\",\"description\":\"Online Tierratgeber der Uelzener Versicherungen\",\"publisher\":{\"@id\":\"https:\/\/uelzener.de\/magazin\/#organization\"},\"potentialAction\":[{\"@type\":\"SearchAction\",\"target\":{\"@type\":\"EntryPoint\",\"urlTemplate\":\"https:\/\/uelzener.de\/magazin\/?s={search_term_string}\"},\"query-input\":{\"@type\":\"PropertyValueSpecification\",\"valueRequired\":true,\"valueName\":\"search_term_string\"}}],\"inLanguage\":\"de\"},{\"@type\":\"Organization\",\"@id\":\"https:\/\/uelzener.de\/magazin\/#organization\",\"name\":\"Uelzener Versicherungen\",\"url\":\"https:\/\/uelzener.de\/magazin\/\",\"logo\":{\"@type\":\"ImageObject\",\"inLanguage\":\"de\",\"@id\":\"https:\/\/uelzener.de\/magazin\/#\/schema\/logo\/image\/\",\"url\":\"https:\/\/uelzener.de\/magazin\/app\/uploads\/2024\/11\/uelzener_allgemeine_versicherungsgesellschaft_a_g_logo.jpg\",\"contentUrl\":\"https:\/\/uelzener.de\/magazin\/app\/uploads\/2024\/11\/uelzener_allgemeine_versicherungsgesellschaft_a_g_logo.jpg\",\"width\":200,\"height\":200,\"caption\":\"Uelzener Versicherungen\"},\"image\":{\"@id\":\"https:\/\/uelzener.de\/magazin\/#\/schema\/logo\/image\/\"},\"sameAs\":[\"https:\/\/www.facebook.com\/Uelzener\",\"https:\/\/instagram.com\/uelzener\",\"https:\/\/www.xing.com\/pages\/uelzenerallgemeineversicherungs-gesellschafta-g\",\"https:\/\/www.youtube.com\/UelzenerVersicherungen\"]}]}<\/script>\n<!-- \/ Yoast SEO Premium plugin. -->","yoast_head_json":{"title":"Herbstgrasmilben beim Pferd: Befall erkennen und behandeln | Uelzener Magazin","robots":{"index":"index","follow":"follow","max-snippet":"max-snippet:-1","max-image-preview":"max-image-preview:large","max-video-preview":"max-video-preview:-1"},"canonical":"https:\/\/uelzener.de\/magazin\/pferd\/tiergesundheit\/herbstgrasmilben-beim-pferd-befall-erkennen-und-behandeln\/","og_locale":"de_DE","og_type":"article","og_title":"Herbstgrasmilben beim Pferd: Befall erkennen und behandeln","og_description":"Der Herbst l\u00e4sst die Natur in warmen, leuchtenden Farben erstrahlen. Viele Reiter und Reiterinnen genie\u00dfen es, ausgiebige Ausritte durch bunt gef\u00e4rbte W\u00e4lder zu unternehmen. Doch der Herbst bringt nicht nur Sch\u00f6nes mit sich. Sobald der Sommer sich dem Ende zuneigt, legen sich kleine, beinahe unsichtbare Plagegeister im Gras auf die Lauer und warten dort auf [&hellip;]","og_url":"https:\/\/uelzener.de\/magazin\/pferd\/tiergesundheit\/herbstgrasmilben-beim-pferd-befall-erkennen-und-behandeln\/","og_site_name":"Uelzener Tier-Magazin","article_publisher":"https:\/\/www.facebook.com\/Uelzener","article_modified_time":"2025-09-11T08:09:18+00:00","og_image":[{"width":1025,"height":450,"url":"https:\/\/uelzener.de\/magazin\/app\/uploads\/2024\/09\/Herbstgrasmilben-Pferd.jpg","type":"image\/jpeg"}],"twitter_card":"summary_large_image","twitter_misc":{"Gesch\u00e4tzte Lesezeit":"6\u00a0Minuten"},"schema":{"@context":"https:\/\/schema.org","@graph":[{"@type":"WebPage","@id":"https:\/\/uelzener.de\/magazin\/pferd\/tiergesundheit\/herbstgrasmilben-beim-pferd-befall-erkennen-und-behandeln\/","url":"https:\/\/uelzener.de\/magazin\/pferd\/tiergesundheit\/herbstgrasmilben-beim-pferd-befall-erkennen-und-behandeln\/","name":"Herbstgrasmilben beim Pferd: Befall erkennen und behandeln | Uelzener Magazin","isPartOf":{"@id":"https:\/\/uelzener.de\/magazin\/#website"},"primaryImageOfPage":{"@id":"https:\/\/uelzener.de\/magazin\/pferd\/tiergesundheit\/herbstgrasmilben-beim-pferd-befall-erkennen-und-behandeln\/#primaryimage"},"image":{"@id":"https:\/\/uelzener.de\/magazin\/pferd\/tiergesundheit\/herbstgrasmilben-beim-pferd-befall-erkennen-und-behandeln\/#primaryimage"},"thumbnailUrl":"https:\/\/uelzener.de\/magazin\/app\/uploads\/2024\/09\/Herbstgrasmilben-Pferd.jpg","datePublished":"2024-09-11T11:21:37+00:00","dateModified":"2025-09-11T08:09:18+00:00","breadcrumb":{"@id":"https:\/\/uelzener.de\/magazin\/pferd\/tiergesundheit\/herbstgrasmilben-beim-pferd-befall-erkennen-und-behandeln\/#breadcrumb"},"inLanguage":"de","potentialAction":[{"@type":"ReadAction","target":["https:\/\/uelzener.de\/magazin\/pferd\/tiergesundheit\/herbstgrasmilben-beim-pferd-befall-erkennen-und-behandeln\/"]}]},{"@type":"ImageObject","inLanguage":"de","@id":"https:\/\/uelzener.de\/magazin\/pferd\/tiergesundheit\/herbstgrasmilben-beim-pferd-befall-erkennen-und-behandeln\/#primaryimage","url":"https:\/\/uelzener.de\/magazin\/app\/uploads\/2024\/09\/Herbstgrasmilben-Pferd.jpg","contentUrl":"https:\/\/uelzener.de\/magazin\/app\/uploads\/2024\/09\/Herbstgrasmilben-Pferd.jpg","width":1025,"height":450},{"@type":"WebSite","@id":"https:\/\/uelzener.de\/magazin\/#website","url":"https:\/\/uelzener.de\/magazin\/","name":"Uelzener Tiermagazin","description":"Online Tierratgeber der Uelzener Versicherungen","publisher":{"@id":"https:\/\/uelzener.de\/magazin\/#organization"},"potentialAction":[{"@type":"SearchAction","target":{"@type":"EntryPoint","urlTemplate":"https:\/\/uelzener.de\/magazin\/?s={search_term_string}"},"query-input":{"@type":"PropertyValueSpecification","valueRequired":true,"valueName":"search_term_string"}}],"inLanguage":"de"},{"@type":"Organization","@id":"https:\/\/uelzener.de\/magazin\/#organization","name":"Uelzener Versicherungen","url":"https:\/\/uelzener.de\/magazin\/","logo":{"@type":"ImageObject","inLanguage":"de","@id":"https:\/\/uelzener.de\/magazin\/#\/schema\/logo\/image\/","url":"https:\/\/uelzener.de\/magazin\/app\/uploads\/2024\/11\/uelzener_allgemeine_versicherungsgesellschaft_a_g_logo.jpg","contentUrl":"https:\/\/uelzener.de\/magazin\/app\/uploads\/2024\/11\/uelzener_allgemeine_versicherungsgesellschaft_a_g_logo.jpg","width":200,"height":200,"caption":"Uelzener Versicherungen"},"image":{"@id":"https:\/\/uelzener.de\/magazin\/#\/schema\/logo\/image\/"},"sameAs":["https:\/\/www.facebook.com\/Uelzener","https:\/\/instagram.com\/uelzener","https:\/\/www.xing.com\/pages\/uelzenerallgemeineversicherungs-gesellschafta-g","https:\/\/www.youtube.com\/UelzenerVersicherungen"]}]}},"_links":{"self":[{"href":"https:\/\/uelzener.de\/magazin\/wp-json\/wp\/v2\/pages\/17715","targetHints":{"allow":["GET"]}}],"collection":[{"href":"https:\/\/uelzener.de\/magazin\/wp-json\/wp\/v2\/pages"}],"about":[{"href":"https:\/\/uelzener.de\/magazin\/wp-json\/wp\/v2\/types\/page"}],"author":[{"embeddable":true,"href":"https:\/\/uelzener.de\/magazin\/wp-json\/wp\/v2\/users\/21"}],"replies":[{"embeddable":true,"href":"https:\/\/uelzener.de\/magazin\/wp-json\/wp\/v2\/comments?post=17715"}],"version-history":[{"count":7,"href":"https:\/\/uelzener.de\/magazin\/wp-json\/wp\/v2\/pages\/17715\/revisions"}],"predecessor-version":[{"id":19190,"href":"https:\/\/uelzener.de\/magazin\/wp-json\/wp\/v2\/pages\/17715\/revisions\/19190"}],"up":[{"embeddable":true,"href":"https:\/\/uelzener.de\/magazin\/wp-json\/wp\/v2\/pages\/11706"}],"wp:featuredmedia":[{"embeddable":true,"href":"https:\/\/uelzener.de\/magazin\/wp-json\/wp\/v2\/media\/17737"}],"wp:attachment":[{"href":"https:\/\/uelzener.de\/magazin\/wp-json\/wp\/v2\/media?parent=17715"}],"curies":[{"name":"wp","href":"https:\/\/api.w.org\/{rel}","templated":true}]}}