{"id":17713,"date":"2024-09-11T11:46:18","date_gmt":"2024-09-11T09:46:18","guid":{"rendered":"https:\/\/uelzener.de\/magazin\/?page_id=17713"},"modified":"2025-09-02T11:35:40","modified_gmt":"2025-09-02T09:35:40","slug":"osteopathie-fuer-pferde-wissenswertes-zur-osteopathischen-behandlung","status":"publish","type":"page","link":"https:\/\/uelzener.de\/magazin\/pferd\/tiergesundheit\/osteopathie-fuer-pferde-wissenswertes-zur-osteopathischen-behandlung\/","title":{"rendered":"Osteopathie f\u00fcr Pferde: Wissenswertes zur osteopathischen Behandlung"},"content":{"rendered":"<p>Von chronischen Verspannungen \u00fcber kurzzeitige Bewegungseinschr\u00e4nkungen bis hin zu Verdauungsproblemen \u2013 die Osteopathie bietet ein breites Spektrum an Anwendungsm\u00f6glichkeiten. Nicht nur bei Menschen, auch bei Pferden kommt die Osteopathie als alternative Behandlungsmethode mitunter zum Einsatz. Wir fassen f\u00fcr dich zusammen, was es mit Osteopathie beim Pferd auf sich hat und welche m\u00f6glichen Einsatzgebiete es gibt.<\/p>\n<h2><b>Mit gezielten Handgriffen zur Diagnose<\/b><\/h2>\n<p>In der Osteopathie wird der K\u00f6rper als eine Einheit betrachtet, bei der alle K\u00f6rperregionen direkt oder indirekt miteinander verbunden sind. Eine zentrale Rolle spielen dabei die Faszien, die sich als Gewebestrukturen durch den gesamten K\u00f6rper ziehen. Solange der Organismus im Gleichgewicht ist und alle Bereiche gleichm\u00e4\u00dfig belastet werden, bleiben diese Strukturen intakt.<\/p>\n<p>Doch Schmerzen, Schonhaltungen oder einseitige Belastungen k\u00f6nnen dieses Gleichgewicht aus der Balance bringen. Die Strukturen k\u00f6nnen verh\u00e4rten oder verkleben, was zu Verspannungen oder Blockaden im K\u00f6rper f\u00fchren kann. Dadurch, dass der Organismus mit all seinen Funktionen in der Osteopathie als Einheit betrachtet wird, kann es sein, dass die Ursache f\u00fcr den Schmerz in einer ganz anderen K\u00f6rperregionen verortet wird. Durch pr\u00e4zise Beobachtung des K\u00f6rpers, etwa im Stehen, Gehen oder Liegen, und mit Hilfe der H\u00e4nde erfolgt in der Osteopathie die Diagnosestellung. Hierf\u00fcr sind tiefgr\u00fcndige Kenntnisse \u00fcber die Anatomie und Physiologie vonn\u00f6ten. Mit dem gezielten Auflegen der H\u00e4nde und durch spezielle Dehn- oder Grifftechniken sollen Blockaden im K\u00f6rper gel\u00f6st und die Selbstheilungskr\u00e4fte des K\u00f6rpers in Gang gebracht werden.<\/p>\n<p>Grunds\u00e4tzlich ist die Osteopathie in drei Teilbereiche gegliedert:<\/p>\n<ul>\n<li aria-level=\"1\">Die parietale Osteopathie, die sich haupts\u00e4chlich mit dem Bewegungsapparat befasst, einschlie\u00dflich Muskeln, Knochen und Gelenken.<\/li>\n<li aria-level=\"1\">Die viszerale Osteopathie, die sich auf die Behandlung der Organe und ihrer umgebenden Strukturen wie dem st\u00fctzenden Bindegewebe konzentriert.<\/li>\n<li aria-level=\"1\">Die craniosacrale Osteopathie, die den Fokus auf Sch\u00e4del, Wirbels\u00e4ule, Kreuzbein sowie die Hirn- und R\u00fcckenmarksfl\u00fcssigkeit legt.<\/li>\n<\/ul>\n<p>In der Osteopathie geht man davon aus, dass ein gesunder Organismus \u00fcber eine nat\u00fcrliche Selbstheilungsf\u00e4higkeit verf\u00fcgt. Das bedeutet, dass kleinere Beschwerden \u2013 oft unbemerkt \u2013 vom Pferd selbst ausgeglichen werden k\u00f6nnen. Treten jedoch auff\u00e4llige oder wiederkehrende Probleme auf, kann eine manuelle Therapie hilfreich sein, um Schmerzen zu lindern und die urspr\u00fcngliche Beweglichkeit des Bewegungsapparats wiederherzustellen.<\/p>\n<p>In jedem Fall solltest du deinen Tierarzt konsultieren, wenn du merkst, dass dein Pferd Schmerzen hat oder sich anders verh\u00e4lt als \u00fcblich. Mit der Pferdekrankenversicherung der Uelzener genie\u00dft du bei notwendigen tier\u00e4rztlichen Behandlungen einen Rundum-Schutz. Auch osteopathische Behandlungen sind mitversichert, sofern sie durch einen Tierarzt erfolgen. Mit dem zus\u00e4tzlichen Reha-Baustein sind zudem Leistungen wie Osteopathie, Physiotherapie und Chiropraktik durch Nicht-Tier\u00e4rzte abgedeckt.<\/p>\n\n<div class=\"banner\">\n    <a href=\"https:\/\/uelzener.de\/pferd\/herden-versicherung\/?agt=0000104925&sem=true&utm_medium=magazin&utm_source=wordpress&utm_campaign=pferd_kv&utm_content=banner    \">\n        <img decoding=\"async\" width=\"300\" height=\"212\" src=\"https:\/\/uelzener.de\/magazin\/app\/uploads\/2025\/01\/Pferde-Kranken-Versicherung.jpg\" class=\"attachment-medium size-medium\" alt=\"Banner Pferde-Kranken-Versicherung\" \/>    <\/a>\n<\/div>\n\n<h2><b>Ablauf einer osteopathischen Behandlung beim Pferd<\/b><\/h2>\n<p>Die osteopathische Behandlung kann in Absprache mit dem Tierarzt als erg\u00e4nzende Therapie eingesetzt werden.<\/p>\n<p>Pferdeosteopathie wird h\u00e4ufig bei Schmerzen oder Problemen im Bewegungsapparat angewendet, insbesondere nach einem Sturz, einer Operation oder einer langwierigen Verletzung. Auch bei Lahmheit oder anderen Auff\u00e4lligkeiten w\u00e4hrend oder nach der Bewegung kann eine osteopathische Behandlung in Frage kommen.<\/p>\n<p>Im ersten Schritt wird eine gr\u00fcndliche Anamnese durchgef\u00fchrt. Der Pferdeosteopath stellt dabei Fragen zu Vorerkrankungen, Haltung, Ern\u00e4hrung und dem spezifischen Grund f\u00fcr die Konsultation. Anschlie\u00dfend wird das Pferd eingehend betrachtet. Der Osteopath begutachtet das Pferd im Stand und in Bewegung, sowohl im Schritt als auch im Trab, eventuell sogar mit dir als Reiter.<\/p>\n<p>Es werden die Muskulatur und die Beweglichkeit der Gelenke \u00fcberpr\u00fcft. Stellen, an denen das Pferd empfindlich ist, aber auch Schwellungen k\u00f6nnen so ausfindig gemacht werden. Nur durch eine sorgf\u00e4ltige Untersuchung erkennt der Osteopath Blockaden oder Verspannungen, die das Pferd m\u00f6glicherweise noch kompensieren kann. Zus\u00e4tzlich werden Sattel und Trense kontrolliert, um sicherzustellen, dass das Reitequipment nicht urs\u00e4chlich f\u00fcr die Beschwerden ist. Au\u00dferdem k\u00f6nnen R\u00f6ntgenaufnahmen oder Ultraschallbefunde erforderlich sein, um dem Problem genauer auf den Grund zu gehen.<\/p>\n<p>Nach der Diagnosestellung erstellt der Osteopath einen Behandlungsplan oder verweist auf den Tierarzt, wenn beispielsweise Frakturen oder andere schwerwiegende Probleme vorliegen, die sich mit osteopathischen Behandlungen nicht l\u00f6sen lassen.<\/p>\n<p>Bei der Behandlung kommen unterschiedliche manuelle Techniken zum Einsatz, mit denen beispielsweise Blockaden sanft gel\u00f6st und die Beweglichkeit des Pferdes verbessert werden sollen. Eine osteopathische Behandlung des Pferdes erfordert in der Regel mehrere Sitzungen, um Funktionsst\u00f6rungen in bestimmten K\u00f6rperregionen auszugleichen und die urspr\u00fcngliche Funktionalit\u00e4t wiederherzustellen. Bei St\u00f6rungen am Bewegungsapparat etwa werden nicht nur Gelenke, sondern auch Muskeln, Sehnen und Faszien stimuliert, was die Durchblutung f\u00f6rdern soll. Das Ziel der Osteopathie ist es, durch gezielte Anregung den K\u00f6rper zur Selbstheilung zu bef\u00e4higen und im besten Fall die volle Beweglichkeit der tierischen Patienten wiederherzustellen.<\/p>\n<h2><b>Der richtige Osteopath f\u00fcr dein Pferd<\/b><\/h2>\n<p>Da es keine einheitliche Regelung in Deutschland gibt, kann sich im Grunde jede Person als Pferdeosteopath bezeichnen. Deshalb ist es besonders wichtig, bei der Wahl des richtigen Osteopathen f\u00fcr dein Pferd auf Qualifikationen und Erfahrungen zu achten.<\/p>\n<p>Aufgrund fehlender staatlicher Vorgaben gibt es in Deutschland keine verpflichtenden Ausbildungsstandards f\u00fcr Pferdeosteopathen. Mittlerweile gibt es mehrere private Institute mit entsprechenden Ausbildungen. Einige dieser Institute setzen hohe Ma\u00dfst\u00e4be und nehmen beispielsweise nur Personen mit einer Approbation in der Veterin\u00e4r- oder Humanmedizin oder einem Diplom in der Humanphysiotherapie in ihre Programme auf.<\/p>\n<p>In einer qualitativen Ausbildung zum Pferdeosteopathen werden nicht nur die Grundlagen der Osteopathie vermittelt, sondern auch fundiertes Wissen in Anatomie, Neurologie, Biomechanik sowie in Bereichen wie Sattelkunde und Z\u00e4umungen.<\/p>\n<p>Wenn du auf der Suche nach einem Pferdeosteopathen bist, empfiehlt es sich, Therapeutenlisten nach Qualifikationen und Zertifizierungen zu durchsuchen. Dar\u00fcber hinaus kann es hilfreich sein, Empfehlungen von anderen Pferdehaltern einzuholen. Die sorgf\u00e4ltige Auswahl eines qualifizierten Osteopathen ist entscheidend f\u00fcr die korrekte Behandlung und damit das Wohlergehen deines Pferdes.<\/p>\n\n<div class=\"related_articles boxed\">\n    <h2>Mehr zum Thema<\/h2>\n    \n    <div class=\"wrapper\"><div class=\"title align-center\"><h3><a href=\"https:\/\/uelzener.de\/magazin\/pferd\/erziehung-und-training\/aufwaermen-abwaermen-pferdetraining\/\">Aufw\u00e4rmen und Abw\u00e4rmen beim Pferdetraining<\/a><\/h3><\/div><div class=\"img align-center\"><img decoding=\"async\" width=\"315\" height=\"180\" src=\"https:\/\/uelzener.de\/magazin\/app\/uploads\/2022\/12\/aufwaermen-warmup-pferd-315x180.jpg\" class=\"attachment-315x180 size-315x180 wp-post-image\" alt=\"Pferd wird unter einer roten Solarlampe aufgew\u00e4rmt.\" \/><\/div><\/div><div class=\"wrapper\"><div class=\"title align-center\"><h3><a href=\"https:\/\/uelzener.de\/magazin\/pferd\/tiergesundheit\/shivering-pferd-ursachen-symptome-behandlung\/\">Shivering: Ursachen, Symptome, Behandlung<\/a><\/h3><\/div><div class=\"img align-center\"><img decoding=\"async\" width=\"315\" height=\"180\" src=\"https:\/\/uelzener.de\/magazin\/app\/uploads\/2023\/11\/shivering-pferd-315x180.jpg\" class=\"attachment-315x180 size-315x180 wp-post-image\" alt=\"Pferd hebt unwillk\u00fcrlich hinteres Bein an. Das ist ein Symptom von Shivering.\" \/><\/div><\/div><div class=\"wrapper\"><div class=\"title align-center\"><h3><a href=\"https:\/\/uelzener.de\/magazin\/pferd\/tiergesundheit\/schmerzen-beim-pferd\/\">Schmerzen beim Pferd erkennen: Schmerzgesicht und andere Anzeichen<\/a><\/h3><\/div><div class=\"img align-center\"><img decoding=\"async\" width=\"315\" height=\"180\" src=\"https:\/\/uelzener.de\/magazin\/app\/uploads\/2020\/01\/17b97477-b494-49c0-9899-73776d9e06a9-315x180.jpg\" class=\"attachment-315x180 size-315x180 wp-post-image\" alt=\"Vor einem schwarzen Hintergrund ist ein Portrait eines braunen Pferdes zu sehen.\" \/><\/div><\/div><\/div>\n\n<h2><b>Fazit<\/b><\/h2>\n<p>Pferdeosteopathie stellt eine Erg\u00e4nzung zur konventionellen Tiermedizin dar und kommt insbesondere bei der Behandlung von Problemen des Bewegungsapparats von Pferden zum Einsatz. Mithilfe spezieller Griff- und Dehntechniken und anderen manuellen Methoden sollen m\u00f6gliche Blockaden gel\u00f6st und die volle Mobilit\u00e4t wiederhergestellt werden. Bevor du einen Pferdeosteopathen hinzuziehst, solltest du m\u00f6gliche Ursachen f\u00fcr die Beschwerden zun\u00e4chst tiermedizinisch abkl\u00e4ren lassen. Wenn einer osteopathischen Behandlung nichts entgegensteht, kannst du nach einem passenden Therapeuten f\u00fcr dein Pferd suchen.<\/p>\n<h2><b>FAQ: H\u00e4ufig gestellte Fragen zur Osteopathie beim Pferd<\/b><\/h2>\n<h3><b>Wie viel kostet eine Behandlung beim Pferdeosteopathen?<\/b><\/h3>\n<p>Die Kosten f\u00fcr eine Behandlung variieren von Fall zu Fall. Ein professioneller Pferdeosteopath wird bereits bei der ersten Kontaktaufnahme abkl\u00e4ren, ob das von dir geschilderte Problem f\u00fcr eine osteopathische Behandlung in Frage kommen k\u00f6nnte, und dir eine grobe Vorstellung von den Kosten geben. Oft ist der erste Termin am kostspieligsten, da er eine umfassende Anamnese, eine Ganganalyse und andere diagnostische Ma\u00dfnahmen umfasst. In den Pferdeversicherungen der Uelzener sind auch osteopathische Behandlungen abgedeckt, so dass du dir \u00fcber die finanzielle Belastung keine Sorgen machen musst.<\/p>\n<h3><b>Wie viele Behandlungen sind in der Regel notwendig?<\/b><\/h3>\n<p>Auch das kann man nicht pauschal beantworten. Nach dem ersten Termin sollte ein Behandlungsplan erstellt werden, aus dem die voraussichtliche Anzahl der Sitzungen hervorgeht. In der Regel sind mehr Termine erforderlich, wenn Bewegungseinschr\u00e4nkungen bereits l\u00e4nger bestehen, als bei Problemen, die erst k\u00fcrzlich aufgetreten sind.<\/p>\n<h3><b>Was ist nach der Behandlung zu beachten?<\/b><\/h3>\n<p>Nach der Behandlung solltest du dein Pferd mindestens 48 Stunden lang nicht reiten. Es ist wichtig, dass dein Pferd ausreichend Auslauf bekommt und nicht nur in der Box steht. Ein entspannter Spaziergang kann in dieser Zeit hilfreich sein. Manchmal gibt der Pferdeosteopath auch spezielle \u00dcbungen mit, die du in dieser Phase mit deinem Pferd durchf\u00fchren kannst, um die Behandlung zu unterst\u00fctzen.<\/p>\n","protected":false},"excerpt":{"rendered":"<p>Von chronischen Verspannungen \u00fcber kurzzeitige Bewegungseinschr\u00e4nkungen bis hin zu Verdauungsproblemen \u2013 die Osteopathie bietet ein breites Spektrum an Anwendungsm\u00f6glichkeiten. Nicht nur bei Menschen, auch bei Pferden kommt die Osteopathie als alternative Behandlungsmethode mitunter zum Einsatz. Wir fassen f\u00fcr dich zusammen, was es mit Osteopathie beim Pferd auf sich hat und welche m\u00f6glichen Einsatzgebiete es gibt. [&hellip;]<\/p>\n","protected":false},"author":21,"featured_media":17733,"parent":11706,"menu_order":11,"comment_status":"closed","ping_status":"closed","template":"templates\/blog.php","meta":{"_acf_changed":false,"_crdt_document":"","footnotes":"","beyondwords_generate_audio":"","beyondwords_project_id":"","beyondwords_content_id":"","beyondwords_preview_token":"","beyondwords_player_style":"","beyondwords_language_id":"","beyondwords_title_voice_id":"","beyondwords_body_voice_id":"","beyondwords_summary_voice_id":"","beyondwords_error_message":"","beyondwords_disabled":"","beyondwords_delete_content":"","beyondwords_podcast_id":"","beyondwords_hash":"","publish_post_to_speechkit":"","speechkit_hash":"","speechkit_generate_audio":"","speechkit_project_id":"","speechkit_podcast_id":"","speechkit_error_message":"","speechkit_disabled":"","speechkit_access_key":"","speechkit_error":"","speechkit_info":"","speechkit_response":"","speechkit_retries":"","speechkit_status":"","speechkit_updated_at":"","_speechkit_link":"","_speechkit_text":""},"class_list":["post-17713","page","type-page","status-publish","has-post-thumbnail","hentry"],"acf":[],"yoast_head":"<!-- This site is optimized with the Yoast SEO Premium plugin  - https:\/\/yoast.com\/product\/yoast-seo-premium-wordpress\/ -->\n<title>Osteopathie f\u00fcr Pferde: Wissenswertes zur osteopathischen Behandlung | Uelzener Magazin<\/title>\n<meta name=\"robots\" content=\"index, follow, max-snippet:-1, max-image-preview:large, max-video-preview:-1\" \/>\n<link rel=\"canonical\" href=\"https:\/\/uelzener.de\/magazin\/pferd\/tiergesundheit\/osteopathie-fuer-pferde-wissenswertes-zur-osteopathischen-behandlung\/\" \/>\n<meta property=\"og:locale\" content=\"de_DE\" \/>\n<meta property=\"og:type\" content=\"article\" \/>\n<meta property=\"og:title\" content=\"Osteopathie f\u00fcr Pferde: Wissenswertes zur osteopathischen Behandlung\" \/>\n<meta property=\"og:description\" content=\"Von chronischen Verspannungen \u00fcber kurzzeitige Bewegungseinschr\u00e4nkungen bis hin zu Verdauungsproblemen \u2013 die Osteopathie bietet ein breites Spektrum an Anwendungsm\u00f6glichkeiten. Nicht nur bei Menschen, auch bei Pferden kommt die Osteopathie als alternative Behandlungsmethode mitunter zum Einsatz. Wir fassen f\u00fcr dich zusammen, was es mit Osteopathie beim Pferd auf sich hat und welche m\u00f6glichen Einsatzgebiete es gibt. [&hellip;]\" \/>\n<meta property=\"og:url\" content=\"https:\/\/uelzener.de\/magazin\/pferd\/tiergesundheit\/osteopathie-fuer-pferde-wissenswertes-zur-osteopathischen-behandlung\/\" \/>\n<meta property=\"og:site_name\" content=\"Uelzener Tier-Magazin\" \/>\n<meta property=\"article:publisher\" content=\"https:\/\/www.facebook.com\/Uelzener\" \/>\n<meta property=\"article:modified_time\" content=\"2025-09-02T09:35:40+00:00\" \/>\n<meta property=\"og:image\" content=\"https:\/\/uelzener.de\/magazin\/app\/uploads\/2024\/09\/Osteopathie-fuer-Pferde.jpg\" \/>\n\t<meta property=\"og:image:width\" content=\"1025\" \/>\n\t<meta property=\"og:image:height\" content=\"450\" \/>\n\t<meta property=\"og:image:type\" content=\"image\/jpeg\" \/>\n<meta name=\"twitter:card\" content=\"summary_large_image\" \/>\n<meta name=\"twitter:label1\" content=\"Gesch\u00e4tzte Lesezeit\" \/>\n\t<meta name=\"twitter:data1\" content=\"7\u00a0Minuten\" \/>\n<script type=\"application\/ld+json\" class=\"yoast-schema-graph\">{\"@context\":\"https:\/\/schema.org\",\"@graph\":[{\"@type\":\"WebPage\",\"@id\":\"https:\/\/uelzener.de\/magazin\/pferd\/tiergesundheit\/osteopathie-fuer-pferde-wissenswertes-zur-osteopathischen-behandlung\/\",\"url\":\"https:\/\/uelzener.de\/magazin\/pferd\/tiergesundheit\/osteopathie-fuer-pferde-wissenswertes-zur-osteopathischen-behandlung\/\",\"name\":\"Osteopathie f\u00fcr Pferde: Wissenswertes zur osteopathischen Behandlung | Uelzener Magazin\",\"isPartOf\":{\"@id\":\"https:\/\/uelzener.de\/magazin\/#website\"},\"primaryImageOfPage\":{\"@id\":\"https:\/\/uelzener.de\/magazin\/pferd\/tiergesundheit\/osteopathie-fuer-pferde-wissenswertes-zur-osteopathischen-behandlung\/#primaryimage\"},\"image\":{\"@id\":\"https:\/\/uelzener.de\/magazin\/pferd\/tiergesundheit\/osteopathie-fuer-pferde-wissenswertes-zur-osteopathischen-behandlung\/#primaryimage\"},\"thumbnailUrl\":\"https:\/\/uelzener.de\/magazin\/app\/uploads\/2024\/09\/Osteopathie-fuer-Pferde.jpg\",\"datePublished\":\"2024-09-11T09:46:18+00:00\",\"dateModified\":\"2025-09-02T09:35:40+00:00\",\"breadcrumb\":{\"@id\":\"https:\/\/uelzener.de\/magazin\/pferd\/tiergesundheit\/osteopathie-fuer-pferde-wissenswertes-zur-osteopathischen-behandlung\/#breadcrumb\"},\"inLanguage\":\"de\",\"potentialAction\":[{\"@type\":\"ReadAction\",\"target\":[\"https:\/\/uelzener.de\/magazin\/pferd\/tiergesundheit\/osteopathie-fuer-pferde-wissenswertes-zur-osteopathischen-behandlung\/\"]}]},{\"@type\":\"ImageObject\",\"inLanguage\":\"de\",\"@id\":\"https:\/\/uelzener.de\/magazin\/pferd\/tiergesundheit\/osteopathie-fuer-pferde-wissenswertes-zur-osteopathischen-behandlung\/#primaryimage\",\"url\":\"https:\/\/uelzener.de\/magazin\/app\/uploads\/2024\/09\/Osteopathie-fuer-Pferde.jpg\",\"contentUrl\":\"https:\/\/uelzener.de\/magazin\/app\/uploads\/2024\/09\/Osteopathie-fuer-Pferde.jpg\",\"width\":1025,\"height\":450},{\"@type\":\"WebSite\",\"@id\":\"https:\/\/uelzener.de\/magazin\/#website\",\"url\":\"https:\/\/uelzener.de\/magazin\/\",\"name\":\"Uelzener Tiermagazin\",\"description\":\"Online Tierratgeber der Uelzener Versicherungen\",\"publisher\":{\"@id\":\"https:\/\/uelzener.de\/magazin\/#organization\"},\"potentialAction\":[{\"@type\":\"SearchAction\",\"target\":{\"@type\":\"EntryPoint\",\"urlTemplate\":\"https:\/\/uelzener.de\/magazin\/?s={search_term_string}\"},\"query-input\":{\"@type\":\"PropertyValueSpecification\",\"valueRequired\":true,\"valueName\":\"search_term_string\"}}],\"inLanguage\":\"de\"},{\"@type\":\"Organization\",\"@id\":\"https:\/\/uelzener.de\/magazin\/#organization\",\"name\":\"Uelzener Versicherungen\",\"url\":\"https:\/\/uelzener.de\/magazin\/\",\"logo\":{\"@type\":\"ImageObject\",\"inLanguage\":\"de\",\"@id\":\"https:\/\/uelzener.de\/magazin\/#\/schema\/logo\/image\/\",\"url\":\"https:\/\/uelzener.de\/magazin\/app\/uploads\/2024\/11\/uelzener_allgemeine_versicherungsgesellschaft_a_g_logo.jpg\",\"contentUrl\":\"https:\/\/uelzener.de\/magazin\/app\/uploads\/2024\/11\/uelzener_allgemeine_versicherungsgesellschaft_a_g_logo.jpg\",\"width\":200,\"height\":200,\"caption\":\"Uelzener Versicherungen\"},\"image\":{\"@id\":\"https:\/\/uelzener.de\/magazin\/#\/schema\/logo\/image\/\"},\"sameAs\":[\"https:\/\/www.facebook.com\/Uelzener\",\"https:\/\/instagram.com\/uelzener\",\"https:\/\/www.xing.com\/pages\/uelzenerallgemeineversicherungs-gesellschafta-g\",\"https:\/\/www.youtube.com\/UelzenerVersicherungen\"]}]}<\/script>\n<!-- \/ Yoast SEO Premium plugin. -->","yoast_head_json":{"title":"Osteopathie f\u00fcr Pferde: Wissenswertes zur osteopathischen Behandlung | Uelzener Magazin","robots":{"index":"index","follow":"follow","max-snippet":"max-snippet:-1","max-image-preview":"max-image-preview:large","max-video-preview":"max-video-preview:-1"},"canonical":"https:\/\/uelzener.de\/magazin\/pferd\/tiergesundheit\/osteopathie-fuer-pferde-wissenswertes-zur-osteopathischen-behandlung\/","og_locale":"de_DE","og_type":"article","og_title":"Osteopathie f\u00fcr Pferde: Wissenswertes zur osteopathischen Behandlung","og_description":"Von chronischen Verspannungen \u00fcber kurzzeitige Bewegungseinschr\u00e4nkungen bis hin zu Verdauungsproblemen \u2013 die Osteopathie bietet ein breites Spektrum an Anwendungsm\u00f6glichkeiten. Nicht nur bei Menschen, auch bei Pferden kommt die Osteopathie als alternative Behandlungsmethode mitunter zum Einsatz. Wir fassen f\u00fcr dich zusammen, was es mit Osteopathie beim Pferd auf sich hat und welche m\u00f6glichen Einsatzgebiete es gibt. [&hellip;]","og_url":"https:\/\/uelzener.de\/magazin\/pferd\/tiergesundheit\/osteopathie-fuer-pferde-wissenswertes-zur-osteopathischen-behandlung\/","og_site_name":"Uelzener Tier-Magazin","article_publisher":"https:\/\/www.facebook.com\/Uelzener","article_modified_time":"2025-09-02T09:35:40+00:00","og_image":[{"width":1025,"height":450,"url":"https:\/\/uelzener.de\/magazin\/app\/uploads\/2024\/09\/Osteopathie-fuer-Pferde.jpg","type":"image\/jpeg"}],"twitter_card":"summary_large_image","twitter_misc":{"Gesch\u00e4tzte Lesezeit":"7\u00a0Minuten"},"schema":{"@context":"https:\/\/schema.org","@graph":[{"@type":"WebPage","@id":"https:\/\/uelzener.de\/magazin\/pferd\/tiergesundheit\/osteopathie-fuer-pferde-wissenswertes-zur-osteopathischen-behandlung\/","url":"https:\/\/uelzener.de\/magazin\/pferd\/tiergesundheit\/osteopathie-fuer-pferde-wissenswertes-zur-osteopathischen-behandlung\/","name":"Osteopathie f\u00fcr Pferde: Wissenswertes zur osteopathischen Behandlung | Uelzener Magazin","isPartOf":{"@id":"https:\/\/uelzener.de\/magazin\/#website"},"primaryImageOfPage":{"@id":"https:\/\/uelzener.de\/magazin\/pferd\/tiergesundheit\/osteopathie-fuer-pferde-wissenswertes-zur-osteopathischen-behandlung\/#primaryimage"},"image":{"@id":"https:\/\/uelzener.de\/magazin\/pferd\/tiergesundheit\/osteopathie-fuer-pferde-wissenswertes-zur-osteopathischen-behandlung\/#primaryimage"},"thumbnailUrl":"https:\/\/uelzener.de\/magazin\/app\/uploads\/2024\/09\/Osteopathie-fuer-Pferde.jpg","datePublished":"2024-09-11T09:46:18+00:00","dateModified":"2025-09-02T09:35:40+00:00","breadcrumb":{"@id":"https:\/\/uelzener.de\/magazin\/pferd\/tiergesundheit\/osteopathie-fuer-pferde-wissenswertes-zur-osteopathischen-behandlung\/#breadcrumb"},"inLanguage":"de","potentialAction":[{"@type":"ReadAction","target":["https:\/\/uelzener.de\/magazin\/pferd\/tiergesundheit\/osteopathie-fuer-pferde-wissenswertes-zur-osteopathischen-behandlung\/"]}]},{"@type":"ImageObject","inLanguage":"de","@id":"https:\/\/uelzener.de\/magazin\/pferd\/tiergesundheit\/osteopathie-fuer-pferde-wissenswertes-zur-osteopathischen-behandlung\/#primaryimage","url":"https:\/\/uelzener.de\/magazin\/app\/uploads\/2024\/09\/Osteopathie-fuer-Pferde.jpg","contentUrl":"https:\/\/uelzener.de\/magazin\/app\/uploads\/2024\/09\/Osteopathie-fuer-Pferde.jpg","width":1025,"height":450},{"@type":"WebSite","@id":"https:\/\/uelzener.de\/magazin\/#website","url":"https:\/\/uelzener.de\/magazin\/","name":"Uelzener Tiermagazin","description":"Online Tierratgeber der Uelzener Versicherungen","publisher":{"@id":"https:\/\/uelzener.de\/magazin\/#organization"},"potentialAction":[{"@type":"SearchAction","target":{"@type":"EntryPoint","urlTemplate":"https:\/\/uelzener.de\/magazin\/?s={search_term_string}"},"query-input":{"@type":"PropertyValueSpecification","valueRequired":true,"valueName":"search_term_string"}}],"inLanguage":"de"},{"@type":"Organization","@id":"https:\/\/uelzener.de\/magazin\/#organization","name":"Uelzener Versicherungen","url":"https:\/\/uelzener.de\/magazin\/","logo":{"@type":"ImageObject","inLanguage":"de","@id":"https:\/\/uelzener.de\/magazin\/#\/schema\/logo\/image\/","url":"https:\/\/uelzener.de\/magazin\/app\/uploads\/2024\/11\/uelzener_allgemeine_versicherungsgesellschaft_a_g_logo.jpg","contentUrl":"https:\/\/uelzener.de\/magazin\/app\/uploads\/2024\/11\/uelzener_allgemeine_versicherungsgesellschaft_a_g_logo.jpg","width":200,"height":200,"caption":"Uelzener Versicherungen"},"image":{"@id":"https:\/\/uelzener.de\/magazin\/#\/schema\/logo\/image\/"},"sameAs":["https:\/\/www.facebook.com\/Uelzener","https:\/\/instagram.com\/uelzener","https:\/\/www.xing.com\/pages\/uelzenerallgemeineversicherungs-gesellschafta-g","https:\/\/www.youtube.com\/UelzenerVersicherungen"]}]}},"_links":{"self":[{"href":"https:\/\/uelzener.de\/magazin\/wp-json\/wp\/v2\/pages\/17713","targetHints":{"allow":["GET"]}}],"collection":[{"href":"https:\/\/uelzener.de\/magazin\/wp-json\/wp\/v2\/pages"}],"about":[{"href":"https:\/\/uelzener.de\/magazin\/wp-json\/wp\/v2\/types\/page"}],"author":[{"embeddable":true,"href":"https:\/\/uelzener.de\/magazin\/wp-json\/wp\/v2\/users\/21"}],"replies":[{"embeddable":true,"href":"https:\/\/uelzener.de\/magazin\/wp-json\/wp\/v2\/comments?post=17713"}],"version-history":[{"count":5,"href":"https:\/\/uelzener.de\/magazin\/wp-json\/wp\/v2\/pages\/17713\/revisions"}],"predecessor-version":[{"id":19094,"href":"https:\/\/uelzener.de\/magazin\/wp-json\/wp\/v2\/pages\/17713\/revisions\/19094"}],"up":[{"embeddable":true,"href":"https:\/\/uelzener.de\/magazin\/wp-json\/wp\/v2\/pages\/11706"}],"wp:featuredmedia":[{"embeddable":true,"href":"https:\/\/uelzener.de\/magazin\/wp-json\/wp\/v2\/media\/17733"}],"wp:attachment":[{"href":"https:\/\/uelzener.de\/magazin\/wp-json\/wp\/v2\/media?parent=17713"}],"curies":[{"name":"wp","href":"https:\/\/api.w.org\/{rel}","templated":true}]}}