{"id":17711,"date":"2024-09-11T09:21:12","date_gmt":"2024-09-11T07:21:12","guid":{"rendered":"https:\/\/uelzener.de\/magazin\/?page_id=17711"},"modified":"2025-08-21T10:54:53","modified_gmt":"2025-08-21T08:54:53","slug":"obedience-gehorsam-mit-freude","status":"publish","type":"page","link":"https:\/\/uelzener.de\/magazin\/hund\/erziehung-und-training\/obedience-gehorsam-mit-freude\/","title":{"rendered":"Obedience: Gehorsam mit Freude"},"content":{"rendered":"<p>Obedience, auf Deutsch \u201cGehorsamkeit\u201d, ist eine Hundesportart, die auf einer intensiven Zusammenarbeit zwischen Hund und Mensch basiert. Im Mittelpunkt steht die exakte, schnelle und konzentrierte Ausf\u00fchrung verschiedener Kommandos. Wie viele <a href=\"https:\/\/uelzener.de\/magazin\/hund\/erziehung-und-training\/agility\/\">andere Hundesportarten<\/a> stammt Obedience aus England und wird als \u201cHohe Schule\u201d der Unterordnung bezeichnet. H\u00e4ufig wird sie als \u00c4quivalent zum Dressurreiten mit Pferden betrachtet.<\/p>\n<p>Bei Obedience geht es um weitaus mehr als um das reine Befolgen von Kommandos. Wichtige Aspekte sind Harmonie und Vertrauen zwischen Mensch und Tier. Hund und Halter bzw. Halterin bilden ein perfekt aufeinander abgestimmtes Team und sind in der Lage, sowohl nebeneinander als auch aus der Distanz miteinander zu kommunizieren. Die Sportart kann dazu beitragen, das gegenseitige Verst\u00e4ndnis zu verst\u00e4rken und die Bindung nachhaltig zu vertiefen. In diesem Artikel geben wir einen Einblick in die Grundlagen, Urspr\u00fcnge, Vorteile und Voraussetzungen dieser spannenden Disziplin.<\/p>\n<h2><b>Was ist Obedience?<\/b><\/h2>\n<p>Im Obedience soll der Hund unterschiedliche Kommandos pr\u00e4zise, zuverl\u00e4ssig und willig ausf\u00fchren. Da es dabei nicht einzig und allein um k\u00f6rperliche Fitness, sondern vor allem um die mentale Zusammenarbeit geht, gilt die Sportart als eine der anspruchsvollsten Disziplinen im Hundesport.<\/p>\n<p>Die Aufgaben beim Obedience umfassen unter anderem<\/p>\n<ul>\n<li aria-level=\"1\"><a href=\"https:\/\/uelzener.de\/magazin\/hund\/erziehung-und-training\/ohne-leine-gassi-gehen-tipps-tricks\/\">das \u201cbei Fu\u00df\u201d laufen<\/a><\/li>\n<li aria-level=\"1\">Positionswechsel zwischen \u201cSitz\u201d, \u201cSteh\u201d und \u201cPlatz\u201d<\/li>\n<li aria-level=\"1\">das Voraussenden an einen bestimmten Punkt<\/li>\n<li aria-level=\"1\">das Apportieren von Gegenst\u00e4nden verschiedener Gr\u00f6\u00dfen<\/li>\n<li aria-level=\"1\">die Geruchsidentifikation eines Gegenstandes, der vom Halter oder der Halterin ber\u00fchrt wurde.<\/li>\n<\/ul>\n<p>Eine besondere Herausforderung besteht darin, dass das Hund-Mensch-Team vom sogenannten &#8222;Ringsteward&#8220; durch die Pr\u00fcfung gef\u00fchrt wird. Die \u00dcbungen m\u00fcssen demnach m\u00f6glichst z\u00fcgig auf Ansage des Ringstewards ausgef\u00fchrt werden.<\/p>\n<p>Bei der Ausf\u00fchrung der Kommandos wird besonders darauf geachtet, dass der Hund aufmerksam, freudig und motiviert arbeitet. Die Begeisterung ist neben der Genauigkeit ein wichtiger Aspekt bei der Bewertung. Dieses Verhalten kann durch positive Verst\u00e4rkung\u00a0 erzielt werden. Das Training sollte daher stets mit Lob und Belohnung erfolgen anstatt mit Druck oder Bestrafung. Die Kommandos werden in einem ruhigen und freundlichen Ton gegeben, denn ein herrischer Befehlston ist beim Obedience \u00e4u\u00dferst ungern gesehen. \u00dcberm\u00e4\u00dfig laute Kommandos f\u00fchren zum Punktabzug bei Pr\u00fcfungen und Wettbewerben. Eine Bestrafung des Hundes hat die Disqualifikation zur Folge.<\/p>\n<h2><b>Der Ursprung des Gehorsamkeitssports<\/b><\/h2>\n<p>Obedience ist urspr\u00fcnglich Anfang des 20. Jahrhunderts in England im Rahmen von Vielseitigkeitspr\u00fcfungen entstanden. 1951, als es erstmals auf der j\u00e4hrlich stattfindenden Hundeshow &#8222;Crufts&#8220; vorgestellt wurde, hat es sich schlie\u00dflich zu einer eigenst\u00e4ndigen Sportart entwickelt. Seit 2002 ist die Sportart in Deutschland etabliert. Mittlerweile finden in der Bundesrepublik j\u00e4hrlich mehr als 250 Obedience-Wettk\u00e4mpfe statt.<\/p>\n<h2><b>Welche Voraussetzungen sollten Hund und Mensch f\u00fcr das Obedience-Training mitbringen?<\/b><\/h2>\n<p>Obedience eignet sich im Grunde genommen f\u00fcr alle Hunderassen, da es weniger auf k\u00f6rperliche F\u00e4higkeiten, sondern mehr auf Gehorsam, Konzentration und Spa\u00df an der gemeinsamen Arbeit ankommt. Der Hund sollte jedoch eine solide Grundausbildung durchlaufen haben und die Basiskommandos beherrschen. Ein ausgeglichenes Wesen und eine gute Bindung zum Menschen sind ebenfalls von Vorteil. Der Hundef\u00fchrer oder die Hundef\u00fchrerin sollte wiederum Geduld, Konsequenz und ein Gesp\u00fcr f\u00fcr das richtige Timing beim Erteilen von Kommandos oder beim Lob mitbringen.<\/p>\n<h2><b>Vorteile, die das Gehorsamkeitstraining mit sich bringt<\/b><\/h2>\n<p>Durch die intensive mentale Zusammenarbeit beim Obedience-Training lernen sowohl Hund als auch Mensch, sich aufeinander einzustellen, zu kommunizieren und im Team zu arbeiten. Die gemeinsame Herausforderung f\u00fchrt auch au\u00dferhalb des Trainings zu einer tiefen Bindung, einer vertrauensvollen Beziehung und einem harmonischen Miteinander im Alltag.<\/p>\n<p>Dar\u00fcber hinaus bietet Obedience eine geeignete geistige Auslastung des Hundes und hilft dabei, seine Konzentrationsf\u00e4higkeit und Impulskontrolle zu verbessern. Auch das Selbstvertrauen wird durch das korrekte Ausf\u00fchren von Kommandos und Bew\u00e4ltigen neuer Aufgaben gest\u00e4rkt.<\/p>\n<h2><b>Obedience-Pr\u00fcfungen und Wettk\u00e4mpfe<\/b><\/h2>\n<p>Alle Hunde sind, unabh\u00e4ngig von ihrer Gr\u00f6\u00dfe, Rasse oder Abstammung, f\u00fcr die Teilnahme an Obedience-Pr\u00fcfungen und Wettk\u00e4mpfen in Deutschland berechtigt. Hunde mit gesundheitlichen Einschr\u00e4nkungen oder solche, die Anzeichen von Aggression zeigen, sind jedoch von der Teilnahme an diesen Veranstaltungen ausgeschlossen.<\/p>\n<p>Wettk\u00e4mpfe werden auf regionaler, nationaler und internationaler Ebene ausgetragen, mit j\u00e4hrlich stattfindenden H\u00f6hepunkten, wie den Deutschen Meisterschaften. Diese bieten die M\u00f6glichkeit, sich f\u00fcr weiterf\u00fchrende Wettk\u00e4mpfe bis hin zur Weltmeisterschaft zu qualifizieren.<\/p>\n<h3><b>Die Pr\u00fcfungs- und Wettkampfklassen im Obedience<\/b><\/h3>\n<p>Neben der Einsteigerklasse \u201cBeginner\u201d werden die Klassen 1 bis 3 und eine Seniorenklasse f\u00fcr Hunde ab dem vollendeten achten Lebensjahr angeboten. Die spezifischen Anforderungen und \u00dcbungen der einzelnen Klassen werden in der Pr\u00fcfungsordnung des Verbandes f\u00fcr das Deutsche Hundewesen (VDH) festgelegt. Die h\u00f6chste Klasse, Klasse 3, orientiert sich an internationalen Richtlinien.<\/p>\n<p>Die Klassen unterscheiden sich sowohl in der Schwierigkeit der \u00dcbungen als auch in den erlaubten Hilfsmitteln. So darf der Hund beispielsweise in der Beginner-Klasse an der Leine in den Ring gef\u00fchrt werden und ebenso zwischen den \u00dcbungen angeleint werden. Auch in Klasse 1 darf er angeleint den Ring betreten, w\u00e4hrend die Leine in den Klassen 2 und 3 g\u00e4nzlich au\u00dferhalb des Rings bzw. auf dem Tisch des Stewards bleiben muss. Klassen\u00fcbergreifend sind gew\u00f6hnliche Halsb\u00e4nder sowie Halsb\u00e4nder zum Schutz vor Zecken oder Insekten erlaubt. Stachel- oder elektrische Halsb\u00e4nder und Maulk\u00f6rbe sind verboten. Diese Regelungen sorgen daf\u00fcr, dass der Fokus auf der Zusammenarbeit zwischen Hund und Mensch liegt, ohne den Einsatz von Druck- oder Zwangsmitteln.<\/p>\n<h3><b>Welche Aspekte gibt es bei Obedience-Pr\u00fcfungen und Wettk\u00e4mpfen zu beachten?<\/b><\/h3>\n<p>Die Kommandos d\u00fcrfen in erster Linie in Form von H\u00f6rsignalen gegeben werden. Ein kurzes Handzeichen ist lediglich bei einigen ausgewiesenen \u00dcbungen erlaubt. Unbestimmte, mehrdeutige und \u00fcbertriebene Bewegungen f\u00fchren zum Punktabzug.<\/p>\n<p>W\u00e4hrend der Ausf\u00fchrung einer \u00dcbung darf der Hundef\u00fchrer oder die -f\u00fchrerin den Hund nicht ber\u00fchren. Wird diese Regel missachtet, f\u00fchrt das zum Nichtbestehen der Pr\u00fcfung. Lediglich das kurze \u201cHandtouch\u201d ist vor dem Beginn bestimmter \u00dcbungen zul\u00e4ssig. Dabei ber\u00fchrt der Hund den Halter aktiv mit der Spitze der Schnauze an der Handfl\u00e4che. Nach Beendigung einer \u00dcbung ist auch ein kurzes Lob oder sanftes Streicheln zur Ermutigung erlaubt. Leckerli oder Spielsachen sind im Ring hingegen absolut verboten und deren Mitf\u00fchren endet in einer Disqualifikation.<\/p>\n<p>Die Teilnahme an Obedience-Wettk\u00e4mpfen kann auch gewisse Risiken mit sich bringen, beispielsweise Verletzungen am Hund oder an anderen. Muss das Tier medizinisch versorgt werden, leistet eine Hunde-Krankenversicherung gute Dienste, die die Kosten f\u00fcr tier\u00e4rztliche Behandlungen \u00fcbernimmt. In jedem Fall ist eine Hunde-Haftpflichtversicherung empfehlenswert. Sie bietet finanzielle Sicherheit, wenn der Hund einen Schaden an Dritten verursacht.<\/p>\n\n<div class=\"banner\">\n    <a href=\"https:\/\/uelzener.de\/hund\/?agt=0000104925&sem=true&utm_medium=magazin&utm_source=wordpress&utm_campaign=hund&utm_content=banner\">\n        <img decoding=\"async\" width=\"300\" height=\"212\" src=\"https:\/\/uelzener.de\/magazin\/app\/uploads\/2023\/10\/Hunde-Versicherung.jpg\" class=\"attachment-medium size-medium\" alt=\"Banner Hunde-Versicherung\" \/>    <\/a>\n<\/div>\n\n<h2><b>Die Gestaltung des Obedience-Trainings<\/b><\/h2>\n<p>Um langfristig erfolgreich beim Obedience zu sein, ist eine kontinuierliche und konzentrierte Arbeit mit dem Hund erforderlich. F\u00fcr den Einstieg empfiehlt es sich, eine <a href=\"https:\/\/uelzener.de\/magazin\/hund\/erziehung-und-training\/hundeschule-ja-oder-nein\/\">Hundeschule<\/a> oder einen Verein aufzusuchen, um die Grundlagen der Sportart zu erlernen und wertvolle Ratschl\u00e4ge zur Motivation und zum Training zu erhalten.<\/p>\n<p>Die Trainingseinheiten sollten abwechslungsreich gestaltet sein und den Hund nicht \u00fcberfordern. Lob, Zuspruch und Belohnung sind essenziell, um die Freude am Lernen zu erhalten. Eine schrittweise Heranf\u00fchrung an die Aufgaben ist ebenso wichtig wie regelm\u00e4\u00dfiges \u00dcben.<\/p>\n<p>F\u00fcr die sp\u00e4tere Teilnahme an Pr\u00fcfungen oder Wettk\u00e4mpfen ist es ratsam, Ablenkungen ins Training zu integrieren. Auch vor einem gr\u00f6\u00dferen Publikum und Artgenossen in der N\u00e4he muss der Hund in der Lage sein, seinen Fokus beim Menschen zu behalten.<\/p>\n<p>Der Hundef\u00fchrer oder die Hundef\u00fchrerin sollte zudem lernen, die K\u00f6rpersprache richtig einzusetzen und das Timing von Kommandos und Lob zu pr\u00e4zisieren, um dem Hund unmissverst\u00e4ndlich vermitteln zu k\u00f6nnen, was von ihm gew\u00fcnscht wird.<\/p>\n\n<div class=\"related_articles boxed\">\n    <h2>Mehr zum Thema<\/h2>\n    \n    <div class=\"wrapper\"><div class=\"title align-center\"><h3><a href=\"https:\/\/uelzener.de\/magazin\/hund\/erziehung-und-training\/top-hunderassen-fuer-agility\/\">Top-Hunderassen f\u00fcr Agility: Diese Hunde eignen sich am besten f\u00fcr den Sport<\/a><\/h3><\/div><div class=\"img align-center\"><img decoding=\"async\" width=\"315\" height=\"180\" src=\"https:\/\/uelzener.de\/magazin\/app\/uploads\/2024\/09\/Top-Hunderassen-fuer-Agility-315x180.jpg\" class=\"attachment-315x180 size-315x180 wp-post-image\" alt=\"Top-Hunderassen f\u00fcr Agility\" \/><\/div><\/div><div class=\"wrapper\"><div class=\"title align-center\"><h3><a href=\"https:\/\/uelzener.de\/magazin\/hund\/erziehung-und-training\/dogdancing\/\">Dogdancing: Die faszinierende Welt des Hundetanzes<\/a><\/h3><\/div><div class=\"img align-center\"><img decoding=\"async\" width=\"315\" height=\"180\" src=\"https:\/\/uelzener.de\/magazin\/app\/uploads\/2023\/07\/dogdancing-315x180.jpg\" class=\"attachment-315x180 size-315x180 wp-post-image\" alt=\"Frau \u00fcbt mit ihrem gro\u00dfen Hund Dogdancing.\" \/><\/div><\/div><div class=\"wrapper\"><div class=\"title align-center\"><h3><a href=\"https:\/\/uelzener.de\/magazin\/hund\/erziehung-und-training\/hundefrisbee\/\">Hundefrisbee: Wer f\u00e4ngt beim &#8222;Discdogging&#8220; am besten?<\/a><\/h3><\/div><div class=\"img align-center\"><img decoding=\"async\" width=\"315\" height=\"138\" src=\"https:\/\/uelzener.de\/magazin\/app\/uploads\/2025\/10\/discdogging.png\" class=\"attachment-315x180 size-315x180 wp-post-image\" alt=\"Hund beim Discdogging.\" \/><\/div><\/div><\/div>\n\n<h2><b>Fazit<\/b><\/h2>\n<p>Obedience ist eine anspruchsvolle, aber auch bereichernde Sportart, die es erm\u00f6glicht, auf spielerische Weise die geistige und k\u00f6rperliche Fitness des Hundes zu verbessern und die Beziehung zwischen Tier und Mensch zu st\u00e4rken. Dabei kommt es in erster Linie auf Motivation durch positive Verst\u00e4rkung und ein harmonisches Miteinander ohne Druck und Zwang an. Sowohl f\u00fcr Neulinge als auch f\u00fcr erfahrene Hund-Mensch-Teams gibt es viele M\u00f6glichkeiten, sich mit anderen zu messen und ihr K\u00f6nnen in Wettk\u00e4mpfen unter Beweis zu stellen.<\/p>\n<h2><b>FAQ: H\u00e4ufig gestellte Fragen zum Thema Obedience<\/b><\/h2>\n<h3><b>Welche Ausr\u00fcstung ben\u00f6tige ich f\u00fcr das Obedience-Training?<\/b><\/h3>\n<p>Du solltest f\u00fcr das Training eine Leine, ein einfaches Halsband, Apportiergegenst\u00e4nde und Markierungsgegenst\u00e4nde zur Hand haben. Auch eine Matte oder Decke kann zur Platzmarkierung hilfreich sein.<\/p>\n<h3><b>Wie viel Zeit sollte ich in das Obedience-Training investieren?<\/b><\/h3>\n<p>Idealerweise trainieren du und dein Vierbeiner mehrmals die Woche jeweils in kurzen Einheiten von 10-15 Minuten. So wird \u00dcberforderung vermieden und dem Hund f\u00e4llt es leichter, konzentriert zu bleiben.<\/p>\n<h3><b>Wo l\u00e4sst sich Obedience am besten trainieren?<\/b><\/h3>\n<p>Neben dem Training in einer Hundeschule oder einem Verein lassen sich viele \u00dcbungen problemlos zu Hause oder im Garten durchf\u00fchren. Ratsam ist es jedoch, die Umgebung auch mal zu wechseln und unter Ablenkung zu \u00fcben, etwa im Park.<\/p>\n<h3><b>Eignet sich Obedience-Training auch f\u00fcr sch\u00fcchterne oder \u00e4ngstliche Hunde?<\/b><\/h3>\n<p>Durch positive Erfahrungen und moderate Herausforderungen kann Obedience sch\u00fcchternen oder \u00e4ngstlichen Hunden helfen, Vertrauen in sich und den Menschen aufzubauen. Das Training sollte jedoch behutsam gestaltet werden.<\/p>\n","protected":false},"excerpt":{"rendered":"<p>Obedience, auf Deutsch \u201cGehorsamkeit\u201d, ist eine Hundesportart, die auf einer intensiven Zusammenarbeit zwischen Hund und Mensch basiert. Im Mittelpunkt steht die exakte, schnelle und konzentrierte Ausf\u00fchrung verschiedener Kommandos. Wie viele andere Hundesportarten stammt Obedience aus England und wird als \u201cHohe Schule\u201d der Unterordnung bezeichnet. H\u00e4ufig wird sie als \u00c4quivalent zum Dressurreiten mit Pferden betrachtet. Bei [&hellip;]<\/p>\n","protected":false},"author":21,"featured_media":17721,"parent":11679,"menu_order":3,"comment_status":"closed","ping_status":"closed","template":"templates\/blog.php","meta":{"_acf_changed":false,"_crdt_document":"","footnotes":"","beyondwords_generate_audio":"","beyondwords_project_id":"","beyondwords_content_id":"","beyondwords_preview_token":"","beyondwords_player_style":"","beyondwords_language_id":"","beyondwords_title_voice_id":"","beyondwords_body_voice_id":"","beyondwords_summary_voice_id":"","beyondwords_error_message":"","beyondwords_disabled":"","beyondwords_delete_content":"","beyondwords_podcast_id":"","beyondwords_hash":"","publish_post_to_speechkit":"","speechkit_hash":"","speechkit_generate_audio":"","speechkit_project_id":"","speechkit_podcast_id":"","speechkit_error_message":"","speechkit_disabled":"","speechkit_access_key":"","speechkit_error":"","speechkit_info":"","speechkit_response":"","speechkit_retries":"","speechkit_status":"","speechkit_updated_at":"","_speechkit_link":"","_speechkit_text":""},"class_list":["post-17711","page","type-page","status-publish","has-post-thumbnail","hentry"],"acf":[],"yoast_head":"<!-- This site is optimized with the Yoast SEO Premium plugin  - https:\/\/yoast.com\/product\/yoast-seo-premium-wordpress\/ -->\n<title>Obedience: Gehorsam mit Freude | Uelzener Magazin<\/title>\n<meta name=\"robots\" content=\"index, follow, max-snippet:-1, max-image-preview:large, max-video-preview:-1\" \/>\n<link rel=\"canonical\" href=\"https:\/\/uelzener.de\/magazin\/hund\/erziehung-und-training\/obedience-gehorsam-mit-freude\/\" \/>\n<meta property=\"og:locale\" content=\"de_DE\" \/>\n<meta property=\"og:type\" content=\"article\" \/>\n<meta property=\"og:title\" content=\"Obedience: Gehorsam mit Freude\" \/>\n<meta property=\"og:description\" content=\"Obedience, auf Deutsch \u201cGehorsamkeit\u201d, ist eine Hundesportart, die auf einer intensiven Zusammenarbeit zwischen Hund und Mensch basiert. Im Mittelpunkt steht die exakte, schnelle und konzentrierte Ausf\u00fchrung verschiedener Kommandos. Wie viele andere Hundesportarten stammt Obedience aus England und wird als \u201cHohe Schule\u201d der Unterordnung bezeichnet. H\u00e4ufig wird sie als \u00c4quivalent zum Dressurreiten mit Pferden betrachtet. Bei [&hellip;]\" \/>\n<meta property=\"og:url\" content=\"https:\/\/uelzener.de\/magazin\/hund\/erziehung-und-training\/obedience-gehorsam-mit-freude\/\" \/>\n<meta property=\"og:site_name\" content=\"Uelzener Tier-Magazin\" \/>\n<meta property=\"article:publisher\" content=\"https:\/\/www.facebook.com\/Uelzener\" \/>\n<meta property=\"article:modified_time\" content=\"2025-08-21T08:54:53+00:00\" \/>\n<meta property=\"og:image\" content=\"https:\/\/uelzener.de\/magazin\/app\/uploads\/2024\/09\/Obedience-Hund-Training.jpg\" \/>\n\t<meta property=\"og:image:width\" content=\"1025\" \/>\n\t<meta property=\"og:image:height\" content=\"450\" \/>\n\t<meta property=\"og:image:type\" content=\"image\/jpeg\" \/>\n<meta name=\"twitter:card\" content=\"summary_large_image\" \/>\n<meta name=\"twitter:label1\" content=\"Gesch\u00e4tzte Lesezeit\" \/>\n\t<meta name=\"twitter:data1\" content=\"8\u00a0Minuten\" \/>\n<script type=\"application\/ld+json\" class=\"yoast-schema-graph\">{\"@context\":\"https:\/\/schema.org\",\"@graph\":[{\"@type\":\"WebPage\",\"@id\":\"https:\/\/uelzener.de\/magazin\/hund\/erziehung-und-training\/obedience-gehorsam-mit-freude\/\",\"url\":\"https:\/\/uelzener.de\/magazin\/hund\/erziehung-und-training\/obedience-gehorsam-mit-freude\/\",\"name\":\"Obedience: Gehorsam mit Freude | Uelzener Magazin\",\"isPartOf\":{\"@id\":\"https:\/\/uelzener.de\/magazin\/#website\"},\"primaryImageOfPage\":{\"@id\":\"https:\/\/uelzener.de\/magazin\/hund\/erziehung-und-training\/obedience-gehorsam-mit-freude\/#primaryimage\"},\"image\":{\"@id\":\"https:\/\/uelzener.de\/magazin\/hund\/erziehung-und-training\/obedience-gehorsam-mit-freude\/#primaryimage\"},\"thumbnailUrl\":\"https:\/\/uelzener.de\/magazin\/app\/uploads\/2024\/09\/Obedience-Hund-Training.jpg\",\"datePublished\":\"2024-09-11T07:21:12+00:00\",\"dateModified\":\"2025-08-21T08:54:53+00:00\",\"breadcrumb\":{\"@id\":\"https:\/\/uelzener.de\/magazin\/hund\/erziehung-und-training\/obedience-gehorsam-mit-freude\/#breadcrumb\"},\"inLanguage\":\"de\",\"potentialAction\":[{\"@type\":\"ReadAction\",\"target\":[\"https:\/\/uelzener.de\/magazin\/hund\/erziehung-und-training\/obedience-gehorsam-mit-freude\/\"]}]},{\"@type\":\"ImageObject\",\"inLanguage\":\"de\",\"@id\":\"https:\/\/uelzener.de\/magazin\/hund\/erziehung-und-training\/obedience-gehorsam-mit-freude\/#primaryimage\",\"url\":\"https:\/\/uelzener.de\/magazin\/app\/uploads\/2024\/09\/Obedience-Hund-Training.jpg\",\"contentUrl\":\"https:\/\/uelzener.de\/magazin\/app\/uploads\/2024\/09\/Obedience-Hund-Training.jpg\",\"width\":1025,\"height\":450},{\"@type\":\"WebSite\",\"@id\":\"https:\/\/uelzener.de\/magazin\/#website\",\"url\":\"https:\/\/uelzener.de\/magazin\/\",\"name\":\"Uelzener Tiermagazin\",\"description\":\"Online Tierratgeber der Uelzener Versicherungen\",\"publisher\":{\"@id\":\"https:\/\/uelzener.de\/magazin\/#organization\"},\"potentialAction\":[{\"@type\":\"SearchAction\",\"target\":{\"@type\":\"EntryPoint\",\"urlTemplate\":\"https:\/\/uelzener.de\/magazin\/?s={search_term_string}\"},\"query-input\":{\"@type\":\"PropertyValueSpecification\",\"valueRequired\":true,\"valueName\":\"search_term_string\"}}],\"inLanguage\":\"de\"},{\"@type\":\"Organization\",\"@id\":\"https:\/\/uelzener.de\/magazin\/#organization\",\"name\":\"Uelzener Versicherungen\",\"url\":\"https:\/\/uelzener.de\/magazin\/\",\"logo\":{\"@type\":\"ImageObject\",\"inLanguage\":\"de\",\"@id\":\"https:\/\/uelzener.de\/magazin\/#\/schema\/logo\/image\/\",\"url\":\"https:\/\/uelzener.de\/magazin\/app\/uploads\/2024\/11\/uelzener_allgemeine_versicherungsgesellschaft_a_g_logo.jpg\",\"contentUrl\":\"https:\/\/uelzener.de\/magazin\/app\/uploads\/2024\/11\/uelzener_allgemeine_versicherungsgesellschaft_a_g_logo.jpg\",\"width\":200,\"height\":200,\"caption\":\"Uelzener Versicherungen\"},\"image\":{\"@id\":\"https:\/\/uelzener.de\/magazin\/#\/schema\/logo\/image\/\"},\"sameAs\":[\"https:\/\/www.facebook.com\/Uelzener\",\"https:\/\/instagram.com\/uelzener\",\"https:\/\/www.xing.com\/pages\/uelzenerallgemeineversicherungs-gesellschafta-g\",\"https:\/\/www.youtube.com\/UelzenerVersicherungen\"]}]}<\/script>\n<!-- \/ Yoast SEO Premium plugin. -->","yoast_head_json":{"title":"Obedience: Gehorsam mit Freude | Uelzener Magazin","robots":{"index":"index","follow":"follow","max-snippet":"max-snippet:-1","max-image-preview":"max-image-preview:large","max-video-preview":"max-video-preview:-1"},"canonical":"https:\/\/uelzener.de\/magazin\/hund\/erziehung-und-training\/obedience-gehorsam-mit-freude\/","og_locale":"de_DE","og_type":"article","og_title":"Obedience: Gehorsam mit Freude","og_description":"Obedience, auf Deutsch \u201cGehorsamkeit\u201d, ist eine Hundesportart, die auf einer intensiven Zusammenarbeit zwischen Hund und Mensch basiert. Im Mittelpunkt steht die exakte, schnelle und konzentrierte Ausf\u00fchrung verschiedener Kommandos. Wie viele andere Hundesportarten stammt Obedience aus England und wird als \u201cHohe Schule\u201d der Unterordnung bezeichnet. H\u00e4ufig wird sie als \u00c4quivalent zum Dressurreiten mit Pferden betrachtet. Bei [&hellip;]","og_url":"https:\/\/uelzener.de\/magazin\/hund\/erziehung-und-training\/obedience-gehorsam-mit-freude\/","og_site_name":"Uelzener Tier-Magazin","article_publisher":"https:\/\/www.facebook.com\/Uelzener","article_modified_time":"2025-08-21T08:54:53+00:00","og_image":[{"width":1025,"height":450,"url":"https:\/\/uelzener.de\/magazin\/app\/uploads\/2024\/09\/Obedience-Hund-Training.jpg","type":"image\/jpeg"}],"twitter_card":"summary_large_image","twitter_misc":{"Gesch\u00e4tzte Lesezeit":"8\u00a0Minuten"},"schema":{"@context":"https:\/\/schema.org","@graph":[{"@type":"WebPage","@id":"https:\/\/uelzener.de\/magazin\/hund\/erziehung-und-training\/obedience-gehorsam-mit-freude\/","url":"https:\/\/uelzener.de\/magazin\/hund\/erziehung-und-training\/obedience-gehorsam-mit-freude\/","name":"Obedience: Gehorsam mit Freude | Uelzener Magazin","isPartOf":{"@id":"https:\/\/uelzener.de\/magazin\/#website"},"primaryImageOfPage":{"@id":"https:\/\/uelzener.de\/magazin\/hund\/erziehung-und-training\/obedience-gehorsam-mit-freude\/#primaryimage"},"image":{"@id":"https:\/\/uelzener.de\/magazin\/hund\/erziehung-und-training\/obedience-gehorsam-mit-freude\/#primaryimage"},"thumbnailUrl":"https:\/\/uelzener.de\/magazin\/app\/uploads\/2024\/09\/Obedience-Hund-Training.jpg","datePublished":"2024-09-11T07:21:12+00:00","dateModified":"2025-08-21T08:54:53+00:00","breadcrumb":{"@id":"https:\/\/uelzener.de\/magazin\/hund\/erziehung-und-training\/obedience-gehorsam-mit-freude\/#breadcrumb"},"inLanguage":"de","potentialAction":[{"@type":"ReadAction","target":["https:\/\/uelzener.de\/magazin\/hund\/erziehung-und-training\/obedience-gehorsam-mit-freude\/"]}]},{"@type":"ImageObject","inLanguage":"de","@id":"https:\/\/uelzener.de\/magazin\/hund\/erziehung-und-training\/obedience-gehorsam-mit-freude\/#primaryimage","url":"https:\/\/uelzener.de\/magazin\/app\/uploads\/2024\/09\/Obedience-Hund-Training.jpg","contentUrl":"https:\/\/uelzener.de\/magazin\/app\/uploads\/2024\/09\/Obedience-Hund-Training.jpg","width":1025,"height":450},{"@type":"WebSite","@id":"https:\/\/uelzener.de\/magazin\/#website","url":"https:\/\/uelzener.de\/magazin\/","name":"Uelzener Tiermagazin","description":"Online Tierratgeber der Uelzener Versicherungen","publisher":{"@id":"https:\/\/uelzener.de\/magazin\/#organization"},"potentialAction":[{"@type":"SearchAction","target":{"@type":"EntryPoint","urlTemplate":"https:\/\/uelzener.de\/magazin\/?s={search_term_string}"},"query-input":{"@type":"PropertyValueSpecification","valueRequired":true,"valueName":"search_term_string"}}],"inLanguage":"de"},{"@type":"Organization","@id":"https:\/\/uelzener.de\/magazin\/#organization","name":"Uelzener Versicherungen","url":"https:\/\/uelzener.de\/magazin\/","logo":{"@type":"ImageObject","inLanguage":"de","@id":"https:\/\/uelzener.de\/magazin\/#\/schema\/logo\/image\/","url":"https:\/\/uelzener.de\/magazin\/app\/uploads\/2024\/11\/uelzener_allgemeine_versicherungsgesellschaft_a_g_logo.jpg","contentUrl":"https:\/\/uelzener.de\/magazin\/app\/uploads\/2024\/11\/uelzener_allgemeine_versicherungsgesellschaft_a_g_logo.jpg","width":200,"height":200,"caption":"Uelzener Versicherungen"},"image":{"@id":"https:\/\/uelzener.de\/magazin\/#\/schema\/logo\/image\/"},"sameAs":["https:\/\/www.facebook.com\/Uelzener","https:\/\/instagram.com\/uelzener","https:\/\/www.xing.com\/pages\/uelzenerallgemeineversicherungs-gesellschafta-g","https:\/\/www.youtube.com\/UelzenerVersicherungen"]}]}},"_links":{"self":[{"href":"https:\/\/uelzener.de\/magazin\/wp-json\/wp\/v2\/pages\/17711","targetHints":{"allow":["GET"]}}],"collection":[{"href":"https:\/\/uelzener.de\/magazin\/wp-json\/wp\/v2\/pages"}],"about":[{"href":"https:\/\/uelzener.de\/magazin\/wp-json\/wp\/v2\/types\/page"}],"author":[{"embeddable":true,"href":"https:\/\/uelzener.de\/magazin\/wp-json\/wp\/v2\/users\/21"}],"replies":[{"embeddable":true,"href":"https:\/\/uelzener.de\/magazin\/wp-json\/wp\/v2\/comments?post=17711"}],"version-history":[{"count":8,"href":"https:\/\/uelzener.de\/magazin\/wp-json\/wp\/v2\/pages\/17711\/revisions"}],"predecessor-version":[{"id":18893,"href":"https:\/\/uelzener.de\/magazin\/wp-json\/wp\/v2\/pages\/17711\/revisions\/18893"}],"up":[{"embeddable":true,"href":"https:\/\/uelzener.de\/magazin\/wp-json\/wp\/v2\/pages\/11679"}],"wp:featuredmedia":[{"embeddable":true,"href":"https:\/\/uelzener.de\/magazin\/wp-json\/wp\/v2\/media\/17721"}],"wp:attachment":[{"href":"https:\/\/uelzener.de\/magazin\/wp-json\/wp\/v2\/media?parent=17711"}],"curies":[{"name":"wp","href":"https:\/\/api.w.org\/{rel}","templated":true}]}}