{"id":17625,"date":"2024-07-16T11:27:27","date_gmt":"2024-07-16T09:27:27","guid":{"rendered":"https:\/\/uelzener.de\/magazin\/?page_id=17625"},"modified":"2024-07-16T11:27:27","modified_gmt":"2024-07-16T09:27:27","slug":"horse-agility-grundlagen-trainingsmethoden","status":"publish","type":"page","link":"https:\/\/uelzener.de\/magazin\/pferd\/erziehung-und-training\/horse-agility-grundlagen-trainingsmethoden\/","title":{"rendered":"Horse Agility: Grundlagen und Trainingsmethoden"},"content":{"rendered":"<p><span style=\"font-weight: 400;\">Agility ist eine Trainings- und Wettkampfdisziplin, die den meisten aus dem Hundesport gel\u00e4ufig ist. Mittlerweile erfreut sie sich aber auch im Pferdesport wachsender Beliebtheit.\u00a0Und das aus gutem Grund: Horse Agility kann dazu beitragen, die k\u00f6rperliche und mentale Fitness des Pferdes zu f\u00f6rdern, die Koordinationsf\u00e4higkeit zu verbessern und sein Selbstvertrauen zu st\u00e4rken. Dar\u00fcber hinaus festigt es das Vertrauen zwischen Mensch und Tier und bringt Abwechslung in den Trainingsalltag. Wir zeigen dir, wie du mit deinem Pferd erfolgreich in diese spannende Sportart einsteigen kannst.<\/span><\/p>\n<h2>Horse Agility \u2013 was ist das?<\/h2>\n<p><span style=\"font-weight: 400;\">Bei Horse Agility geht es darum, dass das Pferd einen Hindernisparcours durchl\u00e4uft. Der Parcours besteht aus verschiedenen Elementen wie Slaloms, Tunneln, Wippen und H\u00fcrden. Ziel ist es, die jeweiligen Stationen und Hindernisse in einer bestimmten Reihenfolge m\u00f6glichst fehlerfrei und schnell zu meistern. Im Idealfall funktioniert das Ganze ohne Strick und Halfter, also ,,Freestyle\u2019\u2019. Das setzt jedoch gen\u00fcgend Training voraus.<\/span><\/p>\n<h2>Voraussetzungen f\u00fcr Horse Agility: Das sollten Pferd und Mensch mitbringen<\/h2>\n<p><span style=\"font-weight: 400;\">Bevor du mit dem Agility-Training startest, sollten einige grundlegende Voraussetzungen erf\u00fcllt sein. Das Pferd sollte sich in einer guten gesundheitlichen Verfassung befinden. Regelm\u00e4\u00dfige Check-ups durch einen Tierarzt oder eine Tier\u00e4rztin helfen dabei sicherzustellen, dass keine Probleme vorliegen, die durch das Training verschlimmert werden k\u00f6nnten. Auch du solltest in einer guten k\u00f6rperlichen Verfassung und fit genug sein, um mit dem Pferd mithalten zu k\u00f6nnen, wenn du es in schnelleren Gangarten begleitest.<\/span><\/p>\n<p><span style=\"font-weight: 400;\">Des Weiteren sind eine vertrauensvolle Beziehung und eine gute Kommunikation wichtig, um dein Pferd erfolgreich durch den Parcours zu leiten. Die Kommunikation \u00fcber K\u00f6rpersprache und Stimme kannst du vorab in der Freiarbeit \u00fcben.<\/span><\/p>\n<h2>Der erfolgreiche Einstieg ins Agility-Training<\/h2>\n<p><span style=\"font-weight: 400;\">Um das Agility-Training spa\u00dfig und stressfrei zu gestalten, ist es wichtig, das Pferd am Anfang nicht zu \u00fcberfordern. Bringe also gen\u00fcgend Zeit und Geduld mit und f\u00fchre dein Pferd zun\u00e4chst langsam und mit durchh\u00e4ngendem F\u00fchrstrick an einzelne Hindernisse heran. Es soll die M\u00f6glichkeit haben, sich in Ruhe damit vertraut zu machen und zu erkennen, dass keine Gefahr droht.<\/span><\/p>\n<p><span style=\"font-weight: 400;\">Hat das geklappt, solltest du deinem Pferd genau zeigen, was du von ihm m\u00f6chtest, indem ihr das Hindernis zu Anfang gemeinsam durchlauft.<\/span><\/p>\n<p><span style=\"font-weight: 400;\">Schritt f\u00fcr Schritt passt du die \u00dcbungen dann soweit an, bis das Pferd sich zutraut, das Hindernis alleine zu \u00fcberwinden.<\/span><\/p>\n<h3>Effektive Kommunikation und Motivation<\/h3>\n<p><span style=\"font-weight: 400;\">Eine gro\u00dfe Herausforderung bei Horse Agility ist es, dem Pferd aus der Distanz klar zu machen, was man von ihm m\u00f6chte, und die Motivation aufrechtzuerhalten. Positive Verst\u00e4rkungen und eine klare Kommunikation sind hier der Schl\u00fcssel zum Erfolg.\u00a0<\/span><\/p>\n<ul>\n<li style=\"font-weight: 400;\" aria-level=\"1\"><b>K\u00f6rpersprache:<\/b><span style=\"font-weight: 400;\"> Der K\u00f6rper wird bei Horse Agility sehr bewusst eingesetzt, da das Pferd oft ohne Strick oder Z\u00fcgel navigiert wird. Gib deinem Pferd durch eine aufrechte und selbstbewusste K\u00f6rperhaltung und ruhige, eindeutige Bewegungen klare Signale. Richte deinen Oberk\u00f6rper stets dorthin, wo du hin m\u00f6chtest, damit dein Pferd deine Bewegungen spiegeln kann.<\/span><\/li>\n<li style=\"font-weight: 400;\" aria-level=\"1\"><b>Stimme: <\/b><span style=\"font-weight: 400;\">Du kannst deine Stimme nutzen, um dein Pferd zu lenken und seine Aufmerksamkeit auf dich zu lenken. Insbesondere in Situationen, in denen visuelle Hinweise nicht ausreichen, ist die Stimme ein wichtiges Hilfsmittel.<\/span><\/li>\n<li style=\"font-weight: 400;\" aria-level=\"1\"><b>Belohnungen: <\/b><span style=\"font-weight: 400;\">Belohne kleine und gro\u00dfe Fortschritte durch m\u00fcndliches Lob, Leckerlis oder Streicheleinheiten, um dein Pferd kontinuierlich anzuspornen. Auch ein Clicker kann zur Best\u00e4tigung eingesetzt werden.<\/span><\/li>\n<\/ul>\n<p><span style=\"font-weight: 400;\">Spielen alle drei Faktoren zusammen, erleichtert das die Verst\u00e4ndigung zwischen Mensch und Tier erheblich und das Pferd wei\u00df, wann es etwas richtig oder falsch macht.<\/span><\/p>\n<h3>Sicherheit beim Training<\/h3>\n<p><span style=\"font-weight: 400;\">Bevor das Training starten kann, solltest du kontrollieren, ob die genutzten Hindernisse stabil und sicher sind. Beseitige alle potenziellen Gefahrenquellen und nutze, wo es geht, nachgiebige Materialien, um das Verletzungsrisiko zu minimieren.<\/span><\/p>\n<p><span style=\"font-weight: 400;\">Sorge daf\u00fcr, dass der Trainingsbereich m\u00f6glichst frei von Reizen ist, die dein Pferd zus\u00e4tzlich stressen, ablenken oder erschrecken k\u00f6nnten. Nur so kann es sich vollkommen auf die neuen Herausforderungen fokussieren.<\/span><\/p>\n<p><span style=\"font-weight: 400;\">Deine Kleidung sollte bequem sein, jedoch keinesfalls zu weit, da du sonst an den Hindernissen h\u00e4ngen bleiben k\u00f6nntest. Festes und rutschfestes Schuhwerk ist ebenfalls wichtig. Da vor allem in den fr\u00fchen Phasen des Trainings h\u00e4ufig mit einem Strick gearbeitet wird, empfiehlt es sich, Handschuhe zu tragen, falls sich das Pferd einmal losrei\u00dft.<\/span><\/p>\n\n<div class=\"related_articles boxed\">\n    <h2>Mehr zum Thema<\/h2>\n    \n    <div class=\"wrapper\"><div class=\"title align-center\"><h3><a href=\"https:\/\/uelzener.de\/magazin\/pferd\/erziehung-und-training\/horsemanship-mit-dem-pferd-auf-augenhoehe\/\">Horsemanship: Mit dem Pferd auf Augenh\u00f6he<\/a><\/h3><\/div><div class=\"img align-center\"><img decoding=\"async\" width=\"315\" height=\"180\" src=\"https:\/\/uelzener.de\/magazin\/app\/uploads\/2024\/04\/Horsemanship-315x180.jpg\" class=\"attachment-315x180 size-315x180 wp-post-image\" alt=\"Frau Kuschelt ein wei\u00dfes Pferd. Rechts daneben steht ein braunes Pferd.\" \/><\/div><\/div><div class=\"wrapper\"><div class=\"title align-center\"><h3><a href=\"https:\/\/uelzener.de\/magazin\/pferd\/erziehung-und-training\/handarbeit-pferd\/\">Einf\u00fchrung in die Handarbeit mit Pferden<\/a><\/h3><\/div><div class=\"img align-center\"><img decoding=\"async\" width=\"315\" height=\"180\" src=\"https:\/\/uelzener.de\/magazin\/app\/uploads\/2021\/09\/1024x450_Graues-Pferd-am-Zuegel-315x180.jpg\" class=\"attachment-315x180 size-315x180 wp-post-image\" alt=\"Graues Pferd wird am Z\u00fcgel auf dem Trainingsplatz herumgef\u00fchrt.\" \/><\/div><\/div><div class=\"wrapper\"><div class=\"title align-center\"><h3><a href=\"https:\/\/uelzener.de\/magazin\/pferd\/haeufige-fragen\/vertrauen-vom-pferd-erkennen-so-zeigen-sie-ihr-vertrauen\/\">Vertrauen vom Pferd erkennen: So zeigen sie ihr Vertrauen<\/a><\/h3><\/div><div class=\"img align-center\"><img decoding=\"async\" width=\"315\" height=\"180\" src=\"https:\/\/uelzener.de\/magazin\/app\/uploads\/2022\/05\/Vertrauen-beim-Pferd-315x180.jpg\" class=\"attachment-315x180 size-315x180 wp-post-image\" alt=\"Pferd vertraut Reiterin sie stehen Stirn an Stirn.\" \/><\/div><\/div><\/div>\n\n<h3>Vier Grund\u00fcbungen des Horse Agility kurz vorgestellt<\/h3>\n<p><span style=\"font-weight: 400;\">Horse Agility er\u00f6ffnet viel Kreativit\u00e4t bei der Gestaltung der Hindernisse. Ob Wippen, Stege, Wassergr\u00e4ben oder Reifenspr\u00fcnge \u2013 es gibt zahlreiche M\u00f6glichkeiten, individuelle Parcours zu zusammenzustellen und zu variieren, so dass es nicht langweilig wird. Im Folgenden erl\u00e4utern wir vier Grund\u00fcbungen, die sich hervorragend zum Einstieg und als Basis f\u00fcr schwierigere \u00dcbungen eignen.<\/span><\/p>\n<ul>\n<li style=\"font-weight: 400;\" aria-level=\"1\"><b>Slalom: <\/b><span style=\"font-weight: 400;\">Stelle eine Reihe von Pylonen, Stangen oder sonstigen Markierungshilfen im Abstand von drei bis f\u00fcnf Metern \u2013 je nach Gr\u00f6\u00dfe des Pferdes \u2013 in einer geraden Linie auf. F\u00fchre dein Pferd gleichm\u00e4\u00dfig um die Markierungen herum. Sobald das Pferd den Slalom problemlos alleine durchl\u00e4uft, kann der Abstand zwischen den Markierungen verringert und die Geschwindigkeit erh\u00f6ht werden. Durch den Slalom werden die Beweglichkeit, die Konzentration und die Koordination des Pferdes gef\u00f6rdert.<\/span><\/li>\n<li style=\"font-weight: 400;\" aria-level=\"1\"><b>Gasse: <\/b><span style=\"font-weight: 400;\">In der freien Wildbahn gehen Pferde Engp\u00e4ssen lieber aus dem Weg. Genau deshalb ist die Gasse eine gute \u00dcbung, um Gelassenheit zu trainieren und \u00c4ngste abzubauen. Zudem dient sie als ideale Einstiegs\u00fcbung f\u00fcr anspruchsvollere \u00dcbungen wie den Tunnel oder den Steg. Empfehlenswert ist es, zun\u00e4chst mit einer niedrigen Stangengasse zu beginnen, indem du zwei Stangen parallel auf den Boden legst und dein Pferd hindurchf\u00fchrst. Schritt f\u00fcr Schritt kannst du die Gasse sowohl enger als auch h\u00f6her gestalten. Es bietet sich an, sie in mehreren Gangarten sowie r\u00fcckw\u00e4rts zu durchlaufen. Das Halten in der Gasse sollte ebenfalls ge\u00fcbt werden.<\/span><\/li>\n<li style=\"font-weight: 400;\" aria-level=\"1\"><b>Stangenarbeit: <\/b><span style=\"font-weight: 400;\">Das Arbeiten mit Stangen schult das Taktgef\u00fchl und die Geschicklichkeit. Zun\u00e4chst solltet ihr mit auf dem Boden liegenden Trabstangen starten, die in einem gleichm\u00e4\u00dfigen Abstand zueinander angeordnet sind. Um die Schwierigkeit zu steigern, k\u00f6nnen die Stangen erh\u00f6ht oder in variierenden Abst\u00e4nden platziert werden.<\/span><\/li>\n<li style=\"font-weight: 400;\" aria-level=\"1\"><b>Untergr\u00fcnde:<\/b><span style=\"font-weight: 400;\"> Ungewohnte B\u00f6den k\u00f6nnen f\u00fcr Pferde eine gro\u00dfe Herausforderung darstellen. Mit verschiedenen Untergr\u00fcnden zu arbeiten, kann dabei helfen, die Trittsicherheit und das Gleichgewicht zu verbessern und die Gelassenheit insbesondere im Gel\u00e4nderitt zu f\u00f6rdern. Die M\u00f6glichkeiten sind vielf\u00e4ltig: f\u00fcr den Einstieg eignen sich beispielsweise Holzbretter, Planen, Teppiche oder d\u00fcnne Turnmatten. Das Pferd kann sich somit allm\u00e4hlich an neue Strukturen und Ger\u00e4usche gew\u00f6hnen, womit eine gute Basis f\u00fcr zahlreiche weitere \u00dcbungen, wie die Wippe oder den Wassergraben, geschaffen wird.<\/span><\/li>\n<\/ul>\n<p><span style=\"font-weight: 400;\">Halte das Training zu Beginn kurz und erh\u00f6he den Schwierigkeitsgrad nach und nach. Sobald ihr mithilfe dieser Einstiegs\u00fcbungen einen soliden Grundstein gelegt habt, steht dir und deinem geliebten Vierbeiner eine Welt voller neuer und interessanter Herausforderungen offen.<\/span><\/p>\n<h2>Fazit<\/h2>\n<p><span style=\"font-weight: 400;\">Horse Agility ist eine gro\u00dfartige M\u00f6glichkeit, dein Pferd zu f\u00f6rdern, eure Beziehung zu st\u00e4rken und sich mit Spiel und Spa\u00df gemeinsam weiterzuentwickeln. Mit viel Zeit und Geduld, positiver Verst\u00e4rkung und klarer Kommunikation k\u00f6nnt ihr vielf\u00e4ltige Herausforderungen meistern und noch enger zusammenwachsen.<\/span><\/p>\n<h2>FAQ: H\u00e4ufig gestellte Fragen zur Horse-Agility<\/h2>\n<h3>Woher bekomme ich Hindernisse f\u00fcr Horse Agility?<\/h3>\n<p><span style=\"font-weight: 400;\">Zum einen besteht die M\u00f6glichkeit, Hindernisse im Pferdebedarf zu kaufen oder sich auszuleihen. Zum anderen kann man sich seinen Hindernisparcours auch ganz leicht selbst zusammenbauen. Es gibt zahlreiche Anleitungen, die Hilfestellung geben. Im Hinblick auf die genutzten Materialien kannst du deiner Kreativit\u00e4t freien Lauf lassen.<\/span><\/p>\n<h3>Ist Horse Agility f\u00fcr Pferde jeden Alters geeignet?<\/h3>\n<p><span style=\"font-weight: 400;\">Agility eignet sich prinzipiell f\u00fcr alle Pferde, die sich in einer guten gesundheitlichen Verfassung befinden. Sowohl junge Pferde, die noch nicht eingeritten sind, als auch \u00e4ltere Pferde, die nicht mehr geritten werden, k\u00f6nnen von der Arbeit mit Hindernissen profitieren.<\/span><\/p>\n<h3>Wie oft sollte ich mit meinem Pferd trainieren?<\/h3>\n<p><span style=\"font-weight: 400;\">Die H\u00e4ufigkeit des Trainings ist weniger relevant als die Regelm\u00e4\u00dfigkeit. Etabliere das Agility-Training als festen Bestandteil in deiner Routine, so dass sich dein Pferd von mal zu mal mehr an die \u00dcbungen gew\u00f6hnen kann.<\/span><\/p>\n","protected":false},"excerpt":{"rendered":"<p>Agility ist eine Trainings- und Wettkampfdisziplin, die den meisten aus dem Hundesport gel\u00e4ufig ist. Mittlerweile erfreut sie sich aber auch im Pferdesport wachsender Beliebtheit.\u00a0Und das aus gutem Grund: Horse Agility kann dazu beitragen, die k\u00f6rperliche und mentale Fitness des Pferdes zu f\u00f6rdern, die Koordinationsf\u00e4higkeit zu verbessern und sein Selbstvertrauen zu st\u00e4rken. Dar\u00fcber hinaus festigt es [&hellip;]<\/p>\n","protected":false},"author":11,"featured_media":17627,"parent":11689,"menu_order":26,"comment_status":"closed","ping_status":"closed","template":"templates\/blog.php","meta":{"_acf_changed":false,"_crdt_document":"","footnotes":"","beyondwords_generate_audio":"","beyondwords_project_id":"","beyondwords_content_id":"","beyondwords_preview_token":"","beyondwords_player_style":"","beyondwords_language_id":"","beyondwords_title_voice_id":"","beyondwords_body_voice_id":"","beyondwords_summary_voice_id":"","beyondwords_error_message":"","beyondwords_disabled":"","beyondwords_delete_content":"","beyondwords_podcast_id":"","beyondwords_hash":"","publish_post_to_speechkit":"","speechkit_hash":"","speechkit_generate_audio":"","speechkit_project_id":"","speechkit_podcast_id":"","speechkit_error_message":"","speechkit_disabled":"","speechkit_access_key":"","speechkit_error":"","speechkit_info":"","speechkit_response":"","speechkit_retries":"","speechkit_status":"","speechkit_updated_at":"","_speechkit_link":"","_speechkit_text":""},"class_list":["post-17625","page","type-page","status-publish","has-post-thumbnail","hentry"],"acf":[],"yoast_head":"<!-- This site is optimized with the Yoast SEO Premium plugin  - https:\/\/yoast.com\/product\/yoast-seo-premium-wordpress\/ -->\n<title>Horse Agility: Grundlagen und Trainingsmethoden | Uelzener Magazin<\/title>\n<meta name=\"description\" content=\"Agility ist eine Trainings- und Wettkampfdisziplin, die den meisten aus dem Hundesport gel\u00e4ufig ist. Wir zeigen dir, wie du mit deinem Pferd erfolgreich in diese spannende Sportart einsteigen kannst.\" \/>\n<meta name=\"robots\" content=\"index, follow, max-snippet:-1, max-image-preview:large, max-video-preview:-1\" \/>\n<link rel=\"canonical\" href=\"https:\/\/uelzener.de\/magazin\/pferd\/erziehung-und-training\/horse-agility-grundlagen-trainingsmethoden\/\" \/>\n<meta property=\"og:locale\" content=\"de_DE\" \/>\n<meta property=\"og:type\" content=\"article\" \/>\n<meta property=\"og:title\" content=\"Horse Agility: Grundlagen und Trainingsmethoden\" \/>\n<meta property=\"og:description\" content=\"Agility ist eine Trainings- und Wettkampfdisziplin, die den meisten aus dem Hundesport gel\u00e4ufig ist. Wir zeigen dir, wie du mit deinem Pferd erfolgreich in diese spannende Sportart einsteigen kannst.\" \/>\n<meta property=\"og:url\" content=\"https:\/\/uelzener.de\/magazin\/pferd\/erziehung-und-training\/horse-agility-grundlagen-trainingsmethoden\/\" \/>\n<meta property=\"og:site_name\" content=\"Uelzener Tier-Magazin\" \/>\n<meta property=\"article:publisher\" content=\"https:\/\/www.facebook.com\/Uelzener\" \/>\n<meta property=\"og:image\" content=\"https:\/\/uelzener.de\/magazin\/app\/uploads\/2024\/07\/horse-agility.jpg\" \/>\n\t<meta property=\"og:image:width\" content=\"1025\" \/>\n\t<meta property=\"og:image:height\" content=\"450\" \/>\n\t<meta property=\"og:image:type\" content=\"image\/jpeg\" \/>\n<meta name=\"twitter:card\" content=\"summary_large_image\" \/>\n<meta name=\"twitter:label1\" content=\"Gesch\u00e4tzte Lesezeit\" \/>\n\t<meta name=\"twitter:data1\" content=\"6\u00a0Minuten\" \/>\n<script type=\"application\/ld+json\" class=\"yoast-schema-graph\">{\"@context\":\"https:\/\/schema.org\",\"@graph\":[{\"@type\":\"WebPage\",\"@id\":\"https:\/\/uelzener.de\/magazin\/pferd\/erziehung-und-training\/horse-agility-grundlagen-trainingsmethoden\/\",\"url\":\"https:\/\/uelzener.de\/magazin\/pferd\/erziehung-und-training\/horse-agility-grundlagen-trainingsmethoden\/\",\"name\":\"Horse Agility: Grundlagen und Trainingsmethoden | Uelzener Magazin\",\"isPartOf\":{\"@id\":\"https:\/\/uelzener.de\/magazin\/#website\"},\"primaryImageOfPage\":{\"@id\":\"https:\/\/uelzener.de\/magazin\/pferd\/erziehung-und-training\/horse-agility-grundlagen-trainingsmethoden\/#primaryimage\"},\"image\":{\"@id\":\"https:\/\/uelzener.de\/magazin\/pferd\/erziehung-und-training\/horse-agility-grundlagen-trainingsmethoden\/#primaryimage\"},\"thumbnailUrl\":\"https:\/\/uelzener.de\/magazin\/app\/uploads\/2024\/07\/horse-agility.jpg\",\"datePublished\":\"2024-07-16T09:27:27+00:00\",\"description\":\"Agility ist eine Trainings- und Wettkampfdisziplin, die den meisten aus dem Hundesport gel\u00e4ufig ist. Wir zeigen dir, wie du mit deinem Pferd erfolgreich in diese spannende Sportart einsteigen kannst.\",\"breadcrumb\":{\"@id\":\"https:\/\/uelzener.de\/magazin\/pferd\/erziehung-und-training\/horse-agility-grundlagen-trainingsmethoden\/#breadcrumb\"},\"inLanguage\":\"de\",\"potentialAction\":[{\"@type\":\"ReadAction\",\"target\":[\"https:\/\/uelzener.de\/magazin\/pferd\/erziehung-und-training\/horse-agility-grundlagen-trainingsmethoden\/\"]}]},{\"@type\":\"ImageObject\",\"inLanguage\":\"de\",\"@id\":\"https:\/\/uelzener.de\/magazin\/pferd\/erziehung-und-training\/horse-agility-grundlagen-trainingsmethoden\/#primaryimage\",\"url\":\"https:\/\/uelzener.de\/magazin\/app\/uploads\/2024\/07\/horse-agility.jpg\",\"contentUrl\":\"https:\/\/uelzener.de\/magazin\/app\/uploads\/2024\/07\/horse-agility.jpg\",\"width\":1025,\"height\":450,\"caption\":\"Pferd beim Horse Agility Training.\"},{\"@type\":\"WebSite\",\"@id\":\"https:\/\/uelzener.de\/magazin\/#website\",\"url\":\"https:\/\/uelzener.de\/magazin\/\",\"name\":\"Uelzener Tiermagazin\",\"description\":\"Online Tierratgeber der Uelzener Versicherungen\",\"publisher\":{\"@id\":\"https:\/\/uelzener.de\/magazin\/#organization\"},\"potentialAction\":[{\"@type\":\"SearchAction\",\"target\":{\"@type\":\"EntryPoint\",\"urlTemplate\":\"https:\/\/uelzener.de\/magazin\/?s={search_term_string}\"},\"query-input\":{\"@type\":\"PropertyValueSpecification\",\"valueRequired\":true,\"valueName\":\"search_term_string\"}}],\"inLanguage\":\"de\"},{\"@type\":\"Organization\",\"@id\":\"https:\/\/uelzener.de\/magazin\/#organization\",\"name\":\"Uelzener Versicherungen\",\"url\":\"https:\/\/uelzener.de\/magazin\/\",\"logo\":{\"@type\":\"ImageObject\",\"inLanguage\":\"de\",\"@id\":\"https:\/\/uelzener.de\/magazin\/#\/schema\/logo\/image\/\",\"url\":\"https:\/\/uelzener.de\/magazin\/app\/uploads\/2024\/11\/uelzener_allgemeine_versicherungsgesellschaft_a_g_logo.jpg\",\"contentUrl\":\"https:\/\/uelzener.de\/magazin\/app\/uploads\/2024\/11\/uelzener_allgemeine_versicherungsgesellschaft_a_g_logo.jpg\",\"width\":200,\"height\":200,\"caption\":\"Uelzener Versicherungen\"},\"image\":{\"@id\":\"https:\/\/uelzener.de\/magazin\/#\/schema\/logo\/image\/\"},\"sameAs\":[\"https:\/\/www.facebook.com\/Uelzener\",\"https:\/\/instagram.com\/uelzener\",\"https:\/\/www.xing.com\/pages\/uelzenerallgemeineversicherungs-gesellschafta-g\",\"https:\/\/www.youtube.com\/UelzenerVersicherungen\"]}]}<\/script>\n<!-- \/ Yoast SEO Premium plugin. -->","yoast_head_json":{"title":"Horse Agility: Grundlagen und Trainingsmethoden | Uelzener Magazin","description":"Agility ist eine Trainings- und Wettkampfdisziplin, die den meisten aus dem Hundesport gel\u00e4ufig ist. Wir zeigen dir, wie du mit deinem Pferd erfolgreich in diese spannende Sportart einsteigen kannst.","robots":{"index":"index","follow":"follow","max-snippet":"max-snippet:-1","max-image-preview":"max-image-preview:large","max-video-preview":"max-video-preview:-1"},"canonical":"https:\/\/uelzener.de\/magazin\/pferd\/erziehung-und-training\/horse-agility-grundlagen-trainingsmethoden\/","og_locale":"de_DE","og_type":"article","og_title":"Horse Agility: Grundlagen und Trainingsmethoden","og_description":"Agility ist eine Trainings- und Wettkampfdisziplin, die den meisten aus dem Hundesport gel\u00e4ufig ist. Wir zeigen dir, wie du mit deinem Pferd erfolgreich in diese spannende Sportart einsteigen kannst.","og_url":"https:\/\/uelzener.de\/magazin\/pferd\/erziehung-und-training\/horse-agility-grundlagen-trainingsmethoden\/","og_site_name":"Uelzener Tier-Magazin","article_publisher":"https:\/\/www.facebook.com\/Uelzener","og_image":[{"width":1025,"height":450,"url":"https:\/\/uelzener.de\/magazin\/app\/uploads\/2024\/07\/horse-agility.jpg","type":"image\/jpeg"}],"twitter_card":"summary_large_image","twitter_misc":{"Gesch\u00e4tzte Lesezeit":"6\u00a0Minuten"},"schema":{"@context":"https:\/\/schema.org","@graph":[{"@type":"WebPage","@id":"https:\/\/uelzener.de\/magazin\/pferd\/erziehung-und-training\/horse-agility-grundlagen-trainingsmethoden\/","url":"https:\/\/uelzener.de\/magazin\/pferd\/erziehung-und-training\/horse-agility-grundlagen-trainingsmethoden\/","name":"Horse Agility: Grundlagen und Trainingsmethoden | Uelzener Magazin","isPartOf":{"@id":"https:\/\/uelzener.de\/magazin\/#website"},"primaryImageOfPage":{"@id":"https:\/\/uelzener.de\/magazin\/pferd\/erziehung-und-training\/horse-agility-grundlagen-trainingsmethoden\/#primaryimage"},"image":{"@id":"https:\/\/uelzener.de\/magazin\/pferd\/erziehung-und-training\/horse-agility-grundlagen-trainingsmethoden\/#primaryimage"},"thumbnailUrl":"https:\/\/uelzener.de\/magazin\/app\/uploads\/2024\/07\/horse-agility.jpg","datePublished":"2024-07-16T09:27:27+00:00","description":"Agility ist eine Trainings- und Wettkampfdisziplin, die den meisten aus dem Hundesport gel\u00e4ufig ist. Wir zeigen dir, wie du mit deinem Pferd erfolgreich in diese spannende Sportart einsteigen kannst.","breadcrumb":{"@id":"https:\/\/uelzener.de\/magazin\/pferd\/erziehung-und-training\/horse-agility-grundlagen-trainingsmethoden\/#breadcrumb"},"inLanguage":"de","potentialAction":[{"@type":"ReadAction","target":["https:\/\/uelzener.de\/magazin\/pferd\/erziehung-und-training\/horse-agility-grundlagen-trainingsmethoden\/"]}]},{"@type":"ImageObject","inLanguage":"de","@id":"https:\/\/uelzener.de\/magazin\/pferd\/erziehung-und-training\/horse-agility-grundlagen-trainingsmethoden\/#primaryimage","url":"https:\/\/uelzener.de\/magazin\/app\/uploads\/2024\/07\/horse-agility.jpg","contentUrl":"https:\/\/uelzener.de\/magazin\/app\/uploads\/2024\/07\/horse-agility.jpg","width":1025,"height":450,"caption":"Pferd beim Horse Agility Training."},{"@type":"WebSite","@id":"https:\/\/uelzener.de\/magazin\/#website","url":"https:\/\/uelzener.de\/magazin\/","name":"Uelzener Tiermagazin","description":"Online Tierratgeber der Uelzener Versicherungen","publisher":{"@id":"https:\/\/uelzener.de\/magazin\/#organization"},"potentialAction":[{"@type":"SearchAction","target":{"@type":"EntryPoint","urlTemplate":"https:\/\/uelzener.de\/magazin\/?s={search_term_string}"},"query-input":{"@type":"PropertyValueSpecification","valueRequired":true,"valueName":"search_term_string"}}],"inLanguage":"de"},{"@type":"Organization","@id":"https:\/\/uelzener.de\/magazin\/#organization","name":"Uelzener Versicherungen","url":"https:\/\/uelzener.de\/magazin\/","logo":{"@type":"ImageObject","inLanguage":"de","@id":"https:\/\/uelzener.de\/magazin\/#\/schema\/logo\/image\/","url":"https:\/\/uelzener.de\/magazin\/app\/uploads\/2024\/11\/uelzener_allgemeine_versicherungsgesellschaft_a_g_logo.jpg","contentUrl":"https:\/\/uelzener.de\/magazin\/app\/uploads\/2024\/11\/uelzener_allgemeine_versicherungsgesellschaft_a_g_logo.jpg","width":200,"height":200,"caption":"Uelzener Versicherungen"},"image":{"@id":"https:\/\/uelzener.de\/magazin\/#\/schema\/logo\/image\/"},"sameAs":["https:\/\/www.facebook.com\/Uelzener","https:\/\/instagram.com\/uelzener","https:\/\/www.xing.com\/pages\/uelzenerallgemeineversicherungs-gesellschafta-g","https:\/\/www.youtube.com\/UelzenerVersicherungen"]}]}},"_links":{"self":[{"href":"https:\/\/uelzener.de\/magazin\/wp-json\/wp\/v2\/pages\/17625","targetHints":{"allow":["GET"]}}],"collection":[{"href":"https:\/\/uelzener.de\/magazin\/wp-json\/wp\/v2\/pages"}],"about":[{"href":"https:\/\/uelzener.de\/magazin\/wp-json\/wp\/v2\/types\/page"}],"author":[{"embeddable":true,"href":"https:\/\/uelzener.de\/magazin\/wp-json\/wp\/v2\/users\/11"}],"replies":[{"embeddable":true,"href":"https:\/\/uelzener.de\/magazin\/wp-json\/wp\/v2\/comments?post=17625"}],"version-history":[{"count":2,"href":"https:\/\/uelzener.de\/magazin\/wp-json\/wp\/v2\/pages\/17625\/revisions"}],"predecessor-version":[{"id":17628,"href":"https:\/\/uelzener.de\/magazin\/wp-json\/wp\/v2\/pages\/17625\/revisions\/17628"}],"up":[{"embeddable":true,"href":"https:\/\/uelzener.de\/magazin\/wp-json\/wp\/v2\/pages\/11689"}],"wp:featuredmedia":[{"embeddable":true,"href":"https:\/\/uelzener.de\/magazin\/wp-json\/wp\/v2\/media\/17627"}],"wp:attachment":[{"href":"https:\/\/uelzener.de\/magazin\/wp-json\/wp\/v2\/media?parent=17625"}],"curies":[{"name":"wp","href":"https:\/\/api.w.org\/{rel}","templated":true}]}}