{"id":17618,"date":"2024-07-16T11:07:35","date_gmt":"2024-07-16T09:07:35","guid":{"rendered":"https:\/\/uelzener.de\/magazin\/?page_id=17618"},"modified":"2025-04-28T11:08:50","modified_gmt":"2025-04-28T09:08:50","slug":"welches-fleisch-am-besten-fuer-katzen","status":"publish","type":"page","link":"https:\/\/uelzener.de\/magazin\/katze\/ernaehrung\/welches-fleisch-am-besten-fuer-katzen\/","title":{"rendered":"Welches Fleisch ist am besten? Tipps zur artgerechten Ern\u00e4hrung von Katzen"},"content":{"rendered":"<p><span style=\"font-weight: 400;\">Katzen sind von Natur aus Fleischfresser. In freier Wildbahn ern\u00e4hren sie sich von M\u00e4usen, V\u00f6geln und anderen kleinen Beutetieren und so ist Fleisch das Grundnahrungsmittel einer jeden Katze. Mit ihrer nat\u00fcrlichen Ern\u00e4hrung nehmen die Samtpfoten alle N\u00e4hrstoffe zu sich, die sie ben\u00f6tigen. Dazu geh\u00f6ren Makron\u00e4hrstoffe wie tierisches Protein und Fette, aber auch Mikron\u00e4hrstoffe wie Mineralstoffe und Vitamine.\u00a0<\/span><\/p>\n<p><span style=\"font-weight: 400;\">Eine Maus besteht zu ungef\u00e4hr 60% aus Fleisch und zu etwa 40% aus Haut, Fell, Fettgewebe, Knochen und Innereien. Der Wasseranteil liegt bei etwa 65%, was bedeutet, dass Katzen mit ihrer Beute auch Fl\u00fcssigkeit aufnehmen. Zudem liefert der Verzehr einer Maus wichtige Aminos\u00e4uren, einschlie\u00dflich des f\u00fcr Katzen lebensnotwendigen Taurins. Zwar sind M\u00e4use eine ideale Nahrungsquelle f\u00fcr Katzen &#8211; zum Beispiel in Form von der <a href=\"https:\/\/uelzener.de\/magazin\/katze\/ernaehrung\/whole-prey-ein-ganzes-beutetier-fuer-die-katze\/\" target=\"_blank\" rel=\"noopener\">Whole Prey<\/a> Ern\u00e4hrung, doch dir als Halter oder Halterin ist es sicherlich nicht ohne Weiteres m\u00f6glich, diese in die t\u00e4gliche Ern\u00e4hrung deiner Katze zu integrieren.\u00a0<\/span><\/p>\n<p><span style=\"font-weight: 400;\">Fleischsorten, die im Handel in guter Qualit\u00e4t erh\u00e4ltlich sind, bieten jedoch eine praktikable L\u00f6sung, um deine Samtpfote zu Hause artgerecht zu ern\u00e4hren. Fleisch vom Rind, Schwein, Wild, Lamm, Kaninchen sowie Gefl\u00fcgel wie Huhn, Ente, Gans oder Pute sind f\u00fcr Katzen schmackhaft und dienen als Quelle f\u00fcr N\u00e4hrstoffe. Wir verraten dir, welches Fleisch das beste f\u00fcr deine Katze ist und worauf du bei der Fleischf\u00fctterung achten solltest.<\/span><\/p>\n<h2>Die besten Fleischsorten zur F\u00fctterung von Katzen<\/h2>\n<p><span style=\"font-weight: 400;\">Welches Fleisch f\u00fcr deine Katze ideal geeignet ist, h\u00e4ngt von ihren Vorlieben und individuellen Bed\u00fcrfnissen ab. Wenn du auf der Suche nach dem besten Fleisch f\u00fcr deine Katze bist, kannst du deinem schnurrenden Gourmet folgende Sorten servieren:<\/span><\/p>\n<ul>\n<li style=\"font-weight: 400;\" aria-level=\"1\"><b>Gefl\u00fcgel: <\/b><span style=\"font-weight: 400;\">Dazu z\u00e4hlt unter anderem Fleisch von Huhn, Pute, Ente und Gans. Brustfleisch von Huhn und Pute gilt allgemein als mager und leicht bek\u00f6mmlich. Leidet deine Katze unter Verdauungsproblemen, ist mageres Gefl\u00fcgelfleisch die richtige Wahl, da es sich gut als Schonkost eignet.\u00a0<\/span><\/li>\n<li style=\"font-weight: 400;\" aria-level=\"1\"><b>Rind: <\/b><span style=\"font-weight: 400;\">Fleisch vom Rind schmeckt den meisten Katzen sehr gut. Auch Innereien wie Rinderleber, Rinderherzen oder Rinderlunge k\u00f6nnen den Samtpfoten gerne verabreicht werden.\u00a0<\/span><\/li>\n<li style=\"font-weight: 400;\" aria-level=\"1\"><b>Schwein: <\/b><span style=\"font-weight: 400;\">Der Fettgehalt von Schweinefleisch schwankt je nach Teilst\u00fcck stark. W\u00e4hrend Schweinefilet eher mager ist, enth\u00e4lt Schweinebauch eine deutlich gr\u00f6\u00dfere Menge an Fett. Neigt deine Katze zu \u00dcbergewicht, so ist bei fettreichen Schweinefleischst\u00fccken Vorsicht geboten. Beachte, dass Schweinefleisch deiner Katze niemals roh vorgesetzt werden sollte, da sonst die Gefahr besteht, dass sie sich mit dem Aujeszky-Virus infiziert.<\/span><\/li>\n<li style=\"font-weight: 400;\" aria-level=\"1\"><b>Wild: <\/b><span style=\"font-weight: 400;\">Wildfleisch, beispielsweise vom Hirsch oder Reh, erfreut sich bei Katzen ebenfalls gro\u00dfer Beliebtheit. Bei Wildschwein gilt dasselbe wie beim Hausschwein: Nicht roh verf\u00fcttern!<\/span><\/li>\n<li style=\"font-weight: 400;\" aria-level=\"1\"><b>Lamm: <\/b><span style=\"font-weight: 400;\">Je nach Teilst\u00fcck weist Lamm einen relativ hohen Fettanteil auf, kommt geschmacklich aber bei den meisten Katzen gut an.\u00a0<\/span><\/li>\n<li style=\"font-weight: 400;\" aria-level=\"1\"><b>Kaninchen: <\/b><span style=\"font-weight: 400;\">Kaninchenfleisch ist magerer als Huhn oder Pute und kann Katzen, die ein bisschen mehr auf der H\u00fcfte haben, problemlos gegeben werden.\u00a0<\/span><\/li>\n<\/ul>\n<h2>Katzen richtig f\u00fcttern \u2013 worauf achten?<\/h2>\n<p><span style=\"font-weight: 400;\">Wie du siehst, ist die Auswahl an Fleischsorten f\u00fcr Katzen sehr gro\u00df. Das beste Fleisch f\u00fcr deine Katze ist jenes, das ihr besonders gut schmeckt und f\u00fcr sie bek\u00f6mmlich ist. Fettreiche Teilst\u00fccke verf\u00fctterst du am besten nur gelegentlich oder verzichtest komplett darauf, wenn deine Katze zu \u00dcbergewicht neigen sollte.\u00a0<\/span><\/p>\n<p><span style=\"font-weight: 400;\">Fleisch, egal ob selbst zubereitet f\u00fcr zum Beispiel das <a href=\"https:\/\/uelzener.de\/magazin\/katze\/ernaehrung\/barfen-bei-der-katze-frische-rohkost-statt-dosenfutter\/\" target=\"_blank\" rel=\"noopener\">Barfen<\/a> oder aus der Dose, sollte in kleinen Portionen im Futternapf landen. Die meisten Katzen bevorzugen mehrere Snacks \u00fcber den Tag verteilt statt zwei gro\u00dfe Hauptmahlzeiten. Dosenfutter und gekochtes Fleisch servierst du deiner Katze am besten bei Zimmertemperatur. Futter direkt aus dem K\u00fchlschrank verschm\u00e4hen so einige Stubentiger. Bei rohem Fleisch musst du jedoch vorsichtig sein. Bleibt es zu lange ungek\u00fchlt, kann es verderben.\u00a0<\/span><\/p>\n<p><span style=\"font-weight: 400;\">Sobald deine Samtpfote mit der Mahlzeit fertig ist, sollte der Futternapf gr\u00fcndlich gereinigt und abgesp\u00fclt werden. Futterreste solltest du entsorgen, denn oft r\u00fchren Katzen diese sowieso nicht mehr an.\u00a0<\/span><\/p>\n\n<div class=\"related_articles boxed\">\n    <h2>Mehr zum Thema<\/h2>\n    \n    <div class=\"wrapper\"><div class=\"title align-center\"><h3><a href=\"https:\/\/uelzener.de\/magazin\/katze\/ernaehrung\/insektenfutter-fuer-katzen-als-alternative-zum-herkoemmlichen-futter\/\">Insektenfutter f\u00fcr Katzen als Alternative zum herk\u00f6mmlichen Futter<\/a><\/h3><\/div><div class=\"img align-center\"><img decoding=\"async\" width=\"315\" height=\"180\" src=\"https:\/\/uelzener.de\/magazin\/app\/uploads\/2024\/09\/Insektenfutter-fuer-Katzen-als-Alternative-zum-herkoemmlichen-Futter-315x180.jpg\" class=\"attachment-315x180 size-315x180 wp-post-image\" alt=\"Insektenfutter f\u00fcr Katzen\" \/><\/div><\/div><div class=\"wrapper\"><div class=\"title align-center\"><h3><a href=\"https:\/\/uelzener.de\/magazin\/katze\/ernaehrung\/was-fressen-katzen\/\">Was fressen Katzen?<\/a><\/h3><\/div><div class=\"img align-center\"><img decoding=\"async\" width=\"315\" height=\"180\" src=\"https:\/\/uelzener.de\/magazin\/app\/uploads\/2024\/03\/was-fressen-katzen-315x180.jpg\" class=\"attachment-315x180 size-315x180 wp-post-image\" alt=\"Katze frisst ein St\u00fcck Melone.\" \/><\/div><\/div><div class=\"wrapper\"><div class=\"title align-center\"><h3><a href=\"https:\/\/uelzener.de\/magazin\/katze\/ernaehrung\/warum-lachsoel-fuer-katzen-so-beliebt-ist\/\">Warum Lachs\u00f6l f\u00fcr Katzen so beliebt ist<\/a><\/h3><\/div><div class=\"img align-center\"><img decoding=\"async\" width=\"315\" height=\"180\" src=\"https:\/\/uelzener.de\/magazin\/app\/uploads\/2024\/05\/lachsoel-fuer-katzen-315x180.jpg\" class=\"attachment-315x180 size-315x180 wp-post-image\" alt=\"Katze bekommt Lachs\u00f6l per Pipette verabreicht.\" \/><\/div><\/div><\/div>\n\n<h2>Tipps zur Zubereitung von frischem Fleisch f\u00fcr die Katze<\/h2>\n<p><span style=\"font-weight: 400;\">Wenn du beabsichtigst, Fleischmahlzeiten f\u00fcr deine Katze selbst zuzubereiten, m\u00f6chten wir dir noch einige wertvolle Tipps an die Hand geben.<\/span><\/p>\n<p><span style=\"font-weight: 400;\">Die oben genannten Fleischsorten kannst du \u2013 mit Ausnahme von Schwein und Wildschwein \u2013 roh verabreichen. Beim Kauf ist es essentiell, ausschlie\u00dflich hochwertiges Fleisch zu w\u00e4hlen und konsequent darauf zu achten, dass die K\u00fchlkette nicht unterbrochen wird. Andernfalls besteht die Gefahr, dass Mikroorganismen das Fleisch kontaminieren und es an Qualit\u00e4t und Frische einb\u00fc\u00dft.\u00a0<\/span><\/p>\n<p><span style=\"font-weight: 400;\">Wenn dein Stubentiger gekochtes Fleisch bevorzugt, achte darauf, beim Garen keine Gew\u00fcrze und kein Salz hinzuzuf\u00fcgen.<\/span><\/p>\n<p><span style=\"font-weight: 400;\">Bevor du deinem Vierbeiner rohes oder gekochtes Fleisch servierst, solltest du es in mundgerechte St\u00fccke schneiden. Die meisten Katzen schlingen ihr Futter herunter statt es ausgiebig zu kauen, was Verdauungsprobleme nach sich ziehen kann. Wenn deine Katze ihr Futter jedoch kaut, kannst du auf das Kleinschneiden verzichten und gr\u00f6\u00dfere St\u00fccke in den Futternapf legen.<\/span><\/p>\n<h2>Warum rohes Schweinefleisch f\u00fcr Katzen tabu ist<\/h2>\n<p><span style=\"font-weight: 400;\">Katzen sollten kein rohes Schweinefleisch fressen. Es sollte vollst\u00e4ndig durchgegart sein, bevor es im Napf landet. Grund daf\u00fcr ist, dass Schweine das Aujeszky-Virus \u00fcbertragen. Dabei handelt es sich um ein Herpesvirus, das die sogenannte Aujeszkysche Krankheit verursacht, die auch als Pseudotollwut bekannt ist. Im Prinzip k\u00f6nnen viele S\u00e4ugetiere das Virus \u00fcbertragen, das Schwein und das Wildschwein gelten jedoch als Haupt\u00fcbertr\u00e4ger. Zwar ist Deutschland zum aktuellen Zeitpunkt frei von diesem Virus, doch die Schweinebest\u00e4nde werden nur stichprobenartig getestet. Um auf der sicheren Seite zu sein, solltest du deiner Katze also niemals rohes Schweinefleisch servieren.\u00a0<\/span><\/p>\n<p><span style=\"font-weight: 400;\">Infiziert sich eine Katze durch den Verzehr von Schweinefleisch mit dem Herpesvirus, kommt es zun\u00e4chst zu Speichelfluss und leichten Wesensver\u00e4nderungen des Tiers. Im weiteren Verlauf folgen St\u00f6rungen des Bewegungsapparats, L\u00e4hmungserscheinungen sowie ein extremer Juckreiz. Eine Infektion mit dem Aujeszky-Virus kann bei einer Katze schlie\u00dflich sogar zum Tod f\u00fchren, daher sollte beim ersten Verdacht und auftretenden Symptomen schleunigst ein Tierarzt oder eine Tier\u00e4rztin aufgesucht werden. Mit einer <\/span><span style=\"font-weight: 400;\">Katzenkrankenversicherung<\/span><span style=\"font-weight: 400;\"> hast du den perfekten Rundum-Schutz, wenn deine Katze medizinisch versorgt werden muss.\u00a0<\/span><\/p>\n\n<div class=\"banner\">\n    <a href=\"https:\/\/uelzener.de\/katze\/katzen-krankenversicherung\/?agt=0000104925&sem=true&utm_medium=magazin&utm_source=wordpress&utm_campaign=katze_kv&utm_content=banner\">\n        <img decoding=\"async\" width=\"300\" height=\"212\" src=\"https:\/\/uelzener.de\/magazin\/app\/uploads\/2025\/01\/Katzen-Kranken-Versicherung.jpg\" class=\"attachment-medium size-medium\" alt=\"Banner Katzen-Kranken-Versicherung\" \/>    <\/a>\n<\/div>\n\n<h2>Fazit<\/h2>\n<p><span style=\"font-weight: 400;\">Fleisch bildet den Grundstein einer artgerechten Ern\u00e4hrung f\u00fcr Katzen. Es gibt eine breite Auswahl an Sorten, die du deiner Fellnase servieren kannst. Gefl\u00fcgel, Rind, Lamm und Kaninchen in guter Qualit\u00e4t sind fast immer eine gute Wahl. Hier ist gegebenenfalls auf den Fettgehalt zu achten, um \u00dcbergewicht bei der Katze zu vermeiden. Schwein und Wildschwein solltest du immer vollst\u00e4ndig durchgegart servieren, da das Fleisch mit dem Aujeszky-Virus als Krankheitserreger belastet sein kann. Ansonsten hast du vielerlei M\u00f6glichkeiten, den Ern\u00e4hrungsplan deiner Samtpfote abwechslungsreich zu\u00a0 gestalten und an ihre spezifischen Bed\u00fcrfnisse anzupassen.\u00a0<\/span><\/p>\n<h2>FAQ: H\u00e4ufig gestellte Fragen zum Thema Bestes Fleisch f\u00fcr Katzen<\/h2>\n<h3>Welches Fleisch ist f\u00fcr Katzen besonders schmackhaft?<\/h3>\n<p><span style=\"font-weight: 400;\">Die Geschm\u00e4cker von Katzen sind verschieden. Viele Tiere fressen gern Gefl\u00fcgelfleisch, andere hingegen st\u00fcrzen sich auf Rindfleisch. Wenn deine Katze beim Futter sehr w\u00e4hlerisch ist, kannst du dich mit kleinen Portionen ausgew\u00e4hlter Fleischsorten herantasten, um herauszufinden, was ihr am besten schmeckt.\u00a0<\/span><\/p>\n<h3>K\u00f6nnen Katzen auch vegan oder vegetarisch ern\u00e4hrt werden?<\/h3>\n<p><span style=\"font-weight: 400;\">Katzen sind von Natur aus Carnivoren. Zur artgerechten Ern\u00e4hrung geh\u00f6rt also Fleisch. Ein Grund daf\u00fcr ist das enthaltene Taurin, das f\u00fcr Katzen lebenswichtig ist, vom K\u00f6rper aber nicht im ausreichenden Ma\u00df selbst hergestellt werden kann. Aus diesem Grund wird die Aminos\u00e4ure auch Katzenfutter hinzugef\u00fcgt.<\/span><\/p>\n<h3>Ist M\u00e4usefleisch das beste Fleisch f\u00fcr Katzen?<\/h3>\n<p><span style=\"font-weight: 400;\">Freig\u00e4nger-Katzen fangen ihre Beute selbst \u2013 und oftmals handelt es sich dabei um M\u00e4use. Wenn du deiner Katze M\u00e4usefleisch servieren m\u00f6chtest, findest du gewolftes Fleisch oder Futterm\u00e4use am St\u00fcck im Futterhandel. Viele Halter und Halterinnen greifen aber lieber zu Gefl\u00fcgel, Rind oder Schwein, wenn es um die F\u00fctterung von Katzen in den eigenen vier W\u00e4nden geht.\u00a0<\/span><\/p>\n","protected":false},"excerpt":{"rendered":"<p>Katzen sind von Natur aus Fleischfresser. In freier Wildbahn ern\u00e4hren sie sich von M\u00e4usen, V\u00f6geln und anderen kleinen Beutetieren und so ist Fleisch das Grundnahrungsmittel einer jeden Katze. Mit ihrer nat\u00fcrlichen Ern\u00e4hrung nehmen die Samtpfoten alle N\u00e4hrstoffe zu sich, die sie ben\u00f6tigen. Dazu geh\u00f6ren Makron\u00e4hrstoffe wie tierisches Protein und Fette, aber auch Mikron\u00e4hrstoffe wie Mineralstoffe [&hellip;]<\/p>\n","protected":false},"author":11,"featured_media":17621,"parent":11676,"menu_order":8,"comment_status":"closed","ping_status":"closed","template":"templates\/blog.php","meta":{"_acf_changed":false,"_crdt_document":"","footnotes":"","beyondwords_generate_audio":"","beyondwords_project_id":"","beyondwords_content_id":"","beyondwords_preview_token":"","beyondwords_player_style":"","beyondwords_language_id":"","beyondwords_title_voice_id":"","beyondwords_body_voice_id":"","beyondwords_summary_voice_id":"","beyondwords_error_message":"","beyondwords_disabled":"","beyondwords_delete_content":"","beyondwords_podcast_id":"","beyondwords_hash":"","publish_post_to_speechkit":"","speechkit_hash":"","speechkit_generate_audio":"","speechkit_project_id":"","speechkit_podcast_id":"","speechkit_error_message":"","speechkit_disabled":"","speechkit_access_key":"","speechkit_error":"","speechkit_info":"","speechkit_response":"","speechkit_retries":"","speechkit_status":"","speechkit_updated_at":"","_speechkit_link":"","_speechkit_text":""},"class_list":["post-17618","page","type-page","status-publish","has-post-thumbnail","hentry"],"acf":[],"yoast_head":"<!-- This site is optimized with the Yoast SEO Premium plugin  - https:\/\/yoast.com\/product\/yoast-seo-premium-wordpress\/ -->\n<title>Welches Fleisch ist am besten? Tipps zur artgerechten Ern\u00e4hrung von Katzen | Uelzener Magazin<\/title>\n<meta name=\"description\" content=\"Katzen sind von Natur aus Fleischfresser. Wir verraten dir, welches Fleisch das beste f\u00fcr deine Katze ist und worauf du bei der Fleischf\u00fctterung achten solltest.\" \/>\n<meta name=\"robots\" content=\"index, follow, max-snippet:-1, max-image-preview:large, max-video-preview:-1\" \/>\n<link rel=\"canonical\" href=\"https:\/\/uelzener.de\/magazin\/katze\/ernaehrung\/welches-fleisch-am-besten-fuer-katzen\/\" \/>\n<meta property=\"og:locale\" content=\"de_DE\" \/>\n<meta property=\"og:type\" content=\"article\" \/>\n<meta property=\"og:title\" content=\"Welches Fleisch ist am besten? Tipps zur artgerechten Ern\u00e4hrung von Katzen\" \/>\n<meta property=\"og:description\" content=\"Katzen sind von Natur aus Fleischfresser. Wir verraten dir, welches Fleisch das beste f\u00fcr deine Katze ist und worauf du bei der Fleischf\u00fctterung achten solltest.\" \/>\n<meta property=\"og:url\" content=\"https:\/\/uelzener.de\/magazin\/katze\/ernaehrung\/welches-fleisch-am-besten-fuer-katzen\/\" \/>\n<meta property=\"og:site_name\" content=\"Uelzener Tier-Magazin\" \/>\n<meta property=\"article:publisher\" content=\"https:\/\/www.facebook.com\/Uelzener\" \/>\n<meta property=\"article:modified_time\" content=\"2025-04-28T09:08:50+00:00\" \/>\n<meta property=\"og:image\" content=\"https:\/\/uelzener.de\/magazin\/app\/uploads\/2024\/07\/welches-fleisch-katze.jpg\" \/>\n\t<meta property=\"og:image:width\" content=\"1025\" \/>\n\t<meta property=\"og:image:height\" content=\"450\" \/>\n\t<meta property=\"og:image:type\" content=\"image\/jpeg\" \/>\n<meta name=\"twitter:card\" content=\"summary_large_image\" \/>\n<meta name=\"twitter:label1\" content=\"Gesch\u00e4tzte Lesezeit\" \/>\n\t<meta name=\"twitter:data1\" content=\"7\u00a0Minuten\" \/>\n<script type=\"application\/ld+json\" class=\"yoast-schema-graph\">{\"@context\":\"https:\/\/schema.org\",\"@graph\":[{\"@type\":\"WebPage\",\"@id\":\"https:\/\/uelzener.de\/magazin\/katze\/ernaehrung\/welches-fleisch-am-besten-fuer-katzen\/\",\"url\":\"https:\/\/uelzener.de\/magazin\/katze\/ernaehrung\/welches-fleisch-am-besten-fuer-katzen\/\",\"name\":\"Welches Fleisch ist am besten? Tipps zur artgerechten Ern\u00e4hrung von Katzen | Uelzener Magazin\",\"isPartOf\":{\"@id\":\"https:\/\/uelzener.de\/magazin\/#website\"},\"primaryImageOfPage\":{\"@id\":\"https:\/\/uelzener.de\/magazin\/katze\/ernaehrung\/welches-fleisch-am-besten-fuer-katzen\/#primaryimage\"},\"image\":{\"@id\":\"https:\/\/uelzener.de\/magazin\/katze\/ernaehrung\/welches-fleisch-am-besten-fuer-katzen\/#primaryimage\"},\"thumbnailUrl\":\"https:\/\/uelzener.de\/magazin\/app\/uploads\/2024\/07\/welches-fleisch-katze.jpg\",\"datePublished\":\"2024-07-16T09:07:35+00:00\",\"dateModified\":\"2025-04-28T09:08:50+00:00\",\"description\":\"Katzen sind von Natur aus Fleischfresser. Wir verraten dir, welches Fleisch das beste f\u00fcr deine Katze ist und worauf du bei der Fleischf\u00fctterung achten solltest.\",\"breadcrumb\":{\"@id\":\"https:\/\/uelzener.de\/magazin\/katze\/ernaehrung\/welches-fleisch-am-besten-fuer-katzen\/#breadcrumb\"},\"inLanguage\":\"de\",\"potentialAction\":[{\"@type\":\"ReadAction\",\"target\":[\"https:\/\/uelzener.de\/magazin\/katze\/ernaehrung\/welches-fleisch-am-besten-fuer-katzen\/\"]}]},{\"@type\":\"ImageObject\",\"inLanguage\":\"de\",\"@id\":\"https:\/\/uelzener.de\/magazin\/katze\/ernaehrung\/welches-fleisch-am-besten-fuer-katzen\/#primaryimage\",\"url\":\"https:\/\/uelzener.de\/magazin\/app\/uploads\/2024\/07\/welches-fleisch-katze.jpg\",\"contentUrl\":\"https:\/\/uelzener.de\/magazin\/app\/uploads\/2024\/07\/welches-fleisch-katze.jpg\",\"width\":1025,\"height\":450,\"caption\":\"Welches Fleisch ist das beste f\u00fcr Katzen?\"},{\"@type\":\"WebSite\",\"@id\":\"https:\/\/uelzener.de\/magazin\/#website\",\"url\":\"https:\/\/uelzener.de\/magazin\/\",\"name\":\"Uelzener Tiermagazin\",\"description\":\"Online Tierratgeber der Uelzener Versicherungen\",\"publisher\":{\"@id\":\"https:\/\/uelzener.de\/magazin\/#organization\"},\"potentialAction\":[{\"@type\":\"SearchAction\",\"target\":{\"@type\":\"EntryPoint\",\"urlTemplate\":\"https:\/\/uelzener.de\/magazin\/?s={search_term_string}\"},\"query-input\":{\"@type\":\"PropertyValueSpecification\",\"valueRequired\":true,\"valueName\":\"search_term_string\"}}],\"inLanguage\":\"de\"},{\"@type\":\"Organization\",\"@id\":\"https:\/\/uelzener.de\/magazin\/#organization\",\"name\":\"Uelzener Versicherungen\",\"url\":\"https:\/\/uelzener.de\/magazin\/\",\"logo\":{\"@type\":\"ImageObject\",\"inLanguage\":\"de\",\"@id\":\"https:\/\/uelzener.de\/magazin\/#\/schema\/logo\/image\/\",\"url\":\"https:\/\/uelzener.de\/magazin\/app\/uploads\/2024\/11\/uelzener_allgemeine_versicherungsgesellschaft_a_g_logo.jpg\",\"contentUrl\":\"https:\/\/uelzener.de\/magazin\/app\/uploads\/2024\/11\/uelzener_allgemeine_versicherungsgesellschaft_a_g_logo.jpg\",\"width\":200,\"height\":200,\"caption\":\"Uelzener Versicherungen\"},\"image\":{\"@id\":\"https:\/\/uelzener.de\/magazin\/#\/schema\/logo\/image\/\"},\"sameAs\":[\"https:\/\/www.facebook.com\/Uelzener\",\"https:\/\/instagram.com\/uelzener\",\"https:\/\/www.xing.com\/pages\/uelzenerallgemeineversicherungs-gesellschafta-g\",\"https:\/\/www.youtube.com\/UelzenerVersicherungen\"]}]}<\/script>\n<!-- \/ Yoast SEO Premium plugin. -->","yoast_head_json":{"title":"Welches Fleisch ist am besten? Tipps zur artgerechten Ern\u00e4hrung von Katzen | Uelzener Magazin","description":"Katzen sind von Natur aus Fleischfresser. Wir verraten dir, welches Fleisch das beste f\u00fcr deine Katze ist und worauf du bei der Fleischf\u00fctterung achten solltest.","robots":{"index":"index","follow":"follow","max-snippet":"max-snippet:-1","max-image-preview":"max-image-preview:large","max-video-preview":"max-video-preview:-1"},"canonical":"https:\/\/uelzener.de\/magazin\/katze\/ernaehrung\/welches-fleisch-am-besten-fuer-katzen\/","og_locale":"de_DE","og_type":"article","og_title":"Welches Fleisch ist am besten? Tipps zur artgerechten Ern\u00e4hrung von Katzen","og_description":"Katzen sind von Natur aus Fleischfresser. Wir verraten dir, welches Fleisch das beste f\u00fcr deine Katze ist und worauf du bei der Fleischf\u00fctterung achten solltest.","og_url":"https:\/\/uelzener.de\/magazin\/katze\/ernaehrung\/welches-fleisch-am-besten-fuer-katzen\/","og_site_name":"Uelzener Tier-Magazin","article_publisher":"https:\/\/www.facebook.com\/Uelzener","article_modified_time":"2025-04-28T09:08:50+00:00","og_image":[{"width":1025,"height":450,"url":"https:\/\/uelzener.de\/magazin\/app\/uploads\/2024\/07\/welches-fleisch-katze.jpg","type":"image\/jpeg"}],"twitter_card":"summary_large_image","twitter_misc":{"Gesch\u00e4tzte Lesezeit":"7\u00a0Minuten"},"schema":{"@context":"https:\/\/schema.org","@graph":[{"@type":"WebPage","@id":"https:\/\/uelzener.de\/magazin\/katze\/ernaehrung\/welches-fleisch-am-besten-fuer-katzen\/","url":"https:\/\/uelzener.de\/magazin\/katze\/ernaehrung\/welches-fleisch-am-besten-fuer-katzen\/","name":"Welches Fleisch ist am besten? Tipps zur artgerechten Ern\u00e4hrung von Katzen | Uelzener Magazin","isPartOf":{"@id":"https:\/\/uelzener.de\/magazin\/#website"},"primaryImageOfPage":{"@id":"https:\/\/uelzener.de\/magazin\/katze\/ernaehrung\/welches-fleisch-am-besten-fuer-katzen\/#primaryimage"},"image":{"@id":"https:\/\/uelzener.de\/magazin\/katze\/ernaehrung\/welches-fleisch-am-besten-fuer-katzen\/#primaryimage"},"thumbnailUrl":"https:\/\/uelzener.de\/magazin\/app\/uploads\/2024\/07\/welches-fleisch-katze.jpg","datePublished":"2024-07-16T09:07:35+00:00","dateModified":"2025-04-28T09:08:50+00:00","description":"Katzen sind von Natur aus Fleischfresser. Wir verraten dir, welches Fleisch das beste f\u00fcr deine Katze ist und worauf du bei der Fleischf\u00fctterung achten solltest.","breadcrumb":{"@id":"https:\/\/uelzener.de\/magazin\/katze\/ernaehrung\/welches-fleisch-am-besten-fuer-katzen\/#breadcrumb"},"inLanguage":"de","potentialAction":[{"@type":"ReadAction","target":["https:\/\/uelzener.de\/magazin\/katze\/ernaehrung\/welches-fleisch-am-besten-fuer-katzen\/"]}]},{"@type":"ImageObject","inLanguage":"de","@id":"https:\/\/uelzener.de\/magazin\/katze\/ernaehrung\/welches-fleisch-am-besten-fuer-katzen\/#primaryimage","url":"https:\/\/uelzener.de\/magazin\/app\/uploads\/2024\/07\/welches-fleisch-katze.jpg","contentUrl":"https:\/\/uelzener.de\/magazin\/app\/uploads\/2024\/07\/welches-fleisch-katze.jpg","width":1025,"height":450,"caption":"Welches Fleisch ist das beste f\u00fcr Katzen?"},{"@type":"WebSite","@id":"https:\/\/uelzener.de\/magazin\/#website","url":"https:\/\/uelzener.de\/magazin\/","name":"Uelzener Tiermagazin","description":"Online Tierratgeber der Uelzener Versicherungen","publisher":{"@id":"https:\/\/uelzener.de\/magazin\/#organization"},"potentialAction":[{"@type":"SearchAction","target":{"@type":"EntryPoint","urlTemplate":"https:\/\/uelzener.de\/magazin\/?s={search_term_string}"},"query-input":{"@type":"PropertyValueSpecification","valueRequired":true,"valueName":"search_term_string"}}],"inLanguage":"de"},{"@type":"Organization","@id":"https:\/\/uelzener.de\/magazin\/#organization","name":"Uelzener Versicherungen","url":"https:\/\/uelzener.de\/magazin\/","logo":{"@type":"ImageObject","inLanguage":"de","@id":"https:\/\/uelzener.de\/magazin\/#\/schema\/logo\/image\/","url":"https:\/\/uelzener.de\/magazin\/app\/uploads\/2024\/11\/uelzener_allgemeine_versicherungsgesellschaft_a_g_logo.jpg","contentUrl":"https:\/\/uelzener.de\/magazin\/app\/uploads\/2024\/11\/uelzener_allgemeine_versicherungsgesellschaft_a_g_logo.jpg","width":200,"height":200,"caption":"Uelzener Versicherungen"},"image":{"@id":"https:\/\/uelzener.de\/magazin\/#\/schema\/logo\/image\/"},"sameAs":["https:\/\/www.facebook.com\/Uelzener","https:\/\/instagram.com\/uelzener","https:\/\/www.xing.com\/pages\/uelzenerallgemeineversicherungs-gesellschafta-g","https:\/\/www.youtube.com\/UelzenerVersicherungen"]}]}},"_links":{"self":[{"href":"https:\/\/uelzener.de\/magazin\/wp-json\/wp\/v2\/pages\/17618","targetHints":{"allow":["GET"]}}],"collection":[{"href":"https:\/\/uelzener.de\/magazin\/wp-json\/wp\/v2\/pages"}],"about":[{"href":"https:\/\/uelzener.de\/magazin\/wp-json\/wp\/v2\/types\/page"}],"author":[{"embeddable":true,"href":"https:\/\/uelzener.de\/magazin\/wp-json\/wp\/v2\/users\/11"}],"replies":[{"embeddable":true,"href":"https:\/\/uelzener.de\/magazin\/wp-json\/wp\/v2\/comments?post=17618"}],"version-history":[{"count":7,"href":"https:\/\/uelzener.de\/magazin\/wp-json\/wp\/v2\/pages\/17618\/revisions"}],"predecessor-version":[{"id":18468,"href":"https:\/\/uelzener.de\/magazin\/wp-json\/wp\/v2\/pages\/17618\/revisions\/18468"}],"up":[{"embeddable":true,"href":"https:\/\/uelzener.de\/magazin\/wp-json\/wp\/v2\/pages\/11676"}],"wp:featuredmedia":[{"embeddable":true,"href":"https:\/\/uelzener.de\/magazin\/wp-json\/wp\/v2\/media\/17621"}],"wp:attachment":[{"href":"https:\/\/uelzener.de\/magazin\/wp-json\/wp\/v2\/media?parent=17618"}],"curies":[{"name":"wp","href":"https:\/\/api.w.org\/{rel}","templated":true}]}}