{"id":17550,"date":"2024-07-01T10:00:29","date_gmt":"2024-07-01T08:00:29","guid":{"rendered":"https:\/\/uelzener.de\/magazin\/?page_id=17550"},"modified":"2024-07-01T15:19:05","modified_gmt":"2024-07-01T13:19:05","slug":"hunde-die-nicht-haaren","status":"publish","type":"page","link":"https:\/\/uelzener.de\/magazin\/hund\/rasseportrait\/hunde-die-nicht-haaren\/","title":{"rendered":"Hunde, die nicht haaren: Weniger putzen, mehr kuscheln"},"content":{"rendered":"<p><span style=\"font-weight: 400;\">Viele Menschen mit Hunden kennen das Problem: Kaum ist man mit dem Staubsauger durch das Haus oder die Wohnung gewirbelt und erfreut sich am sauberen Boden, fallen auch schon die ersten Hundehaare hernieder. Gerade zur Zeit des Fellwechsels scheint es unm\u00f6glich zu sein, Fl\u00e4chen l\u00e4ngere Zeit frei von den Haaren des geliebten Vierbeiners zu halten. Das kann frustrierend sein, gerade dann, wenn Sauberkeit im Haushalt einen hohen Stellenwert hat. Tats\u00e4chlich aber haaren nicht alle Hunde in gleichem Umfang. Es gibt Rassen, die allgemein als nicht haarend bezeichnet werden. Sie verlieren zwar auch Haare, verglichen mit anderen Hunderassen jedoch deutlich weniger. Welche das sind und worauf bei der Haltung nicht haarender Hunde zu achten ist, erkl\u00e4ren wir in diesem Artikel.<\/span><\/p>\n<h2>Was nicht haarende Hunderassen von anderen unterscheidet<\/h2>\n<p><span style=\"font-weight: 400;\">Um es schon einmal vorwegzunehmen: Mit Ausnahme von dedizierten Nackthundrassen gibt es keine Hunde, die \u00fcberhaupt nicht haaren. Jeder Hund verliert Fell, der eine mehr, der andere weniger. Wie stark eine Rasse haart, bestimmt weitestgehend die Genetik, denn sie ist ausschlaggebend f\u00fcr die Struktur und das Wachstum des Fells. Aber auch das Alter und der Hormonhaushalt spielen eine Rolle. Das Haaren ist ein nat\u00fcrlicher Prozess, den jeder Hund durchl\u00e4uft. Altes Fell wird abgesto\u00dfen, damit neues nachwachsen kann. Bei manchen Hunden geschieht das kontinuierlich und in entsprechend kleinerem Umfang, andere haben ausgepr\u00e4gte Fellwechselphasen und haaren im Fr\u00fchling (Winter- zu Sommerfell) und Herbst (Sommer- zu Winterfell) besonders stark.\u00a0<\/span><\/p>\n<p><span style=\"font-weight: 400;\">Hunde, die als nicht haarend gelten, haben oft weniger oder keine Unterwolle, so dass der Haarverlust w\u00e4hrend des Fellwechsels geringer ausf\u00e4llt. Bei manchen findet auch gar kein Wechsel zwischen Sommer- und Winterfell statt. Manche Rassen haben lockiges, welliges oder zotteliges Fell, was dazu f\u00fchrt, dass lose Haare tendenziell h\u00e4ngenbleiben und dadurch nicht ohne Weiteres in die Umgebung gelangen. Des Weiteren gibt es Hunderassen wie den Pudel, bei denen das Fell permanent weiterw\u00e4chst statt auszufallen. Hier ist eine regelm\u00e4\u00dfige Pflege wichtig, um abgestorbene Haare zu entfernen und zu verhindern, dass das Fell verfilzt.<\/span><\/p>\n<h2>Welche Hunderassen haaren nicht?<\/h2>\n<p><span style=\"font-weight: 400;\">Manche Hunderassen haaren aufgrund ihrer genetischen Disposition und der Beschaffenheit ihres Fells weniger als andere. Wir geben einen \u00dcberblick, welche das sind.<\/span><\/p>\n<h3>Gro\u00dfe Hunderassen, die nicht haaren:<\/h3>\n<ul>\n<li style=\"font-weight: 400;\" aria-level=\"1\"><b>Gro\u00dfpudel<\/b><span style=\"font-weight: 400;\">: Geht es um nicht haarende Hunderassen, werden Pudel meist zuerst genannt. Sie haben ein krauses, lockiges Fell, keine Unterwolle und durchlaufen keinen Fellwechsel. Dadurch haaren sie kaum. Allerdings m\u00fcssen Pudel regelm\u00e4\u00dfig geb\u00fcrstet und gebadet sowie mindestens alle zwei Monate geschoren werden, um das Fell gesund zu erhalten.<\/span><\/li>\n<li style=\"font-weight: 400;\" aria-level=\"1\"><b>Labradoodle, Goldendoodle, Bernedoodle: <\/b><span style=\"font-weight: 400;\">Der Labradoodle ist eine Kreuzung aus Labrador und Pudel und verf\u00fcgt \u00fcber ein pudel\u00e4hnliches Fell ohne Unterwolle. Mittlerweile gibt es auch den Goldendoodle (Kreuzung aus Golden Retriever und Pudel), den Bernedoodle (Kreuzung aus Berner Sennenhund und Pudel) und den Schnoodle (Kreuzung aus Schnauzer und Pudel).<\/span><\/li>\n<li style=\"font-weight: 400;\" aria-level=\"1\"><b>Riesenschnauzer: <\/b><span style=\"font-weight: 400;\">Der Riesenschnauzer hat festes, drahtiges und dichtes Haar mit weicher Unterwolle. Aufgrund der geschlossenen Haardecke verliert er relativ wenig Fell. Eine gute Pflege und regelm\u00e4\u00dfiges Trimmen (besser als Scheren!) sind auch hier unerl\u00e4sslich.<\/span><\/li>\n<li style=\"font-weight: 400;\" aria-level=\"1\"><b>Weimaraner: <\/b><span style=\"font-weight: 400;\">Der Weimaraner hat ein kurzes, kr\u00e4ftiges, dichtes und anliegendes Fell mit wenig Unterwolle. Er haart in geringerem Umfang als andere Hunderassen, sollte jedoch regelm\u00e4\u00dfig geb\u00fcrstet werden, vor allem zur Zeit des Fellwechsels.<\/span><\/li>\n<li style=\"font-weight: 400;\" aria-level=\"1\"><b>Afghanischer Windhund: <\/b><span style=\"font-weight: 400;\">Obwohl Afghanische Windhunde sehr feines und langes Fell haben, haaren sie kaum. Allerdings ist das Fell pflegeintensiv. B\u00fcrsten sollte an der Tagesordnung stehen.<\/span><\/li>\n<li style=\"font-weight: 400;\" aria-level=\"1\"><b>Komondor, Puli, Bergamasker Hirtenhund: <\/b><span style=\"font-weight: 400;\">Der Komondor ist ein ungarischer Hirtenhund mit langen Filzzotteln und Unterwolle. Die Verfilzungen entstehen dadurch, dass die Unterwolle nicht ausf\u00e4llt, sondern sich mit dem Deckhaar verbindet. Beim Puli, der ebenfalls aus Ungarn stammt, und dem italienischen Bergamasker Hirtenhund verh\u00e4lt es sich \u00e4hnlich. Da alle drei Hunderassen kaum Fell verlieren, gelten sie als nicht haarend.\u00a0<\/span><\/li>\n<\/ul>\n<h3>Mittelgro\u00dfe Hunderassen, die nicht haaren:<\/h3>\n<ul>\n<li style=\"font-weight: 400;\" aria-level=\"1\"><b>Portugiesischer, italienischer und spanischer Wasserhund: <\/b><span style=\"font-weight: 400;\">Der Portugiesische Wasserhund (C\u00e3o de \u00c1gua Portugu\u00eas) hat ein lockiges bis welliges Fell und haart kaum. \u00c4hnlich wie beim Pudel ist regelm\u00e4\u00dfiges Striegeln und ein Besuch beim Hundefriseur alle vier bis acht Wochen angeraten. Das gleich gilt f\u00fcr den italienischen Lagotto Romagnolo und den spanischen Perro de Agua Espa\u00f1ol.<\/span><\/li>\n<li style=\"font-weight: 400;\" aria-level=\"1\"><b>Whippet: <\/b><span style=\"font-weight: 400;\">Der Whippet ist ein Windhund mit einem kurzen, anliegenden Fell ohne Unterwolle. Er verliert verglichen mit anderen Hunderassen relativ wenig Haare und ist recht pflegeleicht.<\/span><\/li>\n<li style=\"font-weight: 400;\" aria-level=\"1\"><b>Airedale, Border, Fox, Irish und Welsh Terrier<\/b><span style=\"font-weight: 400;\">: Diese mittelgro\u00dfen Terrier-Rassen sind bekannt daf\u00fcr, wenig zu haaren. Voraussetzung daf\u00fcr ist allerdings, dass sie regelm\u00e4\u00dfig getrimmt und mehrmals die Woche geb\u00fcrstet werden.<\/span><\/li>\n<li style=\"font-weight: 400;\" aria-level=\"1\"><b>Irish Water Spaniel<\/b><span style=\"font-weight: 400;\">: Der Irish Water Spaniel ist ein Abk\u00f6mmling des traditionellen Wasserhunds und wird vielfach als Jagdhund gehalten. Er hat \u00fcppiges, lockiges Fell, das kaum haart, jedoch alle zwei bis drei Monate geschoren werden muss. Es sollte zudem mehrfach die Woche geb\u00fcrstet werden, damit es nicht verfilzt.<\/span><\/li>\n<li style=\"font-weight: 400;\" aria-level=\"1\"><b>Drahthaariger Vizsla<\/b><span style=\"font-weight: 400;\">: Der Magyar Viszla Drahthaar (auch: Drahthaariger Ungarischer Vorstehhund) ist ein mittelgro\u00dfer Jagdhund mit drahtigem, dichtem, anliegendem Fell und Unterwolle.\u00a0<\/span><\/li>\n<li style=\"font-weight: 400;\" aria-level=\"1\"><b>Basenji<\/b><span style=\"font-weight: 400;\">: Der Basenji ist ein kleiner bis mittelgro\u00dfer Hund, der aus Zentralafrika stammt und sich durch ein urtypisches, fuchs\u00e4hnliches Aussehen auszeichnet. Er hat kurzes, dichtes Haar, verliert wenig Fell und gilt im Allgemeinen als pflegeleicht.<\/span><\/li>\n<\/ul>\n<h3>Kleine Hunderassen, die nicht haaren:<\/h3>\n<ul>\n<li><b>Bichon-Fris\u00e9: <\/b><span style=\"font-weight: 400;\">Der Bichon-Fris\u00e9 hat wei\u00dfes, gelocktes, seidiges Fell, das kaum haart und wenig Anspr\u00fcche im Hinblick auf die Pflege stellt. Es reinigt sich quasi von selbst, so dass nur selten ein Bad erforderlich ist. Zudem reicht es aus, das Fell einmal die Woche zu b\u00fcrsten.<\/span><\/li>\n<li aria-level=\"1\"><b>L\u00f6wchen: <\/b><span style=\"font-weight: 400;\">Das L\u00f6wchen hat ein seidiges Fell ohne Unterwolle und haart wenig. Da es zum Verfilzen neigt, muss es alle zwei Tage gek\u00e4mmt werden. Traditionell wird bei dieser Rasse die sogenannte L\u00f6wenschur angewendet. Dabei wird das Fell ab der Taille geschoren, wobei an den Beinen Beh\u00e4nge um die Fesseln stehen bleiben. Das Fell der vorderen K\u00f6rperh\u00e4lfte bleibt lang<\/span><\/li>\n<li aria-level=\"1\"><b>Yorkshire-Terrier: <\/b><span style=\"font-weight: 400;\">Der Yorkshire-Terrier hat langes, seidiges Fell ohne Unterwolle und durchl\u00e4uft keinen jahreszeitbedingten Fellwechsel. Er haart wenig, muss aber gut gepflegt werden. Dazu geh\u00f6ren regelm\u00e4\u00dfiges Scheren, K\u00e4mmen und B\u00fcrsten.<\/span><\/li>\n<li aria-level=\"1\"><b>West- Highland White Terrier: <\/b><span style=\"font-weight: 400;\">Der \u201eWesti\u201c hat wei\u00dfes, hartes Fell mit einer weichen Unterwolle. Aufgrund seiner Haarstruktur verliert er abgestorbenes Fell kaum von selbst und muss daher regelm\u00e4\u00dfig getrimmt werden.<\/span><\/li>\n<li aria-level=\"1\"><b>Havaneser: <\/b><span style=\"font-weight: 400;\">Havaneser haben ein langes, leicht gewelltes und \u00fcppiges Fell. Einen saisonbedingten Fellwechsel gibt es bei dieser Rasse nicht, weshalb sie als wenig bis nicht haarend betrachtet wird.<\/span><\/li>\n<li aria-level=\"1\"><b>Malteser: <\/b><span style=\"font-weight: 400;\">Malteser haben zwar l\u00e4ngeres Fell, aber keine Unterwolle, weswegen sie kaum haaren. Allerdings ist das Fell pflegeintensiv und muss t\u00e4glich geb\u00fcrstet werden, damit es nicht verfilzt.<\/span><\/li>\n<\/ul>\n<ul>\n<li style=\"list-style-type: none;\"><\/li>\n<\/ul>\n<p><span style=\"font-weight: 400;\">Es gibt noch einige weitere Hunderassen, die vergleichsweise wenig Fell verlieren, sei es der Podenco, der Cane Corso oder der Belgische Malinois. Es lohnt sich, die Rassebeschreibung zu studieren, wenn man sich einen nicht haarenden Hund zulegen m\u00f6chte, da sich vom \u00e4u\u00dferlichen Erscheinungsbild her nicht sicher ableiten l\u00e4sst, ob eine Rasse viel oder wenig haart.<\/span><\/p>\n<h2>Vorteile von Hunden, die nicht haaren<\/h2>\n<p><span style=\"font-weight: 400;\">Hunde, die nicht haaren, bringen f\u00fcr Halter und Halterinnen einige Vorteile mit sich. In erster Linie f\u00e4llt es leichter, den Haushalt sauber zu halten. Verliert ein Tier vergleichsweise wenig Fell, setzen sich weniger Haare auf Fl\u00e4chen und in Textilien ab. Dadurch m\u00fcssen beispielsweise die B\u00f6den nicht st\u00e4ndig gesaugt oder Polsterm\u00f6bel und Kleidung mithilfe spezieller Tierhaarentfernungsb\u00fcrsten oder Fusselrollen bearbeitet werden. Das spart Zeit und Aufwand und kann im Alltag eine gro\u00dfe Erleichterung sein. Wichtig zu ber\u00fccksichtigen ist jedoch auch, dass viele nicht haarende Hunde aufgrund ihrer Fellstruktur einer intensiven Pflege bed\u00fcrfen und regelm\u00e4\u00dfig geb\u00fcrstet oder getrimmt werden m\u00fcssen. Hierf\u00fcr muss gegebenenfalls ein Mehraufwand einkalkuliert werden.<\/span><\/p>\n<p><span style=\"font-weight: 400;\">F\u00fcr Menschen mit Tierhaarallergie k\u00f6nnen Hunde, die nicht haaren, eine Option sein. Dazu muss man jedoch wissen, dass Allergiker nicht auf die Hundehaare als solches, sondern auf Proteine in Schwei\u00df, Speichel, Talg und Urin des Tieres reagieren, die typischerweise an den Haaren haften. Weniger Hundehaare bedeuten mittelbar zwar weniger Allergene, es bleiben jedoch andere Kontaktm\u00f6glichkeiten. Aus diesem Grund sind nicht haarende Hunde f\u00fcr Allergiker nicht automatisch geeignet.\u00a0<\/span><\/p>\n<h2>Fazit<\/h2>\n<p><span style=\"font-weight: 400;\">Bei der Anschaffung eines Hundes spielen Aspekte wie Sauberkeit und Pflege eine gro\u00dfe Rolle. Wer Bedenken hat, mit den Hundehaaren im Haushalt fertig zu werden, trifft mit einer Rasse, die nicht oder kaum haart, sicherlich eine gute Wahl. Dadurch erspart man es sich, t\u00e4glich zum Staubsauger oder zur Fusselrolle zu greifen. Wichtig zu wissen ist jedoch, dass manche nicht haarende Hunderassen eine intensive Fellpflege erfordern. Zeit und M\u00fche, die man an der einen Stelle spart, muss man an anderer Stelle reinvestieren. Wer sich lieber seinem Hund statt dem Haushalt widmet, wird dar\u00fcber jedoch gerne hinwegsehen.<\/span><\/p>\n<h2>FAQ: H\u00e4ufig gestellte Fragen zu Hunden, die nicht haaren<\/h2>\n<h3>Sind Hunde, die nicht haaren, anf\u00e4lliger f\u00fcr bestimmte Krankheiten?<\/h3>\n<p><span style=\"font-weight: 400;\">Hunde, die wenig haaren, sind nicht per se anf\u00e4lliger f\u00fcr bestimmte Krankheiten. Allerdings kann es rassespezifische Pr\u00e4dispositionen geben. Manche Rassen neigen dazu, bestimmte gesundheitliche Probleme zu entwickeln. Es ist daher wichtig, sich vorab eingehend \u00fcber solche Aspekte zu informieren. Eine <\/span><span style=\"font-weight: 400;\">Hundekrankenversicherung<\/span><span style=\"font-weight: 400;\"> ist immer sinnvoll, um sich im Ernstfall vor hohen Kosten zu sch\u00fctzen.<\/span><\/p>\n\n<div class=\"banner\">\n    <a href=\"https:\/\/uelzener.de\/hund\/hunde-krankenversicherung\/?agt=0000104925&sem=true&utm_medium=magazin&utm_source=wordpress&utm_campaign=hund_kv&utm_content=banner\">\n        <img decoding=\"async\" width=\"300\" height=\"212\" src=\"https:\/\/uelzener.de\/magazin\/app\/uploads\/2025\/01\/Hunde-Kranken-Versicherung.jpg\" class=\"attachment-medium size-medium\" alt=\"Banner Hunde-Kranken-Versicherung\" \/>    <\/a>\n<\/div>\n\n<h3>Sind Hunde, die nicht haaren, teurer als andere Hunde?<\/h3>\n<p><span style=\"font-weight: 400;\">Wenn sie teurer sind, dann nicht aufgrund des Umstands, dass sie weniger haaren. Vielmehr spielen die Herkunft und die konkrete Rasse eine Rolle. Seltene oder sehr gefragte Hunderassen und solche, die aus spezialisierten Zuchten stammen, kosten oft mehr.\u00a0<\/span><\/p>\n<h3>Kann man Haarausfall bei Hunden vollst\u00e4ndig verhindern?<\/h3>\n<p><span style=\"font-weight: 400;\">Nein, da das Haaren ein nat\u00fcrlicher und notwendiger Prozess ist. Allerdings kann man durch regelm\u00e4\u00dfige Fellpflege in Form von B\u00fcrsten, K\u00e4mmen, Scheren oder Trimmen verhindern, dass zu viele lose Haare in der Gegend herumfliegen, und auf diese Weise den Haushalt sauberer halten. <\/span><\/p>\n","protected":false},"excerpt":{"rendered":"<p>Viele Menschen mit Hunden kennen das Problem: Kaum ist man mit dem Staubsauger durch das Haus oder die Wohnung gewirbelt und erfreut sich am sauberen Boden, fallen auch schon die ersten Hundehaare hernieder. Gerade zur Zeit des Fellwechsels scheint es unm\u00f6glich zu sein, Fl\u00e4chen l\u00e4ngere Zeit frei von den Haaren des geliebten Vierbeiners zu halten. [&hellip;]<\/p>\n","protected":false},"author":11,"featured_media":17551,"parent":2475,"menu_order":5,"comment_status":"closed","ping_status":"closed","template":"templates\/blog.php","meta":{"_acf_changed":false,"_crdt_document":"","footnotes":"","beyondwords_generate_audio":"","beyondwords_project_id":"","beyondwords_content_id":"","beyondwords_preview_token":"","beyondwords_player_style":"","beyondwords_language_id":"","beyondwords_title_voice_id":"","beyondwords_body_voice_id":"","beyondwords_summary_voice_id":"","beyondwords_error_message":"","beyondwords_disabled":"","beyondwords_delete_content":"","beyondwords_podcast_id":"","beyondwords_hash":"","publish_post_to_speechkit":"","speechkit_hash":"","speechkit_generate_audio":"","speechkit_project_id":"","speechkit_podcast_id":"","speechkit_error_message":"","speechkit_disabled":"","speechkit_access_key":"","speechkit_error":"","speechkit_info":"","speechkit_response":"","speechkit_retries":"","speechkit_status":"","speechkit_updated_at":"","_speechkit_link":"","_speechkit_text":""},"class_list":["post-17550","page","type-page","status-publish","has-post-thumbnail","hentry"],"acf":[],"yoast_head":"<!-- This site is optimized with the Yoast SEO Premium plugin  - https:\/\/yoast.com\/product\/yoast-seo-premium-wordpress\/ -->\n<title>Hunde, die nicht haaren: Weniger putzen, mehr kuscheln | Uelzener Magazin<\/title>\n<meta name=\"description\" content=\"Es gibt Hunderassen, die allgemein als nicht haarend bezeichnet werden. Welche das sind und worauf bei der Haltung nicht haarender Hunde zu achten ist, erkl\u00e4ren wir in diesem Artikel.\" \/>\n<meta name=\"robots\" content=\"index, follow, max-snippet:-1, max-image-preview:large, max-video-preview:-1\" \/>\n<link rel=\"canonical\" href=\"https:\/\/uelzener.de\/magazin\/hund\/rasseportrait\/hunde-die-nicht-haaren\/\" \/>\n<meta property=\"og:locale\" content=\"de_DE\" \/>\n<meta property=\"og:type\" content=\"article\" \/>\n<meta property=\"og:title\" content=\"Hunde, die nicht haaren: Weniger putzen, mehr kuscheln\" \/>\n<meta property=\"og:description\" content=\"Es gibt Hunderassen, die allgemein als nicht haarend bezeichnet werden. Welche das sind und worauf bei der Haltung nicht haarender Hunde zu achten ist, erkl\u00e4ren wir in diesem Artikel.\" \/>\n<meta property=\"og:url\" content=\"https:\/\/uelzener.de\/magazin\/hund\/rasseportrait\/hunde-die-nicht-haaren\/\" \/>\n<meta property=\"og:site_name\" content=\"Uelzener Tier-Magazin\" \/>\n<meta property=\"article:publisher\" content=\"https:\/\/www.facebook.com\/Uelzener\" \/>\n<meta property=\"article:modified_time\" content=\"2024-07-01T13:19:05+00:00\" \/>\n<meta property=\"og:image\" content=\"https:\/\/uelzener.de\/magazin\/app\/uploads\/2024\/06\/nicht-haarende-hunde-havanser.jpg\" \/>\n\t<meta property=\"og:image:width\" content=\"1025\" \/>\n\t<meta property=\"og:image:height\" content=\"450\" \/>\n\t<meta property=\"og:image:type\" content=\"image\/jpeg\" \/>\n<meta name=\"twitter:card\" content=\"summary_large_image\" \/>\n<meta name=\"twitter:label1\" content=\"Gesch\u00e4tzte Lesezeit\" \/>\n\t<meta name=\"twitter:data1\" content=\"7\u00a0Minuten\" \/>\n<script type=\"application\/ld+json\" class=\"yoast-schema-graph\">{\"@context\":\"https:\/\/schema.org\",\"@graph\":[{\"@type\":\"WebPage\",\"@id\":\"https:\/\/uelzener.de\/magazin\/hund\/rasseportrait\/hunde-die-nicht-haaren\/\",\"url\":\"https:\/\/uelzener.de\/magazin\/hund\/rasseportrait\/hunde-die-nicht-haaren\/\",\"name\":\"Hunde, die nicht haaren: Weniger putzen, mehr kuscheln | Uelzener Magazin\",\"isPartOf\":{\"@id\":\"https:\/\/uelzener.de\/magazin\/#website\"},\"primaryImageOfPage\":{\"@id\":\"https:\/\/uelzener.de\/magazin\/hund\/rasseportrait\/hunde-die-nicht-haaren\/#primaryimage\"},\"image\":{\"@id\":\"https:\/\/uelzener.de\/magazin\/hund\/rasseportrait\/hunde-die-nicht-haaren\/#primaryimage\"},\"thumbnailUrl\":\"https:\/\/uelzener.de\/magazin\/app\/uploads\/2024\/06\/nicht-haarende-hunde-havanser.jpg\",\"datePublished\":\"2024-07-01T08:00:29+00:00\",\"dateModified\":\"2024-07-01T13:19:05+00:00\",\"description\":\"Es gibt Hunderassen, die allgemein als nicht haarend bezeichnet werden. Welche das sind und worauf bei der Haltung nicht haarender Hunde zu achten ist, erkl\u00e4ren wir in diesem Artikel.\",\"breadcrumb\":{\"@id\":\"https:\/\/uelzener.de\/magazin\/hund\/rasseportrait\/hunde-die-nicht-haaren\/#breadcrumb\"},\"inLanguage\":\"de\",\"potentialAction\":[{\"@type\":\"ReadAction\",\"target\":[\"https:\/\/uelzener.de\/magazin\/hund\/rasseportrait\/hunde-die-nicht-haaren\/\"]}]},{\"@type\":\"ImageObject\",\"inLanguage\":\"de\",\"@id\":\"https:\/\/uelzener.de\/magazin\/hund\/rasseportrait\/hunde-die-nicht-haaren\/#primaryimage\",\"url\":\"https:\/\/uelzener.de\/magazin\/app\/uploads\/2024\/06\/nicht-haarende-hunde-havanser.jpg\",\"contentUrl\":\"https:\/\/uelzener.de\/magazin\/app\/uploads\/2024\/06\/nicht-haarende-hunde-havanser.jpg\",\"width\":1025,\"height\":450,\"caption\":\"Havaneser geh\u00f6ren zu den nicht haarenden Hunden.\"},{\"@type\":\"WebSite\",\"@id\":\"https:\/\/uelzener.de\/magazin\/#website\",\"url\":\"https:\/\/uelzener.de\/magazin\/\",\"name\":\"Uelzener Tiermagazin\",\"description\":\"Online Tierratgeber der Uelzener Versicherungen\",\"publisher\":{\"@id\":\"https:\/\/uelzener.de\/magazin\/#organization\"},\"potentialAction\":[{\"@type\":\"SearchAction\",\"target\":{\"@type\":\"EntryPoint\",\"urlTemplate\":\"https:\/\/uelzener.de\/magazin\/?s={search_term_string}\"},\"query-input\":{\"@type\":\"PropertyValueSpecification\",\"valueRequired\":true,\"valueName\":\"search_term_string\"}}],\"inLanguage\":\"de\"},{\"@type\":\"Organization\",\"@id\":\"https:\/\/uelzener.de\/magazin\/#organization\",\"name\":\"Uelzener Versicherungen\",\"url\":\"https:\/\/uelzener.de\/magazin\/\",\"logo\":{\"@type\":\"ImageObject\",\"inLanguage\":\"de\",\"@id\":\"https:\/\/uelzener.de\/magazin\/#\/schema\/logo\/image\/\",\"url\":\"https:\/\/uelzener.de\/magazin\/app\/uploads\/2024\/11\/uelzener_allgemeine_versicherungsgesellschaft_a_g_logo.jpg\",\"contentUrl\":\"https:\/\/uelzener.de\/magazin\/app\/uploads\/2024\/11\/uelzener_allgemeine_versicherungsgesellschaft_a_g_logo.jpg\",\"width\":200,\"height\":200,\"caption\":\"Uelzener Versicherungen\"},\"image\":{\"@id\":\"https:\/\/uelzener.de\/magazin\/#\/schema\/logo\/image\/\"},\"sameAs\":[\"https:\/\/www.facebook.com\/Uelzener\",\"https:\/\/instagram.com\/uelzener\",\"https:\/\/www.xing.com\/pages\/uelzenerallgemeineversicherungs-gesellschafta-g\",\"https:\/\/www.youtube.com\/UelzenerVersicherungen\"]}]}<\/script>\n<!-- \/ Yoast SEO Premium plugin. -->","yoast_head_json":{"title":"Hunde, die nicht haaren: Weniger putzen, mehr kuscheln | Uelzener Magazin","description":"Es gibt Hunderassen, die allgemein als nicht haarend bezeichnet werden. Welche das sind und worauf bei der Haltung nicht haarender Hunde zu achten ist, erkl\u00e4ren wir in diesem Artikel.","robots":{"index":"index","follow":"follow","max-snippet":"max-snippet:-1","max-image-preview":"max-image-preview:large","max-video-preview":"max-video-preview:-1"},"canonical":"https:\/\/uelzener.de\/magazin\/hund\/rasseportrait\/hunde-die-nicht-haaren\/","og_locale":"de_DE","og_type":"article","og_title":"Hunde, die nicht haaren: Weniger putzen, mehr kuscheln","og_description":"Es gibt Hunderassen, die allgemein als nicht haarend bezeichnet werden. Welche das sind und worauf bei der Haltung nicht haarender Hunde zu achten ist, erkl\u00e4ren wir in diesem Artikel.","og_url":"https:\/\/uelzener.de\/magazin\/hund\/rasseportrait\/hunde-die-nicht-haaren\/","og_site_name":"Uelzener Tier-Magazin","article_publisher":"https:\/\/www.facebook.com\/Uelzener","article_modified_time":"2024-07-01T13:19:05+00:00","og_image":[{"width":1025,"height":450,"url":"https:\/\/uelzener.de\/magazin\/app\/uploads\/2024\/06\/nicht-haarende-hunde-havanser.jpg","type":"image\/jpeg"}],"twitter_card":"summary_large_image","twitter_misc":{"Gesch\u00e4tzte Lesezeit":"7\u00a0Minuten"},"schema":{"@context":"https:\/\/schema.org","@graph":[{"@type":"WebPage","@id":"https:\/\/uelzener.de\/magazin\/hund\/rasseportrait\/hunde-die-nicht-haaren\/","url":"https:\/\/uelzener.de\/magazin\/hund\/rasseportrait\/hunde-die-nicht-haaren\/","name":"Hunde, die nicht haaren: Weniger putzen, mehr kuscheln | Uelzener Magazin","isPartOf":{"@id":"https:\/\/uelzener.de\/magazin\/#website"},"primaryImageOfPage":{"@id":"https:\/\/uelzener.de\/magazin\/hund\/rasseportrait\/hunde-die-nicht-haaren\/#primaryimage"},"image":{"@id":"https:\/\/uelzener.de\/magazin\/hund\/rasseportrait\/hunde-die-nicht-haaren\/#primaryimage"},"thumbnailUrl":"https:\/\/uelzener.de\/magazin\/app\/uploads\/2024\/06\/nicht-haarende-hunde-havanser.jpg","datePublished":"2024-07-01T08:00:29+00:00","dateModified":"2024-07-01T13:19:05+00:00","description":"Es gibt Hunderassen, die allgemein als nicht haarend bezeichnet werden. Welche das sind und worauf bei der Haltung nicht haarender Hunde zu achten ist, erkl\u00e4ren wir in diesem Artikel.","breadcrumb":{"@id":"https:\/\/uelzener.de\/magazin\/hund\/rasseportrait\/hunde-die-nicht-haaren\/#breadcrumb"},"inLanguage":"de","potentialAction":[{"@type":"ReadAction","target":["https:\/\/uelzener.de\/magazin\/hund\/rasseportrait\/hunde-die-nicht-haaren\/"]}]},{"@type":"ImageObject","inLanguage":"de","@id":"https:\/\/uelzener.de\/magazin\/hund\/rasseportrait\/hunde-die-nicht-haaren\/#primaryimage","url":"https:\/\/uelzener.de\/magazin\/app\/uploads\/2024\/06\/nicht-haarende-hunde-havanser.jpg","contentUrl":"https:\/\/uelzener.de\/magazin\/app\/uploads\/2024\/06\/nicht-haarende-hunde-havanser.jpg","width":1025,"height":450,"caption":"Havaneser geh\u00f6ren zu den nicht haarenden Hunden."},{"@type":"WebSite","@id":"https:\/\/uelzener.de\/magazin\/#website","url":"https:\/\/uelzener.de\/magazin\/","name":"Uelzener Tiermagazin","description":"Online Tierratgeber der Uelzener Versicherungen","publisher":{"@id":"https:\/\/uelzener.de\/magazin\/#organization"},"potentialAction":[{"@type":"SearchAction","target":{"@type":"EntryPoint","urlTemplate":"https:\/\/uelzener.de\/magazin\/?s={search_term_string}"},"query-input":{"@type":"PropertyValueSpecification","valueRequired":true,"valueName":"search_term_string"}}],"inLanguage":"de"},{"@type":"Organization","@id":"https:\/\/uelzener.de\/magazin\/#organization","name":"Uelzener Versicherungen","url":"https:\/\/uelzener.de\/magazin\/","logo":{"@type":"ImageObject","inLanguage":"de","@id":"https:\/\/uelzener.de\/magazin\/#\/schema\/logo\/image\/","url":"https:\/\/uelzener.de\/magazin\/app\/uploads\/2024\/11\/uelzener_allgemeine_versicherungsgesellschaft_a_g_logo.jpg","contentUrl":"https:\/\/uelzener.de\/magazin\/app\/uploads\/2024\/11\/uelzener_allgemeine_versicherungsgesellschaft_a_g_logo.jpg","width":200,"height":200,"caption":"Uelzener Versicherungen"},"image":{"@id":"https:\/\/uelzener.de\/magazin\/#\/schema\/logo\/image\/"},"sameAs":["https:\/\/www.facebook.com\/Uelzener","https:\/\/instagram.com\/uelzener","https:\/\/www.xing.com\/pages\/uelzenerallgemeineversicherungs-gesellschafta-g","https:\/\/www.youtube.com\/UelzenerVersicherungen"]}]}},"_links":{"self":[{"href":"https:\/\/uelzener.de\/magazin\/wp-json\/wp\/v2\/pages\/17550","targetHints":{"allow":["GET"]}}],"collection":[{"href":"https:\/\/uelzener.de\/magazin\/wp-json\/wp\/v2\/pages"}],"about":[{"href":"https:\/\/uelzener.de\/magazin\/wp-json\/wp\/v2\/types\/page"}],"author":[{"embeddable":true,"href":"https:\/\/uelzener.de\/magazin\/wp-json\/wp\/v2\/users\/11"}],"replies":[{"embeddable":true,"href":"https:\/\/uelzener.de\/magazin\/wp-json\/wp\/v2\/comments?post=17550"}],"version-history":[{"count":3,"href":"https:\/\/uelzener.de\/magazin\/wp-json\/wp\/v2\/pages\/17550\/revisions"}],"predecessor-version":[{"id":17872,"href":"https:\/\/uelzener.de\/magazin\/wp-json\/wp\/v2\/pages\/17550\/revisions\/17872"}],"up":[{"embeddable":true,"href":"https:\/\/uelzener.de\/magazin\/wp-json\/wp\/v2\/pages\/2475"}],"wp:featuredmedia":[{"embeddable":true,"href":"https:\/\/uelzener.de\/magazin\/wp-json\/wp\/v2\/media\/17551"}],"wp:attachment":[{"href":"https:\/\/uelzener.de\/magazin\/wp-json\/wp\/v2\/media?parent=17550"}],"curies":[{"name":"wp","href":"https:\/\/api.w.org\/{rel}","templated":true}]}}