{"id":17489,"date":"2024-06-10T14:15:10","date_gmt":"2024-06-10T12:15:10","guid":{"rendered":"https:\/\/uelzener.de\/magazin\/?page_id=17489"},"modified":"2024-06-10T14:15:10","modified_gmt":"2024-06-10T12:15:10","slug":"diy-hufoel-natuerliche-hufpflege-selber-machen","status":"publish","type":"page","link":"https:\/\/uelzener.de\/magazin\/pferd\/pflege\/diy-hufoel-natuerliche-hufpflege-selber-machen\/","title":{"rendered":"DIY Huf\u00f6l: Nat\u00fcrliche Hufpflege selber machen"},"content":{"rendered":"<p><span style=\"font-weight: 400;\">Eine englische Redewendung besagt: ,,No hoof &#8211; no horse\u2019\u2019. Sie unterstreicht damit die Bedeutung gesunder Pferdehufe f\u00fcr das Wohlergehen unserer geliebten Vierbeiner. Eine regelm\u00e4\u00dfige Pflege bildet die Basis, um Hufproblemen vorzubeugen. Ein wesentlicher Schritt in der Routine vieler Pferdehalterinnen und Pferdehalter ist die Anwendung von Huf\u00f6l. Der Markt bietet eine Vielfalt an teuren Produkten, die oft synthetische Stoffe enthalten. Besser ist es jedoch, auf selbst hergestelltes Huf\u00f6l als kosteng\u00fcnstigere und nachhaltigere Alternative zur\u00fcckzugreifen. In diesem Artikel erkl\u00e4ren wir, welche Aspekte es bei der Herstellung, Anwendung und Aufbewahrung von Huf\u00f6l zu beachten gibt und worauf es dar\u00fcber hinaus f\u00fcr den Erhalt gesunder Hufe ankommt.<\/span><\/p>\n<h2>Was spricht daf\u00fcr, Huf\u00f6l selber herzustellen?<\/h2>\n<p><span style=\"font-weight: 400;\">Huf\u00f6l selbst zu machen, bringt gleich mehrere Vorteile mit sich. Wir geben einen \u00dcberblick \u00fcber die wichtigsten Vorz\u00fcge:<\/span><\/p>\n<ul>\n<li style=\"font-weight: 400;\" aria-level=\"1\"><b>Zusammensetzung: <\/b><span style=\"font-weight: 400;\">Du wei\u00dft genau, was in deinem Huf\u00f6l enthalten ist, und kannst auf unn\u00f6tige Zus\u00e4tze verzichten. Zudem hast du die M\u00f6glichkeit, das \u00d6l nach Belieben anzupassen.<\/span><\/li>\n<li style=\"font-weight: 400;\" aria-level=\"1\"><b>Kostenersparnis: <\/b><span style=\"font-weight: 400;\">Huf\u00f6l selbst zu machen, ist in der Regel g\u00fcnstiger, als fertige Produkte aus dem Handel zu kaufen.<\/span><\/li>\n<li style=\"font-weight: 400;\" aria-level=\"1\"><b>Nachhaltigkeit: <\/b><span style=\"font-weight: 400;\">Huf\u00f6le werden oft in Kunststoffverpackungen verkauft. Mitunter liegt sogar ein Plastikpinsel f\u00fcr den Auftrag bei. F\u00fcr dein selbstgemachtes \u00d6l kannst du auf wiederverwendbare Verpackungen zur\u00fcckgreifen, beispielsweise eine alte Glasflasche. So entsteht kein unn\u00f6tiger M\u00fcll.<\/span><\/li>\n<\/ul>\n<p><span style=\"font-weight: 400;\">Mit selbstgemachtem Huf\u00f6l tust du also nicht nur deinem Pferd etwas Gutes, sondern schonst auch deinen Geldbeutel und die Umwelt.<\/span><\/p>\n<h2>Unser Grundrezept f\u00fcr DIY-Huf\u00f6l<\/h2>\n<p><span style=\"font-weight: 400;\">Die Herstellung von Huf\u00f6l ist relativ unkompliziert. Hier ist ein einfaches Grundrezept, das du den Bed\u00fcrfnissen deines Pferdes anpassen kannst.<\/span><\/p>\n<p><span style=\"font-weight: 400;\">Es werden nur drei Zutaten ben\u00f6tigt:<\/span><\/p>\n<ol>\n<li style=\"font-weight: 400;\" aria-level=\"1\"><b>Pflanzen\u00f6l<\/b><span style=\"font-weight: 400;\">: In unserem Rezept werden 500 ml Sonnenblumen\u00f6l verwendet. Du kannst es auch durch andere \u00d6le auf Pflanzenbasis ersetzen, zum Beispiel Oliven- oder Kokos\u00f6l.<\/span><\/li>\n<li style=\"font-weight: 400;\" aria-level=\"1\"><b>Eine Packung Lorbeerbl\u00e4tter<\/b><span style=\"font-weight: 400;\">: Echter Lorbeer ist ein Hausmittel f\u00fcr die Pflege von Pferdehufen und in vielen nat\u00fcrlichen Produkten f\u00fcr die Hufpflege enthalten.<\/span><\/li>\n<li style=\"font-weight: 400;\" aria-level=\"1\"><b>Zwei Zwiebeln<\/b><span style=\"font-weight: 400;\">: Die Zwiebeln verleihen dem Huf einen sch\u00f6nen Glanz.<\/span><\/li>\n<\/ol>\n<p><span style=\"font-weight: 400;\">Als Zusatz k\u00f6nnen auch \u00e4therische \u00d6le verwendet werden, zum Beispiel Lavendel\u00f6l, das noch dazu einen angenehmen Duft mitbringt.<\/span><\/p>\n<h2>Die Zubereitung<\/h2>\n<p><span style=\"font-weight: 400;\">Zuerst werden die Zwiebeln geschnitten und die Lorbeerbl\u00e4tter gehackt. Dann gibst du alles zusammen mit dem \u00d6l in einen Topf. Nun kochst du die Mischung einmal auf. Anschlie\u00dfend sollten die Zutaten ein bis zwei Stunden auf niedriger Stufe k\u00f6cheln, damit sie ihre Inhaltsstoffe an das \u00d6l abgeben k\u00f6nnen.<\/span><\/p>\n<p><span style=\"font-weight: 400;\">Sobald die Zwiebeln braun werden, siebst du das Gemisch ab und f\u00fcllst es in ein Gef\u00e4\u00df zur Aufbewahrung um. Vor der Verwendung sollte das \u00d6l vollst\u00e4ndig abk\u00fchlen.<\/span><\/p>\n<h2>Anwendungsbereiche von Huf\u00f6l<\/h2>\n<p><span style=\"font-weight: 400;\">Huf\u00f6l dient in erster Linie der Pflege des Pferdehufs und wird in dem Zusammenhang zu verschiedenen Zwecken eingesetzt. Hier sind einige Anwendungsbereiche:<\/span><\/p>\n<ul>\n<li style=\"font-weight: 400;\" aria-level=\"1\"><b>Versiegelungseffekt: <\/b><span style=\"font-weight: 400;\">Vor allem in den nasskalten Herbst- und Wintermonaten besteht die Gefahr, dass der Huf durch zu viel Feuchtigkeit aufweicht. Dadurch k\u00f6nnen Bakterien leichter hineindringen. Ein Huf\u00f6l kann das verhindern, indem es wie ein Schutzfilm fungiert. Dazu wird es auf den trockenen, gereinigten Huf aufgetragen.<\/span><\/li>\n<li style=\"font-weight: 400;\" aria-level=\"1\"><b>Feuchtigkeit einschlie\u00dfen: <\/b><span style=\"font-weight: 400;\">Ausgetrocknete Hufe k\u00f6nnen einrei\u00dfen, splittern und sich verformen. Zur Linderung kann der Huf gr\u00fcndlich gereinigt, f\u00fcr circa 15 Minuten in Wasser gestellt und dann mit Huf\u00f6l versiegelt werden, damit die Feuchtigkeit besser eindringen kann. Insbesondere der Kronrand sollte gr\u00fcndlich befeuchtet und einge\u00f6lt werden, da von dort aus das Horn w\u00e4chst.<\/span><\/li>\n<li style=\"font-weight: 400;\" aria-level=\"1\"><b>Schutz vor Salzen: <\/b><span style=\"font-weight: 400;\">Im Winter kann Huf\u00f6l eingesetzt werden, um den Huf vor aggressivem Streusalz zu sch\u00fctzen.\u00a0<\/span><\/li>\n<li style=\"font-weight: 400;\" aria-level=\"1\"><b>Optik: <\/b><span style=\"font-weight: 400;\">Vor Turnieren und Pr\u00fcfungen wird Huf\u00f6l genutzt, um die Hufe zum Gl\u00e4nzen zu bringen. Huf\u00f6l nur aus optischen Gr\u00fcnden aufzutragen, sollte jedoch ein Ausnahmefall bleiben.<\/span><\/li>\n<\/ul>\n<p><span style=\"font-weight: 400;\">Du solltest regelm\u00e4\u00dfig \u00fcberpr\u00fcfen, wie sich der Einsatz von Huf\u00f6l auf die Hufe deines Pferdes auswirkt. Werden die Hufe weich, rissig oder spr\u00f6de, musst du die H\u00e4ufigkeit der Anwendung reduzieren oder den Gebrauch erst einmal ganz einstellen. Andernfalls besteht die Gefahr, dass die nat\u00fcrliche Schutzbarriere des Hufs gest\u00f6rt wird.\u00a0<\/span><\/p>\n<p><span style=\"font-weight: 400;\">Im Allgemeinen gilt: Zu h\u00e4ufiges \u00d6len von Hufen, die es nicht brauchen, ist genau so sch\u00e4dlich wie das \u00d6len zu vernachl\u00e4ssigen, wenn die Hufe es eigentlich n\u00f6tig h\u00e4tten.\u00a0<\/span><\/p>\n<h2>Hinweise zur Aufbewahrung und Haltbarkeit<\/h2>\n<p><span style=\"font-weight: 400;\">Bewahre das Huf\u00f6l am besten dunkel und k\u00fchl in einem luftdichten Beh\u00e4lter auf, damit es so lange wie m\u00f6glich haltbar bleibt. Altglas, Apothekerfl\u00e4schchen oder ein leerer Huf\u00f6l-Becher eignen sich sehr gut daf\u00fcr.\u00a0<\/span><\/p>\n<p><span style=\"font-weight: 400;\">Die durchschnittliche Haltbarkeit eines Huf\u00f6ls\u00a0 liegt, je nach Zusammensetzung, bei ein bis zwei Jahren. Es ist ratsam, das \u00d6l regelm\u00e4\u00dfig auf Anzeichen von Verderb zu \u00fcberpr\u00fcfen, indem du den Geruch kontrollierst und die Konsistenz in Augenschein nimmst. Riecht das \u00d6l ranzig oder f\u00e4ngt an, sich zu zersetzen, solltest du es nicht mehr verwenden. So stellst du sicher, stets ein einwandfreies Pflegeprodukt f\u00fcr die Hufe deines Pferdes zu verwenden.<\/span><\/p>\n<h2>Weitere Ma\u00dfnahmen zum Erhalt der Hufgesundheit<\/h2>\n<p><span style=\"font-weight: 400;\">F\u00fcr gesunde Hufe ist zun\u00e4chst einmal eine artgerechte, korrekte Haltung von Bedeutung. Sorge daf\u00fcr, dass die Box oder der Paddock, auf dem dein Pferd steht, regelm\u00e4\u00dfig gereinigt wird und trocken ist. Kot und Urin k\u00f6nnen das Horn angreifen und das Risiko f\u00fcr <a href=\"https:\/\/uelzener.de\/magazin\/pferd\/tiergesundheit\/strahlfaeule-pferd\/\" target=\"_blank\" rel=\"noopener\">Strahlf\u00e4ule<\/a> erh\u00f6hen.<\/span><\/p>\n<p><span style=\"font-weight: 400;\"><a href=\"https:\/\/uelzener.de\/magazin\/pferd\/ernaehrung\/was-fressen-pferde\/\" target=\"_blank\" rel=\"noopener\">Eine pferdegerechte Ern\u00e4hrung<\/a> tr\u00e4gt ebenfalls zur Gesundheit der Hufe bei. Sollte die N\u00e4hrstoffversorgung durch das t\u00e4gliche Futter nicht ausreichen, kann eine Supplementierung von Mineralstoffen und Vitaminen, beispielsweise Biotin, dabei helfen, das Hornwachstum zu f\u00f6rdern. Ob eine Supplementierung sinnvoll ist, besprichst du am besten mit deinem Tierarzt oder deiner Tier\u00e4rztin.<\/span><\/p>\n<p><span style=\"font-weight: 400;\">Auch gen\u00fcgend Bewegung leistet einen wichtigen Beitrag. Sie regt die Blutzirkulation in den Hufen an, was die Versorgung der Zellen mit N\u00e4hrstoffen und Sauerstoff beg\u00fcnstigt. Zudem wird durch eine gute Durchblutung das Hornwachstum unterst\u00fctzt und dessen Struktur gest\u00e4rkt. Bewegungsmangel kann dagegen diverse Probleme mit sich bringen, beispielsweise Sehnensch\u00e4den, <a href=\"https:\/\/uelzener.de\/magazin\/pferd\/tiergesundheit\/arthrose-beim-pferd\/\" target=\"_blank\" rel=\"noopener\">Gelenkerkrankungen<\/a> oder einen beeintr\u00e4chtigten Hufmechanismus.<\/span><\/p>\n<p><span style=\"font-weight: 400;\">Nicht zuletzt ist das regelm\u00e4\u00dfige und richtige Behufen von Bedeutung. Alle 4-8 Wochen, abh\u00e4ngig vom Hornwachstum, dem Beschlag und der allgemeinen Hufgesundheit, sollte sich ein Hufschmied oder eine Hufschmiedin der Hufkorrektur deines Pferdes annehmen. Dabei werden das Wachstum kontrolliert, die Hufe getrimmt und Beschl\u00e4ge angepasst.<\/span><\/p>\n<p><span style=\"font-weight: 400;\">Trotz aller Vorsicht und guter Pflege kann es dennoch zu Hufproblemen beim Pferd kommen. Um sich im Fall der F\u00e4lle keine Sorgen um die anfallenden Kosten f\u00fcr eine Behandlung machen zu m\u00fcssen, ist es ratsam, eine <\/span><span style=\"font-weight: 400;\">Pferdekrankenversicherung<\/span><span style=\"font-weight: 400;\"> abzuschlie\u00dfen, die die Kosten f\u00fcr veterin\u00e4rmedizinische Leistungen abdeckt. So kannst du sicher sein, dass dein Vierbeiner die bestm\u00f6gliche Versorgung erh\u00e4lt, ohne eine finanzielle Belastung f\u00fcrchten zu m\u00fcssen.<\/span><\/p>\n\n<div class=\"banner\">\n    <a href=\"https:\/\/uelzener.de\/pferd\/herden-versicherung\/?agt=0000104925&sem=true&utm_medium=magazin&utm_source=wordpress&utm_campaign=pferd_kv&utm_content=banner    \">\n        <img decoding=\"async\" width=\"300\" height=\"212\" src=\"https:\/\/uelzener.de\/magazin\/app\/uploads\/2025\/01\/Pferde-Kranken-Versicherung.jpg\" class=\"attachment-medium size-medium\" alt=\"Banner Pferde-Kranken-Versicherung\" \/>    <\/a>\n<\/div>\n\n<h2>Fazit<\/h2>\n<p><span style=\"font-weight: 400;\">DIY-Huf\u00f6l ist eine kosteng\u00fcnstigere, transparentere und nachhaltigere Alternative zu kommerziellen Produkten. Du hast volle Kontrolle \u00fcber die Zutaten und kannst sicherstellen, dass nur einwandfreie und unbedenkliche Inhaltsstoffe enthalten sind. Die richtige Lagerung und Anwendung sind entscheidend, um die Hufe optimal zu pflegen. Da nicht jedes Pferd die gleiche Pflege ben\u00f6tigt, ist es wichtig, die individuellen Bed\u00fcrfnisse deines Tieres zu ber\u00fccksichtigen und eine Routine zu entwickeln, die euch beiden gut tut.<\/span><\/p>\n<h2>FAQ: H\u00e4ufig gestellte Fragen zum Thema Hufpflege<\/h2>\n<h3>Gibt es jahreszeitenabh\u00e4ngige Unterschiede in der Hufpflege?<\/h3>\n<p><span style=\"font-weight: 400;\">Ja, die Hufpflege kann je nach Jahreszeit variieren. \u00dcblicherweise wachsen Hufe im Sommer schneller als im Winter, wodurch sie \u00f6fter in Form gebracht werden m\u00fcssen. Im Winter und im Herbst gilt es vor allem, den Huf vor K\u00e4lte und N\u00e4sse zu sch\u00fctzen. Viele Pferde neigen grunds\u00e4tzlich zu trockenen Hufen, so dass das ganze Jahr \u00fcber entsprechende eine Pflege angewendet werden muss.<\/span><\/p>\n<h3>Worauf muss ich bei der Nutzung kommerzieller Produkte achten?<\/h3>\n<p><span style=\"font-weight: 400;\">Der Gebrauch von selbstgemachtem \u00d6l ist selbstverst\u00e4ndlich kein Muss. Beim Kauf von kommerziellen Huf\u00f6len ist es empfehlenswert, auf m\u00f6glichst nat\u00fcrliche Inhaltsstoffe zu achten. Mineral\u00f6le, Silikone, Duft- oder Konservierungsstoffe sollten nicht enthalten sein.<\/span><\/p>\n<h3>Gibt es Hufkrankheiten, bei denen die Nutzung von Huf\u00f6l kontraproduktiv ist?<\/h3>\n<p><span style=\"font-weight: 400;\">Im Fall einer Hufkrankheit solltest du dich mit deinem Tierarzt oder deiner Tier\u00e4rztin besprechen, welche Art von \u00d6l du nutzen darfst. Auf dem Markt sind spezielle Mittel erh\u00e4ltlich, die f\u00fcr bestimmte Hufkrankheiten entwickelt worden sind.<\/span><\/p>\n","protected":false},"excerpt":{"rendered":"<p>Eine englische Redewendung besagt: ,,No hoof &#8211; no horse\u2019\u2019. Sie unterstreicht damit die Bedeutung gesunder Pferdehufe f\u00fcr das Wohlergehen unserer geliebten Vierbeiner. Eine regelm\u00e4\u00dfige Pflege bildet die Basis, um Hufproblemen vorzubeugen. Ein wesentlicher Schritt in der Routine vieler Pferdehalterinnen und Pferdehalter ist die Anwendung von Huf\u00f6l. Der Markt bietet eine Vielfalt an teuren Produkten, die [&hellip;]<\/p>\n","protected":false},"author":11,"featured_media":17491,"parent":11693,"menu_order":1,"comment_status":"closed","ping_status":"closed","template":"templates\/blog.php","meta":{"_acf_changed":false,"_crdt_document":"","footnotes":"","beyondwords_generate_audio":"","beyondwords_project_id":"","beyondwords_content_id":"","beyondwords_preview_token":"","beyondwords_player_style":"","beyondwords_language_id":"","beyondwords_title_voice_id":"","beyondwords_body_voice_id":"","beyondwords_summary_voice_id":"","beyondwords_error_message":"","beyondwords_disabled":"","beyondwords_delete_content":"","beyondwords_podcast_id":"","beyondwords_hash":"","publish_post_to_speechkit":"","speechkit_hash":"","speechkit_generate_audio":"","speechkit_project_id":"","speechkit_podcast_id":"","speechkit_error_message":"","speechkit_disabled":"","speechkit_access_key":"","speechkit_error":"","speechkit_info":"","speechkit_response":"","speechkit_retries":"","speechkit_status":"","speechkit_updated_at":"","_speechkit_link":"","_speechkit_text":""},"class_list":["post-17489","page","type-page","status-publish","has-post-thumbnail","hentry"],"acf":[],"yoast_head":"<!-- This site is optimized with the Yoast SEO Premium plugin  - https:\/\/yoast.com\/product\/yoast-seo-premium-wordpress\/ -->\n<title>DIY Huf\u00f6l: Nat\u00fcrliche Hufpflege selber machen | Uelzener Magazin<\/title>\n<meta name=\"description\" content=\"No hoof - no horse\u2019\u2019. Eine regelm\u00e4\u00dfige Pflege bildet die Basis, um Hufproblemen vorzubeugen. Ein wesentlicher Schritt ist die Anwendung von Huf\u00f6l. In diesem Artikel erkl\u00e4ren wir, worauf du bei der Herstellung, Anwendung und Aufbewahrung achten musst.\" \/>\n<meta name=\"robots\" content=\"index, follow, max-snippet:-1, max-image-preview:large, max-video-preview:-1\" \/>\n<link rel=\"canonical\" href=\"https:\/\/uelzener.de\/magazin\/pferd\/pflege\/diy-hufoel-natuerliche-hufpflege-selber-machen\/\" \/>\n<meta property=\"og:locale\" content=\"de_DE\" \/>\n<meta property=\"og:type\" content=\"article\" \/>\n<meta property=\"og:title\" content=\"DIY Huf\u00f6l: Nat\u00fcrliche Hufpflege selber machen\" \/>\n<meta property=\"og:description\" content=\"No hoof - no horse\u2019\u2019. Eine regelm\u00e4\u00dfige Pflege bildet die Basis, um Hufproblemen vorzubeugen. Ein wesentlicher Schritt ist die Anwendung von Huf\u00f6l. In diesem Artikel erkl\u00e4ren wir, worauf du bei der Herstellung, Anwendung und Aufbewahrung achten musst.\" \/>\n<meta property=\"og:url\" content=\"https:\/\/uelzener.de\/magazin\/pferd\/pflege\/diy-hufoel-natuerliche-hufpflege-selber-machen\/\" \/>\n<meta property=\"og:site_name\" content=\"Uelzener Tier-Magazin\" \/>\n<meta property=\"article:publisher\" content=\"https:\/\/www.facebook.com\/Uelzener\" \/>\n<meta property=\"og:image\" content=\"https:\/\/uelzener.de\/magazin\/app\/uploads\/2024\/06\/hufoel.jpg\" \/>\n\t<meta property=\"og:image:width\" content=\"1025\" \/>\n\t<meta property=\"og:image:height\" content=\"450\" \/>\n\t<meta property=\"og:image:type\" content=\"image\/jpeg\" \/>\n<meta name=\"twitter:card\" content=\"summary_large_image\" \/>\n<meta name=\"twitter:label1\" content=\"Gesch\u00e4tzte Lesezeit\" \/>\n\t<meta name=\"twitter:data1\" content=\"6\u00a0Minuten\" \/>\n<script type=\"application\/ld+json\" class=\"yoast-schema-graph\">{\"@context\":\"https:\/\/schema.org\",\"@graph\":[{\"@type\":\"WebPage\",\"@id\":\"https:\/\/uelzener.de\/magazin\/pferd\/pflege\/diy-hufoel-natuerliche-hufpflege-selber-machen\/\",\"url\":\"https:\/\/uelzener.de\/magazin\/pferd\/pflege\/diy-hufoel-natuerliche-hufpflege-selber-machen\/\",\"name\":\"DIY Huf\u00f6l: Nat\u00fcrliche Hufpflege selber machen | Uelzener Magazin\",\"isPartOf\":{\"@id\":\"https:\/\/uelzener.de\/magazin\/#website\"},\"primaryImageOfPage\":{\"@id\":\"https:\/\/uelzener.de\/magazin\/pferd\/pflege\/diy-hufoel-natuerliche-hufpflege-selber-machen\/#primaryimage\"},\"image\":{\"@id\":\"https:\/\/uelzener.de\/magazin\/pferd\/pflege\/diy-hufoel-natuerliche-hufpflege-selber-machen\/#primaryimage\"},\"thumbnailUrl\":\"https:\/\/uelzener.de\/magazin\/app\/uploads\/2024\/06\/hufoel.jpg\",\"datePublished\":\"2024-06-10T12:15:10+00:00\",\"description\":\"No hoof - no horse\u2019\u2019. Eine regelm\u00e4\u00dfige Pflege bildet die Basis, um Hufproblemen vorzubeugen. Ein wesentlicher Schritt ist die Anwendung von Huf\u00f6l. In diesem Artikel erkl\u00e4ren wir, worauf du bei der Herstellung, Anwendung und Aufbewahrung achten musst.\",\"breadcrumb\":{\"@id\":\"https:\/\/uelzener.de\/magazin\/pferd\/pflege\/diy-hufoel-natuerliche-hufpflege-selber-machen\/#breadcrumb\"},\"inLanguage\":\"de\",\"potentialAction\":[{\"@type\":\"ReadAction\",\"target\":[\"https:\/\/uelzener.de\/magazin\/pferd\/pflege\/diy-hufoel-natuerliche-hufpflege-selber-machen\/\"]}]},{\"@type\":\"ImageObject\",\"inLanguage\":\"de\",\"@id\":\"https:\/\/uelzener.de\/magazin\/pferd\/pflege\/diy-hufoel-natuerliche-hufpflege-selber-machen\/#primaryimage\",\"url\":\"https:\/\/uelzener.de\/magazin\/app\/uploads\/2024\/06\/hufoel.jpg\",\"contentUrl\":\"https:\/\/uelzener.de\/magazin\/app\/uploads\/2024\/06\/hufoel.jpg\",\"width\":1025,\"height\":450,\"caption\":\"Hufen werden mit Huf\u00f6l eingepinselt.\"},{\"@type\":\"WebSite\",\"@id\":\"https:\/\/uelzener.de\/magazin\/#website\",\"url\":\"https:\/\/uelzener.de\/magazin\/\",\"name\":\"Uelzener Tiermagazin\",\"description\":\"Online Tierratgeber der Uelzener Versicherungen\",\"publisher\":{\"@id\":\"https:\/\/uelzener.de\/magazin\/#organization\"},\"potentialAction\":[{\"@type\":\"SearchAction\",\"target\":{\"@type\":\"EntryPoint\",\"urlTemplate\":\"https:\/\/uelzener.de\/magazin\/?s={search_term_string}\"},\"query-input\":{\"@type\":\"PropertyValueSpecification\",\"valueRequired\":true,\"valueName\":\"search_term_string\"}}],\"inLanguage\":\"de\"},{\"@type\":\"Organization\",\"@id\":\"https:\/\/uelzener.de\/magazin\/#organization\",\"name\":\"Uelzener Versicherungen\",\"url\":\"https:\/\/uelzener.de\/magazin\/\",\"logo\":{\"@type\":\"ImageObject\",\"inLanguage\":\"de\",\"@id\":\"https:\/\/uelzener.de\/magazin\/#\/schema\/logo\/image\/\",\"url\":\"https:\/\/uelzener.de\/magazin\/app\/uploads\/2024\/11\/uelzener_allgemeine_versicherungsgesellschaft_a_g_logo.jpg\",\"contentUrl\":\"https:\/\/uelzener.de\/magazin\/app\/uploads\/2024\/11\/uelzener_allgemeine_versicherungsgesellschaft_a_g_logo.jpg\",\"width\":200,\"height\":200,\"caption\":\"Uelzener Versicherungen\"},\"image\":{\"@id\":\"https:\/\/uelzener.de\/magazin\/#\/schema\/logo\/image\/\"},\"sameAs\":[\"https:\/\/www.facebook.com\/Uelzener\",\"https:\/\/instagram.com\/uelzener\",\"https:\/\/www.xing.com\/pages\/uelzenerallgemeineversicherungs-gesellschafta-g\",\"https:\/\/www.youtube.com\/UelzenerVersicherungen\"]}]}<\/script>\n<!-- \/ Yoast SEO Premium plugin. -->","yoast_head_json":{"title":"DIY Huf\u00f6l: Nat\u00fcrliche Hufpflege selber machen | Uelzener Magazin","description":"No hoof - no horse\u2019\u2019. Eine regelm\u00e4\u00dfige Pflege bildet die Basis, um Hufproblemen vorzubeugen. Ein wesentlicher Schritt ist die Anwendung von Huf\u00f6l. In diesem Artikel erkl\u00e4ren wir, worauf du bei der Herstellung, Anwendung und Aufbewahrung achten musst.","robots":{"index":"index","follow":"follow","max-snippet":"max-snippet:-1","max-image-preview":"max-image-preview:large","max-video-preview":"max-video-preview:-1"},"canonical":"https:\/\/uelzener.de\/magazin\/pferd\/pflege\/diy-hufoel-natuerliche-hufpflege-selber-machen\/","og_locale":"de_DE","og_type":"article","og_title":"DIY Huf\u00f6l: Nat\u00fcrliche Hufpflege selber machen","og_description":"No hoof - no horse\u2019\u2019. Eine regelm\u00e4\u00dfige Pflege bildet die Basis, um Hufproblemen vorzubeugen. Ein wesentlicher Schritt ist die Anwendung von Huf\u00f6l. In diesem Artikel erkl\u00e4ren wir, worauf du bei der Herstellung, Anwendung und Aufbewahrung achten musst.","og_url":"https:\/\/uelzener.de\/magazin\/pferd\/pflege\/diy-hufoel-natuerliche-hufpflege-selber-machen\/","og_site_name":"Uelzener Tier-Magazin","article_publisher":"https:\/\/www.facebook.com\/Uelzener","og_image":[{"width":1025,"height":450,"url":"https:\/\/uelzener.de\/magazin\/app\/uploads\/2024\/06\/hufoel.jpg","type":"image\/jpeg"}],"twitter_card":"summary_large_image","twitter_misc":{"Gesch\u00e4tzte Lesezeit":"6\u00a0Minuten"},"schema":{"@context":"https:\/\/schema.org","@graph":[{"@type":"WebPage","@id":"https:\/\/uelzener.de\/magazin\/pferd\/pflege\/diy-hufoel-natuerliche-hufpflege-selber-machen\/","url":"https:\/\/uelzener.de\/magazin\/pferd\/pflege\/diy-hufoel-natuerliche-hufpflege-selber-machen\/","name":"DIY Huf\u00f6l: Nat\u00fcrliche Hufpflege selber machen | Uelzener Magazin","isPartOf":{"@id":"https:\/\/uelzener.de\/magazin\/#website"},"primaryImageOfPage":{"@id":"https:\/\/uelzener.de\/magazin\/pferd\/pflege\/diy-hufoel-natuerliche-hufpflege-selber-machen\/#primaryimage"},"image":{"@id":"https:\/\/uelzener.de\/magazin\/pferd\/pflege\/diy-hufoel-natuerliche-hufpflege-selber-machen\/#primaryimage"},"thumbnailUrl":"https:\/\/uelzener.de\/magazin\/app\/uploads\/2024\/06\/hufoel.jpg","datePublished":"2024-06-10T12:15:10+00:00","description":"No hoof - no horse\u2019\u2019. Eine regelm\u00e4\u00dfige Pflege bildet die Basis, um Hufproblemen vorzubeugen. Ein wesentlicher Schritt ist die Anwendung von Huf\u00f6l. In diesem Artikel erkl\u00e4ren wir, worauf du bei der Herstellung, Anwendung und Aufbewahrung achten musst.","breadcrumb":{"@id":"https:\/\/uelzener.de\/magazin\/pferd\/pflege\/diy-hufoel-natuerliche-hufpflege-selber-machen\/#breadcrumb"},"inLanguage":"de","potentialAction":[{"@type":"ReadAction","target":["https:\/\/uelzener.de\/magazin\/pferd\/pflege\/diy-hufoel-natuerliche-hufpflege-selber-machen\/"]}]},{"@type":"ImageObject","inLanguage":"de","@id":"https:\/\/uelzener.de\/magazin\/pferd\/pflege\/diy-hufoel-natuerliche-hufpflege-selber-machen\/#primaryimage","url":"https:\/\/uelzener.de\/magazin\/app\/uploads\/2024\/06\/hufoel.jpg","contentUrl":"https:\/\/uelzener.de\/magazin\/app\/uploads\/2024\/06\/hufoel.jpg","width":1025,"height":450,"caption":"Hufen werden mit Huf\u00f6l eingepinselt."},{"@type":"WebSite","@id":"https:\/\/uelzener.de\/magazin\/#website","url":"https:\/\/uelzener.de\/magazin\/","name":"Uelzener Tiermagazin","description":"Online Tierratgeber der Uelzener Versicherungen","publisher":{"@id":"https:\/\/uelzener.de\/magazin\/#organization"},"potentialAction":[{"@type":"SearchAction","target":{"@type":"EntryPoint","urlTemplate":"https:\/\/uelzener.de\/magazin\/?s={search_term_string}"},"query-input":{"@type":"PropertyValueSpecification","valueRequired":true,"valueName":"search_term_string"}}],"inLanguage":"de"},{"@type":"Organization","@id":"https:\/\/uelzener.de\/magazin\/#organization","name":"Uelzener Versicherungen","url":"https:\/\/uelzener.de\/magazin\/","logo":{"@type":"ImageObject","inLanguage":"de","@id":"https:\/\/uelzener.de\/magazin\/#\/schema\/logo\/image\/","url":"https:\/\/uelzener.de\/magazin\/app\/uploads\/2024\/11\/uelzener_allgemeine_versicherungsgesellschaft_a_g_logo.jpg","contentUrl":"https:\/\/uelzener.de\/magazin\/app\/uploads\/2024\/11\/uelzener_allgemeine_versicherungsgesellschaft_a_g_logo.jpg","width":200,"height":200,"caption":"Uelzener Versicherungen"},"image":{"@id":"https:\/\/uelzener.de\/magazin\/#\/schema\/logo\/image\/"},"sameAs":["https:\/\/www.facebook.com\/Uelzener","https:\/\/instagram.com\/uelzener","https:\/\/www.xing.com\/pages\/uelzenerallgemeineversicherungs-gesellschafta-g","https:\/\/www.youtube.com\/UelzenerVersicherungen"]}]}},"_links":{"self":[{"href":"https:\/\/uelzener.de\/magazin\/wp-json\/wp\/v2\/pages\/17489","targetHints":{"allow":["GET"]}}],"collection":[{"href":"https:\/\/uelzener.de\/magazin\/wp-json\/wp\/v2\/pages"}],"about":[{"href":"https:\/\/uelzener.de\/magazin\/wp-json\/wp\/v2\/types\/page"}],"author":[{"embeddable":true,"href":"https:\/\/uelzener.de\/magazin\/wp-json\/wp\/v2\/users\/11"}],"replies":[{"embeddable":true,"href":"https:\/\/uelzener.de\/magazin\/wp-json\/wp\/v2\/comments?post=17489"}],"version-history":[{"count":2,"href":"https:\/\/uelzener.de\/magazin\/wp-json\/wp\/v2\/pages\/17489\/revisions"}],"predecessor-version":[{"id":17492,"href":"https:\/\/uelzener.de\/magazin\/wp-json\/wp\/v2\/pages\/17489\/revisions\/17492"}],"up":[{"embeddable":true,"href":"https:\/\/uelzener.de\/magazin\/wp-json\/wp\/v2\/pages\/11693"}],"wp:featuredmedia":[{"embeddable":true,"href":"https:\/\/uelzener.de\/magazin\/wp-json\/wp\/v2\/media\/17491"}],"wp:attachment":[{"href":"https:\/\/uelzener.de\/magazin\/wp-json\/wp\/v2\/media?parent=17489"}],"curies":[{"name":"wp","href":"https:\/\/api.w.org\/{rel}","templated":true}]}}