{"id":17478,"date":"2024-06-06T13:42:47","date_gmt":"2024-06-06T11:42:47","guid":{"rendered":"https:\/\/uelzener.de\/magazin\/?page_id=17478"},"modified":"2025-08-28T09:58:36","modified_gmt":"2025-08-28T07:58:36","slug":"beruehrungen-zulassen-anti-schreck-ohren-und-koerper","status":"publish","type":"page","link":"https:\/\/uelzener.de\/magazin\/pferd\/erziehung-und-training\/beruehrungen-zulassen-anti-schreck-ohren-und-koerper\/","title":{"rendered":"Ber\u00fchrungen zulassen \u2013 Anti-Schreck: Ohren und K\u00f6rper"},"content":{"rendered":"<p>Wir alle wissen es: Pferde haben ein instinktives Schreckverhalten. Zucken, r\u00fcckw\u00e4rts ausweichen oder den Kopf wegziehen \u2013 dies sind normale Verhaltensweisen, wenn ein Pferd Ohren-scheu ist oder sensibel auf Ber\u00fchrungen am K\u00f6rper reagiert. Das Jungpferd in diesem Video hat bereits erste Basis-Kommunikation \u00fcber die Bodenschule erhalten, ist aber noch empfindlich an Ohren und Rumpf.<\/p>\n<p>Wie du gutes Horsemanship lebst und instinktive \u201eBefindlichkeiten\u201c des Pferdes so ber\u00fccksichtigst, dass es in der Welt der Menschen immer vertrauensvoller und sicherer wird, zeigt dir Peter Kreinberg in diesem Beitrag.<\/p>\n<p dir=\"auto\"><iframe loading=\"lazy\" src=\"\/\/www.youtube.com\/embed\/2kJVJh_Vppw?feature=shared\" width=\"560\" height=\"314\" allowfullscreen=\"allowfullscreen\"><\/iframe><\/p>\n<p>Dieses instinktive Schreckverhalten geschehen aufgrund ungewohnter oder pl\u00f6tzlicher Wahrnehmungsreize wie Ger\u00e4usche, Ber\u00fchrungen oder Bewegungen im Umfeld des Pferdes und k\u00f6nnen energisches Flucht- oder Meideverhalten, Verteidigungs- oder Abwehrreaktionen oder auch ein Versteifen oder Erstarren ausl\u00f6sen. Solche pferdetypischen Reaktionen sind dann nicht selten mit hohem Risiko f\u00fcr Pferdebesitzer, das Pferd selbst und seine Umgebung verbunden.<\/p>\n<h2>Mehr als &#8222;Gew\u00f6hnungs-\u00dcbungen&#8220;<\/h2>\n<p>Am besten schon beim jungen Pferd in der Grundausbildung, aber auch noch bei \u00e4lteren Pferden, kann eine systematische &#8222;Umkonditionierung&#8220; dieses arttypischen Verhaltens erreicht werden.<\/p>\n<p>Dadurch wird die Sicherheit im Umgang bedeutend verbessert. Dieses Training sollte \u00fcber die \u00fcblichen Gew\u00f6hnungs\u00fcbungen hinaus planvoll und systematisch erfolgen. Nur wenn das Pferd kontrolliert und bewusst durch die entsprechenden Lernschritte gef\u00fchrt wird, ist eine dauerhafte Verbesserung der Gelassenheit und Akzeptanz bei solchen Umwelteinfl\u00fcssen m\u00f6glich.<\/p>\n<p>Pferdebesitzer*innen, die ein solches &#8222;Anti-Schreck-Training&#8220; selbst durchf\u00fchren m\u00f6chten, sollten dabei einige wichtige Dinge beachten. Zun\u00e4chst sollte das Pferd durch eine Bodenschulung an der Hand grunds\u00e4tzlich im Halfter oder Knotenhalfter an leichten Signalen kontrollierbar sein, grunds\u00e4tzlich ruhig stehen und ein entsprechendes Grundvertrauen haben. Es sollte in Normalsituationen an der Hand sowohl aufmerksam als auch gelassen sein. Es sollte sich willig vorw\u00e4rts, r\u00fcckw\u00e4rts oder seitw\u00e4rts bewegen lassen und auf sanften Ber\u00fchrungsdruck mit dem K\u00f6rper nachgeben, den Hals seitlich biegen oder absenken. Hat es gelernt, diese Reaktionen auf Wunsch mit entspannter Muskulatur auszuf\u00fchren, dann ist es f\u00fcr die ersten \u00dcbungen des &#8222;Anti-Schreck-Trainings&#8220; gut vorbereitet.<\/p>\n<p>Wird ein Pferd mit Schreck-Reizen konfrontiert, so wird das autonome Nervensystem aktiviert. Es ger\u00e4t unter Stress (Sympathikus). Es baut eine muskul\u00e4re Anspannung, Gegenspannung oder Verspannung auf.<\/p>\n<p>Es versucht, auszuweichen, zu fliehen, sich zu wehren oder es versteift sich oder erstarrt sogar, um sich dem Reiz zu entziehen. Gelingt ihm das, so wird sein Verhalten best\u00e4tigt, es war ja erfolgreich, und solche Reaktionen festigen sich noch mehr.<\/p>\n\n<div class=\"related_articles boxed\">\n    <h2>Mehr zum Thema<\/h2>\n    \n    <div class=\"wrapper\"><div class=\"title align-center\"><h3><a href=\"https:\/\/uelzener.de\/magazin\/pferd\/erziehung-und-training\/horsemanship-mit-dem-pferd-auf-augenhoehe\/\">Horsemanship: Mit dem Pferd auf Augenh\u00f6he<\/a><\/h3><\/div><div class=\"img align-center\"><img decoding=\"async\" width=\"315\" height=\"180\" src=\"https:\/\/uelzener.de\/magazin\/app\/uploads\/2024\/04\/Horsemanship-315x180.jpg\" class=\"attachment-315x180 size-315x180 wp-post-image\" alt=\"Frau Kuschelt ein wei\u00dfes Pferd. Rechts daneben steht ein braunes Pferd.\" \/><\/div><\/div><div class=\"wrapper\"><div class=\"title align-center\"><h3><a href=\"https:\/\/uelzener.de\/magazin\/pferd\/erziehung-und-training\/piaffe\/\">Die Piaffe: Meisterdisziplin der Dressur<\/a><\/h3><\/div><div class=\"img align-center\"><img decoding=\"async\" width=\"315\" height=\"180\" src=\"https:\/\/uelzener.de\/magazin\/app\/uploads\/2024\/10\/piaffe-315x180.jpg\" class=\"attachment-315x180 size-315x180 wp-post-image\" alt=\"Reiterin f\u00fchrt Piaffe vor.\" \/><\/div><\/div><div class=\"wrapper\"><div class=\"title align-center\"><h3><a href=\"https:\/\/uelzener.de\/magazin\/pferd\/erziehung-und-training\/horse-agility-grundlagen-trainingsmethoden\/\">Horse Agility: Grundlagen und Trainingsmethoden<\/a><\/h3><\/div><div class=\"img align-center\"><img decoding=\"async\" width=\"315\" height=\"180\" src=\"https:\/\/uelzener.de\/magazin\/app\/uploads\/2024\/07\/horse-agility-315x180.jpg\" class=\"attachment-315x180 size-315x180 wp-post-image\" alt=\"Pferd beim Horse Agility Training.\" \/><\/div><\/div><\/div>\n\n<h2>Lernsituationen systematisch wiederholen<\/h2>\n<p>Im Anti-Schreck-Training ist es deshalb wichtig, den Reiz zwar etwas zu minimieren, ihn aber aufrechtzuerhalten, bis die Instinktreaktion sich etwas reduziert. Erst dann darf er komplett ausgesetzt werden.<\/p>\n<p>Um die Pferdereaktion moderat zu halten, d\u00fcrfen die entsprechenden Reize nur vorsichtig und anf\u00e4nglich behutsam platziert werden. Dieses Timing ist besonders wichtig &#8211; auch wenn es nicht immer einfach zu praktizieren ist.<\/p>\n<p>Durch Wiederholung der wohl dosierten Reizsetzung mit entsprechendem Timing setzt ein bewusster Lernprozess beim Pferd ein. Es lernt, dass der als unangenehm oder verunsichernd empfundene Reiz trotz Meide- oder Abwehrreaktion nicht g\u00e4nzlich verschwindet.<\/p>\n<p>Es macht die neue Erfahrung, dass der nur verschwindet oder ausgesetzt wird, wenn es inneh\u00e4lt, seine Gegenspannung etwaFlernss minimiert, sich daf\u00fcr interessiert und ihn teilweise akzeptiert. Wiederholt man diese Lernsituationen systematisch und angemessen, so werden sich die \u00dcberreaktionen des Pferdes nach und nach abschw\u00e4chen und es wird dabei immer leichter zu kontrollieren. Um den Lernprozess bis hin zu einer bewussten und zuverl\u00e4ssigen Gelassenheit des Pferdes zu vertiefen, sollte man die muskul\u00e4re Entspannungs- und Losgelassenheitsreaktion des Pferdes noch weiter f\u00f6rdern. Wie das Schritt f\u00fcr Schritt mit Gef\u00fchl und gutem Timing erfolgreich gelingt, zeigt Peter Kreinberg in diesem kurzen Video-Tipp f\u00fcr mehr Gelassenheit, Reizakzeptanz und Sicherheit.<\/p>\n<p><em><strong>Uelzener-Tipp von Peter Kreinberg: Timing: \u201egebisslos\u201c Reiten mit System<\/strong><strong>. Im Original erschienen auf\u00a0<a href=\"https:\/\/www.thegentletouch.de\/post\/anti-schreck-ohren\" target=\"_blank\" rel=\"noopener\">The Gentle Touch<\/a><\/strong><\/em><\/p>\n","protected":false},"excerpt":{"rendered":"<p>Wir alle wissen es: Pferde haben ein instinktives Schreckverhalten. Zucken, r\u00fcckw\u00e4rts ausweichen oder den Kopf wegziehen \u2013 dies sind normale Verhaltensweisen, wenn ein Pferd Ohren-scheu ist oder sensibel auf Ber\u00fchrungen am K\u00f6rper reagiert. Das Jungpferd in diesem Video hat bereits erste Basis-Kommunikation \u00fcber die Bodenschule erhalten, ist aber noch empfindlich an Ohren und Rumpf. Wie [&hellip;]<\/p>\n","protected":false},"author":11,"featured_media":17482,"parent":11689,"menu_order":9,"comment_status":"closed","ping_status":"closed","template":"templates\/blog.php","meta":{"_acf_changed":false,"_crdt_document":"","footnotes":"","beyondwords_generate_audio":"","beyondwords_project_id":"","beyondwords_content_id":"","beyondwords_preview_token":"","beyondwords_player_style":"","beyondwords_language_id":"","beyondwords_title_voice_id":"","beyondwords_body_voice_id":"","beyondwords_summary_voice_id":"","beyondwords_error_message":"","beyondwords_disabled":"","beyondwords_delete_content":"","beyondwords_podcast_id":"","beyondwords_hash":"","publish_post_to_speechkit":"","speechkit_hash":"","speechkit_generate_audio":"","speechkit_project_id":"","speechkit_podcast_id":"","speechkit_error_message":"","speechkit_disabled":"","speechkit_access_key":"","speechkit_error":"","speechkit_info":"","speechkit_response":"","speechkit_retries":"","speechkit_status":"","speechkit_updated_at":"","_speechkit_link":"","_speechkit_text":""},"class_list":["post-17478","page","type-page","status-publish","has-post-thumbnail","hentry"],"acf":[],"yoast_head":"<!-- This site is optimized with the Yoast SEO Premium plugin  - https:\/\/yoast.com\/product\/yoast-seo-premium-wordpress\/ -->\n<title>Ber\u00fchrungen zulassen \u2013 Anti-Schreck: Ohren und K\u00f6rper | Uelzener Magazin<\/title>\n<meta name=\"description\" content=\"Wir alle wissen es: Pferde haben ein instinktives Schreckverhalten. Im Video zeigt Peter Kreinberg \u00dcbungen, um ein Pferd an Ohren und Rumpf weniger schreckhaft zu trainieren.\" \/>\n<meta name=\"robots\" content=\"index, follow, max-snippet:-1, max-image-preview:large, max-video-preview:-1\" \/>\n<link rel=\"canonical\" href=\"https:\/\/uelzener.de\/magazin\/pferd\/erziehung-und-training\/beruehrungen-zulassen-anti-schreck-ohren-und-koerper\/\" \/>\n<meta property=\"og:locale\" content=\"de_DE\" \/>\n<meta property=\"og:type\" content=\"article\" \/>\n<meta property=\"og:title\" content=\"Ber\u00fchrungen zulassen \u2013 Anti-Schreck: Ohren und K\u00f6rper\" \/>\n<meta property=\"og:description\" content=\"Wir alle wissen es: Pferde haben ein instinktives Schreckverhalten. Im Video zeigt Peter Kreinberg \u00dcbungen, um ein Pferd an Ohren und Rumpf weniger schreckhaft zu trainieren.\" \/>\n<meta property=\"og:url\" content=\"https:\/\/uelzener.de\/magazin\/pferd\/erziehung-und-training\/beruehrungen-zulassen-anti-schreck-ohren-und-koerper\/\" \/>\n<meta property=\"og:site_name\" content=\"Uelzener Tier-Magazin\" \/>\n<meta property=\"article:publisher\" content=\"https:\/\/www.facebook.com\/Uelzener\" \/>\n<meta property=\"article:modified_time\" content=\"2025-08-28T07:58:36+00:00\" \/>\n<meta property=\"og:image\" content=\"https:\/\/uelzener.de\/magazin\/app\/uploads\/2024\/06\/pferd-plastiktuete-beruehrung.jpg\" \/>\n\t<meta property=\"og:image:width\" content=\"1025\" \/>\n\t<meta property=\"og:image:height\" content=\"450\" \/>\n\t<meta property=\"og:image:type\" content=\"image\/jpeg\" \/>\n<meta name=\"twitter:card\" content=\"summary_large_image\" \/>\n<meta name=\"twitter:label1\" content=\"Gesch\u00e4tzte Lesezeit\" \/>\n\t<meta name=\"twitter:data1\" content=\"4\u00a0Minuten\" \/>\n<script type=\"application\/ld+json\" class=\"yoast-schema-graph\">{\"@context\":\"https:\/\/schema.org\",\"@graph\":[{\"@type\":\"WebPage\",\"@id\":\"https:\/\/uelzener.de\/magazin\/pferd\/erziehung-und-training\/beruehrungen-zulassen-anti-schreck-ohren-und-koerper\/\",\"url\":\"https:\/\/uelzener.de\/magazin\/pferd\/erziehung-und-training\/beruehrungen-zulassen-anti-schreck-ohren-und-koerper\/\",\"name\":\"Ber\u00fchrungen zulassen \u2013 Anti-Schreck: Ohren und K\u00f6rper | Uelzener Magazin\",\"isPartOf\":{\"@id\":\"https:\/\/uelzener.de\/magazin\/#website\"},\"primaryImageOfPage\":{\"@id\":\"https:\/\/uelzener.de\/magazin\/pferd\/erziehung-und-training\/beruehrungen-zulassen-anti-schreck-ohren-und-koerper\/#primaryimage\"},\"image\":{\"@id\":\"https:\/\/uelzener.de\/magazin\/pferd\/erziehung-und-training\/beruehrungen-zulassen-anti-schreck-ohren-und-koerper\/#primaryimage\"},\"thumbnailUrl\":\"https:\/\/uelzener.de\/magazin\/app\/uploads\/2024\/06\/pferd-plastiktuete-beruehrung.jpg\",\"datePublished\":\"2024-06-06T11:42:47+00:00\",\"dateModified\":\"2025-08-28T07:58:36+00:00\",\"description\":\"Wir alle wissen es: Pferde haben ein instinktives Schreckverhalten. Im Video zeigt Peter Kreinberg \u00dcbungen, um ein Pferd an Ohren und Rumpf weniger schreckhaft zu trainieren.\",\"breadcrumb\":{\"@id\":\"https:\/\/uelzener.de\/magazin\/pferd\/erziehung-und-training\/beruehrungen-zulassen-anti-schreck-ohren-und-koerper\/#breadcrumb\"},\"inLanguage\":\"de\",\"potentialAction\":[{\"@type\":\"ReadAction\",\"target\":[\"https:\/\/uelzener.de\/magazin\/pferd\/erziehung-und-training\/beruehrungen-zulassen-anti-schreck-ohren-und-koerper\/\"]}]},{\"@type\":\"ImageObject\",\"inLanguage\":\"de\",\"@id\":\"https:\/\/uelzener.de\/magazin\/pferd\/erziehung-und-training\/beruehrungen-zulassen-anti-schreck-ohren-und-koerper\/#primaryimage\",\"url\":\"https:\/\/uelzener.de\/magazin\/app\/uploads\/2024\/06\/pferd-plastiktuete-beruehrung.jpg\",\"contentUrl\":\"https:\/\/uelzener.de\/magazin\/app\/uploads\/2024\/06\/pferd-plastiktuete-beruehrung.jpg\",\"width\":1025,\"height\":450,\"caption\":\"Peter Kreinberg ber\u00fchrt ein Pferd am Hals mit einer Plastikt\u00fcte.\"},{\"@type\":\"WebSite\",\"@id\":\"https:\/\/uelzener.de\/magazin\/#website\",\"url\":\"https:\/\/uelzener.de\/magazin\/\",\"name\":\"Uelzener Tiermagazin\",\"description\":\"Online Tierratgeber der Uelzener Versicherungen\",\"publisher\":{\"@id\":\"https:\/\/uelzener.de\/magazin\/#organization\"},\"potentialAction\":[{\"@type\":\"SearchAction\",\"target\":{\"@type\":\"EntryPoint\",\"urlTemplate\":\"https:\/\/uelzener.de\/magazin\/?s={search_term_string}\"},\"query-input\":{\"@type\":\"PropertyValueSpecification\",\"valueRequired\":true,\"valueName\":\"search_term_string\"}}],\"inLanguage\":\"de\"},{\"@type\":\"Organization\",\"@id\":\"https:\/\/uelzener.de\/magazin\/#organization\",\"name\":\"Uelzener Versicherungen\",\"url\":\"https:\/\/uelzener.de\/magazin\/\",\"logo\":{\"@type\":\"ImageObject\",\"inLanguage\":\"de\",\"@id\":\"https:\/\/uelzener.de\/magazin\/#\/schema\/logo\/image\/\",\"url\":\"https:\/\/uelzener.de\/magazin\/app\/uploads\/2024\/11\/uelzener_allgemeine_versicherungsgesellschaft_a_g_logo.jpg\",\"contentUrl\":\"https:\/\/uelzener.de\/magazin\/app\/uploads\/2024\/11\/uelzener_allgemeine_versicherungsgesellschaft_a_g_logo.jpg\",\"width\":200,\"height\":200,\"caption\":\"Uelzener Versicherungen\"},\"image\":{\"@id\":\"https:\/\/uelzener.de\/magazin\/#\/schema\/logo\/image\/\"},\"sameAs\":[\"https:\/\/www.facebook.com\/Uelzener\",\"https:\/\/instagram.com\/uelzener\",\"https:\/\/www.xing.com\/pages\/uelzenerallgemeineversicherungs-gesellschafta-g\",\"https:\/\/www.youtube.com\/UelzenerVersicherungen\"]}]}<\/script>\n<!-- \/ Yoast SEO Premium plugin. -->","yoast_head_json":{"title":"Ber\u00fchrungen zulassen \u2013 Anti-Schreck: Ohren und K\u00f6rper | Uelzener Magazin","description":"Wir alle wissen es: Pferde haben ein instinktives Schreckverhalten. Im Video zeigt Peter Kreinberg \u00dcbungen, um ein Pferd an Ohren und Rumpf weniger schreckhaft zu trainieren.","robots":{"index":"index","follow":"follow","max-snippet":"max-snippet:-1","max-image-preview":"max-image-preview:large","max-video-preview":"max-video-preview:-1"},"canonical":"https:\/\/uelzener.de\/magazin\/pferd\/erziehung-und-training\/beruehrungen-zulassen-anti-schreck-ohren-und-koerper\/","og_locale":"de_DE","og_type":"article","og_title":"Ber\u00fchrungen zulassen \u2013 Anti-Schreck: Ohren und K\u00f6rper","og_description":"Wir alle wissen es: Pferde haben ein instinktives Schreckverhalten. Im Video zeigt Peter Kreinberg \u00dcbungen, um ein Pferd an Ohren und Rumpf weniger schreckhaft zu trainieren.","og_url":"https:\/\/uelzener.de\/magazin\/pferd\/erziehung-und-training\/beruehrungen-zulassen-anti-schreck-ohren-und-koerper\/","og_site_name":"Uelzener Tier-Magazin","article_publisher":"https:\/\/www.facebook.com\/Uelzener","article_modified_time":"2025-08-28T07:58:36+00:00","og_image":[{"width":1025,"height":450,"url":"https:\/\/uelzener.de\/magazin\/app\/uploads\/2024\/06\/pferd-plastiktuete-beruehrung.jpg","type":"image\/jpeg"}],"twitter_card":"summary_large_image","twitter_misc":{"Gesch\u00e4tzte Lesezeit":"4\u00a0Minuten"},"schema":{"@context":"https:\/\/schema.org","@graph":[{"@type":"WebPage","@id":"https:\/\/uelzener.de\/magazin\/pferd\/erziehung-und-training\/beruehrungen-zulassen-anti-schreck-ohren-und-koerper\/","url":"https:\/\/uelzener.de\/magazin\/pferd\/erziehung-und-training\/beruehrungen-zulassen-anti-schreck-ohren-und-koerper\/","name":"Ber\u00fchrungen zulassen \u2013 Anti-Schreck: Ohren und K\u00f6rper | Uelzener Magazin","isPartOf":{"@id":"https:\/\/uelzener.de\/magazin\/#website"},"primaryImageOfPage":{"@id":"https:\/\/uelzener.de\/magazin\/pferd\/erziehung-und-training\/beruehrungen-zulassen-anti-schreck-ohren-und-koerper\/#primaryimage"},"image":{"@id":"https:\/\/uelzener.de\/magazin\/pferd\/erziehung-und-training\/beruehrungen-zulassen-anti-schreck-ohren-und-koerper\/#primaryimage"},"thumbnailUrl":"https:\/\/uelzener.de\/magazin\/app\/uploads\/2024\/06\/pferd-plastiktuete-beruehrung.jpg","datePublished":"2024-06-06T11:42:47+00:00","dateModified":"2025-08-28T07:58:36+00:00","description":"Wir alle wissen es: Pferde haben ein instinktives Schreckverhalten. Im Video zeigt Peter Kreinberg \u00dcbungen, um ein Pferd an Ohren und Rumpf weniger schreckhaft zu trainieren.","breadcrumb":{"@id":"https:\/\/uelzener.de\/magazin\/pferd\/erziehung-und-training\/beruehrungen-zulassen-anti-schreck-ohren-und-koerper\/#breadcrumb"},"inLanguage":"de","potentialAction":[{"@type":"ReadAction","target":["https:\/\/uelzener.de\/magazin\/pferd\/erziehung-und-training\/beruehrungen-zulassen-anti-schreck-ohren-und-koerper\/"]}]},{"@type":"ImageObject","inLanguage":"de","@id":"https:\/\/uelzener.de\/magazin\/pferd\/erziehung-und-training\/beruehrungen-zulassen-anti-schreck-ohren-und-koerper\/#primaryimage","url":"https:\/\/uelzener.de\/magazin\/app\/uploads\/2024\/06\/pferd-plastiktuete-beruehrung.jpg","contentUrl":"https:\/\/uelzener.de\/magazin\/app\/uploads\/2024\/06\/pferd-plastiktuete-beruehrung.jpg","width":1025,"height":450,"caption":"Peter Kreinberg ber\u00fchrt ein Pferd am Hals mit einer Plastikt\u00fcte."},{"@type":"WebSite","@id":"https:\/\/uelzener.de\/magazin\/#website","url":"https:\/\/uelzener.de\/magazin\/","name":"Uelzener Tiermagazin","description":"Online Tierratgeber der Uelzener Versicherungen","publisher":{"@id":"https:\/\/uelzener.de\/magazin\/#organization"},"potentialAction":[{"@type":"SearchAction","target":{"@type":"EntryPoint","urlTemplate":"https:\/\/uelzener.de\/magazin\/?s={search_term_string}"},"query-input":{"@type":"PropertyValueSpecification","valueRequired":true,"valueName":"search_term_string"}}],"inLanguage":"de"},{"@type":"Organization","@id":"https:\/\/uelzener.de\/magazin\/#organization","name":"Uelzener Versicherungen","url":"https:\/\/uelzener.de\/magazin\/","logo":{"@type":"ImageObject","inLanguage":"de","@id":"https:\/\/uelzener.de\/magazin\/#\/schema\/logo\/image\/","url":"https:\/\/uelzener.de\/magazin\/app\/uploads\/2024\/11\/uelzener_allgemeine_versicherungsgesellschaft_a_g_logo.jpg","contentUrl":"https:\/\/uelzener.de\/magazin\/app\/uploads\/2024\/11\/uelzener_allgemeine_versicherungsgesellschaft_a_g_logo.jpg","width":200,"height":200,"caption":"Uelzener Versicherungen"},"image":{"@id":"https:\/\/uelzener.de\/magazin\/#\/schema\/logo\/image\/"},"sameAs":["https:\/\/www.facebook.com\/Uelzener","https:\/\/instagram.com\/uelzener","https:\/\/www.xing.com\/pages\/uelzenerallgemeineversicherungs-gesellschafta-g","https:\/\/www.youtube.com\/UelzenerVersicherungen"]}]}},"_links":{"self":[{"href":"https:\/\/uelzener.de\/magazin\/wp-json\/wp\/v2\/pages\/17478","targetHints":{"allow":["GET"]}}],"collection":[{"href":"https:\/\/uelzener.de\/magazin\/wp-json\/wp\/v2\/pages"}],"about":[{"href":"https:\/\/uelzener.de\/magazin\/wp-json\/wp\/v2\/types\/page"}],"author":[{"embeddable":true,"href":"https:\/\/uelzener.de\/magazin\/wp-json\/wp\/v2\/users\/11"}],"replies":[{"embeddable":true,"href":"https:\/\/uelzener.de\/magazin\/wp-json\/wp\/v2\/comments?post=17478"}],"version-history":[{"count":4,"href":"https:\/\/uelzener.de\/magazin\/wp-json\/wp\/v2\/pages\/17478\/revisions"}],"predecessor-version":[{"id":19038,"href":"https:\/\/uelzener.de\/magazin\/wp-json\/wp\/v2\/pages\/17478\/revisions\/19038"}],"up":[{"embeddable":true,"href":"https:\/\/uelzener.de\/magazin\/wp-json\/wp\/v2\/pages\/11689"}],"wp:featuredmedia":[{"embeddable":true,"href":"https:\/\/uelzener.de\/magazin\/wp-json\/wp\/v2\/media\/17482"}],"wp:attachment":[{"href":"https:\/\/uelzener.de\/magazin\/wp-json\/wp\/v2\/media?parent=17478"}],"curies":[{"name":"wp","href":"https:\/\/api.w.org\/{rel}","templated":true}]}}