{"id":17458,"date":"2024-06-10T12:28:57","date_gmt":"2024-06-10T10:28:57","guid":{"rendered":"https:\/\/uelzener.de\/magazin\/?page_id=17458"},"modified":"2025-08-26T13:18:43","modified_gmt":"2025-08-26T11:18:43","slug":"was-duerfen-katzen-nicht-trinken","status":"publish","type":"page","link":"https:\/\/uelzener.de\/magazin\/katze\/ernaehrung\/was-duerfen-katzen-nicht-trinken\/","title":{"rendered":"Was d\u00fcrfen Katzen nicht trinken?"},"content":{"rendered":"<p><span style=\"font-weight: 400;\">Katzen k\u00f6nnen durchaus anspruchsvolle Mitbewohner sein, besonders, wenn es um ihre Ern\u00e4hrung geht. Ein oft vernachl\u00e4ssigter Aspekt ist die Fl\u00fcssigkeitsaufnahme, dabei ist ausreichendes Trinken genauso wichtig f\u00fcr die Gesundheit einer Katze wie ein ausgewogenes Futter. Doch was sollen Katzen eigentlich trinken oder anders gefragt: Was d\u00fcrfen Katzen nicht trinken? Schauen wir uns das Thema einmal genauer an!<\/span><\/p>\n<h2>Grunds\u00e4tzliches zur Fl\u00fcssigkeitsaufnahme bei Katzen<\/h2>\n<p><span style=\"font-weight: 400;\">Ausreichend Fl\u00fcssigkeit zu sich zu nehmen, ist essenziell, damit der K\u00f6rper alle Funktionen in optimaler Weise aufrechterhalten kann. Das gilt f\u00fcr uns Menschen genauso wie f\u00fcr Katzen. Da Katzen allerdings um einiges kleiner sind als wir, ben\u00f6tigen sie deutlich weniger Fl\u00fcssigkeit pro Tag. Als Richtwert gilt, dass Katzen t\u00e4glich circa 50 bis 80 ml pro Kilogramm K\u00f6rpergewicht trinken sollten. Die ben\u00f6tigte Menge h\u00e4ngt unter anderem von der Jahreszeit ab \u2013 bei Hitze braucht man mehr Wasser \u2013, aber auch vom Aktivit\u00e4tslevel. Die Art des Futters spielt ebenfalls eine Rolle. So ben\u00f6tigen Katzen, die ausschlie\u00dflich Trockenfutter fressen, mehr Fl\u00fcssigkeit aus ihrem Wassernapf oder anderen Quellen als Schmusetiger, die t\u00e4glich Nassfutter verzehren, da dieses bereits einiges an Fl\u00fcssigkeit enth\u00e4lt.\u00a0<\/span><\/p>\n<p><span style=\"font-weight: 400;\">Geht es um die Frage, was Katzen trinken sollten, liegt die Antwort f\u00fcr die meisten Halterinnen und Halter wohl nahe: Wasser \u2013 na klar! Doch hei\u00dft das nicht, dass Katzen nichts anderes trinken d\u00fcrfen \u2013 zum Gl\u00fcck, schlie\u00dflich gibt es viele trinkfaule Fellnasen, die man mit schn\u00f6dem Wasser aus dem Hahn kaum hinter dem Ofen hervorlockt. W\u00e4hrend es durchaus \u201eGetr\u00e4nke\u201c f\u00fcr Katzen gibt, die man mit gutem Gewissen dann und wann geben darf, gilt bei anderen Produkten: H\u00e4nde weg!\u00a0<\/span><\/p>\n<h2>Achtung, Gesundheitsgefahr: Diese Getr\u00e4nke sind f\u00fcr Katzen tabu<\/h2>\n<p><span style=\"font-weight: 400;\">Viele Getr\u00e4nke, die wir Menschen ganz selbstverst\u00e4ndlich trinken, sind f\u00fcr Katzen beziehungsweise Haustiere im Allgemeinen nicht geeignet. Ein \u00dcberblick, was Katzen nicht trinken d\u00fcrfen:<\/span><\/p>\n<ul>\n<li style=\"font-weight: 400;\" aria-level=\"1\"><b>Milch und Milchprodukte:<\/b><span style=\"font-weight: 400;\"> Die Vorstellung, dass Katzen gerne Kuhmilch aus einem Sch\u00e4lchen schlecken, ist weit verbreitet. Allerdings sind Katzen sind von Natur aus laktoseintolerant, was bedeutet, dass sie den Milchzucker (Laktose) in der Milch nicht richtig verdauen k\u00f6nnen. Wenn eine Katze Milch trinkt, k\u00f6nnen erhebliche Beschwerden und Verdauungsprobleme wie Durchfall, Bl\u00e4hungen, Bauchschmerzen und Erbrechen die Folge sein.<\/span><\/li>\n<li style=\"font-weight: 400;\" aria-level=\"1\"><b>S\u00fc\u00dfe Getr\u00e4nke:<\/b><span style=\"font-weight: 400;\"> S\u00e4fte, Limonaden und andere S\u00fc\u00dfgetr\u00e4nke sind f\u00fcr Katzen nicht geeignet. Das h\u00e4ngt mit den Inhaltsstoffen zusammen. Katzen brauchen nur sehr wenige Kohlenhydrate, um sich ausgewogen zu ern\u00e4hren. Eine hohe Zucker- und somit Kalorienzufuhr, etwa durch den Konsum von Limonade, kann sich negativ auf den Stoffwechsel auswirken und langfristig zu \u00dcbergewicht oder Erkrankungen wie Diabetes mellitus f\u00fchren. Viele Softdrinks enthalten S\u00fc\u00dfstoffe und andere k\u00fcnstliche Zus\u00e4tze. Diese k\u00f6nnen f\u00fcr Katzen giftig sein und lebensbedrohliche Auswirkungen auf den Organismus haben, zum Beispiel eine gef\u00e4hrliche Unterzuckerung oder Leberversagen verursachen. S\u00e4fte sind keine Alternative, da auch sie reichlich Zucker und Kalorien enthalten und zudem oft sehr s\u00e4urehaltig sind, was zu Magenreizungen und Verdauungsbeschwerden f\u00fchren kann.<\/span><\/li>\n<li style=\"font-weight: 400;\" aria-level=\"1\"><b>Tee:<\/b><span style=\"font-weight: 400;\"> Zwar gilt Tee gemeinhin als vertr\u00e4glich und wohltuend bei bestimmten Beschwerden, doch ist gro\u00dfe Vorsicht geboten, wenn man einer Katze Tee geben m\u00f6chte. Kr\u00e4utertees beispielsweise k\u00f6nnen pflanzliche Inhaltsstoffe enthalten, die f\u00fcr die Katze unvertr\u00e4glich oder sogar giftig sind. Dazu geh\u00f6ren unter anderem Pfefferminz-, Eukalyptus-, Salbei- und Kamillentee. Schwarzer und Gr\u00fcner Tee enthalten Koffein und sind somit ebenfalls tabu. Am besten ist es, vorab einen Tierarzt oder eine Tier\u00e4rztin zu konsultieren, um sicherzugehen, mit vermeintlich sicheren Hausmitteln keinen Schaden anzurichten.<\/span><\/li>\n<li style=\"font-weight: 400;\" aria-level=\"1\"><b>Br\u00fche:<\/b><span style=\"font-weight: 400;\"> Handels\u00fcbliche Br\u00fche ist meist stark gesalzen und gew\u00fcrzt, daher eignet sie sich nicht f\u00fcr die Ern\u00e4hrung von Katzen. Au\u00dferdem sind h\u00e4ufig k\u00fcnstliche Zus\u00e4tze wie Geschmacks- und Konservierungsstoffe enthalten. Wer m\u00f6chte, kann seiner Katze aber bek\u00f6mmliche Br\u00fche in Eigenregie zubereiten. Daf\u00fcr kocht man einfach Fleisch in Wasser und sch\u00f6pft \u00fcbersch\u00fcssiges Fett ab. Das gelingt nach dem Abk\u00fchlen am besten. Auf die Zugabe von Salz, Gew\u00fcrzen oder Zwiebeln sollte man hierbei verzichten.\u00a0<\/span><\/li>\n<\/ul>\n<p><span style=\"font-weight: 400;\">Was Katzen ebenfalls nicht trinken d\u00fcrfen, versteht sich von selbst: Stark koffeinhaltige Getr\u00e4nke wie Kaffee, Cola und Energydrinks sowie alkoholische Getr\u00e4nke jeder Art sind absolut tabu.<\/span><\/p>\n\n<div class=\"banner\">\n    <a href=\"https:\/\/uelzener.de\/katze?agt=0000104925&sem=true&utm_medium=magazin&utm_source=wordpress&utm_campaign=katze&utm_content=banner\">\n        <img decoding=\"async\" width=\"300\" height=\"212\" src=\"https:\/\/uelzener.de\/magazin\/app\/uploads\/2025\/01\/Katzenversicherung.jpg\" class=\"attachment-medium size-medium\" alt=\"Banner Katzenversicherung\" \/>    <\/a>\n<\/div>\n\n<h2>Alternative Fl\u00fcssigkeitsquellen: Katzenmilch, Katzensuppe und Co.<\/h2>\n<p><span style=\"font-weight: 400;\">Katzenmilch ist laktosefrei formuliert und deshalb besser vertr\u00e4glich f\u00fcr empfindliche Katzenb\u00e4uche. Es schadet daher nicht, wenn du deiner Samtpfote gelegentlich ein bisschen Katzenmilch als Leckerei f\u00fcr zwischendurch anbietest. Wie bei anderen Snacks ist auf eine ma\u00dfvolle Gabe zu achten, um die Kalorienzufuhr zwischen den Hauptmahlzeiten in Grenzen zu halten und Gesundheitsproblemen wie \u00dcbergewicht vorzubeugen.\u00a0<\/span><\/p>\n<p><span style=\"font-weight: 400;\">Wer Schwierigkeiten damit hat, seiner Katze ausreichend Futter und Wasser einzuverleiben, kann es mit spezieller Katzensuppe probieren. Viele ansonsten m\u00e4kelige Fellnasen m\u00f6gen dieses besonders nasse Nassfutter sehr gerne und nehmen dar\u00fcber nicht nur wichtige N\u00e4hrstoffe und Elektrolyte auf, sondern auch eine gute Portion Wasser. Apropos Nassfutter: F\u00fcr trinkfaule Katzen, die den Wassernapf meistens mit Nichtachtung strafen, empfiehlt es sich, auf Feuchtnahrung umzusteigen, um dem Tier zumindest \u00fcber das Futter eine gewisse Menge an Fl\u00fcssigkeit zuzuf\u00fchren.\u00a0<\/span><\/p>\n<p><span style=\"font-weight: 400;\">Tipp: Wenn Katzen schlecht trinken, liegt das oft an der Art, wie das Wasser angeboten wird. Viele Katzen bevorzugen Wasserquellen, die in Bewegung sind, im Freien beispielsweise B\u00e4che und Rinnsale, in der Wohnung k\u00f6nnen das mit Pumpen betriebene Katzenbrunnen sein. Wieder andere Vierbeiner trinken nur aus dem Wasserhahn.\u00a0<\/span><\/p>\n\n<div class=\"related_articles boxed\">\n    <h2>Mehr zum Thema<\/h2>\n    \n    <div class=\"wrapper\"><div class=\"title align-center\"><h3><a href=\"https:\/\/uelzener.de\/magazin\/katze\/ernaehrung\/katze-schokolade\/\">Warum Schokolade f\u00fcr Katzen giftig ist: Gefahren und Symptome<\/a><\/h3><\/div><div class=\"img align-center\"><img decoding=\"async\" width=\"315\" height=\"180\" src=\"https:\/\/uelzener.de\/magazin\/app\/uploads\/2023\/10\/katze-schokolade-315x180.jpg\" class=\"attachment-315x180 size-315x180 wp-post-image\" alt=\"Katze schnuppert an Schokoaldenkeksen\" \/><\/div><\/div><div class=\"wrapper\"><div class=\"title align-center\"><h3><a href=\"https:\/\/uelzener.de\/magazin\/katze\/haltung\/handaufzucht-bei-katzen-das-musst-du-beachten\/\">Handaufzucht bei Katzen: Das musst du beachten<\/a><\/h3><\/div><div class=\"img align-center\"><img decoding=\"async\" width=\"315\" height=\"180\" src=\"https:\/\/uelzener.de\/magazin\/app\/uploads\/2024\/04\/handaufzucht-katze-315x180.jpg\" class=\"attachment-315x180 size-315x180 wp-post-image\" alt=\"Frau steht vor einem Sodfa und h\u00e4lt eine Sch\u00fcssel mit Leckerlies hoch. Die braun, orange getigerte Katze streckt sich von einem braunen Tisch hoch zur Sch\u00fcssel\" \/><\/div><\/div><div class=\"wrapper\"><div class=\"title align-center\"><h3><a href=\"https:\/\/uelzener.de\/magazin\/katze\/ernaehrung\/was-fressen-katzen\/\">Was fressen Katzen?<\/a><\/h3><\/div><div class=\"img align-center\"><img decoding=\"async\" width=\"315\" height=\"180\" src=\"https:\/\/uelzener.de\/magazin\/app\/uploads\/2024\/03\/was-fressen-katzen-315x180.jpg\" class=\"attachment-315x180 size-315x180 wp-post-image\" alt=\"Katze frisst ein St\u00fcck Melone.\" \/><\/div><\/div><\/div>\n\n<h2>Fazit<\/h2>\n<p><span style=\"font-weight: 400;\">Wer seinem Bauchgef\u00fchl folgt, liegt meistens nicht verkehrt. Kaum jemand w\u00fcrde wohl auf die Idee kommen, seiner Katze Kaffee, Limo oder gar alkoholische Drinks vorzusetzen. Andere Produkte wie Milch, Tee oder Br\u00fche sind vielleicht nicht ganz so offensichtlich ungeeignet, k\u00f6nnen aber dennoch ein gesundheitliches Risiko f\u00fcr Schmusetiger darstellen. Das beste Getr\u00e4nk ist und bleibt Wasser, wobei man zwischendurch ruhig alternative Fl\u00fcssigkeitsquellen wie f\u00fcr Katzen geeignete Suppen oder Katzenmilch geben kann, um f\u00fcr ein bisschen geschmackliche Abwechslung zu sorgen.\u00a0<\/span><\/p>\n<h2>FAQ: H\u00e4ufig gestellte Fragen zum Thema \u201eWas d\u00fcrfen Katzen nicht trinken?\u201c<\/h2>\n<h3>Was tun, wenn meine Katze etwas Gef\u00e4hrliches getrunken hat?<\/h3>\n<p><span style=\"font-weight: 400;\">Wenn du den Verdacht hast, dass deine Katze etwas m\u00f6glicherweise Gesundheitsgef\u00e4hrdendes getrunken hat, gehst du mit ihr am besten sofort in eine Tierarztpraxis. Anzeichen einer Vergiftung k\u00f6nnen beispielsweise sein: Durchfall und Erbrechen (ggf. blutig), starkes <a href=\"https:\/\/uelzener.de\/magazin\/katze\/haeufige-fragen\/warum-sabbert-meine-katze\/\" target=\"_blank\" rel=\"noopener\">Sabbern<\/a> oder Schaum am Mund, pl\u00f6tzliche Lethargie, Appetitlosigkeit, Zitteranf\u00e4lle, auff\u00e4llige Atmung (zu schnell, zu langsam, <a href=\"https:\/\/uelzener.de\/magazin\/katze\/haeufige-fragen\/warum-hechelt-meine-katze\/\" target=\"_blank\" rel=\"noopener\">hechelnd<\/a>), Verhaltens\u00e4nderungen und Ausschl\u00e4ge. Wichtig ist, den Tierarzt oder die Tier\u00e4rztin dar\u00fcber zu informieren, was die Katze getrunken hat, damit schnell und angemessen reagiert werden kann.<\/span><\/p>\n<h3>Sind verd\u00fcnnte S\u00e4fte in Ordnung f\u00fcr Katzen?<\/h3>\n<p><span style=\"font-weight: 400;\">S\u00e4fte sind nicht zum Trinken f\u00fcr Katzen geeignet, da sie viel Zucker, je nach Sorte auch S\u00e4ure sowie in manchen F\u00e4llen k\u00fcnstliche Zus\u00e4tze wie S\u00fc\u00dfstoffe, Konservierungsmittel und Farbstoffe enthalten. Aus diesem Grund sind S\u00e4fte auch in verd\u00fcnnter Form keine gute Wahl f\u00fcr Katzen.\u00a0<\/span><\/p>\n<h3>Wie erkenne ich, ob meine Katze genug Wasser trinkt?<\/h3>\n<p><span style=\"font-weight: 400;\">Sofern deine Katze keine Anzeichen einer Dehydration zeigt und einen fitten, vitalen Eindruck macht, kannst du davon ausgehen, dass sie gen\u00fcgend trinkt. Allerdings sei dazu gesagt, dass die Symptome einer Dehydration subtil sein k\u00f6nnen. M\u00f6gliche Anzeichen sind trockene Schleimh\u00e4ute, verringerte Hautelastizit\u00e4t, Appetitlosigkeit und Lethargie sowie eine verminderte Urinausscheidung. Um eine ausreichende Wasseraufnahme zu unterst\u00fctzen, empfiehlt es sich, der Katze t\u00e4glich frisches Wasser anzubieten, und zwar so, wie sie es am liebsten trinkt: beispielsweise in einem flachen Sch\u00e4lchen oder in einem Trinkbrunnen.<\/span><\/p>\n<h3>Was tun, wenn meine Katze nicht gerne Wasser trinkt?<\/h3>\n<p><span style=\"font-weight: 400;\">Trinkfaule Katzen kann man auf verschiedene Weisen zur Fl\u00fcssigkeitsaufnahme animieren. Manchmal reicht es schon, den Standort des Wassernapfes oder Katzenbrunnens zu \u00e4ndern bzw. darauf zu achten, dass die Katze beim Trinken genug Ruhe hat. Zus\u00e4tzlich kann man versuchen, das Wasser schmackhafter zu machen, indem man es aromatisiert. Geeignet hierf\u00fcr ist zum Beispiel Thunfischsaft aus der Dose oder ungew\u00fcrzte Br\u00fche. T\u00e4glich Nassfutter und Leckereien mit hohem Feuchtigkeitsgehalt anzubieten, kann ebenfalls zu einer h\u00f6heren Wasseraufnahme beitragen.<\/span><\/p>\n<h3>Kann ich meiner Katze spezielle Katzenmilch geben?<\/h3>\n<p><span style=\"font-weight: 400;\">Katzenmilch ist laktosefrei und besser vertr\u00e4glich f\u00fcr Katzen als herk\u00f6mmliche Kuhmilch. Sie eignet sich als gelegentliche Leckerei, aber nicht als Ersatz f\u00fcr Wasser.<\/span><\/p>\n","protected":false},"excerpt":{"rendered":"<p>Katzen k\u00f6nnen durchaus anspruchsvolle Mitbewohner sein, besonders, wenn es um ihre Ern\u00e4hrung geht. Ein oft vernachl\u00e4ssigter Aspekt ist die Fl\u00fcssigkeitsaufnahme, dabei ist ausreichendes Trinken genauso wichtig f\u00fcr die Gesundheit einer Katze wie ein ausgewogenes Futter. Doch was sollen Katzen eigentlich trinken oder anders gefragt: Was d\u00fcrfen Katzen nicht trinken? Schauen wir uns das Thema einmal [&hellip;]<\/p>\n","protected":false},"author":11,"featured_media":17462,"parent":11676,"menu_order":4,"comment_status":"closed","ping_status":"closed","template":"templates\/blog.php","meta":{"_acf_changed":false,"_crdt_document":"","footnotes":"","beyondwords_generate_audio":"","beyondwords_project_id":"","beyondwords_content_id":"","beyondwords_preview_token":"","beyondwords_player_style":"","beyondwords_language_id":"","beyondwords_title_voice_id":"","beyondwords_body_voice_id":"","beyondwords_summary_voice_id":"","beyondwords_error_message":"","beyondwords_disabled":"","beyondwords_delete_content":"","beyondwords_podcast_id":"","beyondwords_hash":"","publish_post_to_speechkit":"","speechkit_hash":"","speechkit_generate_audio":"","speechkit_project_id":"","speechkit_podcast_id":"","speechkit_error_message":"","speechkit_disabled":"","speechkit_access_key":"","speechkit_error":"","speechkit_info":"","speechkit_response":"","speechkit_retries":"","speechkit_status":"","speechkit_updated_at":"","_speechkit_link":"","_speechkit_text":""},"class_list":["post-17458","page","type-page","status-publish","has-post-thumbnail","hentry"],"acf":[],"yoast_head":"<!-- This site is optimized with the Yoast SEO Premium plugin  - https:\/\/yoast.com\/product\/yoast-seo-premium-wordpress\/ -->\n<title>Was d\u00fcrfen Katzen nicht trinken? | Uelzener Magazin<\/title>\n<meta name=\"description\" content=\"Was sollen Katzen eigentlich trinken oder anders gefragt: Was d\u00fcrfen Katzen nicht trinken? Schauen wir uns das Thema einmal genauer an!\" \/>\n<meta name=\"robots\" content=\"index, follow, max-snippet:-1, max-image-preview:large, max-video-preview:-1\" \/>\n<link rel=\"canonical\" href=\"https:\/\/uelzener.de\/magazin\/katze\/ernaehrung\/was-duerfen-katzen-nicht-trinken\/\" \/>\n<meta property=\"og:locale\" content=\"de_DE\" \/>\n<meta property=\"og:type\" content=\"article\" \/>\n<meta property=\"og:title\" content=\"Was d\u00fcrfen Katzen nicht trinken?\" \/>\n<meta property=\"og:description\" content=\"Was sollen Katzen eigentlich trinken oder anders gefragt: Was d\u00fcrfen Katzen nicht trinken? Schauen wir uns das Thema einmal genauer an!\" \/>\n<meta property=\"og:url\" content=\"https:\/\/uelzener.de\/magazin\/katze\/ernaehrung\/was-duerfen-katzen-nicht-trinken\/\" \/>\n<meta property=\"og:site_name\" content=\"Uelzener Tier-Magazin\" \/>\n<meta property=\"article:publisher\" content=\"https:\/\/www.facebook.com\/Uelzener\" \/>\n<meta property=\"article:modified_time\" content=\"2025-08-26T11:18:43+00:00\" \/>\n<meta property=\"og:image\" content=\"https:\/\/uelzener.de\/magazin\/app\/uploads\/2024\/06\/was-duerfen-katzen-trinken.jpg\" \/>\n\t<meta property=\"og:image:width\" content=\"1025\" \/>\n\t<meta property=\"og:image:height\" content=\"450\" \/>\n\t<meta property=\"og:image:type\" content=\"image\/jpeg\" \/>\n<meta name=\"twitter:card\" content=\"summary_large_image\" \/>\n<meta name=\"twitter:label1\" content=\"Gesch\u00e4tzte Lesezeit\" \/>\n\t<meta name=\"twitter:data1\" content=\"8\u00a0Minuten\" \/>\n<script type=\"application\/ld+json\" class=\"yoast-schema-graph\">{\"@context\":\"https:\/\/schema.org\",\"@graph\":[{\"@type\":\"WebPage\",\"@id\":\"https:\/\/uelzener.de\/magazin\/katze\/ernaehrung\/was-duerfen-katzen-nicht-trinken\/\",\"url\":\"https:\/\/uelzener.de\/magazin\/katze\/ernaehrung\/was-duerfen-katzen-nicht-trinken\/\",\"name\":\"Was d\u00fcrfen Katzen nicht trinken? | Uelzener Magazin\",\"isPartOf\":{\"@id\":\"https:\/\/uelzener.de\/magazin\/#website\"},\"primaryImageOfPage\":{\"@id\":\"https:\/\/uelzener.de\/magazin\/katze\/ernaehrung\/was-duerfen-katzen-nicht-trinken\/#primaryimage\"},\"image\":{\"@id\":\"https:\/\/uelzener.de\/magazin\/katze\/ernaehrung\/was-duerfen-katzen-nicht-trinken\/#primaryimage\"},\"thumbnailUrl\":\"https:\/\/uelzener.de\/magazin\/app\/uploads\/2024\/06\/was-duerfen-katzen-trinken.jpg\",\"datePublished\":\"2024-06-10T10:28:57+00:00\",\"dateModified\":\"2025-08-26T11:18:43+00:00\",\"description\":\"Was sollen Katzen eigentlich trinken oder anders gefragt: Was d\u00fcrfen Katzen nicht trinken? Schauen wir uns das Thema einmal genauer an!\",\"breadcrumb\":{\"@id\":\"https:\/\/uelzener.de\/magazin\/katze\/ernaehrung\/was-duerfen-katzen-nicht-trinken\/#breadcrumb\"},\"inLanguage\":\"de\",\"potentialAction\":[{\"@type\":\"ReadAction\",\"target\":[\"https:\/\/uelzener.de\/magazin\/katze\/ernaehrung\/was-duerfen-katzen-nicht-trinken\/\"]}]},{\"@type\":\"ImageObject\",\"inLanguage\":\"de\",\"@id\":\"https:\/\/uelzener.de\/magazin\/katze\/ernaehrung\/was-duerfen-katzen-nicht-trinken\/#primaryimage\",\"url\":\"https:\/\/uelzener.de\/magazin\/app\/uploads\/2024\/06\/was-duerfen-katzen-trinken.jpg\",\"contentUrl\":\"https:\/\/uelzener.de\/magazin\/app\/uploads\/2024\/06\/was-duerfen-katzen-trinken.jpg\",\"width\":1025,\"height\":450,\"caption\":\"K\u00e4tzchen trinkt aus Schale am Boden.\"},{\"@type\":\"WebSite\",\"@id\":\"https:\/\/uelzener.de\/magazin\/#website\",\"url\":\"https:\/\/uelzener.de\/magazin\/\",\"name\":\"Uelzener Tiermagazin\",\"description\":\"Online Tierratgeber der Uelzener Versicherungen\",\"publisher\":{\"@id\":\"https:\/\/uelzener.de\/magazin\/#organization\"},\"potentialAction\":[{\"@type\":\"SearchAction\",\"target\":{\"@type\":\"EntryPoint\",\"urlTemplate\":\"https:\/\/uelzener.de\/magazin\/?s={search_term_string}\"},\"query-input\":{\"@type\":\"PropertyValueSpecification\",\"valueRequired\":true,\"valueName\":\"search_term_string\"}}],\"inLanguage\":\"de\"},{\"@type\":\"Organization\",\"@id\":\"https:\/\/uelzener.de\/magazin\/#organization\",\"name\":\"Uelzener Versicherungen\",\"url\":\"https:\/\/uelzener.de\/magazin\/\",\"logo\":{\"@type\":\"ImageObject\",\"inLanguage\":\"de\",\"@id\":\"https:\/\/uelzener.de\/magazin\/#\/schema\/logo\/image\/\",\"url\":\"https:\/\/uelzener.de\/magazin\/app\/uploads\/2024\/11\/uelzener_allgemeine_versicherungsgesellschaft_a_g_logo.jpg\",\"contentUrl\":\"https:\/\/uelzener.de\/magazin\/app\/uploads\/2024\/11\/uelzener_allgemeine_versicherungsgesellschaft_a_g_logo.jpg\",\"width\":200,\"height\":200,\"caption\":\"Uelzener Versicherungen\"},\"image\":{\"@id\":\"https:\/\/uelzener.de\/magazin\/#\/schema\/logo\/image\/\"},\"sameAs\":[\"https:\/\/www.facebook.com\/Uelzener\",\"https:\/\/instagram.com\/uelzener\",\"https:\/\/www.xing.com\/pages\/uelzenerallgemeineversicherungs-gesellschafta-g\",\"https:\/\/www.youtube.com\/UelzenerVersicherungen\"]}]}<\/script>\n<!-- \/ Yoast SEO Premium plugin. -->","yoast_head_json":{"title":"Was d\u00fcrfen Katzen nicht trinken? | Uelzener Magazin","description":"Was sollen Katzen eigentlich trinken oder anders gefragt: Was d\u00fcrfen Katzen nicht trinken? Schauen wir uns das Thema einmal genauer an!","robots":{"index":"index","follow":"follow","max-snippet":"max-snippet:-1","max-image-preview":"max-image-preview:large","max-video-preview":"max-video-preview:-1"},"canonical":"https:\/\/uelzener.de\/magazin\/katze\/ernaehrung\/was-duerfen-katzen-nicht-trinken\/","og_locale":"de_DE","og_type":"article","og_title":"Was d\u00fcrfen Katzen nicht trinken?","og_description":"Was sollen Katzen eigentlich trinken oder anders gefragt: Was d\u00fcrfen Katzen nicht trinken? Schauen wir uns das Thema einmal genauer an!","og_url":"https:\/\/uelzener.de\/magazin\/katze\/ernaehrung\/was-duerfen-katzen-nicht-trinken\/","og_site_name":"Uelzener Tier-Magazin","article_publisher":"https:\/\/www.facebook.com\/Uelzener","article_modified_time":"2025-08-26T11:18:43+00:00","og_image":[{"width":1025,"height":450,"url":"https:\/\/uelzener.de\/magazin\/app\/uploads\/2024\/06\/was-duerfen-katzen-trinken.jpg","type":"image\/jpeg"}],"twitter_card":"summary_large_image","twitter_misc":{"Gesch\u00e4tzte Lesezeit":"8\u00a0Minuten"},"schema":{"@context":"https:\/\/schema.org","@graph":[{"@type":"WebPage","@id":"https:\/\/uelzener.de\/magazin\/katze\/ernaehrung\/was-duerfen-katzen-nicht-trinken\/","url":"https:\/\/uelzener.de\/magazin\/katze\/ernaehrung\/was-duerfen-katzen-nicht-trinken\/","name":"Was d\u00fcrfen Katzen nicht trinken? | Uelzener Magazin","isPartOf":{"@id":"https:\/\/uelzener.de\/magazin\/#website"},"primaryImageOfPage":{"@id":"https:\/\/uelzener.de\/magazin\/katze\/ernaehrung\/was-duerfen-katzen-nicht-trinken\/#primaryimage"},"image":{"@id":"https:\/\/uelzener.de\/magazin\/katze\/ernaehrung\/was-duerfen-katzen-nicht-trinken\/#primaryimage"},"thumbnailUrl":"https:\/\/uelzener.de\/magazin\/app\/uploads\/2024\/06\/was-duerfen-katzen-trinken.jpg","datePublished":"2024-06-10T10:28:57+00:00","dateModified":"2025-08-26T11:18:43+00:00","description":"Was sollen Katzen eigentlich trinken oder anders gefragt: Was d\u00fcrfen Katzen nicht trinken? Schauen wir uns das Thema einmal genauer an!","breadcrumb":{"@id":"https:\/\/uelzener.de\/magazin\/katze\/ernaehrung\/was-duerfen-katzen-nicht-trinken\/#breadcrumb"},"inLanguage":"de","potentialAction":[{"@type":"ReadAction","target":["https:\/\/uelzener.de\/magazin\/katze\/ernaehrung\/was-duerfen-katzen-nicht-trinken\/"]}]},{"@type":"ImageObject","inLanguage":"de","@id":"https:\/\/uelzener.de\/magazin\/katze\/ernaehrung\/was-duerfen-katzen-nicht-trinken\/#primaryimage","url":"https:\/\/uelzener.de\/magazin\/app\/uploads\/2024\/06\/was-duerfen-katzen-trinken.jpg","contentUrl":"https:\/\/uelzener.de\/magazin\/app\/uploads\/2024\/06\/was-duerfen-katzen-trinken.jpg","width":1025,"height":450,"caption":"K\u00e4tzchen trinkt aus Schale am Boden."},{"@type":"WebSite","@id":"https:\/\/uelzener.de\/magazin\/#website","url":"https:\/\/uelzener.de\/magazin\/","name":"Uelzener Tiermagazin","description":"Online Tierratgeber der Uelzener Versicherungen","publisher":{"@id":"https:\/\/uelzener.de\/magazin\/#organization"},"potentialAction":[{"@type":"SearchAction","target":{"@type":"EntryPoint","urlTemplate":"https:\/\/uelzener.de\/magazin\/?s={search_term_string}"},"query-input":{"@type":"PropertyValueSpecification","valueRequired":true,"valueName":"search_term_string"}}],"inLanguage":"de"},{"@type":"Organization","@id":"https:\/\/uelzener.de\/magazin\/#organization","name":"Uelzener Versicherungen","url":"https:\/\/uelzener.de\/magazin\/","logo":{"@type":"ImageObject","inLanguage":"de","@id":"https:\/\/uelzener.de\/magazin\/#\/schema\/logo\/image\/","url":"https:\/\/uelzener.de\/magazin\/app\/uploads\/2024\/11\/uelzener_allgemeine_versicherungsgesellschaft_a_g_logo.jpg","contentUrl":"https:\/\/uelzener.de\/magazin\/app\/uploads\/2024\/11\/uelzener_allgemeine_versicherungsgesellschaft_a_g_logo.jpg","width":200,"height":200,"caption":"Uelzener Versicherungen"},"image":{"@id":"https:\/\/uelzener.de\/magazin\/#\/schema\/logo\/image\/"},"sameAs":["https:\/\/www.facebook.com\/Uelzener","https:\/\/instagram.com\/uelzener","https:\/\/www.xing.com\/pages\/uelzenerallgemeineversicherungs-gesellschafta-g","https:\/\/www.youtube.com\/UelzenerVersicherungen"]}]}},"_links":{"self":[{"href":"https:\/\/uelzener.de\/magazin\/wp-json\/wp\/v2\/pages\/17458","targetHints":{"allow":["GET"]}}],"collection":[{"href":"https:\/\/uelzener.de\/magazin\/wp-json\/wp\/v2\/pages"}],"about":[{"href":"https:\/\/uelzener.de\/magazin\/wp-json\/wp\/v2\/types\/page"}],"author":[{"embeddable":true,"href":"https:\/\/uelzener.de\/magazin\/wp-json\/wp\/v2\/users\/11"}],"replies":[{"embeddable":true,"href":"https:\/\/uelzener.de\/magazin\/wp-json\/wp\/v2\/comments?post=17458"}],"version-history":[{"count":8,"href":"https:\/\/uelzener.de\/magazin\/wp-json\/wp\/v2\/pages\/17458\/revisions"}],"predecessor-version":[{"id":18986,"href":"https:\/\/uelzener.de\/magazin\/wp-json\/wp\/v2\/pages\/17458\/revisions\/18986"}],"up":[{"embeddable":true,"href":"https:\/\/uelzener.de\/magazin\/wp-json\/wp\/v2\/pages\/11676"}],"wp:featuredmedia":[{"embeddable":true,"href":"https:\/\/uelzener.de\/magazin\/wp-json\/wp\/v2\/media\/17462"}],"wp:attachment":[{"href":"https:\/\/uelzener.de\/magazin\/wp-json\/wp\/v2\/media?parent=17458"}],"curies":[{"name":"wp","href":"https:\/\/api.w.org\/{rel}","templated":true}]}}