{"id":17388,"date":"2024-05-10T08:43:50","date_gmt":"2024-05-10T06:43:50","guid":{"rendered":"https:\/\/uelzener.de\/magazin\/?page_id=17388"},"modified":"2025-04-28T09:44:11","modified_gmt":"2025-04-28T07:44:11","slug":"warum-lachsoel-fuer-katzen-so-beliebt-ist","status":"publish","type":"page","link":"https:\/\/uelzener.de\/magazin\/katze\/ernaehrung\/warum-lachsoel-fuer-katzen-so-beliebt-ist\/","title":{"rendered":"Warum Lachs\u00f6l f\u00fcr Katzen so beliebt ist"},"content":{"rendered":"<p><span style=\"font-weight: 400;\">Wer sich etwas intensiver mit der Ern\u00e4hrung von Katzen besch\u00e4ftigt, wird fr\u00fcher oder sp\u00e4ter auf das Thema Lachs\u00f6l sto\u00dfen. Es ist als Produkt zur Futtererg\u00e4nzung erh\u00e4ltlich, aber auch Bestandteil vieler Komplettfuttersorten f\u00fcr Katzen. Schauen wir uns doch mal an, was Lachs\u00f6l eigentlich ist, welche Inhaltsstoffe es so beliebt machen und was zu beachten ist, wenn du deiner Katze Lachs\u00f6l geben m\u00f6chtest.<\/span><\/p>\n<h2>Was ist Lachs\u00f6l eigentlich?<\/h2>\n<p><span style=\"font-weight: 400;\">Wie der Name schon vermuten l\u00e4sst, wird Lachs\u00f6l aus dem K\u00f6rper von Lachsen gewonnen. Das \u00d6l ist reich an Omega-3-Fetts\u00e4uren und enth\u00e4lt unter anderem Eicosapentaens\u00e4ure (EPA) und Docosahexaens\u00e4ure (DHA). Dabei handelt es sich um essenzielle Fetts\u00e4uren, die einen Beitrag zu verschiedenen K\u00f6rperfunktionen leisten k\u00f6nnen. So kann DHA unter anderem zu einer normalen Gehirnfunktion und normaler Sehkraft beitragen. Zusammen k\u00f6nnen DHA und EPA die Herzfunktion und einen normalen Blutdruck unterst\u00fctzen. Die Vorteile von Lachs\u00f6l zusammengefasst:<\/span><\/p>\n<ul>\n<li style=\"font-weight: 400;\" aria-level=\"1\"><span style=\"font-weight: 400;\">Haut- und Fellgesundheit: Lachs\u00f6l kann als regelm\u00e4\u00dfige Futtererg\u00e4nzung dabei helfen, trockene Haut zu bek\u00e4mpfen, dem Fell mehr Glanz zu verleihen und Haarausfall zu reduzieren.<\/span><\/li>\n<li style=\"font-weight: 400;\" aria-level=\"1\"><span style=\"font-weight: 400;\">Entz\u00fcndungshemmende Eigenschaften: Lachs\u00f6l kann hilfreich sein, um entz\u00fcndliche Prozesse im K\u00f6rper zu reduzieren.<\/span><\/li>\n<li style=\"font-weight: 400;\" aria-level=\"1\"><span style=\"font-weight: 400;\">Unterst\u00fctzung der Herzgesundheit: Die Omega-3-Fetts\u00e4uren in Lachs\u00f6l k\u00f6nnen dazu beitragen, Herzkrankheiten vorzubeugen und eine normale Herzfunktion zu unterst\u00fctzen.<\/span><\/li>\n<\/ul>\n<p><span style=\"font-weight: 400;\">Wichtig zu wissen ist, dass kein Futtererg\u00e4nzungsmittel eine ausgewogene, artgerechte F\u00fctterung deiner Katze ersetzen kann. Lachs\u00f6l eignet sich aber zur Erg\u00e4nzung der Ern\u00e4hrung und kann \u2013 sofern regelm\u00e4\u00dfig und in ausreichenden Mengen verabreicht \u2013 die Gesundheit deiner Samtpfote unterst\u00fctzen.<\/span><\/p>\n<h2>Wie man Katzen Lachs\u00f6l verabreichen kann<\/h2>\n<p><span style=\"font-weight: 400;\">M\u00f6chtest du deiner Katze Lachs\u00f6l f\u00fcttern, gibt es verschiedene M\u00f6glichkeiten. Hier eine \u00dcbersicht, in welchen Formen Lachs\u00f6l f\u00fcr Katzen erh\u00e4ltlich ist und gef\u00fcttert werden kann:<\/span><\/p>\n<ul>\n<li style=\"font-weight: 400;\" aria-level=\"1\"><b>Komplettfutter:<\/b><span style=\"font-weight: 400;\"> Es gibt mittlerweile viele Alleinfuttermittel, die mit Zugabe von Lachs\u00f6l hergestellt werden. Meist muss man nicht lange in der Zutatenliste st\u00f6bern, da viele Hersteller deutlich auf der Verpackung bewerben, wenn Lachs\u00f6l enthalten ist. Enth\u00e4lt das Katzenfutter Lachs\u00f6l, ist das insofern bequem, als man sich die zus\u00e4tzliche Supplementierung sparen kann.<\/span><\/li>\n<li style=\"font-weight: 400;\" aria-level=\"1\"><b>Fl\u00fcssiges Lachs\u00f6l: <\/b><span style=\"font-weight: 400;\">Lachs\u00f6l ist in fl\u00fcssiger Form in Flaschen und auch Pumpspendern erh\u00e4ltlich. Es l\u00e4sst sich unkompliziert verabreichen, indem du ein paar Tropfen auf das regul\u00e4re Futter deiner Katze gibst.\u00a0<\/span><\/li>\n<li style=\"font-weight: 400;\" aria-level=\"1\"><b>Paste:<\/b><span style=\"font-weight: 400;\"> Als eine Art \u201eSnack mit Benefit\u201c gibt es f\u00fcr Katzen schmackhafte Pasten zum Naschen, die mit Lachs\u00f6l verfeinert sind, um den Schmusetigern wertvolle Omega-3-Fetts\u00e4uren zuzuf\u00fchren. Die Pasten k\u00f6nnen pur oder als Beigabe zum Hauptfutter gegeben werden.\u00a0<\/span><\/li>\n<li style=\"font-weight: 400;\" aria-level=\"1\"><b>Leckerlis:<\/b><span style=\"font-weight: 400;\"> Auch andere Leckerchen sind mitunter mit Lachs\u00f6l zubereitet. Wohlschmeckende H\u00e4ppchen f\u00fcr zwischendurch eignen sich besonders gut f\u00fcr w\u00e4hlerische Katzen, die Fisch\u00f6l auf ihrem Futter nichts abgewinnen k\u00f6nnen.<\/span><\/li>\n<\/ul>\n<p><span style=\"font-weight: 400;\">Es gibt keine Variante, die generell zu bevorzugen ist. Wichtig ist, dass deine Katze das Futter gut annimmt und durch die Lachs\u00f6l-Beigabe nicht vom Verzehr ihrer Hauptmahlzeit abgehalten wird.\u00a0<\/span><\/p>\n<h2>Dosierung, Nebenwirkungen, Qualit\u00e4t: Darauf solltest du bei Lachs\u00f6l f\u00fcr Katzen achten<\/h2>\n<p><span style=\"font-weight: 400;\">Lachs\u00f6l gibt es nicht nur speziell f\u00fcr Katzen, sondern auch f\u00fcr andere Haustiere wie Hunde sowie zur Nahrungserg\u00e4nzung beim Menschen. Bei der Auswahl von Lachs\u00f6lprodukten ist es wichtig, auf die Qualit\u00e4t und Reinheit des \u00d6ls zu achten. Au\u00dferdem empfiehlt es sich, auf Produkte zur\u00fcckzugreifen, die f\u00fcr Katzen gedacht sind, weil das die Dosierung erleichtert. Im einfachsten Fall ist Lachs\u00f6l Bestandteil des Hauptfutters, so dass keine Zugabe erforderlich ist. Ansonsten gilt es, die Herstellerhinweise zu Dosierung und Anwendung zu beachten. Zwar handelt es sich bei Lachs\u00f6l nicht um ein Medizinprodukt, das besonders sorgf\u00e4ltig dosiert werden muss, dennoch k\u00f6nnen unerw\u00fcnschte Nebenwirkungen auftreten \u2013 insbesondere, wenn du deiner Katze zu viel Lachs\u00f6l gibst.\u00a0<\/span><\/p>\n<p><span style=\"font-weight: 400;\">Zu den m\u00f6glichen Nebenwirkungen von Lachs\u00f6l z\u00e4hlen:<\/span><\/p>\n<ul>\n<li style=\"font-weight: 400;\" aria-level=\"1\"><b>Verdauungsbeschwerden:<\/b><span style=\"font-weight: 400;\"> Nimmt die Katze zu viel Lachs\u00f6l auf, kann das Magen-Darm-Probleme zur Folge haben, beispielsweise Bauchschmerzen, Durchf\u00e4lle und Bl\u00e4hungen.<\/span><\/li>\n<li style=\"font-weight: 400;\" aria-level=\"1\"><b>Verringerte Blutgerinnung:<\/b><span style=\"font-weight: 400;\"> Omega-3-Fetts\u00e4uren k\u00f6nnen leicht blutverd\u00fcnnend wirken. Das hei\u00dft, dass die Blutgerinnung vermindert wird, was zum Beispiel Auswirkungen auf die Wundheilung haben kann. Vor allem, wenn die Katze blutverd\u00fcnnende Medikamente einnehmen muss, sollte man mit der Gabe von Lachs\u00f6l vorsichtig sein.\u00a0<\/span><\/li>\n<li style=\"font-weight: 400;\" aria-level=\"1\"><b>Allergische Reaktionen:<\/b><span style=\"font-weight: 400;\"> Lachs\u00f6l wird meist gut vertragen. Falls deine Katze unter einer Futtermittelallergie leidet, solltest du genau beobachten, wie sie auf die Zugabe von Lachs\u00f6l reagiert.\u00a0<\/span><\/li>\n<li style=\"font-weight: 400;\" aria-level=\"1\"><b>Gewichtszunahme:<\/b><span style=\"font-weight: 400;\"> Bei Lachs\u00f6l handelt es sich um pures Fett, dementsprechend kalorienreich ist es. Da nur geringe Mengen verabreicht werden, sollte sich die Futtererg\u00e4nzung mit Lachs\u00f6l nicht erheblich auf das Gewicht deiner Katze auswirken. Gerade bei zu \u00dcbergewicht neigenden Schmusetigern ist aber besonderes Augenmerk auf eine zur\u00fcckhaltende Dosierung zu legen.<\/span><\/li>\n<\/ul>\n<p><span style=\"font-weight: 400;\">Solltest du ungew\u00f6hnliche Symptome bei deiner Katze bemerken, ist es das Beste, das Lachs\u00f6l erst einmal abzusetzen und die Samtpfote in der Tierarztpraxis vorzustellen.\u00a0<\/span><\/p>\n<p><span style=\"font-weight: 400;\">Ein weiterer Aspekt, der bei der Auswahl von Lachs\u00f6l-Produkten zu beachten ist: \u00d6l, das von Zuchtlachsen stammt, kann m\u00f6glicherweise R\u00fcckst\u00e4nde von Medikamenten enthalten, da es durchaus \u00fcblich ist, Fischen pr\u00e4ventiv Medizin zu geben, um Krankheiten vorzubeugen. Am besten ist es, die Herkunft des verwendeten Fisches stets zu pr\u00fcfen und nur Produkte in hoher Qualit\u00e4t zu verwenden.<\/span><\/p>\n<p><span style=\"font-weight: 400;\">Selbst das beste Lachs\u00f6l kann oxidieren und ranzig werden. Wichtig ist die Aufbewahrung an einem lichtgesch\u00fctzten, k\u00fchlen Ort. Nach Anbruch lagerst du das \u00d6l am besten im K\u00fchlschrank. Wie lange Lachs\u00f6l haltbar ist, kannst du den Hinweisen auf der Verpackung entnehmen. Normalerweise sollte es innerhalb von drei bis sechs Monaten nach Anbruch verbraucht werden. Ranziges \u00d6l ist oft daran zu erkennen, dass es getr\u00fcbt ist und sehr unangenehm riecht. Ist das Lachs\u00f6l ranzig, solltest du es deiner Katze nicht mehr geben, sondern entsorgen.\u00a0<\/span><\/p>\n\n<div class=\"related_articles boxed\">\n    <h2>Mehr zum Thema<\/h2>\n    \n    <div class=\"wrapper\"><div class=\"title align-center\"><h3><a href=\"https:\/\/uelzener.de\/magazin\/katze\/tiergesundheit\/katze-durchfall-verdauung\/\">Katzenverdauung: H\u00e4ufigkeit des Stuhlgangs, Durchfall und Tipps f\u00fcr eine gesunde Verdauung<\/a><\/h3><\/div><div class=\"img align-center\"><img decoding=\"async\" width=\"315\" height=\"180\" src=\"https:\/\/uelzener.de\/magazin\/app\/uploads\/2023\/08\/katze-verdauung-durchfall-315x180.jpg\" class=\"attachment-315x180 size-315x180 wp-post-image\" alt=\"Katze verrichtet auf gr\u00fcnem Rasen ihr Gesch\u00e4ft.\" \/><\/div><\/div><div class=\"wrapper\"><div class=\"title align-center\"><h3><a href=\"https:\/\/uelzener.de\/magazin\/katze\/haeufige-fragen\/alles-fuer-die-katz-bedeutung\/\">Alles f\u00fcr die Katz: Bedeutung<\/a><\/h3><\/div><div class=\"img align-center\"><img decoding=\"async\" width=\"315\" height=\"180\" src=\"https:\/\/uelzener.de\/magazin\/app\/uploads\/2024\/01\/alles-fuer-die-katz-315x180.jpg\" class=\"attachment-315x180 size-315x180 wp-post-image\" alt=\"Katze schaut traurig vom leeren Teller hoch.\" \/><\/div><\/div><div class=\"wrapper\"><div class=\"title align-center\"><h3><a href=\"https:\/\/uelzener.de\/magazin\/katze\/tiergesundheit\/gewichtsprobleme-bei-katzen-zu-dick-oder-duenn\/\">Gewichtsprobleme bei Katzen: Woran erkenne ich, ob meine Katze zu dick oder d\u00fcnn ist<\/a><\/h3><\/div><div class=\"img align-center\"><img decoding=\"async\" width=\"315\" height=\"180\" src=\"https:\/\/uelzener.de\/magazin\/app\/uploads\/2024\/03\/gewichtsproblem-katzen-315x180.jpg\" class=\"attachment-315x180 size-315x180 wp-post-image\" alt=\"Drei Katzen trinken aus einer Schale. Eine der Katzen hat etwas \u00dcbergewicht.\" \/><\/div><\/div><\/div>\n\n<h2>Fazit<\/h2>\n<p><span style=\"font-weight: 400;\">Lachs\u00f6l ist ein beliebtes Futtererg\u00e4nzungsmittel f\u00fcr Katzen, das dank der enthaltenen Omega-3-Fetts\u00e4uren verschiedene K\u00f6rperfunktionen deiner Samtpfote unterst\u00fctzen kann. Die Auswahl an Lachs\u00f6lprodukten ist gro\u00df und h\u00e4lt auch f\u00fcr m\u00e4kelige Katzen etwas bereit. Wichtig: Es ist kein Allheilmittel und vor allem kein Ersatz f\u00fcr eine ausgewogene Ern\u00e4hrung. Falls du dir unsicher bist, ob du deiner Katze Lachs\u00f6l geben solltest, empfiehlt es sich, vorher Rat beim Tierarzt oder der Tier\u00e4rztin deines Vertrauens einzuholen. Mit einer <\/span><span style=\"font-weight: 400;\">Krankenversicherung f\u00fcr Katzen<\/span><span style=\"font-weight: 400;\"> bist du vor hohen Tierarztkosten gesch\u00fctzt.<\/span><\/p>\n\n<div class=\"banner\">\n    <a href=\"https:\/\/uelzener.de\/katze?agt=0000104925&sem=true&utm_medium=magazin&utm_source=wordpress&utm_campaign=katze&utm_content=banner\">\n        <img decoding=\"async\" width=\"300\" height=\"212\" src=\"https:\/\/uelzener.de\/magazin\/app\/uploads\/2025\/01\/Katzenversicherung.jpg\" class=\"attachment-medium size-medium\" alt=\"Banner Katzenversicherung\" \/>    <\/a>\n<\/div>\n\n<h2>FAQ: H\u00e4ufig gestellte Fragen zu Lachs\u00f6l f\u00fcr Katzen<\/h2>\n<h3>Wie unterscheidet sich Lachs\u00f6l von anderen \u00d6len, wie zum Beispiel Lebertran?<\/h3>\n<p><span style=\"font-weight: 400;\">\u00d6l ist nicht gleich \u00d6l. Die genaue Zusammensetzung variiert je nachdem, um welches \u00d6l es sich handelt. W\u00e4hrend Lachs\u00f6l als Quelle f\u00fcr Omega-Fetts\u00e4uren dient, ist Lebertran, das haupts\u00e4chlich aus der Leber von Dorschen gewonnen wird, beispielsweise als Lieferant f\u00fcr die Vitamine A und D bekannt.\u00a0<\/span><\/p>\n<h3>Ist Lachs\u00f6l sicher f\u00fcr alle Katzen?<\/h3>\n<p><span style=\"font-weight: 400;\">Grunds\u00e4tzlich ist Lachs\u00f6l ein unbedenkliches Futtererg\u00e4nzungsmittel. Sollte deine Katze aber mit Vorerkrankungen oder Futtermittelallergien zu k\u00e4mpfen haben, empfiehlt es sich auf jeden Fall, tier\u00e4rztlichen Rat einzuholen, bevor du etwas Neues verabreichst.\u00a0<\/span><\/p>\n<h3>Kann Lachs\u00f6l Nebenwirkungen f\u00fcr Katzen haben?<\/h3>\n<p><span style=\"font-weight: 400;\">Lachs\u00f6l kann Nebenwirkungen haben, zum Beispiel Durchfall und andere Verdauungsbeschwerden. Achte auf die richtige Dosierung und beobachte genau, wie deine Katze reagiert, wenn du mit der Verabreichung von Lachs\u00f6l beginnst.\u00a0<\/span><\/p>\n<h3>Kann ich Lachs\u00f6l zusammen mit anderen Futtererg\u00e4nzungsmitteln geben?<\/h3>\n<p><span style=\"font-weight: 400;\">Ja, Lachs\u00f6l kann in Kombination mit anderen Nahrungserg\u00e4nzungsmitteln verabreicht werden, vorausgesetzt, es gibt keine Gegenanzeigen. Es ist ratsam, dies mit einem Tierarzt zu besprechen, um m\u00f6gliche Interaktionen zu vermeiden.<\/span><\/p>\n<h3>Wie bewahre ich Lachs\u00f6l auf?<\/h3>\n<p><span style=\"font-weight: 400;\">Lachs\u00f6l sollte k\u00fchl und dunkel gelagert werden. Nach Anbruch solltest du die Flasche immer gut verschlie\u00dfen und im K\u00fchlschrank aufbewahren, damit das \u00d6l l\u00e4nger frisch bleibt und nicht so schnell oxidiert beziehungsweise ranzig wird.\u00a0\u00a0<\/span><\/p>\n","protected":false},"excerpt":{"rendered":"<p>Wer sich etwas intensiver mit der Ern\u00e4hrung von Katzen besch\u00e4ftigt, wird fr\u00fcher oder sp\u00e4ter auf das Thema Lachs\u00f6l sto\u00dfen. Es ist als Produkt zur Futtererg\u00e4nzung erh\u00e4ltlich, aber auch Bestandteil vieler Komplettfuttersorten f\u00fcr Katzen. Schauen wir uns doch mal an, was Lachs\u00f6l eigentlich ist, welche Inhaltsstoffe es so beliebt machen und was zu beachten ist, wenn [&hellip;]<\/p>\n","protected":false},"author":11,"featured_media":17393,"parent":11676,"menu_order":11,"comment_status":"closed","ping_status":"closed","template":"templates\/blog.php","meta":{"_acf_changed":false,"_crdt_document":"","footnotes":"","beyondwords_generate_audio":"","beyondwords_project_id":"","beyondwords_content_id":"","beyondwords_preview_token":"","beyondwords_player_style":"","beyondwords_language_id":"","beyondwords_title_voice_id":"","beyondwords_body_voice_id":"","beyondwords_summary_voice_id":"","beyondwords_error_message":"","beyondwords_disabled":"","beyondwords_delete_content":"","beyondwords_podcast_id":"","beyondwords_hash":"","publish_post_to_speechkit":"","speechkit_hash":"","speechkit_generate_audio":"","speechkit_project_id":"","speechkit_podcast_id":"","speechkit_error_message":"","speechkit_disabled":"","speechkit_access_key":"","speechkit_error":"","speechkit_info":"","speechkit_response":"","speechkit_retries":"","speechkit_status":"","speechkit_updated_at":"","_speechkit_link":"","_speechkit_text":""},"class_list":["post-17388","page","type-page","status-publish","has-post-thumbnail","hentry"],"acf":[],"yoast_head":"<!-- This site is optimized with the Yoast SEO Premium plugin  - https:\/\/yoast.com\/product\/yoast-seo-premium-wordpress\/ -->\n<title>Warum Lachs\u00f6l f\u00fcr Katzen so beliebt ist | Uelzener Magazin<\/title>\n<meta name=\"description\" content=\"Wer sich etwas intensiver mit der Ern\u00e4hrung von Katzen besch\u00e4ftigt, wird fr\u00fcher oder sp\u00e4ter auf das Thema Lachs\u00f6l als Futtererg\u00e4nzung sto\u00dfen. Aber was ist Lachs\u00f6l eigentlich und wie verabreicht man es der Katze?\" \/>\n<meta name=\"robots\" content=\"index, follow, max-snippet:-1, max-image-preview:large, max-video-preview:-1\" \/>\n<link rel=\"canonical\" href=\"https:\/\/uelzener.de\/magazin\/katze\/ernaehrung\/warum-lachsoel-fuer-katzen-so-beliebt-ist\/\" \/>\n<meta property=\"og:locale\" content=\"de_DE\" \/>\n<meta property=\"og:type\" content=\"article\" \/>\n<meta property=\"og:title\" content=\"Warum Lachs\u00f6l f\u00fcr Katzen so beliebt ist\" \/>\n<meta property=\"og:description\" content=\"Wer sich etwas intensiver mit der Ern\u00e4hrung von Katzen besch\u00e4ftigt, wird fr\u00fcher oder sp\u00e4ter auf das Thema Lachs\u00f6l als Futtererg\u00e4nzung sto\u00dfen. Aber was ist Lachs\u00f6l eigentlich und wie verabreicht man es der Katze?\" \/>\n<meta property=\"og:url\" content=\"https:\/\/uelzener.de\/magazin\/katze\/ernaehrung\/warum-lachsoel-fuer-katzen-so-beliebt-ist\/\" \/>\n<meta property=\"og:site_name\" content=\"Uelzener Tier-Magazin\" \/>\n<meta property=\"article:publisher\" content=\"https:\/\/www.facebook.com\/Uelzener\" \/>\n<meta property=\"article:modified_time\" content=\"2025-04-28T07:44:11+00:00\" \/>\n<meta property=\"og:image\" content=\"https:\/\/uelzener.de\/magazin\/app\/uploads\/2024\/05\/lachsoel-fuer-katzen.jpg\" \/>\n\t<meta property=\"og:image:width\" content=\"1025\" \/>\n\t<meta property=\"og:image:height\" content=\"450\" \/>\n\t<meta property=\"og:image:type\" content=\"image\/jpeg\" \/>\n<meta name=\"twitter:card\" content=\"summary_large_image\" \/>\n<meta name=\"twitter:label1\" content=\"Gesch\u00e4tzte Lesezeit\" \/>\n\t<meta name=\"twitter:data1\" content=\"7\u00a0Minuten\" \/>\n<script type=\"application\/ld+json\" class=\"yoast-schema-graph\">{\"@context\":\"https:\/\/schema.org\",\"@graph\":[{\"@type\":\"WebPage\",\"@id\":\"https:\/\/uelzener.de\/magazin\/katze\/ernaehrung\/warum-lachsoel-fuer-katzen-so-beliebt-ist\/\",\"url\":\"https:\/\/uelzener.de\/magazin\/katze\/ernaehrung\/warum-lachsoel-fuer-katzen-so-beliebt-ist\/\",\"name\":\"Warum Lachs\u00f6l f\u00fcr Katzen so beliebt ist | Uelzener Magazin\",\"isPartOf\":{\"@id\":\"https:\/\/uelzener.de\/magazin\/#website\"},\"primaryImageOfPage\":{\"@id\":\"https:\/\/uelzener.de\/magazin\/katze\/ernaehrung\/warum-lachsoel-fuer-katzen-so-beliebt-ist\/#primaryimage\"},\"image\":{\"@id\":\"https:\/\/uelzener.de\/magazin\/katze\/ernaehrung\/warum-lachsoel-fuer-katzen-so-beliebt-ist\/#primaryimage\"},\"thumbnailUrl\":\"https:\/\/uelzener.de\/magazin\/app\/uploads\/2024\/05\/lachsoel-fuer-katzen.jpg\",\"datePublished\":\"2024-05-10T06:43:50+00:00\",\"dateModified\":\"2025-04-28T07:44:11+00:00\",\"description\":\"Wer sich etwas intensiver mit der Ern\u00e4hrung von Katzen besch\u00e4ftigt, wird fr\u00fcher oder sp\u00e4ter auf das Thema Lachs\u00f6l als Futtererg\u00e4nzung sto\u00dfen. Aber was ist Lachs\u00f6l eigentlich und wie verabreicht man es der Katze?\",\"breadcrumb\":{\"@id\":\"https:\/\/uelzener.de\/magazin\/katze\/ernaehrung\/warum-lachsoel-fuer-katzen-so-beliebt-ist\/#breadcrumb\"},\"inLanguage\":\"de\",\"potentialAction\":[{\"@type\":\"ReadAction\",\"target\":[\"https:\/\/uelzener.de\/magazin\/katze\/ernaehrung\/warum-lachsoel-fuer-katzen-so-beliebt-ist\/\"]}]},{\"@type\":\"ImageObject\",\"inLanguage\":\"de\",\"@id\":\"https:\/\/uelzener.de\/magazin\/katze\/ernaehrung\/warum-lachsoel-fuer-katzen-so-beliebt-ist\/#primaryimage\",\"url\":\"https:\/\/uelzener.de\/magazin\/app\/uploads\/2024\/05\/lachsoel-fuer-katzen.jpg\",\"contentUrl\":\"https:\/\/uelzener.de\/magazin\/app\/uploads\/2024\/05\/lachsoel-fuer-katzen.jpg\",\"width\":1025,\"height\":450,\"caption\":\"Katze bekommt Lachs\u00f6l per Pipette verabreicht.\"},{\"@type\":\"WebSite\",\"@id\":\"https:\/\/uelzener.de\/magazin\/#website\",\"url\":\"https:\/\/uelzener.de\/magazin\/\",\"name\":\"Uelzener Tiermagazin\",\"description\":\"Online Tierratgeber der Uelzener Versicherungen\",\"publisher\":{\"@id\":\"https:\/\/uelzener.de\/magazin\/#organization\"},\"potentialAction\":[{\"@type\":\"SearchAction\",\"target\":{\"@type\":\"EntryPoint\",\"urlTemplate\":\"https:\/\/uelzener.de\/magazin\/?s={search_term_string}\"},\"query-input\":{\"@type\":\"PropertyValueSpecification\",\"valueRequired\":true,\"valueName\":\"search_term_string\"}}],\"inLanguage\":\"de\"},{\"@type\":\"Organization\",\"@id\":\"https:\/\/uelzener.de\/magazin\/#organization\",\"name\":\"Uelzener Versicherungen\",\"url\":\"https:\/\/uelzener.de\/magazin\/\",\"logo\":{\"@type\":\"ImageObject\",\"inLanguage\":\"de\",\"@id\":\"https:\/\/uelzener.de\/magazin\/#\/schema\/logo\/image\/\",\"url\":\"https:\/\/uelzener.de\/magazin\/app\/uploads\/2024\/11\/uelzener_allgemeine_versicherungsgesellschaft_a_g_logo.jpg\",\"contentUrl\":\"https:\/\/uelzener.de\/magazin\/app\/uploads\/2024\/11\/uelzener_allgemeine_versicherungsgesellschaft_a_g_logo.jpg\",\"width\":200,\"height\":200,\"caption\":\"Uelzener Versicherungen\"},\"image\":{\"@id\":\"https:\/\/uelzener.de\/magazin\/#\/schema\/logo\/image\/\"},\"sameAs\":[\"https:\/\/www.facebook.com\/Uelzener\",\"https:\/\/instagram.com\/uelzener\",\"https:\/\/www.xing.com\/pages\/uelzenerallgemeineversicherungs-gesellschafta-g\",\"https:\/\/www.youtube.com\/UelzenerVersicherungen\"]}]}<\/script>\n<!-- \/ Yoast SEO Premium plugin. -->","yoast_head_json":{"title":"Warum Lachs\u00f6l f\u00fcr Katzen so beliebt ist | Uelzener Magazin","description":"Wer sich etwas intensiver mit der Ern\u00e4hrung von Katzen besch\u00e4ftigt, wird fr\u00fcher oder sp\u00e4ter auf das Thema Lachs\u00f6l als Futtererg\u00e4nzung sto\u00dfen. Aber was ist Lachs\u00f6l eigentlich und wie verabreicht man es der Katze?","robots":{"index":"index","follow":"follow","max-snippet":"max-snippet:-1","max-image-preview":"max-image-preview:large","max-video-preview":"max-video-preview:-1"},"canonical":"https:\/\/uelzener.de\/magazin\/katze\/ernaehrung\/warum-lachsoel-fuer-katzen-so-beliebt-ist\/","og_locale":"de_DE","og_type":"article","og_title":"Warum Lachs\u00f6l f\u00fcr Katzen so beliebt ist","og_description":"Wer sich etwas intensiver mit der Ern\u00e4hrung von Katzen besch\u00e4ftigt, wird fr\u00fcher oder sp\u00e4ter auf das Thema Lachs\u00f6l als Futtererg\u00e4nzung sto\u00dfen. Aber was ist Lachs\u00f6l eigentlich und wie verabreicht man es der Katze?","og_url":"https:\/\/uelzener.de\/magazin\/katze\/ernaehrung\/warum-lachsoel-fuer-katzen-so-beliebt-ist\/","og_site_name":"Uelzener Tier-Magazin","article_publisher":"https:\/\/www.facebook.com\/Uelzener","article_modified_time":"2025-04-28T07:44:11+00:00","og_image":[{"width":1025,"height":450,"url":"https:\/\/uelzener.de\/magazin\/app\/uploads\/2024\/05\/lachsoel-fuer-katzen.jpg","type":"image\/jpeg"}],"twitter_card":"summary_large_image","twitter_misc":{"Gesch\u00e4tzte Lesezeit":"7\u00a0Minuten"},"schema":{"@context":"https:\/\/schema.org","@graph":[{"@type":"WebPage","@id":"https:\/\/uelzener.de\/magazin\/katze\/ernaehrung\/warum-lachsoel-fuer-katzen-so-beliebt-ist\/","url":"https:\/\/uelzener.de\/magazin\/katze\/ernaehrung\/warum-lachsoel-fuer-katzen-so-beliebt-ist\/","name":"Warum Lachs\u00f6l f\u00fcr Katzen so beliebt ist | Uelzener Magazin","isPartOf":{"@id":"https:\/\/uelzener.de\/magazin\/#website"},"primaryImageOfPage":{"@id":"https:\/\/uelzener.de\/magazin\/katze\/ernaehrung\/warum-lachsoel-fuer-katzen-so-beliebt-ist\/#primaryimage"},"image":{"@id":"https:\/\/uelzener.de\/magazin\/katze\/ernaehrung\/warum-lachsoel-fuer-katzen-so-beliebt-ist\/#primaryimage"},"thumbnailUrl":"https:\/\/uelzener.de\/magazin\/app\/uploads\/2024\/05\/lachsoel-fuer-katzen.jpg","datePublished":"2024-05-10T06:43:50+00:00","dateModified":"2025-04-28T07:44:11+00:00","description":"Wer sich etwas intensiver mit der Ern\u00e4hrung von Katzen besch\u00e4ftigt, wird fr\u00fcher oder sp\u00e4ter auf das Thema Lachs\u00f6l als Futtererg\u00e4nzung sto\u00dfen. Aber was ist Lachs\u00f6l eigentlich und wie verabreicht man es der Katze?","breadcrumb":{"@id":"https:\/\/uelzener.de\/magazin\/katze\/ernaehrung\/warum-lachsoel-fuer-katzen-so-beliebt-ist\/#breadcrumb"},"inLanguage":"de","potentialAction":[{"@type":"ReadAction","target":["https:\/\/uelzener.de\/magazin\/katze\/ernaehrung\/warum-lachsoel-fuer-katzen-so-beliebt-ist\/"]}]},{"@type":"ImageObject","inLanguage":"de","@id":"https:\/\/uelzener.de\/magazin\/katze\/ernaehrung\/warum-lachsoel-fuer-katzen-so-beliebt-ist\/#primaryimage","url":"https:\/\/uelzener.de\/magazin\/app\/uploads\/2024\/05\/lachsoel-fuer-katzen.jpg","contentUrl":"https:\/\/uelzener.de\/magazin\/app\/uploads\/2024\/05\/lachsoel-fuer-katzen.jpg","width":1025,"height":450,"caption":"Katze bekommt Lachs\u00f6l per Pipette verabreicht."},{"@type":"WebSite","@id":"https:\/\/uelzener.de\/magazin\/#website","url":"https:\/\/uelzener.de\/magazin\/","name":"Uelzener Tiermagazin","description":"Online Tierratgeber der Uelzener Versicherungen","publisher":{"@id":"https:\/\/uelzener.de\/magazin\/#organization"},"potentialAction":[{"@type":"SearchAction","target":{"@type":"EntryPoint","urlTemplate":"https:\/\/uelzener.de\/magazin\/?s={search_term_string}"},"query-input":{"@type":"PropertyValueSpecification","valueRequired":true,"valueName":"search_term_string"}}],"inLanguage":"de"},{"@type":"Organization","@id":"https:\/\/uelzener.de\/magazin\/#organization","name":"Uelzener Versicherungen","url":"https:\/\/uelzener.de\/magazin\/","logo":{"@type":"ImageObject","inLanguage":"de","@id":"https:\/\/uelzener.de\/magazin\/#\/schema\/logo\/image\/","url":"https:\/\/uelzener.de\/magazin\/app\/uploads\/2024\/11\/uelzener_allgemeine_versicherungsgesellschaft_a_g_logo.jpg","contentUrl":"https:\/\/uelzener.de\/magazin\/app\/uploads\/2024\/11\/uelzener_allgemeine_versicherungsgesellschaft_a_g_logo.jpg","width":200,"height":200,"caption":"Uelzener Versicherungen"},"image":{"@id":"https:\/\/uelzener.de\/magazin\/#\/schema\/logo\/image\/"},"sameAs":["https:\/\/www.facebook.com\/Uelzener","https:\/\/instagram.com\/uelzener","https:\/\/www.xing.com\/pages\/uelzenerallgemeineversicherungs-gesellschafta-g","https:\/\/www.youtube.com\/UelzenerVersicherungen"]}]}},"_links":{"self":[{"href":"https:\/\/uelzener.de\/magazin\/wp-json\/wp\/v2\/pages\/17388","targetHints":{"allow":["GET"]}}],"collection":[{"href":"https:\/\/uelzener.de\/magazin\/wp-json\/wp\/v2\/pages"}],"about":[{"href":"https:\/\/uelzener.de\/magazin\/wp-json\/wp\/v2\/types\/page"}],"author":[{"embeddable":true,"href":"https:\/\/uelzener.de\/magazin\/wp-json\/wp\/v2\/users\/11"}],"replies":[{"embeddable":true,"href":"https:\/\/uelzener.de\/magazin\/wp-json\/wp\/v2\/comments?post=17388"}],"version-history":[{"count":5,"href":"https:\/\/uelzener.de\/magazin\/wp-json\/wp\/v2\/pages\/17388\/revisions"}],"predecessor-version":[{"id":18437,"href":"https:\/\/uelzener.de\/magazin\/wp-json\/wp\/v2\/pages\/17388\/revisions\/18437"}],"up":[{"embeddable":true,"href":"https:\/\/uelzener.de\/magazin\/wp-json\/wp\/v2\/pages\/11676"}],"wp:featuredmedia":[{"embeddable":true,"href":"https:\/\/uelzener.de\/magazin\/wp-json\/wp\/v2\/media\/17393"}],"wp:attachment":[{"href":"https:\/\/uelzener.de\/magazin\/wp-json\/wp\/v2\/media?parent=17388"}],"curies":[{"name":"wp","href":"https:\/\/api.w.org\/{rel}","templated":true}]}}