{"id":17359,"date":"2024-05-02T12:13:32","date_gmt":"2024-05-02T10:13:32","guid":{"rendered":"https:\/\/uelzener.de\/magazin\/?page_id=17359"},"modified":"2025-01-02T13:52:29","modified_gmt":"2025-01-02T12:52:29","slug":"ausschuhen-beim-pferd","status":"publish","type":"page","link":"https:\/\/uelzener.de\/magazin\/pferd\/tiergesundheit\/ausschuhen-beim-pferd\/","title":{"rendered":"Ausschuhen beim Pferd: Ein schwerwiegender Befund"},"content":{"rendered":"<p><span style=\"font-weight: 400;\">Wird beim Pferd das Ausschuhen festgestellt, ist das f\u00fcr Halter und Halterinnen zun\u00e4chst einmal ein Schock. Es bedeutet, dass das Pferd nicht nur einen Leidensweg hinter sich hat, sondern dass ihm noch ein langer Leidensweg bevorsteht. Als Ausschuhen bezeichnet man das vollst\u00e4ndige Abl\u00f6sen der Hufkapsel. Beim Menschen entspricht das dem Verlust der Finger- oder Zehenn\u00e4gel \u2013 allerdings ist die Belastung f\u00fcr ein Pferd beim Ausschuhen ungleich h\u00f6her. Ohne Kapsel ist der Huf als Zehenendorgan vollkommen ungesch\u00fctzt. Dementsprechend sind das Laufen und Stehen mit gro\u00dfen Schmerzen verbunden. Das Ausschuhen beim Pferd ist ein ernster Befund und kann das Todesurteil bedeuten. Wir erkl\u00e4ren, was genau dabei passiert und welche Ursachen zugrunde liegen.\u00a0<\/span><\/p>\n<h2>Was passiert beim Ausschuhen?<\/h2>\n<p><span style=\"font-weight: 400;\">Gesunde Hufe sind f\u00fcr ein Pferd von elementarer Bedeutung. Sie tragen das Gewicht des Tieres und federn beim Laufen und Springen St\u00f6\u00dfe ab, um die Gelenke zu schonen. Im Wesentlichen besteht ein Pferdehuf aus einer Hornkapsel, mehreren Lederh\u00e4uten und Polstern, einem dermalen Gef\u00e4\u00df- und Nervensystem und dem Hufbein. Bei einem gesunden Huf ist die Hornkapsel glatt und rundum geschlossen. Sie bildet die Oberhaut und sch\u00fctzt die darunterliegenden Strukturen vor \u00e4u\u00dferen Einfl\u00fcssen. In der Hornkapsel ist das Hufbein \u201eaufgeh\u00e4ngt\u201c, als ob es in einem Schuh sitzen w\u00fcrde. Die Verbindung zwischen Hufbein und Hufkapsel wird durch Hautpl\u00e4ttchen bzw. Lamellen hergestellt, die komplexe und belastbare Strukturen bilden. In ihrer Gesamtheit werden diese Strukturen als Hufbeintr\u00e4ger bezeichnet. Beim Ausschuhen lockern sich diese Strukturen und infolgedessen die Verbindung von Hufbein und Hufkapsel \u2013 und zwar so weit, dass sich die Hufkapsel vollst\u00e4ndig abl\u00f6st und ihre biomechanischen Aufgaben und Schutzfunktionen nicht mehr erf\u00fcllen kann.<\/span><\/p>\n<h2>Ursachen f\u00fcr das Ausschuhen beim Pferd<\/h2>\n<p><span style=\"font-weight: 400;\">Das Ausschuhen beim Pferd tritt infolge einer Entz\u00fcndung am Huf auf. Ausl\u00f6ser ist ein entz\u00fcndungsbedingtes \u00d6dem, also eine Fl\u00fcssigkeitsansammlung, die die Strukturen des Hufbeintr\u00e4gers besch\u00e4digt. Dadurch lockert sich der Festhalteapparat und die Hufkapsel l\u00f6st sich. Solche Prozesse werden bei Pferden haupts\u00e4chlich durch <\/span><a href=\"https:\/\/uelzener.de\/magazin\/pferd\/tiergesundheit\/hufrehe\/\"><span style=\"font-weight: 400;\">Hufrehe<\/span><\/a><span style=\"font-weight: 400;\"> verursacht. Als Hufrehe bezeichnet man eine aseptische Entz\u00fcndung der Huflederhaut. Die Lederhaut schwillt dabei so stark an (\u00d6dembildung durch austretende Gewebsfl\u00fcssigkeit), dass das Blut im Huf nicht mehr richtig zirkuliert, was sich wiederum negativ auf die N\u00e4hrstoffversorgung auswirkt. Da sich die Schwellung in der Hornkapsel nicht ausdehnen kann, entsteht ein starker Druck, der f\u00fcr das Pferd sehr schmerzhaft ist. Die Ursachen f\u00fcr Hufrehe k\u00f6nnen vielf\u00e4ltig sein:<\/span><\/p>\n<ul>\n<li style=\"font-weight: 400;\" aria-level=\"1\"><b>Falsche F\u00fctterung<\/b><span style=\"font-weight: 400;\">: Zuviel St\u00e4rke und Zucker im Futter sowie die Aufnahme von Fruktan, das nat\u00fcrlicherweise in Gras und Heu enthalten ist, k\u00f6nnen dazu f\u00fchren, dass der K\u00f6rper \u00fcbers\u00e4uert. Das hat zur Folge, dass n\u00fctzliche Darmbakterien absterben und Giftstoffe nicht mehr abgef\u00fchrt werden, sondern \u00fcber die Blutbahn zum Huf gelangen und die Entstehung von Entz\u00fcndungen beg\u00fcnstigen.<\/span><\/li>\n<li style=\"font-weight: 400;\" aria-level=\"1\"><b>\u00dcberm\u00e4\u00dfige Belastung<\/b><span style=\"font-weight: 400;\">: Eine dauerhaft \u00fcberm\u00e4\u00dfige Belastung und Fehlbelastung, beispielsweise durch \u00fcbersteigertes Training oder \u00dcbungen auf ungeeignetem Untergrund, kann zu Sch\u00e4den an den Hufstrukturen und letztlich zu Hufrehe f\u00fchren.<\/span><\/li>\n<li style=\"font-weight: 400;\" aria-level=\"1\"><b>Vergiftung<\/b><span style=\"font-weight: 400;\">: Giftstoffe, die nicht abgebaut werden, haben ebenfalls das Potenzial, Hufrehe auszul\u00f6sen. Das k\u00f6nnen Toxine in Giftpflanzen oder Medikamenten sein oder auch Schimmel, Pestizide und andere Umweltgifte.<\/span><\/li>\n<li style=\"font-weight: 400;\" aria-level=\"1\"><b>Equines Cushing Syndrom<\/b><span style=\"font-weight: 400;\">: Das <\/span><a href=\"https:\/\/uelzener.de\/magazin\/pferd\/tiergesundheit\/equines-cushing-syndrom-bei-pferden-ursachen-symptome-therapiemoeglichkeiten\/\"><span style=\"font-weight: 400;\">Equine Cushing Syndrom<\/span><\/a><span style=\"font-weight: 400;\"> (ECS) ist eine Hormonst\u00f6rung, die auf eine Fehlfunktion der Hirnanhangdr\u00fcse zur\u00fcckzuf\u00fchren ist. Betroffenen Pferden fehlt der Botenstoff Dopamin, der ben\u00f6tigt wird, um die Produktion des Hormons ACTH zu regeln. ACTH ist wiederum f\u00fcr die Aussch\u00fcttung des Stresshormons Cortisol zust\u00e4ndig. Da die Dopamin-Bremse fehlt, wird es stetig weiterproduziert, sodass der Cortisol-Spiegel konstant hoch ist. Das wirkt sich auf viele Mechanismen im K\u00f6rper aus, sei es der Stoffwechsel oder Blutzuckerspiegel, und hat Durchblutungsst\u00f6rungen zur Folge, die Hufrehe beg\u00fcnstigen k\u00f6nnen.\u00a0<\/span><\/li>\n<li style=\"font-weight: 400;\" aria-level=\"1\"><b>Equines Metabolisches Syndrom<\/b><span style=\"font-weight: 400;\">: Das Equine Metabolische Syndrom (EMS) ist wie Cushing eine Stoffwechselst\u00f6rung, bei der zu viel Insulin produziert wird. Der Blutzuckerspiegel bleibt daher auf einem konstant hohen Level, was wiederum zu \u00dcbers\u00e4uerung und Durchblutungsst\u00f6rungen f\u00fchrt.\u00a0<\/span><\/li>\n<\/ul>\n<p><span style=\"font-weight: 400;\">Es gibt noch eine Reihe weiterer Faktoren, die Ursache f\u00fcr Hufrehe k\u00f6nnen, sei es \u00dcbergewicht oder eine falsche Hufbearbeitung. Der Verlauf der Erkrankung erfolgt in vier Stadien, von denen das Ausschuhen das Endstadium bildet.\u00a0<\/span><\/p>\n<p><span style=\"font-weight: 400;\">Um zu verhindern, dass es so weit kommt, sollte bereits bei den ersten Anzeichen von Hufrehe umgehend gehandelt und \u00e4rztlicher Rat eingeholt werden. Je schneller die Erkrankung erkannt wird, desto besser. Wie die Therapie konkret aussieht, ist von Fall zu Fall unterschiedlich. Es muss sowohl die Ursache ausfindig gemacht und behoben werden als auch die Entz\u00fcndung einged\u00e4mmt werden. Eine <\/span><span style=\"font-weight: 400;\">Pferdekrankenversicherung<\/span><span style=\"font-weight: 400;\"> ist in solchen F\u00e4llen eine gro\u00dfe Hilfe. Sie deckt die Kosten, die durch Diagnostik, Medikamente, Therapiema\u00dfnahmen und dergleichen entstehen, und sch\u00fctzt Halterinnen und Halter dadurch vor finanzieller Belastung.\u00a0<\/span><\/p>\n\n<div class=\"banner\">\n    <a href=\"https:\/\/uelzener.de\/pferd\/herden-versicherung\/?agt=0000104925&sem=true&utm_medium=magazin&utm_source=wordpress&utm_campaign=pferd_kv&utm_content=banner    \">\n        <img decoding=\"async\" width=\"300\" height=\"212\" src=\"https:\/\/uelzener.de\/magazin\/app\/uploads\/2025\/01\/Pferde-Kranken-Versicherung.jpg\" class=\"attachment-medium size-medium\" alt=\"Banner Pferde-Kranken-Versicherung\" \/>    <\/a>\n<\/div>\n\n<h2>Ausschuhen beim Pferd behandeln<\/h2>\n<p><span style=\"font-weight: 400;\">Das Ausschuhen beim Pferd zu behandeln, ist eine \u00e4u\u00dferst schwierige Angelegenheit, da damit eine erhebliche und eigentlich unzumutbare Belastung f\u00fcr das Pferd einhergeht. Theoretisch ist eine Heilung m\u00f6glich, denn die Hufkapsel kann nachwachsen. Zum Schutz vor Infektionen m\u00fcssen dann regelm\u00e4\u00dfig antiseptische Verb\u00e4nde angelegt werden. Das Nachwachsen dauert allerdings sehr lange. Die Hornbildungsrate reicht von 4 mm (<a href=\"https:\/\/uelzener.de\/magazin\/pferd\/rasseportrait\/robustpferde-urspruenglich-anpassungsfaehig-vielseitig\/\">Islandpferde<\/a>, Vollbl\u00fcter) bis hin zu 14 mm pro Monat. Man geht daher von einem Durchschnittswert von 8 mm pro Monat aus. Bis sich das Hufhorn vollst\u00e4ndig erneuert hat, kann es ein Jahr oder sogar bis zu zwei Jahre dauern.<\/span><\/p>\n<p><span style=\"font-weight: 400;\">Das gro\u00dfe Problem daran ist, dass das Pferd w\u00e4hrend dieser Zeit kaum stehen oder laufen darf. Stattdessen muss es vorrangig liegen oder h\u00e4ngend positioniert werden, um die Hufe nicht zu belasten. F\u00fcr ein Lauftier, das von Natur aus einen gro\u00dfen Bewegungsdrang hat, ist das alles andere als artgerecht. Das Risiko, dass das Pferd mit weiteren Erkrankungen reagiert und infolgedessen verstirbt, ist gro\u00df. Und es gibt noch ein Problem: Der Heilungserfolg ist ungewiss. \u00c4hnlich wie bei Finger- oder Zehenn\u00e4geln beim Menschen kann es passieren, dass die Hornkapsel deformiert nachw\u00e4chst und neue Schwierigkeiten verursacht. Das Pferd einem langen Leidensweg aussetzen zu m\u00fcssen, ist jedoch der Hauptgrund, weshalb Tier\u00e4rzte und Tier\u00e4rztinnen h\u00e4ufig dazu raten, das Tier zu erl\u00f6sen.\u00a0<\/span><\/p>\n<h2>Fazit<\/h2>\n<p><span style=\"font-weight: 400;\">Das Ausschuhen beim Pferd stellt Halter und Halterinnen vor eine schwere Entscheidung. Sie m\u00fcssen abw\u00e4gen, was sie ihrem Tier und sich selbst zumuten m\u00f6chten \u2013 sowohl in die eine als auch in die andere Richtung. Wenn es um das Wohl des Pferdes geht, ist am Ende jeder Schritt gerechtfertigt, auch wenn es bis zum \u00c4u\u00dfersten geht. Am besten ist es, gar nicht erst in diese Situation zu kommen. Regelm\u00e4\u00dfige veterin\u00e4rmedizinische Untersuchungen, eine gute Pflege und eine artgerechte Haltung mit viel Bewegung und hochwertigem Futter k\u00f6nnen dazu beitragen, das Risiko f\u00fcr Hufrehe zu minimieren. Zwar lassen sich nicht alle Ausl\u00f6ser durch Pr\u00e4vention kontrollieren, die Gefahr einer Erkrankung ist jedoch geringer.<\/span><\/p>\n<h2>FAQ: H\u00e4ufig gestellte Fragen zum Ausschuhen beim Pferd<\/h2>\n<h3>Bei welchen Tieren gibt es das Ausschuhen noch?<\/h3>\n<p><span style=\"font-weight: 400;\">Das Ausschuhen kann nicht nur bei Pferden, sondern bei Huftieren im Allgemeinen auftreten, also bei Paarhufern und Unpaarhufern. Pferde z\u00e4hlen zu den Unpaarhufern, genauso wie Esel und Zebras. Ihre Zehenendorgane werden als Hufe bezeichnet. Bei Paarhufern, zu denen unter anderem Rinder, Schafe, Ziegen und Schweine geh\u00f6ren, hei\u00dfen die Zehenendorgane Klauen. Hier kann das Ausschuhen durch Maul- und Klauenseuche hervorgerufen werden.<\/span><\/p>\n<h3>Bedeutet das Ausschuhen automatisch, das Pferd einschl\u00e4fern zu m\u00fcssen?<\/h3>\n<p><span style=\"font-weight: 400;\">Nein, es wird gemeinsam mit dem Tierarzt oder der Tier\u00e4rztin besprochen, welche Wege gegangen werden k\u00f6nnen, was das f\u00fcr das Pferd bedeutet und welche Heilungschancen bestehen. Allerdings ist es sinnvoll, sich mit dem Gedanken auseinanderzusetzen. Ist der Leidensdruck dem Tier nicht zumutbar, ist Einschl\u00e4fern die beste L\u00f6sung.\u00a0\u00a0<\/span><\/p>\n<h3>Welche Symptome zeigen Pferde mit Hufrehe?<\/h3>\n<p><span style=\"font-weight: 400;\">M\u00f6gliche Symptome von Hufrehe sind:\u00a0<\/span><\/p>\n<ul>\n<li style=\"font-weight: 400;\" aria-level=\"1\"><span style=\"font-weight: 400;\">Lahmheit, insbesondere beim Gehen auf hartem Untergrund oder im Kreis\u00a0<\/span><\/li>\n<li style=\"font-weight: 400;\" aria-level=\"1\"><span style=\"font-weight: 400;\">warme bis hei\u00dfe Hufwand<\/span><\/li>\n<li style=\"font-weight: 400;\" aria-level=\"1\"><span style=\"font-weight: 400;\">starkes Pulsieren in den Hufen<\/span><\/li>\n<li style=\"font-weight: 400;\" aria-level=\"1\"><span style=\"font-weight: 400;\">Schwierigkeiten beim Aufstehen<\/span><\/li>\n<li style=\"font-weight: 400;\" aria-level=\"1\"><span style=\"font-weight: 400;\">Ver\u00e4nderung der Hufstellung<\/span><\/li>\n<li style=\"font-weight: 400;\" aria-level=\"1\"><span style=\"font-weight: 400;\">Ver\u00e4nderungen im Gangbild<\/span><\/li>\n<\/ul>\n<p><span style=\"font-weight: 400;\">Pferde zeigen oft auch Anzeichen von Stress oder Schmerz.<\/span><\/p>\n<h3>Wie wird Hufrehe behandelt?<\/h3>\n<p><span style=\"font-weight: 400;\">Die Behandlung von Hufrehe umfasst in der Regel die Verabreichung entz\u00fcndungshemmender Medikamente, eine spezielle Hufpflege, einen speziellen Hufbeschlag, die Anpassung der F\u00fctterung und unter Umst\u00e4nden chirurgische Eingriffe. Wichtig ist eine schnelle Behandlung, um eine Verschlechterung des Zustands zu verhindern.<\/span><\/p>\n","protected":false},"excerpt":{"rendered":"<p>Wird beim Pferd das Ausschuhen festgestellt, ist das f\u00fcr Halter und Halterinnen zun\u00e4chst einmal ein Schock. Es bedeutet, dass das Pferd nicht nur einen Leidensweg hinter sich hat, sondern dass ihm noch ein langer Leidensweg bevorsteht. Als Ausschuhen bezeichnet man das vollst\u00e4ndige Abl\u00f6sen der Hufkapsel. Beim Menschen entspricht das dem Verlust der Finger- oder Zehenn\u00e4gel [&hellip;]<\/p>\n","protected":false},"author":11,"featured_media":17361,"parent":11706,"menu_order":44,"comment_status":"closed","ping_status":"closed","template":"templates\/blog.php","meta":{"_acf_changed":false,"_crdt_document":"","footnotes":"","beyondwords_generate_audio":"","beyondwords_project_id":"","beyondwords_content_id":"","beyondwords_preview_token":"","beyondwords_player_style":"","beyondwords_language_id":"","beyondwords_title_voice_id":"","beyondwords_body_voice_id":"","beyondwords_summary_voice_id":"","beyondwords_error_message":"","beyondwords_disabled":"","beyondwords_delete_content":"","beyondwords_podcast_id":"","beyondwords_hash":"","publish_post_to_speechkit":"","speechkit_hash":"","speechkit_generate_audio":"","speechkit_project_id":"","speechkit_podcast_id":"","speechkit_error_message":"","speechkit_disabled":"","speechkit_access_key":"","speechkit_error":"","speechkit_info":"","speechkit_response":"","speechkit_retries":"","speechkit_status":"","speechkit_updated_at":"","_speechkit_link":"","_speechkit_text":""},"class_list":["post-17359","page","type-page","status-publish","has-post-thumbnail","hentry"],"acf":[],"yoast_head":"<!-- This site is optimized with the Yoast SEO Premium plugin  - https:\/\/yoast.com\/product\/yoast-seo-premium-wordpress\/ -->\n<title>Ausschuhen beim Pferd: Ein schwerwiegender Befund | Uelzener Magazin<\/title>\n<meta name=\"description\" content=\"Als Ausschuhen bezeichnet man das vollst\u00e4ndige Abl\u00f6sen der Hufkapsel. Beim Menschen entspricht das dem Verlust der Finger- oder Zehenn\u00e4gel \u2013 allerdings ist die Belastung f\u00fcr ein Pferd beim Ausschuhen ungleich h\u00f6her. Wir erkl\u00e4ren, was genau dabei passiert und welche Ursachen zugrunde liegen.\u00a0\" \/>\n<meta name=\"robots\" content=\"index, follow, max-snippet:-1, max-image-preview:large, max-video-preview:-1\" \/>\n<link rel=\"canonical\" href=\"https:\/\/uelzener.de\/magazin\/pferd\/tiergesundheit\/ausschuhen-beim-pferd\/\" \/>\n<meta property=\"og:locale\" content=\"de_DE\" \/>\n<meta property=\"og:type\" content=\"article\" \/>\n<meta property=\"og:title\" content=\"Ausschuhen beim Pferd: Ein schwerwiegender Befund\" \/>\n<meta property=\"og:description\" content=\"Als Ausschuhen bezeichnet man das vollst\u00e4ndige Abl\u00f6sen der Hufkapsel. Beim Menschen entspricht das dem Verlust der Finger- oder Zehenn\u00e4gel \u2013 allerdings ist die Belastung f\u00fcr ein Pferd beim Ausschuhen ungleich h\u00f6her. Wir erkl\u00e4ren, was genau dabei passiert und welche Ursachen zugrunde liegen.\u00a0\" \/>\n<meta property=\"og:url\" content=\"https:\/\/uelzener.de\/magazin\/pferd\/tiergesundheit\/ausschuhen-beim-pferd\/\" \/>\n<meta property=\"og:site_name\" content=\"Uelzener Tier-Magazin\" \/>\n<meta property=\"article:publisher\" content=\"https:\/\/www.facebook.com\/Uelzener\" \/>\n<meta property=\"article:modified_time\" content=\"2025-01-02T12:52:29+00:00\" \/>\n<meta property=\"og:image\" content=\"https:\/\/uelzener.de\/magazin\/app\/uploads\/2024\/05\/ausschuhen-pferd.jpg\" \/>\n\t<meta property=\"og:image:width\" content=\"1025\" \/>\n\t<meta property=\"og:image:height\" content=\"450\" \/>\n\t<meta property=\"og:image:type\" content=\"image\/jpeg\" \/>\n<meta name=\"twitter:card\" content=\"summary_large_image\" \/>\n<meta name=\"twitter:label1\" content=\"Gesch\u00e4tzte Lesezeit\" \/>\n\t<meta name=\"twitter:data1\" content=\"6\u00a0Minuten\" \/>\n<script type=\"application\/ld+json\" class=\"yoast-schema-graph\">{\"@context\":\"https:\/\/schema.org\",\"@graph\":[{\"@type\":\"WebPage\",\"@id\":\"https:\/\/uelzener.de\/magazin\/pferd\/tiergesundheit\/ausschuhen-beim-pferd\/\",\"url\":\"https:\/\/uelzener.de\/magazin\/pferd\/tiergesundheit\/ausschuhen-beim-pferd\/\",\"name\":\"Ausschuhen beim Pferd: Ein schwerwiegender Befund | Uelzener Magazin\",\"isPartOf\":{\"@id\":\"https:\/\/uelzener.de\/magazin\/#website\"},\"primaryImageOfPage\":{\"@id\":\"https:\/\/uelzener.de\/magazin\/pferd\/tiergesundheit\/ausschuhen-beim-pferd\/#primaryimage\"},\"image\":{\"@id\":\"https:\/\/uelzener.de\/magazin\/pferd\/tiergesundheit\/ausschuhen-beim-pferd\/#primaryimage\"},\"thumbnailUrl\":\"https:\/\/uelzener.de\/magazin\/app\/uploads\/2024\/05\/ausschuhen-pferd.jpg\",\"datePublished\":\"2024-05-02T10:13:32+00:00\",\"dateModified\":\"2025-01-02T12:52:29+00:00\",\"description\":\"Als Ausschuhen bezeichnet man das vollst\u00e4ndige Abl\u00f6sen der Hufkapsel. Beim Menschen entspricht das dem Verlust der Finger- oder Zehenn\u00e4gel \u2013 allerdings ist die Belastung f\u00fcr ein Pferd beim Ausschuhen ungleich h\u00f6her. Wir erkl\u00e4ren, was genau dabei passiert und welche Ursachen zugrunde liegen.\u00a0\",\"breadcrumb\":{\"@id\":\"https:\/\/uelzener.de\/magazin\/pferd\/tiergesundheit\/ausschuhen-beim-pferd\/#breadcrumb\"},\"inLanguage\":\"de\",\"potentialAction\":[{\"@type\":\"ReadAction\",\"target\":[\"https:\/\/uelzener.de\/magazin\/pferd\/tiergesundheit\/ausschuhen-beim-pferd\/\"]}]},{\"@type\":\"ImageObject\",\"inLanguage\":\"de\",\"@id\":\"https:\/\/uelzener.de\/magazin\/pferd\/tiergesundheit\/ausschuhen-beim-pferd\/#primaryimage\",\"url\":\"https:\/\/uelzener.de\/magazin\/app\/uploads\/2024\/05\/ausschuhen-pferd.jpg\",\"contentUrl\":\"https:\/\/uelzener.de\/magazin\/app\/uploads\/2024\/05\/ausschuhen-pferd.jpg\",\"width\":1025,\"height\":450,\"caption\":\"Arzt zeigt jungem Mann R\u00f6ntgenbild einer Pferdehufe.\"},{\"@type\":\"WebSite\",\"@id\":\"https:\/\/uelzener.de\/magazin\/#website\",\"url\":\"https:\/\/uelzener.de\/magazin\/\",\"name\":\"Uelzener Tiermagazin\",\"description\":\"Online Tierratgeber der Uelzener Versicherungen\",\"publisher\":{\"@id\":\"https:\/\/uelzener.de\/magazin\/#organization\"},\"potentialAction\":[{\"@type\":\"SearchAction\",\"target\":{\"@type\":\"EntryPoint\",\"urlTemplate\":\"https:\/\/uelzener.de\/magazin\/?s={search_term_string}\"},\"query-input\":{\"@type\":\"PropertyValueSpecification\",\"valueRequired\":true,\"valueName\":\"search_term_string\"}}],\"inLanguage\":\"de\"},{\"@type\":\"Organization\",\"@id\":\"https:\/\/uelzener.de\/magazin\/#organization\",\"name\":\"Uelzener Versicherungen\",\"url\":\"https:\/\/uelzener.de\/magazin\/\",\"logo\":{\"@type\":\"ImageObject\",\"inLanguage\":\"de\",\"@id\":\"https:\/\/uelzener.de\/magazin\/#\/schema\/logo\/image\/\",\"url\":\"https:\/\/uelzener.de\/magazin\/app\/uploads\/2024\/11\/uelzener_allgemeine_versicherungsgesellschaft_a_g_logo.jpg\",\"contentUrl\":\"https:\/\/uelzener.de\/magazin\/app\/uploads\/2024\/11\/uelzener_allgemeine_versicherungsgesellschaft_a_g_logo.jpg\",\"width\":200,\"height\":200,\"caption\":\"Uelzener Versicherungen\"},\"image\":{\"@id\":\"https:\/\/uelzener.de\/magazin\/#\/schema\/logo\/image\/\"},\"sameAs\":[\"https:\/\/www.facebook.com\/Uelzener\",\"https:\/\/instagram.com\/uelzener\",\"https:\/\/www.xing.com\/pages\/uelzenerallgemeineversicherungs-gesellschafta-g\",\"https:\/\/www.youtube.com\/UelzenerVersicherungen\"]}]}<\/script>\n<!-- \/ Yoast SEO Premium plugin. -->","yoast_head_json":{"title":"Ausschuhen beim Pferd: Ein schwerwiegender Befund | Uelzener Magazin","description":"Als Ausschuhen bezeichnet man das vollst\u00e4ndige Abl\u00f6sen der Hufkapsel. Beim Menschen entspricht das dem Verlust der Finger- oder Zehenn\u00e4gel \u2013 allerdings ist die Belastung f\u00fcr ein Pferd beim Ausschuhen ungleich h\u00f6her. Wir erkl\u00e4ren, was genau dabei passiert und welche Ursachen zugrunde liegen.\u00a0","robots":{"index":"index","follow":"follow","max-snippet":"max-snippet:-1","max-image-preview":"max-image-preview:large","max-video-preview":"max-video-preview:-1"},"canonical":"https:\/\/uelzener.de\/magazin\/pferd\/tiergesundheit\/ausschuhen-beim-pferd\/","og_locale":"de_DE","og_type":"article","og_title":"Ausschuhen beim Pferd: Ein schwerwiegender Befund","og_description":"Als Ausschuhen bezeichnet man das vollst\u00e4ndige Abl\u00f6sen der Hufkapsel. Beim Menschen entspricht das dem Verlust der Finger- oder Zehenn\u00e4gel \u2013 allerdings ist die Belastung f\u00fcr ein Pferd beim Ausschuhen ungleich h\u00f6her. Wir erkl\u00e4ren, was genau dabei passiert und welche Ursachen zugrunde liegen.\u00a0","og_url":"https:\/\/uelzener.de\/magazin\/pferd\/tiergesundheit\/ausschuhen-beim-pferd\/","og_site_name":"Uelzener Tier-Magazin","article_publisher":"https:\/\/www.facebook.com\/Uelzener","article_modified_time":"2025-01-02T12:52:29+00:00","og_image":[{"width":1025,"height":450,"url":"https:\/\/uelzener.de\/magazin\/app\/uploads\/2024\/05\/ausschuhen-pferd.jpg","type":"image\/jpeg"}],"twitter_card":"summary_large_image","twitter_misc":{"Gesch\u00e4tzte Lesezeit":"6\u00a0Minuten"},"schema":{"@context":"https:\/\/schema.org","@graph":[{"@type":"WebPage","@id":"https:\/\/uelzener.de\/magazin\/pferd\/tiergesundheit\/ausschuhen-beim-pferd\/","url":"https:\/\/uelzener.de\/magazin\/pferd\/tiergesundheit\/ausschuhen-beim-pferd\/","name":"Ausschuhen beim Pferd: Ein schwerwiegender Befund | Uelzener Magazin","isPartOf":{"@id":"https:\/\/uelzener.de\/magazin\/#website"},"primaryImageOfPage":{"@id":"https:\/\/uelzener.de\/magazin\/pferd\/tiergesundheit\/ausschuhen-beim-pferd\/#primaryimage"},"image":{"@id":"https:\/\/uelzener.de\/magazin\/pferd\/tiergesundheit\/ausschuhen-beim-pferd\/#primaryimage"},"thumbnailUrl":"https:\/\/uelzener.de\/magazin\/app\/uploads\/2024\/05\/ausschuhen-pferd.jpg","datePublished":"2024-05-02T10:13:32+00:00","dateModified":"2025-01-02T12:52:29+00:00","description":"Als Ausschuhen bezeichnet man das vollst\u00e4ndige Abl\u00f6sen der Hufkapsel. Beim Menschen entspricht das dem Verlust der Finger- oder Zehenn\u00e4gel \u2013 allerdings ist die Belastung f\u00fcr ein Pferd beim Ausschuhen ungleich h\u00f6her. Wir erkl\u00e4ren, was genau dabei passiert und welche Ursachen zugrunde liegen.\u00a0","breadcrumb":{"@id":"https:\/\/uelzener.de\/magazin\/pferd\/tiergesundheit\/ausschuhen-beim-pferd\/#breadcrumb"},"inLanguage":"de","potentialAction":[{"@type":"ReadAction","target":["https:\/\/uelzener.de\/magazin\/pferd\/tiergesundheit\/ausschuhen-beim-pferd\/"]}]},{"@type":"ImageObject","inLanguage":"de","@id":"https:\/\/uelzener.de\/magazin\/pferd\/tiergesundheit\/ausschuhen-beim-pferd\/#primaryimage","url":"https:\/\/uelzener.de\/magazin\/app\/uploads\/2024\/05\/ausschuhen-pferd.jpg","contentUrl":"https:\/\/uelzener.de\/magazin\/app\/uploads\/2024\/05\/ausschuhen-pferd.jpg","width":1025,"height":450,"caption":"Arzt zeigt jungem Mann R\u00f6ntgenbild einer Pferdehufe."},{"@type":"WebSite","@id":"https:\/\/uelzener.de\/magazin\/#website","url":"https:\/\/uelzener.de\/magazin\/","name":"Uelzener Tiermagazin","description":"Online Tierratgeber der Uelzener Versicherungen","publisher":{"@id":"https:\/\/uelzener.de\/magazin\/#organization"},"potentialAction":[{"@type":"SearchAction","target":{"@type":"EntryPoint","urlTemplate":"https:\/\/uelzener.de\/magazin\/?s={search_term_string}"},"query-input":{"@type":"PropertyValueSpecification","valueRequired":true,"valueName":"search_term_string"}}],"inLanguage":"de"},{"@type":"Organization","@id":"https:\/\/uelzener.de\/magazin\/#organization","name":"Uelzener Versicherungen","url":"https:\/\/uelzener.de\/magazin\/","logo":{"@type":"ImageObject","inLanguage":"de","@id":"https:\/\/uelzener.de\/magazin\/#\/schema\/logo\/image\/","url":"https:\/\/uelzener.de\/magazin\/app\/uploads\/2024\/11\/uelzener_allgemeine_versicherungsgesellschaft_a_g_logo.jpg","contentUrl":"https:\/\/uelzener.de\/magazin\/app\/uploads\/2024\/11\/uelzener_allgemeine_versicherungsgesellschaft_a_g_logo.jpg","width":200,"height":200,"caption":"Uelzener Versicherungen"},"image":{"@id":"https:\/\/uelzener.de\/magazin\/#\/schema\/logo\/image\/"},"sameAs":["https:\/\/www.facebook.com\/Uelzener","https:\/\/instagram.com\/uelzener","https:\/\/www.xing.com\/pages\/uelzenerallgemeineversicherungs-gesellschafta-g","https:\/\/www.youtube.com\/UelzenerVersicherungen"]}]}},"_links":{"self":[{"href":"https:\/\/uelzener.de\/magazin\/wp-json\/wp\/v2\/pages\/17359","targetHints":{"allow":["GET"]}}],"collection":[{"href":"https:\/\/uelzener.de\/magazin\/wp-json\/wp\/v2\/pages"}],"about":[{"href":"https:\/\/uelzener.de\/magazin\/wp-json\/wp\/v2\/types\/page"}],"author":[{"embeddable":true,"href":"https:\/\/uelzener.de\/magazin\/wp-json\/wp\/v2\/users\/11"}],"replies":[{"embeddable":true,"href":"https:\/\/uelzener.de\/magazin\/wp-json\/wp\/v2\/comments?post=17359"}],"version-history":[{"count":2,"href":"https:\/\/uelzener.de\/magazin\/wp-json\/wp\/v2\/pages\/17359\/revisions"}],"predecessor-version":[{"id":18033,"href":"https:\/\/uelzener.de\/magazin\/wp-json\/wp\/v2\/pages\/17359\/revisions\/18033"}],"up":[{"embeddable":true,"href":"https:\/\/uelzener.de\/magazin\/wp-json\/wp\/v2\/pages\/11706"}],"wp:featuredmedia":[{"embeddable":true,"href":"https:\/\/uelzener.de\/magazin\/wp-json\/wp\/v2\/media\/17361"}],"wp:attachment":[{"href":"https:\/\/uelzener.de\/magazin\/wp-json\/wp\/v2\/media?parent=17359"}],"curies":[{"name":"wp","href":"https:\/\/api.w.org\/{rel}","templated":true}]}}