{"id":17317,"date":"2024-04-17T11:36:22","date_gmt":"2024-04-17T09:36:22","guid":{"rendered":"https:\/\/uelzener.de\/magazin\/?page_id=17317"},"modified":"2025-09-03T13:08:12","modified_gmt":"2025-09-03T11:08:12","slug":"kitten-aus-wurf-auswaehlen-darauf-kommt-es-an","status":"publish","type":"page","link":"https:\/\/uelzener.de\/magazin\/katze\/haeufige-fragen\/kitten-aus-wurf-auswaehlen-darauf-kommt-es-an\/","title":{"rendered":"Kitten aus Wurf ausw\u00e4hlen: Darauf kommt es an!"},"content":{"rendered":"<p>Ein K\u00f6rbchen voller s\u00fc\u00dfer Katzenbabys \u2013 wie soll man sich da blo\u00df entscheiden? Tats\u00e4chlich gibt es einige Dinge, die du beachten solltest, wenn du dir eine Katze anschaffen und dazu ein Kitten aus einem Wurf aussuchen m\u00f6chtest. Wir verraten dir, welche Kriterien von Bedeutung sind.<\/p>\n<h2><strong>Wichtige Faktoren bei der Katzenauswahl im \u00dcberblick<\/strong><\/h2>\n<p>Du hast dich entschieden: Bald soll eine Katze bei dir einziehen! Oder sollen es vielleicht sogar zwei sein? Nachdem das Grunds\u00e4tzliche gekl\u00e4rt ist, stellen sich einige weitere Fragen, zun\u00e4chst einmal die nach der Herkunft. M\u00f6chtest du eine Katze aus dem Tierheim holen oder zu einem Z\u00fcchter gehen und Kitten aus einem Wurf ausw\u00e4hlen? Ist Letzteres der Fall, vielleicht, weil du eine bestimmte Katzenrasse im Blick hast, dann gibt es einiges zu beachten, wenn es um die Auswahl der Kitten aus dem Wurf geht. Die wichtigsten Faktoren:<\/p>\n<ul>\n<li><strong>Gesundheit<\/strong>: Wirkt die Katze fit und vital?<\/li>\n<li><strong>Verhalten<\/strong>: Zeigt das K\u00e4tzchen ein der Art und Rasse angemessenes Verhalten?<\/li>\n<li><strong>Interaktion<\/strong>: Komme ich mit dem Tier gut zurecht? Reagiert es positiv auf mich?<\/li>\n<li><strong>Geschlecht<\/strong>: Handelt es sich um ein M\u00e4nnchen oder Weibchen?<\/li>\n<li><strong>Optik<\/strong>: Gef\u00e4llt mir das Aussehen der Katze und stimmt sie mit meinen Anspr\u00fcchen \u00fcberein, wenn es zum Beispiel um eine bestimmte Rasse geht?<\/li>\n<\/ul>\n<p>Nachfolgend gehen wir auf die wichtigsten Punkte im Detail ein und geben dir damit eine Checkliste an die Hand, die dabei hilft, das richtige Kitten aus einem Wurf auszuw\u00e4hlen. Nicht vergessen: Katzen k\u00f6nnen gut und gerne 20 Jahre alt werden. Es lohnt sich, vorab dar\u00fcber nachzudenken, wer genau da eigentlich bei dir einziehen soll!<\/p>\n<h2><strong>Verhalten beobachten und das richtige Kitten aus dem Wurf ausw\u00e4hlen<\/strong><\/h2>\n<p>Bevor du ein Kitten aus einem Wurf aussuchst, ist es wichtig, das Verhalten der kleinen Racker genau zu beobachten. Jedes K\u00e4tzchen hat seinen eigenen Charakter, von sehr aktiv und verspielt bis hin zu eher ruhig und entspannt. Indem du dir anschaust, wie sich die jungen Katzen verhalten, findest du heraus, welches am besten zu dir passt. Ein lebhaftes K\u00e4tzchen braucht viel Action und k\u00f6nnte bei dir zu Hause richtig aufbl\u00fchen, wenn du selbst gerne aktiv bist. Umgekehrt passt zu einem ruhigeren Naturell vielleicht eher eine Katze, die es gerne gem\u00fctlich angehen l\u00e4sst.<\/p>\n<p>Hilfreich ist auch, darauf zu schauen, wie die Geschwister miteinander umgehen. Zeigt eines der Kitten ein aggressives oder sehr \u00e4ngstliches Verhalten? Solche Beobachtungen helfen dir, m\u00f6gliche Herausforderungen fr\u00fchzeitig zu erkennen.<\/p>\n<p>Manchmal verr\u00e4t das Verhalten der Kitten aus einem Wurf auch etwas \u00fcber deren Gesundheit. Ein K\u00e4tzchen, das sich offensichtlich zur\u00fcckzieht oder wenig spielt, k\u00f6nnte krank sein.<\/p>\n<p>Eine wichtige Frage ist zudem, wie gut die K\u00e4tzchen sozialisiert sind. Gut sozialisierte Kitten werden sich leichter an ihr neues Zuhause gew\u00f6hnen und positiv auf Menschen reagieren. Es kann hilfreich sein, zu beobachten, wie die kleinen Fellkn\u00e4uel auf menschliche N\u00e4he reagieren, um ein Gef\u00fchl f\u00fcr ihre Sozialisierung zu bekommen. Insbesondere wenn du nach einem K\u00e4tzchen suchst, das gerne kuschelt und leicht eine Bindung aufbaut, gilt es darauf zu achten, wie die Kitten auf Streicheleinheiten und menschliche Ann\u00e4herung reagieren.<\/p>\n<p>Durch das genaue Beobachten findest du nicht nur heraus, welches K\u00e4tzchen am besten zu dir passt, sondern kannst auch besser absch\u00e4tzen, welche Pflege und Aufmerksamkeit es brauchen wird.<\/p>\n<h2><strong>Gesundheitliche Beurteilung von Kitten eines Wurfes<\/strong><\/h2>\n<p>Einer der wichtigsten Aspekte bei der Kittenauswahl ist der Gesundheitsstatus. Ein gesundes K\u00e4tzchen ist in der Regel neugierig und aktiv. Kitten, die lethargisch oder desinteressiert wirken, k\u00f6nnten krank sein. Unabh\u00e4ngig vom Aktivit\u00e4tslevel sollte man sich jedes Katzenkind genau anschauen. Eine erste k\u00f6rperliche Untersuchung hilft dabei, sich einen groben Eindruck zu verschaffen, auch wenn man keine medizinischen Kenntnisse hat:<\/p>\n<ul>\n<li><strong>Augen<\/strong>: Die Augen sollten klar sein, ohne Ausfluss oder R\u00f6tungen.<\/li>\n<li><strong>Ohren<\/strong>: Die Ohren sollten sauber sein, ohne \u00fcbersch\u00fcssiges Wachs oder unangenehmen Geruch.<\/li>\n<li><strong>Nase<\/strong>: Die Nase sollte feucht sein, aber nicht laufen und nicht verstopft sein.<\/li>\n<li><strong>Fell und Haut<\/strong>: Das Fell sollte sauber, weich und frei von Schuppen oder kahlen Stellen sein. Die Haut sollte auf Auff\u00e4lligkeiten wie Ausschlag, Wunden oder Fl\u00f6he kontrolliert werden.<\/li>\n<li><strong>Atmung<\/strong>: Die Atmung sollte ruhig und regelm\u00e4\u00dfig sein, ohne Keuchen oder Pfeifger\u00e4usche.<\/li>\n<\/ul>\n<p>Erg\u00e4nzend hilft es, die F\u00fctterung zu beobachten. So kannst du herausfinden, ob das K\u00e4tzchen gut frisst. Au\u00dferdem solltest du einen Blick auf die motorischen F\u00e4higkeiten der Kitten werfen, um Probleme des Bewegungsapparats oder neurologische St\u00f6rungen zu erkennen: Kann das K\u00e4tzchen ohne Schwierigkeiten springen, laufen und spielen? Falls die M\u00f6glichkeit besteht, schau dir auch die Ausscheidungen des K\u00e4tzchens an. Durchfall oder ungew\u00f6hnlich gef\u00e4rbter Urin k\u00f6nnen Anzeichen f\u00fcr gesundheitliche Probleme sein.<\/p>\n<p>Kaufst du Kitten aus einem Wurf aus seri\u00f6ser Zucht, sollte es selbstverst\u00e4ndlich sein, dass du vor deiner Entscheidung alle medizinischen Unterlagen sowie Dokumente zu Impfungen und Wurmkuren einsehen kannst.<\/p>\n<h3><strong>Sollte ich ausgew\u00e4hlte Kitten aus einem Wurf tier\u00e4rztlich untersuchen lassen?<\/strong><\/h3>\n<p>Um nicht die sprichw\u00f6rtliche Katze im Sack zu kaufen, empfiehlt es sich, das Kitten vor der endg\u00fcltigen Entscheidung einem Tierarzt oder einer Tier\u00e4rztin vorzustellen. Das ist insbesondere dann wichtig, wenn es um (kostenintensive) Rassekatzen geht, die wom\u00f6glich auch noch eine Neigung zu bestimmten gesundheitlichen Problemen haben. Ein professioneller Gesundheitscheck kann Probleme aufdecken, die auf den ersten Blick nicht erkennbar sind. Eine gr\u00fcndliche gesundheitliche Beurteilung hilft dir dabei, ein vitales K\u00e4tzchen auszuw\u00e4hlen, das eine gute Chance hat, ein langes und gl\u00fcckliches Leben bei dir zu f\u00fchren. Zudem tust du etwas daf\u00fcr, zuk\u00fcnftige Tierarztkosten zu minimieren. Eine Garantie gibt es nat\u00fcrlich nie. Wer sich vor der finanziellen Belastung sch\u00fctzen m\u00f6chte, die durch tier\u00e4rztliche Behandlungen entstehen k\u00f6nnen, liegt mit einer Katzenkrankenversicherung richtig.<\/p>\n\n<div class=\"banner\">\n    <a href=\"https:\/\/uelzener.de\/katze\/katzen-krankenversicherung\/?agt=0000104925&sem=true&utm_medium=magazin&utm_source=wordpress&utm_campaign=katze_kv&utm_content=banner\">\n        <img decoding=\"async\" width=\"300\" height=\"212\" src=\"https:\/\/uelzener.de\/magazin\/app\/uploads\/2025\/01\/Katzen-Kranken-Versicherung.jpg\" class=\"attachment-medium size-medium\" alt=\"Banner Katzen-Kranken-Versicherung\" \/>    <\/a>\n<\/div>\n\n<h2><strong>Junge oder M\u00e4dchen? Geschlecht bei Kitten ausw\u00e4hlen<\/strong><\/h2>\n<p>Ob du einen kleinen Kater oder ein weibliches Kitten bei dir aufnehmen m\u00f6chtest, ist zun\u00e4chst eine pers\u00f6nliche Entscheidung, doch es gibt ein paar allgemeine Verhaltensmerkmale und gesundheitliche Aspekte, die zu beachten sind, um eine fundierte Entscheidung treffen zu k\u00f6nnen:<\/p>\n<p>M\u00e4nnliche Katzen gelten oft als geselliger und anh\u00e4nglicher gegen\u00fcber ihren Besitzern. Sie k\u00f6nnen unerw\u00fcnschtes Territorialverhalten zeigen, was aber durch Kastration meist deutlich gemildert wird. Kater sind oft gr\u00f6\u00dfer und kr\u00e4ftiger als weibliche Katzen. Damit einher geht, dass sie mehr Futter verputzen.<\/p>\n<p>Katzendamen sind h\u00e4ufig unabh\u00e4ngiger und selbst\u00e4ndiger. Territoriales Verhalten ist bei ihnen weniger stark ausgepr\u00e4gt als bei m\u00e4nnlichen Katzen, kann aber trotzdem vorkommen. Weibchen gelten als die enthusiastischeren J\u00e4ger, was ebenfalls ein Faktor bei der Auswahl sein kann.<\/p>\n<p>Unabh\u00e4ngig vom Geschlecht sollten Katzen kastriert oder sterilisiert werden, um unerw\u00fcnschte Verhaltensweisen wie Markieren oder Rolligkeit zu vermeiden und das Zusammenleben harmonischer zu gestalten.<\/p>\n\n<div class=\"related_articles boxed\">\n    <h2>Mehr zum Thema<\/h2>\n    \n    <div class=\"wrapper\"><div class=\"title align-center\"><h3><a href=\"https:\/\/uelzener.de\/magazin\/katze\/haltung\/katze-traechtig-alles-infos-zur-schwangerschaft\/\">Katze tr\u00e4chtig: Alles Infos zur Schwangerschaft<\/a><\/h3><\/div><div class=\"img align-center\"><img decoding=\"async\" width=\"315\" height=\"180\" src=\"https:\/\/uelzener.de\/magazin\/app\/uploads\/2023\/07\/katze-traechtig-315x180.jpg\" class=\"attachment-315x180 size-315x180 wp-post-image\" alt=\"Schwangere Katze liegt seitlich auf einem Sofa.\" \/><\/div><\/div><div class=\"wrapper\"><div class=\"title align-center\"><h3><a href=\"https:\/\/uelzener.de\/magazin\/katze\/tiergesundheit\/kastration-katze-und-kater\/\">Kastration bei Katze und Kater<\/a><\/h3><\/div><div class=\"img align-center\"><img decoding=\"async\" width=\"315\" height=\"180\" src=\"https:\/\/uelzener.de\/magazin\/app\/uploads\/2025\/04\/kastration-katze-kater-315x180.jpg\" class=\"attachment-315x180 size-315x180 wp-post-image\" alt=\"Kater nach Kastration.\" \/><\/div><\/div><\/div>\n\n<h2><strong>Fazit<\/strong><\/h2>\n<p>Du siehst: Es geht bei der Kittenauswahl bei Weitem nicht nur darum, welche Katze dir optisch am besten gef\u00e4llt, wobei nat\u00fcrlich auch dieser Aspekt in die Entscheidung einflie\u00dfen kann. Aus einem Wurf niedlicher K\u00e4tzchen ein Exemplar auszuw\u00e4hlen, kann eine Herausforderung sein. Doch mit den richtigen Informationen und einem sorgf\u00e4ltigen Blick kannst du ein Kitten finden, das nicht nur s\u00fc\u00df ist, sondern auch zu deinem Leben passt. Von der gesundheitlichen \u00dcberpr\u00fcfung \u00fcber die Beobachtung des Verhaltens bis hin zur Entscheidung f\u00fcr das Geschlecht \u2013 es gibt viel zu bedenken. Durch eingehende \u00dcberlegungen kannst du besser einsch\u00e4tzen, welches Katzenkind am besten f\u00fcr dich geeignet ist und eine Entscheidung treffen, die dir viele Jahre Freude bereiten wird. Ein Kitten zu w\u00e4hlen, ist nicht nur eine Frage des Herzens, sondern auch des Verstands.<\/p>\n<h2><strong>FAQ: H\u00e4ufig gestellte Fragen zur Auswahl von Kitten aus einem Wurf<\/strong><\/h2>\n<h3><strong>Welche gesundheitlichen Aspekte sollte ich beachten, bevor ich ein Kitten ausw\u00e4hle?<\/strong><\/h3>\n<p>Achte auf klare Augen, saubere Ohren, eine feuchte, freie Nase und ein gl\u00e4nzendes Fell. Beobachte, wie das Kitten frisst, spielt und sich bewegt. Achte auf Anzeichen von Lethargie oder anderen Krankheitssymptomen. Falls m\u00f6glich, sollte ein Tierarzt das Katzenkind untersuchen, bevor du es zu dir nimmst. Das ist insbesondere dann wichtig, wenn es sich um Rassekatzen handelt, die f\u00fcr bestimmte Krankheiten anf\u00e4llig sind, oder wenn der Wurf aus unklaren Verh\u00e4ltnissen stammt, also keine medizinischen Nachweise vorliegen.<\/p>\n<h3><strong>Kann ich zwei Kitten aus demselben Wurf adoptieren?<\/strong><\/h3>\n<p>Ja, das ist oft sogar empfehlenswert, schlie\u00dflich haben die Katzengeschwister bereits eine Bindung zueinander und k\u00f6nnen sich gegenseitig Gesellschaft leisten, wenn du nicht zu Hause bist.<\/p>\n<h3><strong>Ist es besser, Kitten von einem Z\u00fcchter oder aus einem Tierheim zu adoptieren?<\/strong><\/h3>\n<p>Das kommt darauf an, wonach du suchst. Z\u00fcchter k\u00f6nnen dir spezifische Informationen \u00fcber die Rasse und die Herkunft geben. Tierheime wiederum vermitteln Kitten, die dringend ein liebevolles Zuhause suchen. Die Herkunft l\u00e4sst sich hier oft nicht so genau pr\u00fcfen, allerdings werden Kitten auch im Tierheim tiermedizinisch betreut und dir steht Auskunft zu bekannten gesundheitlichen Problemen zu.<\/p>\n<h3><strong>Woran erkenne ich, ob Kitten gut sozialisiert sind? <\/strong><\/h3>\n<p>Gut sozialisierte K\u00e4tzchen passen sich in der Regel leichter an ihre neue Umgebung an und zeigen weniger Angst oder Aggression gegen\u00fcber Menschen und anderen Tieren. Bei der Auswahl der Kitten aus einem Wurf solltest du beobachten, wie die Tiere auf menschliche Ann\u00e4herung reagieren und mit ihren Geschwister interagieren.<\/p>\n","protected":false},"excerpt":{"rendered":"<p>Ein K\u00f6rbchen voller s\u00fc\u00dfer Katzenbabys \u2013 wie soll man sich da blo\u00df entscheiden? Tats\u00e4chlich gibt es einige Dinge, die du beachten solltest, wenn du dir eine Katze anschaffen und dazu ein Kitten aus einem Wurf aussuchen m\u00f6chtest. Wir verraten dir, welche Kriterien von Bedeutung sind. Wichtige Faktoren bei der Katzenauswahl im \u00dcberblick Du hast dich [&hellip;]<\/p>\n","protected":false},"author":21,"featured_media":17318,"parent":11691,"menu_order":27,"comment_status":"closed","ping_status":"closed","template":"templates\/blog.php","meta":{"_acf_changed":false,"_crdt_document":"","footnotes":"","beyondwords_generate_audio":"","beyondwords_project_id":"","beyondwords_content_id":"","beyondwords_preview_token":"","beyondwords_player_style":"","beyondwords_language_id":"","beyondwords_title_voice_id":"","beyondwords_body_voice_id":"","beyondwords_summary_voice_id":"","beyondwords_error_message":"","beyondwords_disabled":"","beyondwords_delete_content":"","beyondwords_podcast_id":"","beyondwords_hash":"","publish_post_to_speechkit":"","speechkit_hash":"","speechkit_generate_audio":"","speechkit_project_id":"","speechkit_podcast_id":"","speechkit_error_message":"","speechkit_disabled":"","speechkit_access_key":"","speechkit_error":"","speechkit_info":"","speechkit_response":"","speechkit_retries":"","speechkit_status":"","speechkit_updated_at":"","_speechkit_link":"","_speechkit_text":""},"class_list":["post-17317","page","type-page","status-publish","has-post-thumbnail","hentry"],"acf":[],"yoast_head":"<!-- This site is optimized with the Yoast SEO Premium plugin  - https:\/\/yoast.com\/product\/yoast-seo-premium-wordpress\/ -->\n<title>Kitten aus Wurf ausw\u00e4hlen: Darauf kommt es an! | Uelzener Magazin<\/title>\n<meta name=\"description\" content=\"Tipps zur Aufzucht von K\u00e4tzchen, wenn die Mutter fehlt. Erfahre, warum es notwendig sein kann, was du brauchst und worauf du achten solltest.\" \/>\n<meta name=\"robots\" content=\"index, follow, max-snippet:-1, max-image-preview:large, max-video-preview:-1\" \/>\n<link rel=\"canonical\" href=\"https:\/\/uelzener.de\/magazin\/katze\/haeufige-fragen\/kitten-aus-wurf-auswaehlen-darauf-kommt-es-an\/\" \/>\n<meta property=\"og:locale\" content=\"de_DE\" \/>\n<meta property=\"og:type\" content=\"article\" \/>\n<meta property=\"og:title\" content=\"Kitten aus Wurf ausw\u00e4hlen: Darauf kommt es an!\" \/>\n<meta property=\"og:description\" content=\"Tipps zur Aufzucht von K\u00e4tzchen, wenn die Mutter fehlt. Erfahre, warum es notwendig sein kann, was du brauchst und worauf du achten solltest.\" \/>\n<meta property=\"og:url\" content=\"https:\/\/uelzener.de\/magazin\/katze\/haeufige-fragen\/kitten-aus-wurf-auswaehlen-darauf-kommt-es-an\/\" \/>\n<meta property=\"og:site_name\" content=\"Uelzener Tier-Magazin\" \/>\n<meta property=\"article:publisher\" content=\"https:\/\/www.facebook.com\/Uelzener\" \/>\n<meta property=\"article:modified_time\" content=\"2025-09-03T11:08:12+00:00\" \/>\n<meta property=\"og:image\" content=\"https:\/\/uelzener.de\/magazin\/app\/uploads\/2024\/04\/Kitten-wurf-auswahl.jpg\" \/>\n\t<meta property=\"og:image:width\" content=\"1025\" \/>\n\t<meta property=\"og:image:height\" content=\"450\" \/>\n\t<meta property=\"og:image:type\" content=\"image\/jpeg\" \/>\n<meta name=\"twitter:card\" content=\"summary_large_image\" \/>\n<meta name=\"twitter:label1\" content=\"Gesch\u00e4tzte Lesezeit\" \/>\n\t<meta name=\"twitter:data1\" content=\"9\u00a0Minuten\" \/>\n<script type=\"application\/ld+json\" class=\"yoast-schema-graph\">{\"@context\":\"https:\/\/schema.org\",\"@graph\":[{\"@type\":\"WebPage\",\"@id\":\"https:\/\/uelzener.de\/magazin\/katze\/haeufige-fragen\/kitten-aus-wurf-auswaehlen-darauf-kommt-es-an\/\",\"url\":\"https:\/\/uelzener.de\/magazin\/katze\/haeufige-fragen\/kitten-aus-wurf-auswaehlen-darauf-kommt-es-an\/\",\"name\":\"Kitten aus Wurf ausw\u00e4hlen: Darauf kommt es an! | Uelzener Magazin\",\"isPartOf\":{\"@id\":\"https:\/\/uelzener.de\/magazin\/#website\"},\"primaryImageOfPage\":{\"@id\":\"https:\/\/uelzener.de\/magazin\/katze\/haeufige-fragen\/kitten-aus-wurf-auswaehlen-darauf-kommt-es-an\/#primaryimage\"},\"image\":{\"@id\":\"https:\/\/uelzener.de\/magazin\/katze\/haeufige-fragen\/kitten-aus-wurf-auswaehlen-darauf-kommt-es-an\/#primaryimage\"},\"thumbnailUrl\":\"https:\/\/uelzener.de\/magazin\/app\/uploads\/2024\/04\/Kitten-wurf-auswahl.jpg\",\"datePublished\":\"2024-04-17T09:36:22+00:00\",\"dateModified\":\"2025-09-03T11:08:12+00:00\",\"description\":\"Tipps zur Aufzucht von K\u00e4tzchen, wenn die Mutter fehlt. Erfahre, warum es notwendig sein kann, was du brauchst und worauf du achten solltest.\",\"breadcrumb\":{\"@id\":\"https:\/\/uelzener.de\/magazin\/katze\/haeufige-fragen\/kitten-aus-wurf-auswaehlen-darauf-kommt-es-an\/#breadcrumb\"},\"inLanguage\":\"de\",\"potentialAction\":[{\"@type\":\"ReadAction\",\"target\":[\"https:\/\/uelzener.de\/magazin\/katze\/haeufige-fragen\/kitten-aus-wurf-auswaehlen-darauf-kommt-es-an\/\"]}]},{\"@type\":\"ImageObject\",\"inLanguage\":\"de\",\"@id\":\"https:\/\/uelzener.de\/magazin\/katze\/haeufige-fragen\/kitten-aus-wurf-auswaehlen-darauf-kommt-es-an\/#primaryimage\",\"url\":\"https:\/\/uelzener.de\/magazin\/app\/uploads\/2024\/04\/Kitten-wurf-auswahl.jpg\",\"contentUrl\":\"https:\/\/uelzener.de\/magazin\/app\/uploads\/2024\/04\/Kitten-wurf-auswahl.jpg\",\"width\":1025,\"height\":450,\"caption\":\"Auf einem grauen Kissen sitzen mehrere kleine br\u00e4unliche Kitten zusammen\"},{\"@type\":\"WebSite\",\"@id\":\"https:\/\/uelzener.de\/magazin\/#website\",\"url\":\"https:\/\/uelzener.de\/magazin\/\",\"name\":\"Uelzener Tiermagazin\",\"description\":\"Online Tierratgeber der Uelzener Versicherungen\",\"publisher\":{\"@id\":\"https:\/\/uelzener.de\/magazin\/#organization\"},\"potentialAction\":[{\"@type\":\"SearchAction\",\"target\":{\"@type\":\"EntryPoint\",\"urlTemplate\":\"https:\/\/uelzener.de\/magazin\/?s={search_term_string}\"},\"query-input\":{\"@type\":\"PropertyValueSpecification\",\"valueRequired\":true,\"valueName\":\"search_term_string\"}}],\"inLanguage\":\"de\"},{\"@type\":\"Organization\",\"@id\":\"https:\/\/uelzener.de\/magazin\/#organization\",\"name\":\"Uelzener Versicherungen\",\"url\":\"https:\/\/uelzener.de\/magazin\/\",\"logo\":{\"@type\":\"ImageObject\",\"inLanguage\":\"de\",\"@id\":\"https:\/\/uelzener.de\/magazin\/#\/schema\/logo\/image\/\",\"url\":\"https:\/\/uelzener.de\/magazin\/app\/uploads\/2024\/11\/uelzener_allgemeine_versicherungsgesellschaft_a_g_logo.jpg\",\"contentUrl\":\"https:\/\/uelzener.de\/magazin\/app\/uploads\/2024\/11\/uelzener_allgemeine_versicherungsgesellschaft_a_g_logo.jpg\",\"width\":200,\"height\":200,\"caption\":\"Uelzener Versicherungen\"},\"image\":{\"@id\":\"https:\/\/uelzener.de\/magazin\/#\/schema\/logo\/image\/\"},\"sameAs\":[\"https:\/\/www.facebook.com\/Uelzener\",\"https:\/\/instagram.com\/uelzener\",\"https:\/\/www.xing.com\/pages\/uelzenerallgemeineversicherungs-gesellschafta-g\",\"https:\/\/www.youtube.com\/UelzenerVersicherungen\"]}]}<\/script>\n<!-- \/ Yoast SEO Premium plugin. -->","yoast_head_json":{"title":"Kitten aus Wurf ausw\u00e4hlen: Darauf kommt es an! | Uelzener Magazin","description":"Tipps zur Aufzucht von K\u00e4tzchen, wenn die Mutter fehlt. Erfahre, warum es notwendig sein kann, was du brauchst und worauf du achten solltest.","robots":{"index":"index","follow":"follow","max-snippet":"max-snippet:-1","max-image-preview":"max-image-preview:large","max-video-preview":"max-video-preview:-1"},"canonical":"https:\/\/uelzener.de\/magazin\/katze\/haeufige-fragen\/kitten-aus-wurf-auswaehlen-darauf-kommt-es-an\/","og_locale":"de_DE","og_type":"article","og_title":"Kitten aus Wurf ausw\u00e4hlen: Darauf kommt es an!","og_description":"Tipps zur Aufzucht von K\u00e4tzchen, wenn die Mutter fehlt. Erfahre, warum es notwendig sein kann, was du brauchst und worauf du achten solltest.","og_url":"https:\/\/uelzener.de\/magazin\/katze\/haeufige-fragen\/kitten-aus-wurf-auswaehlen-darauf-kommt-es-an\/","og_site_name":"Uelzener Tier-Magazin","article_publisher":"https:\/\/www.facebook.com\/Uelzener","article_modified_time":"2025-09-03T11:08:12+00:00","og_image":[{"width":1025,"height":450,"url":"https:\/\/uelzener.de\/magazin\/app\/uploads\/2024\/04\/Kitten-wurf-auswahl.jpg","type":"image\/jpeg"}],"twitter_card":"summary_large_image","twitter_misc":{"Gesch\u00e4tzte Lesezeit":"9\u00a0Minuten"},"schema":{"@context":"https:\/\/schema.org","@graph":[{"@type":"WebPage","@id":"https:\/\/uelzener.de\/magazin\/katze\/haeufige-fragen\/kitten-aus-wurf-auswaehlen-darauf-kommt-es-an\/","url":"https:\/\/uelzener.de\/magazin\/katze\/haeufige-fragen\/kitten-aus-wurf-auswaehlen-darauf-kommt-es-an\/","name":"Kitten aus Wurf ausw\u00e4hlen: Darauf kommt es an! | Uelzener Magazin","isPartOf":{"@id":"https:\/\/uelzener.de\/magazin\/#website"},"primaryImageOfPage":{"@id":"https:\/\/uelzener.de\/magazin\/katze\/haeufige-fragen\/kitten-aus-wurf-auswaehlen-darauf-kommt-es-an\/#primaryimage"},"image":{"@id":"https:\/\/uelzener.de\/magazin\/katze\/haeufige-fragen\/kitten-aus-wurf-auswaehlen-darauf-kommt-es-an\/#primaryimage"},"thumbnailUrl":"https:\/\/uelzener.de\/magazin\/app\/uploads\/2024\/04\/Kitten-wurf-auswahl.jpg","datePublished":"2024-04-17T09:36:22+00:00","dateModified":"2025-09-03T11:08:12+00:00","description":"Tipps zur Aufzucht von K\u00e4tzchen, wenn die Mutter fehlt. Erfahre, warum es notwendig sein kann, was du brauchst und worauf du achten solltest.","breadcrumb":{"@id":"https:\/\/uelzener.de\/magazin\/katze\/haeufige-fragen\/kitten-aus-wurf-auswaehlen-darauf-kommt-es-an\/#breadcrumb"},"inLanguage":"de","potentialAction":[{"@type":"ReadAction","target":["https:\/\/uelzener.de\/magazin\/katze\/haeufige-fragen\/kitten-aus-wurf-auswaehlen-darauf-kommt-es-an\/"]}]},{"@type":"ImageObject","inLanguage":"de","@id":"https:\/\/uelzener.de\/magazin\/katze\/haeufige-fragen\/kitten-aus-wurf-auswaehlen-darauf-kommt-es-an\/#primaryimage","url":"https:\/\/uelzener.de\/magazin\/app\/uploads\/2024\/04\/Kitten-wurf-auswahl.jpg","contentUrl":"https:\/\/uelzener.de\/magazin\/app\/uploads\/2024\/04\/Kitten-wurf-auswahl.jpg","width":1025,"height":450,"caption":"Auf einem grauen Kissen sitzen mehrere kleine br\u00e4unliche Kitten zusammen"},{"@type":"WebSite","@id":"https:\/\/uelzener.de\/magazin\/#website","url":"https:\/\/uelzener.de\/magazin\/","name":"Uelzener Tiermagazin","description":"Online Tierratgeber der Uelzener Versicherungen","publisher":{"@id":"https:\/\/uelzener.de\/magazin\/#organization"},"potentialAction":[{"@type":"SearchAction","target":{"@type":"EntryPoint","urlTemplate":"https:\/\/uelzener.de\/magazin\/?s={search_term_string}"},"query-input":{"@type":"PropertyValueSpecification","valueRequired":true,"valueName":"search_term_string"}}],"inLanguage":"de"},{"@type":"Organization","@id":"https:\/\/uelzener.de\/magazin\/#organization","name":"Uelzener Versicherungen","url":"https:\/\/uelzener.de\/magazin\/","logo":{"@type":"ImageObject","inLanguage":"de","@id":"https:\/\/uelzener.de\/magazin\/#\/schema\/logo\/image\/","url":"https:\/\/uelzener.de\/magazin\/app\/uploads\/2024\/11\/uelzener_allgemeine_versicherungsgesellschaft_a_g_logo.jpg","contentUrl":"https:\/\/uelzener.de\/magazin\/app\/uploads\/2024\/11\/uelzener_allgemeine_versicherungsgesellschaft_a_g_logo.jpg","width":200,"height":200,"caption":"Uelzener Versicherungen"},"image":{"@id":"https:\/\/uelzener.de\/magazin\/#\/schema\/logo\/image\/"},"sameAs":["https:\/\/www.facebook.com\/Uelzener","https:\/\/instagram.com\/uelzener","https:\/\/www.xing.com\/pages\/uelzenerallgemeineversicherungs-gesellschafta-g","https:\/\/www.youtube.com\/UelzenerVersicherungen"]}]}},"_links":{"self":[{"href":"https:\/\/uelzener.de\/magazin\/wp-json\/wp\/v2\/pages\/17317","targetHints":{"allow":["GET"]}}],"collection":[{"href":"https:\/\/uelzener.de\/magazin\/wp-json\/wp\/v2\/pages"}],"about":[{"href":"https:\/\/uelzener.de\/magazin\/wp-json\/wp\/v2\/types\/page"}],"author":[{"embeddable":true,"href":"https:\/\/uelzener.de\/magazin\/wp-json\/wp\/v2\/users\/21"}],"replies":[{"embeddable":true,"href":"https:\/\/uelzener.de\/magazin\/wp-json\/wp\/v2\/comments?post=17317"}],"version-history":[{"count":4,"href":"https:\/\/uelzener.de\/magazin\/wp-json\/wp\/v2\/pages\/17317\/revisions"}],"predecessor-version":[{"id":19131,"href":"https:\/\/uelzener.de\/magazin\/wp-json\/wp\/v2\/pages\/17317\/revisions\/19131"}],"up":[{"embeddable":true,"href":"https:\/\/uelzener.de\/magazin\/wp-json\/wp\/v2\/pages\/11691"}],"wp:featuredmedia":[{"embeddable":true,"href":"https:\/\/uelzener.de\/magazin\/wp-json\/wp\/v2\/media\/17318"}],"wp:attachment":[{"href":"https:\/\/uelzener.de\/magazin\/wp-json\/wp\/v2\/media?parent=17317"}],"curies":[{"name":"wp","href":"https:\/\/api.w.org\/{rel}","templated":true}]}}