{"id":17245,"date":"2024-04-04T15:30:51","date_gmt":"2024-04-04T13:30:51","guid":{"rendered":"https:\/\/uelzener.de\/magazin\/?page_id=17245"},"modified":"2025-07-28T14:06:59","modified_gmt":"2025-07-28T12:06:59","slug":"camping-mit-hund","status":"publish","type":"page","link":"https:\/\/uelzener.de\/magazin\/hund\/tipps-fuer-den-alltag\/camping-mit-hund\/","title":{"rendered":"Camping mit Hund: Worauf achten und die sch\u00f6nsten Campingpl\u00e4tze"},"content":{"rendered":"<p>Beim Camping mit Hund streiten sich die Geister. Den einen wird es zu eng, f\u00fcr die anderen ist es die ideale M\u00f6glichkeit ungebunden und spontan mit Hund zu verreisen. Neben allgemeinen Tipps zum Urlaub mit Hund, braucht man f\u00fcr einen Campingurlaub besondere Ausr\u00fcstung. Mit der passenden Ausr\u00fcstung wird der Camping-Ausflug zu einem entspannten Vergn\u00fcgen. Mit dieser Liste kannst du ganz leicht an alles Wichtige denken.<\/p>\n<h3>Hundefutter und Wasservorr\u00e4te<\/h3>\n<p>Sorg f\u00fcr ausreichend Futtervorr\u00e4te und Trinkwasser (Wasserflasche). Denn das Hundefutter im Reisegebiet wird deinem Hund wom\u00f6glich nicht schmecken. Wer vorgesorgt hat, braucht sich darum schon nicht mehr zu k\u00fcmmern. Leckerli sollten hierbei nicht fehlen.<\/p>\n<h3>Ausr\u00fcstung f\u00fcr deinen Vierbeiner<\/h3>\n<p>Leine, Halsband\/Geschirr, Kotbeutel, Napf, Schlafplatz, B\u00fcrste und was dein Hund sonst noch im Alltag braucht. Au\u00dferdem eine <a href=\"https:\/\/uelzener.de\/magazin\/hund\/erziehung-und-training\/hundebox-training-ueben\/\" rel=\"\">Hundebox<\/a> oder Hundezelt. Ein Maulkorb ist zuweilen verpflichtend. Sollte das Tragen eines Maulkorbs erforderlich sein, ist es wichtig, deinen Hund an das Tragen eines Maulkorbs zu gew\u00f6hnen.<\/p>\n<h3>Spielzeug<\/h3>\n<p>Das Lieblingsspielzeug deines Hundes sollte unbedingt mit zum Camping. Entscheide bewusst: Was ist verzichtbar, was sollte unbedingt dabei sein.<\/p>\n<h3>Tier\u00e4rztliche Praxis in der N\u00e4he<\/h3>\n<p>Passieren kann immer etwas. Daher ist es gut, wenn du vorab recherchierst, an welche tier\u00e4rztliche Praxis du dich im Notfall wenden solltest. Check au\u00dferdem deinen Versicherungsschutz f\u00fcr Auslandsaufenthalte, falls du dein Heimatland verlassen m\u00f6chtest.<\/p>\n<h3>Erste-Hilfe-Set:<\/h3>\n<p>Folgendes geh\u00f6rt zur Basisausstattung:<\/p>\n<ul>\n<li>Einweghandschuhe<\/li>\n<li>Desinfektionst\u00fccher<\/li>\n<li>Zeckenzange<\/li>\n<li>Schere<\/li>\n<li>Pinzette<\/li>\n<li>sterile Wundauflagen<\/li>\n<li>Verbandsmaterial<\/li>\n<\/ul>\n<h3>Reiseapotheke<\/h3>\n<p>Ob Camping, Ferienwohnung oder Hotel. Ins Reisegep\u00e4ck f\u00fcr den <a href=\"https:\/\/uelzener.de\/magazin\/hund\/tipps-fuer-den-alltag\/urlaub-mit-hund-tipps\/\">Urlaub mit deinem Hund<\/a> geh\u00f6rt immer eine gut gef\u00fcllte Reiseapotheke mit Medikamenten, Verbandsmaterialien und Mitteln zur Wundbehandlung. Zudem Impfausweis und tier\u00e4rztliche Unterlagen.<\/p>\n<p><img decoding=\"async\" class=\"alignnone wp-image-18747 size-large\" src=\"https:\/\/uelzener.de\/magazin\/app\/uploads\/2025\/07\/infografik-urlaub-mit-hund-1024x1024.jpg\" alt=\"Infografik der Uelzener Versicherungen: Urlaub mit Hund.\" width=\"1024\" height=\"1024\" srcset=\"https:\/\/uelzener.de\/magazin\/app\/uploads\/2025\/07\/infografik-urlaub-mit-hund-1024x1024.jpg 1024w, https:\/\/uelzener.de\/magazin\/app\/uploads\/2025\/07\/infografik-urlaub-mit-hund-300x300.jpg 300w, https:\/\/uelzener.de\/magazin\/app\/uploads\/2025\/07\/infografik-urlaub-mit-hund-150x150.jpg 150w, https:\/\/uelzener.de\/magazin\/app\/uploads\/2025\/07\/infografik-urlaub-mit-hund-768x768.jpg 768w, https:\/\/uelzener.de\/magazin\/app\/uploads\/2025\/07\/infografik-urlaub-mit-hund-1536x1536.jpg 1536w, https:\/\/uelzener.de\/magazin\/app\/uploads\/2025\/07\/infografik-urlaub-mit-hund-2048x2048.jpg 2048w, https:\/\/uelzener.de\/magazin\/app\/uploads\/2025\/07\/infografik-urlaub-mit-hund-1026x1026.jpg 1026w, https:\/\/uelzener.de\/magazin\/app\/uploads\/2025\/07\/infografik-urlaub-mit-hund-668x668.jpg 668w\" sizes=\"(max-width: 1024px) 100vw, 1024px\" \/><\/p>\n<h2>Die sch\u00f6nsten Campingpl\u00e4tze Europas<\/h2>\n<p>Campen mit Hund ist in einem hundefreundlichen Umfeld am sch\u00f6nsten. Halte bei deiner Urlaubsplanung Ausschau nach Campingpl\u00e4tzen, auf denen du und dein Hund willkommen sind. Beachte dabei unbedingt die Regelungen in den einzelnen Reisel\u00e4ndern und auf den Campingpl\u00e4tzen zu Leinen- und Maulkorbverpflichtung.<\/p>\n<p>Hier haben wir f\u00fcr dich f\u00fcnf bei Mensch und Hund beliebte Campingpl\u00e4tze quer durch Europa. Von <a href=\"https:\/\/uelzener.de\/magazin\/hund\/tipps-fuer-den-alltag\/hundestrand-nordsee\/\">Hundestrand<\/a> \u00fcber Hundedusche kann vieles zu einem unbeschwerten Campingerlebnis mit Hunden beitragen.<\/p>\n<h3>Italien \u2013 Venezien<\/h3>\n<p><a href=\"https:\/\/www.marinadivenezia.it\/de\/unterkunfte\/urlaub-mit-hunden-am-meer\/urlaub-mit-hund\">Marina di Venezia Camping Village<\/a><\/p>\n<p>Bei Hundemenschen beliebter Platz mit Hundestrand, tier\u00e4rztlichem Dienst vor Ort und Trainingsgel\u00e4nde.<\/p>\n<h3>\u00d6sterreich \u2013 K\u00e4rnten<\/h3>\n<p><a href=\"https:\/\/www.camping.rozweb.eu\/hunde-willkommen\">Camping Rosental Ro\u017e<\/a><\/p>\n<p>Hundefreundlicher Platz mit Hundespielwiese, Hundefreibad und Hundebadeteich.<\/p>\n<h3>Deutschland \u2013 Weserbergland<\/h3>\n<p><a href=\"https:\/\/www.campingpark-kalletal.de\/camping-mit-hund\">CampingPark Kalletal<\/a><\/p>\n<p>Gut bewerteter Platz mit Hundestrand und Hundewiese.<\/p>\n<h3>Deutschland \u2013 K\u00fchlungsborn<\/h3>\n<p><a href=\"https:\/\/www.pincamp.de\/campingplaetze\/campingpark-kuehlungsborn\">Campingpark Ostseebad K\u00fchlungsborn<\/a><\/p>\n<p>Platz an der Ostsee, der sich f\u00fcr den Campingurlaub mit Hund eignet.<\/p>\n<h2>Fazit<\/h2>\n<p>Sobald der Fr\u00fchling da ist, beginnen viele Campingfreunde an ihren n\u00e4chsten Campingurlaub mit Hund zu denken. Ebenso wie bei anderen besonderen Urlauben wie beispielsweise einem Wanderurlaub ist\u00a0beim Camping mit Hund eine gute Vorbereitung entscheidend. Mit ausreichend Futter, Wasser und der richtigen Ausr\u00fcstung wird der Ausflug zum Vergn\u00fcgen. Ein Erste-Hilfe-Set und eine Reiseapotheke geh\u00f6ren ebenso dazu wie die Kenntnis zu den regionalen Reglungen zu Hunden beim Camping. Ob ein Campingurlaub mit Hund zum Vergn\u00fcgen wird, entscheidet sich auch an der Auswahl des geeigneten Campingplatzes.<\/p>\n\n<div class=\"related_articles boxed\">\n    <h2>Mehr zum Thema<\/h2>\n    \n    <div class=\"wrapper\"><div class=\"title align-center\"><h3><a href=\"https:\/\/uelzener.de\/magazin\/hund\/tipps-fuer-den-alltag\/wandern-mit-hund-tipps-tricks\/\">Wandern mit Hund: Tipps und Tricks f\u00fcr aktive Zwei- und Vierbeiner<\/a><\/h3><\/div><div class=\"img align-center\"><img decoding=\"async\" width=\"315\" height=\"180\" src=\"https:\/\/uelzener.de\/magazin\/app\/uploads\/2023\/03\/wandern-mit-hund-315x180.jpg\" class=\"attachment-315x180 size-315x180 wp-post-image\" alt=\"Fr\u00f6hliche Frau beim Wandern mit kleinem Hund im Rucksack.\" \/><\/div><\/div><div class=\"wrapper\"><div class=\"title align-center\"><h3><a href=\"https:\/\/uelzener.de\/magazin\/hund\/haltung\/15-hundeaktivitaeten-fuer-fruehling\/\">Endlich Fr\u00fchling! 15 vielseitige und erlebnisreiche Aktivit\u00e4ten f\u00fcr Mensch und Hund<\/a><\/h3><\/div><div class=\"img align-center\"><img decoding=\"async\" width=\"315\" height=\"180\" src=\"https:\/\/uelzener.de\/magazin\/app\/uploads\/2023\/04\/aktivitaet-mit-hund-fruehling-mann-hund-boot-315x180.jpg\" class=\"attachment-315x180 size-315x180 wp-post-image\" alt=\"Mann sitzt mit Hund im Boot auf dunkelblauem See vor fantastischer, verschneiter Berglandschaft\" \/><\/div><\/div><div class=\"wrapper\"><div class=\"title align-center\"><h3><a href=\"https:\/\/uelzener.de\/magazin\/hund\/tipps-fuer-den-alltag\/camping-mit-hund\/\">Camping mit Hund: Worauf achten und die sch\u00f6nsten Campingpl\u00e4tze<\/a><\/h3><\/div><div class=\"img align-center\"><img decoding=\"async\" width=\"315\" height=\"180\" src=\"https:\/\/uelzener.de\/magazin\/app\/uploads\/2024\/04\/camping-mit-hund-315x180.jpg\" class=\"attachment-315x180 size-315x180 wp-post-image\" alt=\"Zwei Menschen beim Camping. Hund sitzt im Zelt.\" \/><\/div><\/div><\/div>\n\n<h2>FAQ: H\u00e4ufig gestellte Fragen<\/h2>\n<h3>Wo schl\u00e4ft der Hund beim Campen?<\/h3>\n<p>Dein Hund schl\u00e4ft zu Hause mit im Schlafzimmer oder zumindest mit in deinem Zuhause. Dann solltest du ihm auch im Urlaub einen Schlafplatz in deiner N\u00e4he erm\u00f6glichen. In den meisten Campern findet sich unter dem Tisch ein Platz, den du mit Decke oder Korb f\u00fcr deinen Hund gem\u00fctlich machen kannst. Bei gemieteten Campern erkundige dich vorab nach den Bedingungen f\u00fcr mitreisende Tiere.<\/p>\n","protected":false},"excerpt":{"rendered":"<p>Beim Camping mit Hund streiten sich die Geister. Den einen wird es zu eng, f\u00fcr die anderen ist es die ideale M\u00f6glichkeit ungebunden und spontan mit Hund zu verreisen. Neben allgemeinen Tipps zum Urlaub mit Hund, braucht man f\u00fcr einen Campingurlaub besondere Ausr\u00fcstung. Mit der passenden Ausr\u00fcstung wird der Camping-Ausflug zu einem entspannten Vergn\u00fcgen. Mit [&hellip;]<\/p>\n","protected":false},"author":11,"featured_media":17250,"parent":11707,"menu_order":4,"comment_status":"closed","ping_status":"closed","template":"templates\/blog.php","meta":{"_acf_changed":false,"_crdt_document":"","footnotes":"","beyondwords_generate_audio":"0","beyondwords_project_id":"","beyondwords_content_id":"","beyondwords_preview_token":"","beyondwords_player_style":"","beyondwords_language_id":"","beyondwords_title_voice_id":"","beyondwords_body_voice_id":"","beyondwords_summary_voice_id":"","beyondwords_error_message":"","beyondwords_disabled":"","beyondwords_delete_content":"","beyondwords_podcast_id":"","beyondwords_hash":"","publish_post_to_speechkit":"","speechkit_hash":"","speechkit_generate_audio":"","speechkit_project_id":"","speechkit_podcast_id":"","speechkit_error_message":"","speechkit_disabled":"","speechkit_access_key":"","speechkit_error":"","speechkit_info":"","speechkit_response":"","speechkit_retries":"","speechkit_status":"","speechkit_updated_at":"","_speechkit_link":"","_speechkit_text":""},"class_list":["post-17245","page","type-page","status-publish","has-post-thumbnail","hentry"],"acf":[],"yoast_head":"<!-- This site is optimized with the Yoast SEO Premium plugin  - https:\/\/yoast.com\/product\/yoast-seo-premium-wordpress\/ -->\n<title>Camping mit Hund: Worauf achten und die sch\u00f6nsten Campingpl\u00e4tze | Uelzener Magazin<\/title>\n<meta name=\"description\" content=\"Mit der passenden Ausr\u00fcstung wird der Camping-Ausflug mit Hund zu einem entspannten Vergn\u00fcgen. Mit unserer Liste kannst du ganz leicht an alles Wichtige denken.\" \/>\n<meta name=\"robots\" content=\"index, follow, max-snippet:-1, max-image-preview:large, max-video-preview:-1\" \/>\n<link rel=\"canonical\" href=\"https:\/\/uelzener.de\/magazin\/hund\/tipps-fuer-den-alltag\/camping-mit-hund\/\" \/>\n<meta property=\"og:locale\" content=\"de_DE\" \/>\n<meta property=\"og:type\" content=\"article\" \/>\n<meta property=\"og:title\" content=\"Camping mit Hund: Worauf achten und die sch\u00f6nsten Campingpl\u00e4tze\" \/>\n<meta property=\"og:description\" content=\"Mit der passenden Ausr\u00fcstung wird der Camping-Ausflug mit Hund zu einem entspannten Vergn\u00fcgen. Mit unserer Liste kannst du ganz leicht an alles Wichtige denken.\" \/>\n<meta property=\"og:url\" content=\"https:\/\/uelzener.de\/magazin\/hund\/tipps-fuer-den-alltag\/camping-mit-hund\/\" \/>\n<meta property=\"og:site_name\" content=\"Uelzener Tier-Magazin\" \/>\n<meta property=\"article:publisher\" content=\"https:\/\/www.facebook.com\/Uelzener\" \/>\n<meta property=\"article:modified_time\" content=\"2025-07-28T12:06:59+00:00\" \/>\n<meta property=\"og:image\" content=\"https:\/\/uelzener.de\/magazin\/app\/uploads\/2024\/04\/camping-mit-hund.jpg\" \/>\n\t<meta property=\"og:image:width\" content=\"1025\" \/>\n\t<meta property=\"og:image:height\" content=\"450\" \/>\n\t<meta property=\"og:image:type\" content=\"image\/jpeg\" \/>\n<meta name=\"twitter:card\" content=\"summary_large_image\" \/>\n<meta name=\"twitter:label1\" content=\"Gesch\u00e4tzte Lesezeit\" \/>\n\t<meta name=\"twitter:data1\" content=\"4\u00a0Minuten\" \/>\n<script type=\"application\/ld+json\" class=\"yoast-schema-graph\">{\"@context\":\"https:\/\/schema.org\",\"@graph\":[{\"@type\":\"WebPage\",\"@id\":\"https:\/\/uelzener.de\/magazin\/hund\/tipps-fuer-den-alltag\/camping-mit-hund\/\",\"url\":\"https:\/\/uelzener.de\/magazin\/hund\/tipps-fuer-den-alltag\/camping-mit-hund\/\",\"name\":\"Camping mit Hund: Worauf achten und die sch\u00f6nsten Campingpl\u00e4tze | Uelzener Magazin\",\"isPartOf\":{\"@id\":\"https:\/\/uelzener.de\/magazin\/#website\"},\"primaryImageOfPage\":{\"@id\":\"https:\/\/uelzener.de\/magazin\/hund\/tipps-fuer-den-alltag\/camping-mit-hund\/#primaryimage\"},\"image\":{\"@id\":\"https:\/\/uelzener.de\/magazin\/hund\/tipps-fuer-den-alltag\/camping-mit-hund\/#primaryimage\"},\"thumbnailUrl\":\"https:\/\/uelzener.de\/magazin\/app\/uploads\/2024\/04\/camping-mit-hund.jpg\",\"datePublished\":\"2024-04-04T13:30:51+00:00\",\"dateModified\":\"2025-07-28T12:06:59+00:00\",\"description\":\"Mit der passenden Ausr\u00fcstung wird der Camping-Ausflug mit Hund zu einem entspannten Vergn\u00fcgen. Mit unserer Liste kannst du ganz leicht an alles Wichtige denken.\",\"breadcrumb\":{\"@id\":\"https:\/\/uelzener.de\/magazin\/hund\/tipps-fuer-den-alltag\/camping-mit-hund\/#breadcrumb\"},\"inLanguage\":\"de\",\"potentialAction\":[{\"@type\":\"ReadAction\",\"target\":[\"https:\/\/uelzener.de\/magazin\/hund\/tipps-fuer-den-alltag\/camping-mit-hund\/\"]}]},{\"@type\":\"ImageObject\",\"inLanguage\":\"de\",\"@id\":\"https:\/\/uelzener.de\/magazin\/hund\/tipps-fuer-den-alltag\/camping-mit-hund\/#primaryimage\",\"url\":\"https:\/\/uelzener.de\/magazin\/app\/uploads\/2024\/04\/camping-mit-hund.jpg\",\"contentUrl\":\"https:\/\/uelzener.de\/magazin\/app\/uploads\/2024\/04\/camping-mit-hund.jpg\",\"width\":1025,\"height\":450,\"caption\":\"Zwei Menschen beim Camping. Hund sitzt im Zelt.\"},{\"@type\":\"WebSite\",\"@id\":\"https:\/\/uelzener.de\/magazin\/#website\",\"url\":\"https:\/\/uelzener.de\/magazin\/\",\"name\":\"Uelzener Tiermagazin\",\"description\":\"Online Tierratgeber der Uelzener Versicherungen\",\"publisher\":{\"@id\":\"https:\/\/uelzener.de\/magazin\/#organization\"},\"potentialAction\":[{\"@type\":\"SearchAction\",\"target\":{\"@type\":\"EntryPoint\",\"urlTemplate\":\"https:\/\/uelzener.de\/magazin\/?s={search_term_string}\"},\"query-input\":{\"@type\":\"PropertyValueSpecification\",\"valueRequired\":true,\"valueName\":\"search_term_string\"}}],\"inLanguage\":\"de\"},{\"@type\":\"Organization\",\"@id\":\"https:\/\/uelzener.de\/magazin\/#organization\",\"name\":\"Uelzener Versicherungen\",\"url\":\"https:\/\/uelzener.de\/magazin\/\",\"logo\":{\"@type\":\"ImageObject\",\"inLanguage\":\"de\",\"@id\":\"https:\/\/uelzener.de\/magazin\/#\/schema\/logo\/image\/\",\"url\":\"https:\/\/uelzener.de\/magazin\/app\/uploads\/2024\/11\/uelzener_allgemeine_versicherungsgesellschaft_a_g_logo.jpg\",\"contentUrl\":\"https:\/\/uelzener.de\/magazin\/app\/uploads\/2024\/11\/uelzener_allgemeine_versicherungsgesellschaft_a_g_logo.jpg\",\"width\":200,\"height\":200,\"caption\":\"Uelzener Versicherungen\"},\"image\":{\"@id\":\"https:\/\/uelzener.de\/magazin\/#\/schema\/logo\/image\/\"},\"sameAs\":[\"https:\/\/www.facebook.com\/Uelzener\",\"https:\/\/instagram.com\/uelzener\",\"https:\/\/www.xing.com\/pages\/uelzenerallgemeineversicherungs-gesellschafta-g\",\"https:\/\/www.youtube.com\/UelzenerVersicherungen\"]}]}<\/script>\n<!-- \/ Yoast SEO Premium plugin. -->","yoast_head_json":{"title":"Camping mit Hund: Worauf achten und die sch\u00f6nsten Campingpl\u00e4tze | Uelzener Magazin","description":"Mit der passenden Ausr\u00fcstung wird der Camping-Ausflug mit Hund zu einem entspannten Vergn\u00fcgen. Mit unserer Liste kannst du ganz leicht an alles Wichtige denken.","robots":{"index":"index","follow":"follow","max-snippet":"max-snippet:-1","max-image-preview":"max-image-preview:large","max-video-preview":"max-video-preview:-1"},"canonical":"https:\/\/uelzener.de\/magazin\/hund\/tipps-fuer-den-alltag\/camping-mit-hund\/","og_locale":"de_DE","og_type":"article","og_title":"Camping mit Hund: Worauf achten und die sch\u00f6nsten Campingpl\u00e4tze","og_description":"Mit der passenden Ausr\u00fcstung wird der Camping-Ausflug mit Hund zu einem entspannten Vergn\u00fcgen. Mit unserer Liste kannst du ganz leicht an alles Wichtige denken.","og_url":"https:\/\/uelzener.de\/magazin\/hund\/tipps-fuer-den-alltag\/camping-mit-hund\/","og_site_name":"Uelzener Tier-Magazin","article_publisher":"https:\/\/www.facebook.com\/Uelzener","article_modified_time":"2025-07-28T12:06:59+00:00","og_image":[{"width":1025,"height":450,"url":"https:\/\/uelzener.de\/magazin\/app\/uploads\/2024\/04\/camping-mit-hund.jpg","type":"image\/jpeg"}],"twitter_card":"summary_large_image","twitter_misc":{"Gesch\u00e4tzte Lesezeit":"4\u00a0Minuten"},"schema":{"@context":"https:\/\/schema.org","@graph":[{"@type":"WebPage","@id":"https:\/\/uelzener.de\/magazin\/hund\/tipps-fuer-den-alltag\/camping-mit-hund\/","url":"https:\/\/uelzener.de\/magazin\/hund\/tipps-fuer-den-alltag\/camping-mit-hund\/","name":"Camping mit Hund: Worauf achten und die sch\u00f6nsten Campingpl\u00e4tze | Uelzener Magazin","isPartOf":{"@id":"https:\/\/uelzener.de\/magazin\/#website"},"primaryImageOfPage":{"@id":"https:\/\/uelzener.de\/magazin\/hund\/tipps-fuer-den-alltag\/camping-mit-hund\/#primaryimage"},"image":{"@id":"https:\/\/uelzener.de\/magazin\/hund\/tipps-fuer-den-alltag\/camping-mit-hund\/#primaryimage"},"thumbnailUrl":"https:\/\/uelzener.de\/magazin\/app\/uploads\/2024\/04\/camping-mit-hund.jpg","datePublished":"2024-04-04T13:30:51+00:00","dateModified":"2025-07-28T12:06:59+00:00","description":"Mit der passenden Ausr\u00fcstung wird der Camping-Ausflug mit Hund zu einem entspannten Vergn\u00fcgen. Mit unserer Liste kannst du ganz leicht an alles Wichtige denken.","breadcrumb":{"@id":"https:\/\/uelzener.de\/magazin\/hund\/tipps-fuer-den-alltag\/camping-mit-hund\/#breadcrumb"},"inLanguage":"de","potentialAction":[{"@type":"ReadAction","target":["https:\/\/uelzener.de\/magazin\/hund\/tipps-fuer-den-alltag\/camping-mit-hund\/"]}]},{"@type":"ImageObject","inLanguage":"de","@id":"https:\/\/uelzener.de\/magazin\/hund\/tipps-fuer-den-alltag\/camping-mit-hund\/#primaryimage","url":"https:\/\/uelzener.de\/magazin\/app\/uploads\/2024\/04\/camping-mit-hund.jpg","contentUrl":"https:\/\/uelzener.de\/magazin\/app\/uploads\/2024\/04\/camping-mit-hund.jpg","width":1025,"height":450,"caption":"Zwei Menschen beim Camping. Hund sitzt im Zelt."},{"@type":"WebSite","@id":"https:\/\/uelzener.de\/magazin\/#website","url":"https:\/\/uelzener.de\/magazin\/","name":"Uelzener Tiermagazin","description":"Online Tierratgeber der Uelzener Versicherungen","publisher":{"@id":"https:\/\/uelzener.de\/magazin\/#organization"},"potentialAction":[{"@type":"SearchAction","target":{"@type":"EntryPoint","urlTemplate":"https:\/\/uelzener.de\/magazin\/?s={search_term_string}"},"query-input":{"@type":"PropertyValueSpecification","valueRequired":true,"valueName":"search_term_string"}}],"inLanguage":"de"},{"@type":"Organization","@id":"https:\/\/uelzener.de\/magazin\/#organization","name":"Uelzener Versicherungen","url":"https:\/\/uelzener.de\/magazin\/","logo":{"@type":"ImageObject","inLanguage":"de","@id":"https:\/\/uelzener.de\/magazin\/#\/schema\/logo\/image\/","url":"https:\/\/uelzener.de\/magazin\/app\/uploads\/2024\/11\/uelzener_allgemeine_versicherungsgesellschaft_a_g_logo.jpg","contentUrl":"https:\/\/uelzener.de\/magazin\/app\/uploads\/2024\/11\/uelzener_allgemeine_versicherungsgesellschaft_a_g_logo.jpg","width":200,"height":200,"caption":"Uelzener Versicherungen"},"image":{"@id":"https:\/\/uelzener.de\/magazin\/#\/schema\/logo\/image\/"},"sameAs":["https:\/\/www.facebook.com\/Uelzener","https:\/\/instagram.com\/uelzener","https:\/\/www.xing.com\/pages\/uelzenerallgemeineversicherungs-gesellschafta-g","https:\/\/www.youtube.com\/UelzenerVersicherungen"]}]}},"_links":{"self":[{"href":"https:\/\/uelzener.de\/magazin\/wp-json\/wp\/v2\/pages\/17245","targetHints":{"allow":["GET"]}}],"collection":[{"href":"https:\/\/uelzener.de\/magazin\/wp-json\/wp\/v2\/pages"}],"about":[{"href":"https:\/\/uelzener.de\/magazin\/wp-json\/wp\/v2\/types\/page"}],"author":[{"embeddable":true,"href":"https:\/\/uelzener.de\/magazin\/wp-json\/wp\/v2\/users\/11"}],"replies":[{"embeddable":true,"href":"https:\/\/uelzener.de\/magazin\/wp-json\/wp\/v2\/comments?post=17245"}],"version-history":[{"count":7,"href":"https:\/\/uelzener.de\/magazin\/wp-json\/wp\/v2\/pages\/17245\/revisions"}],"predecessor-version":[{"id":18752,"href":"https:\/\/uelzener.de\/magazin\/wp-json\/wp\/v2\/pages\/17245\/revisions\/18752"}],"up":[{"embeddable":true,"href":"https:\/\/uelzener.de\/magazin\/wp-json\/wp\/v2\/pages\/11707"}],"wp:featuredmedia":[{"embeddable":true,"href":"https:\/\/uelzener.de\/magazin\/wp-json\/wp\/v2\/media\/17250"}],"wp:attachment":[{"href":"https:\/\/uelzener.de\/magazin\/wp-json\/wp\/v2\/media?parent=17245"}],"curies":[{"name":"wp","href":"https:\/\/api.w.org\/{rel}","templated":true}]}}