{"id":17230,"date":"2024-04-03T16:16:19","date_gmt":"2024-04-03T14:16:19","guid":{"rendered":"https:\/\/uelzener.de\/magazin\/?page_id=17230"},"modified":"2024-04-17T12:34:41","modified_gmt":"2024-04-17T10:34:41","slug":"katzengeburt","status":"publish","type":"page","link":"https:\/\/uelzener.de\/magazin\/katze\/tiergesundheit\/katzengeburt\/","title":{"rendered":"Katzengeburt"},"content":{"rendered":"<p>Eine Katzengeburt ist eine aufregende Sache. Zumeist bringen Katzen ihre Kleinen eigenst\u00e4ndig zur Welt. Dennoch ist es wichtig, sich \u00fcber den Ablauf einer Katzengeburt zu informieren und einige Vorbereitungen zu treffen. So kann man der Katze die Geburt erleichtern und bei Komplikationen eingreifen. Hier erf\u00e4hrst du das Wichtigste rund um die Katzengeburt.<\/p>\n<h2>Anzeichen und Ablauf einer Katzengeburt<\/h2>\n<p>Woran merkst du, dass die Geburt bei einer Katze kurz bevorsteht? Die Anzeichen sind nicht immer leicht zu erkennen. Geb\u00e4rende Katzen werden zumeist unruhig, streifen vermehrt umher und <a href=\"https:\/\/uelzener.de\/magazin\/katze\/erziehung-und-training\/katzenlaute-miauen-fauchen-knurren\/\">miauen<\/a> laut. Zudem suchen sie einen ruhigen und ungest\u00f6rten Ort, um ihre <a href=\"https:\/\/uelzener.de\/magazin\/katze\/haeufige-fragen\/kitten-aus-wurf-auswaehlen-darauf-kommt-es-an\/\">Kitten<\/a> zur Welt zu bringen. Nat\u00fcrlich soll der Stubentiger seine Privatsph\u00e4re w\u00e4hrend der Geburt m\u00f6glichst behalten. Andererseits ist es wichtig, die Geburt zu beobachten, um eingreifen zu k\u00f6nnen, wenn es zu Problemen kommt. Daf\u00fcr ist es sinnvoll, den Ablauf einer Katzengeburt zu kennen. Eine Geburt verl\u00e4uft bei Katzen in drei Phasen:<\/p>\n<p>\u00d6ffnungsphase: Die Geb\u00e4rmutter und der K\u00f6rper der Katze stellen sich auf die Geburt ein. Der Geb\u00e4rmutterhals \u00f6ffnet sich. Erste Wehen bringen die K\u00e4tzchen in den Geburtskanal.<\/p>\n<p>Austreibungsphase: Die Wehen werden st\u00e4rker, Fruchtwasser tritt aus, die K\u00e4tzchen bewegen sich durch den Geburtskanal und werden geboren.<\/p>\n<p>Nachgeburtsphase: Die Plazentas werden ausgeschieden (f\u00fcr jedes K\u00e4tzchen gibt es eine Plazenta). Katzen fressen mitunter die Plazentas.<\/p>\n<h2>Vorbereitung: Was braucht man alles f\u00fcr eine Katzengeburt?<\/h2>\n<p>Zumeist bew\u00e4ltigen Katzen die Geburt eigenst\u00e4ndig. Mit einigen Vorbereitungen kann man der Katze die Geburt erleichtern.<\/p>\n<p>Folgende Vorbereitungen solltest du treffen:<\/p>\n<ul>\n<li>Wurfkiste an einem warmen und ruhigen Ort<\/li>\n<li>T\u00fccher f\u00fcr die Wurfkiste (keine Frottiert\u00fccher, weil sich die Krallen der Neugeborenen darin verfangen k\u00f6nnten)<\/li>\n<li>W\u00e4rmequellen in Form eines gew\u00e4rmten K\u00f6rnerkissens oder eines Infrarotstrahlers<\/li>\n<li>Katzentoilette in der N\u00e4he der Wurfkiste, m\u00f6glichst mit niedrigem Einstieg<\/li>\n<li>Wasser und Futter neben der Wurfkiste<\/li>\n<li>Sorge f\u00fcr Ruhe und Ungest\u00f6rtheit.<\/li>\n<li>Nummer der tier\u00e4rztlichen Praxis griffbereit haben, um schnell reagieren zu k\u00f6nnen, wenn es Komplikationen gibt.<\/li>\n<li>Notizblock und Waage, um das Gewicht der K\u00e4tzchen zu messen und festzuhalten.<\/li>\n<\/ul>\n<h2>Wie lange dauert in der Regel eine Katzengeburt?<\/h2>\n<p>Die <a href=\"https:\/\/uelzener.de\/magazin\/katze\/haltung\/katze-traechtig-alles-infos-zur-schwangerschaft\/\">Tr\u00e4chtigkeit einer Katze<\/a> dauert ca. 60 Tage. Doch wie lange dauert eine Geburt? Eine Geburt kann sehr unterschiedlich lang andauern. So k\u00f6nnen sich \u00d6ffnungsphase, Austreibungsphase und Nachgeburtsphase unterschiedlich lang hinziehen. Bei erstgeb\u00e4renden Katzen dauert eine Geburt meist l\u00e4nger als bei Tieren, die schon einmal geboren haben. Der Geburtsvorgang kann zwischen 2 und 24 Stunden dauern. Die <a href=\"https:\/\/uelzener.de\/magazin\/katze\/haltung\/handaufzucht-bei-katzen-das-musst-du-beachten\/\">Kitten<\/a> kommen in Abst\u00e4nden zwischen einer halben und einer dreiviertel Stunde zur Welt. Aber auch hier kann es zeitliche Unterschiede geben.<\/p>\n<h2>Wie lange Abstand zwischen Tr\u00e4chtigkeiten bei Katzen?<\/h2>\n<p>Katzen k\u00f6nnen zwei bis dreimal pro Jahr tr\u00e4chtig werden. In Zuchtverb\u00e4nden und Zuchtvereinen gilt jedoch die Regel, dass eine Katze innerhalb von zwei Jahren h\u00f6chstens bis zu drei Mal tr\u00e4chtig sein darf.<\/p>\n<h2>Fazit<\/h2>\n<p>Die meisten Katzengeburten gehen ohne Komplikationen \u00fcber die B\u00fchne. Die Geburt der kleinen K\u00e4tzchen ist f\u00fcr Zuschauende dann einfach ein kleines, ber\u00fchrendes Wunder. So braucht man neben ein bisschen Geduld, einer Wurfkiste und einigem anderen Zubeh\u00f6r vornehmlich nur eine ruhige Umgebung. Damit dieses f\u00fcr die Katze anstrengende Wunder leichter zu vollbringen ist, k\u00f6nnen wir Menschen unsere Samtpfoten unterst\u00fctzen. Eine Wurfkiste und eine ruhige Umgebung sind da nur zwei Beispiele. Als Beobachterin oder Beobachter sollte man sich im Hintergrund halten und nur aktiv werden, wenn es zu Komplikationen kommt. Gefragt ist der Mensch dann wieder, wenn es um die <a href=\"https:\/\/uelzener.de\/magazin\/katze\/haltung\/vom-katzenbaby-zur-jungkatze-entwicklung-kitten\/\">Entwicklung der kleinen K\u00e4tzchen<\/a> geht.<\/p>\n<h2>FAQ: H\u00e4ufig gestellte Fragen<\/h2>\n<h3>Ist Blut bei einer Katzengeburt normal?<\/h3>\n<p>Etwas Blut ist bei einer Geburt normal. Wenn die Katze viel Blut verliert oder das Blut \u00fcbel riecht, sollte man jedoch unbedingt m\u00f6glichst schnell tier\u00e4rztliche Hilfe holen.<\/p>\n<h3>Was tun bei Komplikationen?<\/h3>\n<p>F\u00fcr den Fall, dass Komplikationen eintreten, solltest du die Nummer der tier\u00e4rztlichen Praxis parat haben. Am besten k\u00fcndigst du die Geburt bereits im Vorfeld in der Praxis an und erfragst, wie du im Ernstfall Hilfe bekommen kannst. Komplikationen k\u00f6nnen sein:<\/p>\n<ul>\n<li>Eine sehr lange Er\u00f6ffnungsphase, die sich \u00fcber mehr als 6 Stunden zieht,<\/li>\n<li>Fieber und gest\u00f6rtes Allgemeinbefinden,<\/li>\n<li>mehr als 1,5 Stunden Abstand zwischen den Geburten der einzelnen K\u00e4tzchen,<\/li>\n<li>Fruchtwasser geht ab, ohne dass ein K\u00e4tzchen geboren wird,<\/li>\n<li>schlecht riechender Ausfluss,<\/li>\n<li>andauernde Presswehen, ohne dass ein K\u00e4tzchen sichtbar wird.<\/li>\n<\/ul>\n","protected":false},"excerpt":{"rendered":"<p>Eine Katzengeburt ist eine aufregende Sache. Zumeist bringen Katzen ihre Kleinen eigenst\u00e4ndig zur Welt. Dennoch ist es wichtig, sich \u00fcber den Ablauf einer Katzengeburt zu informieren und einige Vorbereitungen zu treffen. So kann man der Katze die Geburt erleichtern und bei Komplikationen eingreifen. Hier erf\u00e4hrst du das Wichtigste rund um die Katzengeburt. Anzeichen und Ablauf [&hellip;]<\/p>\n","protected":false},"author":11,"featured_media":17234,"parent":11712,"menu_order":16,"comment_status":"closed","ping_status":"closed","template":"templates\/blog.php","meta":{"_acf_changed":false,"_crdt_document":"","footnotes":"","beyondwords_generate_audio":"0","beyondwords_project_id":"","beyondwords_content_id":"","beyondwords_preview_token":"","beyondwords_player_style":"","beyondwords_language_id":"","beyondwords_title_voice_id":"","beyondwords_body_voice_id":"","beyondwords_summary_voice_id":"","beyondwords_error_message":"","beyondwords_disabled":"","beyondwords_delete_content":"","beyondwords_podcast_id":"","beyondwords_hash":"","publish_post_to_speechkit":"","speechkit_hash":"","speechkit_generate_audio":"","speechkit_project_id":"","speechkit_podcast_id":"","speechkit_error_message":"","speechkit_disabled":"","speechkit_access_key":"","speechkit_error":"","speechkit_info":"","speechkit_response":"","speechkit_retries":"","speechkit_status":"","speechkit_updated_at":"","_speechkit_link":"","_speechkit_text":""},"class_list":["post-17230","page","type-page","status-publish","has-post-thumbnail","hentry"],"acf":[],"yoast_head":"<!-- This site is optimized with the Yoast SEO Premium plugin  - https:\/\/yoast.com\/product\/yoast-seo-premium-wordpress\/ -->\n<title>Katzengeburt | Uelzener Magazin<\/title>\n<meta name=\"robots\" content=\"index, follow, max-snippet:-1, max-image-preview:large, max-video-preview:-1\" \/>\n<link rel=\"canonical\" href=\"https:\/\/uelzener.de\/magazin\/katze\/tiergesundheit\/katzengeburt\/\" \/>\n<meta property=\"og:locale\" content=\"de_DE\" \/>\n<meta property=\"og:type\" content=\"article\" \/>\n<meta property=\"og:title\" content=\"Katzengeburt\" \/>\n<meta property=\"og:description\" content=\"Eine Katzengeburt ist eine aufregende Sache. Zumeist bringen Katzen ihre Kleinen eigenst\u00e4ndig zur Welt. Dennoch ist es wichtig, sich \u00fcber den Ablauf einer Katzengeburt zu informieren und einige Vorbereitungen zu treffen. So kann man der Katze die Geburt erleichtern und bei Komplikationen eingreifen. Hier erf\u00e4hrst du das Wichtigste rund um die Katzengeburt. Anzeichen und Ablauf [&hellip;]\" \/>\n<meta property=\"og:url\" content=\"https:\/\/uelzener.de\/magazin\/katze\/tiergesundheit\/katzengeburt\/\" \/>\n<meta property=\"og:site_name\" content=\"Uelzener Tier-Magazin\" \/>\n<meta property=\"article:publisher\" content=\"https:\/\/www.facebook.com\/Uelzener\" \/>\n<meta property=\"article:modified_time\" content=\"2024-04-17T10:34:41+00:00\" \/>\n<meta property=\"og:image\" content=\"https:\/\/uelzener.de\/magazin\/app\/uploads\/2024\/04\/katzengeburt.jpg\" \/>\n\t<meta property=\"og:image:width\" content=\"1025\" \/>\n\t<meta property=\"og:image:height\" content=\"450\" \/>\n\t<meta property=\"og:image:type\" content=\"image\/jpeg\" \/>\n<meta name=\"twitter:card\" content=\"summary_large_image\" \/>\n<meta name=\"twitter:label1\" content=\"Gesch\u00e4tzte Lesezeit\" \/>\n\t<meta name=\"twitter:data1\" content=\"3\u00a0Minuten\" \/>\n<script type=\"application\/ld+json\" class=\"yoast-schema-graph\">{\"@context\":\"https:\/\/schema.org\",\"@graph\":[{\"@type\":\"WebPage\",\"@id\":\"https:\/\/uelzener.de\/magazin\/katze\/tiergesundheit\/katzengeburt\/\",\"url\":\"https:\/\/uelzener.de\/magazin\/katze\/tiergesundheit\/katzengeburt\/\",\"name\":\"Katzengeburt | Uelzener Magazin\",\"isPartOf\":{\"@id\":\"https:\/\/uelzener.de\/magazin\/#website\"},\"primaryImageOfPage\":{\"@id\":\"https:\/\/uelzener.de\/magazin\/katze\/tiergesundheit\/katzengeburt\/#primaryimage\"},\"image\":{\"@id\":\"https:\/\/uelzener.de\/magazin\/katze\/tiergesundheit\/katzengeburt\/#primaryimage\"},\"thumbnailUrl\":\"https:\/\/uelzener.de\/magazin\/app\/uploads\/2024\/04\/katzengeburt.jpg\",\"datePublished\":\"2024-04-03T14:16:19+00:00\",\"dateModified\":\"2024-04-17T10:34:41+00:00\",\"breadcrumb\":{\"@id\":\"https:\/\/uelzener.de\/magazin\/katze\/tiergesundheit\/katzengeburt\/#breadcrumb\"},\"inLanguage\":\"de\",\"potentialAction\":[{\"@type\":\"ReadAction\",\"target\":[\"https:\/\/uelzener.de\/magazin\/katze\/tiergesundheit\/katzengeburt\/\"]}]},{\"@type\":\"ImageObject\",\"inLanguage\":\"de\",\"@id\":\"https:\/\/uelzener.de\/magazin\/katze\/tiergesundheit\/katzengeburt\/#primaryimage\",\"url\":\"https:\/\/uelzener.de\/magazin\/app\/uploads\/2024\/04\/katzengeburt.jpg\",\"contentUrl\":\"https:\/\/uelzener.de\/magazin\/app\/uploads\/2024\/04\/katzengeburt.jpg\",\"width\":1025,\"height\":450,\"caption\":\"Katze leckt neugeborenes K\u00e4tzchen sauber.\"},{\"@type\":\"WebSite\",\"@id\":\"https:\/\/uelzener.de\/magazin\/#website\",\"url\":\"https:\/\/uelzener.de\/magazin\/\",\"name\":\"Uelzener Tiermagazin\",\"description\":\"Online Tierratgeber der Uelzener Versicherungen\",\"publisher\":{\"@id\":\"https:\/\/uelzener.de\/magazin\/#organization\"},\"potentialAction\":[{\"@type\":\"SearchAction\",\"target\":{\"@type\":\"EntryPoint\",\"urlTemplate\":\"https:\/\/uelzener.de\/magazin\/?s={search_term_string}\"},\"query-input\":{\"@type\":\"PropertyValueSpecification\",\"valueRequired\":true,\"valueName\":\"search_term_string\"}}],\"inLanguage\":\"de\"},{\"@type\":\"Organization\",\"@id\":\"https:\/\/uelzener.de\/magazin\/#organization\",\"name\":\"Uelzener Versicherungen\",\"url\":\"https:\/\/uelzener.de\/magazin\/\",\"logo\":{\"@type\":\"ImageObject\",\"inLanguage\":\"de\",\"@id\":\"https:\/\/uelzener.de\/magazin\/#\/schema\/logo\/image\/\",\"url\":\"https:\/\/uelzener.de\/magazin\/app\/uploads\/2024\/11\/uelzener_allgemeine_versicherungsgesellschaft_a_g_logo.jpg\",\"contentUrl\":\"https:\/\/uelzener.de\/magazin\/app\/uploads\/2024\/11\/uelzener_allgemeine_versicherungsgesellschaft_a_g_logo.jpg\",\"width\":200,\"height\":200,\"caption\":\"Uelzener Versicherungen\"},\"image\":{\"@id\":\"https:\/\/uelzener.de\/magazin\/#\/schema\/logo\/image\/\"},\"sameAs\":[\"https:\/\/www.facebook.com\/Uelzener\",\"https:\/\/instagram.com\/uelzener\",\"https:\/\/www.xing.com\/pages\/uelzenerallgemeineversicherungs-gesellschafta-g\",\"https:\/\/www.youtube.com\/UelzenerVersicherungen\"]}]}<\/script>\n<!-- \/ Yoast SEO Premium plugin. -->","yoast_head_json":{"title":"Katzengeburt | Uelzener Magazin","robots":{"index":"index","follow":"follow","max-snippet":"max-snippet:-1","max-image-preview":"max-image-preview:large","max-video-preview":"max-video-preview:-1"},"canonical":"https:\/\/uelzener.de\/magazin\/katze\/tiergesundheit\/katzengeburt\/","og_locale":"de_DE","og_type":"article","og_title":"Katzengeburt","og_description":"Eine Katzengeburt ist eine aufregende Sache. Zumeist bringen Katzen ihre Kleinen eigenst\u00e4ndig zur Welt. Dennoch ist es wichtig, sich \u00fcber den Ablauf einer Katzengeburt zu informieren und einige Vorbereitungen zu treffen. So kann man der Katze die Geburt erleichtern und bei Komplikationen eingreifen. Hier erf\u00e4hrst du das Wichtigste rund um die Katzengeburt. Anzeichen und Ablauf [&hellip;]","og_url":"https:\/\/uelzener.de\/magazin\/katze\/tiergesundheit\/katzengeburt\/","og_site_name":"Uelzener Tier-Magazin","article_publisher":"https:\/\/www.facebook.com\/Uelzener","article_modified_time":"2024-04-17T10:34:41+00:00","og_image":[{"width":1025,"height":450,"url":"https:\/\/uelzener.de\/magazin\/app\/uploads\/2024\/04\/katzengeburt.jpg","type":"image\/jpeg"}],"twitter_card":"summary_large_image","twitter_misc":{"Gesch\u00e4tzte Lesezeit":"3\u00a0Minuten"},"schema":{"@context":"https:\/\/schema.org","@graph":[{"@type":"WebPage","@id":"https:\/\/uelzener.de\/magazin\/katze\/tiergesundheit\/katzengeburt\/","url":"https:\/\/uelzener.de\/magazin\/katze\/tiergesundheit\/katzengeburt\/","name":"Katzengeburt | Uelzener Magazin","isPartOf":{"@id":"https:\/\/uelzener.de\/magazin\/#website"},"primaryImageOfPage":{"@id":"https:\/\/uelzener.de\/magazin\/katze\/tiergesundheit\/katzengeburt\/#primaryimage"},"image":{"@id":"https:\/\/uelzener.de\/magazin\/katze\/tiergesundheit\/katzengeburt\/#primaryimage"},"thumbnailUrl":"https:\/\/uelzener.de\/magazin\/app\/uploads\/2024\/04\/katzengeburt.jpg","datePublished":"2024-04-03T14:16:19+00:00","dateModified":"2024-04-17T10:34:41+00:00","breadcrumb":{"@id":"https:\/\/uelzener.de\/magazin\/katze\/tiergesundheit\/katzengeburt\/#breadcrumb"},"inLanguage":"de","potentialAction":[{"@type":"ReadAction","target":["https:\/\/uelzener.de\/magazin\/katze\/tiergesundheit\/katzengeburt\/"]}]},{"@type":"ImageObject","inLanguage":"de","@id":"https:\/\/uelzener.de\/magazin\/katze\/tiergesundheit\/katzengeburt\/#primaryimage","url":"https:\/\/uelzener.de\/magazin\/app\/uploads\/2024\/04\/katzengeburt.jpg","contentUrl":"https:\/\/uelzener.de\/magazin\/app\/uploads\/2024\/04\/katzengeburt.jpg","width":1025,"height":450,"caption":"Katze leckt neugeborenes K\u00e4tzchen sauber."},{"@type":"WebSite","@id":"https:\/\/uelzener.de\/magazin\/#website","url":"https:\/\/uelzener.de\/magazin\/","name":"Uelzener Tiermagazin","description":"Online Tierratgeber der Uelzener Versicherungen","publisher":{"@id":"https:\/\/uelzener.de\/magazin\/#organization"},"potentialAction":[{"@type":"SearchAction","target":{"@type":"EntryPoint","urlTemplate":"https:\/\/uelzener.de\/magazin\/?s={search_term_string}"},"query-input":{"@type":"PropertyValueSpecification","valueRequired":true,"valueName":"search_term_string"}}],"inLanguage":"de"},{"@type":"Organization","@id":"https:\/\/uelzener.de\/magazin\/#organization","name":"Uelzener Versicherungen","url":"https:\/\/uelzener.de\/magazin\/","logo":{"@type":"ImageObject","inLanguage":"de","@id":"https:\/\/uelzener.de\/magazin\/#\/schema\/logo\/image\/","url":"https:\/\/uelzener.de\/magazin\/app\/uploads\/2024\/11\/uelzener_allgemeine_versicherungsgesellschaft_a_g_logo.jpg","contentUrl":"https:\/\/uelzener.de\/magazin\/app\/uploads\/2024\/11\/uelzener_allgemeine_versicherungsgesellschaft_a_g_logo.jpg","width":200,"height":200,"caption":"Uelzener Versicherungen"},"image":{"@id":"https:\/\/uelzener.de\/magazin\/#\/schema\/logo\/image\/"},"sameAs":["https:\/\/www.facebook.com\/Uelzener","https:\/\/instagram.com\/uelzener","https:\/\/www.xing.com\/pages\/uelzenerallgemeineversicherungs-gesellschafta-g","https:\/\/www.youtube.com\/UelzenerVersicherungen"]}]}},"_links":{"self":[{"href":"https:\/\/uelzener.de\/magazin\/wp-json\/wp\/v2\/pages\/17230","targetHints":{"allow":["GET"]}}],"collection":[{"href":"https:\/\/uelzener.de\/magazin\/wp-json\/wp\/v2\/pages"}],"about":[{"href":"https:\/\/uelzener.de\/magazin\/wp-json\/wp\/v2\/types\/page"}],"author":[{"embeddable":true,"href":"https:\/\/uelzener.de\/magazin\/wp-json\/wp\/v2\/users\/11"}],"replies":[{"embeddable":true,"href":"https:\/\/uelzener.de\/magazin\/wp-json\/wp\/v2\/comments?post=17230"}],"version-history":[{"count":5,"href":"https:\/\/uelzener.de\/magazin\/wp-json\/wp\/v2\/pages\/17230\/revisions"}],"predecessor-version":[{"id":17330,"href":"https:\/\/uelzener.de\/magazin\/wp-json\/wp\/v2\/pages\/17230\/revisions\/17330"}],"up":[{"embeddable":true,"href":"https:\/\/uelzener.de\/magazin\/wp-json\/wp\/v2\/pages\/11712"}],"wp:featuredmedia":[{"embeddable":true,"href":"https:\/\/uelzener.de\/magazin\/wp-json\/wp\/v2\/media\/17234"}],"wp:attachment":[{"href":"https:\/\/uelzener.de\/magazin\/wp-json\/wp\/v2\/media?parent=17230"}],"curies":[{"name":"wp","href":"https:\/\/api.w.org\/{rel}","templated":true}]}}