{"id":17227,"date":"2024-04-02T16:26:35","date_gmt":"2024-04-02T14:26:35","guid":{"rendered":"https:\/\/uelzener.de\/magazin\/?page_id=17227"},"modified":"2024-04-17T11:18:28","modified_gmt":"2024-04-17T09:18:28","slug":"haben-pferde-nieren","status":"publish","type":"page","link":"https:\/\/uelzener.de\/magazin\/pferd\/haeufige-fragen\/haben-pferde-nieren\/","title":{"rendered":"Haben Pferde Nieren?"},"content":{"rendered":"<p>Die Frage, ob Pferde Nieren haben, mag heutzutage sonderbar anmuten. Die meisten von uns h\u00e4tten daran sicherlich keinen Zweifel. Blicken wir jedoch in die Geschichte zur\u00fcck, scheint die Antwort auf die Frage nicht immer klar gewesen zu sein. Es gab Zeiten, in denen der Irrglaube, Pferde h\u00e4tten keine Nieren, wohl tats\u00e4chlich verbreitet war. Aber woher r\u00fchrt er und warum sollen es ausgerechnet Pferde sein, die keine Nieren haben? Wir bringen Licht ins Dunkel.<\/p>\n<h2><strong>Pferde haben keine Nieren: Fake News mit historischen Wurzeln<\/strong><\/h2>\n<p>Dass Pferde keine Nieren haben, ist eine wiederkehrende historische Falschbehauptung. Sie wurde vor allem zu Kriegszeiten in die Welt gesetzt, etwa w\u00e4hrend der Schlesischen Kriege, die Friedrich der Gro\u00dfe zwischen 1740 und 1763 gegen \u00d6sterreich f\u00fchrte. Das Vorurteil ist heutzutage vermutlich nicht mehr vielen gegenw\u00e4rtig. Und es entspricht auch nicht der Wahrheit. Genau wie wir Menschen haben Pferde zwei Nieren, die als Entgiftungsorgane eine wesentliche Funktion im K\u00f6rper erf\u00fcllen. Aber warum wurde dieses Ger\u00fccht \u00fcber Pferde gestreut?<\/p>\n<p>Es ist kein Zufall, dass die Falschbehauptung zu Kriegszeiten aufkam. Pferde wurden f\u00fcr den Kampf und die Kavallerie gebraucht, gleichzeitig war jedoch der Hunger in der Bev\u00f6lkerung gro\u00df und Pferdefleisch eine erschwingliche und zug\u00e4ngliche Nahrungsquelle. Mit der Behauptung, Pferde h\u00e4tten keine Nieren, wollte man daf\u00fcr sorgen, dass die Pferde nicht der Nahrungsverarbeitung zum Opfer fielen, sondern als Kriegspferde eingesetzt werden konnten. In dem Zusammenhang stellt sich eine weitere Frage: Warum sollte es Menschen abschrecken, ein Pferd ohne Nieren zu essen?<\/p>\n<p>Um das zu verstehen, muss man sich die Funktion der Nieren verdeutlichen. Nieren haben die Aufgabe, das Blut zu entgiften und Stoffwechselabbauprodukte und Schadstoffe herauszufiltern. Der Aussage, ein Pferd h\u00e4tte keine Nieren, folgt, dass das Blut ungefiltert bleibt. Es wurde behauptet, dass sich die Schadstoffe in der Muskulatur einlagern und Pferdefleisch demnach ungenie\u00dfbar ist. Das sollte die Menschen vom Verzehr abhalten.<\/p>\n<h2><strong>Wissenswertes zu Pferdenieren<\/strong><\/h2>\n<p>Die Nieren eines Pferds sind braunrot, etwa handfl\u00e4chengro\u00df und unterschiedlich geformt. W\u00e4hrend die linke Niere \u00e4hnlich wie beim Menschen bohnenf\u00f6rmig ausgepr\u00e4gt ist, hat die rechte Niere eine Herzform. Auch in Hinblick auf die Lage gibt es Unterschiede. So sitzt die linke Niere zwischen dem 17. Rippenbogen und der Hungergrube, w\u00e4hrend sich die rechte Niere weiter vorne zwischen dem 14. und 17. Rippenbogen befindet. Die Nieren bilden zusammen mit dem Nierenbecken, dem Harnleiter, der Harnblase und der Harnr\u00f6hre die Gruppe der Harnorgane. Sie dienen der Ausscheidung von Stoffwechselnebenprodukten, Schadstoffen und Stoffen, die in zu gro\u00dfen Mengen aufgenommen worden sind.<\/p>\n<p>Die Nieren sind harnbereitende Organe, das hei\u00dft, der Harn wird hier gebildet. Zu differenzieren sind der Prim\u00e4rharn und der Endharn. F\u00fcr die Bildung des Prim\u00e4rharns sind Nephronen zust\u00e4ndig. Das sind mikroskopisch kleine Filtereinheiten, die von einer schalen\u00e4hnlichen Struktur umgeben sind. Eine Pferdeniere besteht aus mehr als einer Million davon. Aus dem Prim\u00e4rharn werden Schadstoffe und Abbauprodukte, aber auch Elektrolyte und Wasser herausgefiltert. Die Elektrolyte und ein Gro\u00dfteil des Wassers werden dem K\u00f6rper zur Aufrechterhaltung seiner Funktionen wieder zugef\u00fchrt, die Giftstoffe abtransportiert. Am Ende bleiben zwischen drei und zehn Liter Endharn \u00fcbrig, die das Pferd ausscheidet.<\/p>\n<p>Die Nieren sind nicht nur f\u00fcr die Harnbildung und die Regulierung des Wasser- und Elektrolythaushalts zust\u00e4ndig, sondern auch Entstehungsort wichtiger Hormone. Dazu geh\u00f6ren Renin, das eine Rolle bei der Blutdruckregulierung spielt, und Erythropoetin, das zur Bildung roter Blutk\u00f6rperchen beitr\u00e4gt. Au\u00dferdem wird in den Nieren Vitamin D zu Calcitriol umgewandelt, das unter anderem eine Funktion im Knochenstoffwechsel erf\u00fcllt.<\/p>\n<h3><strong>Symptome f\u00fcr Nierenprobleme beim Pferd<\/strong><\/h3>\n<p>Die Nieren sind leistungsstarke Organe und gelten als relativ robust. Sie sind jedoch nicht in der Lage, neue Zellen zu bilden. Defekte, Funktionsst\u00f6rungen und Erkrankungen k\u00f6nnen weitreichende Folgen haben und sich in unterschiedlichen Symptomen \u00e4u\u00dfern. Folgende Erscheinungen k\u00f6nnen auf Nierenprobleme hinweisen:<\/p>\n<ul>\n<li>geringere oder h\u00f6here Harnmengen als \u00fcblich<\/li>\n<li>ungewohnt h\u00e4ufiges Urinieren<\/li>\n<li>sehr langes Urinieren bei d\u00fcnnem Strahl, eventuell bei anhaltendem Pressen<\/li>\n<li>Schmerzen beim Harnlassen<\/li>\n<li>Ver\u00e4nderung der Harnfarbe (wei\u00dflich oder dunkel)<\/li>\n<li>stark riechender Urin<\/li>\n<li>h\u00e4ufiges Trinken<\/li>\n<li>Appetitverlust<\/li>\n<li>Gewichtsverlust<\/li>\n<li>verspannte Muskulatur im R\u00fccken und Beckenbereich<\/li>\n<li>stumpfes, struppiges Fell<\/li>\n<li>ver\u00e4nderter K\u00f6rpergeruch (nach Urin)<\/li>\n<li>Fieber<\/li>\n<li>Ekzeme<\/li>\n<li>\u00d6deme an Beinen und Unterbauch<\/li>\n<li>geschwollene Beine<\/li>\n<li>Abnahme der Leistungsf\u00e4higkeit<\/li>\n<li>Ersch\u00f6pfung, Apathie, Unruhe<\/li>\n<li>Rittigkeitsprobleme<\/li>\n<li>pl\u00f6tzliche Schreckhaftigkeit und \u00c4ngstlichkeit<\/li>\n<\/ul>\n<p>Treten solcherlei Symptome auf, ist es ratsam, das Pferd tier\u00e4rztlich untersuchen zu lassen. Eine Harnuntersuchung kann dabei helfen, m\u00f6gliche Nierenprobleme ausfindig zu machen. Relevante Parameter dahingehend sind der pH-Wert, der Glukosewert, die Anzahl der wei\u00dfen Blutk\u00f6rperchen und Sedimente. Bei fortgeschrittener Erkrankung erh\u00f6ht sich der Kreatininwert im Blut, so dass ab diesem Stadium auch ein Blutbild aufschlussreich sein kann.<\/p>\n<p>Problematisch ist, dass Nierenprobleme lange unentdeckt bleiben k\u00f6nnen, da sich zu Beginn kaum oder gar keine Symptome bemerkbar machen. Wenn Erscheinungen auftreten, liegt meist schon eine erhebliche Funktionsst\u00f6rung vor. Aus diesem Grund ist es sinnvoll, bereits bei leichten oder subtilen Anzeichen \u00e4rztlichen Rat einzuholen, um Nierenerkrankungen m\u00f6glichst fr\u00fchzeitig zu erkennen.<\/p>\n<h2><strong>Nierenerkrankungen bei Pferden: Welche gibt es und was sind die Ursachen?<\/strong><\/h2>\n<p>Nierenkrankheiten sind oft eine Folge vorausgehender Erkrankungen. Durch langanhaltende Durchf\u00e4lle, Fl\u00fcssigkeits- und Elektrolytmangel, Koliken oder Herzinsuffizienz kann es beispielsweise passieren, dass der Blutdruck in den Nieren sinkt, so dass sie nicht mehr imstande sind, ihre Filterfunktion auszu\u00fcben. Das f\u00fchrt dazu, dass Schadstoffe nicht mehr ausgeschieden, sondern dem K\u00f6rper erneut zugef\u00fchrt werden. Die Nieren verstopfen, was in Entz\u00fcndungen resultieren kann. Auch Tumore, angeborene Fehlbildungen, dauerhafte Medikamentengaben und Blasenentz\u00fcndungen, die chronisch werden und sich zu einer Nierenbeckenentz\u00fcndung ausweiten, k\u00f6nnen Ursachen f\u00fcr Nierenerkrankungen sein.<\/p>\n<p>Ist die Funktion einer oder beider Nieren nur noch eingeschr\u00e4nkt, spricht man von einer Niereninsuffizienz. Sie tritt meist in Folge einer Nierenentz\u00fcndung auf. Der Nierenschaden ist bei einer Insuffizienz irreversibel. Abhilfe kann nur eine Dialyse oder Transplantation schaffen, beides gibt es f\u00fcr Pferde jedoch nicht. Eine Niereninsuffizienz l\u00e4sst sich aber behandeln, zum Beispiel mit Fl\u00fcssigkeitsinfusionen oder harnf\u00f6rdernden Medikamenten, die dabei helfen, die Harnt\u00e4tigkeit anzuregen und die Nieren zu sp\u00fclen. Bleibt die Krankheit unbehandelt, wird sie chronisch und es droht fr\u00fcher oder sp\u00e4ter das vollst\u00e4ndige Nierenversagen. Das bedeutet, dass die Nieren vollkommen funktionsunt\u00fcchtig geworden sind.<\/p>\n<p>Abgesehen von Vorerkrankungen k\u00f6nnen eine falsche Ern\u00e4hrung und Toxine aus der Umwelt zu Nierenproblemen f\u00fchren. So kann es beispielsweise passieren, dass das Pferd durch die Aufnahme von Giftpflanzen, Schimmelpilzen, Schwermetallen oder Bakteriengiften Nierenprobleme bekommt. Was die Ern\u00e4hrung betrifft, so stellt zu viel Eiwei\u00df im Futter eine Belastung f\u00fcr die Nieren dar. Kraftfutter beispielsweise ist oft sehr proteinhaltig, was bei der F\u00fctterung mitbedacht werden muss. Zudem ist eine dauerhafte \u00dcberversorgung mit Calcium, wie es h\u00e4ufig in Mineralfutter zugesetzt wird, problematisch. Der \u00dcberschuss an Calcium wird n\u00e4mlich nicht ausgeschieden, sondern lagert sich in den Nieren an. Pferdehalterinnen und Pferdehalter k\u00f6nnen durch die Wahl eines geeigneten, artgerechten Futters ern\u00e4hrungsbedingten Nierenproblemen beim Pferd vorbeugen.<\/p>\n<p>Trotz aller Vorsicht und Sorgfalt l\u00e4sst sich jedoch nicht ausschlie\u00dfen, dass ein Pferd Nierenprobleme entwickelt. An einer tiermedizinischen Untersuchung und Behandlung geht dann kein Weg vorbei. Mit einer <a href=\"https:\/\/uelzener.de\/pferd\/pferde-krankenversicherung\/\">Pferdekrankenversicherung<\/a> sind Halter und Halterinnen im Ernstfall auf der sicheren Seite. Sie deckt die Kosten, die mit veterin\u00e4rmedizinischen Ma\u00dfnahmen einhergehen. Das bietet Schutz vor finanziellen Belastungen und hilft dabei, dem Pferd die bestm\u00f6gliche Behandlung zuteilwerden zu lassen.<\/p>\n<h2><strong>Fazit<\/strong><\/h2>\n<p>Die Frage, ob Pferde Nieren haben, stellt sich heute sicherlich nicht mehr so h\u00e4ufig wie fr\u00fcher. Die meisten wissen, dass Pferde genauso wie andere S\u00e4ugetiere ohne diese Organe nicht leben k\u00f6nnten. Die Nieren \u00fcbernehmen essenzielle Prozesse im K\u00f6rper, deshalb ist es umso wichtiger, Symptome, die auf Nierenprobleme hindeuten k\u00f6nnen, sofort tier\u00e4rztlich abkl\u00e4ren zu lassen. Regelm\u00e4\u00dfige Check-ups helfen dabei, Nierenerkrankungen fr\u00fchzeitig zu erkennen. Vorsorge ist besser als Nachsorge und tr\u00e4gt dazu bei, dem Pferd ein sch\u00f6nes und gesundes Leben zu erm\u00f6glichen.<\/p>\n<h2><strong>FAQ: H\u00e4ufig gestellte Fragen zum Thema Nieren beim Pferd<\/strong><\/h2>\n<h3><strong>Wie kann man die Nieren beim Pferd entlasten?<\/strong><\/h3>\n<p>Die Nieren eines Pferdes kann man durch eine geeignete F\u00fctterung (hochwertig, ausgewogen, nicht zu viel Eiwei\u00df) entlasten und mit gelegentlichen Entgiftungs- oder Kr\u00e4uterkuren unterst\u00fctzen. Pflanzen, die in dem Zusammenhang h\u00e4ufig verwendet werden, sind Birke, Schachtelhalm, Petersilienwurzel, Wacholder, L\u00f6wenzahn, Hauhechel, Goldrute oder Zitronengras. Kuren jedweder Art sollten vorab immer mit dem Tierarzt oder der Tier\u00e4rztin abgesprochen werden.<\/p>\n<h3><strong>Warum zeigen manche Pferde mit Nierenerkrankungen ein sonderbares Verhalten?<\/strong><\/h3>\n<p>Ist die Nierenfunktion eingeschr\u00e4nkt, werden Giftstoffe nicht mehr gefiltert und \u00fcber den Harn abgef\u00fchrt. Stattdessen k\u00f6nnen sie die Blut-Hirn-Schranke passieren und infolgedessen Wahrnehmungsst\u00f6rungen verursachen. Das f\u00fchrt zu Schreckhaftigkeit und Angstzust\u00e4nden, die teils unvermittelt auftreten und dadurch sonderbar erscheinen.<\/p>\n<h3><strong>Entwickeln alte Pferde eher Nierenprobleme?<\/strong><\/h3>\n<p>Mit zunehmendem Alter k\u00f6nnen Pferde anf\u00e4lliger f\u00fcr Nierenprobleme werden. Ein Grund daf\u00fcr ist, dass \u00e4ltere Pferde h\u00e4ufig Defizite im Wasserhaushalt haben, was sich wiederum negativ auf den Nierenstoffwechsel auswirkt. Es ist daher sinnvoll, die Nieren in ihrer Funktion zu unterst\u00fctzen und sich hierzu mit dem Tierarzt oder der Tier\u00e4rztin zu besprechen.<\/p>\n<h3><strong>Welche Lebenserwartung hat ein Pferd mit Niereninsuffizienz?<\/strong><\/h3>\n<p>Das h\u00e4ngt unter anderem davon ab, wie weit die Erkrankung bereits fortgeschritten ist. Pferde mit einer Niereninsuffizienz im fr\u00fchen Stadium haben relativ gute Chancen, ihr Leben normal weiterzuf\u00fchren, wenn geeignete Therapiema\u00dfnahmen ergriffen werden. Eine Fr\u00fcherkennung und eine effektive Behandlung spielen im Hinblick auf die Lebenserwartung eine gro\u00dfe Rolle.<\/p>\n<p>&nbsp;<\/p>\n","protected":false},"excerpt":{"rendered":"<p>Die Frage, ob Pferde Nieren haben, mag heutzutage sonderbar anmuten. Die meisten von uns h\u00e4tten daran sicherlich keinen Zweifel. Blicken wir jedoch in die Geschichte zur\u00fcck, scheint die Antwort auf die Frage nicht immer klar gewesen zu sein. Es gab Zeiten, in denen der Irrglaube, Pferde h\u00e4tten keine Nieren, wohl tats\u00e4chlich verbreitet war. Aber woher [&hellip;]<\/p>\n","protected":false},"author":11,"featured_media":17228,"parent":11685,"menu_order":9,"comment_status":"closed","ping_status":"closed","template":"templates\/blog.php","meta":{"_acf_changed":false,"_crdt_document":"","footnotes":"","beyondwords_generate_audio":"0","beyondwords_project_id":"","beyondwords_content_id":"","beyondwords_preview_token":"","beyondwords_player_style":"","beyondwords_language_id":"","beyondwords_title_voice_id":"","beyondwords_body_voice_id":"","beyondwords_summary_voice_id":"","beyondwords_error_message":"","beyondwords_disabled":"","beyondwords_delete_content":"","beyondwords_podcast_id":"","beyondwords_hash":"","publish_post_to_speechkit":"","speechkit_hash":"","speechkit_generate_audio":"","speechkit_project_id":"","speechkit_podcast_id":"","speechkit_error_message":"","speechkit_disabled":"","speechkit_access_key":"","speechkit_error":"","speechkit_info":"","speechkit_response":"","speechkit_retries":"","speechkit_status":"","speechkit_updated_at":"","_speechkit_link":"","_speechkit_text":""},"class_list":["post-17227","page","type-page","status-publish","has-post-thumbnail","hentry"],"acf":[],"yoast_head":"<!-- This site is optimized with the Yoast SEO Premium plugin  - https:\/\/yoast.com\/product\/yoast-seo-premium-wordpress\/ -->\n<title>Haben Pferde Nieren? | Uelzener Magazin<\/title>\n<meta name=\"description\" content=\"Erfahre die Geschichte hinter dem Mythos, warum Pferde angeblich keine Nieren haben, und wie wichtig diese Organe f\u00fcr ihre Gesundheit sind.\" \/>\n<meta name=\"robots\" content=\"index, follow, max-snippet:-1, max-image-preview:large, max-video-preview:-1\" \/>\n<link rel=\"canonical\" href=\"https:\/\/uelzener.de\/magazin\/pferd\/haeufige-fragen\/haben-pferde-nieren\/\" \/>\n<meta property=\"og:locale\" content=\"de_DE\" \/>\n<meta property=\"og:type\" content=\"article\" \/>\n<meta property=\"og:title\" content=\"Haben Pferde Nieren?\" \/>\n<meta property=\"og:description\" content=\"Erfahre die Geschichte hinter dem Mythos, warum Pferde angeblich keine Nieren haben, und wie wichtig diese Organe f\u00fcr ihre Gesundheit sind.\" \/>\n<meta property=\"og:url\" content=\"https:\/\/uelzener.de\/magazin\/pferd\/haeufige-fragen\/haben-pferde-nieren\/\" \/>\n<meta property=\"og:site_name\" content=\"Uelzener Tier-Magazin\" \/>\n<meta property=\"article:publisher\" content=\"https:\/\/www.facebook.com\/Uelzener\" \/>\n<meta property=\"article:modified_time\" content=\"2024-04-17T09:18:28+00:00\" \/>\n<meta property=\"og:image\" content=\"https:\/\/uelzener.de\/magazin\/app\/uploads\/2024\/04\/haben-pferde-nieren.png\" \/>\n\t<meta property=\"og:image:width\" content=\"1025\" \/>\n\t<meta property=\"og:image:height\" content=\"450\" \/>\n\t<meta property=\"og:image:type\" content=\"image\/png\" \/>\n<meta name=\"twitter:card\" content=\"summary_large_image\" \/>\n<meta name=\"twitter:label1\" content=\"Gesch\u00e4tzte Lesezeit\" \/>\n\t<meta name=\"twitter:data1\" content=\"7\u00a0Minuten\" \/>\n<script type=\"application\/ld+json\" class=\"yoast-schema-graph\">{\"@context\":\"https:\/\/schema.org\",\"@graph\":[{\"@type\":\"WebPage\",\"@id\":\"https:\/\/uelzener.de\/magazin\/pferd\/haeufige-fragen\/haben-pferde-nieren\/\",\"url\":\"https:\/\/uelzener.de\/magazin\/pferd\/haeufige-fragen\/haben-pferde-nieren\/\",\"name\":\"Haben Pferde Nieren? | Uelzener Magazin\",\"isPartOf\":{\"@id\":\"https:\/\/uelzener.de\/magazin\/#website\"},\"primaryImageOfPage\":{\"@id\":\"https:\/\/uelzener.de\/magazin\/pferd\/haeufige-fragen\/haben-pferde-nieren\/#primaryimage\"},\"image\":{\"@id\":\"https:\/\/uelzener.de\/magazin\/pferd\/haeufige-fragen\/haben-pferde-nieren\/#primaryimage\"},\"thumbnailUrl\":\"https:\/\/uelzener.de\/magazin\/app\/uploads\/2024\/04\/haben-pferde-nieren.png\",\"datePublished\":\"2024-04-02T14:26:35+00:00\",\"dateModified\":\"2024-04-17T09:18:28+00:00\",\"description\":\"Erfahre die Geschichte hinter dem Mythos, warum Pferde angeblich keine Nieren haben, und wie wichtig diese Organe f\u00fcr ihre Gesundheit sind.\",\"breadcrumb\":{\"@id\":\"https:\/\/uelzener.de\/magazin\/pferd\/haeufige-fragen\/haben-pferde-nieren\/#breadcrumb\"},\"inLanguage\":\"de\",\"potentialAction\":[{\"@type\":\"ReadAction\",\"target\":[\"https:\/\/uelzener.de\/magazin\/pferd\/haeufige-fragen\/haben-pferde-nieren\/\"]}]},{\"@type\":\"ImageObject\",\"inLanguage\":\"de\",\"@id\":\"https:\/\/uelzener.de\/magazin\/pferd\/haeufige-fragen\/haben-pferde-nieren\/#primaryimage\",\"url\":\"https:\/\/uelzener.de\/magazin\/app\/uploads\/2024\/04\/haben-pferde-nieren.png\",\"contentUrl\":\"https:\/\/uelzener.de\/magazin\/app\/uploads\/2024\/04\/haben-pferde-nieren.png\",\"width\":1025,\"height\":450,\"caption\":\"Schaubild eines Pferdes mit Fokus auf die Nieren.\"},{\"@type\":\"WebSite\",\"@id\":\"https:\/\/uelzener.de\/magazin\/#website\",\"url\":\"https:\/\/uelzener.de\/magazin\/\",\"name\":\"Uelzener Tiermagazin\",\"description\":\"Online Tierratgeber der Uelzener Versicherungen\",\"publisher\":{\"@id\":\"https:\/\/uelzener.de\/magazin\/#organization\"},\"potentialAction\":[{\"@type\":\"SearchAction\",\"target\":{\"@type\":\"EntryPoint\",\"urlTemplate\":\"https:\/\/uelzener.de\/magazin\/?s={search_term_string}\"},\"query-input\":{\"@type\":\"PropertyValueSpecification\",\"valueRequired\":true,\"valueName\":\"search_term_string\"}}],\"inLanguage\":\"de\"},{\"@type\":\"Organization\",\"@id\":\"https:\/\/uelzener.de\/magazin\/#organization\",\"name\":\"Uelzener Versicherungen\",\"url\":\"https:\/\/uelzener.de\/magazin\/\",\"logo\":{\"@type\":\"ImageObject\",\"inLanguage\":\"de\",\"@id\":\"https:\/\/uelzener.de\/magazin\/#\/schema\/logo\/image\/\",\"url\":\"https:\/\/uelzener.de\/magazin\/app\/uploads\/2024\/11\/uelzener_allgemeine_versicherungsgesellschaft_a_g_logo.jpg\",\"contentUrl\":\"https:\/\/uelzener.de\/magazin\/app\/uploads\/2024\/11\/uelzener_allgemeine_versicherungsgesellschaft_a_g_logo.jpg\",\"width\":200,\"height\":200,\"caption\":\"Uelzener Versicherungen\"},\"image\":{\"@id\":\"https:\/\/uelzener.de\/magazin\/#\/schema\/logo\/image\/\"},\"sameAs\":[\"https:\/\/www.facebook.com\/Uelzener\",\"https:\/\/instagram.com\/uelzener\",\"https:\/\/www.xing.com\/pages\/uelzenerallgemeineversicherungs-gesellschafta-g\",\"https:\/\/www.youtube.com\/UelzenerVersicherungen\"]}]}<\/script>\n<!-- \/ Yoast SEO Premium plugin. -->","yoast_head_json":{"title":"Haben Pferde Nieren? | Uelzener Magazin","description":"Erfahre die Geschichte hinter dem Mythos, warum Pferde angeblich keine Nieren haben, und wie wichtig diese Organe f\u00fcr ihre Gesundheit sind.","robots":{"index":"index","follow":"follow","max-snippet":"max-snippet:-1","max-image-preview":"max-image-preview:large","max-video-preview":"max-video-preview:-1"},"canonical":"https:\/\/uelzener.de\/magazin\/pferd\/haeufige-fragen\/haben-pferde-nieren\/","og_locale":"de_DE","og_type":"article","og_title":"Haben Pferde Nieren?","og_description":"Erfahre die Geschichte hinter dem Mythos, warum Pferde angeblich keine Nieren haben, und wie wichtig diese Organe f\u00fcr ihre Gesundheit sind.","og_url":"https:\/\/uelzener.de\/magazin\/pferd\/haeufige-fragen\/haben-pferde-nieren\/","og_site_name":"Uelzener Tier-Magazin","article_publisher":"https:\/\/www.facebook.com\/Uelzener","article_modified_time":"2024-04-17T09:18:28+00:00","og_image":[{"width":1025,"height":450,"url":"https:\/\/uelzener.de\/magazin\/app\/uploads\/2024\/04\/haben-pferde-nieren.png","type":"image\/png"}],"twitter_card":"summary_large_image","twitter_misc":{"Gesch\u00e4tzte Lesezeit":"7\u00a0Minuten"},"schema":{"@context":"https:\/\/schema.org","@graph":[{"@type":"WebPage","@id":"https:\/\/uelzener.de\/magazin\/pferd\/haeufige-fragen\/haben-pferde-nieren\/","url":"https:\/\/uelzener.de\/magazin\/pferd\/haeufige-fragen\/haben-pferde-nieren\/","name":"Haben Pferde Nieren? | Uelzener Magazin","isPartOf":{"@id":"https:\/\/uelzener.de\/magazin\/#website"},"primaryImageOfPage":{"@id":"https:\/\/uelzener.de\/magazin\/pferd\/haeufige-fragen\/haben-pferde-nieren\/#primaryimage"},"image":{"@id":"https:\/\/uelzener.de\/magazin\/pferd\/haeufige-fragen\/haben-pferde-nieren\/#primaryimage"},"thumbnailUrl":"https:\/\/uelzener.de\/magazin\/app\/uploads\/2024\/04\/haben-pferde-nieren.png","datePublished":"2024-04-02T14:26:35+00:00","dateModified":"2024-04-17T09:18:28+00:00","description":"Erfahre die Geschichte hinter dem Mythos, warum Pferde angeblich keine Nieren haben, und wie wichtig diese Organe f\u00fcr ihre Gesundheit sind.","breadcrumb":{"@id":"https:\/\/uelzener.de\/magazin\/pferd\/haeufige-fragen\/haben-pferde-nieren\/#breadcrumb"},"inLanguage":"de","potentialAction":[{"@type":"ReadAction","target":["https:\/\/uelzener.de\/magazin\/pferd\/haeufige-fragen\/haben-pferde-nieren\/"]}]},{"@type":"ImageObject","inLanguage":"de","@id":"https:\/\/uelzener.de\/magazin\/pferd\/haeufige-fragen\/haben-pferde-nieren\/#primaryimage","url":"https:\/\/uelzener.de\/magazin\/app\/uploads\/2024\/04\/haben-pferde-nieren.png","contentUrl":"https:\/\/uelzener.de\/magazin\/app\/uploads\/2024\/04\/haben-pferde-nieren.png","width":1025,"height":450,"caption":"Schaubild eines Pferdes mit Fokus auf die Nieren."},{"@type":"WebSite","@id":"https:\/\/uelzener.de\/magazin\/#website","url":"https:\/\/uelzener.de\/magazin\/","name":"Uelzener Tiermagazin","description":"Online Tierratgeber der Uelzener Versicherungen","publisher":{"@id":"https:\/\/uelzener.de\/magazin\/#organization"},"potentialAction":[{"@type":"SearchAction","target":{"@type":"EntryPoint","urlTemplate":"https:\/\/uelzener.de\/magazin\/?s={search_term_string}"},"query-input":{"@type":"PropertyValueSpecification","valueRequired":true,"valueName":"search_term_string"}}],"inLanguage":"de"},{"@type":"Organization","@id":"https:\/\/uelzener.de\/magazin\/#organization","name":"Uelzener Versicherungen","url":"https:\/\/uelzener.de\/magazin\/","logo":{"@type":"ImageObject","inLanguage":"de","@id":"https:\/\/uelzener.de\/magazin\/#\/schema\/logo\/image\/","url":"https:\/\/uelzener.de\/magazin\/app\/uploads\/2024\/11\/uelzener_allgemeine_versicherungsgesellschaft_a_g_logo.jpg","contentUrl":"https:\/\/uelzener.de\/magazin\/app\/uploads\/2024\/11\/uelzener_allgemeine_versicherungsgesellschaft_a_g_logo.jpg","width":200,"height":200,"caption":"Uelzener Versicherungen"},"image":{"@id":"https:\/\/uelzener.de\/magazin\/#\/schema\/logo\/image\/"},"sameAs":["https:\/\/www.facebook.com\/Uelzener","https:\/\/instagram.com\/uelzener","https:\/\/www.xing.com\/pages\/uelzenerallgemeineversicherungs-gesellschafta-g","https:\/\/www.youtube.com\/UelzenerVersicherungen"]}]}},"_links":{"self":[{"href":"https:\/\/uelzener.de\/magazin\/wp-json\/wp\/v2\/pages\/17227","targetHints":{"allow":["GET"]}}],"collection":[{"href":"https:\/\/uelzener.de\/magazin\/wp-json\/wp\/v2\/pages"}],"about":[{"href":"https:\/\/uelzener.de\/magazin\/wp-json\/wp\/v2\/types\/page"}],"author":[{"embeddable":true,"href":"https:\/\/uelzener.de\/magazin\/wp-json\/wp\/v2\/users\/11"}],"replies":[{"embeddable":true,"href":"https:\/\/uelzener.de\/magazin\/wp-json\/wp\/v2\/comments?post=17227"}],"version-history":[{"count":4,"href":"https:\/\/uelzener.de\/magazin\/wp-json\/wp\/v2\/pages\/17227\/revisions"}],"predecessor-version":[{"id":17312,"href":"https:\/\/uelzener.de\/magazin\/wp-json\/wp\/v2\/pages\/17227\/revisions\/17312"}],"up":[{"embeddable":true,"href":"https:\/\/uelzener.de\/magazin\/wp-json\/wp\/v2\/pages\/11685"}],"wp:featuredmedia":[{"embeddable":true,"href":"https:\/\/uelzener.de\/magazin\/wp-json\/wp\/v2\/media\/17228"}],"wp:attachment":[{"href":"https:\/\/uelzener.de\/magazin\/wp-json\/wp\/v2\/media?parent=17227"}],"curies":[{"name":"wp","href":"https:\/\/api.w.org\/{rel}","templated":true}]}}