{"id":17221,"date":"2024-04-01T15:30:56","date_gmt":"2024-04-01T13:30:56","guid":{"rendered":"https:\/\/uelzener.de\/magazin\/?page_id=17221"},"modified":"2025-07-28T14:07:35","modified_gmt":"2025-07-28T12:07:35","slug":"hundebox-training-ueben","status":"publish","type":"page","link":"https:\/\/uelzener.de\/magazin\/hund\/erziehung-und-training\/hundebox-training-ueben\/","title":{"rendered":"Hundebox: Hund an die Transportbox gew\u00f6hnen"},"content":{"rendered":"<p>Eine Hundebox ist in vielerlei Hinsicht n\u00fctzlich: als R\u00fcckzugsort oder Schlafplatz, f\u00fcr den Transport im Auto oder Flugzeug. Am besten gew\u00f6hnt man bereits einen Welpen an den Aufenthalt in einer Hundebox. Wichtig ist, dass Hunde sich gerne in ihrer Box aufhalten. So vermeidet man unn\u00f6tigen Stress. Mit entsprechender Gew\u00f6hnung erleben Hund die Box als gem\u00fctlichen Ort der Ruhe und Entspannung und suchen sie bereitwillig auf.<\/p>\n<h2>Hundebox und ihre Funktionen<\/h2>\n<p>Eine Hundebox kann vielf\u00e4ltige Funktionen erf\u00fcllen. Auf Reisen dient sie in Transportmitteln wie Auto, Flugzeug oder zuweilen auch bei kleineren Hunden im Zug der sicheren Fortbewegung. Zu Hause, im Urlaub oder auch im B\u00fcro kann eine Hundebox ein R\u00fcckzugsort sein, der dem Hund Ruhe und Entspannung gibt.<\/p>\n<p><img decoding=\"async\" class=\"alignnone wp-image-18747 size-large\" src=\"https:\/\/uelzener.de\/magazin\/app\/uploads\/2025\/07\/infografik-urlaub-mit-hund-1024x1024.jpg\" alt=\"Infografik der Uelzener Versicherungen: Urlaub mit Hund.\" width=\"1024\" height=\"1024\" srcset=\"https:\/\/uelzener.de\/magazin\/app\/uploads\/2025\/07\/infografik-urlaub-mit-hund-1024x1024.jpg 1024w, https:\/\/uelzener.de\/magazin\/app\/uploads\/2025\/07\/infografik-urlaub-mit-hund-300x300.jpg 300w, https:\/\/uelzener.de\/magazin\/app\/uploads\/2025\/07\/infografik-urlaub-mit-hund-150x150.jpg 150w, https:\/\/uelzener.de\/magazin\/app\/uploads\/2025\/07\/infografik-urlaub-mit-hund-768x768.jpg 768w, https:\/\/uelzener.de\/magazin\/app\/uploads\/2025\/07\/infografik-urlaub-mit-hund-1536x1536.jpg 1536w, https:\/\/uelzener.de\/magazin\/app\/uploads\/2025\/07\/infografik-urlaub-mit-hund-2048x2048.jpg 2048w, https:\/\/uelzener.de\/magazin\/app\/uploads\/2025\/07\/infografik-urlaub-mit-hund-1026x1026.jpg 1026w, https:\/\/uelzener.de\/magazin\/app\/uploads\/2025\/07\/infografik-urlaub-mit-hund-668x668.jpg 668w\" sizes=\"(max-width: 1024px) 100vw, 1024px\" \/><\/p>\n<h3>Im Auto<\/h3>\n<p>In Deutschland m\u00fcssen Hunde im Auto zwingend gesichert werden. Daf\u00fcr gibt es mehrere M\u00f6glichkeiten. H\u00e4ufig wird eine Hundebox die geeignete Wahl sein. Die Hundebox sch\u00fctzt den Hund und die Fahrzeuginsassen bei Ausweich- und Bremsman\u00f6vern vor Verletzungen. Ebenso bei einem Unfall. Au\u00dferdem vermeidet man mit einer Hundebox, dass Ersthelfer:innen bei einem Unfall durch den Hund behindert oder gar angegriffen werden, wenn diese den Fahrzeuginsassen helfen wollen. Eine Hundebox verhindert zudem, dass Fahrer oder Fahrerin durch den Hund abgelenkt werden. Bevor die Hundebox f\u00fcr den Transport regelm\u00e4\u00dfig zum Einsatz kommt, sollte man es trainieren mit dem <a href=\"https:\/\/uelzener.de\/magazin\/hund\/erziehung-und-training\/hund-im-auto\/\">Hund im Auto unterwegs<\/a> zu sein.<\/p>\n\n<div class=\"banner\">\n    <a href=\"https:\/\/uelzener.de\/hund\/?agt=0000104925&sem=true&utm_medium=magazin&utm_source=wordpress&utm_campaign=hund&utm_content=banner\">\n        <img decoding=\"async\" width=\"300\" height=\"212\" src=\"https:\/\/uelzener.de\/magazin\/app\/uploads\/2023\/10\/Hunde-Versicherung.jpg\" class=\"attachment-medium size-medium\" alt=\"Banner Hunde-Versicherung\" \/>    <\/a>\n<\/div>\n\n<h3>Im Flugzeug<\/h3>\n<p>F\u00fcr Reisen mit dem Flugzeug ist eine spezielle Flugbox unerl\u00e4sslich. Hier ist es wichtig, eine Box zu w\u00e4hlen, die den internationalen Standards entspricht. Dies gew\u00e4hrleistet nicht nur die Sicherheit des Hundes w\u00e4hrend des Fluges, sondern erleichtert auch die reibungslose Abwicklung am Flughafen. Die International Air Transport Association (IATA) regelt die Beschaffenheit der Transportbox im Flugverkehr. Unter anderem muss die Box so gro\u00df sein, dass ein Hund sich in seiner nat\u00fcrlichen Haltung stehen, bewegen und liegen kann. Die Box sollte au\u00dferdem oben dicht sein, sodass kein Niederschlag eindringen kann. Die Box muss stabil, verschlie\u00dfbar, sauber und obendrein auslaufsicher sein. Zudem sollten Wasser- und Futterschale fest an der Box angebracht sein. Diese m\u00fcssen von au\u00dfen bef\u00fcllt werden k\u00f6nnen. In jedem Fall sollte man sich bei der Fluggesellschaft zu den speziellen Regelungen erkundigen.<\/p>\n<h3>F\u00fcr zu Hause<\/h3>\n<p>Ist eine Hundbox f\u00fcr zu Hause sinnvoll? Auch daheim ist eine Hundebox eine praktische Sache. Sowohl f\u00fcr den Vierbeiner selbst, weil er sich dort zur\u00fcckziehen kann, wenn er ruhebed\u00fcrftig ist. Aber auch f\u00fcr uns Zweibeiner, wenn der Hund zuweilen nicht frei in der Wohnung herumlaufen soll. Beispielsweise, wenn Handwerker bei der Arbeit sind oder es sehr turbulent zugeht.<\/p>\n<p>Am besten gew\u00f6hnt man einen <a href=\"https:\/\/uelzener.de\/magazin\/hund\/haltung\/welpe-zieht-ein\/\">Welpen, der einzieht,<\/a> von klein auf an seine Hundebox. So lernt bereits der kleine Hund, dass eine Hundebox ein Wohlf\u00fchlort ist, an dem er sich gerne aufh\u00e4lt. Dies hilft bei der Welpenerziehung, macht den Tierarztbesuch entspannter und erm\u00f6glicht es, den Hund kurzzeitig unbeaufsichtigt zu lassen, ohne dass es f\u00fcr ihn gef\u00e4hrlich wird oder die Wohnungseinrichtung m\u00f6glicherweise besch\u00e4digt wird.<\/p>\n<p>Schl\u00e4ft ein Welpe in der Hundebox, kann dies die Erziehung zur <a href=\"https:\/\/uelzener.de\/magazin\/hund\/erziehung-und-training\/hund-stubenrein-bekommen\/\">Stubenreinheit<\/a> f\u00f6rdern. Hunde beschmutzen nur im Notfall ihren Schlafplatz und machen sich daher bemerkbar, wenn sie m\u00fcssen.<\/p>\n<h3>Die passende Transportbox und Gr\u00f6\u00dfe finden<\/h3>\n<p>Hundeboxen gibt es in vielf\u00e4ltigen Materialien und verschiedenen Gr\u00f6\u00dfen. Je nach Verwendungszweck sollte eine Box aus festem oder flexiblem Material gew\u00e4hlt werden. Eine Box aus flexiblem Material l\u00e4sst sich oftmals leichter verstauen und eignet sich daher besonders gut f\u00fcr einen vor\u00fcbergehenden Gebrauch. Bei st\u00e4ndigem Gebrauch oder auch Transport im Auto oder Flugzeug ist eine Box aus festem Material wie Kunststoff oder Alu besser geeignet und f\u00fcr die Reise im Frachtraum eines Flugzeuges sogar vorgeschrieben.<\/p>\n<p>Besonderes Augenmerk sollte der Gr\u00f6\u00dfe der Box gelten: Ein Hund sollte in einer Box bequem liegen, aufrecht stehen und sich drehen k\u00f6nnen, um seine Position wechseln zu k\u00f6nnen. Die Box darf jedoch auch nicht zu gro\u00df sein. Ist die Box zu gro\u00df, kann der Hund beim Transport im Auto m\u00f6glicherweise verletzt werden, wenn er in der Box herumgeschleudert wird.<\/p>\n<p>Die passende Transportbox sollte \u00fcberlegt ausgew\u00e4hlt werden, sodass der Hund sich in ihr wohlf\u00fchlen kann und zudem sicher aufgehoben ist.<\/p>\n<h2>Wie gew\u00f6hnt man Hunde an eine Box?<\/h2>\n<p>Am besten gew\u00f6hnt man den Welpen von klein auf an die Hundebox. So lernt der Hund von Anfang an, dass die Box ein Wohlf\u00fchlort ist. Weil junge Hunde erst lernen m\u00fcssen, sich selbst zu regulieren, sollte die Gew\u00f6hnung an die Box m\u00f6glichst spielerisch und kleinschrittig erfolgen.<\/p>\n<p>Von klein auf kann die Box \u00e4hnlich wie ein M\u00f6belst\u00fcck Teil der Einrichtung sein. So gew\u00f6hnt sich der Hund leicht an die Box. Vielleicht zeigt er sogar Interesse an der Box und beschn\u00fcffelt sie. F\u00fcr eine weitere Eingew\u00f6hnung platziert man Leckerli oder Spielzeug in der Box und l\u00e4sst sie offen zug\u00e4nglich stehen. So wird der Hund sich spielerisch mit der Box vertraut machen. Allm\u00e4hlich kann man den Aufenthalt des Hundes in der Box mit einem Kommandowort wie \u201eBox\u201c verbinden und ihn langsam daran heranf\u00fchren, auf Kommando die Box aufzusuchen. Betritt der Hund die Box unbefangen, kann man die Box f\u00fcr kurze Momente beginnen zu schlie\u00dfen. Diese Zeiten weitet man Schritt f\u00fcr Schritt aus. Wichtig dabei ist, dass der Hund den Aufenthalt in der Box auch weiterhin als entspannt erlebt und nicht \u00fcberfordert wird. Ist der Hund ge\u00fcbt darin, entspannt in der verschlossenen Box zu bleiben, kann man beginnen f\u00fcr kurze Momente den Raum zu verlassen. Auch diese Zeiten weitet man nun weiter aus. Hierbei sollte der Hund unbedingt entspannt sein. Im Zweifel verk\u00fcrzt man die Zeitabst\u00e4nde, in denen man den Raum verl\u00e4sst, wieder.<\/p>\n<p>Mit einer langsamen Gew\u00f6hnung wird die Box f\u00fcr den Hund zu einem angenehmen R\u00fcckzugsort. Damit dies auch zuk\u00fcnftig so bleibt, geh\u00f6rt die Box im Idealfall fest zum Alltag und wird nicht ausschlie\u00dflich in belastenden Situationen genutzt.<\/p>\n<h2>Wie lange d\u00fcrfen Hunde in der Box bleiben?<\/h2>\n<p>Die Dauer, die ein Hund in einer Hundebox verbringen sollte, h\u00e4ngt von verschiedenen Faktoren wie Alter, Gesundheitszustand und Training ab. Als Faustregel gilt, ein erwachsener Hund bleibt, wenn m\u00f6glich, lediglich maximal einige Stunden (bis zu f\u00fcnf) in der Box. Dem Hund sollte Wasser zur Verf\u00fcgung stehen oder ihm zwischendurch angeboten werden. Vor und nach dem Aufenthalt in der Box ist ausreichend Bewegung wichtig.<\/p>\n<h2>Fazit<\/h2>\n<p>Eine Hundebox kann als R\u00fcckzugsort zu Hause oder im Urlaub mit dem Hund f\u00fcr den Transport im Auto oder Flugzeug verwendet werden. Im Idealfall gew\u00f6hnt man bereits Welpen an den Aufenthalt in der Box, sodass sie von klein auf entspannt damit umzugehen lernen. Damit der Umgang mit der Hundebox entspannt bleibt, sollte sie auch in allt\u00e4glichen Situationen Verwendung finden. Die Auswahl der Hundebox richtet sich nach Verwendungszweck und Gr\u00f6\u00dfe des Hundes.<\/p>\n\n<div class=\"related_articles boxed\">\n    <h2>Mehr zum Thema<\/h2>\n    \n    <div class=\"wrapper\"><div class=\"title align-center\"><h3><a href=\"https:\/\/uelzener.de\/magazin\/hund\/tipps-fuer-den-alltag\/urlaub-mit-hund-tipps\/\">Urlaub mit dem Hund: Tipps f\u00fcr eine hundefreundliche Reise<\/a><\/h3><\/div><div class=\"img align-center\"><img decoding=\"async\" width=\"315\" height=\"180\" src=\"https:\/\/uelzener.de\/magazin\/app\/uploads\/2022\/06\/Header_Urlaub-Hund-315x180.jpg\" class=\"attachment-315x180 size-315x180 wp-post-image\" alt=\"Mann in kariertem Hemd sitzt mit Hund am Strand unter blauem Himmel. Er macht seinen Urlaub gerne mit Hund.\" \/><\/div><\/div><div class=\"wrapper\"><div class=\"title align-center\"><h3><a href=\"https:\/\/uelzener.de\/magazin\/hund\/erziehung-und-training\/maulkorbpflicht-beim-hund\/\">Maulkorbpflicht beim Hund: Wann gilt sie und was ist zu beachten?<\/a><\/h3><\/div><div class=\"img align-center\"><img decoding=\"async\" width=\"315\" height=\"180\" src=\"https:\/\/uelzener.de\/magazin\/app\/uploads\/2024\/06\/hund-maulkorb-315x180.jpg\" class=\"attachment-315x180 size-315x180 wp-post-image\" alt=\"Kleiner Hund tr\u00e4gt Maulkorb.\" \/><\/div><\/div><\/div>\n\n<h2>Sollten Hunde in einer Box schlafen?<\/h2>\n<p>Hunde in einer Box schlafen zu lassen, kann von Vorteil sein. Der Hund gew\u00f6hnt sich an die Box als Wohlf\u00fchlort. Dies kann Transporte mit der Box erleichtern. Au\u00dferdem man seinen Hund in der Box unterbringen, wenn es nicht frei herumlaufen soll. Beispielweise bei einem Umzug oder wenn zeitweise die T\u00fcren offen bleiben m\u00fcssen und das Risiko besteht, dass der Hund weglaufen k\u00f6nnte.<\/p>\n<h2>M\u00fcssen Hunde im Auto in eine Box?<\/h2>\n<p>Hunde m\u00fcssen im Auto gesichert werden. Eine Hundetransportbox ist eine gute M\u00f6glichkeit. Alternativ kann man Hunde auch mit einem speziellen <a href=\"https:\/\/uelzener.de\/magazin\/hund\/haeufige-fragen\/halsband-oder-geschirr\/\">Geschirr<\/a> sicher im Auto mitnehmen.<\/p>\n<h2>Kann man 2 Hunde in eine Box packen?<\/h2>\n<p>Hunde, die sich gut verstehen, vielleicht sogar gerne aneinander gekuschelt liegen, k\u00f6nnen zu Hause auch in einer Box bleiben. Im Auto sollte man sie besser in getrennten Boxen unterbringen. Auch der entspannteste Hund kann einmal aufgeregt reagieren oder sich erschrecken. Dies kann zu einer gef\u00e4hrlichen Situation f\u00fchren, wenn mehrere Hunde in einer Box untergebracht sind. Fehlt der Platz zum Ausweichen, kann es zu einem Konflikt zwischen beiden Hunden kommen. Dies vermeidet man besten mit einer getrennten Unterbringung. In einer Unfallsituation oder bei einer Vollbremsung k\u00f6nnen zwei Hunde in einer Box einander verletzen, sodass auch in diesen brenzligen Situationen eine getrennte Unterbringung sinnvoll sein kann.<\/p>\n","protected":false},"excerpt":{"rendered":"<p>Eine Hundebox ist in vielerlei Hinsicht n\u00fctzlich: als R\u00fcckzugsort oder Schlafplatz, f\u00fcr den Transport im Auto oder Flugzeug. Am besten gew\u00f6hnt man bereits einen Welpen an den Aufenthalt in einer Hundebox. Wichtig ist, dass Hunde sich gerne in ihrer Box aufhalten. So vermeidet man unn\u00f6tigen Stress. Mit entsprechender Gew\u00f6hnung erleben Hund die Box als gem\u00fctlichen [&hellip;]<\/p>\n","protected":false},"author":11,"featured_media":17225,"parent":11679,"menu_order":4,"comment_status":"closed","ping_status":"closed","template":"templates\/blog.php","meta":{"_acf_changed":false,"_crdt_document":"","footnotes":"","beyondwords_generate_audio":"0","beyondwords_project_id":"","beyondwords_content_id":"","beyondwords_preview_token":"","beyondwords_player_style":"","beyondwords_language_id":"","beyondwords_title_voice_id":"","beyondwords_body_voice_id":"","beyondwords_summary_voice_id":"","beyondwords_error_message":"","beyondwords_disabled":"","beyondwords_delete_content":"","beyondwords_podcast_id":"","beyondwords_hash":"","publish_post_to_speechkit":"","speechkit_hash":"","speechkit_generate_audio":"","speechkit_project_id":"","speechkit_podcast_id":"","speechkit_error_message":"","speechkit_disabled":"","speechkit_access_key":"","speechkit_error":"","speechkit_info":"","speechkit_response":"","speechkit_retries":"","speechkit_status":"","speechkit_updated_at":"","_speechkit_link":"","_speechkit_text":""},"class_list":["post-17221","page","type-page","status-publish","has-post-thumbnail","hentry"],"acf":[],"yoast_head":"<!-- This site is optimized with the Yoast SEO Premium plugin  - https:\/\/yoast.com\/product\/yoast-seo-premium-wordpress\/ -->\n<title>Hundebox: Hund an die Transportbox gew\u00f6hnen | Uelzener Magazin<\/title>\n<meta name=\"description\" content=\"Erfahre alles \u00fcber die vielf\u00e4ltigen Funktionen einer Hundebox: sicherer Transport \u2714 gem\u00fctlicher R\u00fcckzugsort \u2714 hilfreiches Trainingstool f\u00fcr Welpen \u2714\" \/>\n<meta name=\"robots\" content=\"index, follow, max-snippet:-1, max-image-preview:large, max-video-preview:-1\" \/>\n<link rel=\"canonical\" href=\"https:\/\/uelzener.de\/magazin\/hund\/erziehung-und-training\/hundebox-training-ueben\/\" \/>\n<meta property=\"og:locale\" content=\"de_DE\" \/>\n<meta property=\"og:type\" content=\"article\" \/>\n<meta property=\"og:title\" content=\"Hundebox: Hund an die Transportbox gew\u00f6hnen\" \/>\n<meta property=\"og:description\" content=\"Erfahre alles \u00fcber die vielf\u00e4ltigen Funktionen einer Hundebox: sicherer Transport \u2714 gem\u00fctlicher R\u00fcckzugsort \u2714 hilfreiches Trainingstool f\u00fcr Welpen \u2714\" \/>\n<meta property=\"og:url\" content=\"https:\/\/uelzener.de\/magazin\/hund\/erziehung-und-training\/hundebox-training-ueben\/\" \/>\n<meta property=\"og:site_name\" content=\"Uelzener Tier-Magazin\" \/>\n<meta property=\"article:publisher\" content=\"https:\/\/www.facebook.com\/Uelzener\" \/>\n<meta property=\"article:modified_time\" content=\"2025-07-28T12:07:35+00:00\" \/>\n<meta property=\"og:image\" content=\"https:\/\/uelzener.de\/magazin\/app\/uploads\/2024\/03\/hundebox-training.jpg\" \/>\n\t<meta property=\"og:image:width\" content=\"1025\" \/>\n\t<meta property=\"og:image:height\" content=\"450\" \/>\n\t<meta property=\"og:image:type\" content=\"image\/jpeg\" \/>\n<meta name=\"twitter:card\" content=\"summary_large_image\" \/>\n<meta name=\"twitter:label1\" content=\"Gesch\u00e4tzte Lesezeit\" \/>\n\t<meta name=\"twitter:data1\" content=\"8\u00a0Minuten\" \/>\n<script type=\"application\/ld+json\" class=\"yoast-schema-graph\">{\"@context\":\"https:\/\/schema.org\",\"@graph\":[{\"@type\":\"WebPage\",\"@id\":\"https:\/\/uelzener.de\/magazin\/hund\/erziehung-und-training\/hundebox-training-ueben\/\",\"url\":\"https:\/\/uelzener.de\/magazin\/hund\/erziehung-und-training\/hundebox-training-ueben\/\",\"name\":\"Hundebox: Hund an die Transportbox gew\u00f6hnen | Uelzener Magazin\",\"isPartOf\":{\"@id\":\"https:\/\/uelzener.de\/magazin\/#website\"},\"primaryImageOfPage\":{\"@id\":\"https:\/\/uelzener.de\/magazin\/hund\/erziehung-und-training\/hundebox-training-ueben\/#primaryimage\"},\"image\":{\"@id\":\"https:\/\/uelzener.de\/magazin\/hund\/erziehung-und-training\/hundebox-training-ueben\/#primaryimage\"},\"thumbnailUrl\":\"https:\/\/uelzener.de\/magazin\/app\/uploads\/2024\/03\/hundebox-training.jpg\",\"datePublished\":\"2024-04-01T13:30:56+00:00\",\"dateModified\":\"2025-07-28T12:07:35+00:00\",\"description\":\"Erfahre alles \u00fcber die vielf\u00e4ltigen Funktionen einer Hundebox: sicherer Transport \u2714 gem\u00fctlicher R\u00fcckzugsort \u2714 hilfreiches Trainingstool f\u00fcr Welpen \u2714\",\"breadcrumb\":{\"@id\":\"https:\/\/uelzener.de\/magazin\/hund\/erziehung-und-training\/hundebox-training-ueben\/#breadcrumb\"},\"inLanguage\":\"de\",\"potentialAction\":[{\"@type\":\"ReadAction\",\"target\":[\"https:\/\/uelzener.de\/magazin\/hund\/erziehung-und-training\/hundebox-training-ueben\/\"]}]},{\"@type\":\"ImageObject\",\"inLanguage\":\"de\",\"@id\":\"https:\/\/uelzener.de\/magazin\/hund\/erziehung-und-training\/hundebox-training-ueben\/#primaryimage\",\"url\":\"https:\/\/uelzener.de\/magazin\/app\/uploads\/2024\/03\/hundebox-training.jpg\",\"contentUrl\":\"https:\/\/uelzener.de\/magazin\/app\/uploads\/2024\/03\/hundebox-training.jpg\",\"width\":1025,\"height\":450,\"caption\":\"Hund im Hundebox f\u00fcrs Auto.\"},{\"@type\":\"WebSite\",\"@id\":\"https:\/\/uelzener.de\/magazin\/#website\",\"url\":\"https:\/\/uelzener.de\/magazin\/\",\"name\":\"Uelzener Tiermagazin\",\"description\":\"Online Tierratgeber der Uelzener Versicherungen\",\"publisher\":{\"@id\":\"https:\/\/uelzener.de\/magazin\/#organization\"},\"potentialAction\":[{\"@type\":\"SearchAction\",\"target\":{\"@type\":\"EntryPoint\",\"urlTemplate\":\"https:\/\/uelzener.de\/magazin\/?s={search_term_string}\"},\"query-input\":{\"@type\":\"PropertyValueSpecification\",\"valueRequired\":true,\"valueName\":\"search_term_string\"}}],\"inLanguage\":\"de\"},{\"@type\":\"Organization\",\"@id\":\"https:\/\/uelzener.de\/magazin\/#organization\",\"name\":\"Uelzener Versicherungen\",\"url\":\"https:\/\/uelzener.de\/magazin\/\",\"logo\":{\"@type\":\"ImageObject\",\"inLanguage\":\"de\",\"@id\":\"https:\/\/uelzener.de\/magazin\/#\/schema\/logo\/image\/\",\"url\":\"https:\/\/uelzener.de\/magazin\/app\/uploads\/2024\/11\/uelzener_allgemeine_versicherungsgesellschaft_a_g_logo.jpg\",\"contentUrl\":\"https:\/\/uelzener.de\/magazin\/app\/uploads\/2024\/11\/uelzener_allgemeine_versicherungsgesellschaft_a_g_logo.jpg\",\"width\":200,\"height\":200,\"caption\":\"Uelzener Versicherungen\"},\"image\":{\"@id\":\"https:\/\/uelzener.de\/magazin\/#\/schema\/logo\/image\/\"},\"sameAs\":[\"https:\/\/www.facebook.com\/Uelzener\",\"https:\/\/instagram.com\/uelzener\",\"https:\/\/www.xing.com\/pages\/uelzenerallgemeineversicherungs-gesellschafta-g\",\"https:\/\/www.youtube.com\/UelzenerVersicherungen\"]}]}<\/script>\n<!-- \/ Yoast SEO Premium plugin. -->","yoast_head_json":{"title":"Hundebox: Hund an die Transportbox gew\u00f6hnen | Uelzener Magazin","description":"Erfahre alles \u00fcber die vielf\u00e4ltigen Funktionen einer Hundebox: sicherer Transport \u2714 gem\u00fctlicher R\u00fcckzugsort \u2714 hilfreiches Trainingstool f\u00fcr Welpen \u2714","robots":{"index":"index","follow":"follow","max-snippet":"max-snippet:-1","max-image-preview":"max-image-preview:large","max-video-preview":"max-video-preview:-1"},"canonical":"https:\/\/uelzener.de\/magazin\/hund\/erziehung-und-training\/hundebox-training-ueben\/","og_locale":"de_DE","og_type":"article","og_title":"Hundebox: Hund an die Transportbox gew\u00f6hnen","og_description":"Erfahre alles \u00fcber die vielf\u00e4ltigen Funktionen einer Hundebox: sicherer Transport \u2714 gem\u00fctlicher R\u00fcckzugsort \u2714 hilfreiches Trainingstool f\u00fcr Welpen \u2714","og_url":"https:\/\/uelzener.de\/magazin\/hund\/erziehung-und-training\/hundebox-training-ueben\/","og_site_name":"Uelzener Tier-Magazin","article_publisher":"https:\/\/www.facebook.com\/Uelzener","article_modified_time":"2025-07-28T12:07:35+00:00","og_image":[{"width":1025,"height":450,"url":"https:\/\/uelzener.de\/magazin\/app\/uploads\/2024\/03\/hundebox-training.jpg","type":"image\/jpeg"}],"twitter_card":"summary_large_image","twitter_misc":{"Gesch\u00e4tzte Lesezeit":"8\u00a0Minuten"},"schema":{"@context":"https:\/\/schema.org","@graph":[{"@type":"WebPage","@id":"https:\/\/uelzener.de\/magazin\/hund\/erziehung-und-training\/hundebox-training-ueben\/","url":"https:\/\/uelzener.de\/magazin\/hund\/erziehung-und-training\/hundebox-training-ueben\/","name":"Hundebox: Hund an die Transportbox gew\u00f6hnen | Uelzener Magazin","isPartOf":{"@id":"https:\/\/uelzener.de\/magazin\/#website"},"primaryImageOfPage":{"@id":"https:\/\/uelzener.de\/magazin\/hund\/erziehung-und-training\/hundebox-training-ueben\/#primaryimage"},"image":{"@id":"https:\/\/uelzener.de\/magazin\/hund\/erziehung-und-training\/hundebox-training-ueben\/#primaryimage"},"thumbnailUrl":"https:\/\/uelzener.de\/magazin\/app\/uploads\/2024\/03\/hundebox-training.jpg","datePublished":"2024-04-01T13:30:56+00:00","dateModified":"2025-07-28T12:07:35+00:00","description":"Erfahre alles \u00fcber die vielf\u00e4ltigen Funktionen einer Hundebox: sicherer Transport \u2714 gem\u00fctlicher R\u00fcckzugsort \u2714 hilfreiches Trainingstool f\u00fcr Welpen \u2714","breadcrumb":{"@id":"https:\/\/uelzener.de\/magazin\/hund\/erziehung-und-training\/hundebox-training-ueben\/#breadcrumb"},"inLanguage":"de","potentialAction":[{"@type":"ReadAction","target":["https:\/\/uelzener.de\/magazin\/hund\/erziehung-und-training\/hundebox-training-ueben\/"]}]},{"@type":"ImageObject","inLanguage":"de","@id":"https:\/\/uelzener.de\/magazin\/hund\/erziehung-und-training\/hundebox-training-ueben\/#primaryimage","url":"https:\/\/uelzener.de\/magazin\/app\/uploads\/2024\/03\/hundebox-training.jpg","contentUrl":"https:\/\/uelzener.de\/magazin\/app\/uploads\/2024\/03\/hundebox-training.jpg","width":1025,"height":450,"caption":"Hund im Hundebox f\u00fcrs Auto."},{"@type":"WebSite","@id":"https:\/\/uelzener.de\/magazin\/#website","url":"https:\/\/uelzener.de\/magazin\/","name":"Uelzener Tiermagazin","description":"Online Tierratgeber der Uelzener Versicherungen","publisher":{"@id":"https:\/\/uelzener.de\/magazin\/#organization"},"potentialAction":[{"@type":"SearchAction","target":{"@type":"EntryPoint","urlTemplate":"https:\/\/uelzener.de\/magazin\/?s={search_term_string}"},"query-input":{"@type":"PropertyValueSpecification","valueRequired":true,"valueName":"search_term_string"}}],"inLanguage":"de"},{"@type":"Organization","@id":"https:\/\/uelzener.de\/magazin\/#organization","name":"Uelzener Versicherungen","url":"https:\/\/uelzener.de\/magazin\/","logo":{"@type":"ImageObject","inLanguage":"de","@id":"https:\/\/uelzener.de\/magazin\/#\/schema\/logo\/image\/","url":"https:\/\/uelzener.de\/magazin\/app\/uploads\/2024\/11\/uelzener_allgemeine_versicherungsgesellschaft_a_g_logo.jpg","contentUrl":"https:\/\/uelzener.de\/magazin\/app\/uploads\/2024\/11\/uelzener_allgemeine_versicherungsgesellschaft_a_g_logo.jpg","width":200,"height":200,"caption":"Uelzener Versicherungen"},"image":{"@id":"https:\/\/uelzener.de\/magazin\/#\/schema\/logo\/image\/"},"sameAs":["https:\/\/www.facebook.com\/Uelzener","https:\/\/instagram.com\/uelzener","https:\/\/www.xing.com\/pages\/uelzenerallgemeineversicherungs-gesellschafta-g","https:\/\/www.youtube.com\/UelzenerVersicherungen"]}]}},"_links":{"self":[{"href":"https:\/\/uelzener.de\/magazin\/wp-json\/wp\/v2\/pages\/17221","targetHints":{"allow":["GET"]}}],"collection":[{"href":"https:\/\/uelzener.de\/magazin\/wp-json\/wp\/v2\/pages"}],"about":[{"href":"https:\/\/uelzener.de\/magazin\/wp-json\/wp\/v2\/types\/page"}],"author":[{"embeddable":true,"href":"https:\/\/uelzener.de\/magazin\/wp-json\/wp\/v2\/users\/11"}],"replies":[{"embeddable":true,"href":"https:\/\/uelzener.de\/magazin\/wp-json\/wp\/v2\/comments?post=17221"}],"version-history":[{"count":6,"href":"https:\/\/uelzener.de\/magazin\/wp-json\/wp\/v2\/pages\/17221\/revisions"}],"predecessor-version":[{"id":18753,"href":"https:\/\/uelzener.de\/magazin\/wp-json\/wp\/v2\/pages\/17221\/revisions\/18753"}],"up":[{"embeddable":true,"href":"https:\/\/uelzener.de\/magazin\/wp-json\/wp\/v2\/pages\/11679"}],"wp:featuredmedia":[{"embeddable":true,"href":"https:\/\/uelzener.de\/magazin\/wp-json\/wp\/v2\/media\/17225"}],"wp:attachment":[{"href":"https:\/\/uelzener.de\/magazin\/wp-json\/wp\/v2\/media?parent=17221"}],"curies":[{"name":"wp","href":"https:\/\/api.w.org\/{rel}","templated":true}]}}