{"id":17218,"date":"2024-04-02T16:00:36","date_gmt":"2024-04-02T14:00:36","guid":{"rendered":"https:\/\/uelzener.de\/magazin\/?page_id=17218"},"modified":"2024-04-02T16:09:34","modified_gmt":"2024-04-02T14:09:34","slug":"schilddruesenunterfunktion-hypothyreose-beim-hund","status":"publish","type":"page","link":"https:\/\/uelzener.de\/magazin\/hund\/tiergesundheit\/schilddruesenunterfunktion-hypothyreose-beim-hund\/","title":{"rendered":"Schilddr\u00fcsenunterfunktion (Hypothyreose) beim Hund"},"content":{"rendered":"<p>Die Schilddr\u00fcsenunterfunktion (Hypothyreose) ist die am h\u00e4ufigsten vorkommenden Hormonst\u00f6rung bei Hunden. Die Schilddr\u00fcse ist ein hormonbildendes Organ und sitzt im Bereich des Kehlkopfs. Sie sieht \u00e4hnlich aus wie ein Schmetterling, dessen Fl\u00fcgel rechts und links der Luftr\u00f6hre anliegen. Hier erf\u00e4hrst du alles Wichtige \u00fcber Ursachen, Symptomen, Diagnose und Behandlung der Schilddr\u00fcsenunterfunktion.<\/p>\n<h2>Schilddr\u00fcsenunterfunktion beim Hund: Was ist das?<\/h2>\n<p>Bei einer Schilddr\u00fcsenunterfunktion kommt es in der Schilddr\u00fcse zu einem Mangel an wichtigen Hormonen. Eine gesunde Schilddr\u00fcse produziert die Hormone Thyroxin (T4) und Triiodthyronin (T3). Diese sind f\u00fcr den reibungslosen Ablauf des Stoffwechsels wichtig. Thyroxin und Triiodthyronin f\u00f6rdern die Herzfrequenz, den Blutdruck, den Zucker- und Fettstoffwechsel und die Talg- und Schwei\u00dfdr\u00fcsenproduktion sowie die Darmmotorik. Fehlen diese Hormone, arbeiten die Zellen verlangsamt. Damit verlangsamt sich dann auch der Stoffwechsel, was beispielsweise eine reduzierte Herzfrequenz oder niedrigere K\u00f6rpertemperatur zur Folge hat.<\/p>\n<h2>Ursachen<\/h2>\n<p>Eine Schilddr\u00fcsenunterfunktion kann auf unterschiedliche Weise entstehen. Hier ist eine Liste mit m\u00f6glichen Ursachen:<\/p>\n<ul>\n<li>Autoimmunthyreoiditis: Dies ist eine der verbreitesten Ursachen f\u00fcr eine Schilddr\u00fcsenunterfunktion. Dabei verursacht eine Autoimmunreaktion eine Entz\u00fcndung der Schilddr\u00fcse, die wiederum zu einer Unterfunktion der Schilddr\u00fcse f\u00fchrt.<\/li>\n<li>Jodmangel: Ein Mangel an Jod in der Nahrung kann die Produktion von Schilddr\u00fcsenhormonen beeintr\u00e4chtigen. Besonders beim <a href=\"https:\/\/uelzener.de\/magazin\/hund\/ernaehrung\/barfen-fuer-hunde\/\">Barfen<\/a> sollte man auf ausreichend Jod im Futter achten.<\/li>\n<li>Medikamenteninduziert: Bestimmte Medikamente k\u00f6nnen die Schilddr\u00fcsenfunktion beeinflussen und eine Unterfunktion verursachen.<\/li>\n<li>angeborene Schilddr\u00fcsenunterfunktion: Von einer angeborenen Schilddr\u00fcsenunterfunktion spricht man, wenn eine genetische Veranlagung dazu f\u00fchrt, dass Hunde bereits mit eingeschr\u00e4nkter Schilddr\u00fcsenfunktion geboren werden.<\/li>\n<li>Tumore: Tumore in der Schilddr\u00fcse k\u00f6nnen die Produktion von Hormonen st\u00f6ren und zu einer Unterfunktion f\u00fchren.<\/li>\n<li>Entz\u00fcndung der Hirnanhangdr\u00fcse (Hypophyse): Kommt es zu einer Entz\u00fcndung der Hirnanhangdr\u00fcse, kann die Freisetzung von stimulierenden Hormonen f\u00fcr die Schilddr\u00fcse beeintr\u00e4chtigt werden.<\/li>\n<li>Infektionen: Infektionen k\u00f6nnen die Schilddr\u00fcsenfunktion negativ beeinflussen und zu einer Unterfunktion f\u00fchren.<\/li>\n<li>Erh\u00f6htes Risiko bei Kastration von H\u00fcndinnen: Mit einer <a href=\"https:\/\/uelzener.de\/magazin\/hund\/tiergesundheit\/kastration-hund-huendin\/\">Kastration<\/a> steigt die statistische Wahrscheinlichkeit f\u00fcr H\u00fcndinnen an einer Schilddr\u00fcsenunterfunktion zu erkranken.<\/li>\n<\/ul>\n<h2>Symptome<\/h2>\n<p>Eine Schilddr\u00fcsenunterfunktion kann sich in verschiedenen Symptomen \u00e4u\u00dfern. Diese k\u00f6nnen variieren. Nicht immer treten alle Symptome auf.<\/p>\n<ul>\n<li>Gewichtszunahme: Hunde mit einer Schilddr\u00fcsenunterfunktion k\u00f6nnen an Gewicht zunehmen. Mitunter leiden sie verst\u00e4rkt unter <a href=\"https:\/\/uelzener.de\/magazin\/hund\/ernaehrung\/hund-hunger-anzeichen\/\">Hunger<\/a>. Selbst bei gleichbleibender oder sogar verringerter Energiezufuhr kann es zu <a href=\"https:\/\/uelzener.de\/magazin\/hund\/tiergesundheit\/uebergewicht-hund-abnehmen\/\">\u00dcbergewicht.<\/a><\/li>\n<li>Fellver\u00e4nderungen: Eine Schilddr\u00fcsenunterfunktion kann sich in glanzlosem Fell und vermehrtem Haarausfall zeigen.<\/li>\n<li>Hautprobleme: Hautirritationen k\u00f6nnen bei einer Schilddr\u00fcsenunterfunktion auftreten.<\/li>\n<li>Lethargie und M\u00fcdigkeit: Hunde mit einer Schilddr\u00fcsenunterfunktion k\u00f6nnen ersch\u00f6pft wirken und weniger aktiv sein.<\/li>\n<li>Muskelschw\u00e4che: Die Reduktion von Schilddr\u00fcsenhormonen kann zu einer Schw\u00e4chung der Muskulatur f\u00fchren.<\/li>\n<li>Verdauungsprobleme: Bei einer Schilddr\u00fcsenunterfunktion kann es zu <a href=\"https:\/\/uelzener.de\/magazin\/hund\/haeufige-fragen\/durchfall-beim-hund-verdauung\/\">Durchfall<\/a> oder Verstopfung kommen.<\/li>\n<li>K\u00e4lteempfindlichkeit: Hunde, die an einer Schilddr\u00fcsenunterfunktion leiden, sind oft empfindlicher gegen\u00fcber K\u00e4lte.<\/li>\n<li>Verhaltens\u00e4nderungen: Hunde mit Schilddr\u00fcsenunterfunktion zeigen mitunter Anzeichen von <a href=\"https:\/\/uelzener.de\/magazin\/hund\/tiergesundheit\/hund-ungluecklich-anzeichen-depression\/\">Niedergeschlagenheit<\/a>, Nervosit\u00e4t oder Aggressivit\u00e4t.<\/li>\n<\/ul>\n<h2>Diagnose<\/h2>\n<p>Eine Schilddr\u00fcsenunterfunktion wird mittels Bluttests diagnostiziert. Es erfolgt eine Blutabnahme. Im Labor wird die Konzentration der Schilddr\u00fcsenhormone T4 (Thyroxin) und T3 (Triiodthyronin) gemessen. Eine niedrige Konzentration dieser Hormone deutet auf eine Schilddr\u00fcsenunterfunktion hin. Erg\u00e4nzend k\u00f6nnen Antik\u00f6rpertests angewendet werden. Dabei wird untersucht, ob der Hund an einer Autoimmunthyreoiditis leidet, die eine Schilddr\u00fcsenunterfunktion hervorrufen kann. Dar\u00fcber hinaus m\u00fcssen andere Erkrankungen ausgeschlossen werden.<\/p>\n<h2>Behandlungen<\/h2>\n<p>Eine Schilddr\u00fcsenunterfunktion l\u00e4sst sich gut behandeln. Dazu bekommt der Hund k\u00fcnstliche Schilddr\u00fcsenhormone in Form von Tabletten verabreicht. Wichtig ist eine entsprechende Dosierung. Daher sollte die Medikamente individuell angepasst und regelm\u00e4\u00dfig mittels Blutuntersuchungen \u00fcberpr\u00fcft werden. Eine TVersicherung sch\u00fctzt vor hohen Tierarztkosten.<\/p>\n\n<div class=\"banner\">\n    <a href=\"https:\/\/uelzener.de\/hund\/?agt=0000104925&sem=true&utm_medium=magazin&utm_source=wordpress&utm_campaign=hund&utm_content=banner\">\n        <img decoding=\"async\" width=\"300\" height=\"212\" src=\"https:\/\/uelzener.de\/magazin\/app\/uploads\/2023\/10\/Hunde-Versicherung.jpg\" class=\"attachment-medium size-medium\" alt=\"Banner Hunde-Versicherung\" \/>    <\/a>\n<\/div>\n\n<h2>Fazit<\/h2>\n<p>Die Schilddr\u00fcsenunterfunktion (Hypothyreose) ist bei Hunden die am h\u00e4ufigsten vorkommende Hormonst\u00f6rung. Ursachen k\u00f6nnen unter anderem Entz\u00fcndung der Schilddr\u00fcse, Jodmangel, Medikamente oder ein Tumor sein. Eine Schilddr\u00fcsenunterfunktion zeigt sich mit Symptomen wie Gewichtszunahme, Fellver\u00e4nderungen, Hautproblemen, M\u00fcdigkeit und K\u00e4lteempfindlichkeit. Die Diagnose erfolgt durch Bluttests. Eine Schilddr\u00fcsenunterfunktion l\u00e4sst sich medikament\u00f6s gut behandeln.<\/p>\n<h2>FAQ: H\u00e4ufig gestellte Fragen<\/h2>\n<h3>Welche Ern\u00e4hrung bei Schilddr\u00fcsenunterfunktion beim Hund?<\/h3>\n<p>Generell ist eine ausgewogene Ern\u00e4hrung f\u00fcr die Hundegesundheit wichtig. Bei einer Schilddr\u00fcsenunterfunktion k\u00f6nnen Hunde einen niedrigeren Eiwei\u00dfbedarf haben. Daher kann eine eiwei\u00dfarme F\u00fctterung sinnvoll sein. Dabei sollte auf hochwertige Proteine geachtet werden. Hunde mit einer Schilddr\u00fcsenunterfunktion k\u00f6nnen aufgrund eines niedrigeren Energiebedarfs zu \u00dcbergewicht neigen. Daher kann Di\u00e4tfutter dazu beitragen, \u00dcbergewicht zu vermeiden oder das Gewicht zu stabilisieren. Jod, Selen, Zink und Eisen beeinflussen die Schilddr\u00fcse. Deswegen k\u00f6nnen bei der F\u00fctterung diese Elemente ber\u00fccksichtigt werden. Leidet ein Hund unter einer Schilddr\u00fcsenunterfunktion, sollte man sich auch hinsichtlich der Ern\u00e4hrung tier\u00e4rztlich beraten lassen, sodass regul\u00e4res <a href=\"https:\/\/uelzener.de\/magazin\/hund\/ernaehrung\/nassfutter-vs-trockenfutter\/\">Nass- und Trockenfutter<\/a> und das, <a href=\"https:\/\/uelzener.de\/magazin\/hund\/ernaehrung\/was-essen-hunde\/\">was Hunde au\u00dfer Hundefutter essen<\/a>, auf die besondere Situation des Hundes abgestimmt wird.<\/p>\n<h3>Welche neurologischen Symptome gibt es?<\/h3>\n<p>Hunde mit Schilddr\u00fcsenunterfunktion k\u00f6nnen unter neurologischen Symptomen wie neuromuskul\u00e4r bedingter Muskelschw\u00e4che oder Krampfanf\u00e4llen leiden.<\/p>\n<h3>Welche Lebenserwartung haben Hunde mit Schilddr\u00fcsenunterfunktion?<\/h3>\n<p>Eine Schilddr\u00fcsenunterfunktion ist medikament\u00f6s gut behandelbar. Daher haben Hunde mit dieser Erkrankung eine vergleichbare Lebenserwartung wie Hunde mit einer gesunden Schilddr\u00fcse.<\/p>\n","protected":false},"excerpt":{"rendered":"<p>Die Schilddr\u00fcsenunterfunktion (Hypothyreose) ist die am h\u00e4ufigsten vorkommenden Hormonst\u00f6rung bei Hunden. Die Schilddr\u00fcse ist ein hormonbildendes Organ und sitzt im Bereich des Kehlkopfs. Sie sieht \u00e4hnlich aus wie ein Schmetterling, dessen Fl\u00fcgel rechts und links der Luftr\u00f6hre anliegen. Hier erf\u00e4hrst du alles Wichtige \u00fcber Ursachen, Symptomen, Diagnose und Behandlung der Schilddr\u00fcsenunterfunktion. Schilddr\u00fcsenunterfunktion beim Hund: Was [&hellip;]<\/p>\n","protected":false},"author":11,"featured_media":17220,"parent":11701,"menu_order":8,"comment_status":"closed","ping_status":"closed","template":"templates\/blog.php","meta":{"_acf_changed":false,"_crdt_document":"","footnotes":"","beyondwords_generate_audio":"0","beyondwords_project_id":"","beyondwords_content_id":"","beyondwords_preview_token":"","beyondwords_player_style":"","beyondwords_language_id":"","beyondwords_title_voice_id":"","beyondwords_body_voice_id":"","beyondwords_summary_voice_id":"","beyondwords_error_message":"","beyondwords_disabled":"","beyondwords_delete_content":"","beyondwords_podcast_id":"","beyondwords_hash":"","publish_post_to_speechkit":"","speechkit_hash":"","speechkit_generate_audio":"","speechkit_project_id":"","speechkit_podcast_id":"","speechkit_error_message":"","speechkit_disabled":"","speechkit_access_key":"","speechkit_error":"","speechkit_info":"","speechkit_response":"","speechkit_retries":"","speechkit_status":"","speechkit_updated_at":"","_speechkit_link":"","_speechkit_text":""},"class_list":["post-17218","page","type-page","status-publish","has-post-thumbnail","hentry"],"acf":[],"yoast_head":"<!-- This site is optimized with the Yoast SEO Premium plugin  - https:\/\/yoast.com\/product\/yoast-seo-premium-wordpress\/ -->\n<title>Schilddr\u00fcsenunterfunktion (Hypothyreose) beim Hund | Uelzener Magazin<\/title>\n<meta name=\"description\" content=\"Hier erf\u00e4hrst du alles Wichtige \u00fcber Ursachen \u2714 Symptomen \u2714 Diagnose \u2714 und Behandlung \u2714 der Schilddr\u00fcsenunterfunktion.\" \/>\n<meta name=\"robots\" content=\"index, follow, max-snippet:-1, max-image-preview:large, max-video-preview:-1\" \/>\n<link rel=\"canonical\" href=\"https:\/\/uelzener.de\/magazin\/hund\/tiergesundheit\/schilddruesenunterfunktion-hypothyreose-beim-hund\/\" \/>\n<meta property=\"og:locale\" content=\"de_DE\" \/>\n<meta property=\"og:type\" content=\"article\" \/>\n<meta property=\"og:title\" content=\"Schilddr\u00fcsenunterfunktion (Hypothyreose) beim Hund\" \/>\n<meta property=\"og:description\" content=\"Hier erf\u00e4hrst du alles Wichtige \u00fcber Ursachen \u2714 Symptomen \u2714 Diagnose \u2714 und Behandlung \u2714 der Schilddr\u00fcsenunterfunktion.\" \/>\n<meta property=\"og:url\" content=\"https:\/\/uelzener.de\/magazin\/hund\/tiergesundheit\/schilddruesenunterfunktion-hypothyreose-beim-hund\/\" \/>\n<meta property=\"og:site_name\" content=\"Uelzener Tier-Magazin\" \/>\n<meta property=\"article:publisher\" content=\"https:\/\/www.facebook.com\/Uelzener\" \/>\n<meta property=\"article:modified_time\" content=\"2024-04-02T14:09:34+00:00\" \/>\n<meta property=\"og:image\" content=\"https:\/\/uelzener.de\/magazin\/app\/uploads\/2024\/03\/hund-schilddruesenunterfunktion.jpg\" \/>\n\t<meta property=\"og:image:width\" content=\"1025\" \/>\n\t<meta property=\"og:image:height\" content=\"450\" \/>\n\t<meta property=\"og:image:type\" content=\"image\/jpeg\" \/>\n<meta name=\"twitter:card\" content=\"summary_large_image\" \/>\n<meta name=\"twitter:label1\" content=\"Gesch\u00e4tzte Lesezeit\" \/>\n\t<meta name=\"twitter:data1\" content=\"4\u00a0Minuten\" \/>\n<script type=\"application\/ld+json\" class=\"yoast-schema-graph\">{\"@context\":\"https:\/\/schema.org\",\"@graph\":[{\"@type\":\"WebPage\",\"@id\":\"https:\/\/uelzener.de\/magazin\/hund\/tiergesundheit\/schilddruesenunterfunktion-hypothyreose-beim-hund\/\",\"url\":\"https:\/\/uelzener.de\/magazin\/hund\/tiergesundheit\/schilddruesenunterfunktion-hypothyreose-beim-hund\/\",\"name\":\"Schilddr\u00fcsenunterfunktion (Hypothyreose) beim Hund | Uelzener Magazin\",\"isPartOf\":{\"@id\":\"https:\/\/uelzener.de\/magazin\/#website\"},\"primaryImageOfPage\":{\"@id\":\"https:\/\/uelzener.de\/magazin\/hund\/tiergesundheit\/schilddruesenunterfunktion-hypothyreose-beim-hund\/#primaryimage\"},\"image\":{\"@id\":\"https:\/\/uelzener.de\/magazin\/hund\/tiergesundheit\/schilddruesenunterfunktion-hypothyreose-beim-hund\/#primaryimage\"},\"thumbnailUrl\":\"https:\/\/uelzener.de\/magazin\/app\/uploads\/2024\/03\/hund-schilddruesenunterfunktion.jpg\",\"datePublished\":\"2024-04-02T14:00:36+00:00\",\"dateModified\":\"2024-04-02T14:09:34+00:00\",\"description\":\"Hier erf\u00e4hrst du alles Wichtige \u00fcber Ursachen \u2714 Symptomen \u2714 Diagnose \u2714 und Behandlung \u2714 der Schilddr\u00fcsenunterfunktion.\",\"breadcrumb\":{\"@id\":\"https:\/\/uelzener.de\/magazin\/hund\/tiergesundheit\/schilddruesenunterfunktion-hypothyreose-beim-hund\/#breadcrumb\"},\"inLanguage\":\"de\",\"potentialAction\":[{\"@type\":\"ReadAction\",\"target\":[\"https:\/\/uelzener.de\/magazin\/hund\/tiergesundheit\/schilddruesenunterfunktion-hypothyreose-beim-hund\/\"]}]},{\"@type\":\"ImageObject\",\"inLanguage\":\"de\",\"@id\":\"https:\/\/uelzener.de\/magazin\/hund\/tiergesundheit\/schilddruesenunterfunktion-hypothyreose-beim-hund\/#primaryimage\",\"url\":\"https:\/\/uelzener.de\/magazin\/app\/uploads\/2024\/03\/hund-schilddruesenunterfunktion.jpg\",\"contentUrl\":\"https:\/\/uelzener.de\/magazin\/app\/uploads\/2024\/03\/hund-schilddruesenunterfunktion.jpg\",\"width\":1025,\"height\":450,\"caption\":\"Hund wird am Hals abgetastet bei der Schilddr\u00fcsenuntersuchung.\"},{\"@type\":\"WebSite\",\"@id\":\"https:\/\/uelzener.de\/magazin\/#website\",\"url\":\"https:\/\/uelzener.de\/magazin\/\",\"name\":\"Uelzener Tiermagazin\",\"description\":\"Online Tierratgeber der Uelzener Versicherungen\",\"publisher\":{\"@id\":\"https:\/\/uelzener.de\/magazin\/#organization\"},\"potentialAction\":[{\"@type\":\"SearchAction\",\"target\":{\"@type\":\"EntryPoint\",\"urlTemplate\":\"https:\/\/uelzener.de\/magazin\/?s={search_term_string}\"},\"query-input\":{\"@type\":\"PropertyValueSpecification\",\"valueRequired\":true,\"valueName\":\"search_term_string\"}}],\"inLanguage\":\"de\"},{\"@type\":\"Organization\",\"@id\":\"https:\/\/uelzener.de\/magazin\/#organization\",\"name\":\"Uelzener Versicherungen\",\"url\":\"https:\/\/uelzener.de\/magazin\/\",\"logo\":{\"@type\":\"ImageObject\",\"inLanguage\":\"de\",\"@id\":\"https:\/\/uelzener.de\/magazin\/#\/schema\/logo\/image\/\",\"url\":\"https:\/\/uelzener.de\/magazin\/app\/uploads\/2024\/11\/uelzener_allgemeine_versicherungsgesellschaft_a_g_logo.jpg\",\"contentUrl\":\"https:\/\/uelzener.de\/magazin\/app\/uploads\/2024\/11\/uelzener_allgemeine_versicherungsgesellschaft_a_g_logo.jpg\",\"width\":200,\"height\":200,\"caption\":\"Uelzener Versicherungen\"},\"image\":{\"@id\":\"https:\/\/uelzener.de\/magazin\/#\/schema\/logo\/image\/\"},\"sameAs\":[\"https:\/\/www.facebook.com\/Uelzener\",\"https:\/\/instagram.com\/uelzener\",\"https:\/\/www.xing.com\/pages\/uelzenerallgemeineversicherungs-gesellschafta-g\",\"https:\/\/www.youtube.com\/UelzenerVersicherungen\"]}]}<\/script>\n<!-- \/ Yoast SEO Premium plugin. -->","yoast_head_json":{"title":"Schilddr\u00fcsenunterfunktion (Hypothyreose) beim Hund | Uelzener Magazin","description":"Hier erf\u00e4hrst du alles Wichtige \u00fcber Ursachen \u2714 Symptomen \u2714 Diagnose \u2714 und Behandlung \u2714 der Schilddr\u00fcsenunterfunktion.","robots":{"index":"index","follow":"follow","max-snippet":"max-snippet:-1","max-image-preview":"max-image-preview:large","max-video-preview":"max-video-preview:-1"},"canonical":"https:\/\/uelzener.de\/magazin\/hund\/tiergesundheit\/schilddruesenunterfunktion-hypothyreose-beim-hund\/","og_locale":"de_DE","og_type":"article","og_title":"Schilddr\u00fcsenunterfunktion (Hypothyreose) beim Hund","og_description":"Hier erf\u00e4hrst du alles Wichtige \u00fcber Ursachen \u2714 Symptomen \u2714 Diagnose \u2714 und Behandlung \u2714 der Schilddr\u00fcsenunterfunktion.","og_url":"https:\/\/uelzener.de\/magazin\/hund\/tiergesundheit\/schilddruesenunterfunktion-hypothyreose-beim-hund\/","og_site_name":"Uelzener Tier-Magazin","article_publisher":"https:\/\/www.facebook.com\/Uelzener","article_modified_time":"2024-04-02T14:09:34+00:00","og_image":[{"width":1025,"height":450,"url":"https:\/\/uelzener.de\/magazin\/app\/uploads\/2024\/03\/hund-schilddruesenunterfunktion.jpg","type":"image\/jpeg"}],"twitter_card":"summary_large_image","twitter_misc":{"Gesch\u00e4tzte Lesezeit":"4\u00a0Minuten"},"schema":{"@context":"https:\/\/schema.org","@graph":[{"@type":"WebPage","@id":"https:\/\/uelzener.de\/magazin\/hund\/tiergesundheit\/schilddruesenunterfunktion-hypothyreose-beim-hund\/","url":"https:\/\/uelzener.de\/magazin\/hund\/tiergesundheit\/schilddruesenunterfunktion-hypothyreose-beim-hund\/","name":"Schilddr\u00fcsenunterfunktion (Hypothyreose) beim Hund | Uelzener Magazin","isPartOf":{"@id":"https:\/\/uelzener.de\/magazin\/#website"},"primaryImageOfPage":{"@id":"https:\/\/uelzener.de\/magazin\/hund\/tiergesundheit\/schilddruesenunterfunktion-hypothyreose-beim-hund\/#primaryimage"},"image":{"@id":"https:\/\/uelzener.de\/magazin\/hund\/tiergesundheit\/schilddruesenunterfunktion-hypothyreose-beim-hund\/#primaryimage"},"thumbnailUrl":"https:\/\/uelzener.de\/magazin\/app\/uploads\/2024\/03\/hund-schilddruesenunterfunktion.jpg","datePublished":"2024-04-02T14:00:36+00:00","dateModified":"2024-04-02T14:09:34+00:00","description":"Hier erf\u00e4hrst du alles Wichtige \u00fcber Ursachen \u2714 Symptomen \u2714 Diagnose \u2714 und Behandlung \u2714 der Schilddr\u00fcsenunterfunktion.","breadcrumb":{"@id":"https:\/\/uelzener.de\/magazin\/hund\/tiergesundheit\/schilddruesenunterfunktion-hypothyreose-beim-hund\/#breadcrumb"},"inLanguage":"de","potentialAction":[{"@type":"ReadAction","target":["https:\/\/uelzener.de\/magazin\/hund\/tiergesundheit\/schilddruesenunterfunktion-hypothyreose-beim-hund\/"]}]},{"@type":"ImageObject","inLanguage":"de","@id":"https:\/\/uelzener.de\/magazin\/hund\/tiergesundheit\/schilddruesenunterfunktion-hypothyreose-beim-hund\/#primaryimage","url":"https:\/\/uelzener.de\/magazin\/app\/uploads\/2024\/03\/hund-schilddruesenunterfunktion.jpg","contentUrl":"https:\/\/uelzener.de\/magazin\/app\/uploads\/2024\/03\/hund-schilddruesenunterfunktion.jpg","width":1025,"height":450,"caption":"Hund wird am Hals abgetastet bei der Schilddr\u00fcsenuntersuchung."},{"@type":"WebSite","@id":"https:\/\/uelzener.de\/magazin\/#website","url":"https:\/\/uelzener.de\/magazin\/","name":"Uelzener Tiermagazin","description":"Online Tierratgeber der Uelzener Versicherungen","publisher":{"@id":"https:\/\/uelzener.de\/magazin\/#organization"},"potentialAction":[{"@type":"SearchAction","target":{"@type":"EntryPoint","urlTemplate":"https:\/\/uelzener.de\/magazin\/?s={search_term_string}"},"query-input":{"@type":"PropertyValueSpecification","valueRequired":true,"valueName":"search_term_string"}}],"inLanguage":"de"},{"@type":"Organization","@id":"https:\/\/uelzener.de\/magazin\/#organization","name":"Uelzener Versicherungen","url":"https:\/\/uelzener.de\/magazin\/","logo":{"@type":"ImageObject","inLanguage":"de","@id":"https:\/\/uelzener.de\/magazin\/#\/schema\/logo\/image\/","url":"https:\/\/uelzener.de\/magazin\/app\/uploads\/2024\/11\/uelzener_allgemeine_versicherungsgesellschaft_a_g_logo.jpg","contentUrl":"https:\/\/uelzener.de\/magazin\/app\/uploads\/2024\/11\/uelzener_allgemeine_versicherungsgesellschaft_a_g_logo.jpg","width":200,"height":200,"caption":"Uelzener Versicherungen"},"image":{"@id":"https:\/\/uelzener.de\/magazin\/#\/schema\/logo\/image\/"},"sameAs":["https:\/\/www.facebook.com\/Uelzener","https:\/\/instagram.com\/uelzener","https:\/\/www.xing.com\/pages\/uelzenerallgemeineversicherungs-gesellschafta-g","https:\/\/www.youtube.com\/UelzenerVersicherungen"]}]}},"_links":{"self":[{"href":"https:\/\/uelzener.de\/magazin\/wp-json\/wp\/v2\/pages\/17218","targetHints":{"allow":["GET"]}}],"collection":[{"href":"https:\/\/uelzener.de\/magazin\/wp-json\/wp\/v2\/pages"}],"about":[{"href":"https:\/\/uelzener.de\/magazin\/wp-json\/wp\/v2\/types\/page"}],"author":[{"embeddable":true,"href":"https:\/\/uelzener.de\/magazin\/wp-json\/wp\/v2\/users\/11"}],"replies":[{"embeddable":true,"href":"https:\/\/uelzener.de\/magazin\/wp-json\/wp\/v2\/comments?post=17218"}],"version-history":[{"count":1,"href":"https:\/\/uelzener.de\/magazin\/wp-json\/wp\/v2\/pages\/17218\/revisions"}],"predecessor-version":[{"id":17219,"href":"https:\/\/uelzener.de\/magazin\/wp-json\/wp\/v2\/pages\/17218\/revisions\/17219"}],"up":[{"embeddable":true,"href":"https:\/\/uelzener.de\/magazin\/wp-json\/wp\/v2\/pages\/11701"}],"wp:featuredmedia":[{"embeddable":true,"href":"https:\/\/uelzener.de\/magazin\/wp-json\/wp\/v2\/media\/17220"}],"wp:attachment":[{"href":"https:\/\/uelzener.de\/magazin\/wp-json\/wp\/v2\/media?parent=17218"}],"curies":[{"name":"wp","href":"https:\/\/api.w.org\/{rel}","templated":true}]}}