{"id":17091,"date":"2024-03-05T14:38:19","date_gmt":"2024-03-05T13:38:19","guid":{"rendered":"https:\/\/uelzener.de\/magazin\/?page_id=17091"},"modified":"2025-08-25T13:30:14","modified_gmt":"2025-08-25T11:30:14","slug":"geschwollenes-auge-beim-pferd","status":"publish","type":"page","link":"https:\/\/uelzener.de\/magazin\/pferd\/tiergesundheit\/geschwollenes-auge-beim-pferd\/","title":{"rendered":"Geschwollenes Auge beim Pferd: M\u00f6gliche Ursachen und Erste-Hilfe-Ma\u00dfnahmen"},"content":{"rendered":"<p>Hat das Pferd ein geschwollenes Auge, bereitet das Halterinnen und Haltern erst einmal Sorgen. Tats\u00e4chlich ist es ein Zustand, der Aufmerksamkeit erfordert. Ein geschwollenes Auge kann f\u00fcr das Pferd schmerzhaft oder zumindest unangenehm sein und auf ernste Erkrankungen hindeuten. Zwar gibt es viele verschiedene Ursachen, die zu einer Schwellung des Pferdeauges f\u00fchren k\u00f6nnen, so dass man nicht gleich das Schlimmste bef\u00fcrchten muss, nichtsdestoweniger ist es wichtig, die Angelegenheit abzukl\u00e4ren. Eine zuverl\u00e4ssige Diagnose und eine angemessene Behandlung sind das A und O, um Komplikationen sowie Sch\u00e4den am Auge vorzubeugen und das Wohlbefinden und die Gesundheit des Pferdes wiederherzustellen. Wir geben einen \u00dcberblick, welche Gr\u00fcnde ein geschwollenes Auge beim Pferd haben kann und welche Erste-Hilfe-Ma\u00dfnahmen es gibt.<\/p>\n<h2>Woran liegt es, wenn das Auge beim Pferd geschwollen ist?<\/h2>\n<p>Die Ursachen f\u00fcr ein geschwollenes Auge beim Pferd k\u00f6nnen vielf\u00e4ltig sein. Oft kommen noch weitere Symptome hinzu und das Auge zeigt nicht nur eine Schwellung, sondern auch Ausfluss, Tr\u00e4nen, Verkrustungen oder ist ger\u00f6tet. Es kann auch sein, dass das Pferd lichtschau reagiert, das Auge h\u00e4ufig zusammenkneift oder versucht, sich daran zu scheuern, was auf Juckreiz hindeutet. Wir geben eine \u00dcbersicht \u00fcber m\u00f6gliche Ursachen f\u00fcr ein geschwollenes Auge beim Pferd:<\/p>\n<ul>\n<li><strong>Fremdk\u00f6rper im Auge: <\/strong>Gelangt eine Fliege, ein Haar, Stroh, Sand oder ein anderer Fremdk\u00f6rper ins Auge, kann das eine Schwellung verursachen. Oft tr\u00e4nt das Auge zus\u00e4tzlich in dem Versuch, den Fremdk\u00f6rper herauszusp\u00fclen.<\/li>\n<li><strong>Verletzung: <\/strong>Reibt ein Pferd seinen Kopf an einem Gegenstand oder kommt es ungl\u00fccklich in Ber\u00fchrung mit einem Ast, kann es passieren, dass es sich eine Verletzung am Auge oder in der Augenumgebung zuzieht. Auch das f\u00fchrt mitunter zu Schwellungen. Vor allem Verletzungen an der Hornhaut sind kritisch, weil Keime dadurch leichter eindringen und Infektionen hervorrufen k\u00f6nnen.<\/li>\n<li><strong>Blockierte Tr\u00e4nenkan\u00e4le: <\/strong>Bei einer Blockade in den Tr\u00e4nenwegen kann die Tr\u00e4nenfl\u00fcssigkeit nicht mehr abflie\u00dfen und sammelt sich an. Das verursacht wiederum eine Schwellung, meist am inneren Augenwinkel.<\/li>\n<li><strong>Allergie: <\/strong>\u00c4hnlich wie Menschen reagieren manche Pferde auf Allergene in ihrer Umgebung, was sich durch geschwollene Augen bemerkbar machen kann. Typische Ausl\u00f6ser sind Pollen, Sporen von Schimmelpilzen, Milbenkot und Staub.<\/li>\n<li><strong>Insektenstiche<\/strong>: Bisse oder Stiche von Insekten in der N\u00e4he des Auges haben h\u00e4ufig nicht unerhebliche Schwellungen an der betroffenen Stelle zur Folge. Manche Pferde reagieren auf <a href=\"https:\/\/uelzener.de\/magazin\/pferd\/tiergesundheit\/sommerekzem-pferd\/\" target=\"_blank\" rel=\"noopener\">Insektenstiche<\/a> mit einer Kontaktallergie, die von weiteren Symptomen wie Atemver\u00e4nderungen, Pusteln, Fieber usw. begleitet sein kann.<\/li>\n<li><strong>Infektion: <\/strong>Bakterien, Viren und Pilze k\u00f6nnen Infektionen hervorrufen und zu Entz\u00fcndungen und Schwellungen f\u00fchren.<\/li>\n<li><strong>Bindehautentz\u00fcndung: <\/strong>Bindehautentz\u00fcndungen (Konjunktivitis) sind h\u00e4ufig eine Folge eindringender Fremdk\u00f6rper und Infektionen. Es gelangen Erreger ins Auge, die die Schleimhaut reizen und eine Entz\u00fcndung verursachen, die sich in einem ger\u00f6teten und geschwollenen Auge mit Ausfluss \u00e4u\u00dfert. Eine Bindehautentz\u00fcndung kann aber auch im Zusammenhang mit Pferdehusten oder Pferdegrippe entstehen.<\/li>\n<li><strong>Periodische Augenentz\u00fcndung<\/strong>: Ein geschwollenes Auge beim Pferd kann auf eine periodische Augenentz\u00fcndung (Equine rezidivierende Uveitis) hindeuten. Dabei handelt es sich um eine ernstzunehmende Erkrankung, die schleichend und immer wiederkehrend verl\u00e4uft, was die Gefahr birgt, dass sie lange unbemerkt bleibt. Bei jedem Schub werden Teile der inneren Augenstrukturen zerst\u00f6rt, was letztlich zur sogenannten <a href=\"https:\/\/uelzener.de\/magazin\/pferd\/tiergesundheit\/mondblindheit\/\" target=\"_blank\" rel=\"noopener\">Mondblindheit<\/a>, also vollst\u00e4ndigem Erblinden f\u00fchren kann.<\/li>\n<li><strong>Andere Augenerkrankungen: <\/strong>Auch andere Augenerkrankungen wie ein Glaukom (erh\u00f6hter Augeninnendruck) oder Hornhautgeschw\u00fcre k\u00f6nnen Schwellungen verursachen.<\/li>\n<li><strong>Parasiten: <\/strong>Bestimmte <a href=\"https:\/\/uelzener.de\/magazin\/pferd\/tiergesundheit\/parasiten-beim-pferd-das-solltest-du-wissen\/\" target=\"_blank\" rel=\"noopener\">Parasiten beim Pferd<\/a> wie Augenw\u00fcrmer (Thelazia lacrymalis) k\u00f6nnen Ursache f\u00fcr ein entz\u00fcndetes und geschwollenes Auge beim Pferd sein. Sie werden durch Fliegen \u00fcbertragen und nisten sich in den Tr\u00e4nendr\u00fcsen, im Bindehautsack und unter den Augenlidern ein. Entwurmungsmittel k\u00f6nnen dabei helfen, einem Befall vorzubeugen.<\/li>\n<li><strong>Tumor: <\/strong>Tumore im Bereich des Auges k\u00f6nnen einen mechanischen Druck aus\u00fcben, der wiederum in einer Schwellung resultiert.<\/li>\n<\/ul>\n<p>Ein geschwollenes Auge beim Pferd sollte genau untersucht werden, um die Ursache ausfindig zu machen und Gegenma\u00dfnahmen ergreifen zu k\u00f6nnen. Es kann sich um ein vergleichsweise leicht therapierbares Problem handeln, aber auch Symptom einer ernsten Erkrankung sein. Eine fr\u00fchzeitige Diagnose und Therapie sind Voraussetzung daf\u00fcr, einer Verschlechterung des Zustands entgegenzuwirken und das Wohlergehen des Pferdes sicherzustellen.<\/p>\n<h2>Erste-Hilfe-Ma\u00dfnahmen: Was tun, wenn das Pferdeauge geschwollen ist?<\/h2>\n<p>Ist das <a href=\"https:\/\/uelzener.de\/magazin\/pferd\/tiergesundheit\/pferdeauge-sensibles-sehorgan\/\" target=\"_blank\" rel=\"noopener\">Pferdeauge<\/a> geschwollen, ist eine tier\u00e4rztliche Untersuchung unabdingbar. Es sei denn, die Ursache l\u00e4sst sich klar identifizieren, ist vergleichsweise harmlos und leicht mit eigenen Mitteln zu beheben. Wenn beispielsweise eine Fliege ins Auge geraten ist, die sich ohne Probleme entfernen l\u00e4sst, kann man gegebenenfalls darauf verzichten, das Pferd dem Tierarzt oder der Tier\u00e4rztin vorzustellen. Sollten jedoch Komplikationen auftreten, die Ursache nicht erkennbar sein oder der Verdacht bestehen, es k\u00f6nnte sich um etwas Schwerwiegenderes handeln, muss das professionell abgekl\u00e4rt werden. Je mehr Zeit verstreicht, desto h\u00f6her ist das Risiko weiterf\u00fchrender Sch\u00e4den. Immerhin gibt es ein paar Ma\u00dfnahmen, die man anwenden kann und sollte, um die Wartezeit bis zur tier\u00e4rztlichen Untersuchung zu \u00fcberbr\u00fccken.<\/p>\n<ul>\n<li><strong>Pferd beruhigen und absichern<\/strong>: Ein geschwollenes Auge kann schmerzhaft und unangenehm sein und demzufolge Stress verursachen. In solchen Situationen neigen Pferde zu Nervosit\u00e4t. Zur Beruhigung kann es helfen, mit sanfter Stimme zum Tier zu sprechen. Sinnvoll ist auch, f\u00fcr eine sichere Umgebung zu sorgen, damit das Pferd im Fall der F\u00e4lle nicht zur Gefahr f\u00fcr sich und andere wird.<\/li>\n<li><strong>Situation beurteilen<\/strong>: Es ist wichtig, sich einen \u00dcberblick \u00fcber die Situation zu verschaffen und zu pr\u00fcfen, ob es offensichtliche Ursachen f\u00fcr die Schwellung gibt, beispielsweise eine Verletzung oder ein Fremdk\u00f6rper im Auge. Dazu schaut man sich das geschwollene Auge aus verschiedenen Winkeln genauer an. L\u00e4sst das Pferd es zu, kann man die Augenlider sanft \u00f6ffnen, indem man das Oberlid mit dem Zeigefinger nach oben und gleichzeitig das Unterlid mit dem Daumen nach unten schiebt. Dabei darf das Innere des Auges nicht ber\u00fchrt oder anderweitig gereizt werden. Sind Verletzungen erkennbar, muss schnell eine tier\u00e4rztliche Behandlung erfolgen.<\/li>\n<li><strong>Augenumgebung reinigen<\/strong>: Schmutz und Ausfluss am Auge kann man mit einem sauberen, feuchten Tuch vorsichtig entfernen. Dabei ist darauf zu achten, das Auge nicht direkt zu ber\u00fchren, daran zu reiben oder Druck auszu\u00fcben. Ist eine Fliege ins Auge gelangt, kann man versuchen, diese mit einem sauberen Tuch zu entfernen. Bei scharfkantigen oder nicht identifizierbaren Fremdk\u00f6rpern empfiehlt sich das nicht, da die Hornhaut verletzt werden k\u00f6nnte.<\/li>\n<li><strong>K\u00fchlen<\/strong>: Manche Schwellungen lassen sich durch K\u00fchlen reduzieren. Dazu wird eine kalte Kompresse auf die geschlossenen Augenlider des Pferds gelegt. Wichtig ist, dabei keinen Druck auszu\u00fcben und die Kompresse nur f\u00fcr kurze Zeit anzuwenden.<\/li>\n<li><strong>Vor weiteren Reizungen sch\u00fctzen<\/strong>: Eine wesentliche Ma\u00dfnahme ist, das geschwollene Auge vor weiteren Reizungen zu sch\u00fctzen, damit sich der Zustand nicht verschlimmert. Das Pferd sollte daher an einen m\u00f6glichst staub- und insektenfreien Platz gebracht werden. Helles Licht gilt es ebenfalls zu vermeiden, da es das Auge zus\u00e4tzlich reizen kann.<\/li>\n<\/ul>\n<p>Eine Selbstmedikation ist nicht empfehlenswert. Salben, Tropfen oder andere Pr\u00e4parate, die ohne tier\u00e4rztliche Anweisung gegeben werden, k\u00f6nnen genau das Gegenteil bewirken und eine zus\u00e4tzliche Belastung f\u00fcr das geschwollene Auge darstellen. Entscheidend ist, schnell zu handeln und das Pferd professionell und gr\u00fcndlich untersuchen zu lassen, um die Ursache der Schwellung ausfindig zu machen und eine angemessene Behandlung einzuleiten. Eine Pferdekrankenversicherung ist in solchen F\u00e4llen eine gro\u00dfe Hilfe. Sie \u00fcbernimmt die Kosten f\u00fcr medizinische Behandlungen, die schnell teuer werden und eine finanzielle Belastung darstellen k\u00f6nnen. Auf diese Weise bietet sie Mensch und Tier umfassenden Schutz.<\/p>\n\n<div class=\"banner\">\n    <a href=\"https:\/\/uelzener.de\/pferd\/herden-versicherung\/?agt=0000104925&sem=true&utm_medium=magazin&utm_source=wordpress&utm_campaign=pferd_kv&utm_content=banner    \">\n        <img decoding=\"async\" width=\"300\" height=\"212\" src=\"https:\/\/uelzener.de\/magazin\/app\/uploads\/2025\/01\/Pferde-Kranken-Versicherung.jpg\" class=\"attachment-medium size-medium\" alt=\"Banner Pferde-Kranken-Versicherung\" \/>    <\/a>\n<\/div>\n\n<h2>Fazit<\/h2>\n<p>Ein geschwollenes Auge beim Pferd kann viele Ursachen haben. Halterinnen und Halter m\u00fcssen nicht gleich vom Schlimmsten ausgehen, dennoch ist es eine Angelegenheit, der schnellstm\u00f6glich auf den Grund gegangen werden sollte. Eine tier\u00e4rztliche Diagnose und Therapie stellen sicher, dass das Pferd optimal versorgt wird und schnell Linderung erf\u00e4hrt.<\/p>\n<h2>FAQ: H\u00e4ufig gestellte Fragen zum Thema geschwollenes Auge beim Pferd<\/h2>\n<h3>Wie kann ich einem geschwollenen Auge bei meinem Pferd vorbeugen?<\/h3>\n<p>Vorbeugende Ma\u00dfnahmen umfassen regelm\u00e4\u00dfige Kontrollen von Stall und Weide auf potenzielle Gefahren, Schutz vor Insekten, angemessene Hygienepraktiken und regelm\u00e4\u00dfige tier\u00e4rztliche Kontrollen.<\/p>\n<h3>K\u00f6nnen Hausmittel bei einer Schwellung am Auge helfen?<\/h3>\n<p>Hausmittel wie k\u00fchle Kompressen k\u00f6nnen unterst\u00fctzend wirken, die Situation aber auch verschlimmern. Deswegen sollten sie vorsichtig eingesetzt und am besten in vorheriger Absprache mit einem Tierarzt oder einer Tier\u00e4rztin angewendet werden.<\/p>\n<h3>Sind geschwollene Augen bei Pferden ansteckend?<\/h3>\n<p>Das h\u00e4ngt von der Ursache ab. Infektionen und Erkrankungen wie Bindehautentz\u00fcndungen, die durch Bakterien, Viren oder Pilze verursacht werden, k\u00f6nnen potenziell ansteckend sein, w\u00e4hrend Verletzungen oder Allergien nicht ansteckend sind.<\/p>\n<h3>Was passiert, wenn ein geschwollenes Auge beim Pferd unbehandelt bleibt?<\/h3>\n<p>Bleibt ein geschwollenes Auge unbehandelt, kann das zu ernsthaften Komplikationen f\u00fchren, einschlie\u00dflich Sehverlust, chronischen Augenerkrankungen und in schweren F\u00e4llen sogar zum Verlust des Auges.<\/p>\n<h3>K\u00f6nnen Fliegenmasken helfen, geschwollene Augen beim Pferd zu verhindern?<\/h3>\n<p>Fliegenmasken k\u00f6nnen vor Insektenstichen und -bissen sch\u00fctzen und somit das Risiko von Schwellungen reduzieren, die durch Insekten verursacht werden.<\/p>\n","protected":false},"excerpt":{"rendered":"<p>Hat das Pferd ein geschwollenes Auge, bereitet das Halterinnen und Haltern erst einmal Sorgen. Tats\u00e4chlich ist es ein Zustand, der Aufmerksamkeit erfordert. Ein geschwollenes Auge kann f\u00fcr das Pferd schmerzhaft oder zumindest unangenehm sein und auf ernste Erkrankungen hindeuten. Zwar gibt es viele verschiedene Ursachen, die zu einer Schwellung des Pferdeauges f\u00fchren k\u00f6nnen, so dass [&hellip;]<\/p>\n","protected":false},"author":11,"featured_media":17093,"parent":11706,"menu_order":41,"comment_status":"closed","ping_status":"closed","template":"templates\/blog.php","meta":{"_acf_changed":false,"_crdt_document":"","footnotes":"","beyondwords_generate_audio":"0","beyondwords_project_id":"","beyondwords_content_id":"","beyondwords_preview_token":"","beyondwords_player_style":"","beyondwords_language_id":"","beyondwords_title_voice_id":"","beyondwords_body_voice_id":"","beyondwords_summary_voice_id":"","beyondwords_error_message":"","beyondwords_disabled":"","beyondwords_delete_content":"","beyondwords_podcast_id":"","beyondwords_hash":"","publish_post_to_speechkit":"","speechkit_hash":"","speechkit_generate_audio":"","speechkit_project_id":"","speechkit_podcast_id":"","speechkit_error_message":"","speechkit_disabled":"","speechkit_access_key":"","speechkit_error":"","speechkit_info":"","speechkit_response":"","speechkit_retries":"","speechkit_status":"","speechkit_updated_at":"","_speechkit_link":"","_speechkit_text":""},"class_list":["post-17091","page","type-page","status-publish","has-post-thumbnail","hentry"],"acf":[],"yoast_head":"<!-- This site is optimized with the Yoast SEO Premium plugin  - https:\/\/yoast.com\/product\/yoast-seo-premium-wordpress\/ -->\n<title>Geschwollenes Auge beim Pferd: M\u00f6gliche Ursachen und Erste-Hilfe-Ma\u00dfnahmen | Uelzener Magazin<\/title>\n<meta name=\"description\" content=\"Wir geben einen \u00dcberblick, welche Gr\u00fcnde ein geschwollenes Auge beim Pferd haben kann und welche Erste-Hilfe-Ma\u00dfnahmen es gibt!\" \/>\n<meta name=\"robots\" content=\"index, follow, max-snippet:-1, max-image-preview:large, max-video-preview:-1\" \/>\n<link rel=\"canonical\" href=\"https:\/\/uelzener.de\/magazin\/pferd\/tiergesundheit\/geschwollenes-auge-beim-pferd\/\" \/>\n<meta property=\"og:locale\" content=\"de_DE\" \/>\n<meta property=\"og:type\" content=\"article\" \/>\n<meta property=\"og:title\" content=\"Geschwollenes Auge beim Pferd: M\u00f6gliche Ursachen und Erste-Hilfe-Ma\u00dfnahmen\" \/>\n<meta property=\"og:description\" content=\"Wir geben einen \u00dcberblick, welche Gr\u00fcnde ein geschwollenes Auge beim Pferd haben kann und welche Erste-Hilfe-Ma\u00dfnahmen es gibt!\" \/>\n<meta property=\"og:url\" content=\"https:\/\/uelzener.de\/magazin\/pferd\/tiergesundheit\/geschwollenes-auge-beim-pferd\/\" \/>\n<meta property=\"og:site_name\" content=\"Uelzener Tier-Magazin\" \/>\n<meta property=\"article:publisher\" content=\"https:\/\/www.facebook.com\/Uelzener\" \/>\n<meta property=\"article:modified_time\" content=\"2025-08-25T11:30:14+00:00\" \/>\n<meta property=\"og:image\" content=\"https:\/\/uelzener.de\/magazin\/app\/uploads\/2024\/03\/geschwollenes-auge-pferd.jpg\" \/>\n\t<meta property=\"og:image:width\" content=\"1025\" \/>\n\t<meta property=\"og:image:height\" content=\"450\" \/>\n\t<meta property=\"og:image:type\" content=\"image\/jpeg\" \/>\n<meta name=\"twitter:card\" content=\"summary_large_image\" \/>\n<meta name=\"twitter:label1\" content=\"Gesch\u00e4tzte Lesezeit\" \/>\n\t<meta name=\"twitter:data1\" content=\"8\u00a0Minuten\" \/>\n<script type=\"application\/ld+json\" class=\"yoast-schema-graph\">{\"@context\":\"https:\/\/schema.org\",\"@graph\":[{\"@type\":\"WebPage\",\"@id\":\"https:\/\/uelzener.de\/magazin\/pferd\/tiergesundheit\/geschwollenes-auge-beim-pferd\/\",\"url\":\"https:\/\/uelzener.de\/magazin\/pferd\/tiergesundheit\/geschwollenes-auge-beim-pferd\/\",\"name\":\"Geschwollenes Auge beim Pferd: M\u00f6gliche Ursachen und Erste-Hilfe-Ma\u00dfnahmen | Uelzener Magazin\",\"isPartOf\":{\"@id\":\"https:\/\/uelzener.de\/magazin\/#website\"},\"primaryImageOfPage\":{\"@id\":\"https:\/\/uelzener.de\/magazin\/pferd\/tiergesundheit\/geschwollenes-auge-beim-pferd\/#primaryimage\"},\"image\":{\"@id\":\"https:\/\/uelzener.de\/magazin\/pferd\/tiergesundheit\/geschwollenes-auge-beim-pferd\/#primaryimage\"},\"thumbnailUrl\":\"https:\/\/uelzener.de\/magazin\/app\/uploads\/2024\/03\/geschwollenes-auge-pferd.jpg\",\"datePublished\":\"2024-03-05T13:38:19+00:00\",\"dateModified\":\"2025-08-25T11:30:14+00:00\",\"description\":\"Wir geben einen \u00dcberblick, welche Gr\u00fcnde ein geschwollenes Auge beim Pferd haben kann und welche Erste-Hilfe-Ma\u00dfnahmen es gibt!\",\"breadcrumb\":{\"@id\":\"https:\/\/uelzener.de\/magazin\/pferd\/tiergesundheit\/geschwollenes-auge-beim-pferd\/#breadcrumb\"},\"inLanguage\":\"de\",\"potentialAction\":[{\"@type\":\"ReadAction\",\"target\":[\"https:\/\/uelzener.de\/magazin\/pferd\/tiergesundheit\/geschwollenes-auge-beim-pferd\/\"]}]},{\"@type\":\"ImageObject\",\"inLanguage\":\"de\",\"@id\":\"https:\/\/uelzener.de\/magazin\/pferd\/tiergesundheit\/geschwollenes-auge-beim-pferd\/#primaryimage\",\"url\":\"https:\/\/uelzener.de\/magazin\/app\/uploads\/2024\/03\/geschwollenes-auge-pferd.jpg\",\"contentUrl\":\"https:\/\/uelzener.de\/magazin\/app\/uploads\/2024\/03\/geschwollenes-auge-pferd.jpg\",\"width\":1025,\"height\":450,\"caption\":\"Braunes Pferd mit geschwollenem Auge.\"},{\"@type\":\"WebSite\",\"@id\":\"https:\/\/uelzener.de\/magazin\/#website\",\"url\":\"https:\/\/uelzener.de\/magazin\/\",\"name\":\"Uelzener Tiermagazin\",\"description\":\"Online Tierratgeber der Uelzener Versicherungen\",\"publisher\":{\"@id\":\"https:\/\/uelzener.de\/magazin\/#organization\"},\"potentialAction\":[{\"@type\":\"SearchAction\",\"target\":{\"@type\":\"EntryPoint\",\"urlTemplate\":\"https:\/\/uelzener.de\/magazin\/?s={search_term_string}\"},\"query-input\":{\"@type\":\"PropertyValueSpecification\",\"valueRequired\":true,\"valueName\":\"search_term_string\"}}],\"inLanguage\":\"de\"},{\"@type\":\"Organization\",\"@id\":\"https:\/\/uelzener.de\/magazin\/#organization\",\"name\":\"Uelzener Versicherungen\",\"url\":\"https:\/\/uelzener.de\/magazin\/\",\"logo\":{\"@type\":\"ImageObject\",\"inLanguage\":\"de\",\"@id\":\"https:\/\/uelzener.de\/magazin\/#\/schema\/logo\/image\/\",\"url\":\"https:\/\/uelzener.de\/magazin\/app\/uploads\/2024\/11\/uelzener_allgemeine_versicherungsgesellschaft_a_g_logo.jpg\",\"contentUrl\":\"https:\/\/uelzener.de\/magazin\/app\/uploads\/2024\/11\/uelzener_allgemeine_versicherungsgesellschaft_a_g_logo.jpg\",\"width\":200,\"height\":200,\"caption\":\"Uelzener Versicherungen\"},\"image\":{\"@id\":\"https:\/\/uelzener.de\/magazin\/#\/schema\/logo\/image\/\"},\"sameAs\":[\"https:\/\/www.facebook.com\/Uelzener\",\"https:\/\/instagram.com\/uelzener\",\"https:\/\/www.xing.com\/pages\/uelzenerallgemeineversicherungs-gesellschafta-g\",\"https:\/\/www.youtube.com\/UelzenerVersicherungen\"]}]}<\/script>\n<!-- \/ Yoast SEO Premium plugin. -->","yoast_head_json":{"title":"Geschwollenes Auge beim Pferd: M\u00f6gliche Ursachen und Erste-Hilfe-Ma\u00dfnahmen | Uelzener Magazin","description":"Wir geben einen \u00dcberblick, welche Gr\u00fcnde ein geschwollenes Auge beim Pferd haben kann und welche Erste-Hilfe-Ma\u00dfnahmen es gibt!","robots":{"index":"index","follow":"follow","max-snippet":"max-snippet:-1","max-image-preview":"max-image-preview:large","max-video-preview":"max-video-preview:-1"},"canonical":"https:\/\/uelzener.de\/magazin\/pferd\/tiergesundheit\/geschwollenes-auge-beim-pferd\/","og_locale":"de_DE","og_type":"article","og_title":"Geschwollenes Auge beim Pferd: M\u00f6gliche Ursachen und Erste-Hilfe-Ma\u00dfnahmen","og_description":"Wir geben einen \u00dcberblick, welche Gr\u00fcnde ein geschwollenes Auge beim Pferd haben kann und welche Erste-Hilfe-Ma\u00dfnahmen es gibt!","og_url":"https:\/\/uelzener.de\/magazin\/pferd\/tiergesundheit\/geschwollenes-auge-beim-pferd\/","og_site_name":"Uelzener Tier-Magazin","article_publisher":"https:\/\/www.facebook.com\/Uelzener","article_modified_time":"2025-08-25T11:30:14+00:00","og_image":[{"width":1025,"height":450,"url":"https:\/\/uelzener.de\/magazin\/app\/uploads\/2024\/03\/geschwollenes-auge-pferd.jpg","type":"image\/jpeg"}],"twitter_card":"summary_large_image","twitter_misc":{"Gesch\u00e4tzte Lesezeit":"8\u00a0Minuten"},"schema":{"@context":"https:\/\/schema.org","@graph":[{"@type":"WebPage","@id":"https:\/\/uelzener.de\/magazin\/pferd\/tiergesundheit\/geschwollenes-auge-beim-pferd\/","url":"https:\/\/uelzener.de\/magazin\/pferd\/tiergesundheit\/geschwollenes-auge-beim-pferd\/","name":"Geschwollenes Auge beim Pferd: M\u00f6gliche Ursachen und Erste-Hilfe-Ma\u00dfnahmen | Uelzener Magazin","isPartOf":{"@id":"https:\/\/uelzener.de\/magazin\/#website"},"primaryImageOfPage":{"@id":"https:\/\/uelzener.de\/magazin\/pferd\/tiergesundheit\/geschwollenes-auge-beim-pferd\/#primaryimage"},"image":{"@id":"https:\/\/uelzener.de\/magazin\/pferd\/tiergesundheit\/geschwollenes-auge-beim-pferd\/#primaryimage"},"thumbnailUrl":"https:\/\/uelzener.de\/magazin\/app\/uploads\/2024\/03\/geschwollenes-auge-pferd.jpg","datePublished":"2024-03-05T13:38:19+00:00","dateModified":"2025-08-25T11:30:14+00:00","description":"Wir geben einen \u00dcberblick, welche Gr\u00fcnde ein geschwollenes Auge beim Pferd haben kann und welche Erste-Hilfe-Ma\u00dfnahmen es gibt!","breadcrumb":{"@id":"https:\/\/uelzener.de\/magazin\/pferd\/tiergesundheit\/geschwollenes-auge-beim-pferd\/#breadcrumb"},"inLanguage":"de","potentialAction":[{"@type":"ReadAction","target":["https:\/\/uelzener.de\/magazin\/pferd\/tiergesundheit\/geschwollenes-auge-beim-pferd\/"]}]},{"@type":"ImageObject","inLanguage":"de","@id":"https:\/\/uelzener.de\/magazin\/pferd\/tiergesundheit\/geschwollenes-auge-beim-pferd\/#primaryimage","url":"https:\/\/uelzener.de\/magazin\/app\/uploads\/2024\/03\/geschwollenes-auge-pferd.jpg","contentUrl":"https:\/\/uelzener.de\/magazin\/app\/uploads\/2024\/03\/geschwollenes-auge-pferd.jpg","width":1025,"height":450,"caption":"Braunes Pferd mit geschwollenem Auge."},{"@type":"WebSite","@id":"https:\/\/uelzener.de\/magazin\/#website","url":"https:\/\/uelzener.de\/magazin\/","name":"Uelzener Tiermagazin","description":"Online Tierratgeber der Uelzener Versicherungen","publisher":{"@id":"https:\/\/uelzener.de\/magazin\/#organization"},"potentialAction":[{"@type":"SearchAction","target":{"@type":"EntryPoint","urlTemplate":"https:\/\/uelzener.de\/magazin\/?s={search_term_string}"},"query-input":{"@type":"PropertyValueSpecification","valueRequired":true,"valueName":"search_term_string"}}],"inLanguage":"de"},{"@type":"Organization","@id":"https:\/\/uelzener.de\/magazin\/#organization","name":"Uelzener Versicherungen","url":"https:\/\/uelzener.de\/magazin\/","logo":{"@type":"ImageObject","inLanguage":"de","@id":"https:\/\/uelzener.de\/magazin\/#\/schema\/logo\/image\/","url":"https:\/\/uelzener.de\/magazin\/app\/uploads\/2024\/11\/uelzener_allgemeine_versicherungsgesellschaft_a_g_logo.jpg","contentUrl":"https:\/\/uelzener.de\/magazin\/app\/uploads\/2024\/11\/uelzener_allgemeine_versicherungsgesellschaft_a_g_logo.jpg","width":200,"height":200,"caption":"Uelzener Versicherungen"},"image":{"@id":"https:\/\/uelzener.de\/magazin\/#\/schema\/logo\/image\/"},"sameAs":["https:\/\/www.facebook.com\/Uelzener","https:\/\/instagram.com\/uelzener","https:\/\/www.xing.com\/pages\/uelzenerallgemeineversicherungs-gesellschafta-g","https:\/\/www.youtube.com\/UelzenerVersicherungen"]}]}},"_links":{"self":[{"href":"https:\/\/uelzener.de\/magazin\/wp-json\/wp\/v2\/pages\/17091","targetHints":{"allow":["GET"]}}],"collection":[{"href":"https:\/\/uelzener.de\/magazin\/wp-json\/wp\/v2\/pages"}],"about":[{"href":"https:\/\/uelzener.de\/magazin\/wp-json\/wp\/v2\/types\/page"}],"author":[{"embeddable":true,"href":"https:\/\/uelzener.de\/magazin\/wp-json\/wp\/v2\/users\/11"}],"replies":[{"embeddable":true,"href":"https:\/\/uelzener.de\/magazin\/wp-json\/wp\/v2\/comments?post=17091"}],"version-history":[{"count":5,"href":"https:\/\/uelzener.de\/magazin\/wp-json\/wp\/v2\/pages\/17091\/revisions"}],"predecessor-version":[{"id":18963,"href":"https:\/\/uelzener.de\/magazin\/wp-json\/wp\/v2\/pages\/17091\/revisions\/18963"}],"up":[{"embeddable":true,"href":"https:\/\/uelzener.de\/magazin\/wp-json\/wp\/v2\/pages\/11706"}],"wp:featuredmedia":[{"embeddable":true,"href":"https:\/\/uelzener.de\/magazin\/wp-json\/wp\/v2\/media\/17093"}],"wp:attachment":[{"href":"https:\/\/uelzener.de\/magazin\/wp-json\/wp\/v2\/media?parent=17091"}],"curies":[{"name":"wp","href":"https:\/\/api.w.org\/{rel}","templated":true}]}}