{"id":17059,"date":"2024-03-01T10:08:22","date_gmt":"2024-03-01T09:08:22","guid":{"rendered":"https:\/\/uelzener.de\/magazin\/?page_id=17059"},"modified":"2024-03-14T13:18:25","modified_gmt":"2024-03-14T12:18:25","slug":"verschmuste-hunderassen-top-10","status":"publish","type":"page","link":"https:\/\/uelzener.de\/magazin\/hund\/rasseportrait\/verschmuste-hunderassen-top-10\/","title":{"rendered":"Verschmuste Hunderassen: Die perfekten Begleiter f\u00fcr Kuschelfans"},"content":{"rendered":"<p>Hunde schenken ihren Menschen bedingungslose Loyalit\u00e4t und Treue und gehen gemeinsam mit ihnen durch dick und d\u00fcnn. Sie lieben es, Zeit mit ihren Halterinnen und Haltern zu verbringen und sind gern in ihrer N\u00e4he. Besonders innig sind die Momente, in denen Hund und Mensch gemeinsam kuscheln. K\u00f6rperkontakt ist ein Ausdruck von Zuneigung und kann die Bindung st\u00e4rken.<\/p>\n<p>Ob ein Hund gern schmust, ist allerdings eine Charakterfrage \u2013 und h\u00e4ngt zu einem gewissen Grad von der Rasse ab. Manche Hunderassen halten lieber etwas Abstand, w\u00e4hrend andere von Streicheleinheiten gar nicht genug bekommen k\u00f6nnen. Wir verraten, welche Hunde echte Kuschelprofis sind.<\/p>\n<h2>Top 10 der verschmusten Hunderassen: Vom kleinen Scho\u00dfhund zum sanften Riesen<\/h2>\n<p>Hunde lassen uns viele liebevolle Gesten zuteilwerden. M\u00f6chten sie schmusen, sind die Zeichen meist untr\u00fcglich: Sie stupsen uns mit ihrer feuchten Nase an, legen ihren Kopf in unseren Scho\u00df, platzieren ihre Pfote auf unserem Bein und so fort. Zwar ist nicht jeder Hund ein Kuschelhund, es gibt jedoch Rassen, die als besonders verschmust gelten und kaum eine Gelegenheit auslassen, ihrem Menschen ihre Zuneigung zu zeigen.<\/p>\n<ul>\n<li>Chihuahua: Chihuahuas sind sehr anh\u00e4ngliche Hunde, die sich stark an ihre Menschen binden und bekannt sind f\u00fcr ihre Verschmustheit. Sie spielen gern, sind temperamentvoll und intelligent, neigen aber auch dazu, ein gro\u00dfes Ego zu entwickeln und sich zu \u00fcbersch\u00e4tzen. Anf\u00e4ngerhunde sind Chihuahuas daher nicht. Sie ben\u00f6tigen eine konsequente, liebevolle Erziehung, um ihr Selbstbewusstsein in die richtigen Bahnen zu lenken.<\/li>\n<li>Bichon Fris\u00e9: Der Bichon Fris\u00e9 ist ein sehr verschmuster Hund mit einem freundlichen und offenen Wesen. Das kleine wei\u00dfe Fellkn\u00e4uel bringt viel Temperament mit und m\u00f6chte geistig wie k\u00f6rperlich besch\u00e4ftigt werden. Gl\u00fccklicherweise muss der Bichon jedoch nicht mit dem Kopf durch die Wand, sodass er sich leicht f\u00fchren l\u00e4sst und auch f\u00fcr Menschen geeignet ist, die noch nicht so viel Erfahrung in Sachen Hundeerziehung haben.<\/li>\n<li>Italienisches Windspiel: Mit seinem feingliedrigen, schlanken K\u00f6rper macht das Italienische Windspiel seinem Namen alle Ehre. Geht es ums Kuscheln, wei\u00df der kleine Windhund sein Fliegengewicht von etwa 5 Kilogramm aber gut einzusetzen. Die Rasse gilt als besonders verschmust, verspielt und lernwillig. Das Italienische Windspiel ist bei konsequenter Erziehung auch f\u00fcr Anf\u00e4nger und Anf\u00e4ngerinnen gut h\u00e4ndelbar. Aufgrund seines fragilen K\u00f6rperbaus kann es sich jedoch schnell verletzen, sodass man im Alltag mit Kindern und bei Kontakt mit gr\u00f6\u00dferen Hunden Vorsicht walten lassen muss.<\/li>\n<li>Boxer: Boxer haben ein neugieriges und freundliches Wesen und gelten als \u00e4u\u00dferst verschmuste Hunderasse, die immer f\u00fcr eine Kuscheleinheit zu haben ist. Sie haben einen ausgepr\u00e4gten Spieltrieb, sind selbstbewusst und nervenstark und verstehen sich sehr gut mit Kindern. Eine konsequente Erziehung ist wichtig, um dem kr\u00e4ftigen Hund Grenzen zu setzen und Regeln zu vermitteln.<\/li>\n<li>American Pitbull Terrier: Auch wenn man ihnen oft anderes nachsagt, sind American Pitbull Terrier liebevolle, anh\u00e4ngliche, gutm\u00fctige und verschmuste Hunde. Sie sind aufmerksam, selbstbewusst, treu und mutig und k\u00f6nnen hervorragende Familienhunde abgeben, wenn sie aus seri\u00f6ser Zucht stammen, artgerecht gehalten und liebevoll erzogen werden. Einige Bundesl\u00e4nder f\u00fchren den American Pitbull Terrier als Listenhund und verlangen f\u00fcr die Haltung eine entsprechende Eignung. Es kann auch sein, dass hier besondere Anforderungen in Hinblick auf die Hundehaftpflichtversicherung gelten.<\/li>\n<\/ul>\n\n<div class=\"banner\">\n    <a href=\"https:\/\/uelzener.de\/hund\/hunde-haftpflichtversicherung\/?agt=0000104925&sem=true&utm_medium=magazin&utm_source=wordpress&utm_campaign=hund_haf&utm_content=banner\">\n        <img decoding=\"async\" width=\"300\" height=\"212\" src=\"https:\/\/uelzener.de\/magazin\/app\/uploads\/2025\/01\/Hundehalter-Haftpflicht-Versicherung.jpg\" class=\"attachment-medium size-medium\" alt=\"Banner Hundehalter-Haftpflicht-Versicherung\" \/>    <\/a>\n<\/div>\n\n<ul>\n<li><a href=\"https:\/\/uelzener.de\/magazin\/hund\/rasseportrait\/labrador\/\" target=\"_blank\" rel=\"noopener\">Labrador Retriever<\/a>: Der Labrador Retriever ist ein Gute-Laune-B\u00fcndel, das sich f\u00fcr fast alles und jeden begeistern kann. Er verspr\u00fcht pure Energie und Lebensfreude und liebt es, mit seinem Menschen aktiv zu sein. Schmuseeinheiten d\u00fcrfen dabei keinesfalls fehlen. Labradore sind nicht nur eine verkuschelte, sondern auch eine sehr gelehrige Hunderasse mit einem ausgepr\u00e4gten Willen zu gefallen. Das macht die Erziehung etwas einfacher, wobei auch hier Konsequenz und Beharrlichkeit gefordert sind.<\/li>\n<li>Golden Retriever: Der Golden Retriever hat ein sonniges Gem\u00fct, ist unternehmungsfreudig und kann eine richtige Schmusebacke sein. Er gilt als sehr menschenbezogen, anh\u00e4nglich, geduldig und vertr\u00e4glich und zeigt selbst vor Fremden keine Scheu. Aufgrund seines freundlichen und sozialen Charakters ist er sehr gut als Familien- und Anf\u00e4ngerhund geeignet.<\/li>\n<li><a href=\"https:\/\/uelzener.de\/magazin\/hund\/rasseportrait\/sennenhunde\/\" target=\"_blank\" rel=\"noopener\">Berner Sennenhund<\/a>: Der Berner Sennenhund ist ein durch und durch gutm\u00fctiger Hund, der seinem Menschen sehr zugewandt ist und ihm loyal zur Seite steht. Er kommt wunderbar mit Kindern aus und reagiert auf Umweltreize vollkommen gelassen. Es scheint, als ob ihn nichts aus der Ruhe bringen kann. Der verschmuste Hund genie\u00dft liebevolle Zuwendungen und Streicheleinheiten und ist ein tolles Familienmitglied.<\/li>\n<li>Neufundl\u00e4nder: Der Neufundl\u00e4nder sieht nicht nur aus wie ein gro\u00dfer Schmuseb\u00e4r, er ist auch einer. Der sanfte Riese l\u00e4sst es eher gem\u00fctlich angehen, kann aber blitzschnell reagieren, wenn es darauf ankommt. Genau wie Berner Sennenhunde sind Neufundl\u00e4nder unerschrocken und tapfer, weswegen sie auch als Rettungshunde eingesetzt werden. Sie sind ihrem Menschen sehr verbunden und haben einen ausgepr\u00e4gten Spieltrieb, der sie manchmal ungest\u00fcm werden l\u00e4sst. Mit der richtigen Erziehung l\u00e4sst sich das jedoch in den Griff kriegen.<\/li>\n<li><a href=\"https:\/\/uelzener.de\/magazin\/hund\/rasseportrait\/deutsche-dogge\/\" target=\"_blank\" rel=\"noopener\">Deutsche Dogge<\/a>: So imposant wie ihre Erscheinung, so gro\u00df ist das Kuschelbed\u00fcrfnis der Deutschen Dogge. Die verschmuste Hunderasse sucht die N\u00e4he zum Menschen, genie\u00dft ausgiebige Streicheleinheiten und versucht ungeachtet ihrer Dimensionen auch gern mal, auf den Scho\u00df zu klettern. Deutsche Doggen m\u00f6gen einsch\u00fcchternd wirken, haben aber ein sanftes und zugewandtes Wesen. Sie sind leichtf\u00fchrig, m\u00fcssen jedoch konsequent erzogen werden, da sie gelegentlich ihren eigenen Kopf haben.<\/li>\n<\/ul>\n<p>Unsere Top 10 sind nur eine Auswahl an Hunderassen, die als verschmust gelten. Es gibt noch viele weitere Rassen, die gern ausgedehnt kuscheln und die N\u00e4he zum Menschen suchen. Au\u00dferdem schlie\u00dft das eine das andere nicht aus: Es kann sein, dass ein Hund, der zu einer weniger verschmusten Rasse z\u00e4hlt, ein richtiger Schmusek\u00f6nig ist. Das Kuschelbed\u00fcrfnis bei Hunden und Tieren im Allgemeinen ist etwas sehr Individuelles und l\u00e4sst sich nicht pauschalisieren. Auch bei verschmusten Hunderassen kann es Vertreter geben, die K\u00f6rperkontakt nicht so m\u00f6gen, sich ihrem Menschen aber auch ohne intensives Kuscheln verbunden f\u00fchlen.<\/p>\n<p>Wichtig ist, fehlende Kuschelbereitschaft nicht mit fehlender Zuneigung zu gleichzusetzen und auf Details zu achten, welcher Hund zu einem passt.<\/p>\n<p><b>\n<div class=\"related_articles boxed\">\n    <h2>Mehr zum Thema<\/h2>\n    \n    <div class=\"wrapper\"><div class=\"title align-center\"><h3><a href=\"https:\/\/uelzener.de\/magazin\/hund\/rasseportrait\/gesunde-hunderassen-im-ueberblick\/\">Fit und vital bis ins Alter: Gesunde Hunderassen im \u00dcberblick<\/a><\/h3><\/div><div class=\"img align-center\"><img decoding=\"async\" width=\"315\" height=\"180\" src=\"https:\/\/uelzener.de\/magazin\/app\/uploads\/2024\/02\/cavapoo-315x180.jpg\" class=\"attachment-315x180 size-315x180 wp-post-image\" alt=\"Rennender Cavapoo. Er geh\u00f6rt zu den gesunden Hunderassen.\" \/><\/div><\/div><div class=\"wrapper\"><div class=\"title align-center\"><h3><a href=\"https:\/\/uelzener.de\/magazin\/hund\/haeufige-fragen\/wie-zeige-ich-hund-meine-liebe\/\">Wie zeige ich dem Hund meine Liebe?<\/a><\/h3><\/div><div class=\"img align-center\"><img decoding=\"async\" width=\"315\" height=\"180\" src=\"https:\/\/uelzener.de\/magazin\/app\/uploads\/2024\/02\/hund-liebe-zeigen-315x180.jpg\" class=\"attachment-315x180 size-315x180 wp-post-image\" alt=\"Mann im gelben Pulli umarmt Golden Retriever\" \/><\/div><\/div><div class=\"wrapper\"><div class=\"title align-center\"><h3><a href=\"https:\/\/uelzener.de\/magazin\/hund\/rasseportrait\/hunderassen-uebersicht-welcher-hund-passt-zu-mir\/\">F\u00fcr jeden Topf ein Deckel: Welche Hunderasse passt zu mir? Hunderassen in der \u00dcbersicht<\/a><\/h3><\/div><div class=\"img align-center\"><img decoding=\"async\" width=\"315\" height=\"180\" src=\"https:\/\/uelzener.de\/magazin\/app\/uploads\/2022\/08\/Drei-verschiedene-Hunderassen-sitzen-auf-Rasen-315x180.jpg\" class=\"attachment-315x180 size-315x180 wp-post-image\" alt=\"Drei Hunderassen sitzen nebeneinander auf einer Wiese.\" \/><\/div><\/div><\/div>\n<\/b><\/p>\n<h2>Fazit<\/h2>\n<p>Verschmuste Hunderassen haben das Bed\u00fcrfnis, dem Menschen nah zu sein. Sie lieben es, gestreichelt zu werden, und lassen ihrem Halter oder ihrer Halterin ebenso Gesten der Zuneigung zukommen. Zwar gibt es keine Garantie daf\u00fcr, dass s\u00e4mtliche Vertreter verschmuster Hunderassen ausnahmslos Kuschelk\u00f6nige sind. Wer sich jedoch einen Alltag w\u00fcnscht, in dem das Kuscheln mit dem Hund eine gro\u00dfe Rolle spielt, tut sicherlich gut daran, sich beim Besuch im <a href=\"https:\/\/uelzener.de\/magazin\/wir\/tierheim-aktion-der-uelzener-zum-150-jubilaeum\/\" target=\"_blank\" rel=\"noopener\">Tierheim<\/a> oder beim Z\u00fcchter daran zu orientieren, welche Hunderassen als besonders verschmust gelten. Letztlich d\u00fcrfen wir nicht vergessen: Eine innige Bindung zwischen Mensch und Hund ist immer das Ergebnis aus Respekt, Vertrauen und einem liebevollen Miteinander.<\/p>\n<h2>FAQ: H\u00e4ufig gestellte Fragen zum Thema verschmuste Hunderassen<\/h2>\n<h3>Wie kuschle ich mit meinem Hund?<\/h3>\n<p>Kuscheleinheiten mit dem Hund ergeben sich oft spontan und intuitiv, beispielsweise beim Fernsehen auf der Couch oder w\u00e4hrend man ein gutes Buch liest. R\u00fcckt der Hund etwas n\u00e4her heran, ist das ein Indiz daf\u00fcr, dass er Kontakt sucht. Man kann dann eine Hand auf ihn ablegen oder ihn sanft an seinen Lieblingsstellen streicheln und kraulen. Wichtig zu wissen ist, dass Hunde nicht immer aktive Zuwendung suchen. Eine sehr gro\u00dfe Bedeutung hat das Kontaktliegen. Dabei ruhen Hunde Seite an Seite mit ihren Artgenossen oder dicht neben ihrem Menschen. Mehr passiert nicht. Das Kontaktliegen vermittelt Sicherheit, Geborgenheit und Zugeh\u00f6rigkeit und nimmt bei Hunden einen hohen Stellenwert ein.<\/p>\n<p>Man kann nach einer aktiven Kuscheleinheit auch zum Kontaktliegen \u00fcbergehen. Wenn es dem Hund zu viel wird, stellt man das Streicheln ein und bleibt einfach weiter neben ihm liegen. Dann stellt sich schnell wieder Entspannung ein.<\/p>\n<h3>Was bewirkt das Kuscheln mit dem Hund?<\/h3>\n<p>Kuscheleinheiten und Gesten der Zuneigung k\u00f6nnen dabei helfen, die Bindung zwischen Mensch und Hund zu st\u00e4rken und Stress abzubauen. Beim Schmusen wird n\u00e4mlich das Hormon Oxytocin ausgesch\u00fcttet, das auch in der Mutter-Kind-Bindung eine gro\u00dfe Rolle spielt. Oxytocin kann dazu beitragen, Folgen von Stress zu reduzieren und das Wohlbefinden zu verbessern.<\/p>\n<h3>Wie wird ein Hund verschmust?<\/h3>\n<p>K\u00f6rperkontakt ist ein Grundbed\u00fcrfnis von Hunden, \u00e4u\u00dfert sich jedoch nicht immer in ausgiebigen Kuscheleinheiten. Im Rudel beispielsweise z\u00e4hlen neben dem Kontaktliegen auch die soziale Fellpflege und das gegenseitige Streifen mit der Schnauze dazu. Erscheint ein Hund ganz und gar nicht verschmust, ist zu hinterfragen, woran das liegen k\u00f6nnte. Ist es einfach ein Wesenszug oder hat er schlechte Erfahrungen in der Vergangenheit gemacht?<\/p>\n<p>Ein weiterer Grund kann sein, dass das Streicheln als aufdringlich oder unangenehm empfunden wird. In dem Fall ist Beobachtungsverm\u00f6gen gefordert, um herauszufinden, an welchen Stellen der Hund gern gekrault wird und an welchen nicht.<\/p>\n<p>Generell gilt: Die Grenzen des Hundes m\u00fcssen akzeptiert werden. Zieht er sich zur\u00fcck oder zeigt er Anzeichen von Unbehagen, sollte man ihn nicht weiter bedr\u00e4ngen. Auch verschmuste Hunderassen sind nicht permanent in Kuschellaune. Das ist zu respektieren.<\/p>\n","protected":false},"excerpt":{"rendered":"<p>Hunde schenken ihren Menschen bedingungslose Loyalit\u00e4t und Treue und gehen gemeinsam mit ihnen durch dick und d\u00fcnn. Sie lieben es, Zeit mit ihren Halterinnen und Haltern zu verbringen und sind gern in ihrer N\u00e4he. Besonders innig sind die Momente, in denen Hund und Mensch gemeinsam kuscheln. K\u00f6rperkontakt ist ein Ausdruck von Zuneigung und kann die [&hellip;]<\/p>\n","protected":false},"author":11,"featured_media":17061,"parent":2475,"menu_order":6,"comment_status":"closed","ping_status":"closed","template":"templates\/blog.php","meta":{"_acf_changed":false,"_crdt_document":"","footnotes":"","beyondwords_generate_audio":"0","beyondwords_project_id":"","beyondwords_content_id":"","beyondwords_preview_token":"","beyondwords_player_style":"","beyondwords_language_id":"","beyondwords_title_voice_id":"","beyondwords_body_voice_id":"","beyondwords_summary_voice_id":"","beyondwords_error_message":"","beyondwords_disabled":"","beyondwords_delete_content":"","beyondwords_podcast_id":"","beyondwords_hash":"","publish_post_to_speechkit":"","speechkit_hash":"","speechkit_generate_audio":"","speechkit_project_id":"","speechkit_podcast_id":"","speechkit_error_message":"","speechkit_disabled":"","speechkit_access_key":"","speechkit_error":"","speechkit_info":"","speechkit_response":"","speechkit_retries":"","speechkit_status":"","speechkit_updated_at":"","_speechkit_link":"","_speechkit_text":""},"class_list":["post-17059","page","type-page","status-publish","has-post-thumbnail","hentry"],"acf":[],"yoast_head":"<!-- This site is optimized with the Yoast SEO Premium plugin  - https:\/\/yoast.com\/product\/yoast-seo-premium-wordpress\/ -->\n<title>Top 10 der verschmusten Hunderassen | Uelzener Magazin<\/title>\n<meta name=\"description\" content=\"Vom kleinen Scho\u00dfhund zum sanften Riesen \u2714 Wir verraten, welche Hunde echte Kuschelprofis sind!\" \/>\n<meta name=\"robots\" content=\"index, follow, max-snippet:-1, max-image-preview:large, max-video-preview:-1\" \/>\n<link rel=\"canonical\" href=\"https:\/\/uelzener.de\/magazin\/hund\/rasseportrait\/verschmuste-hunderassen-top-10\/\" \/>\n<meta property=\"og:locale\" content=\"de_DE\" \/>\n<meta property=\"og:type\" content=\"article\" \/>\n<meta property=\"og:title\" content=\"Verschmuste Hunderassen: Die perfekten Begleiter f\u00fcr Kuschelfans\" \/>\n<meta property=\"og:description\" content=\"Vom kleinen Scho\u00dfhund zum sanften Riesen \u2714 Wir verraten, welche Hunde echte Kuschelprofis sind!\" \/>\n<meta property=\"og:url\" content=\"https:\/\/uelzener.de\/magazin\/hund\/rasseportrait\/verschmuste-hunderassen-top-10\/\" \/>\n<meta property=\"og:site_name\" content=\"Uelzener Tier-Magazin\" \/>\n<meta property=\"article:publisher\" content=\"https:\/\/www.facebook.com\/Uelzener\" \/>\n<meta property=\"article:modified_time\" content=\"2024-03-14T12:18:25+00:00\" \/>\n<meta property=\"og:image\" content=\"https:\/\/uelzener.de\/magazin\/app\/uploads\/2024\/02\/verschmuste-hunderasse.jpg\" \/>\n\t<meta property=\"og:image:width\" content=\"1025\" \/>\n\t<meta property=\"og:image:height\" content=\"450\" \/>\n\t<meta property=\"og:image:type\" content=\"image\/jpeg\" \/>\n<meta name=\"twitter:card\" content=\"summary_large_image\" \/>\n<meta name=\"twitter:label1\" content=\"Gesch\u00e4tzte Lesezeit\" \/>\n\t<meta name=\"twitter:data1\" content=\"7\u00a0Minuten\" \/>\n<script type=\"application\/ld+json\" class=\"yoast-schema-graph\">{\"@context\":\"https:\\\/\\\/schema.org\",\"@graph\":[{\"@type\":\"WebPage\",\"@id\":\"https:\\\/\\\/uelzener.de\\\/magazin\\\/hund\\\/rasseportrait\\\/verschmuste-hunderassen-top-10\\\/\",\"url\":\"https:\\\/\\\/uelzener.de\\\/magazin\\\/hund\\\/rasseportrait\\\/verschmuste-hunderassen-top-10\\\/\",\"name\":\"Top 10 der verschmusten Hunderassen | Uelzener Magazin\",\"isPartOf\":{\"@id\":\"https:\\\/\\\/uelzener.de\\\/magazin\\\/#website\"},\"primaryImageOfPage\":{\"@id\":\"https:\\\/\\\/uelzener.de\\\/magazin\\\/hund\\\/rasseportrait\\\/verschmuste-hunderassen-top-10\\\/#primaryimage\"},\"image\":{\"@id\":\"https:\\\/\\\/uelzener.de\\\/magazin\\\/hund\\\/rasseportrait\\\/verschmuste-hunderassen-top-10\\\/#primaryimage\"},\"thumbnailUrl\":\"https:\\\/\\\/uelzener.de\\\/magazin\\\/app\\\/uploads\\\/2024\\\/02\\\/verschmuste-hunderasse.jpg\",\"datePublished\":\"2024-03-01T09:08:22+00:00\",\"dateModified\":\"2024-03-14T12:18:25+00:00\",\"description\":\"Vom kleinen Scho\u00dfhund zum sanften Riesen \u2714 Wir verraten, welche Hunde echte Kuschelprofis sind!\",\"breadcrumb\":{\"@id\":\"https:\\\/\\\/uelzener.de\\\/magazin\\\/hund\\\/rasseportrait\\\/verschmuste-hunderassen-top-10\\\/#breadcrumb\"},\"inLanguage\":\"de\",\"potentialAction\":[{\"@type\":\"ReadAction\",\"target\":[\"https:\\\/\\\/uelzener.de\\\/magazin\\\/hund\\\/rasseportrait\\\/verschmuste-hunderassen-top-10\\\/\"]}]},{\"@type\":\"ImageObject\",\"inLanguage\":\"de\",\"@id\":\"https:\\\/\\\/uelzener.de\\\/magazin\\\/hund\\\/rasseportrait\\\/verschmuste-hunderassen-top-10\\\/#primaryimage\",\"url\":\"https:\\\/\\\/uelzener.de\\\/magazin\\\/app\\\/uploads\\\/2024\\\/02\\\/verschmuste-hunderasse.jpg\",\"contentUrl\":\"https:\\\/\\\/uelzener.de\\\/magazin\\\/app\\\/uploads\\\/2024\\\/02\\\/verschmuste-hunderasse.jpg\",\"width\":1025,\"height\":450,\"caption\":\"Hund schmust mit Mann im mittleren Alter.\"},{\"@type\":\"WebSite\",\"@id\":\"https:\\\/\\\/uelzener.de\\\/magazin\\\/#website\",\"url\":\"https:\\\/\\\/uelzener.de\\\/magazin\\\/\",\"name\":\"Uelzener Tiermagazin\",\"description\":\"Online Tierratgeber der Uelzener Versicherungen\",\"publisher\":{\"@id\":\"https:\\\/\\\/uelzener.de\\\/magazin\\\/#organization\"},\"potentialAction\":[{\"@type\":\"SearchAction\",\"target\":{\"@type\":\"EntryPoint\",\"urlTemplate\":\"https:\\\/\\\/uelzener.de\\\/magazin\\\/?s={search_term_string}\"},\"query-input\":{\"@type\":\"PropertyValueSpecification\",\"valueRequired\":true,\"valueName\":\"search_term_string\"}}],\"inLanguage\":\"de\"},{\"@type\":\"Organization\",\"@id\":\"https:\\\/\\\/uelzener.de\\\/magazin\\\/#organization\",\"name\":\"Uelzener Versicherungen\",\"url\":\"https:\\\/\\\/uelzener.de\\\/magazin\\\/\",\"logo\":{\"@type\":\"ImageObject\",\"inLanguage\":\"de\",\"@id\":\"https:\\\/\\\/uelzener.de\\\/magazin\\\/#\\\/schema\\\/logo\\\/image\\\/\",\"url\":\"https:\\\/\\\/uelzener.de\\\/magazin\\\/app\\\/uploads\\\/2024\\\/11\\\/uelzener_allgemeine_versicherungsgesellschaft_a_g_logo.jpg\",\"contentUrl\":\"https:\\\/\\\/uelzener.de\\\/magazin\\\/app\\\/uploads\\\/2024\\\/11\\\/uelzener_allgemeine_versicherungsgesellschaft_a_g_logo.jpg\",\"width\":200,\"height\":200,\"caption\":\"Uelzener Versicherungen\"},\"image\":{\"@id\":\"https:\\\/\\\/uelzener.de\\\/magazin\\\/#\\\/schema\\\/logo\\\/image\\\/\"},\"sameAs\":[\"https:\\\/\\\/www.facebook.com\\\/Uelzener\",\"https:\\\/\\\/instagram.com\\\/uelzener\",\"https:\\\/\\\/www.xing.com\\\/pages\\\/uelzenerallgemeineversicherungs-gesellschafta-g\",\"https:\\\/\\\/www.youtube.com\\\/UelzenerVersicherungen\"]}]}<\/script>\n<!-- \/ Yoast SEO Premium plugin. -->","yoast_head_json":{"title":"Top 10 der verschmusten Hunderassen | Uelzener Magazin","description":"Vom kleinen Scho\u00dfhund zum sanften Riesen \u2714 Wir verraten, welche Hunde echte Kuschelprofis sind!","robots":{"index":"index","follow":"follow","max-snippet":"max-snippet:-1","max-image-preview":"max-image-preview:large","max-video-preview":"max-video-preview:-1"},"canonical":"https:\/\/uelzener.de\/magazin\/hund\/rasseportrait\/verschmuste-hunderassen-top-10\/","og_locale":"de_DE","og_type":"article","og_title":"Verschmuste Hunderassen: Die perfekten Begleiter f\u00fcr Kuschelfans","og_description":"Vom kleinen Scho\u00dfhund zum sanften Riesen \u2714 Wir verraten, welche Hunde echte Kuschelprofis sind!","og_url":"https:\/\/uelzener.de\/magazin\/hund\/rasseportrait\/verschmuste-hunderassen-top-10\/","og_site_name":"Uelzener Tier-Magazin","article_publisher":"https:\/\/www.facebook.com\/Uelzener","article_modified_time":"2024-03-14T12:18:25+00:00","og_image":[{"width":1025,"height":450,"url":"https:\/\/uelzener.de\/magazin\/app\/uploads\/2024\/02\/verschmuste-hunderasse.jpg","type":"image\/jpeg"}],"twitter_card":"summary_large_image","twitter_misc":{"Gesch\u00e4tzte Lesezeit":"7\u00a0Minuten"},"schema":{"@context":"https:\/\/schema.org","@graph":[{"@type":"WebPage","@id":"https:\/\/uelzener.de\/magazin\/hund\/rasseportrait\/verschmuste-hunderassen-top-10\/","url":"https:\/\/uelzener.de\/magazin\/hund\/rasseportrait\/verschmuste-hunderassen-top-10\/","name":"Top 10 der verschmusten Hunderassen | Uelzener Magazin","isPartOf":{"@id":"https:\/\/uelzener.de\/magazin\/#website"},"primaryImageOfPage":{"@id":"https:\/\/uelzener.de\/magazin\/hund\/rasseportrait\/verschmuste-hunderassen-top-10\/#primaryimage"},"image":{"@id":"https:\/\/uelzener.de\/magazin\/hund\/rasseportrait\/verschmuste-hunderassen-top-10\/#primaryimage"},"thumbnailUrl":"https:\/\/uelzener.de\/magazin\/app\/uploads\/2024\/02\/verschmuste-hunderasse.jpg","datePublished":"2024-03-01T09:08:22+00:00","dateModified":"2024-03-14T12:18:25+00:00","description":"Vom kleinen Scho\u00dfhund zum sanften Riesen \u2714 Wir verraten, welche Hunde echte Kuschelprofis sind!","breadcrumb":{"@id":"https:\/\/uelzener.de\/magazin\/hund\/rasseportrait\/verschmuste-hunderassen-top-10\/#breadcrumb"},"inLanguage":"de","potentialAction":[{"@type":"ReadAction","target":["https:\/\/uelzener.de\/magazin\/hund\/rasseportrait\/verschmuste-hunderassen-top-10\/"]}]},{"@type":"ImageObject","inLanguage":"de","@id":"https:\/\/uelzener.de\/magazin\/hund\/rasseportrait\/verschmuste-hunderassen-top-10\/#primaryimage","url":"https:\/\/uelzener.de\/magazin\/app\/uploads\/2024\/02\/verschmuste-hunderasse.jpg","contentUrl":"https:\/\/uelzener.de\/magazin\/app\/uploads\/2024\/02\/verschmuste-hunderasse.jpg","width":1025,"height":450,"caption":"Hund schmust mit Mann im mittleren Alter."},{"@type":"WebSite","@id":"https:\/\/uelzener.de\/magazin\/#website","url":"https:\/\/uelzener.de\/magazin\/","name":"Uelzener Tiermagazin","description":"Online Tierratgeber der Uelzener Versicherungen","publisher":{"@id":"https:\/\/uelzener.de\/magazin\/#organization"},"potentialAction":[{"@type":"SearchAction","target":{"@type":"EntryPoint","urlTemplate":"https:\/\/uelzener.de\/magazin\/?s={search_term_string}"},"query-input":{"@type":"PropertyValueSpecification","valueRequired":true,"valueName":"search_term_string"}}],"inLanguage":"de"},{"@type":"Organization","@id":"https:\/\/uelzener.de\/magazin\/#organization","name":"Uelzener Versicherungen","url":"https:\/\/uelzener.de\/magazin\/","logo":{"@type":"ImageObject","inLanguage":"de","@id":"https:\/\/uelzener.de\/magazin\/#\/schema\/logo\/image\/","url":"https:\/\/uelzener.de\/magazin\/app\/uploads\/2024\/11\/uelzener_allgemeine_versicherungsgesellschaft_a_g_logo.jpg","contentUrl":"https:\/\/uelzener.de\/magazin\/app\/uploads\/2024\/11\/uelzener_allgemeine_versicherungsgesellschaft_a_g_logo.jpg","width":200,"height":200,"caption":"Uelzener Versicherungen"},"image":{"@id":"https:\/\/uelzener.de\/magazin\/#\/schema\/logo\/image\/"},"sameAs":["https:\/\/www.facebook.com\/Uelzener","https:\/\/instagram.com\/uelzener","https:\/\/www.xing.com\/pages\/uelzenerallgemeineversicherungs-gesellschafta-g","https:\/\/www.youtube.com\/UelzenerVersicherungen"]}]}},"_links":{"self":[{"href":"https:\/\/uelzener.de\/magazin\/wp-json\/wp\/v2\/pages\/17059","targetHints":{"allow":["GET"]}}],"collection":[{"href":"https:\/\/uelzener.de\/magazin\/wp-json\/wp\/v2\/pages"}],"about":[{"href":"https:\/\/uelzener.de\/magazin\/wp-json\/wp\/v2\/types\/page"}],"author":[{"embeddable":true,"href":"https:\/\/uelzener.de\/magazin\/wp-json\/wp\/v2\/users\/11"}],"replies":[{"embeddable":true,"href":"https:\/\/uelzener.de\/magazin\/wp-json\/wp\/v2\/comments?post=17059"}],"version-history":[{"count":4,"href":"https:\/\/uelzener.de\/magazin\/wp-json\/wp\/v2\/pages\/17059\/revisions"}],"predecessor-version":[{"id":17201,"href":"https:\/\/uelzener.de\/magazin\/wp-json\/wp\/v2\/pages\/17059\/revisions\/17201"}],"up":[{"embeddable":true,"href":"https:\/\/uelzener.de\/magazin\/wp-json\/wp\/v2\/pages\/2475"}],"wp:featuredmedia":[{"embeddable":true,"href":"https:\/\/uelzener.de\/magazin\/wp-json\/wp\/v2\/media\/17061"}],"wp:attachment":[{"href":"https:\/\/uelzener.de\/magazin\/wp-json\/wp\/v2\/media?parent=17059"}],"curies":[{"name":"wp","href":"https:\/\/api.w.org\/{rel}","templated":true}]}}