{"id":17056,"date":"2024-01-29T14:00:40","date_gmt":"2024-01-29T13:00:40","guid":{"rendered":"https:\/\/uelzener.de\/magazin\/?page_id=17056"},"modified":"2024-03-11T13:21:04","modified_gmt":"2024-03-11T12:21:04","slug":"pferd-rueckwaertsrichten","status":"publish","type":"page","link":"https:\/\/uelzener.de\/magazin\/pferd\/erziehung-und-training\/pferd-rueckwaertsrichten\/","title":{"rendered":"R\u00fcckw\u00e4rtsrichten mit Leichtigkeit Aktiviere die Bauch- &#038; Rumpft\u00e4tigkeit des Pferdes"},"content":{"rendered":"<p>Die \u00dcbung \u201eR\u00fcckw\u00e4rts\u201c ist zun\u00e4chst eine funktionale \u00dcbung f\u00fcr grunds\u00e4tzliche K\u00f6rperkontrolle, da es immer wieder Situationen gibt, in denen ein Pferd am Boden und unter dem Reiter r\u00fcckw\u00e4rtsgehen muss. Sie vermittelt dem Pferd die F\u00e4higkeit, auf reiterliche Signale hin von \u201evorw\u00e4rts\u201c auf \u201er\u00fcckw\u00e4rts\u201c umzudenken.<\/p>\n<p>Richtig erarbeitet ist das \u201eR\u00fcckw\u00e4rtstreten\u201c f\u00fcr das Pferd ein l\u00f6sender, mobilisierender, gymnastizierender und mit fortgeschrittenen Ausf\u00fchrungen auch eine Kraft aufbauender Bewegungsablauf. Die \u00dcbung kann sowohl l\u00f6senden und versammelnden Charakter haben, je nachdem, wie sie ausgef\u00fchrt wird.<\/p>\n<p>Bauch, Rumpf und Oberschenkel werden gekr\u00e4ftigt, der R\u00fccken kann sich aufw\u00f6lben. Um dieses Ziel anzugehen, bedarf es einzelner Vor\u00fcbungen am Boden \u2013 und erst dann unter dem Reiter.<\/p>\n<h2>Arbeit an der Hand mit Wassertrense<\/h2>\n<p>In der Basis-Ausbildung am Boden in der gebisslosen Z\u00e4umung hat das Pferd bereits gelernt, sich bei Tempoverlangsamungen und beim Anhalten aus dem Vorw\u00e4rts auszubalancieren und sich zu koordinieren. Um dies aber auch \u00fcber die Kontakte im Maul, also \u00fcber das Gebiss, zu verinnerlichen, ist die \u201eArbeit an der Hand\u201c mit Wassertrense ein wunderbares und sehr effektives Bindeglied. Hier lernt der Mensch dem Pferd, die r\u00fcckw\u00e4rts gerichteten Hilfen wohl dosiert \u00fcber die Kontakte am Maul in Abstimmung auf die Bewegungen der Pferdebeine zu geben.<\/p>\n<h2>Sauberer Zweitakt<\/h2>\n<p>Ziel ist ein sauberer Zweitakt, der aber zu Beginn der \u00dcbung noch nicht zwingend erforderlich ist. Erst im Zuge seines Verst\u00e4ndnisses f\u00fcr die Hilfen wird das Pferd koordinierter und beweglicher und auch erst dann, wird sich die diagonale Fu\u00dffolge des Pferdes im Zweitakt einstellen k\u00f6nnen. Auch Rhythmus und Linienf\u00fchrung m\u00fcssen Schritt f\u00fcr Schritt erarbeitet werden \u2013 erst am Boden und dann<br \/>\nunter dem Sattel. Der \u00dcbungsablauf sollte ruhig und ohne Hektik verlaufen. Eine optimale Kopf-Hals-Haltung kann das Pferd erst dann anbieten, wenn seine Motorik im K\u00f6rper geschmeidig ist.<\/p>\n\n<div class=\"banner\">\n    <a href=\"https:\/\/uelzener.de\/pferd?agt=0000104925&sem=true&utm_medium=magazin&utm_source=wordpress&utm_campaign=pferd&utm_content=banner\">\n        <img decoding=\"async\" width=\"300\" height=\"212\" src=\"https:\/\/uelzener.de\/magazin\/app\/uploads\/2025\/01\/Pferde-Versicherung.jpg\" class=\"attachment-medium size-medium\" alt=\"Banner Pferde-Versicherung\" \/>    <\/a>\n<\/div>\n\n<h2>Fazit<\/h2>\n<p>Voraussetzung f\u00fcr das R\u00fcckw\u00e4rtsrichten unter dem Reiter: das Pferd sollte in der Handarbeit gelernt haben, bewusst auf beidseitige Ber\u00fchrungskontakte im Maul \u00fcber das Gebiss zu reagieren. Es sollte bereits \u201er\u00fcckw\u00e4rts\u201c denken und auch das Gewicht von der Vorhand auf die Hinterhand bringen k\u00f6nnen.<\/p>\n<p>Der Mensch sollte es daf\u00fcr aktivieren k\u00f6nnen. Wie diese ersten Schritte unter dem Sattel aussehen k\u00f6nnen, erkl\u00e4rt Peter Kreinberg in diesem Video mit dem Quarter Horse-Wallach \u201eRhee\u201c.<\/p>\n<p><iframe loading=\"lazy\" title=\"YouTube video player\" src=\"\/\/www.youtube.com\/embed\/JikqcZapEhY?si=bj8xuEvXBbaJDb5R\" width=\"560\" height=\"315\" frameborder=\"0\" allowfullscreen=\"allowfullscreen\"><\/iframe><\/p>\n<p><em><strong>Uelzener-Tipp von Peter Kreinberg: <\/strong><strong><span class=\"post-title__text blog-post-title-font blog-post-title-color\"><span class=\"blog-post-title-font blog-post-title-color\">R\u00fcckw\u00e4rtsrichten mit Leichtigkeit<\/span><\/span><\/strong><strong>. Im Original erschienen auf <a href=\"https:\/\/www.thegentletouch.de\/post\/handarbeit-warum-ist-balance-so-wichtig\" rel=\"\">The Gentle Touch<\/a><\/strong><\/em><\/p>\n","protected":false},"excerpt":{"rendered":"<p>Die \u00dcbung \u201eR\u00fcckw\u00e4rts\u201c ist zun\u00e4chst eine funktionale \u00dcbung f\u00fcr grunds\u00e4tzliche K\u00f6rperkontrolle, da es immer wieder Situationen gibt, in denen ein Pferd am Boden und unter dem Reiter r\u00fcckw\u00e4rtsgehen muss. Sie vermittelt dem Pferd die F\u00e4higkeit, auf reiterliche Signale hin von \u201evorw\u00e4rts\u201c auf \u201er\u00fcckw\u00e4rts\u201c umzudenken. Richtig erarbeitet ist das \u201eR\u00fcckw\u00e4rtstreten\u201c f\u00fcr das Pferd ein l\u00f6sender, mobilisierender, [&hellip;]<\/p>\n","protected":false},"author":11,"featured_media":17057,"parent":11689,"menu_order":20,"comment_status":"closed","ping_status":"closed","template":"templates\/blog.php","meta":{"_acf_changed":false,"_crdt_document":"","footnotes":"","beyondwords_generate_audio":"0","beyondwords_project_id":"","beyondwords_content_id":"","beyondwords_preview_token":"","beyondwords_player_style":"","beyondwords_language_id":"","beyondwords_title_voice_id":"","beyondwords_body_voice_id":"","beyondwords_summary_voice_id":"","beyondwords_error_message":"","beyondwords_disabled":"","beyondwords_delete_content":"","beyondwords_podcast_id":"","beyondwords_hash":"","publish_post_to_speechkit":"","speechkit_hash":"","speechkit_generate_audio":"","speechkit_project_id":"","speechkit_podcast_id":"","speechkit_error_message":"","speechkit_disabled":"","speechkit_access_key":"","speechkit_error":"","speechkit_info":"","speechkit_response":"","speechkit_retries":"","speechkit_status":"","speechkit_updated_at":"","_speechkit_link":"","_speechkit_text":""},"class_list":["post-17056","page","type-page","status-publish","has-post-thumbnail","hentry"],"acf":[],"yoast_head":"<!-- This site is optimized with the Yoast SEO Premium plugin  - https:\/\/yoast.com\/product\/yoast-seo-premium-wordpress\/ -->\n<title>R\u00fcckw\u00e4rtsrichten mit Leichtigkeit Aktiviere die Bauch- &amp; Rumpft\u00e4tigkeit des Pferdes | Uelzener Magazin<\/title>\n<meta name=\"description\" content=\"Die \u00dcbung \u201eR\u00fcckw\u00e4rts\u201c ist eine funktionale \u00dcbung f\u00fcr grunds\u00e4tzliche K\u00f6rperkontrolle, in denen ein Pferd am Boden und unter dem Reiter r\u00fcckw\u00e4rtsgehen muss. Hier Tipps von Peter Kreinberg \u2714\" \/>\n<meta name=\"robots\" content=\"index, follow, max-snippet:-1, max-image-preview:large, max-video-preview:-1\" \/>\n<link rel=\"canonical\" href=\"https:\/\/uelzener.de\/magazin\/pferd\/erziehung-und-training\/pferd-rueckwaertsrichten\/\" \/>\n<meta property=\"og:locale\" content=\"de_DE\" \/>\n<meta property=\"og:type\" content=\"article\" \/>\n<meta property=\"og:title\" content=\"R\u00fcckw\u00e4rtsrichten mit Leichtigkeit Aktiviere die Bauch- &amp; Rumpft\u00e4tigkeit des Pferdes\" \/>\n<meta property=\"og:description\" content=\"Die \u00dcbung \u201eR\u00fcckw\u00e4rts\u201c ist eine funktionale \u00dcbung f\u00fcr grunds\u00e4tzliche K\u00f6rperkontrolle, in denen ein Pferd am Boden und unter dem Reiter r\u00fcckw\u00e4rtsgehen muss. Hier Tipps von Peter Kreinberg \u2714\" \/>\n<meta property=\"og:url\" content=\"https:\/\/uelzener.de\/magazin\/pferd\/erziehung-und-training\/pferd-rueckwaertsrichten\/\" \/>\n<meta property=\"og:site_name\" content=\"Uelzener Tier-Magazin\" \/>\n<meta property=\"article:publisher\" content=\"https:\/\/www.facebook.com\/Uelzener\" \/>\n<meta property=\"article:modified_time\" content=\"2024-03-11T12:21:04+00:00\" \/>\n<meta property=\"og:image\" content=\"https:\/\/uelzener.de\/magazin\/app\/uploads\/2024\/02\/rueckwaertsrichten-kreinberg-uelzener-tipp.jpg\" \/>\n\t<meta property=\"og:image:width\" content=\"1025\" \/>\n\t<meta property=\"og:image:height\" content=\"450\" \/>\n\t<meta property=\"og:image:type\" content=\"image\/jpeg\" \/>\n<meta name=\"twitter:card\" content=\"summary_large_image\" \/>\n<meta name=\"twitter:label1\" content=\"Gesch\u00e4tzte Lesezeit\" \/>\n\t<meta name=\"twitter:data1\" content=\"2\u00a0Minuten\" \/>\n<script type=\"application\/ld+json\" class=\"yoast-schema-graph\">{\"@context\":\"https:\/\/schema.org\",\"@graph\":[{\"@type\":\"WebPage\",\"@id\":\"https:\/\/uelzener.de\/magazin\/pferd\/erziehung-und-training\/pferd-rueckwaertsrichten\/\",\"url\":\"https:\/\/uelzener.de\/magazin\/pferd\/erziehung-und-training\/pferd-rueckwaertsrichten\/\",\"name\":\"R\u00fcckw\u00e4rtsrichten mit Leichtigkeit Aktiviere die Bauch- & Rumpft\u00e4tigkeit des Pferdes | Uelzener Magazin\",\"isPartOf\":{\"@id\":\"https:\/\/uelzener.de\/magazin\/#website\"},\"primaryImageOfPage\":{\"@id\":\"https:\/\/uelzener.de\/magazin\/pferd\/erziehung-und-training\/pferd-rueckwaertsrichten\/#primaryimage\"},\"image\":{\"@id\":\"https:\/\/uelzener.de\/magazin\/pferd\/erziehung-und-training\/pferd-rueckwaertsrichten\/#primaryimage\"},\"thumbnailUrl\":\"https:\/\/uelzener.de\/magazin\/app\/uploads\/2024\/02\/rueckwaertsrichten-kreinberg-uelzener-tipp.jpg\",\"datePublished\":\"2024-01-29T13:00:40+00:00\",\"dateModified\":\"2024-03-11T12:21:04+00:00\",\"description\":\"Die \u00dcbung \u201eR\u00fcckw\u00e4rts\u201c ist eine funktionale \u00dcbung f\u00fcr grunds\u00e4tzliche K\u00f6rperkontrolle, in denen ein Pferd am Boden und unter dem Reiter r\u00fcckw\u00e4rtsgehen muss. Hier Tipps von Peter Kreinberg \u2714\",\"breadcrumb\":{\"@id\":\"https:\/\/uelzener.de\/magazin\/pferd\/erziehung-und-training\/pferd-rueckwaertsrichten\/#breadcrumb\"},\"inLanguage\":\"de\",\"potentialAction\":[{\"@type\":\"ReadAction\",\"target\":[\"https:\/\/uelzener.de\/magazin\/pferd\/erziehung-und-training\/pferd-rueckwaertsrichten\/\"]}]},{\"@type\":\"ImageObject\",\"inLanguage\":\"de\",\"@id\":\"https:\/\/uelzener.de\/magazin\/pferd\/erziehung-und-training\/pferd-rueckwaertsrichten\/#primaryimage\",\"url\":\"https:\/\/uelzener.de\/magazin\/app\/uploads\/2024\/02\/rueckwaertsrichten-kreinberg-uelzener-tipp.jpg\",\"contentUrl\":\"https:\/\/uelzener.de\/magazin\/app\/uploads\/2024\/02\/rueckwaertsrichten-kreinberg-uelzener-tipp.jpg\",\"width\":1025,\"height\":450,\"caption\":\"Peter Kreinberg auf Pferd. Zeigt \u00dcbung zum R\u00fcckw\u00e4rtsausrichten.\"},{\"@type\":\"WebSite\",\"@id\":\"https:\/\/uelzener.de\/magazin\/#website\",\"url\":\"https:\/\/uelzener.de\/magazin\/\",\"name\":\"Uelzener Tiermagazin\",\"description\":\"Online Tierratgeber der Uelzener Versicherungen\",\"publisher\":{\"@id\":\"https:\/\/uelzener.de\/magazin\/#organization\"},\"potentialAction\":[{\"@type\":\"SearchAction\",\"target\":{\"@type\":\"EntryPoint\",\"urlTemplate\":\"https:\/\/uelzener.de\/magazin\/?s={search_term_string}\"},\"query-input\":{\"@type\":\"PropertyValueSpecification\",\"valueRequired\":true,\"valueName\":\"search_term_string\"}}],\"inLanguage\":\"de\"},{\"@type\":\"Organization\",\"@id\":\"https:\/\/uelzener.de\/magazin\/#organization\",\"name\":\"Uelzener Versicherungen\",\"url\":\"https:\/\/uelzener.de\/magazin\/\",\"logo\":{\"@type\":\"ImageObject\",\"inLanguage\":\"de\",\"@id\":\"https:\/\/uelzener.de\/magazin\/#\/schema\/logo\/image\/\",\"url\":\"https:\/\/uelzener.de\/magazin\/app\/uploads\/2024\/11\/uelzener_allgemeine_versicherungsgesellschaft_a_g_logo.jpg\",\"contentUrl\":\"https:\/\/uelzener.de\/magazin\/app\/uploads\/2024\/11\/uelzener_allgemeine_versicherungsgesellschaft_a_g_logo.jpg\",\"width\":200,\"height\":200,\"caption\":\"Uelzener Versicherungen\"},\"image\":{\"@id\":\"https:\/\/uelzener.de\/magazin\/#\/schema\/logo\/image\/\"},\"sameAs\":[\"https:\/\/www.facebook.com\/Uelzener\",\"https:\/\/instagram.com\/uelzener\",\"https:\/\/www.xing.com\/pages\/uelzenerallgemeineversicherungs-gesellschafta-g\",\"https:\/\/www.youtube.com\/UelzenerVersicherungen\"]}]}<\/script>\n<!-- \/ Yoast SEO Premium plugin. -->","yoast_head_json":{"title":"R\u00fcckw\u00e4rtsrichten mit Leichtigkeit Aktiviere die Bauch- & Rumpft\u00e4tigkeit des Pferdes | Uelzener Magazin","description":"Die \u00dcbung \u201eR\u00fcckw\u00e4rts\u201c ist eine funktionale \u00dcbung f\u00fcr grunds\u00e4tzliche K\u00f6rperkontrolle, in denen ein Pferd am Boden und unter dem Reiter r\u00fcckw\u00e4rtsgehen muss. Hier Tipps von Peter Kreinberg \u2714","robots":{"index":"index","follow":"follow","max-snippet":"max-snippet:-1","max-image-preview":"max-image-preview:large","max-video-preview":"max-video-preview:-1"},"canonical":"https:\/\/uelzener.de\/magazin\/pferd\/erziehung-und-training\/pferd-rueckwaertsrichten\/","og_locale":"de_DE","og_type":"article","og_title":"R\u00fcckw\u00e4rtsrichten mit Leichtigkeit Aktiviere die Bauch- & Rumpft\u00e4tigkeit des Pferdes","og_description":"Die \u00dcbung \u201eR\u00fcckw\u00e4rts\u201c ist eine funktionale \u00dcbung f\u00fcr grunds\u00e4tzliche K\u00f6rperkontrolle, in denen ein Pferd am Boden und unter dem Reiter r\u00fcckw\u00e4rtsgehen muss. Hier Tipps von Peter Kreinberg \u2714","og_url":"https:\/\/uelzener.de\/magazin\/pferd\/erziehung-und-training\/pferd-rueckwaertsrichten\/","og_site_name":"Uelzener Tier-Magazin","article_publisher":"https:\/\/www.facebook.com\/Uelzener","article_modified_time":"2024-03-11T12:21:04+00:00","og_image":[{"width":1025,"height":450,"url":"https:\/\/uelzener.de\/magazin\/app\/uploads\/2024\/02\/rueckwaertsrichten-kreinberg-uelzener-tipp.jpg","type":"image\/jpeg"}],"twitter_card":"summary_large_image","twitter_misc":{"Gesch\u00e4tzte Lesezeit":"2\u00a0Minuten"},"schema":{"@context":"https:\/\/schema.org","@graph":[{"@type":"WebPage","@id":"https:\/\/uelzener.de\/magazin\/pferd\/erziehung-und-training\/pferd-rueckwaertsrichten\/","url":"https:\/\/uelzener.de\/magazin\/pferd\/erziehung-und-training\/pferd-rueckwaertsrichten\/","name":"R\u00fcckw\u00e4rtsrichten mit Leichtigkeit Aktiviere die Bauch- & Rumpft\u00e4tigkeit des Pferdes | Uelzener Magazin","isPartOf":{"@id":"https:\/\/uelzener.de\/magazin\/#website"},"primaryImageOfPage":{"@id":"https:\/\/uelzener.de\/magazin\/pferd\/erziehung-und-training\/pferd-rueckwaertsrichten\/#primaryimage"},"image":{"@id":"https:\/\/uelzener.de\/magazin\/pferd\/erziehung-und-training\/pferd-rueckwaertsrichten\/#primaryimage"},"thumbnailUrl":"https:\/\/uelzener.de\/magazin\/app\/uploads\/2024\/02\/rueckwaertsrichten-kreinberg-uelzener-tipp.jpg","datePublished":"2024-01-29T13:00:40+00:00","dateModified":"2024-03-11T12:21:04+00:00","description":"Die \u00dcbung \u201eR\u00fcckw\u00e4rts\u201c ist eine funktionale \u00dcbung f\u00fcr grunds\u00e4tzliche K\u00f6rperkontrolle, in denen ein Pferd am Boden und unter dem Reiter r\u00fcckw\u00e4rtsgehen muss. Hier Tipps von Peter Kreinberg \u2714","breadcrumb":{"@id":"https:\/\/uelzener.de\/magazin\/pferd\/erziehung-und-training\/pferd-rueckwaertsrichten\/#breadcrumb"},"inLanguage":"de","potentialAction":[{"@type":"ReadAction","target":["https:\/\/uelzener.de\/magazin\/pferd\/erziehung-und-training\/pferd-rueckwaertsrichten\/"]}]},{"@type":"ImageObject","inLanguage":"de","@id":"https:\/\/uelzener.de\/magazin\/pferd\/erziehung-und-training\/pferd-rueckwaertsrichten\/#primaryimage","url":"https:\/\/uelzener.de\/magazin\/app\/uploads\/2024\/02\/rueckwaertsrichten-kreinberg-uelzener-tipp.jpg","contentUrl":"https:\/\/uelzener.de\/magazin\/app\/uploads\/2024\/02\/rueckwaertsrichten-kreinberg-uelzener-tipp.jpg","width":1025,"height":450,"caption":"Peter Kreinberg auf Pferd. Zeigt \u00dcbung zum R\u00fcckw\u00e4rtsausrichten."},{"@type":"WebSite","@id":"https:\/\/uelzener.de\/magazin\/#website","url":"https:\/\/uelzener.de\/magazin\/","name":"Uelzener Tiermagazin","description":"Online Tierratgeber der Uelzener Versicherungen","publisher":{"@id":"https:\/\/uelzener.de\/magazin\/#organization"},"potentialAction":[{"@type":"SearchAction","target":{"@type":"EntryPoint","urlTemplate":"https:\/\/uelzener.de\/magazin\/?s={search_term_string}"},"query-input":{"@type":"PropertyValueSpecification","valueRequired":true,"valueName":"search_term_string"}}],"inLanguage":"de"},{"@type":"Organization","@id":"https:\/\/uelzener.de\/magazin\/#organization","name":"Uelzener Versicherungen","url":"https:\/\/uelzener.de\/magazin\/","logo":{"@type":"ImageObject","inLanguage":"de","@id":"https:\/\/uelzener.de\/magazin\/#\/schema\/logo\/image\/","url":"https:\/\/uelzener.de\/magazin\/app\/uploads\/2024\/11\/uelzener_allgemeine_versicherungsgesellschaft_a_g_logo.jpg","contentUrl":"https:\/\/uelzener.de\/magazin\/app\/uploads\/2024\/11\/uelzener_allgemeine_versicherungsgesellschaft_a_g_logo.jpg","width":200,"height":200,"caption":"Uelzener Versicherungen"},"image":{"@id":"https:\/\/uelzener.de\/magazin\/#\/schema\/logo\/image\/"},"sameAs":["https:\/\/www.facebook.com\/Uelzener","https:\/\/instagram.com\/uelzener","https:\/\/www.xing.com\/pages\/uelzenerallgemeineversicherungs-gesellschafta-g","https:\/\/www.youtube.com\/UelzenerVersicherungen"]}]}},"_links":{"self":[{"href":"https:\/\/uelzener.de\/magazin\/wp-json\/wp\/v2\/pages\/17056","targetHints":{"allow":["GET"]}}],"collection":[{"href":"https:\/\/uelzener.de\/magazin\/wp-json\/wp\/v2\/pages"}],"about":[{"href":"https:\/\/uelzener.de\/magazin\/wp-json\/wp\/v2\/types\/page"}],"author":[{"embeddable":true,"href":"https:\/\/uelzener.de\/magazin\/wp-json\/wp\/v2\/users\/11"}],"replies":[{"embeddable":true,"href":"https:\/\/uelzener.de\/magazin\/wp-json\/wp\/v2\/comments?post=17056"}],"version-history":[{"count":3,"href":"https:\/\/uelzener.de\/magazin\/wp-json\/wp\/v2\/pages\/17056\/revisions"}],"predecessor-version":[{"id":17134,"href":"https:\/\/uelzener.de\/magazin\/wp-json\/wp\/v2\/pages\/17056\/revisions\/17134"}],"up":[{"embeddable":true,"href":"https:\/\/uelzener.de\/magazin\/wp-json\/wp\/v2\/pages\/11689"}],"wp:featuredmedia":[{"embeddable":true,"href":"https:\/\/uelzener.de\/magazin\/wp-json\/wp\/v2\/media\/17057"}],"wp:attachment":[{"href":"https:\/\/uelzener.de\/magazin\/wp-json\/wp\/v2\/media?parent=17056"}],"curies":[{"name":"wp","href":"https:\/\/api.w.org\/{rel}","templated":true}]}}