{"id":16961,"date":"2024-01-31T10:15:46","date_gmt":"2024-01-31T09:15:46","guid":{"rendered":"https:\/\/uelzener.de\/magazin\/?page_id=16961"},"modified":"2025-11-20T11:54:16","modified_gmt":"2025-11-20T10:54:16","slug":"niereninsuffizienz-nierenversagen","status":"publish","type":"page","link":"https:\/\/uelzener.de\/magazin\/katze\/tiergesundheit\/niereninsuffizienz-nierenversagen\/","title":{"rendered":"Niereninsuffizienz bei der Katze: Ursachen, Stadien und Symptome"},"content":{"rendered":"<p>Niereninsuffizienz bezeichnet das Versagen oder die Schw\u00e4che der Nierenfunktion. Man spricht auch von Nierenversagen oder Nierenschw\u00e4che. Besonders bei \u00e4lteren Katzen ist Niereninsuffizienz weit verbreitet. Daher sollte die Funktionsf\u00e4higkeit der Nieren im Rahmen regelm\u00e4\u00dfiger Vorsorgeuntersuchungen \u00fcberpr\u00fcft werden. Hier schauen wir uns Ursachen, Symptome, Behandlung und die verschiedenen Stadien der Erkrankung an.<\/p>\n<h2>Ursachen<\/h2>\n<p>Man unterscheidet akute und chronische Niereninsuffizienz. Bei einer akuten Niereninsuffizienz, beispielsweise durch eine Vergiftung hervorgerufen, besteht bei schneller Behandlung die M\u00f6glichkeit der vollst\u00e4ndigen Heilung. Die <a href=\"https:\/\/uelzener.de\/magazin\/katze\/haeufige-fragen\/dna-uebereinstimmung-katze-mensch\/\">DNA von Katzen und Menschen<\/a> ist sich \u00e4hnlicher als man denken mag. Daher wundert es nicht, dass sich das Nierengewebe auch bei Katzen nicht wieder regenerieren kann. Eine chronische Niereninsuffizienz entwickelt sich zumeist schleichend. Fr\u00fcherkennung ist besonders wichtig, da nur so eine lebensbedrohliche Entwicklung vermieden oder hinausgez\u00f6gert werden kann.<\/p>\n<p>Nierenversagen bzw. Niereninsuffizienz kann durch verschiedene Ursachen hervorgerufen werden.<\/p>\n<ul>\n<li>Vergiftungen (Pflanzen wie Lilien oder Osterglocken, Pestizide oder Frostschutzmittel)<\/li>\n<li>Infektionen<\/li>\n<li>Bluthochdruck<\/li>\n<li>Tumore<\/li>\n<li>F\u00fctterungsfehler<\/li>\n<li>Harnr\u00fcckstau durch eine mit Harnsteinen verstopfte Harnr\u00f6hre<\/li>\n<li>Nierensteine<\/li>\n<li>Nierenbeckenentz\u00fcndung<\/li>\n<li>Autoimmunerkrankungen<\/li>\n<li>Genetisch bedingte Nierenerkrankung wie polyzystische Nierenerkrankung<\/li>\n<\/ul>\n<p>Eine fundierte Diagnose ist die Voraussetzung f\u00fcr die entsprechende Behandlung. Mitunter leidet die Katze nicht nur unter einer Niereninsuffizienz, sondern wom\u00f6glich auch unter einer Schilddr\u00fcsen\u00fcberfunktion.<\/p>\n<p>Au\u00dferdem beg\u00fcnstigen Nierenerkrankungen die Entstehung von Blasenentz\u00fcndungen.<\/p>\n\n<div class=\"related_articles boxed\">\n    <h2>Mehr zum Thema<\/h2>\n    \n    <div class=\"wrapper\"><div class=\"title align-center\"><h3><a href=\"https:\/\/uelzener.de\/magazin\/katze\/haeufige-fragen\/katze-einschlaefern-lassen\/\">Katze einschl\u00e4fern lassen: Wenn die Zeit f\u00fcr den Abschied gekommen ist<\/a><\/h3><\/div><div class=\"img align-center\"><img decoding=\"async\" width=\"315\" height=\"138\" src=\"https:\/\/uelzener.de\/magazin\/app\/uploads\/2025\/09\/katze-einschlaefern.png\" class=\"attachment-315x180 size-315x180 wp-post-image\" alt=\"Katze wird eingeschl\u00e4fert.\" \/><\/div><\/div><div class=\"wrapper\"><div class=\"title align-center\"><h3><a href=\"https:\/\/uelzener.de\/magazin\/katze\/tiergesundheit\/schilddruesenueberfunktion-katzen-ursachen-symptome-behandlung\/\">Schilddr\u00fcsen\u00fcberfunktion bei Katzen: Ursachen, Symptome und Behandlung<\/a><\/h3><\/div><div class=\"img align-center\"><img decoding=\"async\" width=\"315\" height=\"180\" src=\"https:\/\/uelzener.de\/magazin\/app\/uploads\/2023\/08\/katze-schilddruesenueberfunktion-315x180.jpg\" class=\"attachment-315x180 size-315x180 wp-post-image\" alt=\"Katze wird beim Tierarzt auf Schilddr\u00fcsen\u00fcberfunktion untersucht. (KI-generiertes Bild: Katze auf dem Arm eines Arztes)\" \/><\/div><\/div><div class=\"wrapper\"><div class=\"title align-center\"><h3><a href=\"https:\/\/uelzener.de\/magazin\/katze\/tiergesundheit\/blasenentzuendung-bei-katzen\/\">Blasenentz\u00fcndung bei Katzen: Ursache, Symptome, Hausmittel<\/a><\/h3><\/div><div class=\"img align-center\"><img decoding=\"async\" width=\"315\" height=\"180\" src=\"https:\/\/uelzener.de\/magazin\/app\/uploads\/2022\/10\/Katze-Blasenentzuendung-315x180.jpg\" class=\"attachment-315x180 size-315x180 wp-post-image\" alt=\"Katze im offenen Katzenklo. Bei Blasenentz\u00fcndung sp\u00fcren die Tiere h\u00e4ufiger einen Harndrang.\" \/><\/div><\/div><\/div>\n\n<h2>Diagnose<\/h2>\n<p>Zur Diagnose k\u00f6nnen verschiedene Untersuchungen herangezogen werden.<\/p>\n<ul>\n<li>Blutuntersuchung: Das bei einer <a href=\"https:\/\/uelzener.de\/magazin\/katze\/tiergesundheit\/katzen-blut-abnehmen-lassen\/\">Blutentnahme<\/a> genommene Blut wird im Labor untersucht. Welche Werte sind dabei f\u00fcr eine Diagnose ausschlaggebend? Das Blut wird auf Kreatinin, Harnstoff und Phosphat getestet. \u00dcberdies werden die SDMA-Werte bestimmt. SDMA (Symmetrisches Dimethylarginin) wird beim Abbau von Proteinen freigesetzt und \u00fcber die Nieren ausgeschieden.<\/li>\n<li>Urinuntersuchung: Bei einer St\u00f6rung der Nierenfunktion k\u00f6nnen h\u00f6here Proteinwerte im Urin festgestellt werden.<\/li>\n<li>Tastuntersuchung und Ultraschall: Nieren k\u00f6nnen aufgrund der Niereninsuffizienz verkleinert sein, was sich ertasten und in einer Ultraschalluntersuchung gut sehen l\u00e4sst.<\/li>\n<\/ul>\n<p>Eine Niereninsuffizienz verl\u00e4uft zumeist schleichend in verschiedenen Stadien. Dabei k\u00f6nnen sich unterschiedliche Symptome zeigen.<\/p>\n<h2>Stadien und Symptome<\/h2>\n<p>Eine Niereninsuffizienz wird leider h\u00e4ufig erst sp\u00e4t erkannt. Werden Anzeichen f\u00fcr eine Nierenerkrankung sichtbar, ist diese h\u00e4ufig bereits fortgeschritten. Daher ist eine Fr\u00fcherkennung mittels Vorsorgeuntersuchungen in der tier\u00e4rztlichen Praxis besonders wichtig. Generell gilt: Sollte man Ver\u00e4nderungen im Verhalten oder Erscheinungsbild seiner Katze feststellen, ist es unbedingt ratsam, tier\u00e4rztlichen Rat einzuholen.<\/p>\n<p>Im Anfangsstadium einer Niereninsuffizienz zeigen sich zumeist keine oder nur unauff\u00e4llige Symptome. Je weiter die Erkrankung fortschreitet, desto st\u00e4rker werden Symptome bemerkbar:<\/p>\n<ul>\n<li>Trinkmenge vergr\u00f6\u00dfert sich<\/li>\n<li>abgegebene Menge und H\u00e4ufigkeit der Urinabgabe steigen<\/li>\n<li>Ver\u00e4nderter Urin (Farbe und Geruch)<\/li>\n<li>Gewichtsverlust bei reduziertem Appetit<\/li>\n<li>Teilnahmslosigkeit<\/li>\n<li>Geruch aus dem Maul<\/li>\n<li>Fell wirkt stumpf, <a href=\"https:\/\/uelzener.de\/magazin\/katze\/tiergesundheit\/schuppen-bei-katzen\/\" target=\"_blank\" rel=\"noopener\">Schuppenbildung<\/a><\/li>\n<\/ul>\n<p>Je nach Stadium der Erkrankung k\u00f6nnen sich verschiedene Symptome in unterschiedlicher Intensit\u00e4t zeigen. Eine chronische Niereninsuffizienz entwickelt sich \u00fcber vier Stadien, die von der International Renal Interest Society eingeteilt wurden. Hier ist eine Liste der Stadien mit entsprechenden Kennzeichen.<\/p>\n<ol>\n<li>Stadium: Meist symptomfrei, der SDMA-Wert kann bereits erh\u00f6ht sein. Kreatinin und Harnstoff k\u00f6nnen noch im Normbereich liegen.<\/li>\n<li>Stadium: Schwache Symptomatik wie vermehrtes Trinken m\u00f6glich, Kreatinin- und SDMA-Werte erh\u00f6ht.<\/li>\n<li>Stadium: st\u00e4rkere Symptomatik wie Appetitlosigkeit und vermehrte Trinken, Kreatinin- und Protein-Werte au\u00dferhalb des Normbereichs. Ein Gro\u00dfteil des Nierengewebes ist bereits besch\u00e4digt.<\/li>\n<li>Stadium (Endstadium): Leistung der Nieren ist stark reduziert und verursacht eine ausgepr\u00e4gte Symptomatik mit Erbrechen, Appetitlosigkeit, M\u00fcdigkeit, Gewichtsverlust und Dehydrierung<\/li>\n<\/ol>\n<h2>Welche Medikamente bei Niereninsuffizienz?<\/h2>\n<p>Es gibt keine speziellen Medikamente f\u00fcr eine Niereninsuffizienz. Jedoch k\u00f6nnen verschiedene Begleiterscheinungen wie \u00dcbelkeit, ein gestiegener Phosphatspiegel, zu niedriger Kaliumgehalt oder Bluthochdruck medikament\u00f6s bzw. mittels Nahrungserg\u00e4nzungsmitteln behandelt werden. In jedem Fall geh\u00f6rt die Behandlung einer Nierenerkrankung in die H\u00e4nde von Tier\u00e4rztinnen und Tier\u00e4rzten.<\/p>\n\n<div class=\"banner\">\n    <a href=\"https:\/\/uelzener.de\/katze?agt=0000104925&sem=true&utm_medium=magazin&utm_source=wordpress&utm_campaign=katze&utm_content=banner\">\n        <img decoding=\"async\" width=\"300\" height=\"212\" src=\"https:\/\/uelzener.de\/magazin\/app\/uploads\/2025\/01\/Katzenversicherung.jpg\" class=\"attachment-medium size-medium\" alt=\"Banner Katzenversicherung\" \/>    <\/a>\n<\/div>\n\n<h2>Was f\u00fcr Futter darf ich ihr geben?<\/h2>\n<p>Eine Futterumstellung ist f\u00fcr viele Katzen schwierig. Vor allem, wenn sie sich bereits k\u00f6rperlich unwohl f\u00fchlt und das neue Futter mit Unbehagen verbindet. Daher sollte eine langsame und vorsichtige Umstellung erfolgen. Folgendes ist bei einer Futterumstellung bei Niereninsuffizienz ratsam:<\/p>\n<ul>\n<li>Nassfutter: Bei Niereninsuffizienz ist es wichtig, dass die Katze ausreichend Fl\u00fcssigkeit zu sich nimmt. Daher sollte besser Nassfutter als Trockenfutter gef\u00fcttert werden. So l\u00e4sst sich die Fl\u00fcssigkeitsaufnahme automatisch verst\u00e4rken.<\/li>\n<li>Schmackhafteres Trinkwasser: Beobachtet man, dass die Katze nicht trinkt, l\u00e4sst sich die Fl\u00fcssigkeitsaufnahme unterst\u00fctzen. F\u00fcr eine ausreichende Trinkmenge kann man das Trinkwasser mit einer Zugabe von Thunfischsaft schmackhafter machen. Dies kann dazu f\u00fchren, dass die Katze freiwillig mehr trinkt.<\/li>\n<li>Hochwertige Proteine: Bei einer Niereninsuffizienz sollte m\u00f6glichst wenig Protein gef\u00fcttert werden. Allerdings kann man die Proteinmenge nur begrenzt reduzieren, weil Katzen auf Eiwei\u00dfe im Futter angewiesen sind. Die Verarbeitung hochwertiger Proteine belastet die Nieren weniger, sodass Futter mit hochwertigem Protein zu einer gut ausbalancierten Eiwei\u00dfaufnahme f\u00fchren kann.<\/li>\n<li>Phosphatarmes Futter: Durch die Niereninsuffizienz ger\u00e4t das Gleichgewicht von Calcium und Phosphat aus der Balance. Phosphatarmes Futter kann dazu beitragen, das Gleichgewicht in der Balance zu halten.<\/li>\n<li>Fettreiches Futter: Fett ist ein Geschmackstr\u00e4ger, das den Appetit f\u00f6rdern kann, sodass die Futterumstellung wom\u00f6glich leichter gelingt. Zudem ist Fett f\u00fcr die Nieren vergleichsweise wenig belastend.<\/li>\n<li>Kalium und Magnesium: Der vermehrte Urinabsatz f\u00fchrt zu einem Verlust dieser Mineralstoffe, der durch Futter, das reich an Kalium und Magnesium ist, wieder ausgeglichen werden kann.<\/li>\n<li>Natriumarmes Futter: Katzen mit Nierenschw\u00e4che scheiden weniger Natrium aus. Ein Anstieg von Natrium im K\u00f6rper kann jedoch zum Blutdruckanstieg beitragen. Daher ist natriumarmes Futter f\u00f6rderlich f\u00fcr die Gesundheit an Nierenschw\u00e4che leidenden Katzen.<\/li>\n<\/ul>\n<p>Im Handel gibt es eine gro\u00dfe Vielfalt an Futter, das speziell f\u00fcr nierenkranke Katzen geeignet ist.<\/p>\n<h2>Sterbeprozess einer Katze mit Nierenversagen<\/h2>\n<p>Im Endstadium einer Niereninsuffizienz leiden Katzen unter \u00dcbelkeit, Erbrechen und Appetitlosigkeit bis hin zur Verweigerung von Futter. Hinzu kommen M\u00fcdigkeit, starker Gewichtsverlust und Dehydrierung. In den vielen F\u00e4llen geht es Katzen mit Nierenversagen so schlecht, dass die Tier\u00e4rztin oder der Tierarzt sie von ihrem Leiden erl\u00f6sen und die Katze eingeschl\u00e4fert werden muss.<\/p>\n<h2>Fazit<\/h2>\n<p>Eine Niereninsuffizienz ist eine h\u00e4ufig vorkommende und schwere Erkrankung, die in ihrer chronischen Form unheilbar ist.<\/p>\n<p>Symptome wie verst\u00e4rktes Trinken, erh\u00f6hter Urinabsatz und Appetitlosigkeit zeigen sich erst im fortgeschrittenen Verlauf. Die Diagnose erfolgt \u00fcber eine Blut- bzw. Urinuntersuchung und erg\u00e4nzend durch Tastuntersuchung und Diagnostik mittels bildgebender Verfahren.<\/p>\n<p>In einem fr\u00fchen Stadium l\u00e4sst sich der Krankheitsverlauf mit entsprechender F\u00fctterung und Behandlung verlangsamen, sodass erkrankte Tiere noch eine mehrj\u00e4hrige Lebenserwartung bei einer guten Lebensqualit\u00e4t leben k\u00f6nnen. Bei fortgeschrittenem Verlauf sind die Nieren in der Regel so stark besch\u00e4digt, dass eine Linderung der Beschwerden zunehmend schwieriger wird. Im Endstadium werden die Beschwerden so stark, dass eine Tier\u00e4rztin oder ein Tierarzt die Tiere zumeist einschl\u00e4fern muss.<\/p>\n<h2>FAQ: H\u00e4ufig gestellte Fragen zu Niereninsuffizienz bei der Katze<\/h2>\n<h3>Wie lange kann eine Katze mit Niereninsuffizienz leben?<\/h3>\n<p>Je nachdem in welchem Stadium sich die erkrankte Katze befindet, kann die Lebensdauer von einigen Jahren bis hin zu Wochen oder Tagen gehen. Bei einer fr\u00fch erkannten Niereninsuffizienz, die entsprechend behandelt wird, k\u00f6nnen Katzen ein vergleichsweise normales und gl\u00fcckliches Leben f\u00fchren. Je sp\u00e4ter die Diagnose gestellt wird, desto schwieriger wird eine Linderung der Symptome. Wird eine Niereninsuffizienz sp\u00e4t erkannt, bleibt oft nur noch eine kurze Lebenszeit bei guter Lebensqualit\u00e4t.<\/p>\n<h3>Wann sollte man eine Katze mit Nierenversagen einschl\u00e4fern?<\/h3>\n<p>Die Frage, wann ein Tier eingeschl\u00e4fert werden sollte, ist generell ein schwieriges Thema. Wenn eine Katze unheilbar erkrankt ist und kein lebenswertes Leben ohne Schmerzen mehr f\u00fchren kann, d\u00fcrfen Tier\u00e4rztinnen und Tier\u00e4rzte sie einschl\u00e4fern. Im Endstadium einer Niereninsuffizienz wird das Leid oftmals so gro\u00df, dass ein Tier eingeschl\u00e4fert werden muss.<\/p>\n","protected":false},"excerpt":{"rendered":"<p>Niereninsuffizienz bezeichnet das Versagen oder die Schw\u00e4che der Nierenfunktion. Man spricht auch von Nierenversagen oder Nierenschw\u00e4che. Besonders bei \u00e4lteren Katzen ist Niereninsuffizienz weit verbreitet. Daher sollte die Funktionsf\u00e4higkeit der Nieren im Rahmen regelm\u00e4\u00dfiger Vorsorgeuntersuchungen \u00fcberpr\u00fcft werden. Hier schauen wir uns Ursachen, Symptome, Behandlung und die verschiedenen Stadien der Erkrankung an. Ursachen Man unterscheidet akute und [&hellip;]<\/p>\n","protected":false},"author":11,"featured_media":16963,"parent":11712,"menu_order":13,"comment_status":"closed","ping_status":"closed","template":"templates\/blog.php","meta":{"_acf_changed":false,"_crdt_document":"","footnotes":"","beyondwords_generate_audio":"0","beyondwords_project_id":"","beyondwords_content_id":"","beyondwords_preview_token":"","beyondwords_player_style":"","beyondwords_language_id":"","beyondwords_title_voice_id":"","beyondwords_body_voice_id":"","beyondwords_summary_voice_id":"","beyondwords_error_message":"","beyondwords_disabled":"","beyondwords_delete_content":"","beyondwords_podcast_id":"","beyondwords_hash":"","publish_post_to_speechkit":"","speechkit_hash":"","speechkit_generate_audio":"","speechkit_project_id":"","speechkit_podcast_id":"","speechkit_error_message":"","speechkit_disabled":"","speechkit_access_key":"","speechkit_error":"","speechkit_info":"","speechkit_response":"","speechkit_retries":"","speechkit_status":"","speechkit_updated_at":"","_speechkit_link":"","_speechkit_text":""},"class_list":["post-16961","page","type-page","status-publish","has-post-thumbnail","hentry"],"acf":[],"yoast_head":"<!-- This site is optimized with the Yoast SEO Premium plugin  - https:\/\/yoast.com\/product\/yoast-seo-premium-wordpress\/ -->\n<title>Niereninsuffizienz bei der Katze: Ursachen, Stadien und Symptome | Uelzener Magazin<\/title>\n<meta name=\"description\" content=\"Niereninsuffizienz: Ursachen, Diagnose, Symptome und Behandlung. Wie lange kann eine Katze damit leben?\" \/>\n<meta name=\"robots\" content=\"index, follow, max-snippet:-1, max-image-preview:large, max-video-preview:-1\" \/>\n<link rel=\"canonical\" href=\"https:\/\/uelzener.de\/magazin\/katze\/tiergesundheit\/niereninsuffizienz-nierenversagen\/\" \/>\n<meta property=\"og:locale\" content=\"de_DE\" \/>\n<meta property=\"og:type\" content=\"article\" \/>\n<meta property=\"og:title\" content=\"Niereninsuffizienz bei der Katze: Ursachen, Stadien und Symptome\" \/>\n<meta property=\"og:description\" content=\"Niereninsuffizienz: Ursachen, Diagnose, Symptome und Behandlung. Wie lange kann eine Katze damit leben?\" \/>\n<meta property=\"og:url\" content=\"https:\/\/uelzener.de\/magazin\/katze\/tiergesundheit\/niereninsuffizienz-nierenversagen\/\" \/>\n<meta property=\"og:site_name\" content=\"Uelzener Tier-Magazin\" \/>\n<meta property=\"article:publisher\" content=\"https:\/\/www.facebook.com\/Uelzener\" \/>\n<meta property=\"article:modified_time\" content=\"2025-11-20T10:54:16+00:00\" \/>\n<meta property=\"og:image\" content=\"https:\/\/uelzener.de\/magazin\/app\/uploads\/2024\/01\/niereninsuffizienz-katze.jpg\" \/>\n\t<meta property=\"og:image:width\" content=\"1025\" \/>\n\t<meta property=\"og:image:height\" content=\"450\" \/>\n\t<meta property=\"og:image:type\" content=\"image\/jpeg\" \/>\n<meta name=\"twitter:card\" content=\"summary_large_image\" \/>\n<meta name=\"twitter:label1\" content=\"Gesch\u00e4tzte Lesezeit\" \/>\n\t<meta name=\"twitter:data1\" content=\"7\u00a0Minuten\" \/>\n<script type=\"application\/ld+json\" class=\"yoast-schema-graph\">{\"@context\":\"https:\/\/schema.org\",\"@graph\":[{\"@type\":\"WebPage\",\"@id\":\"https:\/\/uelzener.de\/magazin\/katze\/tiergesundheit\/niereninsuffizienz-nierenversagen\/\",\"url\":\"https:\/\/uelzener.de\/magazin\/katze\/tiergesundheit\/niereninsuffizienz-nierenversagen\/\",\"name\":\"Niereninsuffizienz bei der Katze: Ursachen, Stadien und Symptome | Uelzener Magazin\",\"isPartOf\":{\"@id\":\"https:\/\/uelzener.de\/magazin\/#website\"},\"primaryImageOfPage\":{\"@id\":\"https:\/\/uelzener.de\/magazin\/katze\/tiergesundheit\/niereninsuffizienz-nierenversagen\/#primaryimage\"},\"image\":{\"@id\":\"https:\/\/uelzener.de\/magazin\/katze\/tiergesundheit\/niereninsuffizienz-nierenversagen\/#primaryimage\"},\"thumbnailUrl\":\"https:\/\/uelzener.de\/magazin\/app\/uploads\/2024\/01\/niereninsuffizienz-katze.jpg\",\"datePublished\":\"2024-01-31T09:15:46+00:00\",\"dateModified\":\"2025-11-20T10:54:16+00:00\",\"description\":\"Niereninsuffizienz: Ursachen, Diagnose, Symptome und Behandlung. Wie lange kann eine Katze damit leben?\",\"breadcrumb\":{\"@id\":\"https:\/\/uelzener.de\/magazin\/katze\/tiergesundheit\/niereninsuffizienz-nierenversagen\/#breadcrumb\"},\"inLanguage\":\"de\",\"potentialAction\":[{\"@type\":\"ReadAction\",\"target\":[\"https:\/\/uelzener.de\/magazin\/katze\/tiergesundheit\/niereninsuffizienz-nierenversagen\/\"]}]},{\"@type\":\"ImageObject\",\"inLanguage\":\"de\",\"@id\":\"https:\/\/uelzener.de\/magazin\/katze\/tiergesundheit\/niereninsuffizienz-nierenversagen\/#primaryimage\",\"url\":\"https:\/\/uelzener.de\/magazin\/app\/uploads\/2024\/01\/niereninsuffizienz-katze.jpg\",\"contentUrl\":\"https:\/\/uelzener.de\/magazin\/app\/uploads\/2024\/01\/niereninsuffizienz-katze.jpg\",\"width\":1025,\"height\":450,\"caption\":\"Katze mit Niereninsuffizienz trinkt aus dem Wasserhahn.\"},{\"@type\":\"WebSite\",\"@id\":\"https:\/\/uelzener.de\/magazin\/#website\",\"url\":\"https:\/\/uelzener.de\/magazin\/\",\"name\":\"Uelzener Tiermagazin\",\"description\":\"Online Tierratgeber der Uelzener Versicherungen\",\"publisher\":{\"@id\":\"https:\/\/uelzener.de\/magazin\/#organization\"},\"potentialAction\":[{\"@type\":\"SearchAction\",\"target\":{\"@type\":\"EntryPoint\",\"urlTemplate\":\"https:\/\/uelzener.de\/magazin\/?s={search_term_string}\"},\"query-input\":{\"@type\":\"PropertyValueSpecification\",\"valueRequired\":true,\"valueName\":\"search_term_string\"}}],\"inLanguage\":\"de\"},{\"@type\":\"Organization\",\"@id\":\"https:\/\/uelzener.de\/magazin\/#organization\",\"name\":\"Uelzener Versicherungen\",\"url\":\"https:\/\/uelzener.de\/magazin\/\",\"logo\":{\"@type\":\"ImageObject\",\"inLanguage\":\"de\",\"@id\":\"https:\/\/uelzener.de\/magazin\/#\/schema\/logo\/image\/\",\"url\":\"https:\/\/uelzener.de\/magazin\/app\/uploads\/2024\/11\/uelzener_allgemeine_versicherungsgesellschaft_a_g_logo.jpg\",\"contentUrl\":\"https:\/\/uelzener.de\/magazin\/app\/uploads\/2024\/11\/uelzener_allgemeine_versicherungsgesellschaft_a_g_logo.jpg\",\"width\":200,\"height\":200,\"caption\":\"Uelzener Versicherungen\"},\"image\":{\"@id\":\"https:\/\/uelzener.de\/magazin\/#\/schema\/logo\/image\/\"},\"sameAs\":[\"https:\/\/www.facebook.com\/Uelzener\",\"https:\/\/instagram.com\/uelzener\",\"https:\/\/www.xing.com\/pages\/uelzenerallgemeineversicherungs-gesellschafta-g\",\"https:\/\/www.youtube.com\/UelzenerVersicherungen\"]}]}<\/script>\n<!-- \/ Yoast SEO Premium plugin. -->","yoast_head_json":{"title":"Niereninsuffizienz bei der Katze: Ursachen, Stadien und Symptome | Uelzener Magazin","description":"Niereninsuffizienz: Ursachen, Diagnose, Symptome und Behandlung. Wie lange kann eine Katze damit leben?","robots":{"index":"index","follow":"follow","max-snippet":"max-snippet:-1","max-image-preview":"max-image-preview:large","max-video-preview":"max-video-preview:-1"},"canonical":"https:\/\/uelzener.de\/magazin\/katze\/tiergesundheit\/niereninsuffizienz-nierenversagen\/","og_locale":"de_DE","og_type":"article","og_title":"Niereninsuffizienz bei der Katze: Ursachen, Stadien und Symptome","og_description":"Niereninsuffizienz: Ursachen, Diagnose, Symptome und Behandlung. Wie lange kann eine Katze damit leben?","og_url":"https:\/\/uelzener.de\/magazin\/katze\/tiergesundheit\/niereninsuffizienz-nierenversagen\/","og_site_name":"Uelzener Tier-Magazin","article_publisher":"https:\/\/www.facebook.com\/Uelzener","article_modified_time":"2025-11-20T10:54:16+00:00","og_image":[{"width":1025,"height":450,"url":"https:\/\/uelzener.de\/magazin\/app\/uploads\/2024\/01\/niereninsuffizienz-katze.jpg","type":"image\/jpeg"}],"twitter_card":"summary_large_image","twitter_misc":{"Gesch\u00e4tzte Lesezeit":"7\u00a0Minuten"},"schema":{"@context":"https:\/\/schema.org","@graph":[{"@type":"WebPage","@id":"https:\/\/uelzener.de\/magazin\/katze\/tiergesundheit\/niereninsuffizienz-nierenversagen\/","url":"https:\/\/uelzener.de\/magazin\/katze\/tiergesundheit\/niereninsuffizienz-nierenversagen\/","name":"Niereninsuffizienz bei der Katze: Ursachen, Stadien und Symptome | Uelzener Magazin","isPartOf":{"@id":"https:\/\/uelzener.de\/magazin\/#website"},"primaryImageOfPage":{"@id":"https:\/\/uelzener.de\/magazin\/katze\/tiergesundheit\/niereninsuffizienz-nierenversagen\/#primaryimage"},"image":{"@id":"https:\/\/uelzener.de\/magazin\/katze\/tiergesundheit\/niereninsuffizienz-nierenversagen\/#primaryimage"},"thumbnailUrl":"https:\/\/uelzener.de\/magazin\/app\/uploads\/2024\/01\/niereninsuffizienz-katze.jpg","datePublished":"2024-01-31T09:15:46+00:00","dateModified":"2025-11-20T10:54:16+00:00","description":"Niereninsuffizienz: Ursachen, Diagnose, Symptome und Behandlung. Wie lange kann eine Katze damit leben?","breadcrumb":{"@id":"https:\/\/uelzener.de\/magazin\/katze\/tiergesundheit\/niereninsuffizienz-nierenversagen\/#breadcrumb"},"inLanguage":"de","potentialAction":[{"@type":"ReadAction","target":["https:\/\/uelzener.de\/magazin\/katze\/tiergesundheit\/niereninsuffizienz-nierenversagen\/"]}]},{"@type":"ImageObject","inLanguage":"de","@id":"https:\/\/uelzener.de\/magazin\/katze\/tiergesundheit\/niereninsuffizienz-nierenversagen\/#primaryimage","url":"https:\/\/uelzener.de\/magazin\/app\/uploads\/2024\/01\/niereninsuffizienz-katze.jpg","contentUrl":"https:\/\/uelzener.de\/magazin\/app\/uploads\/2024\/01\/niereninsuffizienz-katze.jpg","width":1025,"height":450,"caption":"Katze mit Niereninsuffizienz trinkt aus dem Wasserhahn."},{"@type":"WebSite","@id":"https:\/\/uelzener.de\/magazin\/#website","url":"https:\/\/uelzener.de\/magazin\/","name":"Uelzener Tiermagazin","description":"Online Tierratgeber der Uelzener Versicherungen","publisher":{"@id":"https:\/\/uelzener.de\/magazin\/#organization"},"potentialAction":[{"@type":"SearchAction","target":{"@type":"EntryPoint","urlTemplate":"https:\/\/uelzener.de\/magazin\/?s={search_term_string}"},"query-input":{"@type":"PropertyValueSpecification","valueRequired":true,"valueName":"search_term_string"}}],"inLanguage":"de"},{"@type":"Organization","@id":"https:\/\/uelzener.de\/magazin\/#organization","name":"Uelzener Versicherungen","url":"https:\/\/uelzener.de\/magazin\/","logo":{"@type":"ImageObject","inLanguage":"de","@id":"https:\/\/uelzener.de\/magazin\/#\/schema\/logo\/image\/","url":"https:\/\/uelzener.de\/magazin\/app\/uploads\/2024\/11\/uelzener_allgemeine_versicherungsgesellschaft_a_g_logo.jpg","contentUrl":"https:\/\/uelzener.de\/magazin\/app\/uploads\/2024\/11\/uelzener_allgemeine_versicherungsgesellschaft_a_g_logo.jpg","width":200,"height":200,"caption":"Uelzener Versicherungen"},"image":{"@id":"https:\/\/uelzener.de\/magazin\/#\/schema\/logo\/image\/"},"sameAs":["https:\/\/www.facebook.com\/Uelzener","https:\/\/instagram.com\/uelzener","https:\/\/www.xing.com\/pages\/uelzenerallgemeineversicherungs-gesellschafta-g","https:\/\/www.youtube.com\/UelzenerVersicherungen"]}]}},"_links":{"self":[{"href":"https:\/\/uelzener.de\/magazin\/wp-json\/wp\/v2\/pages\/16961","targetHints":{"allow":["GET"]}}],"collection":[{"href":"https:\/\/uelzener.de\/magazin\/wp-json\/wp\/v2\/pages"}],"about":[{"href":"https:\/\/uelzener.de\/magazin\/wp-json\/wp\/v2\/types\/page"}],"author":[{"embeddable":true,"href":"https:\/\/uelzener.de\/magazin\/wp-json\/wp\/v2\/users\/11"}],"replies":[{"embeddable":true,"href":"https:\/\/uelzener.de\/magazin\/wp-json\/wp\/v2\/comments?post=16961"}],"version-history":[{"count":10,"href":"https:\/\/uelzener.de\/magazin\/wp-json\/wp\/v2\/pages\/16961\/revisions"}],"predecessor-version":[{"id":19555,"href":"https:\/\/uelzener.de\/magazin\/wp-json\/wp\/v2\/pages\/16961\/revisions\/19555"}],"up":[{"embeddable":true,"href":"https:\/\/uelzener.de\/magazin\/wp-json\/wp\/v2\/pages\/11712"}],"wp:featuredmedia":[{"embeddable":true,"href":"https:\/\/uelzener.de\/magazin\/wp-json\/wp\/v2\/media\/16963"}],"wp:attachment":[{"href":"https:\/\/uelzener.de\/magazin\/wp-json\/wp\/v2\/media?parent=16961"}],"curies":[{"name":"wp","href":"https:\/\/api.w.org\/{rel}","templated":true}]}}