{"id":16958,"date":"2024-01-31T09:31:22","date_gmt":"2024-01-31T08:31:22","guid":{"rendered":"https:\/\/uelzener.de\/magazin\/?page_id=16958"},"modified":"2025-11-13T10:43:36","modified_gmt":"2025-11-13T09:43:36","slug":"alles-fuer-die-katz-bedeutung","status":"publish","type":"page","link":"https:\/\/uelzener.de\/magazin\/katze\/haeufige-fragen\/alles-fuer-die-katz-bedeutung\/","title":{"rendered":"Alles f\u00fcr die Katz: Bedeutung"},"content":{"rendered":"<p>Jeder und jede von uns kennt dieses Sprichwort: \u201eEtwas war f\u00fcr die Katz.\u201c Oder: \u201eDas war doch alles f\u00fcr die Katz.\u201c Beispielsweise, wenn ein Familienmitglied mit schmutzigen Schuhen durch den soeben gewischten Flur l\u00e4uft. Doch was steckt hinter diesem Sprichwort? Was bedeutet es genau und wie ist es entstanden?<\/p>\n<h2>Was bedeutet \u201eAlles f\u00fcr die Katz\u201c?<\/h2>\n<p>\u201eAlles f\u00fcr die Katz\u201c wird als Sprichwort verwendet, wenn man zum Ausdruck bringen m\u00f6chte, dass etwas vergeblich, sinnlos, der M\u00fche nicht wert oder umsonst war.<\/p>\n<h2>Woher kommt das Sprichwort \u201eAlles f\u00fcr die Katz\u201c?<\/h2>\n<p>Es gibt verschiedene Erkl\u00e4rungen f\u00fcr die Herkunft des Sprichworts \u201eAlles f\u00fcr die Katz\u201c. Eine schl\u00fcssige und verbreitete geht auf eine Fabel zur\u00fcck. Leider verl\u00e4uft die Handlung der Fabel f\u00fcr die darin vorkommende Katz sehr grausam. In der Fabel vom Schmied und seiner Katze ist die Rede von einem Schmied, dessen Kundschaft ihn nicht angemessen entlohnt, sondern ihn lediglich mit einem \u201eDanke\u201c bedenkt. Der Schmied geht dazu \u00fcber, seine Katze anzubinden und bei jedem \u201eDanke\u201c, das er bekommt, zu sagen: \u201eKatz, das gebe ich dir.\u201c Da das alles war, was er seiner Katze zu geben hatte, magerte die Katze ab und verhungerte letztendlich. So wurde aus \u201eDas ist doch alles f\u00fcr die Katz\u201c sinngem\u00e4\u00df der Ausspruch: Das war umsonst, vergeblich oder der M\u00fche nicht wert.<\/p>\n\n<div class=\"related_articles boxed\">\n    <h2>Mehr zum Thema<\/h2>\n    \n    <div class=\"wrapper\"><div class=\"title align-center\"><h3><a href=\"https:\/\/uelzener.de\/magazin\/katze\/ernaehrung\/warum-lachsoel-fuer-katzen-so-beliebt-ist\/\">Warum Lachs\u00f6l f\u00fcr Katzen so beliebt ist<\/a><\/h3><\/div><div class=\"img align-center\"><img decoding=\"async\" width=\"315\" height=\"180\" src=\"https:\/\/uelzener.de\/magazin\/app\/uploads\/2024\/05\/lachsoel-fuer-katzen-315x180.jpg\" class=\"attachment-315x180 size-315x180 wp-post-image\" alt=\"Katze bekommt Lachs\u00f6l per Pipette verabreicht.\" \/><\/div><\/div><div class=\"wrapper\"><div class=\"title align-center\"><h3><a href=\"https:\/\/uelzener.de\/magazin\/katze\/ernaehrung\/was-fressen-katzen\/\">Was fressen Katzen?<\/a><\/h3><\/div><div class=\"img align-center\"><img decoding=\"async\" width=\"315\" height=\"180\" src=\"https:\/\/uelzener.de\/magazin\/app\/uploads\/2024\/03\/was-fressen-katzen-315x180.jpg\" class=\"attachment-315x180 size-315x180 wp-post-image\" alt=\"Katze frisst ein St\u00fcck Melone.\" \/><\/div><\/div><div class=\"wrapper\"><div class=\"title align-center\"><h3><a href=\"https:\/\/uelzener.de\/magazin\/katze\/ernaehrung\/diy-eis-fuer-katzen\/\">DIY: Eis f\u00fcr Katzen \u2013 Schmackhafte Abk\u00fchlung an hei\u00dfen Sommertagen<\/a><\/h3><\/div><div class=\"img align-center\"><img decoding=\"async\" width=\"315\" height=\"180\" src=\"https:\/\/uelzener.de\/magazin\/app\/uploads\/2024\/06\/diy-katzeneis-315x180.jpg\" class=\"attachment-315x180 size-315x180 wp-post-image\" alt=\"Katze schleckt selbgemachtes Eis.\" \/><\/div><\/div><\/div>\n\n<p>Diese Geschichte erkl\u00e4rt, wie es zu dem Sprichwort kam. Doch was ist \u00fcberhaupt ein Sprichwort?<\/p>\n<h2>Was ist ein Sprichwort?<\/h2>\n<p>Das Lexikon sprachwissenschaftlicher Termini definiert ein Sprichwort als \u201e\u2026 knapp und treffend formulierte Lebensweisheit, die bestimmte gesellschaftliche Erfahrungen in hohem Grade verallgemeinert.\u201c<\/p>\n<p>All dies findet sich im Sprichwort \u201eAlles f\u00fcr die Katz\u201c wieder. Hier sind einige andere ber\u00fchmte Sprichw\u00f6rter:<\/p>\n<ul>\n<li>Der fr\u00fche Vogel f\u00e4ngt den Wurm.<\/li>\n<li>L\u00fcgen haben kurze Beine.<\/li>\n<li>Wo Rauch ist, ist auch Feuer.<\/li>\n<li>Alter sch\u00fctzt vor Torheit nicht.<\/li>\n<li>Wie man in den Wald hineinruft, so schallt es heraus.<\/li>\n<li>Wer ernten will, muss s\u00e4en.<\/li>\n<\/ul>\n<p>Alle diese S\u00e4tze beschreiben in verallgemeinernder Weise Lebenserfahrungen, bei denen wir rein intuitiv wissen, was gemeint ist, und es dementsprechend anwenden k\u00f6nnen.<\/p>\n<p>Gleichgesetzt werden Sprichw\u00f6rter h\u00e4ufig mit Redewendungen. Anders als ein Sprichwort ist eine Redewendung jedoch eine Formulierung, die f\u00fcr sich genommen keine Lebensweisheit darstellt. Die Redensart muss erst in einen Satz oder Zusammenhang eingef\u00fcgt werden, um sinnvoll zu sein. Beispiele f\u00fcr Redewendungen sind: Jemandem die Daumen dr\u00fccken. Oder: In den sauren Apfel bei\u00dfen.<\/p>\n<h2>Fazit<\/h2>\n<p>\u201eAlles f\u00fcr die Katz\u201c beschreibt eine Lebensweisheit, mit der man sehr leicht eine Aussage bildhaft auf den Punkt bringen kann. Personen, die mit der deutschen Sprache vertraut sind, verstehen den Sinn hinter einem Sprichwort wie \u201eAlles f\u00fcr die Katz\u201c. Wer es h\u00f6rt, begreift die Aussage: Das ist umsonst oder vergeblich gewesen.<\/p>\n<p>Will man den Satz wortw\u00f6rtlich verstehen, ergibt sich eine komplett andere Bedeutung. So l\u00e4sst sich mit \u201eAlles f\u00fcr die Katz\u201c beispielsweise auch ausdr\u00fccken, dass jemand alles f\u00fcr seine Katze tun w\u00fcrde. So k\u00f6nnten beispielsweise viele Katzenhalterinnen und Katzenhalter ihre F\u00fcrsorge f\u00fcr ihren geliebten Stubentiger beschreiben.<\/p>\n<p>Doch was braucht man tats\u00e4chlich alles f\u00fcr die Katz? F\u00fcr <a href=\"https:\/\/uelzener.de\/magazin\/katze\/haltung\/wohnungskatze-beschaeftigen\/\" target=\"_blank\" rel=\"noopener\">Wohnungskatzen<\/a> sind andere Dinge wichtig als f\u00fcr Freig\u00e4nger. <a href=\"https:\/\/uelzener.de\/magazin\/katze\/erziehung-und-training\/katzen-beschaeftigen\/\">Katzen, die viel Besch\u00e4ftigung<\/a> brauchen, ben\u00f6tigen Anderes als \u00e4ltere oder gen\u00fcgsamere Katzen. In jedem Fall sollte man auf die individuellen Bed\u00fcrfnisse seines Stubentigers R\u00fccksicht nehmen. Katzenliebhaberinnen und Katzenliebhaber bem\u00fchen sich, m\u00f6glichst gut herauszufinden, was ihre Katze ganz speziell braucht. Daher versuchen sie, <a href=\"https:\/\/uelzener.de\/magazin\/katze\/erziehung-und-training\/katzenlaute-miauen-fauchen-knurren\/\">Katzenlaute<\/a> oder die <a href=\"https:\/\/uelzener.de\/magazin\/katze\/haeufige-fragen\/koerpersprache-katze\/\">K\u00f6rpersprache<\/a> ihrer Katze zu verstehen. Was eine Katze aber in jedem Fall braucht, ist eine gute Katzenversicherung.<\/p>\n\n<div class=\"banner\">\n    <a href=\"https:\/\/uelzener.de\/katze?agt=0000104925&sem=true&utm_medium=magazin&utm_source=wordpress&utm_campaign=katze&utm_content=banner\">\n        <img decoding=\"async\" width=\"300\" height=\"212\" src=\"https:\/\/uelzener.de\/magazin\/app\/uploads\/2025\/01\/Katzenversicherung.jpg\" class=\"attachment-medium size-medium\" alt=\"Banner Katzenversicherung\" \/>    <\/a>\n<\/div>\n\n","protected":false},"excerpt":{"rendered":"<p>Jeder und jede von uns kennt dieses Sprichwort: \u201eEtwas war f\u00fcr die Katz.\u201c Oder: \u201eDas war doch alles f\u00fcr die Katz.\u201c Beispielsweise, wenn ein Familienmitglied mit schmutzigen Schuhen durch den soeben gewischten Flur l\u00e4uft. Doch was steckt hinter diesem Sprichwort? Was bedeutet es genau und wie ist es entstanden? Was bedeutet \u201eAlles f\u00fcr die Katz\u201c? [&hellip;]<\/p>\n","protected":false},"author":11,"featured_media":16959,"parent":11691,"menu_order":7,"comment_status":"closed","ping_status":"closed","template":"templates\/blog.php","meta":{"_acf_changed":false,"_crdt_document":"","footnotes":"","beyondwords_generate_audio":"0","beyondwords_project_id":"","beyondwords_content_id":"","beyondwords_preview_token":"","beyondwords_player_style":"","beyondwords_language_id":"","beyondwords_title_voice_id":"","beyondwords_body_voice_id":"","beyondwords_summary_voice_id":"","beyondwords_error_message":"","beyondwords_disabled":"","beyondwords_delete_content":"","beyondwords_podcast_id":"","beyondwords_hash":"","publish_post_to_speechkit":"","speechkit_hash":"","speechkit_generate_audio":"","speechkit_project_id":"","speechkit_podcast_id":"","speechkit_error_message":"","speechkit_disabled":"","speechkit_access_key":"","speechkit_error":"","speechkit_info":"","speechkit_response":"","speechkit_retries":"","speechkit_status":"","speechkit_updated_at":"","_speechkit_link":"","_speechkit_text":""},"class_list":["post-16958","page","type-page","status-publish","has-post-thumbnail","hentry"],"acf":[],"yoast_head":"<!-- This site is optimized with the Yoast SEO Premium plugin  - https:\/\/yoast.com\/product\/yoast-seo-premium-wordpress\/ -->\n<title>Alles f\u00fcr die Katz: Bedeutung | Uelzener Magazin<\/title>\n<meta name=\"description\" content=\"Sprichwort \u201eAlles f\u00fcr die Katz\u201c. Unterschied von Sprichwort und Redensart. Wortw\u00f6rtliche Bedeutung.\" \/>\n<meta name=\"robots\" content=\"index, follow, max-snippet:-1, max-image-preview:large, max-video-preview:-1\" \/>\n<link rel=\"canonical\" href=\"https:\/\/uelzener.de\/magazin\/katze\/haeufige-fragen\/alles-fuer-die-katz-bedeutung\/\" \/>\n<meta property=\"og:locale\" content=\"de_DE\" \/>\n<meta property=\"og:type\" content=\"article\" \/>\n<meta property=\"og:title\" content=\"Alles f\u00fcr die Katz: Bedeutung\" \/>\n<meta property=\"og:description\" content=\"Sprichwort \u201eAlles f\u00fcr die Katz\u201c. Unterschied von Sprichwort und Redensart. Wortw\u00f6rtliche Bedeutung.\" \/>\n<meta property=\"og:url\" content=\"https:\/\/uelzener.de\/magazin\/katze\/haeufige-fragen\/alles-fuer-die-katz-bedeutung\/\" \/>\n<meta property=\"og:site_name\" content=\"Uelzener Tier-Magazin\" \/>\n<meta property=\"article:publisher\" content=\"https:\/\/www.facebook.com\/Uelzener\" \/>\n<meta property=\"article:modified_time\" content=\"2025-11-13T09:43:36+00:00\" \/>\n<meta property=\"og:image\" content=\"https:\/\/uelzener.de\/magazin\/app\/uploads\/2024\/01\/alles-fuer-die-katz.jpg\" \/>\n\t<meta property=\"og:image:width\" content=\"1025\" \/>\n\t<meta property=\"og:image:height\" content=\"450\" \/>\n\t<meta property=\"og:image:type\" content=\"image\/jpeg\" \/>\n<meta name=\"twitter:card\" content=\"summary_large_image\" \/>\n<meta name=\"twitter:label1\" content=\"Gesch\u00e4tzte Lesezeit\" \/>\n\t<meta name=\"twitter:data1\" content=\"4\u00a0Minuten\" \/>\n<script type=\"application\/ld+json\" class=\"yoast-schema-graph\">{\"@context\":\"https:\/\/schema.org\",\"@graph\":[{\"@type\":\"WebPage\",\"@id\":\"https:\/\/uelzener.de\/magazin\/katze\/haeufige-fragen\/alles-fuer-die-katz-bedeutung\/\",\"url\":\"https:\/\/uelzener.de\/magazin\/katze\/haeufige-fragen\/alles-fuer-die-katz-bedeutung\/\",\"name\":\"Alles f\u00fcr die Katz: Bedeutung | Uelzener Magazin\",\"isPartOf\":{\"@id\":\"https:\/\/uelzener.de\/magazin\/#website\"},\"primaryImageOfPage\":{\"@id\":\"https:\/\/uelzener.de\/magazin\/katze\/haeufige-fragen\/alles-fuer-die-katz-bedeutung\/#primaryimage\"},\"image\":{\"@id\":\"https:\/\/uelzener.de\/magazin\/katze\/haeufige-fragen\/alles-fuer-die-katz-bedeutung\/#primaryimage\"},\"thumbnailUrl\":\"https:\/\/uelzener.de\/magazin\/app\/uploads\/2024\/01\/alles-fuer-die-katz.jpg\",\"datePublished\":\"2024-01-31T08:31:22+00:00\",\"dateModified\":\"2025-11-13T09:43:36+00:00\",\"description\":\"Sprichwort \u201eAlles f\u00fcr die Katz\u201c. Unterschied von Sprichwort und Redensart. Wortw\u00f6rtliche Bedeutung.\",\"breadcrumb\":{\"@id\":\"https:\/\/uelzener.de\/magazin\/katze\/haeufige-fragen\/alles-fuer-die-katz-bedeutung\/#breadcrumb\"},\"inLanguage\":\"de\",\"potentialAction\":[{\"@type\":\"ReadAction\",\"target\":[\"https:\/\/uelzener.de\/magazin\/katze\/haeufige-fragen\/alles-fuer-die-katz-bedeutung\/\"]}]},{\"@type\":\"ImageObject\",\"inLanguage\":\"de\",\"@id\":\"https:\/\/uelzener.de\/magazin\/katze\/haeufige-fragen\/alles-fuer-die-katz-bedeutung\/#primaryimage\",\"url\":\"https:\/\/uelzener.de\/magazin\/app\/uploads\/2024\/01\/alles-fuer-die-katz.jpg\",\"contentUrl\":\"https:\/\/uelzener.de\/magazin\/app\/uploads\/2024\/01\/alles-fuer-die-katz.jpg\",\"width\":1025,\"height\":450,\"caption\":\"Katze schaut traurig vom leeren Teller hoch.\"},{\"@type\":\"WebSite\",\"@id\":\"https:\/\/uelzener.de\/magazin\/#website\",\"url\":\"https:\/\/uelzener.de\/magazin\/\",\"name\":\"Uelzener Tiermagazin\",\"description\":\"Online Tierratgeber der Uelzener Versicherungen\",\"publisher\":{\"@id\":\"https:\/\/uelzener.de\/magazin\/#organization\"},\"potentialAction\":[{\"@type\":\"SearchAction\",\"target\":{\"@type\":\"EntryPoint\",\"urlTemplate\":\"https:\/\/uelzener.de\/magazin\/?s={search_term_string}\"},\"query-input\":{\"@type\":\"PropertyValueSpecification\",\"valueRequired\":true,\"valueName\":\"search_term_string\"}}],\"inLanguage\":\"de\"},{\"@type\":\"Organization\",\"@id\":\"https:\/\/uelzener.de\/magazin\/#organization\",\"name\":\"Uelzener Versicherungen\",\"url\":\"https:\/\/uelzener.de\/magazin\/\",\"logo\":{\"@type\":\"ImageObject\",\"inLanguage\":\"de\",\"@id\":\"https:\/\/uelzener.de\/magazin\/#\/schema\/logo\/image\/\",\"url\":\"https:\/\/uelzener.de\/magazin\/app\/uploads\/2024\/11\/uelzener_allgemeine_versicherungsgesellschaft_a_g_logo.jpg\",\"contentUrl\":\"https:\/\/uelzener.de\/magazin\/app\/uploads\/2024\/11\/uelzener_allgemeine_versicherungsgesellschaft_a_g_logo.jpg\",\"width\":200,\"height\":200,\"caption\":\"Uelzener Versicherungen\"},\"image\":{\"@id\":\"https:\/\/uelzener.de\/magazin\/#\/schema\/logo\/image\/\"},\"sameAs\":[\"https:\/\/www.facebook.com\/Uelzener\",\"https:\/\/instagram.com\/uelzener\",\"https:\/\/www.xing.com\/pages\/uelzenerallgemeineversicherungs-gesellschafta-g\",\"https:\/\/www.youtube.com\/UelzenerVersicherungen\"]}]}<\/script>\n<!-- \/ Yoast SEO Premium plugin. -->","yoast_head_json":{"title":"Alles f\u00fcr die Katz: Bedeutung | Uelzener Magazin","description":"Sprichwort \u201eAlles f\u00fcr die Katz\u201c. Unterschied von Sprichwort und Redensart. Wortw\u00f6rtliche Bedeutung.","robots":{"index":"index","follow":"follow","max-snippet":"max-snippet:-1","max-image-preview":"max-image-preview:large","max-video-preview":"max-video-preview:-1"},"canonical":"https:\/\/uelzener.de\/magazin\/katze\/haeufige-fragen\/alles-fuer-die-katz-bedeutung\/","og_locale":"de_DE","og_type":"article","og_title":"Alles f\u00fcr die Katz: Bedeutung","og_description":"Sprichwort \u201eAlles f\u00fcr die Katz\u201c. Unterschied von Sprichwort und Redensart. Wortw\u00f6rtliche Bedeutung.","og_url":"https:\/\/uelzener.de\/magazin\/katze\/haeufige-fragen\/alles-fuer-die-katz-bedeutung\/","og_site_name":"Uelzener Tier-Magazin","article_publisher":"https:\/\/www.facebook.com\/Uelzener","article_modified_time":"2025-11-13T09:43:36+00:00","og_image":[{"width":1025,"height":450,"url":"https:\/\/uelzener.de\/magazin\/app\/uploads\/2024\/01\/alles-fuer-die-katz.jpg","type":"image\/jpeg"}],"twitter_card":"summary_large_image","twitter_misc":{"Gesch\u00e4tzte Lesezeit":"4\u00a0Minuten"},"schema":{"@context":"https:\/\/schema.org","@graph":[{"@type":"WebPage","@id":"https:\/\/uelzener.de\/magazin\/katze\/haeufige-fragen\/alles-fuer-die-katz-bedeutung\/","url":"https:\/\/uelzener.de\/magazin\/katze\/haeufige-fragen\/alles-fuer-die-katz-bedeutung\/","name":"Alles f\u00fcr die Katz: Bedeutung | Uelzener Magazin","isPartOf":{"@id":"https:\/\/uelzener.de\/magazin\/#website"},"primaryImageOfPage":{"@id":"https:\/\/uelzener.de\/magazin\/katze\/haeufige-fragen\/alles-fuer-die-katz-bedeutung\/#primaryimage"},"image":{"@id":"https:\/\/uelzener.de\/magazin\/katze\/haeufige-fragen\/alles-fuer-die-katz-bedeutung\/#primaryimage"},"thumbnailUrl":"https:\/\/uelzener.de\/magazin\/app\/uploads\/2024\/01\/alles-fuer-die-katz.jpg","datePublished":"2024-01-31T08:31:22+00:00","dateModified":"2025-11-13T09:43:36+00:00","description":"Sprichwort \u201eAlles f\u00fcr die Katz\u201c. Unterschied von Sprichwort und Redensart. Wortw\u00f6rtliche Bedeutung.","breadcrumb":{"@id":"https:\/\/uelzener.de\/magazin\/katze\/haeufige-fragen\/alles-fuer-die-katz-bedeutung\/#breadcrumb"},"inLanguage":"de","potentialAction":[{"@type":"ReadAction","target":["https:\/\/uelzener.de\/magazin\/katze\/haeufige-fragen\/alles-fuer-die-katz-bedeutung\/"]}]},{"@type":"ImageObject","inLanguage":"de","@id":"https:\/\/uelzener.de\/magazin\/katze\/haeufige-fragen\/alles-fuer-die-katz-bedeutung\/#primaryimage","url":"https:\/\/uelzener.de\/magazin\/app\/uploads\/2024\/01\/alles-fuer-die-katz.jpg","contentUrl":"https:\/\/uelzener.de\/magazin\/app\/uploads\/2024\/01\/alles-fuer-die-katz.jpg","width":1025,"height":450,"caption":"Katze schaut traurig vom leeren Teller hoch."},{"@type":"WebSite","@id":"https:\/\/uelzener.de\/magazin\/#website","url":"https:\/\/uelzener.de\/magazin\/","name":"Uelzener Tiermagazin","description":"Online Tierratgeber der Uelzener Versicherungen","publisher":{"@id":"https:\/\/uelzener.de\/magazin\/#organization"},"potentialAction":[{"@type":"SearchAction","target":{"@type":"EntryPoint","urlTemplate":"https:\/\/uelzener.de\/magazin\/?s={search_term_string}"},"query-input":{"@type":"PropertyValueSpecification","valueRequired":true,"valueName":"search_term_string"}}],"inLanguage":"de"},{"@type":"Organization","@id":"https:\/\/uelzener.de\/magazin\/#organization","name":"Uelzener Versicherungen","url":"https:\/\/uelzener.de\/magazin\/","logo":{"@type":"ImageObject","inLanguage":"de","@id":"https:\/\/uelzener.de\/magazin\/#\/schema\/logo\/image\/","url":"https:\/\/uelzener.de\/magazin\/app\/uploads\/2024\/11\/uelzener_allgemeine_versicherungsgesellschaft_a_g_logo.jpg","contentUrl":"https:\/\/uelzener.de\/magazin\/app\/uploads\/2024\/11\/uelzener_allgemeine_versicherungsgesellschaft_a_g_logo.jpg","width":200,"height":200,"caption":"Uelzener Versicherungen"},"image":{"@id":"https:\/\/uelzener.de\/magazin\/#\/schema\/logo\/image\/"},"sameAs":["https:\/\/www.facebook.com\/Uelzener","https:\/\/instagram.com\/uelzener","https:\/\/www.xing.com\/pages\/uelzenerallgemeineversicherungs-gesellschafta-g","https:\/\/www.youtube.com\/UelzenerVersicherungen"]}]}},"_links":{"self":[{"href":"https:\/\/uelzener.de\/magazin\/wp-json\/wp\/v2\/pages\/16958","targetHints":{"allow":["GET"]}}],"collection":[{"href":"https:\/\/uelzener.de\/magazin\/wp-json\/wp\/v2\/pages"}],"about":[{"href":"https:\/\/uelzener.de\/magazin\/wp-json\/wp\/v2\/types\/page"}],"author":[{"embeddable":true,"href":"https:\/\/uelzener.de\/magazin\/wp-json\/wp\/v2\/users\/11"}],"replies":[{"embeddable":true,"href":"https:\/\/uelzener.de\/magazin\/wp-json\/wp\/v2\/comments?post=16958"}],"version-history":[{"count":7,"href":"https:\/\/uelzener.de\/magazin\/wp-json\/wp\/v2\/pages\/16958\/revisions"}],"predecessor-version":[{"id":19443,"href":"https:\/\/uelzener.de\/magazin\/wp-json\/wp\/v2\/pages\/16958\/revisions\/19443"}],"up":[{"embeddable":true,"href":"https:\/\/uelzener.de\/magazin\/wp-json\/wp\/v2\/pages\/11691"}],"wp:featuredmedia":[{"embeddable":true,"href":"https:\/\/uelzener.de\/magazin\/wp-json\/wp\/v2\/media\/16959"}],"wp:attachment":[{"href":"https:\/\/uelzener.de\/magazin\/wp-json\/wp\/v2\/media?parent=16958"}],"curies":[{"name":"wp","href":"https:\/\/api.w.org\/{rel}","templated":true}]}}