{"id":16920,"date":"2024-01-24T12:12:53","date_gmt":"2024-01-24T11:12:53","guid":{"rendered":"https:\/\/uelzener.de\/magazin\/?page_id=16920"},"modified":"2025-07-28T12:57:09","modified_gmt":"2025-07-28T10:57:09","slug":"stallwechsel-pferd-klebt","status":"publish","type":"page","link":"https:\/\/uelzener.de\/magazin\/pferd\/haltung\/stallwechsel-pferd-klebt\/","title":{"rendered":"Stallwechsel: Pferd klebt &#038; wie du ihm helfen kannst"},"content":{"rendered":"<p>Dein Pferd soll den Stall wechseln oder ist gerade dabei, sich in einer neuen Umgebung einzuleben? Hier erf\u00e4hrst du, was du dabei beachten solltest.<\/p>\n<h2>Wann ist es Zeit f\u00fcr einen Stallwechsel?<\/h2>\n<p>F\u00fcr einen Stallwechsel kann es ganz verschiedene Gr\u00fcnde geben.<\/p>\n<ul>\n<li>Du ziehst selbst um und brauchst auch f\u00fcr dein Pferd ein neues Zuhause.<\/li>\n<li>Dein Pferd versteht sich nicht (mehr) mit den anderen Pferden im Stall.<\/li>\n<li>Du verstehst dich mit den anderen Einstellerinnen und Einstellern im Stall nicht. Oder hast Schwierigkeiten mit dem Stallbesitzer.<\/li>\n<li>Du w\u00fcnschst dir eine bessere Versorgung und Pflege f\u00fcr dein Pferd hinsichtlich Futterqualit\u00e4t, Weidebedingungen und besser qualifiziertem Personal.<\/li>\n<li>Du siehst mehr und besser M\u00f6glichkeiten f\u00fcr die Interaktion deines Pferdes mit anderen Pferden.<\/li>\n<li>Ein anderer Stall bietet dir und deinem Pferd bessere Trainingsm\u00f6glichkeiten. So gibt es in einem neuen Stall m\u00f6glicherweise einen besseren Reitplatz oder eine Reithalle.<\/li>\n<li>Die Haltungsbedingungen in einem neuen Stall sind besser f\u00fcr dein Pferd, weil beispielsweise eine Koppelhaltung m\u00f6glich ist, anderes Einstreu verwendet wird oder das Stallklima ein Besseres ist.<\/li>\n<\/ul>\n<p>Gleichg\u00fcltig aus welchen Gr\u00fcnden man einen Stallwechsel in Erw\u00e4gung zieht, er sollte stets gut \u00fcberlegt sein. Ist der Stallwechsel f\u00fcr ein Pferd doch eine herausfordernde Situation, bei der es einiges zu beachten gibt. Andererseits kann ein Stallwechsel manchmal einfach n\u00f6tig und sinnvoll sein. Mit einer guten Vorbereitung und Begleitung deines Pferdes l\u00e4sst sich ein Stallwechsel mit m\u00f6glichst wenig Stress gestalten, sodass sich dein Pferd in seiner neuen Umgebung schnell wieder wohlf\u00fchlen wird. Vielleicht sogar wohler als zuvor in der fr\u00fcheren Umgebung.<\/p>\n\n<div class=\"related_articles boxed\">\n    <h2>Mehr zum Thema<\/h2>\n    \n    <div class=\"wrapper\"><div class=\"title align-center\"><h3><a href=\"https:\/\/uelzener.de\/magazin\/pferd\/tiergesundheit\/stallklima-pferd\/\">Gutes Stallklima f\u00fcr gesunde Atemwege<\/a><\/h3><\/div><div class=\"img align-center\"><img decoding=\"async\" width=\"315\" height=\"180\" src=\"https:\/\/uelzener.de\/magazin\/app\/uploads\/2015\/02\/74225b6a-f76a-4ace-9ea0-63202823fbde-315x180.jpg\" class=\"attachment-315x180 size-315x180 wp-post-image\" alt=\"Die Pferde stehen im Stall\" srcset=\"https:\/\/uelzener.de\/magazin\/app\/uploads\/2015\/02\/74225b6a-f76a-4ace-9ea0-63202823fbde-315x180.jpg 315w, https:\/\/uelzener.de\/magazin\/app\/uploads\/2015\/02\/74225b6a-f76a-4ace-9ea0-63202823fbde-650x369.jpg 650w\" sizes=\"(max-width: 315px) 100vw, 315px\" \/><\/div><\/div><div class=\"wrapper\"><div class=\"title align-center\"><h3><a href=\"https:\/\/uelzener.de\/magazin\/pferd\/haltung\/einstreu-stroh-pellets-pferd\/\">Einstreu f\u00fcr Pferde: So triffst du die richtige Wahl!<\/a><\/h3><\/div><div class=\"img align-center\"><img decoding=\"async\" width=\"315\" height=\"180\" src=\"https:\/\/uelzener.de\/magazin\/app\/uploads\/2022\/12\/einstreu-pferd-315x180.jpg\" class=\"attachment-315x180 size-315x180 wp-post-image\" alt=\"Alter Holzstall mit Heu als Einstreu f\u00fcr Pferde.\" \/><\/div><\/div><div class=\"wrapper\"><div class=\"title align-center\"><h3><a href=\"https:\/\/uelzener.de\/magazin\/pferd\/haltung\/pferde-vergesellschaften\/\">Pferde vergesellschaften: Stressfrei und artgerecht<\/a><\/h3><\/div><div class=\"img align-center\"><img decoding=\"async\" width=\"315\" height=\"180\" src=\"https:\/\/uelzener.de\/magazin\/app\/uploads\/2022\/08\/pferde-vergesellschaften-315x180.jpg\" class=\"attachment-315x180 size-315x180 wp-post-image\" alt=\"Pferde beschnuppern sich nach Pferde-Vergesellschaftung auf der Weide.\" \/><\/div><\/div><\/div>\n\n<h2>Was ist beim Stallwechsel zu beachten?<\/h2>\n<p>Damit ein Stallwechsel m\u00f6glichst reibungslos \u00fcber die B\u00fchne geht, kannst du viel tun. Dabei ist sowohl die Vorbereitung als auch der Umzug an sich und die erste Zeit im neuen Stall wichtig. Hier sind einige wichtige Punkte, die du beachten solltest. Dar\u00fcber hinaus sprichst du dich am besten rechtzeitig mit anderen Einstellerinnen oder Einstellern im neuen Stall ab und l\u00e4sst dich gegebenenfalls von deiner Tier\u00e4rztin oder deinem Tierarzt beraten.<\/p>\n<h3>Hier nun einige Punkte f\u00fcr die Stallwechsel-Checkliste.<\/h3>\n<ul>\n<li>Stallwechsel planen (Zeitplanung, Packen, Transport, Eingew\u00f6hnung)<\/li>\n<li>Einstellvertrag k\u00fcndigen und einen Vertrag mit dem neuen Stall abschlie\u00dfen.<\/li>\n<li>Pferdetransport: Bereite dein Pferd gegebenenfalls auf einen Transport vor, wenn es nicht bereits \u00dcbung darin hat (Verladen und Anh\u00e4ngerfahren ein\u00fcben).<\/li>\n<li>Rund ums Pferd: Transport von Reitausr\u00fcstung und Zubeh\u00f6r wie <a href=\"https:\/\/uelzener.de\/magazin\/pferd\/tiergesundheit\/die-stallapotheke\/\">Stallapotheke<\/a> organisieren und durchf\u00fchren.<\/li>\n<li>F\u00fctterung: Eine m\u00f6gliche Futterumstellung sollte bereits im alten Stall vorbereitet werden.<\/li>\n<li>Das Gel\u00e4nde erkunden: Nach dem Umzug empfiehlt es sich, mit dem Pferd gemeinsam das Gel\u00e4nde zu erkunden und ihm zu erlauben, seine neue Umgebung kennenzulernen.<\/li>\n<li>Eingew\u00f6hnung: Gib deinem Pferd Zeit, sich in der neuen Umgebung einzugew\u00f6hnen. Bei einem Offenstall sollte eine allm\u00e4hliche Eingew\u00f6hnung in die Herde erfolgen. Unter anderem ist dabei wichtig, etwaige Rangordnungsk\u00e4mpfe fr\u00fchzeitig wahrzunehmen und die Eingew\u00f6hnung daran anzupassen. Hier erf\u00e4hrst du mehr zur Eingew\u00f6hnung in eine neue Herde: Pferde vergesellschaften.<\/li>\n<\/ul>\n\n<div class=\"banner\">\n    <a href=\"https:\/\/uelzener.de\/pferd\/herden-versicherung\/?agt=0000104925&sem=true&utm_medium=magazin&utm_source=wordpress&utm_campaign=pferd_herde&utm_content=banner\">\n        <img decoding=\"async\" width=\"300\" height=\"212\" src=\"https:\/\/uelzener.de\/magazin\/app\/uploads\/2025\/01\/Pferde-Herden-Versicherung.jpg\" class=\"attachment-medium size-medium\" alt=\"Banner Pferde-Herden-Versicherung\" \/>    <\/a>\n<\/div>\n\n<ul>\n<li>Vermeide \u00dcberforderung: \u00dcberfordere dein Pferd in der neuen Umgebung nicht. Es sind viele Eindr\u00fccke, die auf das Pferd einwirken, sodass es vielfach sinnvoll ist, seine Trainingsziele zun\u00e4chst ruhen zu lassen.<\/li>\n<\/ul>\n<p>Turnierpferde sind an Ortswechsel gewohnt und tun sich h\u00e4ufig leicht mit einem Stallwechsel. Pferde, die nur selten einen Ortswechsel erlebt haben, k\u00f6nnen sensibler auf einen Stallwechsel reagieren. So kann ein altes Pferd einen Stallwechsel problematisch erleben. Manche Pferde trauern regelrecht um ihre fr\u00fcheren Stallkameraden. Da fragt man sich, wie man das Pferd wom\u00f6glich auf sanfte Weise unterst\u00fctzen kann.<\/p>\n<h3>Hom\u00f6opathie: Helfen Globuli und Bachbl\u00fcten?<\/h3>\n<p>Bei gesundheitlichen Beschwerden ist grunds\u00e4tzlich tier\u00e4rztlicher Rat einzuholen. F\u00fcr die Wirksamkeit hom\u00f6opathischer Behandlungen gibt es keine wissenschaftlichen Nachweise. Dennoch berichten Pferdehalterinnen und Pferdehalter immer wieder von positiven Erfahrungen mit hom\u00f6opathischen Mitteln.<\/p>\n<p>Hom\u00f6opathische Mittel m\u00fcssen auf das jeweilige Pferd abgestimmt sein. Daher lassen sich hierzu keine pauschalen Empfehlungen aussprechen. Am besten l\u00e4sst man sich von Tier\u00e4rztinnen und Tier\u00e4rzten oder Tierheilpraktikerinnen und Tierheilpraktikern beraten, die Erfahrung mit Hom\u00f6opathie haben.<\/p>\n<p>Bei unruhigen und nerv\u00f6sen Pferden k\u00f6nnen Beruhigungsmittel eine Option sein. In jedem Fall sollte die Tier\u00e4rztin oder der Tierarzt entscheiden, ob und wie behandelt werden sollte.<\/p>\n<h2>Wann Reiten nach einem Stallwechsel?<\/h2>\n<p>Der geeignete Zeitpunkt des ersten Reitens nach dem Stallwechsel kann je nach Pferd sehr unterschiedlich sein. Pferde, die Ortswechsel, beispielsweise durch Turnierteilnahmen, gewohnt sind, k\u00f6nnen mitunter bereits am Einzugstag oder am Folgetag geritten werden. Anderen Pferden sollte man wom\u00f6glich eher einige Tage Zeit lassen, sich zun\u00e4chst einzugew\u00f6hnen, das Gel\u00e4nde f\u00fchrend zu erkunden oder auch erst einmal lediglich zu longieren.<\/p>\n<h2>F\u00fcr Reiter:innen: K\u00fcndigungsfristen beachten<\/h2>\n<p>H\u00e4ufig finden sich im Einstellvertrag Angaben zu den K\u00fcndigungsfristen. Gibt es keinen Vertrag oder sind die K\u00fcndigungsfristen nicht im Vorfeld geregelt worden, so gelten die gesetzlichen K\u00fcndigungsfristen. F\u00fcr alle Beteiligten ist ein einvernehmlicher Stallwechsel von Vorteil. Im Zweifel sollte man sich juristisch beraten lassen.<\/p>\n<h2>Fazit<\/h2>\n<p>Ein Stallwechsel ist eine bedeutende Ver\u00e4nderung f\u00fcr Pferde, die gut durchdacht sein sollte. Gr\u00fcnde daf\u00fcr k\u00f6nnen vielf\u00e4ltig sein, von Umz\u00fcgen \u00fcber soziale Unvertr\u00e4glichkeiten bis zu verbesserten Haltungsbedingungen. Eine sorgf\u00e4ltige Vorbereitung ist entscheidend. Dazu geh\u00f6ren beispielsweise Vertrags\u00e4nderungen, Transportplanung und Eingew\u00f6hnungsphasen. Bei gesundheitlichen Problemen sollte stets tier\u00e4rztlicher Rat eingeholt werden. So kann der Stallwechsel bei nerv\u00f6sen Tieren von der Tier\u00e4rztin oder dem Tierarzt beratend begleitet werden. Je nach Pferd ist eine l\u00e4ngere oder k\u00fcrzere Phase der Eingew\u00f6hnung erforderlich. Entscheidend sind stets die individuellen Bed\u00fcrfnisse des jeweiligen Pferdes. Insgesamt sind eine gute Planung und ruhige und m\u00f6glichst entspannte Durchf\u00fchrung des Stallwechsels f\u00f6rderlich f\u00fcr eine leichte Umgew\u00f6hnung.<\/p>\n<p><img decoding=\"async\" class=\"alignnone wp-image-18734 size-large\" src=\"https:\/\/uelzener.de\/magazin\/app\/uploads\/2025\/07\/infografik-drei-vorteile-von-gruppenhaltung-1024x1024.jpg\" alt=\"Infografik der Uelzener Versicherungen: Drei Vorteile von Gruppenhaltungen.\" width=\"1024\" height=\"1024\" srcset=\"https:\/\/uelzener.de\/magazin\/app\/uploads\/2025\/07\/infografik-drei-vorteile-von-gruppenhaltung-1024x1024.jpg 1024w, https:\/\/uelzener.de\/magazin\/app\/uploads\/2025\/07\/infografik-drei-vorteile-von-gruppenhaltung-300x300.jpg 300w, https:\/\/uelzener.de\/magazin\/app\/uploads\/2025\/07\/infografik-drei-vorteile-von-gruppenhaltung-150x150.jpg 150w, https:\/\/uelzener.de\/magazin\/app\/uploads\/2025\/07\/infografik-drei-vorteile-von-gruppenhaltung-768x768.jpg 768w, https:\/\/uelzener.de\/magazin\/app\/uploads\/2025\/07\/infografik-drei-vorteile-von-gruppenhaltung-1026x1026.jpg 1026w, https:\/\/uelzener.de\/magazin\/app\/uploads\/2025\/07\/infografik-drei-vorteile-von-gruppenhaltung-668x668.jpg 668w, https:\/\/uelzener.de\/magazin\/app\/uploads\/2025\/07\/infografik-drei-vorteile-von-gruppenhaltung.jpg 1080w\" sizes=\"(max-width: 1024px) 100vw, 1024px\" \/><\/p>\n<h2>FAQ: H\u00e4ufig gestellte Fragen zu Stallwechsel<\/h2>\n<h3>Wie schnell gew\u00f6hnt sich ein Pferd an einen neuen Stall?<\/h3>\n<p>Die Eingew\u00f6hnungszeit in einem neuen Stall kann sehr unterschiedlich lang sein. Von einigen Tagen bis zu Wochen kommt alles vor. Die L\u00e4nge der Eingew\u00f6hnung h\u00e4ngt beispielsweise davon ab, wie gut sich ein Pferd generell auf Ver\u00e4nderungen einstellen kann, aber auch Herdenstruktur und Umstellung von Boxen- auf Offenstall- Haltung k\u00f6nnen neben vielen anderen Faktoren eine Rolle spielen. Wichtig ist, seinem Vierbeiner die M\u00f6glichkeit zu geben, sich die neue Umgebung vertraut machen zu k\u00f6nnen. Dazu empfiehlt es sich die Zeit zu nehmen, mit dem Pferd \u00fcber das Gel\u00e4nde zu spazieren und ihm alles zu zeigen bzw. es auch im Rahmen der M\u00f6glichkeiten selbst beschnuppern zu lassen.<\/p>\n","protected":false},"excerpt":{"rendered":"<p>Dein Pferd soll den Stall wechseln oder ist gerade dabei, sich in einer neuen Umgebung einzuleben? Hier erf\u00e4hrst du, was du dabei beachten solltest. Wann ist es Zeit f\u00fcr einen Stallwechsel? F\u00fcr einen Stallwechsel kann es ganz verschiedene Gr\u00fcnde geben. Du ziehst selbst um und brauchst auch f\u00fcr dein Pferd ein neues Zuhause. Dein Pferd [&hellip;]<\/p>\n","protected":false},"author":11,"featured_media":16921,"parent":11678,"menu_order":1,"comment_status":"closed","ping_status":"closed","template":"templates\/blog.php","meta":{"_acf_changed":false,"_crdt_document":"","footnotes":"","beyondwords_generate_audio":"0","beyondwords_project_id":"","beyondwords_content_id":"","beyondwords_preview_token":"","beyondwords_player_style":"","beyondwords_language_id":"","beyondwords_title_voice_id":"","beyondwords_body_voice_id":"","beyondwords_summary_voice_id":"","beyondwords_error_message":"","beyondwords_disabled":"","beyondwords_delete_content":"","beyondwords_podcast_id":"","beyondwords_hash":"","publish_post_to_speechkit":"","speechkit_hash":"","speechkit_generate_audio":"","speechkit_project_id":"","speechkit_podcast_id":"","speechkit_error_message":"","speechkit_disabled":"","speechkit_access_key":"","speechkit_error":"","speechkit_info":"","speechkit_response":"","speechkit_retries":"","speechkit_status":"","speechkit_updated_at":"","_speechkit_link":"","_speechkit_text":""},"class_list":["post-16920","page","type-page","status-publish","has-post-thumbnail","hentry"],"acf":[],"yoast_head":"<!-- This site is optimized with the Yoast SEO Premium plugin  - https:\/\/yoast.com\/product\/yoast-seo-premium-wordpress\/ -->\n<title>Stallwechsel: Pferd klebt &amp; wie du ihm helfen kannst | Uelzener Magazin<\/title>\n<meta name=\"description\" content=\"Gr\u00fcnde f\u00fcr einen Stallwechsel: Das solltest du beim Stallwechsel beachten!\" \/>\n<meta name=\"robots\" content=\"index, follow, max-snippet:-1, max-image-preview:large, max-video-preview:-1\" \/>\n<link rel=\"canonical\" href=\"https:\/\/uelzener.de\/magazin\/pferd\/haltung\/stallwechsel-pferd-klebt\/\" \/>\n<meta property=\"og:locale\" content=\"de_DE\" \/>\n<meta property=\"og:type\" content=\"article\" \/>\n<meta property=\"og:title\" content=\"Stallwechsel: Pferd klebt &amp; wie du ihm helfen kannst\" \/>\n<meta property=\"og:description\" content=\"Gr\u00fcnde f\u00fcr einen Stallwechsel: Das solltest du beim Stallwechsel beachten!\" \/>\n<meta property=\"og:url\" content=\"https:\/\/uelzener.de\/magazin\/pferd\/haltung\/stallwechsel-pferd-klebt\/\" \/>\n<meta property=\"og:site_name\" content=\"Uelzener Tier-Magazin\" \/>\n<meta property=\"article:publisher\" content=\"https:\/\/www.facebook.com\/Uelzener\" \/>\n<meta property=\"article:modified_time\" content=\"2025-07-28T10:57:09+00:00\" \/>\n<meta property=\"og:image\" content=\"https:\/\/uelzener.de\/magazin\/app\/uploads\/2024\/01\/pferd-stallwechsel.jpg\" \/>\n\t<meta property=\"og:image:width\" content=\"1025\" \/>\n\t<meta property=\"og:image:height\" content=\"450\" \/>\n\t<meta property=\"og:image:type\" content=\"image\/jpeg\" \/>\n<meta name=\"twitter:card\" content=\"summary_large_image\" \/>\n<meta name=\"twitter:label1\" content=\"Gesch\u00e4tzte Lesezeit\" \/>\n\t<meta name=\"twitter:data1\" content=\"6\u00a0Minuten\" \/>\n<script type=\"application\/ld+json\" class=\"yoast-schema-graph\">{\"@context\":\"https:\/\/schema.org\",\"@graph\":[{\"@type\":\"WebPage\",\"@id\":\"https:\/\/uelzener.de\/magazin\/pferd\/haltung\/stallwechsel-pferd-klebt\/\",\"url\":\"https:\/\/uelzener.de\/magazin\/pferd\/haltung\/stallwechsel-pferd-klebt\/\",\"name\":\"Stallwechsel: Pferd klebt & wie du ihm helfen kannst | Uelzener Magazin\",\"isPartOf\":{\"@id\":\"https:\/\/uelzener.de\/magazin\/#website\"},\"primaryImageOfPage\":{\"@id\":\"https:\/\/uelzener.de\/magazin\/pferd\/haltung\/stallwechsel-pferd-klebt\/#primaryimage\"},\"image\":{\"@id\":\"https:\/\/uelzener.de\/magazin\/pferd\/haltung\/stallwechsel-pferd-klebt\/#primaryimage\"},\"thumbnailUrl\":\"https:\/\/uelzener.de\/magazin\/app\/uploads\/2024\/01\/pferd-stallwechsel.jpg\",\"datePublished\":\"2024-01-24T11:12:53+00:00\",\"dateModified\":\"2025-07-28T10:57:09+00:00\",\"description\":\"Gr\u00fcnde f\u00fcr einen Stallwechsel: Das solltest du beim Stallwechsel beachten!\",\"breadcrumb\":{\"@id\":\"https:\/\/uelzener.de\/magazin\/pferd\/haltung\/stallwechsel-pferd-klebt\/#breadcrumb\"},\"inLanguage\":\"de\",\"potentialAction\":[{\"@type\":\"ReadAction\",\"target\":[\"https:\/\/uelzener.de\/magazin\/pferd\/haltung\/stallwechsel-pferd-klebt\/\"]}]},{\"@type\":\"ImageObject\",\"inLanguage\":\"de\",\"@id\":\"https:\/\/uelzener.de\/magazin\/pferd\/haltung\/stallwechsel-pferd-klebt\/#primaryimage\",\"url\":\"https:\/\/uelzener.de\/magazin\/app\/uploads\/2024\/01\/pferd-stallwechsel.jpg\",\"contentUrl\":\"https:\/\/uelzener.de\/magazin\/app\/uploads\/2024\/01\/pferd-stallwechsel.jpg\",\"width\":1025,\"height\":450,\"caption\":\"Pferde im Stall.\"},{\"@type\":\"WebSite\",\"@id\":\"https:\/\/uelzener.de\/magazin\/#website\",\"url\":\"https:\/\/uelzener.de\/magazin\/\",\"name\":\"Uelzener Tiermagazin\",\"description\":\"Online Tierratgeber der Uelzener Versicherungen\",\"publisher\":{\"@id\":\"https:\/\/uelzener.de\/magazin\/#organization\"},\"potentialAction\":[{\"@type\":\"SearchAction\",\"target\":{\"@type\":\"EntryPoint\",\"urlTemplate\":\"https:\/\/uelzener.de\/magazin\/?s={search_term_string}\"},\"query-input\":{\"@type\":\"PropertyValueSpecification\",\"valueRequired\":true,\"valueName\":\"search_term_string\"}}],\"inLanguage\":\"de\"},{\"@type\":\"Organization\",\"@id\":\"https:\/\/uelzener.de\/magazin\/#organization\",\"name\":\"Uelzener Versicherungen\",\"url\":\"https:\/\/uelzener.de\/magazin\/\",\"logo\":{\"@type\":\"ImageObject\",\"inLanguage\":\"de\",\"@id\":\"https:\/\/uelzener.de\/magazin\/#\/schema\/logo\/image\/\",\"url\":\"https:\/\/uelzener.de\/magazin\/app\/uploads\/2024\/11\/uelzener_allgemeine_versicherungsgesellschaft_a_g_logo.jpg\",\"contentUrl\":\"https:\/\/uelzener.de\/magazin\/app\/uploads\/2024\/11\/uelzener_allgemeine_versicherungsgesellschaft_a_g_logo.jpg\",\"width\":200,\"height\":200,\"caption\":\"Uelzener Versicherungen\"},\"image\":{\"@id\":\"https:\/\/uelzener.de\/magazin\/#\/schema\/logo\/image\/\"},\"sameAs\":[\"https:\/\/www.facebook.com\/Uelzener\",\"https:\/\/instagram.com\/uelzener\",\"https:\/\/www.xing.com\/pages\/uelzenerallgemeineversicherungs-gesellschafta-g\",\"https:\/\/www.youtube.com\/UelzenerVersicherungen\"]}]}<\/script>\n<!-- \/ Yoast SEO Premium plugin. -->","yoast_head_json":{"title":"Stallwechsel: Pferd klebt & wie du ihm helfen kannst | Uelzener Magazin","description":"Gr\u00fcnde f\u00fcr einen Stallwechsel: Das solltest du beim Stallwechsel beachten!","robots":{"index":"index","follow":"follow","max-snippet":"max-snippet:-1","max-image-preview":"max-image-preview:large","max-video-preview":"max-video-preview:-1"},"canonical":"https:\/\/uelzener.de\/magazin\/pferd\/haltung\/stallwechsel-pferd-klebt\/","og_locale":"de_DE","og_type":"article","og_title":"Stallwechsel: Pferd klebt & wie du ihm helfen kannst","og_description":"Gr\u00fcnde f\u00fcr einen Stallwechsel: Das solltest du beim Stallwechsel beachten!","og_url":"https:\/\/uelzener.de\/magazin\/pferd\/haltung\/stallwechsel-pferd-klebt\/","og_site_name":"Uelzener Tier-Magazin","article_publisher":"https:\/\/www.facebook.com\/Uelzener","article_modified_time":"2025-07-28T10:57:09+00:00","og_image":[{"width":1025,"height":450,"url":"https:\/\/uelzener.de\/magazin\/app\/uploads\/2024\/01\/pferd-stallwechsel.jpg","type":"image\/jpeg"}],"twitter_card":"summary_large_image","twitter_misc":{"Gesch\u00e4tzte Lesezeit":"6\u00a0Minuten"},"schema":{"@context":"https:\/\/schema.org","@graph":[{"@type":"WebPage","@id":"https:\/\/uelzener.de\/magazin\/pferd\/haltung\/stallwechsel-pferd-klebt\/","url":"https:\/\/uelzener.de\/magazin\/pferd\/haltung\/stallwechsel-pferd-klebt\/","name":"Stallwechsel: Pferd klebt & wie du ihm helfen kannst | Uelzener Magazin","isPartOf":{"@id":"https:\/\/uelzener.de\/magazin\/#website"},"primaryImageOfPage":{"@id":"https:\/\/uelzener.de\/magazin\/pferd\/haltung\/stallwechsel-pferd-klebt\/#primaryimage"},"image":{"@id":"https:\/\/uelzener.de\/magazin\/pferd\/haltung\/stallwechsel-pferd-klebt\/#primaryimage"},"thumbnailUrl":"https:\/\/uelzener.de\/magazin\/app\/uploads\/2024\/01\/pferd-stallwechsel.jpg","datePublished":"2024-01-24T11:12:53+00:00","dateModified":"2025-07-28T10:57:09+00:00","description":"Gr\u00fcnde f\u00fcr einen Stallwechsel: Das solltest du beim Stallwechsel beachten!","breadcrumb":{"@id":"https:\/\/uelzener.de\/magazin\/pferd\/haltung\/stallwechsel-pferd-klebt\/#breadcrumb"},"inLanguage":"de","potentialAction":[{"@type":"ReadAction","target":["https:\/\/uelzener.de\/magazin\/pferd\/haltung\/stallwechsel-pferd-klebt\/"]}]},{"@type":"ImageObject","inLanguage":"de","@id":"https:\/\/uelzener.de\/magazin\/pferd\/haltung\/stallwechsel-pferd-klebt\/#primaryimage","url":"https:\/\/uelzener.de\/magazin\/app\/uploads\/2024\/01\/pferd-stallwechsel.jpg","contentUrl":"https:\/\/uelzener.de\/magazin\/app\/uploads\/2024\/01\/pferd-stallwechsel.jpg","width":1025,"height":450,"caption":"Pferde im Stall."},{"@type":"WebSite","@id":"https:\/\/uelzener.de\/magazin\/#website","url":"https:\/\/uelzener.de\/magazin\/","name":"Uelzener Tiermagazin","description":"Online Tierratgeber der Uelzener Versicherungen","publisher":{"@id":"https:\/\/uelzener.de\/magazin\/#organization"},"potentialAction":[{"@type":"SearchAction","target":{"@type":"EntryPoint","urlTemplate":"https:\/\/uelzener.de\/magazin\/?s={search_term_string}"},"query-input":{"@type":"PropertyValueSpecification","valueRequired":true,"valueName":"search_term_string"}}],"inLanguage":"de"},{"@type":"Organization","@id":"https:\/\/uelzener.de\/magazin\/#organization","name":"Uelzener Versicherungen","url":"https:\/\/uelzener.de\/magazin\/","logo":{"@type":"ImageObject","inLanguage":"de","@id":"https:\/\/uelzener.de\/magazin\/#\/schema\/logo\/image\/","url":"https:\/\/uelzener.de\/magazin\/app\/uploads\/2024\/11\/uelzener_allgemeine_versicherungsgesellschaft_a_g_logo.jpg","contentUrl":"https:\/\/uelzener.de\/magazin\/app\/uploads\/2024\/11\/uelzener_allgemeine_versicherungsgesellschaft_a_g_logo.jpg","width":200,"height":200,"caption":"Uelzener Versicherungen"},"image":{"@id":"https:\/\/uelzener.de\/magazin\/#\/schema\/logo\/image\/"},"sameAs":["https:\/\/www.facebook.com\/Uelzener","https:\/\/instagram.com\/uelzener","https:\/\/www.xing.com\/pages\/uelzenerallgemeineversicherungs-gesellschafta-g","https:\/\/www.youtube.com\/UelzenerVersicherungen"]}]}},"_links":{"self":[{"href":"https:\/\/uelzener.de\/magazin\/wp-json\/wp\/v2\/pages\/16920","targetHints":{"allow":["GET"]}}],"collection":[{"href":"https:\/\/uelzener.de\/magazin\/wp-json\/wp\/v2\/pages"}],"about":[{"href":"https:\/\/uelzener.de\/magazin\/wp-json\/wp\/v2\/types\/page"}],"author":[{"embeddable":true,"href":"https:\/\/uelzener.de\/magazin\/wp-json\/wp\/v2\/users\/11"}],"replies":[{"embeddable":true,"href":"https:\/\/uelzener.de\/magazin\/wp-json\/wp\/v2\/comments?post=16920"}],"version-history":[{"count":6,"href":"https:\/\/uelzener.de\/magazin\/wp-json\/wp\/v2\/pages\/16920\/revisions"}],"predecessor-version":[{"id":18736,"href":"https:\/\/uelzener.de\/magazin\/wp-json\/wp\/v2\/pages\/16920\/revisions\/18736"}],"up":[{"embeddable":true,"href":"https:\/\/uelzener.de\/magazin\/wp-json\/wp\/v2\/pages\/11678"}],"wp:featuredmedia":[{"embeddable":true,"href":"https:\/\/uelzener.de\/magazin\/wp-json\/wp\/v2\/media\/16921"}],"wp:attachment":[{"href":"https:\/\/uelzener.de\/magazin\/wp-json\/wp\/v2\/media?parent=16920"}],"curies":[{"name":"wp","href":"https:\/\/api.w.org\/{rel}","templated":true}]}}