{"id":16916,"date":"2024-01-24T12:02:03","date_gmt":"2024-01-24T11:02:03","guid":{"rendered":"https:\/\/uelzener.de\/magazin\/?page_id=16916"},"modified":"2025-07-07T11:54:10","modified_gmt":"2025-07-07T09:54:10","slug":"mondblindheit","status":"publish","type":"page","link":"https:\/\/uelzener.de\/magazin\/pferd\/tiergesundheit\/mondblindheit\/","title":{"rendered":"Mondblindheit: Symptome, Behandlung und Ansteckungsgefahr"},"content":{"rendered":"<p class=\"ai-optimize-6 ai-optimize-introduction\">Mondblindheit ist eine wiederkehrende Augenerkrankung. Dabei ist der Begriff Mondblindheit ein umgangssprachlicher Ausdruck f\u00fcr eine Equine rezidivierende Uveitis (ERU). Diese periodische Augenentz\u00fcndung zeichnet sich durch wiederkehrende Sch\u00fcbe aus, die die Augen langfristig sch\u00e4digen, sodass Pferde dabei erblinden k\u00f6nnen. Es k\u00f6nnen Monate oder auch Jahre zwischen den einzelnen Sch\u00fcben vergehen. Der Name \u201eMondblindheit\u201c ist aufgrund der \u00c4hnlichkeit zwischen dem periodischen Verlauf der Erkrankung mit dem Mondphasenzyklus entstanden. Hier beleuchten wir die verschiedenen Arten der Mondblindheit, deren Ursachen, Symptome und Behandlung.<\/p>\n<h2 class=\"ai-optimize-7\">Arten der Mondblindheit<\/h2>\n<p class=\"ai-optimize-8\">Die Equine rezidivierende Uveitis (ERU) ist eine der Hauptursachen f\u00fcr die Erblindung bei Pferden. Bei der ERU kommt es zu einer Entz\u00fcndung der Aderhaut inklusive weiterer Bereiche des Auges wie Hornhaut, Linse, Glask\u00f6rper und Netzhaut.<\/p>\n<p class=\"ai-optimize-9\">Es gibt verschiedene Arten der Mondblindheit, die sich in ihrer Symptomatik unterscheiden.<\/p>\n<h3 class=\"ai-optimize-10\">Klassische ERU<\/h3>\n<p class=\"ai-optimize-11\">Bei der klassischen ERU kommt es zu einem schmerzhaften Verlauf, bei dem sich das Auge eintr\u00fcbt. Sie ist die verbreitetste Form der EUR in Europa.<\/p>\n<h3 class=\"ai-optimize-12\">Tigerschecken-ERU<\/h3>\n<p class=\"ai-optimize-13\">Die bei bestimmten Pferderassen, vor allem in den USA vorkommende Form der ERU ist erblich bedingt und verl\u00e4uft in der Regel schmerzfrei.<\/p>\n<h3 class=\"ai-optimize-14\">Hintere ERU<\/h3>\n<p class=\"ai-optimize-15\">Die hintere ERU verl\u00e4uft schleichend und weniger schmerzhaft, sodass sie h\u00e4ufig erst relativ sp\u00e4t erkannt wird.<\/p>\n<h2 class=\"ai-optimize-16\">Ursachen fu\u0308r Mondblindheit beim Pferd<\/h2>\n<p class=\"ai-optimize-17\">Was verursacht Mondblindheit bei einem Pferd? F\u00fcr die Equine rezidivierende Uveitis kann es folgende verschiedene Ursachen geben:<\/p>\n<ul>\n<li class=\"ai-optimize-18\">Leptospiren: Die Bakterien gelten als h\u00e4ufigste Ursache f\u00fcr eine Equine rezidivierende Uveitis.<\/li>\n<li class=\"ai-optimize-19\">Infektionen mit Viren und Parasiten<\/li>\n<li class=\"ai-optimize-20\">Giftstoffe<\/li>\n<li class=\"ai-optimize-21\">Erbliche Faktoren<\/li>\n<li class=\"ai-optimize-22\">Autoimmunerkrankung<\/li>\n<\/ul>\n<h2 class=\"ai-optimize-23\">Symptome: Mondblindheit erkennen<\/h2>\n<p class=\"ai-optimize-24\">Der Verlauf der Erkrankung ist nicht einheitlich. Folgende Symptome k\u00f6nnen an einem oder beiden Augen auftreten:<\/p>\n<ul>\n<li class=\"ai-optimize-25\">tr\u00e4nende Augen<\/li>\n<li class=\"ai-optimize-26\">zusammengekniffene Lider<\/li>\n<li class=\"ai-optimize-27\">Binde- und Hornhaut geschwollen<\/li>\n<li class=\"ai-optimize-28\">geschwollenes Oberlid<\/li>\n<li class=\"ai-optimize-29\">Lichtempfindlichkeit<\/li>\n<li class=\"ai-optimize-30\">Hornhaut vom Rand ausgehend milchig getr\u00fcbt<\/li>\n<li class=\"ai-optimize-31\">schlitzf\u00f6rmig verengte Pupille<\/li>\n<li class=\"ai-optimize-32\">Schmerzen (vor allem bei der klassischen Form)<\/li>\n<\/ul>\n<h2 class=\"ai-optimize-33\">Behandlungen<\/h2>\n<p class=\"ai-optimize-34\">Die Mondblindheit wird zumeist wie andere akute Augenentz\u00fcndungen mit Salbe bzw. Augentropfen behandelt. Au\u00dferdem k\u00f6nnen Schmerzmittel gegeben werden.<\/p>\n<h3 class=\"ai-optimize-35\">Medikamente<\/h3>\n<ul>\n<li class=\"ai-optimize-36\">Atropin-Augensalbe<\/li>\n<li class=\"ai-optimize-37\">Kortison-Augensalbe<\/li>\n<li class=\"ai-optimize-38\">Atropin-Augentropfen<\/li>\n<li class=\"ai-optimize-39\">Augensalbe mit Dexamethason<\/li>\n<li class=\"ai-optimize-40\">Schmerzmittel \u00fcber die Maulh\u00f6hle<\/li>\n<\/ul>\n<h3 class=\"ai-optimize-41\">Hausmittel und Hom\u00f6opathie<\/h3>\n<p class=\"ai-optimize-42\">Die Behandlung einer Equine rezidivierende Uveitis geh\u00f6rt in tier\u00e4rztliche H\u00e4nde. Dennoch k\u00f6nnen Pferdehalterinnen und Pferdehalter einiges tun, um ihrem erkrankten Pferd zu helfen.<\/p>\n<ul>\n<li class=\"ai-optimize-43\">Die durch die Erkrankung lichtempfindlichen Augen des Pferdes mittels Augenmaske, Kompressen, Kopfverband oder Aufenthalt im dunklen Stall oder im Schatten sch\u00fctzen.<\/li>\n<li class=\"ai-optimize-44\">W\u00e4hrend eines Schubs sollte das Pferd absolute Stallruhe halten.<\/li>\n<li class=\"ai-optimize-45\">F\u00fcr sorgf\u00e4ltige Stallhygiene sorgen und eine \u00dcbertragung von Leptospiren durch Kleinnager vermeiden<\/li>\n<li class=\"ai-optimize-46\">Tabelle S. 219: Hausmittel, Sp\u00fclungen, Akupressur, Massage, Bachbl\u00fcten, Kr\u00e4uter, F\u00fctterung<\/li>\n<\/ul>\n<h3 class=\"ai-optimize-47\">Operation<\/h3>\n<p class=\"ai-optimize-48\">Um die wiederkehrenden Entz\u00fcndungssch\u00fcbe zu vermeiden und eine weitere Zerst\u00f6rung des Auges zu verhindern, kann eine Vitrektomie durchgef\u00fchrt werden. Hierbei wird die von den entz\u00fcndungsf\u00f6rdernenden Leptospiren befallene geleeartige Masse hinter der Linse entfernt. Eine Vitrektomie kann mittlerweile minimalinvasiv durchgef\u00fchrt werden und hat in der Regel gute Erfolgsaussichten. Die bis zum Eingriff erfolgenden Sch\u00e4digungen des Auges sind irreversibel und damit nicht mehr zu heilen.<\/p>\n<p class=\"ai-optimize-49\">Bei einigen Pferderassen (Appaloosa und Paint Horse) ist die Operation nicht wirksam, weil die Augenentz\u00fcndung hier in Form einer Autoimmunerkrankung auftritt. F\u00fcr betroffene Pferde gibt es die M\u00f6glichkeit, ein Implantat einzusetzen, dass Stoffe abgibt, die die negative Entwicklung unterbinden k\u00f6nnen. Bei diesen Pferdera<\/p>\n<p class=\"ai-optimize-58\">\n<div class=\"related_articles boxed\">\n    <h2>Mehr zum Thema<\/h2>\n    \n    <div class=\"wrapper\"><div class=\"title align-center\"><h3><a href=\"https:\/\/uelzener.de\/magazin\/pferd\/tiergesundheit\/augenoperation-beim-pferd-vitrektomie\/\">Augenoperation beim Pferd: Wann eine Vitrektomie sinnvoll ist<\/a><\/h3><\/div><div class=\"img align-center\"><img decoding=\"async\" width=\"315\" height=\"180\" src=\"https:\/\/uelzener.de\/magazin\/app\/uploads\/2025\/07\/vitrektomie-pferd-315x180.jpg\" class=\"attachment-315x180 size-315x180 wp-post-image\" alt=\"Pferd wird am Auge operiert.\" \/><\/div><\/div><div class=\"wrapper\"><div class=\"title align-center\"><h3><a href=\"https:\/\/uelzener.de\/magazin\/pferd\/tiergesundheit\/pferdeauge-sensibles-sehorgan\/\">Pferdeauge: Sensibles Sehorgan<\/a><\/h3><\/div><div class=\"img align-center\"><img decoding=\"async\" width=\"315\" height=\"180\" src=\"https:\/\/uelzener.de\/magazin\/app\/uploads\/2021\/12\/Pferd_sensibles_Sehorgan-315x180.jpg\" class=\"attachment-315x180 size-315x180 wp-post-image\" alt=\"Tier\u00e4rztin kotrolliert bei braunem Pferd das Auto\" \/><\/div><\/div><div class=\"wrapper\"><div class=\"title align-center\"><h3><a href=\"https:\/\/uelzener.de\/magazin\/pferd\/haeufige-fragen\/liste-haeufigste-pferdekrankheiten-operationen\/\">Liste der h\u00e4ufigsten Pferdekrankheiten und Operationen<\/a><\/h3><\/div><div class=\"img align-center\"><img decoding=\"async\" width=\"315\" height=\"180\" src=\"https:\/\/uelzener.de\/magazin\/app\/uploads\/2023\/01\/haeufige-pferdekrankheiten-operationen-315x180.jpg\" class=\"attachment-315x180 size-315x180 wp-post-image\" alt=\"\u00c4rztin untersucht Pferd auf Krankheiten. Wird eine OP notwendig sein?\" \/><\/div><\/div><\/div>\n<\/p>\n<h2 class=\"ai-optimize-50\">Fazit<\/h2>\n<p class=\"ai-optimize-51\">Mondblindheit (Equine rezidivierende Uveitis) geh\u00f6rt zu einer der h\u00e4ufigsten Pferdekrankheiten des Auges beim Pferd. Die periodische Augenentz\u00fcndung verl\u00e4uft periodisch in unregelm\u00e4\u00dfigen Sch\u00fcben und kann zur Einschr\u00e4nkung der Sehf\u00e4higkeit bis hin zur Erblindung f\u00fchren. Hauptursache ist ein Bakterienbefall mit Leptospiren. Dieser f\u00fchrt zu der verbreitetsten Art von ERU, der klassischen Variante. Daneben gibt es noch die hintere ERU und die Tigerschecken-ERU. Je nach Ursachen und Verlauf erfolgt eine Behandlung der akuten Entz\u00fcndung mit Medikamenten und Operation. Die Sch\u00e4digungen der Mondblindheit sind irreversibel. Es k\u00f6nnen lediglich Symptome gelindert und mittels operativen Eingriffen der weitere Verlauf der Krankheit verlangsamt werden.<\/p>\n<h2 class=\"ai-optimize-52\">FAQ: H\u00e4ufig gestellte Fragen zu Mondblindheit<\/h2>\n<h3 class=\"ai-optimize-53\">Ist die Mondblindheit bei Pferden ansteckend?<\/h3>\n<p class=\"ai-optimize-54\">Mondblindheit (Equine rezidivierende Uveitis) ist nicht ansteckend. Die Ursache liegt im Allgemeinen in einer Infektion mit Leptospiren. Diese erfolgt \u00fcber die direkte Infektion durch den Harn von Nagetieren, mit dem Pferde beispielsweise durch den Boden von Stall, Koppel oder stehende Gew\u00e4sser in Kontakt kommen.<\/p>\n<h3 class=\"ai-optimize-55\">Kann ein Pferd mit Mondblindheit leben?<\/h3>\n<p class=\"ai-optimize-56\">Das Sehorgan ist f\u00fcr Pferde ein besonders wichtiges Organ. Dennoch k\u00f6nnen Pferde auch mit Seheinschr\u00e4nkungen oder gar erblindet bei entsprechender F\u00fcrsorge und Pflege ein gutes Leben f\u00fchren. Dabei sollte nat\u00fcrlich alles daf\u00fcr getan werden, dass das Pferd nicht leidet und beispielsweise sichergestellt ist, dass es keine Schmerzen erdulden muss. Bei gesundheitlichen Einschr\u00e4nkungen ist die tier\u00e4rztliche Betreuung besonders wichtig. Mit einer Pferdekrankenversicherung beh\u00e4lt man auch bei chronischen gesundheitlichen Problemen die Tierarztkosten im Griff.<\/p>\n<p class=\"ai-optimize-57\">\n<div class=\"banner\">\n    <a href=\"https:\/\/uelzener.de\/pferd\/herden-versicherung\/?agt=0000104925&sem=true&utm_medium=magazin&utm_source=wordpress&utm_campaign=pferd_kv&utm_content=banner    \">\n        <img decoding=\"async\" width=\"300\" height=\"212\" src=\"https:\/\/uelzener.de\/magazin\/app\/uploads\/2025\/01\/Pferde-Kranken-Versicherung.jpg\" class=\"attachment-medium size-medium\" alt=\"Banner Pferde-Kranken-Versicherung\" \/>    <\/a>\n<\/div>\n<\/p>\n","protected":false},"excerpt":{"rendered":"<p>Mondblindheit ist eine wiederkehrende Augenerkrankung. Dabei ist der Begriff Mondblindheit ein umgangssprachlicher Ausdruck f\u00fcr eine Equine rezidivierende Uveitis (ERU). Diese periodische Augenentz\u00fcndung zeichnet sich durch wiederkehrende Sch\u00fcbe aus, die die Augen langfristig sch\u00e4digen, sodass Pferde dabei erblinden k\u00f6nnen. Es k\u00f6nnen Monate oder auch Jahre zwischen den einzelnen Sch\u00fcben vergehen. Der Name \u201eMondblindheit\u201c ist aufgrund der [&hellip;]<\/p>\n","protected":false},"author":11,"featured_media":16918,"parent":11706,"menu_order":7,"comment_status":"closed","ping_status":"closed","template":"templates\/blog.php","meta":{"_acf_changed":false,"_crdt_document":"","footnotes":"","beyondwords_generate_audio":"0","beyondwords_project_id":"","beyondwords_content_id":"","beyondwords_preview_token":"","beyondwords_player_style":"","beyondwords_language_id":"","beyondwords_title_voice_id":"","beyondwords_body_voice_id":"","beyondwords_summary_voice_id":"","beyondwords_error_message":"","beyondwords_disabled":"","beyondwords_delete_content":"","beyondwords_podcast_id":"","beyondwords_hash":"","publish_post_to_speechkit":"","speechkit_hash":"","speechkit_generate_audio":"","speechkit_project_id":"","speechkit_podcast_id":"","speechkit_error_message":"","speechkit_disabled":"","speechkit_access_key":"","speechkit_error":"","speechkit_info":"","speechkit_response":"","speechkit_retries":"","speechkit_status":"","speechkit_updated_at":"","_speechkit_link":"","_speechkit_text":""},"class_list":["post-16916","page","type-page","status-publish","has-post-thumbnail","hentry"],"acf":[],"yoast_head":"<!-- This site is optimized with the Yoast SEO Premium plugin  - https:\/\/yoast.com\/product\/yoast-seo-premium-wordpress\/ -->\n<title>Mondblindheit: Symptome, Behandlung und Ansteckungsgefahr | Uelzener Magazin<\/title>\n<meta name=\"description\" content=\"Mondblindheit oder Equine rezidivierende Uveitis (ERU). Alle Infos zu Arten \u2714 Ursachen \u2714 Symptome \u2714 Behandlung \u2714\" \/>\n<meta name=\"robots\" content=\"index, follow, max-snippet:-1, max-image-preview:large, max-video-preview:-1\" \/>\n<link rel=\"canonical\" href=\"https:\/\/uelzener.de\/magazin\/pferd\/tiergesundheit\/mondblindheit\/\" \/>\n<meta property=\"og:locale\" content=\"de_DE\" \/>\n<meta property=\"og:type\" content=\"article\" \/>\n<meta property=\"og:title\" content=\"Mondblindheit: Symptome, Behandlung und Ansteckungsgefahr\" \/>\n<meta property=\"og:description\" content=\"Mondblindheit oder Equine rezidivierende Uveitis (ERU). Alle Infos zu Arten \u2714 Ursachen \u2714 Symptome \u2714 Behandlung \u2714\" \/>\n<meta property=\"og:url\" content=\"https:\/\/uelzener.de\/magazin\/pferd\/tiergesundheit\/mondblindheit\/\" \/>\n<meta property=\"og:site_name\" content=\"Uelzener Tier-Magazin\" \/>\n<meta property=\"article:publisher\" content=\"https:\/\/www.facebook.com\/Uelzener\" \/>\n<meta property=\"article:modified_time\" content=\"2025-07-07T09:54:10+00:00\" \/>\n<meta property=\"og:image\" content=\"https:\/\/uelzener.de\/magazin\/app\/uploads\/2024\/01\/pferd-mondblindheit.jpg\" \/>\n\t<meta property=\"og:image:width\" content=\"1025\" \/>\n\t<meta property=\"og:image:height\" content=\"450\" \/>\n\t<meta property=\"og:image:type\" content=\"image\/jpeg\" \/>\n<meta name=\"twitter:card\" content=\"summary_large_image\" \/>\n<meta name=\"twitter:label1\" content=\"Gesch\u00e4tzte Lesezeit\" \/>\n\t<meta name=\"twitter:data1\" content=\"5\u00a0Minuten\" \/>\n<script type=\"application\/ld+json\" class=\"yoast-schema-graph\">{\"@context\":\"https:\/\/schema.org\",\"@graph\":[{\"@type\":\"WebPage\",\"@id\":\"https:\/\/uelzener.de\/magazin\/pferd\/tiergesundheit\/mondblindheit\/\",\"url\":\"https:\/\/uelzener.de\/magazin\/pferd\/tiergesundheit\/mondblindheit\/\",\"name\":\"Mondblindheit: Symptome, Behandlung und Ansteckungsgefahr | Uelzener Magazin\",\"isPartOf\":{\"@id\":\"https:\/\/uelzener.de\/magazin\/#website\"},\"primaryImageOfPage\":{\"@id\":\"https:\/\/uelzener.de\/magazin\/pferd\/tiergesundheit\/mondblindheit\/#primaryimage\"},\"image\":{\"@id\":\"https:\/\/uelzener.de\/magazin\/pferd\/tiergesundheit\/mondblindheit\/#primaryimage\"},\"thumbnailUrl\":\"https:\/\/uelzener.de\/magazin\/app\/uploads\/2024\/01\/pferd-mondblindheit.jpg\",\"datePublished\":\"2024-01-24T11:02:03+00:00\",\"dateModified\":\"2025-07-07T09:54:10+00:00\",\"description\":\"Mondblindheit oder Equine rezidivierende Uveitis (ERU). Alle Infos zu Arten \u2714 Ursachen \u2714 Symptome \u2714 Behandlung \u2714\",\"breadcrumb\":{\"@id\":\"https:\/\/uelzener.de\/magazin\/pferd\/tiergesundheit\/mondblindheit\/#breadcrumb\"},\"inLanguage\":\"de\",\"potentialAction\":[{\"@type\":\"ReadAction\",\"target\":[\"https:\/\/uelzener.de\/magazin\/pferd\/tiergesundheit\/mondblindheit\/\"]}]},{\"@type\":\"ImageObject\",\"inLanguage\":\"de\",\"@id\":\"https:\/\/uelzener.de\/magazin\/pferd\/tiergesundheit\/mondblindheit\/#primaryimage\",\"url\":\"https:\/\/uelzener.de\/magazin\/app\/uploads\/2024\/01\/pferd-mondblindheit.jpg\",\"contentUrl\":\"https:\/\/uelzener.de\/magazin\/app\/uploads\/2024\/01\/pferd-mondblindheit.jpg\",\"width\":1025,\"height\":450,\"caption\":\"Blindes Pferd.\"},{\"@type\":\"WebSite\",\"@id\":\"https:\/\/uelzener.de\/magazin\/#website\",\"url\":\"https:\/\/uelzener.de\/magazin\/\",\"name\":\"Uelzener Tiermagazin\",\"description\":\"Online Tierratgeber der Uelzener Versicherungen\",\"publisher\":{\"@id\":\"https:\/\/uelzener.de\/magazin\/#organization\"},\"potentialAction\":[{\"@type\":\"SearchAction\",\"target\":{\"@type\":\"EntryPoint\",\"urlTemplate\":\"https:\/\/uelzener.de\/magazin\/?s={search_term_string}\"},\"query-input\":{\"@type\":\"PropertyValueSpecification\",\"valueRequired\":true,\"valueName\":\"search_term_string\"}}],\"inLanguage\":\"de\"},{\"@type\":\"Organization\",\"@id\":\"https:\/\/uelzener.de\/magazin\/#organization\",\"name\":\"Uelzener Versicherungen\",\"url\":\"https:\/\/uelzener.de\/magazin\/\",\"logo\":{\"@type\":\"ImageObject\",\"inLanguage\":\"de\",\"@id\":\"https:\/\/uelzener.de\/magazin\/#\/schema\/logo\/image\/\",\"url\":\"https:\/\/uelzener.de\/magazin\/app\/uploads\/2024\/11\/uelzener_allgemeine_versicherungsgesellschaft_a_g_logo.jpg\",\"contentUrl\":\"https:\/\/uelzener.de\/magazin\/app\/uploads\/2024\/11\/uelzener_allgemeine_versicherungsgesellschaft_a_g_logo.jpg\",\"width\":200,\"height\":200,\"caption\":\"Uelzener Versicherungen\"},\"image\":{\"@id\":\"https:\/\/uelzener.de\/magazin\/#\/schema\/logo\/image\/\"},\"sameAs\":[\"https:\/\/www.facebook.com\/Uelzener\",\"https:\/\/instagram.com\/uelzener\",\"https:\/\/www.xing.com\/pages\/uelzenerallgemeineversicherungs-gesellschafta-g\",\"https:\/\/www.youtube.com\/UelzenerVersicherungen\"]}]}<\/script>\n<!-- \/ Yoast SEO Premium plugin. -->","yoast_head_json":{"title":"Mondblindheit: Symptome, Behandlung und Ansteckungsgefahr | Uelzener Magazin","description":"Mondblindheit oder Equine rezidivierende Uveitis (ERU). Alle Infos zu Arten \u2714 Ursachen \u2714 Symptome \u2714 Behandlung \u2714","robots":{"index":"index","follow":"follow","max-snippet":"max-snippet:-1","max-image-preview":"max-image-preview:large","max-video-preview":"max-video-preview:-1"},"canonical":"https:\/\/uelzener.de\/magazin\/pferd\/tiergesundheit\/mondblindheit\/","og_locale":"de_DE","og_type":"article","og_title":"Mondblindheit: Symptome, Behandlung und Ansteckungsgefahr","og_description":"Mondblindheit oder Equine rezidivierende Uveitis (ERU). Alle Infos zu Arten \u2714 Ursachen \u2714 Symptome \u2714 Behandlung \u2714","og_url":"https:\/\/uelzener.de\/magazin\/pferd\/tiergesundheit\/mondblindheit\/","og_site_name":"Uelzener Tier-Magazin","article_publisher":"https:\/\/www.facebook.com\/Uelzener","article_modified_time":"2025-07-07T09:54:10+00:00","og_image":[{"width":1025,"height":450,"url":"https:\/\/uelzener.de\/magazin\/app\/uploads\/2024\/01\/pferd-mondblindheit.jpg","type":"image\/jpeg"}],"twitter_card":"summary_large_image","twitter_misc":{"Gesch\u00e4tzte Lesezeit":"5\u00a0Minuten"},"schema":{"@context":"https:\/\/schema.org","@graph":[{"@type":"WebPage","@id":"https:\/\/uelzener.de\/magazin\/pferd\/tiergesundheit\/mondblindheit\/","url":"https:\/\/uelzener.de\/magazin\/pferd\/tiergesundheit\/mondblindheit\/","name":"Mondblindheit: Symptome, Behandlung und Ansteckungsgefahr | Uelzener Magazin","isPartOf":{"@id":"https:\/\/uelzener.de\/magazin\/#website"},"primaryImageOfPage":{"@id":"https:\/\/uelzener.de\/magazin\/pferd\/tiergesundheit\/mondblindheit\/#primaryimage"},"image":{"@id":"https:\/\/uelzener.de\/magazin\/pferd\/tiergesundheit\/mondblindheit\/#primaryimage"},"thumbnailUrl":"https:\/\/uelzener.de\/magazin\/app\/uploads\/2024\/01\/pferd-mondblindheit.jpg","datePublished":"2024-01-24T11:02:03+00:00","dateModified":"2025-07-07T09:54:10+00:00","description":"Mondblindheit oder Equine rezidivierende Uveitis (ERU). Alle Infos zu Arten \u2714 Ursachen \u2714 Symptome \u2714 Behandlung \u2714","breadcrumb":{"@id":"https:\/\/uelzener.de\/magazin\/pferd\/tiergesundheit\/mondblindheit\/#breadcrumb"},"inLanguage":"de","potentialAction":[{"@type":"ReadAction","target":["https:\/\/uelzener.de\/magazin\/pferd\/tiergesundheit\/mondblindheit\/"]}]},{"@type":"ImageObject","inLanguage":"de","@id":"https:\/\/uelzener.de\/magazin\/pferd\/tiergesundheit\/mondblindheit\/#primaryimage","url":"https:\/\/uelzener.de\/magazin\/app\/uploads\/2024\/01\/pferd-mondblindheit.jpg","contentUrl":"https:\/\/uelzener.de\/magazin\/app\/uploads\/2024\/01\/pferd-mondblindheit.jpg","width":1025,"height":450,"caption":"Blindes Pferd."},{"@type":"WebSite","@id":"https:\/\/uelzener.de\/magazin\/#website","url":"https:\/\/uelzener.de\/magazin\/","name":"Uelzener Tiermagazin","description":"Online Tierratgeber der Uelzener Versicherungen","publisher":{"@id":"https:\/\/uelzener.de\/magazin\/#organization"},"potentialAction":[{"@type":"SearchAction","target":{"@type":"EntryPoint","urlTemplate":"https:\/\/uelzener.de\/magazin\/?s={search_term_string}"},"query-input":{"@type":"PropertyValueSpecification","valueRequired":true,"valueName":"search_term_string"}}],"inLanguage":"de"},{"@type":"Organization","@id":"https:\/\/uelzener.de\/magazin\/#organization","name":"Uelzener Versicherungen","url":"https:\/\/uelzener.de\/magazin\/","logo":{"@type":"ImageObject","inLanguage":"de","@id":"https:\/\/uelzener.de\/magazin\/#\/schema\/logo\/image\/","url":"https:\/\/uelzener.de\/magazin\/app\/uploads\/2024\/11\/uelzener_allgemeine_versicherungsgesellschaft_a_g_logo.jpg","contentUrl":"https:\/\/uelzener.de\/magazin\/app\/uploads\/2024\/11\/uelzener_allgemeine_versicherungsgesellschaft_a_g_logo.jpg","width":200,"height":200,"caption":"Uelzener Versicherungen"},"image":{"@id":"https:\/\/uelzener.de\/magazin\/#\/schema\/logo\/image\/"},"sameAs":["https:\/\/www.facebook.com\/Uelzener","https:\/\/instagram.com\/uelzener","https:\/\/www.xing.com\/pages\/uelzenerallgemeineversicherungs-gesellschafta-g","https:\/\/www.youtube.com\/UelzenerVersicherungen"]}]}},"_links":{"self":[{"href":"https:\/\/uelzener.de\/magazin\/wp-json\/wp\/v2\/pages\/16916","targetHints":{"allow":["GET"]}}],"collection":[{"href":"https:\/\/uelzener.de\/magazin\/wp-json\/wp\/v2\/pages"}],"about":[{"href":"https:\/\/uelzener.de\/magazin\/wp-json\/wp\/v2\/types\/page"}],"author":[{"embeddable":true,"href":"https:\/\/uelzener.de\/magazin\/wp-json\/wp\/v2\/users\/11"}],"replies":[{"embeddable":true,"href":"https:\/\/uelzener.de\/magazin\/wp-json\/wp\/v2\/comments?post=16916"}],"version-history":[{"count":3,"href":"https:\/\/uelzener.de\/magazin\/wp-json\/wp\/v2\/pages\/16916\/revisions"}],"predecessor-version":[{"id":18640,"href":"https:\/\/uelzener.de\/magazin\/wp-json\/wp\/v2\/pages\/16916\/revisions\/18640"}],"up":[{"embeddable":true,"href":"https:\/\/uelzener.de\/magazin\/wp-json\/wp\/v2\/pages\/11706"}],"wp:featuredmedia":[{"embeddable":true,"href":"https:\/\/uelzener.de\/magazin\/wp-json\/wp\/v2\/media\/16918"}],"wp:attachment":[{"href":"https:\/\/uelzener.de\/magazin\/wp-json\/wp\/v2\/media?parent=16916"}],"curies":[{"name":"wp","href":"https:\/\/api.w.org\/{rel}","templated":true}]}}