{"id":16909,"date":"2024-01-24T11:33:46","date_gmt":"2024-01-24T10:33:46","guid":{"rendered":"https:\/\/uelzener.de\/magazin\/?page_id=16909"},"modified":"2024-05-10T09:31:31","modified_gmt":"2024-05-10T07:31:31","slug":"halsband-oder-geschirr","status":"publish","type":"page","link":"https:\/\/uelzener.de\/magazin\/hund\/haeufige-fragen\/halsband-oder-geschirr\/","title":{"rendered":"Halsband oder Geschirr f\u00fcr den Hund?"},"content":{"rendered":"<p>Hunde sind an der Leine zu f\u00fchren. Dies gilt f\u00fcr die allermeisten Situationen, wenn Hund und Mensch au\u00dferhalb ihres Zuhauses unterwegs sind. Doch woran ist die Leine befestigt? Geschirr oder Halsband? Hier findest du die wichtigsten Aspekte dieser Diskussion.<\/p>\n<h2>Was ist besser, Halsband oder Geschirr?<\/h2>\n<p>Wie so oft gibt es auch bei der Frage nach Halsband oder Geschirr keine generell richtige oder falsche Antwort. Die Entscheidung zwischen Halsband oder Geschirr h\u00e4ngt davon ab, in welcher Situation man es verwendet, wie beispielsweise, wenn man <a href=\"https:\/\/uelzener.de\/magazin\/hund\/tiergesundheit\/schwimmen-mit-hund-tipps-fuer-mehr-sicherheit-am-badestrand\/\">mit Hund schwimmen<\/a> m\u00f6chte. Sowohl Halsband als auch Geschirr gehen mit Vor- und Nachteilen f\u00fcr Gesundheit und Erziehung einher.<\/p>\n<h3>Vorteile Hunde-Halsband<\/h3>\n<ul>\n<li>leicht an- und auszuziehen<\/li>\n<li>schr\u00e4nkt beim Laufen nicht ein<\/li>\n<\/ul>\n<h3>Nachteile Hunde-Halsband<\/h3>\n<ul>\n<li>Beim Ziehen an der Leine (ob Hund oder Mensch) k\u00f6nnen Halswirbels\u00e4ule, Kehlkopf, Luftr\u00f6hre oder Gef\u00e4\u00dfe gesch\u00e4digt werden.<\/li>\n<li>gr\u00f6\u00dferes Risiko, wegzulaufen (Hund windet sich aus dem Halsband heraus)<\/li>\n<\/ul>\n<h3>Vorteile Hunde-Geschirr<\/h3>\n<ul>\n<li>vermeidet Sch\u00e4digungen an Halswirbels\u00e4ule, Kehlkopf, Luftr\u00f6hre und Gef\u00e4\u00dfen<\/li>\n<li>verteilt den Druck gleichm\u00e4\u00dfig auf den K\u00f6rper<\/li>\n<li>verringert die Wahrscheinlichkeit wegzulaufen<\/li>\n<\/ul>\n<h3>Nachteile Hunde-Geschirr<\/h3>\n<ul>\n<li>umst\u00e4ndlicher anzuziehen<\/li>\n<li>Kann Bewegung einschr\u00e4nken (guter Sitz besonders wichtig!)<\/li>\n<\/ul>\n<p>In jedem Fall sollte man an Halsband oder Geschirr die Hundemarke oder Informationen dar\u00fcber, wer zu benachrichtigen ist, sollte der <a href=\"https:\/\/uelzener.de\/magazin\/hund\/tipps-fuer-den-alltag\/hund-entlaufen\/\">Hund einmal weglaufen<\/a>.<\/p>\n\n<div class=\"related_articles boxed\">\n    <h2>Mehr zum Thema<\/h2>\n    \n    <div class=\"wrapper\"><div class=\"title align-center\"><h3><a href=\"https:\/\/uelzener.de\/magazin\/hund\/erziehung-und-training\/ohne-leine-gassi-gehen-tipps-tricks\/\">Ohne Leine Gassi gehen: Tipps und Tricks f\u00fcr einen sicheren Freilauf<\/a><\/h3><\/div><div class=\"img align-center\"><img decoding=\"async\" width=\"315\" height=\"180\" src=\"https:\/\/uelzener.de\/magazin\/app\/uploads\/2024\/05\/ohne-leine-gassi-gehen-315x180.jpg\" class=\"attachment-315x180 size-315x180 wp-post-image\" alt=\"Frau geht ohne Leine mit Hund Gassi.\" \/><\/div><\/div><div class=\"wrapper\"><div class=\"title align-center\"><h3><a href=\"https:\/\/uelzener.de\/magazin\/hund\/tipps-fuer-den-alltag\/gassi-gehen\/\">Gassi gehen: H\u00e4ufigkeit, Dauer und was das Gesetz vorschreibt<\/a><\/h3><\/div><div class=\"img align-center\"><img decoding=\"async\" width=\"315\" height=\"180\" src=\"https:\/\/uelzener.de\/magazin\/app\/uploads\/2024\/01\/hund-gassi-gehen-315x180.jpg\" class=\"attachment-315x180 size-315x180 wp-post-image\" alt=\"Mehrere Hunde beim Gassigang\" \/><\/div><\/div><div class=\"wrapper\"><div class=\"title align-center\"><h3><a href=\"https:\/\/uelzener.de\/magazin\/hund\/haltung\/hunde-in-der-stadt-halten\/\">Hunde in der Stadt halten: So funktioniert\u2019s!<\/a><\/h3><\/div><div class=\"img align-center\"><img decoding=\"async\" width=\"315\" height=\"180\" src=\"https:\/\/uelzener.de\/magazin\/app\/uploads\/2024\/05\/hund-in-der-stadt-315x180.jpg\" class=\"attachment-315x180 size-315x180 wp-post-image\" alt=\"Frau mit zwei Hunden beim Gassi in der Stadt.\" \/><\/div><\/div><\/div>\n\n<h2>Welche Halsb\u00e4nder gibt es?<\/h2>\n<p>Es gibt mittlerweile eine gro\u00dfe Bandbreite an Halsb\u00e4ndern aus verschiedenen Materialien wie Leder oder Nylon, mit unterschiedlichen Verschl\u00fcssen, gepolstert und ungepolstert. F\u00fcr die Gr\u00f6\u00dfe des Halsbandes gilt: eher breiter als schmaler. Im Schnitt sollten im geschlossenen Zustand zwei Finger zwischen Hund und Halsband passen.<\/p>\n<h3>Standardhalsband<\/h3>\n<p>Standardhalsb\u00e4nder gibt es in verschiedensten Materialien, mit unterschiedlichen Verschl\u00fcssen wie Dorn- oder Steckschlie\u00dfen.<\/p>\n<h3>Gerollte Halsb\u00e4nder<\/h3>\n<p>Gerollte Halsb\u00e4nder empfehlen sich besonders f\u00fcr langes Fell und empfindliche Haut, weil sie Scheuerstellen vermeiden helfen.<\/p>\n<h3>Martingale\/Zugstopp-Halsb\u00e4nder<\/h3>\n<p>Martingale oder Zugstopp-Halsb\u00e4nder lassen sich ohne Auf- und Zuschnallen \u00fcber den Kopf ziehen. Zieht der Hund an der Leine, zieht sich das Halsband zu. Wichtig: Das Halsband darf dem Hund auch unter Zug nicht die Luft abschn\u00fcren. Daher verf\u00fcgen diese Halsb\u00e4nder \u00fcber einen Zugstopp.<\/p>\n<p>Halsb\u00e4nder gibt es in den verschiedensten Materialien und Farben. Au\u00dferdem empfehlen sich f\u00fcr die dunkle Jahreszeit reflektierende und leuchtende Halsb\u00e4nder. Halsb\u00e4nder sollten regelm\u00e4\u00dfig auf Passgenauigkeit und Materialschw\u00e4che \u00fcberpr\u00fcft werden.<\/p>\n<h3>Welches Hunde-Halsband eignet sich f\u00fcr Welpen?<\/h3>\n<p>F\u00fcr Welpen empfiehlt sich ein weiches und in der Gr\u00f6\u00dfe leicht zu verstellendes Halsband, sodass man es je Wachstum des Welpen problemlos anpassen kann.<\/p>\n<p>Hundehalsb\u00e4nder unterscheiden sich in den Ma\u00dfen, Materialien, Farben und Verschlussarten. Bei Hundegeschirren kommen weitere Unterscheidungsmerkmale hinzu.<\/p>\n\n<div class=\"banner\">\n    <a href=\"https:\/\/uelzener.de\/hund\/hunde-haftpflichtversicherung\/?agt=0000104925&sem=true&utm_medium=magazin&utm_source=wordpress&utm_campaign=hund_haf&utm_content=banner\">\n        <img decoding=\"async\" width=\"300\" height=\"212\" src=\"https:\/\/uelzener.de\/magazin\/app\/uploads\/2025\/01\/Hundehalter-Haftpflicht-Versicherung.jpg\" class=\"attachment-medium size-medium\" alt=\"Banner Hundehalter-Haftpflicht-Versicherung\" \/>    <\/a>\n<\/div>\n\n<h2>Welche Hundegeschirre gibt es?<\/h2>\n<p>Wer sich f\u00fcr ein Hundegeschirr entscheidet, hat die Wahl zwischen verschiedenen Arten von Hundegeschirren. Bei allen Geschirren ist der optimale Sitz extrem wichtig. Andernfalls kann der Hund in seiner Bewegung eingeschr\u00e4nkt werden. Aufgrund falscher Einstellung eines Geschirrs kann es zudem zu Schmerzen, Druckstellen oder Hautabsch\u00fcrfungen kommen.<\/p>\n<p>Je nach Verwendungszweck, wie <a href=\"https:\/\/uelzener.de\/magazin\/hund\/erziehung-und-training\/zughundesport-bikejoering\/\">Bikej\u00f6ring<\/a>, <a href=\"https:\/\/uelzener.de\/magazin\/hund\/erziehung-und-training\/joggen-mit-hund\/\">Joggen<\/a>, <a href=\"https:\/\/uelzener.de\/magazin\/hund\/erziehung-und-training\/zughundesport-canicross\/\">Canicross<\/a> oder <a href=\"https:\/\/uelzener.de\/magazin\/hund\/tipps-fuer-den-alltag\/wandern-mit-hund-tipps-tricks\/\">Wandern<\/a>, k\u00f6nnen verschiedene Arten von Geschirr sinnvoll sein. Ausnahme ist dabei die Hundesportart <a href=\"https:\/\/uelzener.de\/magazin\/hund\/erziehung-und-training\/agility\/\">Agility<\/a>, bei der weder Halsband noch Geschirr eingesetzt wird und der Hund allein durch H\u00f6rzeichen und K\u00f6rpersprache seines Menschen gef\u00fchrt wird. Ein Hundegeschirr kann au\u00dferdem sinnvoll sein, wenn man mit dem <a href=\"https:\/\/uelzener.de\/magazin\/hund\/erziehung-und-training\/hund-im-auto\/\">Hund im Auto unterwegs<\/a> ist und ihn anschnallen m\u00f6chte, anstatt eine <a href=\"https:\/\/uelzener.de\/magazin\/hund\/erziehung-und-training\/hundebox-training-ueben\/\" target=\"_blank\" rel=\"noopener\">Hunde-Transportbox<\/a> zu verwenden.<\/p>\n<h3>H-Geschirr (oft F\u00fchrgeschirr genannt)<\/h3>\n<p>Das H-Geschirr verf\u00fcgt \u00fcber einen R\u00fcckensteg mit zwei Gurten, die jeweils um Hals und Brustkorb gelegt und unter dem K\u00f6rper miteinander verbunden sind.<\/p>\n<h3>Y-Geschirr<\/h3>\n<p>Das Y-Geschirr ist mit dem H-Geschirr vergleichbar. Der Unterschied besteht in einem Y-f\u00f6rmigen Gurt, der um den Brustbereich gef\u00fchrt wird. Damit soll verhindert werden, der Hund das Geschirr abstreifen kann. Das Y-Geschirr ist daher besonders ausbruchsicher.<\/p>\n<h3>Norweger-Geschirr<\/h3>\n<p>Das sogenannte Norweger-Geschirr verf\u00fcgt \u00fcber einen Brust- und Bauchgurt, die miteinander verbunden sind. Es muss sorgf\u00e4ltig auf den jeweiligen Hund angepasst werden, damit der Hund nicht in seiner Bewegung eingeschr\u00e4nkt wird.<\/p>\n<h3>Sattel-Geschirr<\/h3>\n<p>Das Sattel-Geschirr ist ein Norweger-Geschirr, das mit einem zus\u00e4tzlichen Sattel mit Griff versehen ist. In gef\u00e4hrlichen Situationen kann der Hund mit Hilfe des Griffs leichter gehalten werden.<\/p>\n<h3>Spezielle Geschirre<\/h3>\n<p>F\u00fcr <a href=\"https:\/\/uelzener.de\/magazin\/hund\/haeufige-fragen\/blinde-hunde\/\">blinde Hunde<\/a>, <a href=\"https:\/\/uelzener.de\/magazin\/hund\/erziehung-und-training\/tauber-hund\/\">taube Hunde<\/a> und <a href=\"https:\/\/uelzener.de\/magazin\/hund\/tipps-fuer-den-alltag\/blindenhund\/\">Blindenf\u00fchrhunde<\/a> gibt es besondere Geschirre, die den speziellen Bed\u00fcrfnissen angepasst sind.<\/p>\n<h3>Hundegeschirr f\u00fcr Welpen: Worauf achten?<\/h3>\n<p><a href=\"https:\/\/uelzener.de\/magazin\/hund\/haltung\/welpe-zieht-ein\/\">Zieht ein Welpe<\/a> ein, stellt sich die Frage nach Leine, Halsband bzw. Geschirr. Das Geschirr f\u00fcr Welpen sollte leicht sein, aus weichem Material bestehen und sich gut verstellen lassen, sodass es jederzeit trotz sich schnell ver\u00e4ndernder Gr\u00f6\u00dfe optimal passt.<\/p>\n<h2>Wie legt man Hundegeschirr an?<\/h2>\n<p>Das Hundegeschirr sollte optimal auf den Hund eingestellt sein. Zun\u00e4chst \u00f6ffnet man das Geschirr. Den Hund bringt man in eine ruhige Position und zieht das Geschirr dann vorsichtig \u00fcber den Kopf. Dazu kann man das Geschirr etwas querhalten, sodass der Hund leichter durch die \u00d6ffnung gelangt. Dann f\u00fchrt man den Bauchgurt zwischen den Vorderbeinen hindurch und verbindet ihn mit dem R\u00fcckengurt.<\/p>\n<h2>Fazit<\/h2>\n<p>Bei der Wahl zwischen Halsband und Geschirr gibt es kein pauschales Richtig oder Falsch. Die Entscheidung h\u00e4ngt von den Vor- und Nachteilen der jeweiligen L\u00f6sung speziell f\u00fcr den individuellen Hund ab. In jedem Fall ist die optimale Passgenauigkeit wichtig. Bei einem Geschirr ist diese schwieriger und daher umso sorgf\u00e4ltiger zu ber\u00fccksichtigen.<\/p>\n","protected":false},"excerpt":{"rendered":"<p>Hunde sind an der Leine zu f\u00fchren. Dies gilt f\u00fcr die allermeisten Situationen, wenn Hund und Mensch au\u00dferhalb ihres Zuhauses unterwegs sind. Doch woran ist die Leine befestigt? Geschirr oder Halsband? Hier findest du die wichtigsten Aspekte dieser Diskussion. Was ist besser, Halsband oder Geschirr? Wie so oft gibt es auch bei der Frage nach [&hellip;]<\/p>\n","protected":false},"author":11,"featured_media":16913,"parent":11687,"menu_order":0,"comment_status":"closed","ping_status":"closed","template":"templates\/blog.php","meta":{"_acf_changed":false,"_crdt_document":"","footnotes":"","beyondwords_generate_audio":"0","beyondwords_project_id":"","beyondwords_content_id":"","beyondwords_preview_token":"","beyondwords_player_style":"","beyondwords_language_id":"","beyondwords_title_voice_id":"","beyondwords_body_voice_id":"","beyondwords_summary_voice_id":"","beyondwords_error_message":"","beyondwords_disabled":"","beyondwords_delete_content":"","beyondwords_podcast_id":"","beyondwords_hash":"","publish_post_to_speechkit":"","speechkit_hash":"","speechkit_generate_audio":"","speechkit_project_id":"","speechkit_podcast_id":"","speechkit_error_message":"","speechkit_disabled":"","speechkit_access_key":"","speechkit_error":"","speechkit_info":"","speechkit_response":"","speechkit_retries":"","speechkit_status":"","speechkit_updated_at":"","_speechkit_link":"","_speechkit_text":""},"class_list":["post-16909","page","type-page","status-publish","has-post-thumbnail","hentry"],"acf":[],"yoast_head":"<!-- This site is optimized with the Yoast SEO Premium plugin  - https:\/\/yoast.com\/product\/yoast-seo-premium-wordpress\/ -->\n<title>Halsband oder Geschirr f\u00fcr den Hund? | Uelzener Magazin<\/title>\n<meta name=\"description\" content=\"Vorteile und Nachteile f\u00fcr Hundehalsband und Hundegeschirr. DAlles \u00fcber Varianten \u2714 und wie man sie anlegt \u2714\" \/>\n<meta name=\"robots\" content=\"index, follow, max-snippet:-1, max-image-preview:large, max-video-preview:-1\" \/>\n<link rel=\"canonical\" href=\"https:\/\/uelzener.de\/magazin\/hund\/haeufige-fragen\/halsband-oder-geschirr\/\" \/>\n<meta property=\"og:locale\" content=\"de_DE\" \/>\n<meta property=\"og:type\" content=\"article\" \/>\n<meta property=\"og:title\" content=\"Halsband oder Geschirr f\u00fcr den Hund?\" \/>\n<meta property=\"og:description\" content=\"Vorteile und Nachteile f\u00fcr Hundehalsband und Hundegeschirr. DAlles \u00fcber Varianten \u2714 und wie man sie anlegt \u2714\" \/>\n<meta property=\"og:url\" content=\"https:\/\/uelzener.de\/magazin\/hund\/haeufige-fragen\/halsband-oder-geschirr\/\" \/>\n<meta property=\"og:site_name\" content=\"Uelzener Tier-Magazin\" \/>\n<meta property=\"article:publisher\" content=\"https:\/\/www.facebook.com\/Uelzener\" \/>\n<meta property=\"article:modified_time\" content=\"2024-05-10T07:31:31+00:00\" \/>\n<meta property=\"og:image\" content=\"https:\/\/uelzener.de\/magazin\/app\/uploads\/2024\/01\/halsband-geschirr-hunde.jpg\" \/>\n\t<meta property=\"og:image:width\" content=\"1025\" \/>\n\t<meta property=\"og:image:height\" content=\"450\" \/>\n\t<meta property=\"og:image:type\" content=\"image\/jpeg\" \/>\n<meta name=\"twitter:card\" content=\"summary_large_image\" \/>\n<meta name=\"twitter:label1\" content=\"Gesch\u00e4tzte Lesezeit\" \/>\n\t<meta name=\"twitter:data1\" content=\"4\u00a0Minuten\" \/>\n<script type=\"application\/ld+json\" class=\"yoast-schema-graph\">{\"@context\":\"https:\/\/schema.org\",\"@graph\":[{\"@type\":\"WebPage\",\"@id\":\"https:\/\/uelzener.de\/magazin\/hund\/haeufige-fragen\/halsband-oder-geschirr\/\",\"url\":\"https:\/\/uelzener.de\/magazin\/hund\/haeufige-fragen\/halsband-oder-geschirr\/\",\"name\":\"Halsband oder Geschirr f\u00fcr den Hund? | Uelzener Magazin\",\"isPartOf\":{\"@id\":\"https:\/\/uelzener.de\/magazin\/#website\"},\"primaryImageOfPage\":{\"@id\":\"https:\/\/uelzener.de\/magazin\/hund\/haeufige-fragen\/halsband-oder-geschirr\/#primaryimage\"},\"image\":{\"@id\":\"https:\/\/uelzener.de\/magazin\/hund\/haeufige-fragen\/halsband-oder-geschirr\/#primaryimage\"},\"thumbnailUrl\":\"https:\/\/uelzener.de\/magazin\/app\/uploads\/2024\/01\/halsband-geschirr-hunde.jpg\",\"datePublished\":\"2024-01-24T10:33:46+00:00\",\"dateModified\":\"2024-05-10T07:31:31+00:00\",\"description\":\"Vorteile und Nachteile f\u00fcr Hundehalsband und Hundegeschirr. DAlles \u00fcber Varianten \u2714 und wie man sie anlegt \u2714\",\"breadcrumb\":{\"@id\":\"https:\/\/uelzener.de\/magazin\/hund\/haeufige-fragen\/halsband-oder-geschirr\/#breadcrumb\"},\"inLanguage\":\"de\",\"potentialAction\":[{\"@type\":\"ReadAction\",\"target\":[\"https:\/\/uelzener.de\/magazin\/hund\/haeufige-fragen\/halsband-oder-geschirr\/\"]}]},{\"@type\":\"ImageObject\",\"inLanguage\":\"de\",\"@id\":\"https:\/\/uelzener.de\/magazin\/hund\/haeufige-fragen\/halsband-oder-geschirr\/#primaryimage\",\"url\":\"https:\/\/uelzener.de\/magazin\/app\/uploads\/2024\/01\/halsband-geschirr-hunde.jpg\",\"contentUrl\":\"https:\/\/uelzener.de\/magazin\/app\/uploads\/2024\/01\/halsband-geschirr-hunde.jpg\",\"width\":1025,\"height\":450,\"caption\":\"Zwei Hunde, einer mit Halsband, der andere mit Hundegeschirr.\"},{\"@type\":\"WebSite\",\"@id\":\"https:\/\/uelzener.de\/magazin\/#website\",\"url\":\"https:\/\/uelzener.de\/magazin\/\",\"name\":\"Uelzener Tiermagazin\",\"description\":\"Online Tierratgeber der Uelzener Versicherungen\",\"publisher\":{\"@id\":\"https:\/\/uelzener.de\/magazin\/#organization\"},\"potentialAction\":[{\"@type\":\"SearchAction\",\"target\":{\"@type\":\"EntryPoint\",\"urlTemplate\":\"https:\/\/uelzener.de\/magazin\/?s={search_term_string}\"},\"query-input\":{\"@type\":\"PropertyValueSpecification\",\"valueRequired\":true,\"valueName\":\"search_term_string\"}}],\"inLanguage\":\"de\"},{\"@type\":\"Organization\",\"@id\":\"https:\/\/uelzener.de\/magazin\/#organization\",\"name\":\"Uelzener Versicherungen\",\"url\":\"https:\/\/uelzener.de\/magazin\/\",\"logo\":{\"@type\":\"ImageObject\",\"inLanguage\":\"de\",\"@id\":\"https:\/\/uelzener.de\/magazin\/#\/schema\/logo\/image\/\",\"url\":\"https:\/\/uelzener.de\/magazin\/app\/uploads\/2024\/11\/uelzener_allgemeine_versicherungsgesellschaft_a_g_logo.jpg\",\"contentUrl\":\"https:\/\/uelzener.de\/magazin\/app\/uploads\/2024\/11\/uelzener_allgemeine_versicherungsgesellschaft_a_g_logo.jpg\",\"width\":200,\"height\":200,\"caption\":\"Uelzener Versicherungen\"},\"image\":{\"@id\":\"https:\/\/uelzener.de\/magazin\/#\/schema\/logo\/image\/\"},\"sameAs\":[\"https:\/\/www.facebook.com\/Uelzener\",\"https:\/\/instagram.com\/uelzener\",\"https:\/\/www.xing.com\/pages\/uelzenerallgemeineversicherungs-gesellschafta-g\",\"https:\/\/www.youtube.com\/UelzenerVersicherungen\"]}]}<\/script>\n<!-- \/ Yoast SEO Premium plugin. -->","yoast_head_json":{"title":"Halsband oder Geschirr f\u00fcr den Hund? | Uelzener Magazin","description":"Vorteile und Nachteile f\u00fcr Hundehalsband und Hundegeschirr. DAlles \u00fcber Varianten \u2714 und wie man sie anlegt \u2714","robots":{"index":"index","follow":"follow","max-snippet":"max-snippet:-1","max-image-preview":"max-image-preview:large","max-video-preview":"max-video-preview:-1"},"canonical":"https:\/\/uelzener.de\/magazin\/hund\/haeufige-fragen\/halsband-oder-geschirr\/","og_locale":"de_DE","og_type":"article","og_title":"Halsband oder Geschirr f\u00fcr den Hund?","og_description":"Vorteile und Nachteile f\u00fcr Hundehalsband und Hundegeschirr. DAlles \u00fcber Varianten \u2714 und wie man sie anlegt \u2714","og_url":"https:\/\/uelzener.de\/magazin\/hund\/haeufige-fragen\/halsband-oder-geschirr\/","og_site_name":"Uelzener Tier-Magazin","article_publisher":"https:\/\/www.facebook.com\/Uelzener","article_modified_time":"2024-05-10T07:31:31+00:00","og_image":[{"width":1025,"height":450,"url":"https:\/\/uelzener.de\/magazin\/app\/uploads\/2024\/01\/halsband-geschirr-hunde.jpg","type":"image\/jpeg"}],"twitter_card":"summary_large_image","twitter_misc":{"Gesch\u00e4tzte Lesezeit":"4\u00a0Minuten"},"schema":{"@context":"https:\/\/schema.org","@graph":[{"@type":"WebPage","@id":"https:\/\/uelzener.de\/magazin\/hund\/haeufige-fragen\/halsband-oder-geschirr\/","url":"https:\/\/uelzener.de\/magazin\/hund\/haeufige-fragen\/halsband-oder-geschirr\/","name":"Halsband oder Geschirr f\u00fcr den Hund? | Uelzener Magazin","isPartOf":{"@id":"https:\/\/uelzener.de\/magazin\/#website"},"primaryImageOfPage":{"@id":"https:\/\/uelzener.de\/magazin\/hund\/haeufige-fragen\/halsband-oder-geschirr\/#primaryimage"},"image":{"@id":"https:\/\/uelzener.de\/magazin\/hund\/haeufige-fragen\/halsband-oder-geschirr\/#primaryimage"},"thumbnailUrl":"https:\/\/uelzener.de\/magazin\/app\/uploads\/2024\/01\/halsband-geschirr-hunde.jpg","datePublished":"2024-01-24T10:33:46+00:00","dateModified":"2024-05-10T07:31:31+00:00","description":"Vorteile und Nachteile f\u00fcr Hundehalsband und Hundegeschirr. DAlles \u00fcber Varianten \u2714 und wie man sie anlegt \u2714","breadcrumb":{"@id":"https:\/\/uelzener.de\/magazin\/hund\/haeufige-fragen\/halsband-oder-geschirr\/#breadcrumb"},"inLanguage":"de","potentialAction":[{"@type":"ReadAction","target":["https:\/\/uelzener.de\/magazin\/hund\/haeufige-fragen\/halsband-oder-geschirr\/"]}]},{"@type":"ImageObject","inLanguage":"de","@id":"https:\/\/uelzener.de\/magazin\/hund\/haeufige-fragen\/halsband-oder-geschirr\/#primaryimage","url":"https:\/\/uelzener.de\/magazin\/app\/uploads\/2024\/01\/halsband-geschirr-hunde.jpg","contentUrl":"https:\/\/uelzener.de\/magazin\/app\/uploads\/2024\/01\/halsband-geschirr-hunde.jpg","width":1025,"height":450,"caption":"Zwei Hunde, einer mit Halsband, der andere mit Hundegeschirr."},{"@type":"WebSite","@id":"https:\/\/uelzener.de\/magazin\/#website","url":"https:\/\/uelzener.de\/magazin\/","name":"Uelzener Tiermagazin","description":"Online Tierratgeber der Uelzener Versicherungen","publisher":{"@id":"https:\/\/uelzener.de\/magazin\/#organization"},"potentialAction":[{"@type":"SearchAction","target":{"@type":"EntryPoint","urlTemplate":"https:\/\/uelzener.de\/magazin\/?s={search_term_string}"},"query-input":{"@type":"PropertyValueSpecification","valueRequired":true,"valueName":"search_term_string"}}],"inLanguage":"de"},{"@type":"Organization","@id":"https:\/\/uelzener.de\/magazin\/#organization","name":"Uelzener Versicherungen","url":"https:\/\/uelzener.de\/magazin\/","logo":{"@type":"ImageObject","inLanguage":"de","@id":"https:\/\/uelzener.de\/magazin\/#\/schema\/logo\/image\/","url":"https:\/\/uelzener.de\/magazin\/app\/uploads\/2024\/11\/uelzener_allgemeine_versicherungsgesellschaft_a_g_logo.jpg","contentUrl":"https:\/\/uelzener.de\/magazin\/app\/uploads\/2024\/11\/uelzener_allgemeine_versicherungsgesellschaft_a_g_logo.jpg","width":200,"height":200,"caption":"Uelzener Versicherungen"},"image":{"@id":"https:\/\/uelzener.de\/magazin\/#\/schema\/logo\/image\/"},"sameAs":["https:\/\/www.facebook.com\/Uelzener","https:\/\/instagram.com\/uelzener","https:\/\/www.xing.com\/pages\/uelzenerallgemeineversicherungs-gesellschafta-g","https:\/\/www.youtube.com\/UelzenerVersicherungen"]}]}},"_links":{"self":[{"href":"https:\/\/uelzener.de\/magazin\/wp-json\/wp\/v2\/pages\/16909","targetHints":{"allow":["GET"]}}],"collection":[{"href":"https:\/\/uelzener.de\/magazin\/wp-json\/wp\/v2\/pages"}],"about":[{"href":"https:\/\/uelzener.de\/magazin\/wp-json\/wp\/v2\/types\/page"}],"author":[{"embeddable":true,"href":"https:\/\/uelzener.de\/magazin\/wp-json\/wp\/v2\/users\/11"}],"replies":[{"embeddable":true,"href":"https:\/\/uelzener.de\/magazin\/wp-json\/wp\/v2\/comments?post=16909"}],"version-history":[{"count":5,"href":"https:\/\/uelzener.de\/magazin\/wp-json\/wp\/v2\/pages\/16909\/revisions"}],"predecessor-version":[{"id":17406,"href":"https:\/\/uelzener.de\/magazin\/wp-json\/wp\/v2\/pages\/16909\/revisions\/17406"}],"up":[{"embeddable":true,"href":"https:\/\/uelzener.de\/magazin\/wp-json\/wp\/v2\/pages\/11687"}],"wp:featuredmedia":[{"embeddable":true,"href":"https:\/\/uelzener.de\/magazin\/wp-json\/wp\/v2\/media\/16913"}],"wp:attachment":[{"href":"https:\/\/uelzener.de\/magazin\/wp-json\/wp\/v2\/media?parent=16909"}],"curies":[{"name":"wp","href":"https:\/\/api.w.org\/{rel}","templated":true}]}}