{"id":16906,"date":"2024-01-24T11:19:16","date_gmt":"2024-01-24T10:19:16","guid":{"rendered":"https:\/\/uelzener.de\/magazin\/?page_id=16906"},"modified":"2025-08-28T12:53:49","modified_gmt":"2025-08-28T10:53:49","slug":"gassi-gehen","status":"publish","type":"page","link":"https:\/\/uelzener.de\/magazin\/hund\/tipps-fuer-den-alltag\/gassi-gehen\/","title":{"rendered":"Gassi gehen: H\u00e4ufigkeit, Dauer und was das Gesetz vorschreibt"},"content":{"rendered":"<p>In erster Linie gibt Gassigehen dem Hund die M\u00f6glichkeit, sein Gesch\u00e4ft zu erledigen. Au\u00dferdem st\u00e4rkt der Spaziergang von Hund und Mensch die Sozialisation durch Begegnungen mit anderen Zwei- und Vierbeinern. Regelm\u00e4\u00dfiges Gassigehen schafft Struktur im Alltag und sorgt so daf\u00fcr, dass sich der Hund sicher und geborgen f\u00fchlt. Daher ist es nicht verwunderlich, dass Gassigehen auch zur gesetzlichen Pflicht von Hundehalterinnen und Hundehaltern geh\u00f6rt. Gassigehen ist rundum gut f\u00fcr Hund und Mensch. In diesem Artikel kl\u00e4ren wir, worauf beim Gassigehen zu achten ist.<\/p>\n<h2>Wie oft und wie lange sollte man mit einem Hund Gassi gehen?<\/h2>\n<p>H\u00e4ufigkeit und Dauer der Spazierg\u00e4nge h\u00e4ngen von den Bed\u00fcrfnissen des Hundes ab. Nat\u00fcrlich auch davon, was der Mensch leisten kann und m\u00f6chte. Ein Hund bedeutet f\u00fcr seinen Menschen <a href=\"https:\/\/uelzener.de\/magazin\/hund\/haltung\/zeitaufwand-hund\/\">Zeitaufwand<\/a>. Im Durchschnitt sollte ein Hund pro Tag ca. zwei Stunden Gassigehen k\u00f6nnen. Je nach Gr\u00f6\u00dfe, Rasse, Charakter, Alter oder Gesundheitszustand ben\u00f6tigen Hunde unterschiedlich ausgiebigen Auslauf. Eine Faustregel besagt, dass man t\u00e4glich mindestens zwei bis drei Mal gehen sollte. Je nach Hund sollten die Gassig\u00e4nge mindestens 30 Minuten betragen. Dabei sollte man ausreichend Ruhezeiten zwischen der letzten Mahlzeit, Gassigehen und Schlafenszeit einplanen. So kann es beispielsweise ratsam sein, seinen <a href=\"https:\/\/uelzener.de\/magazin\/hund\/ernaehrung\/hunde-nach-17-uhr-fuettern\/\">Hund nicht nach 17 Uhr zu f\u00fcttern<\/a>. Au\u00dferdem sollte zwischen F\u00fctterung und Gassigehen generell eine l\u00e4ngere Ruhepause liegen, weil ansonsten die Gefahr einer <a href=\"https:\/\/uelzener.de\/magazin\/hund\/tiergesundheit\/magendrehung-beim-hund\/\">Magendrehung<\/a> drohen kann.<\/p>\n<h2>Worauf musst du achten?<\/h2>\n<p>Das Gassigehen birgt viele verschiedene Herausforderungen. Dies sind einige davon:<\/p>\n<ul>\n<li>Gassirunde variieren oder \u00e4hnlich gestalten: Einige Hunde m\u00f6gen abwechslungsreiche Gassirunden. Andere ziehen feste Routinen vor und lieben es, den immer gleichen Weg zu gehen. Dieser muss dennoch nicht reizarm sein. Erm\u00f6glicht dieselbe Umgebung doch auch immer wieder, je nach Jahreszeit, Umfeld und Uhrzeit, unterschiedliche Eindr\u00fccke. Bei der Wahl der Gassirunde sollte man auf die r\u00e4umlichen Gegebenheiten und die individuellen Bed\u00fcrfnisse seines Hundes R\u00fccksicht nehmen \u2013 und nat\u00fcrlich auch auf seine eigenen.<\/li>\n<li>Sicherheit geht vor: Sorg daf\u00fcr, dass euer Gassigehen f\u00fcr deinen Hund, dich selbst und auch f\u00fcr andere Lebewesen m\u00f6glichst sicher ist. Daf\u00fcr ist es wichtig, dass du deinen Hund, wenn n\u00f6tig, an der Leine f\u00fchrst und er auf <a href=\"https:\/\/uelzener.de\/magazin\/hund\/erziehung-und-training\/hundekommandos\/\">Kommandos<\/a> verl\u00e4sslich h\u00f6rt. Au\u00dferdem sollte man beim Gassigehen m\u00f6gliche Gefahrenquellen wie den Stra\u00dfenverkehr und andere Verkehrsteilnehmer:innen im Blick haben. Es empfiehlt sich f\u00fcr alle Hundehalterinnen und Hundehalter eine Haftpflichtversicherung, um bei m\u00f6glichen Verletzungen oder Besch\u00e4digungen, die der Hund verursacht, abgesichert zu sein.<\/li>\n<li>Vermeide Stress beim Gassigehen: Das Wetter (K\u00e4lte, Hitze), Verkehr, andere Hunde, Fahrr\u00e4der oder andere Einflussfaktoren k\u00f6nnen zu Stress beim Gassigehen f\u00fchren. Achte darauf, ob dein Hund nerv\u00f6s oder gestresst wirkt, beispielsweise durch vermehrtes Speicheln, Hecheln oder eingezogene Rute.<\/li>\n<li>Nicht aus Pf\u00fctzen trinken lassen: Hunde k\u00f6nnen sich beim Trinken aus Pf\u00fctzenwasser mit <a href=\"https:\/\/uelzener.de\/magazin\/hund\/tiergesundheit\/giardien-beim-hund\/\">Giardien<\/a> und W\u00fcrmern infizieren. Au\u00dferdem k\u00f6nnen sich im Pf\u00fctzenwasser Motor\u00f6l, Pestizide oder andere unvertr\u00e4gliche und giftige Stoffe befinden. Lass deinen Hund daher nicht aus Pf\u00fctzen trinken und verwende eine Trinkflasche, um den Durst deines Vierbeiners zu stillen. Achte zudem darauf, was dein Hund beim Gassigehen erschn\u00fcffelt und frisst. So kann dein Vierbeiner auf gef\u00e4hrliche <a href=\"https:\/\/uelzener.de\/magazin\/hund\/tiergesundheit\/giftkoeder-hund-gefahr\/\">Giftk\u00f6der<\/a> sto\u00dfen oder den Kot anderer Hunde fressen und sich so mit Krankheiten infizieren.<\/li>\n<li>Im Dunkeln sichtbar sein: Kennzeichne deinen Hund mit reflektierendem <a href=\"https:\/\/uelzener.de\/magazin\/hund\/haeufige-fragen\/halsband-oder-geschirr\/\" target=\"_blank\" rel=\"noopener\">Halsband<\/a> und verwende auch selbst reflektierende Kleidung, um f\u00fcr andere Verkehrsteilnehmer: innen <a href=\"https:\/\/uelzener.de\/magazin\/hund\/tipps-fuer-den-alltag\/hund-im-dunkeln-sichtbar-machen\/\">im Dunkeln gut sichtbar<\/a> zu sein.<\/li>\n<li>Abtrocknen bei kaltem und\/oder feuchtem Wetter: Ist dein Hund nass, feucht oder kalt geworden, trockne ihn nach dem Gassigehen ab, um eine <a href=\"https:\/\/uelzener.de\/magazin\/hund\/haltung\/zeitaufwand-hund\/\">Blasenentz\u00fcndung<\/a> zu vermeiden.<\/li>\n<li>Pfoten kontrollieren und reinigen: Nach dem Gassigehen ist es wichtig, die Pfoten zu kontrollieren und zu reinigen, besonders bei schlechtem Wetter oder wenn er \u00fcber unebenes Gel\u00e4nde gelaufen ist. So k\u00f6nnen Fremdk\u00f6rper, Sand oder Schnee entfernt werden und man beugt unkompliziert m\u00f6glichen gesundheitlichen Problemen vor. Ist es zu einer Verletzung gekommen, l\u00e4sst sich diese sofort behandeln.<\/li>\n<\/ul>\n\n<div class=\"related_articles boxed\">\n    <h2>Mehr zum Thema<\/h2>\n    \n    <div class=\"wrapper\"><div class=\"title align-center\"><h3><a href=\"https:\/\/uelzener.de\/magazin\/hund\/haltung\/hundepfote\/\">Hundepfote: Ein Wunderwerk<\/a><\/h3><\/div><div class=\"img align-center\"><img decoding=\"async\" width=\"315\" height=\"180\" src=\"https:\/\/uelzener.de\/magazin\/app\/uploads\/2021\/09\/1024x450_Nahaufnahme-Hund-erhobene-Pfote-315x180.jpg\" class=\"attachment-315x180 size-315x180 wp-post-image\" alt=\"Hund hebt die Pfote auf dem Berg bei strahlendem Sonnenschein.\" \/><\/div><\/div><div class=\"wrapper\"><div class=\"title align-center\"><h3><a href=\"https:\/\/uelzener.de\/magazin\/hund\/haltung\/schlechte-laune-beim-hund-erkennen-und-verstehen\/\">Schlechte Laune beim Hund erkennen und verstehen<\/a><\/h3><\/div><div class=\"img align-center\"><img decoding=\"async\" width=\"315\" height=\"180\" src=\"https:\/\/uelzener.de\/magazin\/app\/uploads\/2023\/12\/hund-ungluecklich-depression-315x180.jpg\" class=\"attachment-315x180 size-315x180 wp-post-image\" alt=\"Ein Beagle schaut ungl\u00fccklich. Hat er schlechte Laune?\" \/><\/div><\/div><div class=\"wrapper\"><div class=\"title align-center\"><h3><a href=\"https:\/\/uelzener.de\/magazin\/hund\/tiergesundheit\/hundepfoten-auf-heissem-asphalt-verbrennungen\/\">Hundepfoten auf hei\u00dfem Asphalt: Verbrennungen vorbeugen und im Ernstfall behandeln<\/a><\/h3><\/div><div class=\"img align-center\"><img decoding=\"async\" width=\"315\" height=\"180\" src=\"https:\/\/uelzener.de\/magazin\/app\/uploads\/2024\/08\/Hund-heisser-Asphalt-315x180.jpg\" class=\"attachment-315x180 size-315x180 wp-post-image\" alt=\"Hund auf hei\u00dfem Asphalt in der Stadt.\" \/><\/div><\/div><\/div>\n\n<p>Beim Gassigehen k\u00f6nnen sich auch gut erzogene und liebe Hunde in riskante Situationen bringen. L\u00e4uft ein Hund auf die Stra\u00dfe und verursacht einen Unfall, k\u00f6nnen hohe Kosten auf einen zukommen. Mit einer Hundehaftpflichtversicherung ist man gut abgesichert.<\/p>\n\n<div class=\"banner\">\n    <a href=\"https:\/\/uelzener.de\/hund\/hunde-haftpflichtversicherung\/?agt=0000104925&sem=true&utm_medium=magazin&utm_source=wordpress&utm_campaign=hund_haf&utm_content=banner\">\n        <img decoding=\"async\" width=\"300\" height=\"212\" src=\"https:\/\/uelzener.de\/magazin\/app\/uploads\/2025\/01\/Hundehalter-Haftpflicht-Versicherung.jpg\" class=\"attachment-medium size-medium\" alt=\"Banner Hundehalter-Haftpflicht-Versicherung\" \/>    <\/a>\n<\/div>\n\n<h2>Mit dem Hund nach einer Geburt oder Kastration Gassi gehen<\/h2>\n<h3>Nach einer OP\/Kastration<\/h3>\n<p>Nach einer Operation oder Kastration ben\u00f6tigen Hunde besondere F\u00fcrsorge und R\u00fccksichtnahme. Dabei sollte man stets den tier\u00e4rztlichen Empfehlungen folgen. Nach einer Operation sollten die ersten Gassig\u00e4nge eher kurz und ruhig sein, um den Heilungsprozess nicht zu beeintr\u00e4chtigen.<\/p>\n<h3>Nach einer Geburt<\/h3>\n<p>H\u00fcndinnen, die Welpen geboren haben, ben\u00f6tigen in den ersten Tagen Ruhe und Schonung. Nach dieser Phase k\u00f6nnen kurze Gassig\u00e4nge in Absprache mit der Tier\u00e4rztin oder dem Tierarzt wieder aufgenommen werden.<\/p>\n<h2>Hund macht in die Wohnung trotz Gassi<\/h2>\n<p>Wenn Hunde trotz regelm\u00e4\u00dfiger Gassig\u00e4nge in die Wohnung urinieren, kann das verschiedene Ursachen wie Stress oder k\u00f6rperliche Beschwerden haben. Bei sich ver\u00e4nderndem Verhalten oder gesundheitlichen Problemen sollte stets tier\u00e4rztlicher Rat eingeholt werden.<\/p>\n<h2>Welpe will nicht Gassi gehen, was tun?<\/h2>\n<p>Wenn ein <a href=\"https:\/\/uelzener.de\/magazin\/hund\/haltung\/welpe-zieht-ein\/\">Welpe einzieht<\/a>, ist vieles zu ber\u00fccksichtigen. Welpen ben\u00f6tigen Zeit, um sich an das Gassigehen zu gew\u00f6hnen. Es ist wichtig, die Spazierg\u00e4nge spielerisch und positiv zu gestalten. Au\u00dferdem sollten Welpen nur nach Alter angepasst vergleichsweise kurze Gassirunden unternehmen. Als Faustregel gelten f\u00fcnf Minuten pro Lebensmonat pro Spaziergang. Es kann verschiedene Gr\u00fcnde geben, wieso Welpen beim Gassigehen Schwierigkeiten haben und es so wirkt, als will der Welpe nicht Gassi gehen. Es kann sein, dass der Welpe aufgrund fremder Ger\u00e4usche oder einem \u00dcberma\u00df an Eindr\u00fccken unsicher oder \u00e4ngstlich reagiert. Im Zweifel sollte man sich an eine tier\u00e4rztliche Praxis wenden.<\/p>\n<h2>Fazit<\/h2>\n<p>Gassigehen ist ein essenzieller Bestandteil f\u00fcr das Wohlbefinden von Hunden. Neben der k\u00f6rperlichen Notwendigkeit, sein Gesch\u00e4ft zu erledigen, bieten Spazierg\u00e4nge dem Hund die Gelegenheit f\u00fcr geistige und k\u00f6rperliche Auslastung und Sozialisation und f\u00f6rdern die St\u00e4rkung der Bindung zwischen Hund und Mensch. Dabei sollten stets die individuellen Bed\u00fcrfnisse des Hundes ber\u00fccksichtigt werden. Besondere Situationen wie Operationen oder Krankheit erfordern angepasstes Gassigehen.<\/p>\n<h2>FAQ: H\u00e4ufig gestellte Fragen zu Gassi gehen mit dem Hund<\/h2>\n<h3>Gesetz: Wie oft muss man mit einem Hund Gassi gehen?<\/h3>\n<p>Das Gesetz schreibt keine genaue Anzahl von Gassig\u00e4ngen vor. Allerdings ist einem Hund <a href=\"https:\/\/www.gesetze-im-internet.de\/tierschhuv\/BJNR083800001.html\">ausreichend Auslauf im Freien au\u00dferhalb eines Zwingers<\/a> zu gew\u00e4hren. F\u00fcr das Wohlergehen des Hundes sollte man angepasst an Gr\u00f6\u00dfe, Rasse, Charakter, Alter oder Gesundheitszustand entsprechend h\u00e4ufig und lange Gassigehen. Auch hier kann im Zweifel die Meinung einer Tier\u00e4rztin oder eines Tierarztes eingeholt werden.<\/p>\n<h3>Wie lange h\u00e4lt ein Hund es aus ohne Gassi?<\/h3>\n<p>Nach gesetzlicher Regelung sollte ein Hund mehrmals t\u00e4glich <a href=\"https:\/\/www.gesetze-im-internet.de\/tierschhuv\/BJNR083800001.html\">in ausreichender Dauer Umgang<\/a> mit seiner Betreuungsperson haben. Die maximale Zeit, die ein Hund ohne Gassigang auskommt, variiert beispielsweise je nach Rasse und Alter. In der Regel sollte ein Hund jedoch nicht l\u00e4nger als 4 bis maximal 6 Stunden alleine sein. Dabei muss unbedingt das Wohlergehen des Hundes im Vordergrund stehen. Die Zeit, die ein Hund alleine bleiben kann, ist sehr stark von den individuellen Bed\u00fcrfnissen des Hundes abh\u00e4ngig.<\/p>\n<h3>Hund schn\u00fcffelt extrem beim Gassigehen: Warum?<\/h3>\n<p>Hunde schn\u00fcffeln abh\u00e4ngig von Faktoren wie der Rasse oder individuellen Bed\u00fcrfnissen unterschiedlich stark beim Gassigehen. Generell gilt: Ver\u00e4ndert sich das Verhalten eines Hundes, sollte man den Hund tier\u00e4rztlich untersuchen lassen. Denn hinter einem ver\u00e4nderten Verhalten k\u00f6nnen gesundheitliche Probleme stecken, die abgekl\u00e4rt und gegebenenfalls behandelt werden sollten.<\/p>\n<h3>Mit einem Hund aus dem Tierheim Gassi gehen: Darf ich das?<\/h3>\n<p>In vielen Tierheimen ist es m\u00f6glich, mit Hunden spazieren zu gehen. Dabei regeln <a href=\"https:\/\/uelzener.de\/magazin\/wir\/tierheim-aktion-der-uelzener-zum-150-jubilaeum\/\">Tierheime<\/a> das Gassigehen unterschiedlich. Es empfiehlt sich, sich beim jeweiligen Tierheim nach den genauen Regeln zu erkundigen. Oftmals lassen sich erste Informationen auf der Website finden. Das Gassigehen Ehrenamtlicher ist bei Tierheimen in der Regel ein fester Bestandteil der F\u00fcrsorge f\u00fcr die ihnen anvertrauten Tiere. Eine sch\u00f6ne M\u00f6glichkeit des intensiveren Kontaktes zu Tierheim-Hunden bietet eine <a href=\"https:\/\/uelzener.de\/magazin\/hund\/haeufige-fragen\/ein-patenhund-im-tierheim\/\">Patenschaft im Tierheim<\/a>.<\/p>\n","protected":false},"excerpt":{"rendered":"<p>In erster Linie gibt Gassigehen dem Hund die M\u00f6glichkeit, sein Gesch\u00e4ft zu erledigen. Au\u00dferdem st\u00e4rkt der Spaziergang von Hund und Mensch die Sozialisation durch Begegnungen mit anderen Zwei- und Vierbeinern. Regelm\u00e4\u00dfiges Gassigehen schafft Struktur im Alltag und sorgt so daf\u00fcr, dass sich der Hund sicher und geborgen f\u00fchlt. Daher ist es nicht verwunderlich, dass Gassigehen [&hellip;]<\/p>\n","protected":false},"author":11,"featured_media":16907,"parent":11707,"menu_order":1,"comment_status":"closed","ping_status":"closed","template":"templates\/blog.php","meta":{"_acf_changed":false,"_crdt_document":"","footnotes":"","beyondwords_generate_audio":"0","beyondwords_project_id":"","beyondwords_content_id":"","beyondwords_preview_token":"","beyondwords_player_style":"","beyondwords_language_id":"","beyondwords_title_voice_id":"","beyondwords_body_voice_id":"","beyondwords_summary_voice_id":"","beyondwords_error_message":"","beyondwords_disabled":"","beyondwords_delete_content":"","beyondwords_podcast_id":"","beyondwords_hash":"","publish_post_to_speechkit":"","speechkit_hash":"","speechkit_generate_audio":"","speechkit_project_id":"","speechkit_podcast_id":"","speechkit_error_message":"","speechkit_disabled":"","speechkit_access_key":"","speechkit_error":"","speechkit_info":"","speechkit_response":"","speechkit_retries":"","speechkit_status":"","speechkit_updated_at":"","_speechkit_link":"","_speechkit_text":""},"class_list":["post-16906","page","type-page","status-publish","has-post-thumbnail","hentry"],"acf":[],"yoast_head":"<!-- This site is optimized with the Yoast SEO Premium plugin  - https:\/\/yoast.com\/product\/yoast-seo-premium-wordpress\/ -->\n<title>Gassi gehen: H\u00e4ufigkeit, Dauer und was das Gesetz vorschreibt | Uelzener Magazin<\/title>\n<meta name=\"description\" content=\"Wie Gassirunden richtig gestalten? Hier alles zu Sicherheit \u2714 Stressvermeidung \u2714 Pflege nach dem Gassigehen \u2714\" \/>\n<meta name=\"robots\" content=\"index, follow, max-snippet:-1, max-image-preview:large, max-video-preview:-1\" \/>\n<link rel=\"canonical\" href=\"https:\/\/uelzener.de\/magazin\/hund\/tipps-fuer-den-alltag\/gassi-gehen\/\" \/>\n<meta property=\"og:locale\" content=\"de_DE\" \/>\n<meta property=\"og:type\" content=\"article\" \/>\n<meta property=\"og:title\" content=\"Gassi gehen: H\u00e4ufigkeit, Dauer und was das Gesetz vorschreibt\" \/>\n<meta property=\"og:description\" content=\"Wie Gassirunden richtig gestalten? Hier alles zu Sicherheit \u2714 Stressvermeidung \u2714 Pflege nach dem Gassigehen \u2714\" \/>\n<meta property=\"og:url\" content=\"https:\/\/uelzener.de\/magazin\/hund\/tipps-fuer-den-alltag\/gassi-gehen\/\" \/>\n<meta property=\"og:site_name\" content=\"Uelzener Tier-Magazin\" \/>\n<meta property=\"article:publisher\" content=\"https:\/\/www.facebook.com\/Uelzener\" \/>\n<meta property=\"article:modified_time\" content=\"2025-08-28T10:53:49+00:00\" \/>\n<meta property=\"og:image\" content=\"https:\/\/uelzener.de\/magazin\/app\/uploads\/2024\/01\/hund-gassi-gehen.jpg\" \/>\n\t<meta property=\"og:image:width\" content=\"1025\" \/>\n\t<meta property=\"og:image:height\" content=\"450\" \/>\n\t<meta property=\"og:image:type\" content=\"image\/jpeg\" \/>\n<meta name=\"twitter:card\" content=\"summary_large_image\" \/>\n<meta name=\"twitter:label1\" content=\"Gesch\u00e4tzte Lesezeit\" \/>\n\t<meta name=\"twitter:data1\" content=\"8\u00a0Minuten\" \/>\n<script type=\"application\/ld+json\" class=\"yoast-schema-graph\">{\"@context\":\"https:\\\/\\\/schema.org\",\"@graph\":[{\"@type\":\"WebPage\",\"@id\":\"https:\\\/\\\/uelzener.de\\\/magazin\\\/hund\\\/tipps-fuer-den-alltag\\\/gassi-gehen\\\/\",\"url\":\"https:\\\/\\\/uelzener.de\\\/magazin\\\/hund\\\/tipps-fuer-den-alltag\\\/gassi-gehen\\\/\",\"name\":\"Gassi gehen: H\u00e4ufigkeit, Dauer und was das Gesetz vorschreibt | Uelzener Magazin\",\"isPartOf\":{\"@id\":\"https:\\\/\\\/uelzener.de\\\/magazin\\\/#website\"},\"primaryImageOfPage\":{\"@id\":\"https:\\\/\\\/uelzener.de\\\/magazin\\\/hund\\\/tipps-fuer-den-alltag\\\/gassi-gehen\\\/#primaryimage\"},\"image\":{\"@id\":\"https:\\\/\\\/uelzener.de\\\/magazin\\\/hund\\\/tipps-fuer-den-alltag\\\/gassi-gehen\\\/#primaryimage\"},\"thumbnailUrl\":\"https:\\\/\\\/uelzener.de\\\/magazin\\\/app\\\/uploads\\\/2024\\\/01\\\/hund-gassi-gehen.jpg\",\"datePublished\":\"2024-01-24T10:19:16+00:00\",\"dateModified\":\"2025-08-28T10:53:49+00:00\",\"description\":\"Wie Gassirunden richtig gestalten? Hier alles zu Sicherheit \u2714 Stressvermeidung \u2714 Pflege nach dem Gassigehen \u2714\",\"breadcrumb\":{\"@id\":\"https:\\\/\\\/uelzener.de\\\/magazin\\\/hund\\\/tipps-fuer-den-alltag\\\/gassi-gehen\\\/#breadcrumb\"},\"inLanguage\":\"de\",\"potentialAction\":[{\"@type\":\"ReadAction\",\"target\":[\"https:\\\/\\\/uelzener.de\\\/magazin\\\/hund\\\/tipps-fuer-den-alltag\\\/gassi-gehen\\\/\"]}]},{\"@type\":\"ImageObject\",\"inLanguage\":\"de\",\"@id\":\"https:\\\/\\\/uelzener.de\\\/magazin\\\/hund\\\/tipps-fuer-den-alltag\\\/gassi-gehen\\\/#primaryimage\",\"url\":\"https:\\\/\\\/uelzener.de\\\/magazin\\\/app\\\/uploads\\\/2024\\\/01\\\/hund-gassi-gehen.jpg\",\"contentUrl\":\"https:\\\/\\\/uelzener.de\\\/magazin\\\/app\\\/uploads\\\/2024\\\/01\\\/hund-gassi-gehen.jpg\",\"width\":1025,\"height\":450,\"caption\":\"Mehrere Hunde beim Gassigang\"},{\"@type\":\"WebSite\",\"@id\":\"https:\\\/\\\/uelzener.de\\\/magazin\\\/#website\",\"url\":\"https:\\\/\\\/uelzener.de\\\/magazin\\\/\",\"name\":\"Uelzener Tiermagazin\",\"description\":\"Online Tierratgeber der Uelzener Versicherungen\",\"publisher\":{\"@id\":\"https:\\\/\\\/uelzener.de\\\/magazin\\\/#organization\"},\"potentialAction\":[{\"@type\":\"SearchAction\",\"target\":{\"@type\":\"EntryPoint\",\"urlTemplate\":\"https:\\\/\\\/uelzener.de\\\/magazin\\\/?s={search_term_string}\"},\"query-input\":{\"@type\":\"PropertyValueSpecification\",\"valueRequired\":true,\"valueName\":\"search_term_string\"}}],\"inLanguage\":\"de\"},{\"@type\":\"Organization\",\"@id\":\"https:\\\/\\\/uelzener.de\\\/magazin\\\/#organization\",\"name\":\"Uelzener Versicherungen\",\"url\":\"https:\\\/\\\/uelzener.de\\\/magazin\\\/\",\"logo\":{\"@type\":\"ImageObject\",\"inLanguage\":\"de\",\"@id\":\"https:\\\/\\\/uelzener.de\\\/magazin\\\/#\\\/schema\\\/logo\\\/image\\\/\",\"url\":\"https:\\\/\\\/uelzener.de\\\/magazin\\\/app\\\/uploads\\\/2024\\\/11\\\/uelzener_allgemeine_versicherungsgesellschaft_a_g_logo.jpg\",\"contentUrl\":\"https:\\\/\\\/uelzener.de\\\/magazin\\\/app\\\/uploads\\\/2024\\\/11\\\/uelzener_allgemeine_versicherungsgesellschaft_a_g_logo.jpg\",\"width\":200,\"height\":200,\"caption\":\"Uelzener Versicherungen\"},\"image\":{\"@id\":\"https:\\\/\\\/uelzener.de\\\/magazin\\\/#\\\/schema\\\/logo\\\/image\\\/\"},\"sameAs\":[\"https:\\\/\\\/www.facebook.com\\\/Uelzener\",\"https:\\\/\\\/instagram.com\\\/uelzener\",\"https:\\\/\\\/www.xing.com\\\/pages\\\/uelzenerallgemeineversicherungs-gesellschafta-g\",\"https:\\\/\\\/www.youtube.com\\\/UelzenerVersicherungen\"]}]}<\/script>\n<!-- \/ Yoast SEO Premium plugin. -->","yoast_head_json":{"title":"Gassi gehen: H\u00e4ufigkeit, Dauer und was das Gesetz vorschreibt | Uelzener Magazin","description":"Wie Gassirunden richtig gestalten? Hier alles zu Sicherheit \u2714 Stressvermeidung \u2714 Pflege nach dem Gassigehen \u2714","robots":{"index":"index","follow":"follow","max-snippet":"max-snippet:-1","max-image-preview":"max-image-preview:large","max-video-preview":"max-video-preview:-1"},"canonical":"https:\/\/uelzener.de\/magazin\/hund\/tipps-fuer-den-alltag\/gassi-gehen\/","og_locale":"de_DE","og_type":"article","og_title":"Gassi gehen: H\u00e4ufigkeit, Dauer und was das Gesetz vorschreibt","og_description":"Wie Gassirunden richtig gestalten? Hier alles zu Sicherheit \u2714 Stressvermeidung \u2714 Pflege nach dem Gassigehen \u2714","og_url":"https:\/\/uelzener.de\/magazin\/hund\/tipps-fuer-den-alltag\/gassi-gehen\/","og_site_name":"Uelzener Tier-Magazin","article_publisher":"https:\/\/www.facebook.com\/Uelzener","article_modified_time":"2025-08-28T10:53:49+00:00","og_image":[{"width":1025,"height":450,"url":"https:\/\/uelzener.de\/magazin\/app\/uploads\/2024\/01\/hund-gassi-gehen.jpg","type":"image\/jpeg"}],"twitter_card":"summary_large_image","twitter_misc":{"Gesch\u00e4tzte Lesezeit":"8\u00a0Minuten"},"schema":{"@context":"https:\/\/schema.org","@graph":[{"@type":"WebPage","@id":"https:\/\/uelzener.de\/magazin\/hund\/tipps-fuer-den-alltag\/gassi-gehen\/","url":"https:\/\/uelzener.de\/magazin\/hund\/tipps-fuer-den-alltag\/gassi-gehen\/","name":"Gassi gehen: H\u00e4ufigkeit, Dauer und was das Gesetz vorschreibt | Uelzener Magazin","isPartOf":{"@id":"https:\/\/uelzener.de\/magazin\/#website"},"primaryImageOfPage":{"@id":"https:\/\/uelzener.de\/magazin\/hund\/tipps-fuer-den-alltag\/gassi-gehen\/#primaryimage"},"image":{"@id":"https:\/\/uelzener.de\/magazin\/hund\/tipps-fuer-den-alltag\/gassi-gehen\/#primaryimage"},"thumbnailUrl":"https:\/\/uelzener.de\/magazin\/app\/uploads\/2024\/01\/hund-gassi-gehen.jpg","datePublished":"2024-01-24T10:19:16+00:00","dateModified":"2025-08-28T10:53:49+00:00","description":"Wie Gassirunden richtig gestalten? Hier alles zu Sicherheit \u2714 Stressvermeidung \u2714 Pflege nach dem Gassigehen \u2714","breadcrumb":{"@id":"https:\/\/uelzener.de\/magazin\/hund\/tipps-fuer-den-alltag\/gassi-gehen\/#breadcrumb"},"inLanguage":"de","potentialAction":[{"@type":"ReadAction","target":["https:\/\/uelzener.de\/magazin\/hund\/tipps-fuer-den-alltag\/gassi-gehen\/"]}]},{"@type":"ImageObject","inLanguage":"de","@id":"https:\/\/uelzener.de\/magazin\/hund\/tipps-fuer-den-alltag\/gassi-gehen\/#primaryimage","url":"https:\/\/uelzener.de\/magazin\/app\/uploads\/2024\/01\/hund-gassi-gehen.jpg","contentUrl":"https:\/\/uelzener.de\/magazin\/app\/uploads\/2024\/01\/hund-gassi-gehen.jpg","width":1025,"height":450,"caption":"Mehrere Hunde beim Gassigang"},{"@type":"WebSite","@id":"https:\/\/uelzener.de\/magazin\/#website","url":"https:\/\/uelzener.de\/magazin\/","name":"Uelzener Tiermagazin","description":"Online Tierratgeber der Uelzener Versicherungen","publisher":{"@id":"https:\/\/uelzener.de\/magazin\/#organization"},"potentialAction":[{"@type":"SearchAction","target":{"@type":"EntryPoint","urlTemplate":"https:\/\/uelzener.de\/magazin\/?s={search_term_string}"},"query-input":{"@type":"PropertyValueSpecification","valueRequired":true,"valueName":"search_term_string"}}],"inLanguage":"de"},{"@type":"Organization","@id":"https:\/\/uelzener.de\/magazin\/#organization","name":"Uelzener Versicherungen","url":"https:\/\/uelzener.de\/magazin\/","logo":{"@type":"ImageObject","inLanguage":"de","@id":"https:\/\/uelzener.de\/magazin\/#\/schema\/logo\/image\/","url":"https:\/\/uelzener.de\/magazin\/app\/uploads\/2024\/11\/uelzener_allgemeine_versicherungsgesellschaft_a_g_logo.jpg","contentUrl":"https:\/\/uelzener.de\/magazin\/app\/uploads\/2024\/11\/uelzener_allgemeine_versicherungsgesellschaft_a_g_logo.jpg","width":200,"height":200,"caption":"Uelzener Versicherungen"},"image":{"@id":"https:\/\/uelzener.de\/magazin\/#\/schema\/logo\/image\/"},"sameAs":["https:\/\/www.facebook.com\/Uelzener","https:\/\/instagram.com\/uelzener","https:\/\/www.xing.com\/pages\/uelzenerallgemeineversicherungs-gesellschafta-g","https:\/\/www.youtube.com\/UelzenerVersicherungen"]}]}},"_links":{"self":[{"href":"https:\/\/uelzener.de\/magazin\/wp-json\/wp\/v2\/pages\/16906","targetHints":{"allow":["GET"]}}],"collection":[{"href":"https:\/\/uelzener.de\/magazin\/wp-json\/wp\/v2\/pages"}],"about":[{"href":"https:\/\/uelzener.de\/magazin\/wp-json\/wp\/v2\/types\/page"}],"author":[{"embeddable":true,"href":"https:\/\/uelzener.de\/magazin\/wp-json\/wp\/v2\/users\/11"}],"replies":[{"embeddable":true,"href":"https:\/\/uelzener.de\/magazin\/wp-json\/wp\/v2\/comments?post=16906"}],"version-history":[{"count":6,"href":"https:\/\/uelzener.de\/magazin\/wp-json\/wp\/v2\/pages\/16906\/revisions"}],"predecessor-version":[{"id":19081,"href":"https:\/\/uelzener.de\/magazin\/wp-json\/wp\/v2\/pages\/16906\/revisions\/19081"}],"up":[{"embeddable":true,"href":"https:\/\/uelzener.de\/magazin\/wp-json\/wp\/v2\/pages\/11707"}],"wp:featuredmedia":[{"embeddable":true,"href":"https:\/\/uelzener.de\/magazin\/wp-json\/wp\/v2\/media\/16907"}],"wp:attachment":[{"href":"https:\/\/uelzener.de\/magazin\/wp-json\/wp\/v2\/media?parent=16906"}],"curies":[{"name":"wp","href":"https:\/\/api.w.org\/{rel}","templated":true}]}}