{"id":16817,"date":"2023-12-12T16:06:19","date_gmt":"2023-12-12T15:06:19","guid":{"rendered":"https:\/\/uelzener.de\/magazin\/?page_id=16817"},"modified":"2024-04-03T16:24:01","modified_gmt":"2024-04-03T14:24:01","slug":"rote-bete-fuer-pferde","status":"publish","type":"page","link":"https:\/\/uelzener.de\/magazin\/pferd\/ernaehrung\/rote-bete-fuer-pferde\/","title":{"rendered":"Rote Bete f\u00fcr Pferde: Alle Vorteile der roten R\u00fcbe"},"content":{"rendered":"<p>Rote Beete ist nicht nur f\u00fcr uns Menschen, sondern auch f\u00fcr Pferde gesund. Enth\u00e4lt die rote Knolle doch eine reichhaltige Mischung an Vitaminen, Mineralien und vielen anderen f\u00fcr die Gesundheit wertvollen Stoffen.<\/p>\n<h2>Was steckt in der Roten Bete?<\/h2>\n<p>Rote Beete enth\u00e4lt unter anderem:<\/p>\n<ul>\n<li>Vitamin C, Vitamine der B-Gruppe (B1, B2, B6, B12), Provitamin A<\/li>\n<li>Mineralstoffe wie Eisen, Zink, Selen, Kalium<\/li>\n<li>Eiwei\u00df<\/li>\n<li>Fols\u00e4ure<\/li>\n<li>Sekund\u00e4re Pflanzenstoffe wie Anthozyane, Flavonoide und Saponine<\/li>\n<\/ul>\n<h2>Was bewirkt die Rote Bete beim Pferd?<\/h2>\n<p>Die Inhaltsstoffe der Roten Beete wirken sich auf den gesamten K\u00f6rper gesundheitsf\u00f6rdernd aus. Folgende Liste gibt einen Einblick:<\/p>\n<ul>\n<li>Zellaufbau und Zellregeneration (Vitamin B12, Fols\u00e4ure)<\/li>\n<li>Muskulatur und Nerven (Mineralstoffe wie Kalium, Magnesium, Selen, Zink)<\/li>\n<li>Blutbildung (Eisen)<\/li>\n<li>Schleimh\u00e4ute (Provitamin A)<\/li>\n<li>Immunst\u00e4rkend (sekund\u00e4re Pflanzenstoffe wie Betaine und Flavonoide)<\/li>\n<li>Haut und Haare (Kalzium, Kalium, Magnesium)<\/li>\n<li>Skelett und Z\u00e4hne (Provitamin A)<\/li>\n<\/ul>\n<p>Besonders <a href=\"https:\/\/uelzener.de\/magazin\/pferd\/tiergesundheit\/sommerekzem-pferd\/\">Ekzemer<\/a>-Pferde profitieren von der st\u00e4rkenden Wirkung f\u00fcr die Hautbarriere. Pferdehalter:innen berichten zudem von der positiven Wirkung bei <a href=\"https:\/\/uelzener.de\/magazin\/pferd\/tiergesundheit\/hufrehe\/\">Hufrehe<\/a> und <a href=\"https:\/\/uelzener.de\/magazin\/pferd\/tiergesundheit\/equines-cushing-syndrom-bei-pferden-ursachen-symptome-therapiemoeglichkeiten\/\">Cushing<\/a>. Dar\u00fcber hinaus kann sich Rote Beete vorteilhaft auf gesundheitliche Schwierigkeiten wie Magengeschw\u00fcre und Nierenprobleme auswirken. Neben Roter Beete gibt es viele weitere Pflanzen und Kr\u00e4uter, von denen Pferde profitieren k\u00f6nnen.<\/p>\n\n<div class=\"related_articles boxed\">\n    <h2>Mehr zum Thema<\/h2>\n    \n    <div class=\"wrapper\"><div class=\"title align-center\"><h3><a href=\"https:\/\/uelzener.de\/magazin\/pferd\/ernaehrung\/was-fressen-pferde\/\">Was fressen Pferde<\/a><\/h3><\/div><div class=\"img align-center\"><img decoding=\"async\" width=\"315\" height=\"180\" src=\"https:\/\/uelzener.de\/magazin\/app\/uploads\/2022\/11\/was-fressen-pferde-315x180.jpg\" class=\"attachment-315x180 size-315x180 wp-post-image\" alt=\"Braunes Pferd knabbert vertr\u00e4umt an einem Apfel am Baum. Was d\u00fcrfen Pferde alles fressen?\" \/><\/div><\/div><div class=\"wrapper\"><div class=\"title align-center\"><h3><a href=\"https:\/\/uelzener.de\/magazin\/pferd\/haeufige-fragen\/haben-pferde-nieren\/\">Haben Pferde Nieren?<\/a><\/h3><\/div><div class=\"img align-center\"><img decoding=\"async\" width=\"315\" height=\"180\" src=\"https:\/\/uelzener.de\/magazin\/app\/uploads\/2024\/04\/haben-pferde-nieren-315x180.png\" class=\"attachment-315x180 size-315x180 wp-post-image\" alt=\"Schaubild eines Pferdes mit Fokus auf die Nieren.\" \/><\/div><\/div><\/div>\n\n<h2>Wie f\u00fcttern?<\/h2>\n<p>Damit Rote Beete ihre Wirkung entfalten kann, sollte man einige Punkte beachten:<\/p>\n<ul>\n<li>Immer roh f\u00fcttern, nie gekocht, damit die wertvollen Inhaltsstoffe nicht zerst\u00f6rt werden. Dabei sollte man unbedingt darauf achten, dass die Rote Beete nicht zu kalt oder gar gefroren ist (<a href=\"https:\/\/uelzener.de\/magazin\/pferd\/tiergesundheit\/kolik-beim-pferd\/\">Kolikgefahr<\/a>).<\/li>\n<li>Wie viel Rote Bete am Tag f\u00fcrs Pferd? Je nach Gr\u00f6\u00dfe des Pferdes kann man eine bis zu drei Knollen t\u00e4glich f\u00fcttern.<\/li>\n<li>Knollen sollten von Dreck und Sand ges\u00e4ubert werden. Dazu kann man eine grobe B\u00fcrste (Gem\u00fcseb\u00fcrste) verwenden.<\/li>\n<li>Gr\u00f6\u00dfere Knollen zerkleinert man am besten ein wenig, indem man sie viertelt oder halbiert.<\/li>\n<\/ul>\n<h2>Fazit<\/h2>\n<p>Rote-Beete-Knollen eignen sich als Zugaben zur klassischen F\u00fctterung. Die Knollen sind reich an Vitaminen und Mineralstoffen und k\u00f6nnen f\u00fcr Pferde eine gesundheitsf\u00f6rderliche Wirkung haben. So k\u00f6nnen die Inhaltsstoffe der Roten Beete die Blutbildung unterst\u00fctzen, immunst\u00e4rkend und positiv auf Muskulatur und Nerven wirken. Rote-Beete-Knollen sind unkompliziert zu f\u00fcttern und haben nebenbei den positiven Effekt, dass die Tiere sich etwas l\u00e4nger mit der roten Knolle besch\u00e4ftigen, um sie zu zerkauen.<\/p>\n","protected":false},"excerpt":{"rendered":"<p>Rote Beete ist nicht nur f\u00fcr uns Menschen, sondern auch f\u00fcr Pferde gesund. Enth\u00e4lt die rote Knolle doch eine reichhaltige Mischung an Vitaminen, Mineralien und vielen anderen f\u00fcr die Gesundheit wertvollen Stoffen. Was steckt in der Roten Bete? Rote Beete enth\u00e4lt unter anderem: Vitamin C, Vitamine der B-Gruppe (B1, B2, B6, B12), Provitamin A Mineralstoffe [&hellip;]<\/p>\n","protected":false},"author":11,"featured_media":16818,"parent":11672,"menu_order":6,"comment_status":"closed","ping_status":"closed","template":"templates\/blog.php","meta":{"_acf_changed":false,"_crdt_document":"","footnotes":"","beyondwords_generate_audio":"0","beyondwords_project_id":"","beyondwords_content_id":"","beyondwords_preview_token":"","beyondwords_player_style":"","beyondwords_language_id":"","beyondwords_title_voice_id":"","beyondwords_body_voice_id":"","beyondwords_summary_voice_id":"","beyondwords_error_message":"","beyondwords_disabled":"","beyondwords_delete_content":"","beyondwords_podcast_id":"","beyondwords_hash":"","publish_post_to_speechkit":"","speechkit_hash":"","speechkit_generate_audio":"","speechkit_project_id":"","speechkit_podcast_id":"","speechkit_error_message":"","speechkit_disabled":"","speechkit_access_key":"","speechkit_error":"","speechkit_info":"","speechkit_response":"","speechkit_retries":"","speechkit_status":"","speechkit_updated_at":"","_speechkit_link":"","_speechkit_text":""},"class_list":["post-16817","page","type-page","status-publish","has-post-thumbnail","hentry"],"acf":[],"yoast_head":"<!-- This site is optimized with the Yoast SEO Premium plugin  - https:\/\/yoast.com\/product\/yoast-seo-premium-wordpress\/ -->\n<title>Rote Bete f\u00fcr Pferde: Alle Vorteile der roten R\u00fcbe | Uelzener Magazin<\/title>\n<meta name=\"description\" content=\"Rote Beete: Gut f\u00fcrs Pferd. Inhaltsstoffe und Wirkung. So f\u00fctterst du die rote Knolle richtig.\" \/>\n<meta name=\"robots\" content=\"index, follow, max-snippet:-1, max-image-preview:large, max-video-preview:-1\" \/>\n<link rel=\"canonical\" href=\"https:\/\/uelzener.de\/magazin\/pferd\/ernaehrung\/rote-bete-fuer-pferde\/\" \/>\n<meta property=\"og:locale\" content=\"de_DE\" \/>\n<meta property=\"og:type\" content=\"article\" \/>\n<meta property=\"og:title\" content=\"Rote Bete f\u00fcr Pferde: Alle Vorteile der roten R\u00fcbe\" \/>\n<meta property=\"og:description\" content=\"Rote Beete: Gut f\u00fcrs Pferd. Inhaltsstoffe und Wirkung. So f\u00fctterst du die rote Knolle richtig.\" \/>\n<meta property=\"og:url\" content=\"https:\/\/uelzener.de\/magazin\/pferd\/ernaehrung\/rote-bete-fuer-pferde\/\" \/>\n<meta property=\"og:site_name\" content=\"Uelzener Tier-Magazin\" \/>\n<meta property=\"article:publisher\" content=\"https:\/\/www.facebook.com\/Uelzener\" \/>\n<meta property=\"article:modified_time\" content=\"2024-04-03T14:24:01+00:00\" \/>\n<meta property=\"og:image\" content=\"https:\/\/uelzener.de\/magazin\/app\/uploads\/2023\/12\/rote-bete.jpg\" \/>\n\t<meta property=\"og:image:width\" content=\"1025\" \/>\n\t<meta property=\"og:image:height\" content=\"450\" \/>\n\t<meta property=\"og:image:type\" content=\"image\/jpeg\" \/>\n<meta name=\"twitter:card\" content=\"summary_large_image\" \/>\n<meta name=\"twitter:label1\" content=\"Gesch\u00e4tzte Lesezeit\" \/>\n\t<meta name=\"twitter:data1\" content=\"2\u00a0Minuten\" \/>\n<script type=\"application\/ld+json\" class=\"yoast-schema-graph\">{\"@context\":\"https:\/\/schema.org\",\"@graph\":[{\"@type\":\"WebPage\",\"@id\":\"https:\/\/uelzener.de\/magazin\/pferd\/ernaehrung\/rote-bete-fuer-pferde\/\",\"url\":\"https:\/\/uelzener.de\/magazin\/pferd\/ernaehrung\/rote-bete-fuer-pferde\/\",\"name\":\"Rote Bete f\u00fcr Pferde: Alle Vorteile der roten R\u00fcbe | Uelzener Magazin\",\"isPartOf\":{\"@id\":\"https:\/\/uelzener.de\/magazin\/#website\"},\"primaryImageOfPage\":{\"@id\":\"https:\/\/uelzener.de\/magazin\/pferd\/ernaehrung\/rote-bete-fuer-pferde\/#primaryimage\"},\"image\":{\"@id\":\"https:\/\/uelzener.de\/magazin\/pferd\/ernaehrung\/rote-bete-fuer-pferde\/#primaryimage\"},\"thumbnailUrl\":\"https:\/\/uelzener.de\/magazin\/app\/uploads\/2023\/12\/rote-bete.jpg\",\"datePublished\":\"2023-12-12T15:06:19+00:00\",\"dateModified\":\"2024-04-03T14:24:01+00:00\",\"description\":\"Rote Beete: Gut f\u00fcrs Pferd. Inhaltsstoffe und Wirkung. So f\u00fctterst du die rote Knolle richtig.\",\"breadcrumb\":{\"@id\":\"https:\/\/uelzener.de\/magazin\/pferd\/ernaehrung\/rote-bete-fuer-pferde\/#breadcrumb\"},\"inLanguage\":\"de\",\"potentialAction\":[{\"@type\":\"ReadAction\",\"target\":[\"https:\/\/uelzener.de\/magazin\/pferd\/ernaehrung\/rote-bete-fuer-pferde\/\"]}]},{\"@type\":\"ImageObject\",\"inLanguage\":\"de\",\"@id\":\"https:\/\/uelzener.de\/magazin\/pferd\/ernaehrung\/rote-bete-fuer-pferde\/#primaryimage\",\"url\":\"https:\/\/uelzener.de\/magazin\/app\/uploads\/2023\/12\/rote-bete.jpg\",\"contentUrl\":\"https:\/\/uelzener.de\/magazin\/app\/uploads\/2023\/12\/rote-bete.jpg\",\"width\":1025,\"height\":450,\"caption\":\"Rote Bete als Pferdezusatzfutter im Winter.\"},{\"@type\":\"WebSite\",\"@id\":\"https:\/\/uelzener.de\/magazin\/#website\",\"url\":\"https:\/\/uelzener.de\/magazin\/\",\"name\":\"Uelzener Tiermagazin\",\"description\":\"Online Tierratgeber der Uelzener Versicherungen\",\"publisher\":{\"@id\":\"https:\/\/uelzener.de\/magazin\/#organization\"},\"potentialAction\":[{\"@type\":\"SearchAction\",\"target\":{\"@type\":\"EntryPoint\",\"urlTemplate\":\"https:\/\/uelzener.de\/magazin\/?s={search_term_string}\"},\"query-input\":{\"@type\":\"PropertyValueSpecification\",\"valueRequired\":true,\"valueName\":\"search_term_string\"}}],\"inLanguage\":\"de\"},{\"@type\":\"Organization\",\"@id\":\"https:\/\/uelzener.de\/magazin\/#organization\",\"name\":\"Uelzener Versicherungen\",\"url\":\"https:\/\/uelzener.de\/magazin\/\",\"logo\":{\"@type\":\"ImageObject\",\"inLanguage\":\"de\",\"@id\":\"https:\/\/uelzener.de\/magazin\/#\/schema\/logo\/image\/\",\"url\":\"https:\/\/uelzener.de\/magazin\/app\/uploads\/2024\/11\/uelzener_allgemeine_versicherungsgesellschaft_a_g_logo.jpg\",\"contentUrl\":\"https:\/\/uelzener.de\/magazin\/app\/uploads\/2024\/11\/uelzener_allgemeine_versicherungsgesellschaft_a_g_logo.jpg\",\"width\":200,\"height\":200,\"caption\":\"Uelzener Versicherungen\"},\"image\":{\"@id\":\"https:\/\/uelzener.de\/magazin\/#\/schema\/logo\/image\/\"},\"sameAs\":[\"https:\/\/www.facebook.com\/Uelzener\",\"https:\/\/instagram.com\/uelzener\",\"https:\/\/www.xing.com\/pages\/uelzenerallgemeineversicherungs-gesellschafta-g\",\"https:\/\/www.youtube.com\/UelzenerVersicherungen\"]}]}<\/script>\n<!-- \/ Yoast SEO Premium plugin. -->","yoast_head_json":{"title":"Rote Bete f\u00fcr Pferde: Alle Vorteile der roten R\u00fcbe | Uelzener Magazin","description":"Rote Beete: Gut f\u00fcrs Pferd. Inhaltsstoffe und Wirkung. So f\u00fctterst du die rote Knolle richtig.","robots":{"index":"index","follow":"follow","max-snippet":"max-snippet:-1","max-image-preview":"max-image-preview:large","max-video-preview":"max-video-preview:-1"},"canonical":"https:\/\/uelzener.de\/magazin\/pferd\/ernaehrung\/rote-bete-fuer-pferde\/","og_locale":"de_DE","og_type":"article","og_title":"Rote Bete f\u00fcr Pferde: Alle Vorteile der roten R\u00fcbe","og_description":"Rote Beete: Gut f\u00fcrs Pferd. Inhaltsstoffe und Wirkung. So f\u00fctterst du die rote Knolle richtig.","og_url":"https:\/\/uelzener.de\/magazin\/pferd\/ernaehrung\/rote-bete-fuer-pferde\/","og_site_name":"Uelzener Tier-Magazin","article_publisher":"https:\/\/www.facebook.com\/Uelzener","article_modified_time":"2024-04-03T14:24:01+00:00","og_image":[{"width":1025,"height":450,"url":"https:\/\/uelzener.de\/magazin\/app\/uploads\/2023\/12\/rote-bete.jpg","type":"image\/jpeg"}],"twitter_card":"summary_large_image","twitter_misc":{"Gesch\u00e4tzte Lesezeit":"2\u00a0Minuten"},"schema":{"@context":"https:\/\/schema.org","@graph":[{"@type":"WebPage","@id":"https:\/\/uelzener.de\/magazin\/pferd\/ernaehrung\/rote-bete-fuer-pferde\/","url":"https:\/\/uelzener.de\/magazin\/pferd\/ernaehrung\/rote-bete-fuer-pferde\/","name":"Rote Bete f\u00fcr Pferde: Alle Vorteile der roten R\u00fcbe | Uelzener Magazin","isPartOf":{"@id":"https:\/\/uelzener.de\/magazin\/#website"},"primaryImageOfPage":{"@id":"https:\/\/uelzener.de\/magazin\/pferd\/ernaehrung\/rote-bete-fuer-pferde\/#primaryimage"},"image":{"@id":"https:\/\/uelzener.de\/magazin\/pferd\/ernaehrung\/rote-bete-fuer-pferde\/#primaryimage"},"thumbnailUrl":"https:\/\/uelzener.de\/magazin\/app\/uploads\/2023\/12\/rote-bete.jpg","datePublished":"2023-12-12T15:06:19+00:00","dateModified":"2024-04-03T14:24:01+00:00","description":"Rote Beete: Gut f\u00fcrs Pferd. Inhaltsstoffe und Wirkung. So f\u00fctterst du die rote Knolle richtig.","breadcrumb":{"@id":"https:\/\/uelzener.de\/magazin\/pferd\/ernaehrung\/rote-bete-fuer-pferde\/#breadcrumb"},"inLanguage":"de","potentialAction":[{"@type":"ReadAction","target":["https:\/\/uelzener.de\/magazin\/pferd\/ernaehrung\/rote-bete-fuer-pferde\/"]}]},{"@type":"ImageObject","inLanguage":"de","@id":"https:\/\/uelzener.de\/magazin\/pferd\/ernaehrung\/rote-bete-fuer-pferde\/#primaryimage","url":"https:\/\/uelzener.de\/magazin\/app\/uploads\/2023\/12\/rote-bete.jpg","contentUrl":"https:\/\/uelzener.de\/magazin\/app\/uploads\/2023\/12\/rote-bete.jpg","width":1025,"height":450,"caption":"Rote Bete als Pferdezusatzfutter im Winter."},{"@type":"WebSite","@id":"https:\/\/uelzener.de\/magazin\/#website","url":"https:\/\/uelzener.de\/magazin\/","name":"Uelzener Tiermagazin","description":"Online Tierratgeber der Uelzener Versicherungen","publisher":{"@id":"https:\/\/uelzener.de\/magazin\/#organization"},"potentialAction":[{"@type":"SearchAction","target":{"@type":"EntryPoint","urlTemplate":"https:\/\/uelzener.de\/magazin\/?s={search_term_string}"},"query-input":{"@type":"PropertyValueSpecification","valueRequired":true,"valueName":"search_term_string"}}],"inLanguage":"de"},{"@type":"Organization","@id":"https:\/\/uelzener.de\/magazin\/#organization","name":"Uelzener Versicherungen","url":"https:\/\/uelzener.de\/magazin\/","logo":{"@type":"ImageObject","inLanguage":"de","@id":"https:\/\/uelzener.de\/magazin\/#\/schema\/logo\/image\/","url":"https:\/\/uelzener.de\/magazin\/app\/uploads\/2024\/11\/uelzener_allgemeine_versicherungsgesellschaft_a_g_logo.jpg","contentUrl":"https:\/\/uelzener.de\/magazin\/app\/uploads\/2024\/11\/uelzener_allgemeine_versicherungsgesellschaft_a_g_logo.jpg","width":200,"height":200,"caption":"Uelzener Versicherungen"},"image":{"@id":"https:\/\/uelzener.de\/magazin\/#\/schema\/logo\/image\/"},"sameAs":["https:\/\/www.facebook.com\/Uelzener","https:\/\/instagram.com\/uelzener","https:\/\/www.xing.com\/pages\/uelzenerallgemeineversicherungs-gesellschafta-g","https:\/\/www.youtube.com\/UelzenerVersicherungen"]}]}},"_links":{"self":[{"href":"https:\/\/uelzener.de\/magazin\/wp-json\/wp\/v2\/pages\/16817","targetHints":{"allow":["GET"]}}],"collection":[{"href":"https:\/\/uelzener.de\/magazin\/wp-json\/wp\/v2\/pages"}],"about":[{"href":"https:\/\/uelzener.de\/magazin\/wp-json\/wp\/v2\/types\/page"}],"author":[{"embeddable":true,"href":"https:\/\/uelzener.de\/magazin\/wp-json\/wp\/v2\/users\/11"}],"replies":[{"embeddable":true,"href":"https:\/\/uelzener.de\/magazin\/wp-json\/wp\/v2\/comments?post=16817"}],"version-history":[{"count":4,"href":"https:\/\/uelzener.de\/magazin\/wp-json\/wp\/v2\/pages\/16817\/revisions"}],"predecessor-version":[{"id":17241,"href":"https:\/\/uelzener.de\/magazin\/wp-json\/wp\/v2\/pages\/16817\/revisions\/17241"}],"up":[{"embeddable":true,"href":"https:\/\/uelzener.de\/magazin\/wp-json\/wp\/v2\/pages\/11672"}],"wp:featuredmedia":[{"embeddable":true,"href":"https:\/\/uelzener.de\/magazin\/wp-json\/wp\/v2\/media\/16818"}],"wp:attachment":[{"href":"https:\/\/uelzener.de\/magazin\/wp-json\/wp\/v2\/media?parent=16817"}],"curies":[{"name":"wp","href":"https:\/\/api.w.org\/{rel}","templated":true}]}}