{"id":16811,"date":"2023-12-16T15:28:01","date_gmt":"2023-12-16T14:28:01","guid":{"rendered":"https:\/\/uelzener.de\/magazin\/?page_id=16811"},"modified":"2024-01-17T09:00:40","modified_gmt":"2024-01-17T08:00:40","slug":"ruebenschnitzel-fuer-pferde","status":"publish","type":"page","link":"https:\/\/uelzener.de\/magazin\/pferd\/ernaehrung\/ruebenschnitzel-fuer-pferde\/","title":{"rendered":"R\u00fcbenschnitzel f\u00fcr Pferde: Wirkung, Einsatzm\u00f6glichkeiten und Zubereitungs-Tipps"},"content":{"rendered":"<p>R\u00fcbenschnitzel k\u00f6nnen eine wertvolle Erg\u00e4nzung in der \u00fcblichen F\u00fctterung sein. Allerdings sind mit der F\u00fctterung von R\u00fcbenschnitzeln einige Risiken verbunden, die sich mit entsprechendem Wissen und sorgsamem Umgang jedoch gut umgehen lassen. Dieser Artikel listet Vor- und Nachteile der Zuf\u00fctterung von R\u00fcbenschnitzeln auf und erkl\u00e4rt, was dabei zu beachten ist.<\/p>\n<h2>Was sind R\u00fcbenschnitzel?<\/h2>\n<p>R\u00fcbenschnitzel werden aus den Resten der Zuckerr\u00fcbenverarbeitung gewonnen. Gerade bei schwerfuttrigen Pferden bieten sie sich aufgrund ihres hohen Energiegehaltes als Zusatz an. Dar\u00fcber hinaus werden R\u00fcbenschnitzel aufgrund ihres reichhaltigen Rohfasergehalts gesch\u00e4tzt. Das in R\u00fcbenschnitzeln enthaltene Pektin kann sich positiv auf die Verdauung auswirken. Zudem liefern R\u00fcbenschnitzel Calcium und Kalium als wichtige Mineralstoffe. R\u00fcbenschnitzel gibt es in unterschiedlichen Darreichungsformen, beispielsweise als Pellets, M\u00fcsli oder auch in unverarbeiteter Form.<\/p>\n<h2>Vorteile und Nachteile f\u00fcr Pferde<\/h2>\n<p>Wie fast alles im Leben hat auch die F\u00fctterung mit R\u00fcbenschnitzeln Vor- und Nachteile.<\/p>\n<p>Vorteile sind:<\/p>\n<ul>\n<li>Rohfaserquelle: Die Rohfasern der R\u00fcbenschnitzel k\u00f6nnen eine gesunde Verdauung unterst\u00fctzen und so Verstopfung vorbeugen.<\/li>\n<li>Speichelproduktion verst\u00e4rken: Das intensive Kauen der faserreichen R\u00fcbenschnitzel f\u00fchrt zu einer verst\u00e4rkten Speichelproduktion, die sich positiv auf den Verdauungstrakt von Pferden auswirkt und quasi als Hausmittel helfen kann, ein <a href=\"https:\/\/uelzener.de\/magazin\/pferd\/haeufige-fragen\/kolik-hausmittel\/\">Kolikrisiko<\/a> zu verringern oder auch bei Magengeschw\u00fcren helfen kann. Au\u00dferdem k\u00f6nnen R\u00fcbenschnitzel mitunter zur Linderung von <a href=\"https:\/\/uelzener.de\/magazin\/pferd\/tiergesundheit\/kotwasser-beim-pferd\/\">Kotwasser<\/a> beitragen. In jedem Fall sollte bei gesundheitlichen Problemen tier\u00e4rztlicher Rat eingeholt werden. Eine Pferdeversicherung kann helfen, die Tierarztkosten \u00fcberschaubar zu halten.<\/li>\n<li>Zahnhygiene: Das naturgem\u00e4\u00df intensive Kauen der R\u00fcbenschnitzel tr\u00e4gt zu einer guten Zahnhygiene bei.<\/li>\n<li>Gewichtszunahme: Schwerfuttrige und zu magere Pferde k\u00f6nnen von dem hohen Energiegehalt der R\u00fcbenschnitzel profitieren und leichter an Gewicht zunehmen.<\/li>\n<\/ul>\n\n<div class=\"banner\">\n    <a href=\"https:\/\/uelzener.de\/pferd?agt=0000104925&sem=true&utm_medium=magazin&utm_source=wordpress&utm_campaign=pferd&utm_content=banner\">\n        <img decoding=\"async\" width=\"300\" height=\"212\" src=\"https:\/\/uelzener.de\/magazin\/app\/uploads\/2025\/01\/Pferde-Versicherung.jpg\" class=\"attachment-medium size-medium\" alt=\"Banner Pferde-Versicherung\" \/>    <\/a>\n<\/div>\n\n<p>Nachteile sind:<\/p>\n<ul>\n<li>Gewichtszunahme: Was f\u00fcr schwerfuttrige und zu magere Pferde ein Vorteil sein kann, wirkt sich auf andere wom\u00f6glich negativ aus. Der hohe Energiegehalt der R\u00fcbenschnitzel birgt das Risiko einer ungewollten Gewichtszunahme.<\/li>\n<li>Zuckergehalt: Bei Pferden mit Hufrehe oder Equinem Metabolischem Syndrom (EMS) soll auf den Zuckergehalt in der Ern\u00e4hrung geachtet werden. Da R\u00fcbenschnitzel auch Reste von Zucker enthalten k\u00f6nnen, wirkt sich die F\u00fctterung von R\u00fcbenschnitzel m\u00f6glicherweise negativ auf die Pferde mit den genannten Erkrankungen aus.<\/li>\n<li>Verh\u00e4ltnis von Calcium und Phosphor: Das Verh\u00e4ltnis von Phosphor und Calcium ist entscheidend f\u00fcr die Pferdegesundheit. So kann eine St\u00f6rung im Verh\u00e4ltnis dieser Mineralien zu Problemen der Knochengesundheit f\u00fchren.<\/li>\n<li>Kolikrisiko: R\u00fcbenschnitzel m\u00fcssen optimal eingeweicht werden. Nur dann k\u00f6nnen sie ohne negative Folgen verf\u00fcttert werden. Eine zu kurze oder zu lange Einweichzeit kann das <a href=\"https:\/\/uelzener.de\/magazin\/pferd\/tiergesundheit\/kolik-beim-pferd\/\">Kolikrisiko<\/a> erh\u00f6hen.<\/li>\n<\/ul>\n<h2>Wie f\u00fcttern?<\/h2>\n<p>F\u00fctterung hat entscheidenden Einfluss auf die Pferdegesundheit. Um <a href=\"https:\/\/uelzener.de\/magazin\/pferd\/haeufige-fragen\/liste-haeufigste-pferdekrankheiten-operationen\/\">Erkrankungen<\/a> zu vermeiden, sollte man unbedingt auf eine entsprechende Zubereitung und Dosierung achten.<\/p>\n<p>R\u00fcbenschnitzel gibt es in verschiedenen Darreichungsformen, beispielsweise in Form loser R\u00fcbenschnitzel, als Pellets oder auch M\u00fcsli. R\u00fcbenschnitzel m\u00fcssen stets eingeweicht werden. Dabei k\u00f6nnen sich die Einweichzeiten je nach Darreichungsform unterscheiden. Unbedingt ist darauf zu achten, dass R\u00fcbenschnitzel weder zu kurz noch zu lang eingeweicht werden.<\/p>\n<p>Bei zu langen Einweichzeiten, vor allem bei w\u00e4rmerem Wetter, k\u00f6nnen die R\u00fcbenschnitzel zu g\u00e4ren beginnen. Verf\u00fcttert man diese gegorenen R\u00fcbenschnitzel, kann dies negative Auswirkungen haben. So k\u00f6nnen sie wom\u00f6glich verantwortlich f\u00fcr die Entstehung einer Kolik sein.<\/p>\n<p>Bei zu kurzer Einweichzeit oder Einweichen mit zu wenig Wasser, quellen R\u00fcbenschnitzel im K\u00f6rper des Pferdes nach. Dies kann zu einer gef\u00e4hrlichen Schlundverstopfung f\u00fchren.<\/p>\n<p>Die Menge der zu f\u00fctternden R\u00fcbenschnitzel variiert unter anderem je nach Gr\u00f6\u00dfe und Futterigkeit des Pferdes und dem Zweck, zu dem R\u00fcbenschnitzel gegeben werden sollen.<\/p>\n<p>Im Winter kommt zudem das Risiko gefrierender, eingeweichter R\u00fcbenschnitzel hinzu. Es ist unbedingt zu vermeiden, dass die R\u00fcbenschnitzel zu kalt oder gar im gefrorenen Zustand verf\u00fcttert werden.<\/p>\n<p>Bei Zweifeln bez\u00fcglich Dosierung, Darreichungsform, Einweichzeiten oder Menge der Einweichfl\u00fcssigkeit sollte man sich tier\u00e4rztlich beraten lassen.<\/p>\n<h2>Fazit<\/h2>\n<p>R\u00fcbenschnitzel k\u00f6nnen \u00e4hnlich wie andere nat\u00fcrliche Nahrungsmittel (beispielsweise <a href=\"https:\/\/uelzener.de\/magazin\/pferd\/ernaehrung\/rote-bete-fuer-pferde\/\" target=\"_blank\" rel=\"noopener\">Rote Bete<\/a>) eine hervorragende Erg\u00e4nzung zum \u00fcblichen Futter sein. Gerade f\u00fcr Pferde, bei denen eine Gewichtszunahme erw\u00fcnscht ist, k\u00f6nnen sie eine gute Unterst\u00fctzung sein. Zudem kann die F\u00fctterung von R\u00fcbenschnitzeln die Speichelproduktion ankurbeln und sich so positiv auf Magen und Darm auswirken. Trotz der vorteilhaften Wirkung bringt die F\u00fctterung von R\u00fcbenschnitzel einige Risiken mit sich. Neben einer unerw\u00fcnschten Gewichtszunahme aufgrund des hohen Energiegehalts ben\u00f6tigt vor allem die Vorbereitung durch das Einweichen der R\u00fcbenschnitzel einige Regeln. Einweichzeit und Fl\u00fcssigkeitsmenge sollten entsprechend bemessen sein, um unn\u00f6tige Risiken zu vermeiden. Bei gesundheitlichen Problemen und Fragen zur Ern\u00e4hrung sollte tier\u00e4rztliche Beratung eingeholt werden.<\/p>\n","protected":false},"excerpt":{"rendered":"<p>R\u00fcbenschnitzel k\u00f6nnen eine wertvolle Erg\u00e4nzung in der \u00fcblichen F\u00fctterung sein. Allerdings sind mit der F\u00fctterung von R\u00fcbenschnitzeln einige Risiken verbunden, die sich mit entsprechendem Wissen und sorgsamem Umgang jedoch gut umgehen lassen. Dieser Artikel listet Vor- und Nachteile der Zuf\u00fctterung von R\u00fcbenschnitzeln auf und erkl\u00e4rt, was dabei zu beachten ist. Was sind R\u00fcbenschnitzel? R\u00fcbenschnitzel werden [&hellip;]<\/p>\n","protected":false},"author":11,"featured_media":16815,"parent":11672,"menu_order":5,"comment_status":"closed","ping_status":"closed","template":"templates\/blog.php","meta":{"_acf_changed":false,"_crdt_document":"","footnotes":"","beyondwords_generate_audio":"0","beyondwords_project_id":"","beyondwords_content_id":"","beyondwords_preview_token":"","beyondwords_player_style":"","beyondwords_language_id":"","beyondwords_title_voice_id":"","beyondwords_body_voice_id":"","beyondwords_summary_voice_id":"","beyondwords_error_message":"","beyondwords_disabled":"","beyondwords_delete_content":"","beyondwords_podcast_id":"","beyondwords_hash":"","publish_post_to_speechkit":"","speechkit_hash":"","speechkit_generate_audio":"","speechkit_project_id":"","speechkit_podcast_id":"","speechkit_error_message":"","speechkit_disabled":"","speechkit_access_key":"","speechkit_error":"","speechkit_info":"","speechkit_response":"","speechkit_retries":"","speechkit_status":"","speechkit_updated_at":"","_speechkit_link":"","_speechkit_text":""},"class_list":["post-16811","page","type-page","status-publish","has-post-thumbnail","hentry"],"acf":[],"yoast_head":"<!-- This site is optimized with the Yoast SEO Premium plugin  - https:\/\/yoast.com\/product\/yoast-seo-premium-wordpress\/ -->\n<title>R\u00fcbenschnitzel f\u00fcr Pferde: Wirkung, Einsatzm\u00f6glichkeiten und Zubereitungs-Tipps | Uelzener Magazin<\/title>\n<meta name=\"description\" content=\"R\u00fcbenschnitzel: Vorteile und Nachteile. Den nat\u00fcrlichen Energielieferanten richtig nutzen.\" \/>\n<meta name=\"robots\" content=\"index, follow, max-snippet:-1, max-image-preview:large, max-video-preview:-1\" \/>\n<link rel=\"canonical\" href=\"https:\/\/uelzener.de\/magazin\/pferd\/ernaehrung\/ruebenschnitzel-fuer-pferde\/\" \/>\n<meta property=\"og:locale\" content=\"de_DE\" \/>\n<meta property=\"og:type\" content=\"article\" \/>\n<meta property=\"og:title\" content=\"R\u00fcbenschnitzel f\u00fcr Pferde: Wirkung, Einsatzm\u00f6glichkeiten und Zubereitungs-Tipps\" \/>\n<meta property=\"og:description\" content=\"R\u00fcbenschnitzel: Vorteile und Nachteile. Den nat\u00fcrlichen Energielieferanten richtig nutzen.\" \/>\n<meta property=\"og:url\" content=\"https:\/\/uelzener.de\/magazin\/pferd\/ernaehrung\/ruebenschnitzel-fuer-pferde\/\" \/>\n<meta property=\"og:site_name\" content=\"Uelzener Tier-Magazin\" \/>\n<meta property=\"article:publisher\" content=\"https:\/\/www.facebook.com\/Uelzener\" \/>\n<meta property=\"article:modified_time\" content=\"2024-01-17T08:00:40+00:00\" \/>\n<meta property=\"og:image\" content=\"https:\/\/uelzener.de\/magazin\/app\/uploads\/2023\/12\/ruebenschnitzel.jpg\" \/>\n\t<meta property=\"og:image:width\" content=\"1025\" \/>\n\t<meta property=\"og:image:height\" content=\"450\" \/>\n\t<meta property=\"og:image:type\" content=\"image\/jpeg\" \/>\n<meta name=\"twitter:card\" content=\"summary_large_image\" \/>\n<meta name=\"twitter:label1\" content=\"Gesch\u00e4tzte Lesezeit\" \/>\n\t<meta name=\"twitter:data1\" content=\"4\u00a0Minuten\" \/>\n<script type=\"application\/ld+json\" class=\"yoast-schema-graph\">{\"@context\":\"https:\/\/schema.org\",\"@graph\":[{\"@type\":\"WebPage\",\"@id\":\"https:\/\/uelzener.de\/magazin\/pferd\/ernaehrung\/ruebenschnitzel-fuer-pferde\/\",\"url\":\"https:\/\/uelzener.de\/magazin\/pferd\/ernaehrung\/ruebenschnitzel-fuer-pferde\/\",\"name\":\"R\u00fcbenschnitzel f\u00fcr Pferde: Wirkung, Einsatzm\u00f6glichkeiten und Zubereitungs-Tipps | Uelzener Magazin\",\"isPartOf\":{\"@id\":\"https:\/\/uelzener.de\/magazin\/#website\"},\"primaryImageOfPage\":{\"@id\":\"https:\/\/uelzener.de\/magazin\/pferd\/ernaehrung\/ruebenschnitzel-fuer-pferde\/#primaryimage\"},\"image\":{\"@id\":\"https:\/\/uelzener.de\/magazin\/pferd\/ernaehrung\/ruebenschnitzel-fuer-pferde\/#primaryimage\"},\"thumbnailUrl\":\"https:\/\/uelzener.de\/magazin\/app\/uploads\/2023\/12\/ruebenschnitzel.jpg\",\"datePublished\":\"2023-12-16T14:28:01+00:00\",\"dateModified\":\"2024-01-17T08:00:40+00:00\",\"description\":\"R\u00fcbenschnitzel: Vorteile und Nachteile. Den nat\u00fcrlichen Energielieferanten richtig nutzen.\",\"breadcrumb\":{\"@id\":\"https:\/\/uelzener.de\/magazin\/pferd\/ernaehrung\/ruebenschnitzel-fuer-pferde\/#breadcrumb\"},\"inLanguage\":\"de\",\"potentialAction\":[{\"@type\":\"ReadAction\",\"target\":[\"https:\/\/uelzener.de\/magazin\/pferd\/ernaehrung\/ruebenschnitzel-fuer-pferde\/\"]}]},{\"@type\":\"ImageObject\",\"inLanguage\":\"de\",\"@id\":\"https:\/\/uelzener.de\/magazin\/pferd\/ernaehrung\/ruebenschnitzel-fuer-pferde\/#primaryimage\",\"url\":\"https:\/\/uelzener.de\/magazin\/app\/uploads\/2023\/12\/ruebenschnitzel.jpg\",\"contentUrl\":\"https:\/\/uelzener.de\/magazin\/app\/uploads\/2023\/12\/ruebenschnitzel.jpg\",\"width\":1025,\"height\":450,\"caption\":\"R\u00fcbenschnitzel\"},{\"@type\":\"WebSite\",\"@id\":\"https:\/\/uelzener.de\/magazin\/#website\",\"url\":\"https:\/\/uelzener.de\/magazin\/\",\"name\":\"Uelzener Tiermagazin\",\"description\":\"Online Tierratgeber der Uelzener Versicherungen\",\"publisher\":{\"@id\":\"https:\/\/uelzener.de\/magazin\/#organization\"},\"potentialAction\":[{\"@type\":\"SearchAction\",\"target\":{\"@type\":\"EntryPoint\",\"urlTemplate\":\"https:\/\/uelzener.de\/magazin\/?s={search_term_string}\"},\"query-input\":{\"@type\":\"PropertyValueSpecification\",\"valueRequired\":true,\"valueName\":\"search_term_string\"}}],\"inLanguage\":\"de\"},{\"@type\":\"Organization\",\"@id\":\"https:\/\/uelzener.de\/magazin\/#organization\",\"name\":\"Uelzener Versicherungen\",\"url\":\"https:\/\/uelzener.de\/magazin\/\",\"logo\":{\"@type\":\"ImageObject\",\"inLanguage\":\"de\",\"@id\":\"https:\/\/uelzener.de\/magazin\/#\/schema\/logo\/image\/\",\"url\":\"https:\/\/uelzener.de\/magazin\/app\/uploads\/2024\/11\/uelzener_allgemeine_versicherungsgesellschaft_a_g_logo.jpg\",\"contentUrl\":\"https:\/\/uelzener.de\/magazin\/app\/uploads\/2024\/11\/uelzener_allgemeine_versicherungsgesellschaft_a_g_logo.jpg\",\"width\":200,\"height\":200,\"caption\":\"Uelzener Versicherungen\"},\"image\":{\"@id\":\"https:\/\/uelzener.de\/magazin\/#\/schema\/logo\/image\/\"},\"sameAs\":[\"https:\/\/www.facebook.com\/Uelzener\",\"https:\/\/instagram.com\/uelzener\",\"https:\/\/www.xing.com\/pages\/uelzenerallgemeineversicherungs-gesellschafta-g\",\"https:\/\/www.youtube.com\/UelzenerVersicherungen\"]}]}<\/script>\n<!-- \/ Yoast SEO Premium plugin. -->","yoast_head_json":{"title":"R\u00fcbenschnitzel f\u00fcr Pferde: Wirkung, Einsatzm\u00f6glichkeiten und Zubereitungs-Tipps | Uelzener Magazin","description":"R\u00fcbenschnitzel: Vorteile und Nachteile. Den nat\u00fcrlichen Energielieferanten richtig nutzen.","robots":{"index":"index","follow":"follow","max-snippet":"max-snippet:-1","max-image-preview":"max-image-preview:large","max-video-preview":"max-video-preview:-1"},"canonical":"https:\/\/uelzener.de\/magazin\/pferd\/ernaehrung\/ruebenschnitzel-fuer-pferde\/","og_locale":"de_DE","og_type":"article","og_title":"R\u00fcbenschnitzel f\u00fcr Pferde: Wirkung, Einsatzm\u00f6glichkeiten und Zubereitungs-Tipps","og_description":"R\u00fcbenschnitzel: Vorteile und Nachteile. Den nat\u00fcrlichen Energielieferanten richtig nutzen.","og_url":"https:\/\/uelzener.de\/magazin\/pferd\/ernaehrung\/ruebenschnitzel-fuer-pferde\/","og_site_name":"Uelzener Tier-Magazin","article_publisher":"https:\/\/www.facebook.com\/Uelzener","article_modified_time":"2024-01-17T08:00:40+00:00","og_image":[{"width":1025,"height":450,"url":"https:\/\/uelzener.de\/magazin\/app\/uploads\/2023\/12\/ruebenschnitzel.jpg","type":"image\/jpeg"}],"twitter_card":"summary_large_image","twitter_misc":{"Gesch\u00e4tzte Lesezeit":"4\u00a0Minuten"},"schema":{"@context":"https:\/\/schema.org","@graph":[{"@type":"WebPage","@id":"https:\/\/uelzener.de\/magazin\/pferd\/ernaehrung\/ruebenschnitzel-fuer-pferde\/","url":"https:\/\/uelzener.de\/magazin\/pferd\/ernaehrung\/ruebenschnitzel-fuer-pferde\/","name":"R\u00fcbenschnitzel f\u00fcr Pferde: Wirkung, Einsatzm\u00f6glichkeiten und Zubereitungs-Tipps | Uelzener Magazin","isPartOf":{"@id":"https:\/\/uelzener.de\/magazin\/#website"},"primaryImageOfPage":{"@id":"https:\/\/uelzener.de\/magazin\/pferd\/ernaehrung\/ruebenschnitzel-fuer-pferde\/#primaryimage"},"image":{"@id":"https:\/\/uelzener.de\/magazin\/pferd\/ernaehrung\/ruebenschnitzel-fuer-pferde\/#primaryimage"},"thumbnailUrl":"https:\/\/uelzener.de\/magazin\/app\/uploads\/2023\/12\/ruebenschnitzel.jpg","datePublished":"2023-12-16T14:28:01+00:00","dateModified":"2024-01-17T08:00:40+00:00","description":"R\u00fcbenschnitzel: Vorteile und Nachteile. Den nat\u00fcrlichen Energielieferanten richtig nutzen.","breadcrumb":{"@id":"https:\/\/uelzener.de\/magazin\/pferd\/ernaehrung\/ruebenschnitzel-fuer-pferde\/#breadcrumb"},"inLanguage":"de","potentialAction":[{"@type":"ReadAction","target":["https:\/\/uelzener.de\/magazin\/pferd\/ernaehrung\/ruebenschnitzel-fuer-pferde\/"]}]},{"@type":"ImageObject","inLanguage":"de","@id":"https:\/\/uelzener.de\/magazin\/pferd\/ernaehrung\/ruebenschnitzel-fuer-pferde\/#primaryimage","url":"https:\/\/uelzener.de\/magazin\/app\/uploads\/2023\/12\/ruebenschnitzel.jpg","contentUrl":"https:\/\/uelzener.de\/magazin\/app\/uploads\/2023\/12\/ruebenschnitzel.jpg","width":1025,"height":450,"caption":"R\u00fcbenschnitzel"},{"@type":"WebSite","@id":"https:\/\/uelzener.de\/magazin\/#website","url":"https:\/\/uelzener.de\/magazin\/","name":"Uelzener Tiermagazin","description":"Online Tierratgeber der Uelzener Versicherungen","publisher":{"@id":"https:\/\/uelzener.de\/magazin\/#organization"},"potentialAction":[{"@type":"SearchAction","target":{"@type":"EntryPoint","urlTemplate":"https:\/\/uelzener.de\/magazin\/?s={search_term_string}"},"query-input":{"@type":"PropertyValueSpecification","valueRequired":true,"valueName":"search_term_string"}}],"inLanguage":"de"},{"@type":"Organization","@id":"https:\/\/uelzener.de\/magazin\/#organization","name":"Uelzener Versicherungen","url":"https:\/\/uelzener.de\/magazin\/","logo":{"@type":"ImageObject","inLanguage":"de","@id":"https:\/\/uelzener.de\/magazin\/#\/schema\/logo\/image\/","url":"https:\/\/uelzener.de\/magazin\/app\/uploads\/2024\/11\/uelzener_allgemeine_versicherungsgesellschaft_a_g_logo.jpg","contentUrl":"https:\/\/uelzener.de\/magazin\/app\/uploads\/2024\/11\/uelzener_allgemeine_versicherungsgesellschaft_a_g_logo.jpg","width":200,"height":200,"caption":"Uelzener Versicherungen"},"image":{"@id":"https:\/\/uelzener.de\/magazin\/#\/schema\/logo\/image\/"},"sameAs":["https:\/\/www.facebook.com\/Uelzener","https:\/\/instagram.com\/uelzener","https:\/\/www.xing.com\/pages\/uelzenerallgemeineversicherungs-gesellschafta-g","https:\/\/www.youtube.com\/UelzenerVersicherungen"]}]}},"_links":{"self":[{"href":"https:\/\/uelzener.de\/magazin\/wp-json\/wp\/v2\/pages\/16811","targetHints":{"allow":["GET"]}}],"collection":[{"href":"https:\/\/uelzener.de\/magazin\/wp-json\/wp\/v2\/pages"}],"about":[{"href":"https:\/\/uelzener.de\/magazin\/wp-json\/wp\/v2\/types\/page"}],"author":[{"embeddable":true,"href":"https:\/\/uelzener.de\/magazin\/wp-json\/wp\/v2\/users\/11"}],"replies":[{"embeddable":true,"href":"https:\/\/uelzener.de\/magazin\/wp-json\/wp\/v2\/comments?post=16811"}],"version-history":[{"count":6,"href":"https:\/\/uelzener.de\/magazin\/wp-json\/wp\/v2\/pages\/16811\/revisions"}],"predecessor-version":[{"id":16888,"href":"https:\/\/uelzener.de\/magazin\/wp-json\/wp\/v2\/pages\/16811\/revisions\/16888"}],"up":[{"embeddable":true,"href":"https:\/\/uelzener.de\/magazin\/wp-json\/wp\/v2\/pages\/11672"}],"wp:featuredmedia":[{"embeddable":true,"href":"https:\/\/uelzener.de\/magazin\/wp-json\/wp\/v2\/media\/16815"}],"wp:attachment":[{"href":"https:\/\/uelzener.de\/magazin\/wp-json\/wp\/v2\/media?parent=16811"}],"curies":[{"name":"wp","href":"https:\/\/api.w.org\/{rel}","templated":true}]}}