{"id":16807,"date":"2023-12-18T14:42:37","date_gmt":"2023-12-18T13:42:37","guid":{"rendered":"https:\/\/uelzener.de\/magazin\/?page_id=16807"},"modified":"2025-11-13T11:48:36","modified_gmt":"2025-11-13T10:48:36","slug":"cbd-oel","status":"publish","type":"page","link":"https:\/\/uelzener.de\/magazin\/hund\/haeufige-fragen\/cbd-oel\/","title":{"rendered":"CBD-\u00d6l: Hund nat\u00fcrlich beruhigen"},"content":{"rendered":"<p>CBD-\u00d6l kann beruhigende Wirkung haben. Das gilt nicht nur f\u00fcr uns Menschen, sondern auch f\u00fcr unsere vierbeinigen Freunde. Bei der Verabreichung von CBD-\u00d6l an Hunde sollte stets tier\u00e4rztlicher Rat eingeholt und ihm Folge geleistet werden. Hier erf\u00e4hrst du alles Wichtige rund um die Verwendung f\u00fcr CBD-\u00d6l bei Hunden.<\/p>\n<h2>Was ist CBD-\u00d6l?<\/h2>\n<p>Zur Herstellung von Cannabidiol-\u00d6l, abgek\u00fcrzt CBD-\u00d6l, wird Cannabidiol verwendet. Cannabidiol ist eine nat\u00fcrliche Substanz, die in der Cannabis-Pflanze vorkommt. Im Gegensatz zu Tetrahydrocannabinol (THC), das ebenfalls aus Cannabis-Pflanzen gewonnen wird, hat CBD keine psychoaktiven Effekte, sodass man durch den Konsum von CBD nicht \u201ehigh\u201c wird.\u00a0 CBD-\u00d6l entsteht, indem man das Cannabidiol aus der Pflanze extrahiert und in einem Tr\u00e4ger\u00f6l wie Hanf- oder Kokosnuss\u00f6l l\u00f6st.<\/p>\n<p>CBD-\u00d6l wirkt nach der Einnahme auf das Endocannabinoid-System des K\u00f6rpers. Das Endocannabinoid-System gibt es sowohl bei Menschen als auch bei Hunden und besteht unter anderem aus zweierlei Rezeptoren, die durch die Wirkstoffe des CBD besonders aktiviert werden. Die CB1-Rezeptoren und die CB2-Rezeptoren wirken auf die Regulation verschiedener physiologischer Prozesse, einschlie\u00dflich Stimmung, Schlaf, Appetit, Immunfunktion und Schmerzempfindung.<\/p>\n<p>Menschen und Hunde unterscheiden sich jedoch hinsichtlich ihrer Endocannabinoid-Systeme. Hunde haben beispielsweise eine h\u00f6here Dichte an CB1-Rezeptoren im Bereich des Gehirns im Vergleich zu Menschen.<\/p>\n<p>Au\u00dferdem k\u00f6nnen Hunde CBD-\u00d6l langsamer abbauen als Menschen. Hinzu kommt, dass Hunde auf CBD-\u00d6l empfindlicher als Menschen reagieren. Daher sollte man nur speziell f\u00fcr Hunde entwickelte \u00d6le und empfohlene Dosierungen anwenden.<\/p>\n<h2>Einsatzbereiche: Wann CBD-\u00d6l verabreichen?<\/h2>\n<p>CBD-\u00d6l wird bei verschiedenen gesundheitlichen Problemen eingesetzt:<\/p>\n<ul>\n<li>Unruhe und Angst: Es gibt verschiedene Situationen, in denen Hunde \u00e4ngstlich oder unruhig reagieren k\u00f6nnen. Beispielsweise beim Besuch in der Tierarztpraxis.<\/li>\n<li>Schmerzen: Aufgrund von <a href=\"https:\/\/uelzener.de\/magazin\/hund\/tiergesundheit\/hundekrankheiten-unfaelle\/\">Erkrankungen<\/a> oder Verletzungen k\u00f6nnen Hunde unter Schmerzen leiden, bei denen CBD-\u00d6l helfen kann.<\/li>\n<li><a href=\"https:\/\/uelzener.de\/magazin\/hund\/tiergesundheit\/arthrose-beim-hund-wie-man-sie-erkennt-und-behandeln-kann\/\">Arthrose<\/a>: Arthrose geht auch bei Hunden mit Schmerzen einher. Diese k\u00f6nnen durch Einnahme von CBD-\u00d6l gelindert werden.<\/li>\n<li><a href=\"https:\/\/uelzener.de\/magazin\/hund\/tiergesundheit\/epilepsie-beim-hund\/\" target=\"_blank\" rel=\"noopener\">Epilepsie<\/a>: Es gibt Hinweise darauf, dass die Einnahme von CBD die Anfallsh\u00e4ufigkeit bei Epilepsie reduzieren kann.<\/li>\n<li>Krebs: CBD-\u00d6l kann helfen, Schmerzen zu lindern, den Schlaf zu verbessern oder auch den Appetit anzuregen.<\/li>\n<\/ul>\n<p>Die Anwendung sollte stets durch die Tier\u00e4rztin oder den Tierarzt verordnet werden. Eine Hundeversicherung kann helfen, die Tierarztkosten im Griff zu haben.<\/p>\n\n<div class=\"banner\">\n    <a href=\"https:\/\/uelzener.de\/hund\/?agt=0000104925&sem=true&utm_medium=magazin&utm_source=wordpress&utm_campaign=hund&utm_content=banner\">\n        <img decoding=\"async\" width=\"300\" height=\"212\" src=\"https:\/\/uelzener.de\/magazin\/app\/uploads\/2023\/10\/Hunde-Versicherung.jpg\" class=\"attachment-medium size-medium\" alt=\"Banner Hunde-Versicherung\" \/>    <\/a>\n<\/div>\n\n<h2>Was bewirkt CBD-\u00d6l beim Hund?<\/h2>\n<p>Das CBD-\u00d6l wirkt<\/p>\n<ul>\n<li>beruhigend und angstlindernd, ohne dass die kognitiven F\u00e4higkeiten beeintr\u00e4chtigt werden oder der Hund \u201ehigh\u201c wird.<\/li>\n<li>schmerzlindernd: CBD kann entz\u00fcndungshemmend wirken und damit zur Linderung von Schmerzen beitragen.<\/li>\n<li>antiemetisch (Brechreiz mindernd): CBD kann \u00dcbelkeit und Erbrechen bei Hunden reduzieren.<\/li>\n<li>entz\u00fcndungshemmend: CBD kann helfen, Entz\u00fcndungen zu reduzieren.<\/li>\n<li>appetitanregend: CBD kann appetitsteigernd wirken und damit einer ungesunden Gewichtsabnahme und N\u00e4hrstoffmangel entgegenwirken.<\/li>\n<li>antikonvulsiv: Es gibt Hinweise darauf, dass CBD Krampfanf\u00e4lle reduzieren kann. Daher kann es bei Hunden, die unter Epilepsie leiden, eingesetzt werden.<\/li>\n<li>entspannend und wird daher zur Unterst\u00fctzung des Schlafes von Hunden eingesetzt.<\/li>\n<li>st\u00e4rkend auf das Immunsystem: Einige Studien deuten darauf hin, dass CBD das Immunsystem st\u00e4rken k\u00f6nnte.<\/li>\n<\/ul>\n<p>Viele fragen sich: K\u00f6nnen Hunde high werden? Ja, das k\u00f6nnen sie. Allerdings nicht durch CBD. Wird Hunden allerdings THC verabreicht, k\u00f6nnen sie durchaus \u201ehigh\u201c werden. Dies sollte man jedoch unbedingt vermeiden, weil der Konsum von THC f\u00fcr Hunde gef\u00e4hrlich sein kann.<\/p>\n<h3>K\u00f6nnen Hunde CBD abbauen?<\/h3>\n<p>Hunde k\u00f6nnen CBD abbauen, allerdings langsamer als Menschen. Man sollte bei der Dosierung von CBD-haltigen Substanzen unbedingt tier\u00e4rztlichen Rat einholen.<\/p>\n<h2>Dosierung und Darreichungsformen<\/h2>\n<p>CBD-\u00d6l f\u00fcr Hunde kann in unterschiedlicher Weise dosiert werden. Abh\u00e4ngig von Gewicht, Gesundheitszustand und dem entsprechenden Produkt k\u00f6nnen Tier\u00e4rztinnen und Tier\u00e4rzte die passende Dosis und Darreichungsform empfehlen. CBD-\u00d6l kann in Form von \u00d6l, Kapseln und Keksen verabreicht werden.<\/p>\n<h3>CBD-Kekse f\u00fcr Hunde<\/h3>\n<p>Will man seinen Hund auf Empfehlung des Tierarztes oder der Tier\u00e4rztin mit CBD behandeln, ist die Verabreichung mittels CBD-Keksen eine gute Option. L\u00e4sst sich das CBD doch auf diese Weise sehr leicht in die Ern\u00e4hrung des Hundes integrieren. Wichtig ist, dass sowohl das CBD-\u00d6l als auch der Keksteig speziell f\u00fcr Hunde produziert wurden. Neben der entsprechenden Dosierung des CBD, ist der Verzicht auf Schokolade entscheidend. Ist Schokolade doch giftig f\u00fcr Hunde.<\/p>\n<p>Bevor man seinem Hund CBD verabreicht, sollte man unbedingt tier\u00e4rztlichen Rat einholen und diesem folgen.<\/p>\n<h2>Kann CBD-\u00d6l auch gef\u00e4hrlich werden f\u00fcr Hunde?<\/h2>\n<p>Ja, CBD-\u00d6l kann f\u00fcr Hunde potenziell gef\u00e4hrlich sein, insbesondere wenn es unsachgem\u00e4\u00df verwendet wird oder wenn Produkte von minderwertiger Qualit\u00e4t sind. Zu den m\u00f6glichen Risiken geh\u00f6ren toxische Zusatzstoffe, Wechselwirkungen mit Medikamenten, \u00dcberdosierung oder eine individuelle Empfindlichkeit.<\/p>\n<p>Hinzu kommen auch bei sachgem\u00e4\u00dfer Verwendung die Risiken von Nebenwirkungen wie beispielsweise Maultrockeneit, verbunden mit \u00fcberm\u00e4\u00dfigem Durst, Blutdruckproblemen und Schl\u00e4frigkeit.<\/p>\n<h2>Erfahrungen<\/h2>\n<p>Es gibt unterschiedliche Erfahrungen mit CBD-\u00d6l bei Hunden. Einige Fachleute sind f\u00fcr den Einsatz von CBD-\u00d6l, andere haben gr\u00f6\u00dfere Bedenken und empfehlen es nicht. Es sollte stets tier\u00e4rztlicher Rat eingeholt werden.<\/p>\n\n<div class=\"related_articles boxed\">\n    <h2>Mehr zum Thema<\/h2>\n    \n    <div class=\"wrapper\"><div class=\"title align-center\"><h3><a href=\"https:\/\/uelzener.de\/magazin\/hund\/tiergesundheit\/kastration-hund-huendin\/\">Kastration von Hunden: Methoden, Gr\u00fcnde, Nachsorge<\/a><\/h3><\/div><div class=\"img align-center\"><img decoding=\"async\" width=\"315\" height=\"180\" src=\"https:\/\/uelzener.de\/magazin\/app\/uploads\/2023\/11\/kastration-hund-huendin-315x180.jpg\" class=\"attachment-315x180 size-315x180 wp-post-image\" alt=\"H\u00fcndin schlafend, mit Kuscheltier, nach einer Kastration.\" \/><\/div><\/div><div class=\"wrapper\"><div class=\"title align-center\"><h3><a href=\"https:\/\/uelzener.de\/magazin\/hund\/tiergesundheit\/krebs-beim-hund\/\">Krebs beim Hund: Vom Osteosarkom bis zum Gehirntumor<\/a><\/h3><\/div><div class=\"img align-center\"><img decoding=\"async\" width=\"315\" height=\"138\" src=\"https:\/\/uelzener.de\/magazin\/app\/uploads\/2025\/09\/krebs-hund.png\" class=\"attachment-315x180 size-315x180 wp-post-image\" alt=\"Hund mit Krebs.\" \/><\/div><\/div><\/div>\n\n<h2>Fazit<\/h2>\n<p>CBD-\u00d6l stellt eine M\u00f6glichkeit dar, Hunden bei verschiedenen gesundheitlichen Problemen zu helfen. Wichtig ist, dass CBD-\u00d6l guter Qualit\u00e4t verwendet wird und es nur nach tier\u00e4rztlichem Rat in entsprechenden Dosierungen zum Einsatz kommt. CBD-\u00d6l muss von THC-haltigen Pr\u00e4paraten unterschieden werden. CBD-\u00d6l in guter Qualit\u00e4t enth\u00e4lt kein THC und wirkt daher nicht psychoaktiv. Von der Verabreichung THC-haltiger Substanzen ist generell und entschieden abzuraten.<\/p>\n<h2>FAQ: H\u00e4ufig gestellte Fragen zu CBD-\u00d6l f\u00fcr Hunde<\/h2>\n<h3>Kann ich meinem Hund CBD-\u00d6l f\u00fcr Menschen geben?<\/h3>\n<p>Es sollte f\u00fcr Hunde nur CBD-\u00d6l verwendet werden, das f\u00fcr Haustiere produziert wurde. Dabei sollte der Empfehlung von Tier\u00e4rztinnen und Tier\u00e4rzten gefolgt werden.<\/p>\n<h3>Ist CBD Hasch?<\/h3>\n<p>CBD und Haschisch sind verschiedene Substanzen. W\u00e4hrend Haschisch THC enth\u00e4lt und berauschend wirkt, ist CBD nicht psychoaktiv.<\/p>\n","protected":false},"excerpt":{"rendered":"<p>CBD-\u00d6l kann beruhigende Wirkung haben. Das gilt nicht nur f\u00fcr uns Menschen, sondern auch f\u00fcr unsere vierbeinigen Freunde. Bei der Verabreichung von CBD-\u00d6l an Hunde sollte stets tier\u00e4rztlicher Rat eingeholt und ihm Folge geleistet werden. Hier erf\u00e4hrst du alles Wichtige rund um die Verwendung f\u00fcr CBD-\u00d6l bei Hunden. Was ist CBD-\u00d6l? Zur Herstellung von Cannabidiol-\u00d6l, [&hellip;]<\/p>\n","protected":false},"author":11,"featured_media":16810,"parent":11687,"menu_order":15,"comment_status":"closed","ping_status":"closed","template":"templates\/blog.php","meta":{"_acf_changed":false,"_crdt_document":"","footnotes":"","beyondwords_generate_audio":"0","beyondwords_project_id":"","beyondwords_content_id":"","beyondwords_preview_token":"","beyondwords_player_style":"","beyondwords_language_id":"","beyondwords_title_voice_id":"","beyondwords_body_voice_id":"","beyondwords_summary_voice_id":"","beyondwords_error_message":"","beyondwords_disabled":"","beyondwords_delete_content":"","beyondwords_podcast_id":"","beyondwords_hash":"","publish_post_to_speechkit":"","speechkit_hash":"","speechkit_generate_audio":"","speechkit_project_id":"","speechkit_podcast_id":"","speechkit_error_message":"","speechkit_disabled":"","speechkit_access_key":"","speechkit_error":"","speechkit_info":"","speechkit_response":"","speechkit_retries":"","speechkit_status":"","speechkit_updated_at":"","_speechkit_link":"","_speechkit_text":""},"class_list":["post-16807","page","type-page","status-publish","has-post-thumbnail","hentry"],"acf":[],"yoast_head":"<!-- This site is optimized with the Yoast SEO Premium plugin  - https:\/\/yoast.com\/product\/yoast-seo-premium-wordpress\/ -->\n<title>CBD-\u00d6l: Hund nat\u00fcrlich beruhigen | Uelzener Magazin<\/title>\n<meta name=\"description\" content=\"CBD-\u00d6l. Wirkung. Nebenwirkungen. Risiken. Das ist bei der Verwendung von CBD-\u00d6l zu beachten.\" \/>\n<meta name=\"robots\" content=\"index, follow, max-snippet:-1, max-image-preview:large, max-video-preview:-1\" \/>\n<link rel=\"canonical\" href=\"https:\/\/uelzener.de\/magazin\/hund\/haeufige-fragen\/cbd-oel\/\" \/>\n<meta property=\"og:locale\" content=\"de_DE\" \/>\n<meta property=\"og:type\" content=\"article\" \/>\n<meta property=\"og:title\" content=\"CBD-\u00d6l: Hund nat\u00fcrlich beruhigen\" \/>\n<meta property=\"og:description\" content=\"CBD-\u00d6l. Wirkung. Nebenwirkungen. Risiken. Das ist bei der Verwendung von CBD-\u00d6l zu beachten.\" \/>\n<meta property=\"og:url\" content=\"https:\/\/uelzener.de\/magazin\/hund\/haeufige-fragen\/cbd-oel\/\" \/>\n<meta property=\"og:site_name\" content=\"Uelzener Tier-Magazin\" \/>\n<meta property=\"article:publisher\" content=\"https:\/\/www.facebook.com\/Uelzener\" \/>\n<meta property=\"article:modified_time\" content=\"2025-11-13T10:48:36+00:00\" \/>\n<meta property=\"og:image\" content=\"https:\/\/uelzener.de\/magazin\/app\/uploads\/2023\/12\/cbd-oel-hund-kekse.jpg\" \/>\n\t<meta property=\"og:image:width\" content=\"1025\" \/>\n\t<meta property=\"og:image:height\" content=\"450\" \/>\n\t<meta property=\"og:image:type\" content=\"image\/jpeg\" \/>\n<meta name=\"twitter:card\" content=\"summary_large_image\" \/>\n<meta name=\"twitter:label1\" content=\"Gesch\u00e4tzte Lesezeit\" \/>\n\t<meta name=\"twitter:data1\" content=\"6\u00a0Minuten\" \/>\n<script type=\"application\/ld+json\" class=\"yoast-schema-graph\">{\"@context\":\"https:\/\/schema.org\",\"@graph\":[{\"@type\":\"WebPage\",\"@id\":\"https:\/\/uelzener.de\/magazin\/hund\/haeufige-fragen\/cbd-oel\/\",\"url\":\"https:\/\/uelzener.de\/magazin\/hund\/haeufige-fragen\/cbd-oel\/\",\"name\":\"CBD-\u00d6l: Hund nat\u00fcrlich beruhigen | Uelzener Magazin\",\"isPartOf\":{\"@id\":\"https:\/\/uelzener.de\/magazin\/#website\"},\"primaryImageOfPage\":{\"@id\":\"https:\/\/uelzener.de\/magazin\/hund\/haeufige-fragen\/cbd-oel\/#primaryimage\"},\"image\":{\"@id\":\"https:\/\/uelzener.de\/magazin\/hund\/haeufige-fragen\/cbd-oel\/#primaryimage\"},\"thumbnailUrl\":\"https:\/\/uelzener.de\/magazin\/app\/uploads\/2023\/12\/cbd-oel-hund-kekse.jpg\",\"datePublished\":\"2023-12-18T13:42:37+00:00\",\"dateModified\":\"2025-11-13T10:48:36+00:00\",\"description\":\"CBD-\u00d6l. Wirkung. Nebenwirkungen. Risiken. Das ist bei der Verwendung von CBD-\u00d6l zu beachten.\",\"breadcrumb\":{\"@id\":\"https:\/\/uelzener.de\/magazin\/hund\/haeufige-fragen\/cbd-oel\/#breadcrumb\"},\"inLanguage\":\"de\",\"potentialAction\":[{\"@type\":\"ReadAction\",\"target\":[\"https:\/\/uelzener.de\/magazin\/hund\/haeufige-fragen\/cbd-oel\/\"]}]},{\"@type\":\"ImageObject\",\"inLanguage\":\"de\",\"@id\":\"https:\/\/uelzener.de\/magazin\/hund\/haeufige-fragen\/cbd-oel\/#primaryimage\",\"url\":\"https:\/\/uelzener.de\/magazin\/app\/uploads\/2023\/12\/cbd-oel-hund-kekse.jpg\",\"contentUrl\":\"https:\/\/uelzener.de\/magazin\/app\/uploads\/2023\/12\/cbd-oel-hund-kekse.jpg\",\"width\":1025,\"height\":450,\"caption\":\"Hundesnacks aus CBD-\u00d6l\"},{\"@type\":\"WebSite\",\"@id\":\"https:\/\/uelzener.de\/magazin\/#website\",\"url\":\"https:\/\/uelzener.de\/magazin\/\",\"name\":\"Uelzener Tiermagazin\",\"description\":\"Online Tierratgeber der Uelzener Versicherungen\",\"publisher\":{\"@id\":\"https:\/\/uelzener.de\/magazin\/#organization\"},\"potentialAction\":[{\"@type\":\"SearchAction\",\"target\":{\"@type\":\"EntryPoint\",\"urlTemplate\":\"https:\/\/uelzener.de\/magazin\/?s={search_term_string}\"},\"query-input\":{\"@type\":\"PropertyValueSpecification\",\"valueRequired\":true,\"valueName\":\"search_term_string\"}}],\"inLanguage\":\"de\"},{\"@type\":\"Organization\",\"@id\":\"https:\/\/uelzener.de\/magazin\/#organization\",\"name\":\"Uelzener Versicherungen\",\"url\":\"https:\/\/uelzener.de\/magazin\/\",\"logo\":{\"@type\":\"ImageObject\",\"inLanguage\":\"de\",\"@id\":\"https:\/\/uelzener.de\/magazin\/#\/schema\/logo\/image\/\",\"url\":\"https:\/\/uelzener.de\/magazin\/app\/uploads\/2024\/11\/uelzener_allgemeine_versicherungsgesellschaft_a_g_logo.jpg\",\"contentUrl\":\"https:\/\/uelzener.de\/magazin\/app\/uploads\/2024\/11\/uelzener_allgemeine_versicherungsgesellschaft_a_g_logo.jpg\",\"width\":200,\"height\":200,\"caption\":\"Uelzener Versicherungen\"},\"image\":{\"@id\":\"https:\/\/uelzener.de\/magazin\/#\/schema\/logo\/image\/\"},\"sameAs\":[\"https:\/\/www.facebook.com\/Uelzener\",\"https:\/\/instagram.com\/uelzener\",\"https:\/\/www.xing.com\/pages\/uelzenerallgemeineversicherungs-gesellschafta-g\",\"https:\/\/www.youtube.com\/UelzenerVersicherungen\"]}]}<\/script>\n<!-- \/ Yoast SEO Premium plugin. -->","yoast_head_json":{"title":"CBD-\u00d6l: Hund nat\u00fcrlich beruhigen | Uelzener Magazin","description":"CBD-\u00d6l. Wirkung. Nebenwirkungen. Risiken. Das ist bei der Verwendung von CBD-\u00d6l zu beachten.","robots":{"index":"index","follow":"follow","max-snippet":"max-snippet:-1","max-image-preview":"max-image-preview:large","max-video-preview":"max-video-preview:-1"},"canonical":"https:\/\/uelzener.de\/magazin\/hund\/haeufige-fragen\/cbd-oel\/","og_locale":"de_DE","og_type":"article","og_title":"CBD-\u00d6l: Hund nat\u00fcrlich beruhigen","og_description":"CBD-\u00d6l. Wirkung. Nebenwirkungen. Risiken. Das ist bei der Verwendung von CBD-\u00d6l zu beachten.","og_url":"https:\/\/uelzener.de\/magazin\/hund\/haeufige-fragen\/cbd-oel\/","og_site_name":"Uelzener Tier-Magazin","article_publisher":"https:\/\/www.facebook.com\/Uelzener","article_modified_time":"2025-11-13T10:48:36+00:00","og_image":[{"width":1025,"height":450,"url":"https:\/\/uelzener.de\/magazin\/app\/uploads\/2023\/12\/cbd-oel-hund-kekse.jpg","type":"image\/jpeg"}],"twitter_card":"summary_large_image","twitter_misc":{"Gesch\u00e4tzte Lesezeit":"6\u00a0Minuten"},"schema":{"@context":"https:\/\/schema.org","@graph":[{"@type":"WebPage","@id":"https:\/\/uelzener.de\/magazin\/hund\/haeufige-fragen\/cbd-oel\/","url":"https:\/\/uelzener.de\/magazin\/hund\/haeufige-fragen\/cbd-oel\/","name":"CBD-\u00d6l: Hund nat\u00fcrlich beruhigen | Uelzener Magazin","isPartOf":{"@id":"https:\/\/uelzener.de\/magazin\/#website"},"primaryImageOfPage":{"@id":"https:\/\/uelzener.de\/magazin\/hund\/haeufige-fragen\/cbd-oel\/#primaryimage"},"image":{"@id":"https:\/\/uelzener.de\/magazin\/hund\/haeufige-fragen\/cbd-oel\/#primaryimage"},"thumbnailUrl":"https:\/\/uelzener.de\/magazin\/app\/uploads\/2023\/12\/cbd-oel-hund-kekse.jpg","datePublished":"2023-12-18T13:42:37+00:00","dateModified":"2025-11-13T10:48:36+00:00","description":"CBD-\u00d6l. Wirkung. Nebenwirkungen. Risiken. Das ist bei der Verwendung von CBD-\u00d6l zu beachten.","breadcrumb":{"@id":"https:\/\/uelzener.de\/magazin\/hund\/haeufige-fragen\/cbd-oel\/#breadcrumb"},"inLanguage":"de","potentialAction":[{"@type":"ReadAction","target":["https:\/\/uelzener.de\/magazin\/hund\/haeufige-fragen\/cbd-oel\/"]}]},{"@type":"ImageObject","inLanguage":"de","@id":"https:\/\/uelzener.de\/magazin\/hund\/haeufige-fragen\/cbd-oel\/#primaryimage","url":"https:\/\/uelzener.de\/magazin\/app\/uploads\/2023\/12\/cbd-oel-hund-kekse.jpg","contentUrl":"https:\/\/uelzener.de\/magazin\/app\/uploads\/2023\/12\/cbd-oel-hund-kekse.jpg","width":1025,"height":450,"caption":"Hundesnacks aus CBD-\u00d6l"},{"@type":"WebSite","@id":"https:\/\/uelzener.de\/magazin\/#website","url":"https:\/\/uelzener.de\/magazin\/","name":"Uelzener Tiermagazin","description":"Online Tierratgeber der Uelzener Versicherungen","publisher":{"@id":"https:\/\/uelzener.de\/magazin\/#organization"},"potentialAction":[{"@type":"SearchAction","target":{"@type":"EntryPoint","urlTemplate":"https:\/\/uelzener.de\/magazin\/?s={search_term_string}"},"query-input":{"@type":"PropertyValueSpecification","valueRequired":true,"valueName":"search_term_string"}}],"inLanguage":"de"},{"@type":"Organization","@id":"https:\/\/uelzener.de\/magazin\/#organization","name":"Uelzener Versicherungen","url":"https:\/\/uelzener.de\/magazin\/","logo":{"@type":"ImageObject","inLanguage":"de","@id":"https:\/\/uelzener.de\/magazin\/#\/schema\/logo\/image\/","url":"https:\/\/uelzener.de\/magazin\/app\/uploads\/2024\/11\/uelzener_allgemeine_versicherungsgesellschaft_a_g_logo.jpg","contentUrl":"https:\/\/uelzener.de\/magazin\/app\/uploads\/2024\/11\/uelzener_allgemeine_versicherungsgesellschaft_a_g_logo.jpg","width":200,"height":200,"caption":"Uelzener Versicherungen"},"image":{"@id":"https:\/\/uelzener.de\/magazin\/#\/schema\/logo\/image\/"},"sameAs":["https:\/\/www.facebook.com\/Uelzener","https:\/\/instagram.com\/uelzener","https:\/\/www.xing.com\/pages\/uelzenerallgemeineversicherungs-gesellschafta-g","https:\/\/www.youtube.com\/UelzenerVersicherungen"]}]}},"_links":{"self":[{"href":"https:\/\/uelzener.de\/magazin\/wp-json\/wp\/v2\/pages\/16807","targetHints":{"allow":["GET"]}}],"collection":[{"href":"https:\/\/uelzener.de\/magazin\/wp-json\/wp\/v2\/pages"}],"about":[{"href":"https:\/\/uelzener.de\/magazin\/wp-json\/wp\/v2\/types\/page"}],"author":[{"embeddable":true,"href":"https:\/\/uelzener.de\/magazin\/wp-json\/wp\/v2\/users\/11"}],"replies":[{"embeddable":true,"href":"https:\/\/uelzener.de\/magazin\/wp-json\/wp\/v2\/comments?post=16807"}],"version-history":[{"count":8,"href":"https:\/\/uelzener.de\/magazin\/wp-json\/wp\/v2\/pages\/16807\/revisions"}],"predecessor-version":[{"id":19501,"href":"https:\/\/uelzener.de\/magazin\/wp-json\/wp\/v2\/pages\/16807\/revisions\/19501"}],"up":[{"embeddable":true,"href":"https:\/\/uelzener.de\/magazin\/wp-json\/wp\/v2\/pages\/11687"}],"wp:featuredmedia":[{"embeddable":true,"href":"https:\/\/uelzener.de\/magazin\/wp-json\/wp\/v2\/media\/16810"}],"wp:attachment":[{"href":"https:\/\/uelzener.de\/magazin\/wp-json\/wp\/v2\/media?parent=16807"}],"curies":[{"name":"wp","href":"https:\/\/api.w.org\/{rel}","templated":true}]}}