{"id":16795,"date":"2023-12-18T15:04:04","date_gmt":"2023-12-18T14:04:04","guid":{"rendered":"https:\/\/uelzener.de\/magazin\/?page_id=16795"},"modified":"2025-11-13T11:43:32","modified_gmt":"2025-11-13T10:43:32","slug":"wildkatze","status":"publish","type":"page","link":"https:\/\/uelzener.de\/magazin\/katze\/haeufige-fragen\/wildkatze\/","title":{"rendered":"Wildkatzen in Europa und Deutschland"},"content":{"rendered":"<p>Wildkatzen (Felis silvestris) sind nur selten in freier Natur zu sehen. Zum einen sind sie von Natur aus zur\u00fcckhaltend und bewegen sich im Verborgenen. Zum anderen ist die Wildkatzen-Population sehr klein. Wir schauen in diesem Artikel auf die wichtigsten Unterscheidungsmerkmale zwischen Wildkatzen und Hauskatzen und widmen uns ihrer Verbreitung in Deutschland und Europa.<\/p>\n<h2>Wildkatze: Unterschiede zur Hauskatze<\/h2>\n<p>Auch, wenn sie auf den ersten Blick unseren Hauskatzen \u00e4hneln, gibt es doch klare Unterschiede. Eines der auff\u00e4lligsten Merkmale ist der breite, buschige Schwanz der Wildkatzen. Er ist durch zwei bis drei schwarze Ringe und ein schwarzes stumpfes Ende gekennzeichnet. Das Fell ist normalerweise grau-gelb. Wildkatzen wiegen ca. drei bis acht Kilogramm.<\/p>\n<p>Die Jungen der Wildkatzen sehen denen unserer Hauskatzen sehr \u00e4hnlich, sodass es bei einer Sichtung gelegentlich dazu kommt, dass Menschen sich der Kleinen annehmen m\u00f6chten. Sollte man auf einen Wurf Wildkatzen sto\u00dfen, l\u00e4sst man diese jedoch besser in Ruhe. Kehrt die Mutter doch in den allermeisten F\u00e4llen bald zu ihnen zur\u00fcck. Keinesfalls sollte man sie einfach mitnehmen. Wildkatzen sind in Deutschland gesch\u00fctzt. Zudem eignen sich Wildkatzen nicht f\u00fcr die Haltung als Haustier. Es sind Wildtiere, die ihre nat\u00fcrliche Umgebung brauchen. Zu den Wildkatzen geh\u00f6rt auch die in Europa gr\u00f6\u00dfte Wildkatzenart. Der Luchs. Dieser ist gr\u00f6\u00dfer als die europ\u00e4ische Wildkatze und erreicht ein Gewicht von \u00fcber 10 bis zu 30 Kilogramm.<\/p>\n<p>Das Wildkatzen-Vorkommen ist lange Zeit stetig zur\u00fcckgegangen. Sei einigen Jahren steigen die Zahlen jedoch langsam aber stetig wieder an.<\/p>\n<h2>Europ\u00e4ische Wildkatzen<\/h2>\n<p>In Europa finden Wildkatzen (Felis silvestris) von jeher eine gro\u00dffl\u00e4chige Verbreitung. Auch wenn die Populationen in vielen Teilen Europas stark dezimiert sind, so findet man sie<\/p>\n<ul>\n<li>in Belgien,<\/li>\n<li>im Osten Frankreichs,<\/li>\n<li>auf dem Balkan,<\/li>\n<li>in Italien,<\/li>\n<li>in Schottland,<\/li>\n<li>auf der iberischen Halbinsel und<\/li>\n<li>in Deutschland<\/li>\n<\/ul>\n<p>Wie gro\u00df sind die Chancen in Deutschland auf Wildkatzen zu treffen? Sehr gering, weil sie immer noch selten und vor allem sehr zur\u00fcckhaltend sind. Doch wo leben die Wildkatzen in den W\u00e4ldern Deutschlands.<\/p>\n<h2>Wildkatzen in Deutschland<\/h2>\n<p>In Deutschland kommen Wildkatzen in folgenden Regionen vor:<\/p>\n<ul>\n<li>Taunus,<\/li>\n<li>Pf\u00e4lzer Wald,<\/li>\n<li>Hunsr\u00fcck,<\/li>\n<li>Eifel,<\/li>\n<li>Solling,<\/li>\n<li>Kyffh\u00e4user,<\/li>\n<li>Hainich,<\/li>\n<li>Leine-Weser-Raum,<\/li>\n<li>Harz,<\/li>\n<\/ul>\n<p>In fr\u00fcheren Zeiten geh\u00f6rten Luchse und Wildkatzen selbstverst\u00e4ndlich zur Wildtierpopulation. Dies ist lange her und der Schwund der Wildkatzen-Population ist aufgrund der historischen Entwicklung auch sehr verst\u00e4ndlich.<\/p>\n<h2>Warum sind Luchs und Wildkatze in Deutschland selten geworden?<\/h2>\n<p>Im Laufe der Zeit wurde der nat\u00fcrliche Lebensraum von Luchsen und Wildkatzen zunehmend zerst\u00f6rt. Siedlungen, der Bau von Stra\u00dfen, die Rodung von W\u00e4ldern, die Ausweitung der Landwirtschaft und die gezielte Bejagung haben zu einer Verkleinerung des Lebensraums f\u00fcr Wildkatzen und Luchse gef\u00fchrt. F\u00fcr die Wildkatzen nimmt man mittlerweile zudem eine krankheitsbedingte Dezimierung an. Denn auch in Gebieten, in denen die Bejagung von jeher ausgeschlossen war, fand eine Reduktion der Populationsst\u00e4rke statt.<\/p>\n<p>Heute wird einiges daf\u00fcr getan, dass sich Wildkatzen wieder ansiedeln und vermehren k\u00f6nnen. So gibt es Schutzgebiete und Wiederansiedlungsprojekte.<\/p>\n<h2>Kann man Wildkatzen als Haustier halten?<\/h2>\n<p>Wildkatzen sollten auf keinen Fall als Haustiere gehalten werden. Auch wenn sich Wildkatzen und Hauskatzen \u00e4u\u00dferlich \u00e4hneln, beispielsweise wenn es um den sogenannten <a href=\"https:\/\/uelzener.de\/magazin\/katze\/haeufige-fragen\/bunny-kick-wenn-katze-mit-hinterpfoten-tritt\/\">Bunny Kick<\/a>, ihre <a href=\"https:\/\/uelzener.de\/magazin\/katze\/tiergesundheit\/schlafposition-bei-katzen\/\">Schlafposition<\/a> oder die sogenannte <a href=\"https:\/\/uelzener.de\/magazin\/katze\/haeufige-fragen\/haben-katzen-eine-urwampe\/\">Urwampe<\/a> geht, so sind sie genetisch doch weniger verwandt als lange angenommen wurde. So gibt es anders als bei Wildkatzen Regionen im Genom der Hauskatze, die auf das Zusammenleben mit <a href=\"https:\/\/uelzener.de\/magazin\/katze\/haeufige-fragen\/dna-uebereinstimmung-katze-mensch\/\">Menschen<\/a> zur\u00fcckzuf\u00fchren sind. Die starken Instinkte von Wildkatzen f\u00fchren hingegen in einer h\u00e4uslichen Umgebung zu Problemen. Wildkatzen sind scheu, territorial und verf\u00fcgen \u00fcber einen starken Jagdinstinkt.<\/p>\n<p>Von einer Haltung von Wildkatzen als Haustier ist in jedem Fall abzuraten. Zudem gibt es rechtliche Bedingungen, die die Haltung von Wildkatzen je nach Land und Region unterbinden. Wildkatzen leben am besten in ihrer nat\u00fcrlichen Umgebung.<\/p>\n<p>Aber auch unter den Hauskatzen gibt es Rassen, die den Wildkatzen n\u00e4her stehen als andere. Ein Beispiel daf\u00fcr ist die <a href=\"https:\/\/uelzener.de\/magazin\/katze\/rasseportrait\/bengal-katze-leopard\/\">Bengalkatze<\/a>, die, im Gegensatz zur <a href=\"https:\/\/uelzener.de\/magazin\/katze\/rasseportrait\/europaeisch-kurzhaar\/\">Europ\u00e4isch-Kurzhaar<\/a>, einen gr\u00f6\u00dferen Wildkatzenanteil in sich tr\u00e4gt, der sich jedoch unterschiedlich stark \u00e4u\u00dfert. Wer auf der Suche nach einem zutraulichen Mitbewohner sucht, sieht sich am ehesten bei <a href=\"https:\/\/uelzener.de\/magazin\/katze\/haeufige-fragen\/verschmuste-katzenrassen\/\">verschmusteren Katzenrasse<\/a>n um.<\/p>\n<h2>Fazit<\/h2>\n<p>Auch, wenn wir Wildkatzen und Luchse im Wald nicht oder nur ganz selten begegnen, so verbreiten sie sich doch allm\u00e4hlich wieder st\u00e4rker in Deutschlan und ganz Europa. Dazu tragen Wiederansiedlungsprojekte und Schutzzonen bei. Wildkatzen sehen unsren Hauskatzen zwar \u00e4u\u00dferlich \u00e4hnlich, sind im Unterschied zu ihnen nicht f\u00fcr die Haustierhaltung geeignet. Denn Wildkatzen haben Instinkte, mit denen sie f\u00fcr das Leben in freier Natur bestens geeignet aber f\u00fcr das h\u00e4usliche Miteinander ungeeignet sind.<\/p>\n<h2>FAQ: H\u00e4ufig gestellte Fragen zu Wildkatzen in Europa<\/h2>\n<h3>Ist der Luchs f\u00fcr Menschen gef\u00e4hrlich?<\/h3>\n<p>Luchse gelten als ungef\u00e4hrlich f\u00fcr Menschen. Sie sind extrem zur\u00fcckhaltend und bemerken Menschen in der Regel eher als diese sie und ziehen sich dann zur\u00fcck.<\/p>\n<h3>Ist der Luchs in Europa die kleinste Wildkatze?<\/h3>\n<p>Nein, Luchse sind die gr\u00f6\u00dften Wildkatzen in Europa. Sie sind etwa so gro\u00df wie ein Sch\u00e4ferhund.<\/p>\n<h3>Wie gro\u00df ist die kleinste Wildkatze der Welt?<\/h3>\n<p>Die Rostkatze (Prionailurus Rubiginosus Phillipsi) ist die kleinste Wildkatze der Welt. Sie ist 40 bis 50 cm lang. Hinzu kommt ein etwa 25 cm langer Schwanz. Rostkatzen wiegen im Schnitt ca. 1,6 Kilogramm.<\/p>\n","protected":false},"excerpt":{"rendered":"<p>Wildkatzen (Felis silvestris) sind nur selten in freier Natur zu sehen. Zum einen sind sie von Natur aus zur\u00fcckhaltend und bewegen sich im Verborgenen. Zum anderen ist die Wildkatzen-Population sehr klein. Wir schauen in diesem Artikel auf die wichtigsten Unterscheidungsmerkmale zwischen Wildkatzen und Hauskatzen und widmen uns ihrer Verbreitung in Deutschland und Europa. Wildkatze: Unterschiede [&hellip;]<\/p>\n","protected":false},"author":11,"featured_media":16798,"parent":11691,"menu_order":26,"comment_status":"closed","ping_status":"closed","template":"templates\/blog.php","meta":{"_acf_changed":false,"_crdt_document":"","footnotes":"","beyondwords_generate_audio":"0","beyondwords_project_id":"","beyondwords_content_id":"","beyondwords_preview_token":"","beyondwords_player_style":"","beyondwords_language_id":"","beyondwords_title_voice_id":"","beyondwords_body_voice_id":"","beyondwords_summary_voice_id":"","beyondwords_error_message":"","beyondwords_disabled":"","beyondwords_delete_content":"","beyondwords_podcast_id":"","beyondwords_hash":"","publish_post_to_speechkit":"","speechkit_hash":"","speechkit_generate_audio":"","speechkit_project_id":"","speechkit_podcast_id":"","speechkit_error_message":"","speechkit_disabled":"","speechkit_access_key":"","speechkit_error":"","speechkit_info":"","speechkit_response":"","speechkit_retries":"","speechkit_status":"","speechkit_updated_at":"","_speechkit_link":"","_speechkit_text":""},"class_list":["post-16795","page","type-page","status-publish","has-post-thumbnail","hentry"],"acf":[],"yoast_head":"<!-- This site is optimized with the Yoast SEO Premium plugin  - https:\/\/yoast.com\/product\/yoast-seo-premium-wordpress\/ -->\n<title>Wildkatzen in Europa und Deutschland | Uelzener Magazin<\/title>\n<meta name=\"description\" content=\"Wo leben sie? Verbreitung, Aussehen und Unterscheidungsmerkmale zur Hauskatze.\" \/>\n<meta name=\"robots\" content=\"index, follow, max-snippet:-1, max-image-preview:large, max-video-preview:-1\" \/>\n<link rel=\"canonical\" href=\"https:\/\/uelzener.de\/magazin\/katze\/haeufige-fragen\/wildkatze\/\" \/>\n<meta property=\"og:locale\" content=\"de_DE\" \/>\n<meta property=\"og:type\" content=\"article\" \/>\n<meta property=\"og:title\" content=\"Wildkatzen in Europa und Deutschland\" \/>\n<meta property=\"og:description\" content=\"Wo leben sie? Verbreitung, Aussehen und Unterscheidungsmerkmale zur Hauskatze.\" \/>\n<meta property=\"og:url\" content=\"https:\/\/uelzener.de\/magazin\/katze\/haeufige-fragen\/wildkatze\/\" \/>\n<meta property=\"og:site_name\" content=\"Uelzener Tier-Magazin\" \/>\n<meta property=\"article:publisher\" content=\"https:\/\/www.facebook.com\/Uelzener\" \/>\n<meta property=\"article:modified_time\" content=\"2025-11-13T10:43:32+00:00\" \/>\n<meta property=\"og:image\" content=\"https:\/\/uelzener.de\/magazin\/app\/uploads\/2023\/12\/wildkatze.jpg\" \/>\n\t<meta property=\"og:image:width\" content=\"1025\" \/>\n\t<meta property=\"og:image:height\" content=\"450\" \/>\n\t<meta property=\"og:image:type\" content=\"image\/jpeg\" \/>\n<meta name=\"twitter:card\" content=\"summary_large_image\" \/>\n<meta name=\"twitter:label1\" content=\"Gesch\u00e4tzte Lesezeit\" \/>\n\t<meta name=\"twitter:data1\" content=\"5\u00a0Minuten\" \/>\n<script type=\"application\/ld+json\" class=\"yoast-schema-graph\">{\"@context\":\"https:\\\/\\\/schema.org\",\"@graph\":[{\"@type\":\"WebPage\",\"@id\":\"https:\\\/\\\/uelzener.de\\\/magazin\\\/katze\\\/haeufige-fragen\\\/wildkatze\\\/\",\"url\":\"https:\\\/\\\/uelzener.de\\\/magazin\\\/katze\\\/haeufige-fragen\\\/wildkatze\\\/\",\"name\":\"Wildkatzen in Europa und Deutschland | Uelzener Magazin\",\"isPartOf\":{\"@id\":\"https:\\\/\\\/uelzener.de\\\/magazin\\\/#website\"},\"primaryImageOfPage\":{\"@id\":\"https:\\\/\\\/uelzener.de\\\/magazin\\\/katze\\\/haeufige-fragen\\\/wildkatze\\\/#primaryimage\"},\"image\":{\"@id\":\"https:\\\/\\\/uelzener.de\\\/magazin\\\/katze\\\/haeufige-fragen\\\/wildkatze\\\/#primaryimage\"},\"thumbnailUrl\":\"https:\\\/\\\/uelzener.de\\\/magazin\\\/app\\\/uploads\\\/2023\\\/12\\\/wildkatze.jpg\",\"datePublished\":\"2023-12-18T14:04:04+00:00\",\"dateModified\":\"2025-11-13T10:43:32+00:00\",\"description\":\"Wo leben sie? Verbreitung, Aussehen und Unterscheidungsmerkmale zur Hauskatze.\",\"breadcrumb\":{\"@id\":\"https:\\\/\\\/uelzener.de\\\/magazin\\\/katze\\\/haeufige-fragen\\\/wildkatze\\\/#breadcrumb\"},\"inLanguage\":\"de\",\"potentialAction\":[{\"@type\":\"ReadAction\",\"target\":[\"https:\\\/\\\/uelzener.de\\\/magazin\\\/katze\\\/haeufige-fragen\\\/wildkatze\\\/\"]}]},{\"@type\":\"ImageObject\",\"inLanguage\":\"de\",\"@id\":\"https:\\\/\\\/uelzener.de\\\/magazin\\\/katze\\\/haeufige-fragen\\\/wildkatze\\\/#primaryimage\",\"url\":\"https:\\\/\\\/uelzener.de\\\/magazin\\\/app\\\/uploads\\\/2023\\\/12\\\/wildkatze.jpg\",\"contentUrl\":\"https:\\\/\\\/uelzener.de\\\/magazin\\\/app\\\/uploads\\\/2023\\\/12\\\/wildkatze.jpg\",\"width\":1025,\"height\":450,\"caption\":\"Eine Europ\u00e4ische Wildkatze im Wald.\"},{\"@type\":\"WebSite\",\"@id\":\"https:\\\/\\\/uelzener.de\\\/magazin\\\/#website\",\"url\":\"https:\\\/\\\/uelzener.de\\\/magazin\\\/\",\"name\":\"Uelzener Tiermagazin\",\"description\":\"Online Tierratgeber der Uelzener Versicherungen\",\"publisher\":{\"@id\":\"https:\\\/\\\/uelzener.de\\\/magazin\\\/#organization\"},\"potentialAction\":[{\"@type\":\"SearchAction\",\"target\":{\"@type\":\"EntryPoint\",\"urlTemplate\":\"https:\\\/\\\/uelzener.de\\\/magazin\\\/?s={search_term_string}\"},\"query-input\":{\"@type\":\"PropertyValueSpecification\",\"valueRequired\":true,\"valueName\":\"search_term_string\"}}],\"inLanguage\":\"de\"},{\"@type\":\"Organization\",\"@id\":\"https:\\\/\\\/uelzener.de\\\/magazin\\\/#organization\",\"name\":\"Uelzener Versicherungen\",\"url\":\"https:\\\/\\\/uelzener.de\\\/magazin\\\/\",\"logo\":{\"@type\":\"ImageObject\",\"inLanguage\":\"de\",\"@id\":\"https:\\\/\\\/uelzener.de\\\/magazin\\\/#\\\/schema\\\/logo\\\/image\\\/\",\"url\":\"https:\\\/\\\/uelzener.de\\\/magazin\\\/app\\\/uploads\\\/2024\\\/11\\\/uelzener_allgemeine_versicherungsgesellschaft_a_g_logo.jpg\",\"contentUrl\":\"https:\\\/\\\/uelzener.de\\\/magazin\\\/app\\\/uploads\\\/2024\\\/11\\\/uelzener_allgemeine_versicherungsgesellschaft_a_g_logo.jpg\",\"width\":200,\"height\":200,\"caption\":\"Uelzener Versicherungen\"},\"image\":{\"@id\":\"https:\\\/\\\/uelzener.de\\\/magazin\\\/#\\\/schema\\\/logo\\\/image\\\/\"},\"sameAs\":[\"https:\\\/\\\/www.facebook.com\\\/Uelzener\",\"https:\\\/\\\/instagram.com\\\/uelzener\",\"https:\\\/\\\/www.xing.com\\\/pages\\\/uelzenerallgemeineversicherungs-gesellschafta-g\",\"https:\\\/\\\/www.youtube.com\\\/UelzenerVersicherungen\"]}]}<\/script>\n<!-- \/ Yoast SEO Premium plugin. -->","yoast_head_json":{"title":"Wildkatzen in Europa und Deutschland | Uelzener Magazin","description":"Wo leben sie? Verbreitung, Aussehen und Unterscheidungsmerkmale zur Hauskatze.","robots":{"index":"index","follow":"follow","max-snippet":"max-snippet:-1","max-image-preview":"max-image-preview:large","max-video-preview":"max-video-preview:-1"},"canonical":"https:\/\/uelzener.de\/magazin\/katze\/haeufige-fragen\/wildkatze\/","og_locale":"de_DE","og_type":"article","og_title":"Wildkatzen in Europa und Deutschland","og_description":"Wo leben sie? Verbreitung, Aussehen und Unterscheidungsmerkmale zur Hauskatze.","og_url":"https:\/\/uelzener.de\/magazin\/katze\/haeufige-fragen\/wildkatze\/","og_site_name":"Uelzener Tier-Magazin","article_publisher":"https:\/\/www.facebook.com\/Uelzener","article_modified_time":"2025-11-13T10:43:32+00:00","og_image":[{"width":1025,"height":450,"url":"https:\/\/uelzener.de\/magazin\/app\/uploads\/2023\/12\/wildkatze.jpg","type":"image\/jpeg"}],"twitter_card":"summary_large_image","twitter_misc":{"Gesch\u00e4tzte Lesezeit":"5\u00a0Minuten"},"schema":{"@context":"https:\/\/schema.org","@graph":[{"@type":"WebPage","@id":"https:\/\/uelzener.de\/magazin\/katze\/haeufige-fragen\/wildkatze\/","url":"https:\/\/uelzener.de\/magazin\/katze\/haeufige-fragen\/wildkatze\/","name":"Wildkatzen in Europa und Deutschland | Uelzener Magazin","isPartOf":{"@id":"https:\/\/uelzener.de\/magazin\/#website"},"primaryImageOfPage":{"@id":"https:\/\/uelzener.de\/magazin\/katze\/haeufige-fragen\/wildkatze\/#primaryimage"},"image":{"@id":"https:\/\/uelzener.de\/magazin\/katze\/haeufige-fragen\/wildkatze\/#primaryimage"},"thumbnailUrl":"https:\/\/uelzener.de\/magazin\/app\/uploads\/2023\/12\/wildkatze.jpg","datePublished":"2023-12-18T14:04:04+00:00","dateModified":"2025-11-13T10:43:32+00:00","description":"Wo leben sie? Verbreitung, Aussehen und Unterscheidungsmerkmale zur Hauskatze.","breadcrumb":{"@id":"https:\/\/uelzener.de\/magazin\/katze\/haeufige-fragen\/wildkatze\/#breadcrumb"},"inLanguage":"de","potentialAction":[{"@type":"ReadAction","target":["https:\/\/uelzener.de\/magazin\/katze\/haeufige-fragen\/wildkatze\/"]}]},{"@type":"ImageObject","inLanguage":"de","@id":"https:\/\/uelzener.de\/magazin\/katze\/haeufige-fragen\/wildkatze\/#primaryimage","url":"https:\/\/uelzener.de\/magazin\/app\/uploads\/2023\/12\/wildkatze.jpg","contentUrl":"https:\/\/uelzener.de\/magazin\/app\/uploads\/2023\/12\/wildkatze.jpg","width":1025,"height":450,"caption":"Eine Europ\u00e4ische Wildkatze im Wald."},{"@type":"WebSite","@id":"https:\/\/uelzener.de\/magazin\/#website","url":"https:\/\/uelzener.de\/magazin\/","name":"Uelzener Tiermagazin","description":"Online Tierratgeber der Uelzener Versicherungen","publisher":{"@id":"https:\/\/uelzener.de\/magazin\/#organization"},"potentialAction":[{"@type":"SearchAction","target":{"@type":"EntryPoint","urlTemplate":"https:\/\/uelzener.de\/magazin\/?s={search_term_string}"},"query-input":{"@type":"PropertyValueSpecification","valueRequired":true,"valueName":"search_term_string"}}],"inLanguage":"de"},{"@type":"Organization","@id":"https:\/\/uelzener.de\/magazin\/#organization","name":"Uelzener Versicherungen","url":"https:\/\/uelzener.de\/magazin\/","logo":{"@type":"ImageObject","inLanguage":"de","@id":"https:\/\/uelzener.de\/magazin\/#\/schema\/logo\/image\/","url":"https:\/\/uelzener.de\/magazin\/app\/uploads\/2024\/11\/uelzener_allgemeine_versicherungsgesellschaft_a_g_logo.jpg","contentUrl":"https:\/\/uelzener.de\/magazin\/app\/uploads\/2024\/11\/uelzener_allgemeine_versicherungsgesellschaft_a_g_logo.jpg","width":200,"height":200,"caption":"Uelzener Versicherungen"},"image":{"@id":"https:\/\/uelzener.de\/magazin\/#\/schema\/logo\/image\/"},"sameAs":["https:\/\/www.facebook.com\/Uelzener","https:\/\/instagram.com\/uelzener","https:\/\/www.xing.com\/pages\/uelzenerallgemeineversicherungs-gesellschafta-g","https:\/\/www.youtube.com\/UelzenerVersicherungen"]}]}},"_links":{"self":[{"href":"https:\/\/uelzener.de\/magazin\/wp-json\/wp\/v2\/pages\/16795","targetHints":{"allow":["GET"]}}],"collection":[{"href":"https:\/\/uelzener.de\/magazin\/wp-json\/wp\/v2\/pages"}],"about":[{"href":"https:\/\/uelzener.de\/magazin\/wp-json\/wp\/v2\/types\/page"}],"author":[{"embeddable":true,"href":"https:\/\/uelzener.de\/magazin\/wp-json\/wp\/v2\/users\/11"}],"replies":[{"embeddable":true,"href":"https:\/\/uelzener.de\/magazin\/wp-json\/wp\/v2\/comments?post=16795"}],"version-history":[{"count":5,"href":"https:\/\/uelzener.de\/magazin\/wp-json\/wp\/v2\/pages\/16795\/revisions"}],"predecessor-version":[{"id":19478,"href":"https:\/\/uelzener.de\/magazin\/wp-json\/wp\/v2\/pages\/16795\/revisions\/19478"}],"up":[{"embeddable":true,"href":"https:\/\/uelzener.de\/magazin\/wp-json\/wp\/v2\/pages\/11691"}],"wp:featuredmedia":[{"embeddable":true,"href":"https:\/\/uelzener.de\/magazin\/wp-json\/wp\/v2\/media\/16798"}],"wp:attachment":[{"href":"https:\/\/uelzener.de\/magazin\/wp-json\/wp\/v2\/media?parent=16795"}],"curies":[{"name":"wp","href":"https:\/\/api.w.org\/{rel}","templated":true}]}}