{"id":16714,"date":"2023-11-20T15:00:59","date_gmt":"2023-11-20T14:00:59","guid":{"rendered":"https:\/\/uelzener.de\/magazin\/?page_id=16714"},"modified":"2025-11-13T11:44:10","modified_gmt":"2025-11-13T10:44:10","slug":"krankheiten-von-katze-auf-menschen-uebertragbar-zoonosen","status":"publish","type":"page","link":"https:\/\/uelzener.de\/magazin\/katze\/haeufige-fragen\/krankheiten-von-katze-auf-menschen-uebertragbar-zoonosen\/","title":{"rendered":"Krankheiten von Katze auf Menschen: Welche sind \u00fcbertragbar?"},"content":{"rendered":"<p>Katzen sind Familienmitglieder und liebevolle Begleiter. Doch ihre Gesellschaft birgt auch gewisse Gesundheitsrisiken. Denn Katzen k\u00f6nnen Krankheiten auf Menschen \u00fcbertragen. Diese von Tier auf Mensch \u00fcbertragbaren Erkankungen nennt man Zoonosen. Mit dem richtigen Wissen l\u00e4sst sich das Risiko der \u00dcbertragung jedoch minimieren und geringhalten. Wir kl\u00e4ren hier dar\u00fcber auf, welche Krankheiten \u00fcbertragen werden k\u00f6nnen und wie man sich sch\u00fctzen kann.<\/p>\n<h2>Was sind Zoonosen?<\/h2>\n<p>Zoonosen sind Erkrankungen, die von Tieren auf Menschen \u00fcbertragen werden k\u00f6nnen. Hervorgerufen werden sie von Bakterien, Viren, Parasiten oder Pilzen. Einige dieser Krankheiten sind vergleichsweise harmlos, andere k\u00f6nnen jedoch schwerwiegende Folgen mit sich bringen.<\/p>\n<p>Gesunde Menschen mit einem starken Immunsystem erkranken selten. Immungeschw\u00e4chte Menschen wie kleine Kinder, chronisch Kranke oder alte Menschen sind eher gef\u00e4hrdet, bei einer \u00dcbertagung von Zoonosen zu erkranken und in seltenen F\u00e4llen sogar daran zu sterben.<\/p>\n<h3>Die h\u00e4ufigsten durch Katzen \u00fcbertragbaren Krankheiten<\/h3>\n<p>Hier nennen wir einige der h\u00e4ufigsten Zoonosen, die von Katzen auf Menschen \u00fcbertragen werden.<\/p>\n<ul>\n<li>Toxoplasmose: Diese parasit\u00e4re Infektion kann durch Kontakt mit Katzenkot \u00fcbertragen werden. Besonders Schwangere sollten sich vor einer Infektion in Acht nehmen, weil Toxoplasmose schwerwiegende Folgen f\u00fcr das ungeborene Kind haben kann.<\/li>\n<li>Ringelflechte (Tinea corporis): Diese Pilzinfektion f\u00fchrt zu Hautirritationen und Hautausschl\u00e4gen und kann sowohl von Katzen auf Menschen als auch von Mensch zu Mensch \u00fcbertragen werden.<\/li>\n<li>Bartonellose (Katzenkratzkrankheit): Diese bakterielle Infektion wird durch Speichel oder Kratzen \u00fcbertragen. Sie \u00e4u\u00dfert sich mit Schwellungen und Symptomen \u00e4hnlich einem grippalen Infekt.<\/li>\n<li>Campylobacteriose: Diese Durchfallerkrankung geht mit Fieber, \u00dcbelkeit und Erbrechen einher und wird durch die \u00dcbertragung des Bakteriums Campylobacter \u00fcber den Speichel verursacht.<\/li>\n<li>Rundw\u00fcrmer und Hakenw\u00fcrmer: Diese parasit\u00e4ren Infektionen k\u00f6nnen durch Kontakt mit verunreinigtem Katzenkot \u00fcbertragen werden und beeinflussen oft Kinder.<\/li>\n<li>Katzenkratzkrankheit: Die durch die von dem Bakterium Bartonella henselae hervorgerufene Infektion verursacht Schwellungen, die bei gesunden Menschen in der Regel von selbst wieder verschwinden. Bei immungeschw\u00e4chten Personen kann eine Behandlung mit Antibiotika n\u00f6tig sein.<\/li>\n<li>Tollwut: Deutschland gilt als tollwutfrei. Doch im Ausland kommt es mitunter zu Tollwut\u00fcbertragungen. Ohne eine sofortige Impfung nach einer \u00dcbertragung endet diese Virusinfektion normalerweise t\u00f6dlich.<\/li>\n<li>Salmonellose: Die \u00dcbertragung von Salmonellen erfolgt durch den Verzehr infizierter tierischer Lebensmittel oder auch im Kontakt mit infizierten Tieren. Eine Salmonellose kann sich mit Durchfall, <a href=\"https:\/\/uelzener.de\/magazin\/katze\/tiergesundheit\/katze-erbricht-ursachen-gefahren-behandlung\/\">Erbrechen<\/a> oder Bauchkr\u00e4mpfen \u00e4u\u00dfern und bei immungeschw\u00e4chten Menschen t\u00f6dlich enden.<\/li>\n<\/ul>\n<h2>Wie du dich und deine Katze sch\u00fctzen kannst<\/h2>\n<p>Man kann sich mit einfachen Schutzma\u00dfnahmen leicht vor \u00dcbertragungen sch\u00fctzen. Wichtig ist dabei vor allem die konsequente und dauerhafte Umsetzung. Die meisten Schutzma\u00dfnahmen lassen sich problemlos in den Alltag integrieren.<\/p>\n\n<div class=\"banner\">\n    <a href=\"https:\/\/uelzener.de\/katze?agt=0000104925&sem=true&utm_medium=magazin&utm_source=wordpress&utm_campaign=katze&utm_content=banner\">\n        <img decoding=\"async\" width=\"300\" height=\"212\" src=\"https:\/\/uelzener.de\/magazin\/app\/uploads\/2025\/01\/Katzenversicherung.jpg\" class=\"attachment-medium size-medium\" alt=\"Banner Katzenversicherung\" \/>    <\/a>\n<\/div>\n\n<h3>Regelm\u00e4\u00dfige Tierarztbesuche<\/h3>\n<p>Kontinuierliche tier\u00e4rztliche Untersuchungen stellen sicher, dass gesundheitliche Probleme wie beispielsweise <a href=\"https:\/\/uelzener.de\/magazin\/katze\/tiergesundheit\/ohrmilben-katze\/\" target=\"_blank\" rel=\"noopener\">Ohrmilben<\/a> oder <a href=\"https:\/\/uelzener.de\/magazin\/katze\/tiergesundheit\/wuermer-bei-katzen\/\">W\u00fcrmer<\/a> fr\u00fchzeitig erkannt und behandelt werden k\u00f6nnen. Regelm\u00e4\u00dfige <a href=\"https:\/\/uelzener.de\/magazin\/katze\/tiergesundheit\/katzen-impfungen\/\">Impfungen<\/a> sorgen daf\u00fcr, Katzen vor vermeidbaren Erkrankungen zu sch\u00fctzen.<\/p>\n<p><img decoding=\"async\" class=\"alignnone wp-image-16052 size-large\" src=\"https:\/\/uelzener.de\/magazin\/app\/uploads\/2023\/08\/Katze2-1024x1024.jpg\" alt=\"Infografik: Gegen diese Krankheiten sollten Katzen immer geimpft sein.\" width=\"1024\" height=\"1024\" srcset=\"https:\/\/uelzener.de\/magazin\/app\/uploads\/2023\/08\/Katze2-1024x1024.jpg 1024w, https:\/\/uelzener.de\/magazin\/app\/uploads\/2023\/08\/Katze2-300x300.jpg 300w, https:\/\/uelzener.de\/magazin\/app\/uploads\/2023\/08\/Katze2-150x150.jpg 150w, https:\/\/uelzener.de\/magazin\/app\/uploads\/2023\/08\/Katze2-768x768.jpg 768w, https:\/\/uelzener.de\/magazin\/app\/uploads\/2023\/08\/Katze2-1026x1026.jpg 1026w, https:\/\/uelzener.de\/magazin\/app\/uploads\/2023\/08\/Katze2-668x668.jpg 668w, https:\/\/uelzener.de\/magazin\/app\/uploads\/2023\/08\/Katze2.jpg 1080w\" sizes=\"(max-width: 1024px) 100vw, 1024px\" \/><\/p>\n<h3>Parasitenkontrolle<\/h3>\n<p>Katzen sollten regelm\u00e4\u00dfig auf Parasiten hin kontrolliert werden, sodass sie m\u00f6glichst frei von Fl\u00f6hen, Zecken und W\u00fcrmern gehalten werden. F\u00fcr geeignete Pr\u00e4ventivma\u00dfnahmen l\u00e4sst man sich am besten von seiner Tier\u00e4rztin oder seinem Tierarzt beraten.<\/p>\n<h3>Hygienepraktiken<\/h3>\n<p>Mit einer sorgf\u00e4ltigen Hygiene l\u00e4sst sich das Risiko der \u00dcbertragung von Krankheiten minimieren. Mit folgenden Ma\u00dfnahmen stellt man eine gute Hygiene sicher:<\/p>\n<ul>\n<li>H\u00e4ndewaschen nach der Reinigung der Katzentoilette.<\/li>\n<li>K\u00f6rperliche N\u00e4he zu Katzen vermeiden, wenn man offene Wunden oder Hautirritationen hat.<\/li>\n<li>Katzentoilette sauber halten und t\u00e4glich reinigen.<\/li>\n<\/ul>\n\n<div class=\"related_articles boxed\">\n    <h2>Mehr zum Thema<\/h2>\n    \n    <div class=\"wrapper\"><div class=\"title align-center\"><h3><a href=\"https:\/\/uelzener.de\/magazin\/katze\/tiergesundheit\/tollwut-katzen-infektionskrankheit\/\">Tollwut bei Katzen: Infektionskrankheit mit t\u00f6dlichem Verlauf<\/a><\/h3><\/div><div class=\"img align-center\"><img decoding=\"async\" width=\"315\" height=\"180\" src=\"https:\/\/uelzener.de\/magazin\/app\/uploads\/2024\/08\/tollwut-katze-315x180.jpg\" class=\"attachment-315x180 size-315x180 wp-post-image\" alt=\"Katze mit Tollwut faucht.\" \/><\/div><\/div><div class=\"wrapper\"><div class=\"title align-center\"><h3><a href=\"https:\/\/uelzener.de\/magazin\/katze\/tipps-fuer-den-alltag\/floehe-bei-katzen\/\">Fl\u00f6he bei Katzen: Erkennen und 3 Behandlungswege<\/a><\/h3><\/div><div class=\"img align-center\"><img decoding=\"async\" width=\"315\" height=\"180\" src=\"https:\/\/uelzener.de\/magazin\/app\/uploads\/2022\/10\/floehe-bei-katzen-315x180.jpg\" class=\"attachment-315x180 size-315x180 wp-post-image\" alt=\"Rote Katze kratzt sich \u2013 hat sie etwa Fl\u00f6he?\" \/><\/div><\/div><div class=\"wrapper\"><div class=\"title align-center\"><h3><a href=\"https:\/\/uelzener.de\/magazin\/katze\/tiergesundheit\/zecken-bei-katzen\/\">Zecken bei Katzen<\/a><\/h3><\/div><div class=\"img align-center\"><img decoding=\"async\" width=\"315\" height=\"180\" src=\"https:\/\/uelzener.de\/magazin\/app\/uploads\/2022\/05\/Zecken-bei-Katzen-315x180.jpg\" class=\"attachment-315x180 size-315x180 wp-post-image\" alt=\"Eine Katze l\u00e4uft \u00fcber eine gr\u00fcne Wiese, die Gefahr auf Zecken ist im hohen Gras sehr hoch.\" \/><\/div><\/div><\/div>\n\n<h2>Fazit<\/h2>\n<p>Katzen k\u00f6nnen verschiedene Krankheiten auf Menschen \u00fcbertragen. Die meisten sind f\u00fcr gesunde Erwachsene harmlos. Ein Risiko kann bei Menschen mit einem geschw\u00e4chten Immunsystem bestehen. Durch angemessene Vorsichtsma\u00dfnahmen, Tierarztbesuche und Hygienepraktiken l\u00e4sst sich das Ansteckungsrisiko minimieren.<\/p>\n<h2>FAQ: H\u00e4ufig gestellte Fragen<\/h2>\n<h3>Ist AIDS von Katzen auf Menschen \u00fcbertragbar?<\/h3>\n<p>Nein, die Art des <a href=\"https:\/\/uelzener.de\/magazin\/katze\/tiergesundheit\/fiv-katzen-aids\/\" target=\"_blank\" rel=\"noopener\">AIDS-Virus bei Katzen (FIV)<\/a> unterscheidet sich von HIV, dem Virus, das AIDS bei Menschen verursacht. FIV ist nicht auf Menschen \u00fcbertragbar.<\/p>\n<h3>Ist Katzenspeichel f\u00fcr Menschen gef\u00e4hrlich?<\/h3>\n<p>Katzenspeichel enth\u00e4lt Bakterien, die bei Menschen zu Infektionen f\u00fchren k\u00f6nnen. W\u00e4hrend dies in der Regel nicht schwerwiegend ist, sollte man dennoch den direkten Kontakt mit Katzenspeichel vermeiden. Insbesondere im Bereich der Augen oder bei offenen Wunden. Besondere Vorsicht ist bei Katzenbissen geboten. Bakterien k\u00f6nnen bei tiefen Katzenbissen durch die spitzen Z\u00e4hne in den menschlichen K\u00f6rper eindringen. Dies kann zu gef\u00e4hrlichen Infektionen f\u00fchren. Daher sollte man Wunden durch Katzenbisse stets \u00e4rztlich untersuchen und behandeln lassen.<\/p>\n","protected":false},"excerpt":{"rendered":"<p>Katzen sind Familienmitglieder und liebevolle Begleiter. Doch ihre Gesellschaft birgt auch gewisse Gesundheitsrisiken. Denn Katzen k\u00f6nnen Krankheiten auf Menschen \u00fcbertragen. Diese von Tier auf Mensch \u00fcbertragbaren Erkankungen nennt man Zoonosen. Mit dem richtigen Wissen l\u00e4sst sich das Risiko der \u00dcbertragung jedoch minimieren und geringhalten. Wir kl\u00e4ren hier dar\u00fcber auf, welche Krankheiten \u00fcbertragen werden k\u00f6nnen und [&hellip;]<\/p>\n","protected":false},"author":11,"featured_media":16716,"parent":11691,"menu_order":10,"comment_status":"closed","ping_status":"closed","template":"templates\/blog.php","meta":{"_acf_changed":false,"_crdt_document":"","footnotes":"","beyondwords_generate_audio":"0","beyondwords_project_id":"","beyondwords_content_id":"","beyondwords_preview_token":"","beyondwords_player_style":"","beyondwords_language_id":"","beyondwords_title_voice_id":"","beyondwords_body_voice_id":"","beyondwords_summary_voice_id":"","beyondwords_error_message":"","beyondwords_disabled":"","beyondwords_delete_content":"","beyondwords_podcast_id":"","beyondwords_hash":"","publish_post_to_speechkit":"","speechkit_hash":"","speechkit_generate_audio":"","speechkit_project_id":"","speechkit_podcast_id":"","speechkit_error_message":"","speechkit_disabled":"","speechkit_access_key":"","speechkit_error":"","speechkit_info":"","speechkit_response":"","speechkit_retries":"","speechkit_status":"","speechkit_updated_at":"","_speechkit_link":"","_speechkit_text":""},"class_list":["post-16714","page","type-page","status-publish","has-post-thumbnail","hentry"],"acf":[],"yoast_head":"<!-- This site is optimized with the Yoast SEO Premium plugin  - https:\/\/yoast.com\/product\/yoast-seo-premium-wordpress\/ -->\n<title>Krankheiten von Katze auf Menschen: Welche sind \u00fcbertragbar? | Uelzener Magazin<\/title>\n<meta name=\"description\" content=\"Zoonosen. Von Taxoplasmose bis Salmonellen. Risiken und Schutz bei Katzenkontakt.\" \/>\n<meta name=\"robots\" content=\"index, follow, max-snippet:-1, max-image-preview:large, max-video-preview:-1\" \/>\n<link rel=\"canonical\" href=\"https:\/\/uelzener.de\/magazin\/katze\/haeufige-fragen\/krankheiten-von-katze-auf-menschen-uebertragbar-zoonosen\/\" \/>\n<meta property=\"og:locale\" content=\"de_DE\" \/>\n<meta property=\"og:type\" content=\"article\" \/>\n<meta property=\"og:title\" content=\"Krankheiten von Katze auf Menschen: Welche sind \u00fcbertragbar?\" \/>\n<meta property=\"og:description\" content=\"Zoonosen. Von Taxoplasmose bis Salmonellen. Risiken und Schutz bei Katzenkontakt.\" \/>\n<meta property=\"og:url\" content=\"https:\/\/uelzener.de\/magazin\/katze\/haeufige-fragen\/krankheiten-von-katze-auf-menschen-uebertragbar-zoonosen\/\" \/>\n<meta property=\"og:site_name\" content=\"Uelzener Tier-Magazin\" \/>\n<meta property=\"article:publisher\" content=\"https:\/\/www.facebook.com\/Uelzener\" \/>\n<meta property=\"article:modified_time\" content=\"2025-11-13T10:44:10+00:00\" \/>\n<meta property=\"og:image\" content=\"https:\/\/uelzener.de\/magazin\/app\/uploads\/2023\/11\/mann-haende-waschen.jpg\" \/>\n\t<meta property=\"og:image:width\" content=\"1025\" \/>\n\t<meta property=\"og:image:height\" content=\"450\" \/>\n\t<meta property=\"og:image:type\" content=\"image\/jpeg\" \/>\n<meta name=\"twitter:card\" content=\"summary_large_image\" \/>\n<meta name=\"twitter:label1\" content=\"Gesch\u00e4tzte Lesezeit\" \/>\n\t<meta name=\"twitter:data1\" content=\"5\u00a0Minuten\" \/>\n<script type=\"application\/ld+json\" class=\"yoast-schema-graph\">{\"@context\":\"https:\/\/schema.org\",\"@graph\":[{\"@type\":\"WebPage\",\"@id\":\"https:\/\/uelzener.de\/magazin\/katze\/haeufige-fragen\/krankheiten-von-katze-auf-menschen-uebertragbar-zoonosen\/\",\"url\":\"https:\/\/uelzener.de\/magazin\/katze\/haeufige-fragen\/krankheiten-von-katze-auf-menschen-uebertragbar-zoonosen\/\",\"name\":\"Krankheiten von Katze auf Menschen: Welche sind \u00fcbertragbar? | Uelzener Magazin\",\"isPartOf\":{\"@id\":\"https:\/\/uelzener.de\/magazin\/#website\"},\"primaryImageOfPage\":{\"@id\":\"https:\/\/uelzener.de\/magazin\/katze\/haeufige-fragen\/krankheiten-von-katze-auf-menschen-uebertragbar-zoonosen\/#primaryimage\"},\"image\":{\"@id\":\"https:\/\/uelzener.de\/magazin\/katze\/haeufige-fragen\/krankheiten-von-katze-auf-menschen-uebertragbar-zoonosen\/#primaryimage\"},\"thumbnailUrl\":\"https:\/\/uelzener.de\/magazin\/app\/uploads\/2023\/11\/mann-haende-waschen.jpg\",\"datePublished\":\"2023-11-20T14:00:59+00:00\",\"dateModified\":\"2025-11-13T10:44:10+00:00\",\"description\":\"Zoonosen. Von Taxoplasmose bis Salmonellen. Risiken und Schutz bei Katzenkontakt.\",\"breadcrumb\":{\"@id\":\"https:\/\/uelzener.de\/magazin\/katze\/haeufige-fragen\/krankheiten-von-katze-auf-menschen-uebertragbar-zoonosen\/#breadcrumb\"},\"inLanguage\":\"de\",\"potentialAction\":[{\"@type\":\"ReadAction\",\"target\":[\"https:\/\/uelzener.de\/magazin\/katze\/haeufige-fragen\/krankheiten-von-katze-auf-menschen-uebertragbar-zoonosen\/\"]}]},{\"@type\":\"ImageObject\",\"inLanguage\":\"de\",\"@id\":\"https:\/\/uelzener.de\/magazin\/katze\/haeufige-fragen\/krankheiten-von-katze-auf-menschen-uebertragbar-zoonosen\/#primaryimage\",\"url\":\"https:\/\/uelzener.de\/magazin\/app\/uploads\/2023\/11\/mann-haende-waschen.jpg\",\"contentUrl\":\"https:\/\/uelzener.de\/magazin\/app\/uploads\/2023\/11\/mann-haende-waschen.jpg\",\"width\":1025,\"height\":450,\"caption\":\"H\u00e4ndewaschen sch\u00fctzt vor Zoonosen.\"},{\"@type\":\"WebSite\",\"@id\":\"https:\/\/uelzener.de\/magazin\/#website\",\"url\":\"https:\/\/uelzener.de\/magazin\/\",\"name\":\"Uelzener Tiermagazin\",\"description\":\"Online Tierratgeber der Uelzener Versicherungen\",\"publisher\":{\"@id\":\"https:\/\/uelzener.de\/magazin\/#organization\"},\"potentialAction\":[{\"@type\":\"SearchAction\",\"target\":{\"@type\":\"EntryPoint\",\"urlTemplate\":\"https:\/\/uelzener.de\/magazin\/?s={search_term_string}\"},\"query-input\":{\"@type\":\"PropertyValueSpecification\",\"valueRequired\":true,\"valueName\":\"search_term_string\"}}],\"inLanguage\":\"de\"},{\"@type\":\"Organization\",\"@id\":\"https:\/\/uelzener.de\/magazin\/#organization\",\"name\":\"Uelzener Versicherungen\",\"url\":\"https:\/\/uelzener.de\/magazin\/\",\"logo\":{\"@type\":\"ImageObject\",\"inLanguage\":\"de\",\"@id\":\"https:\/\/uelzener.de\/magazin\/#\/schema\/logo\/image\/\",\"url\":\"https:\/\/uelzener.de\/magazin\/app\/uploads\/2024\/11\/uelzener_allgemeine_versicherungsgesellschaft_a_g_logo.jpg\",\"contentUrl\":\"https:\/\/uelzener.de\/magazin\/app\/uploads\/2024\/11\/uelzener_allgemeine_versicherungsgesellschaft_a_g_logo.jpg\",\"width\":200,\"height\":200,\"caption\":\"Uelzener Versicherungen\"},\"image\":{\"@id\":\"https:\/\/uelzener.de\/magazin\/#\/schema\/logo\/image\/\"},\"sameAs\":[\"https:\/\/www.facebook.com\/Uelzener\",\"https:\/\/instagram.com\/uelzener\",\"https:\/\/www.xing.com\/pages\/uelzenerallgemeineversicherungs-gesellschafta-g\",\"https:\/\/www.youtube.com\/UelzenerVersicherungen\"]}]}<\/script>\n<!-- \/ Yoast SEO Premium plugin. -->","yoast_head_json":{"title":"Krankheiten von Katze auf Menschen: Welche sind \u00fcbertragbar? | Uelzener Magazin","description":"Zoonosen. Von Taxoplasmose bis Salmonellen. Risiken und Schutz bei Katzenkontakt.","robots":{"index":"index","follow":"follow","max-snippet":"max-snippet:-1","max-image-preview":"max-image-preview:large","max-video-preview":"max-video-preview:-1"},"canonical":"https:\/\/uelzener.de\/magazin\/katze\/haeufige-fragen\/krankheiten-von-katze-auf-menschen-uebertragbar-zoonosen\/","og_locale":"de_DE","og_type":"article","og_title":"Krankheiten von Katze auf Menschen: Welche sind \u00fcbertragbar?","og_description":"Zoonosen. Von Taxoplasmose bis Salmonellen. Risiken und Schutz bei Katzenkontakt.","og_url":"https:\/\/uelzener.de\/magazin\/katze\/haeufige-fragen\/krankheiten-von-katze-auf-menschen-uebertragbar-zoonosen\/","og_site_name":"Uelzener Tier-Magazin","article_publisher":"https:\/\/www.facebook.com\/Uelzener","article_modified_time":"2025-11-13T10:44:10+00:00","og_image":[{"width":1025,"height":450,"url":"https:\/\/uelzener.de\/magazin\/app\/uploads\/2023\/11\/mann-haende-waschen.jpg","type":"image\/jpeg"}],"twitter_card":"summary_large_image","twitter_misc":{"Gesch\u00e4tzte Lesezeit":"5\u00a0Minuten"},"schema":{"@context":"https:\/\/schema.org","@graph":[{"@type":"WebPage","@id":"https:\/\/uelzener.de\/magazin\/katze\/haeufige-fragen\/krankheiten-von-katze-auf-menschen-uebertragbar-zoonosen\/","url":"https:\/\/uelzener.de\/magazin\/katze\/haeufige-fragen\/krankheiten-von-katze-auf-menschen-uebertragbar-zoonosen\/","name":"Krankheiten von Katze auf Menschen: Welche sind \u00fcbertragbar? | Uelzener Magazin","isPartOf":{"@id":"https:\/\/uelzener.de\/magazin\/#website"},"primaryImageOfPage":{"@id":"https:\/\/uelzener.de\/magazin\/katze\/haeufige-fragen\/krankheiten-von-katze-auf-menschen-uebertragbar-zoonosen\/#primaryimage"},"image":{"@id":"https:\/\/uelzener.de\/magazin\/katze\/haeufige-fragen\/krankheiten-von-katze-auf-menschen-uebertragbar-zoonosen\/#primaryimage"},"thumbnailUrl":"https:\/\/uelzener.de\/magazin\/app\/uploads\/2023\/11\/mann-haende-waschen.jpg","datePublished":"2023-11-20T14:00:59+00:00","dateModified":"2025-11-13T10:44:10+00:00","description":"Zoonosen. Von Taxoplasmose bis Salmonellen. Risiken und Schutz bei Katzenkontakt.","breadcrumb":{"@id":"https:\/\/uelzener.de\/magazin\/katze\/haeufige-fragen\/krankheiten-von-katze-auf-menschen-uebertragbar-zoonosen\/#breadcrumb"},"inLanguage":"de","potentialAction":[{"@type":"ReadAction","target":["https:\/\/uelzener.de\/magazin\/katze\/haeufige-fragen\/krankheiten-von-katze-auf-menschen-uebertragbar-zoonosen\/"]}]},{"@type":"ImageObject","inLanguage":"de","@id":"https:\/\/uelzener.de\/magazin\/katze\/haeufige-fragen\/krankheiten-von-katze-auf-menschen-uebertragbar-zoonosen\/#primaryimage","url":"https:\/\/uelzener.de\/magazin\/app\/uploads\/2023\/11\/mann-haende-waschen.jpg","contentUrl":"https:\/\/uelzener.de\/magazin\/app\/uploads\/2023\/11\/mann-haende-waschen.jpg","width":1025,"height":450,"caption":"H\u00e4ndewaschen sch\u00fctzt vor Zoonosen."},{"@type":"WebSite","@id":"https:\/\/uelzener.de\/magazin\/#website","url":"https:\/\/uelzener.de\/magazin\/","name":"Uelzener Tiermagazin","description":"Online Tierratgeber der Uelzener Versicherungen","publisher":{"@id":"https:\/\/uelzener.de\/magazin\/#organization"},"potentialAction":[{"@type":"SearchAction","target":{"@type":"EntryPoint","urlTemplate":"https:\/\/uelzener.de\/magazin\/?s={search_term_string}"},"query-input":{"@type":"PropertyValueSpecification","valueRequired":true,"valueName":"search_term_string"}}],"inLanguage":"de"},{"@type":"Organization","@id":"https:\/\/uelzener.de\/magazin\/#organization","name":"Uelzener Versicherungen","url":"https:\/\/uelzener.de\/magazin\/","logo":{"@type":"ImageObject","inLanguage":"de","@id":"https:\/\/uelzener.de\/magazin\/#\/schema\/logo\/image\/","url":"https:\/\/uelzener.de\/magazin\/app\/uploads\/2024\/11\/uelzener_allgemeine_versicherungsgesellschaft_a_g_logo.jpg","contentUrl":"https:\/\/uelzener.de\/magazin\/app\/uploads\/2024\/11\/uelzener_allgemeine_versicherungsgesellschaft_a_g_logo.jpg","width":200,"height":200,"caption":"Uelzener Versicherungen"},"image":{"@id":"https:\/\/uelzener.de\/magazin\/#\/schema\/logo\/image\/"},"sameAs":["https:\/\/www.facebook.com\/Uelzener","https:\/\/instagram.com\/uelzener","https:\/\/www.xing.com\/pages\/uelzenerallgemeineversicherungs-gesellschafta-g","https:\/\/www.youtube.com\/UelzenerVersicherungen"]}]}},"_links":{"self":[{"href":"https:\/\/uelzener.de\/magazin\/wp-json\/wp\/v2\/pages\/16714","targetHints":{"allow":["GET"]}}],"collection":[{"href":"https:\/\/uelzener.de\/magazin\/wp-json\/wp\/v2\/pages"}],"about":[{"href":"https:\/\/uelzener.de\/magazin\/wp-json\/wp\/v2\/types\/page"}],"author":[{"embeddable":true,"href":"https:\/\/uelzener.de\/magazin\/wp-json\/wp\/v2\/users\/11"}],"replies":[{"embeddable":true,"href":"https:\/\/uelzener.de\/magazin\/wp-json\/wp\/v2\/comments?post=16714"}],"version-history":[{"count":10,"href":"https:\/\/uelzener.de\/magazin\/wp-json\/wp\/v2\/pages\/16714\/revisions"}],"predecessor-version":[{"id":19485,"href":"https:\/\/uelzener.de\/magazin\/wp-json\/wp\/v2\/pages\/16714\/revisions\/19485"}],"up":[{"embeddable":true,"href":"https:\/\/uelzener.de\/magazin\/wp-json\/wp\/v2\/pages\/11691"}],"wp:featuredmedia":[{"embeddable":true,"href":"https:\/\/uelzener.de\/magazin\/wp-json\/wp\/v2\/media\/16716"}],"wp:attachment":[{"href":"https:\/\/uelzener.de\/magazin\/wp-json\/wp\/v2\/media?parent=16714"}],"curies":[{"name":"wp","href":"https:\/\/api.w.org\/{rel}","templated":true}]}}