{"id":16710,"date":"2023-11-20T14:00:54","date_gmt":"2023-11-20T13:00:54","guid":{"rendered":"https:\/\/uelzener.de\/magazin\/?page_id=16710"},"modified":"2025-08-28T12:24:56","modified_gmt":"2025-08-28T10:24:56","slug":"katzen-blut-abnehmen-lassen","status":"publish","type":"page","link":"https:\/\/uelzener.de\/magazin\/katze\/tiergesundheit\/katzen-blut-abnehmen-lassen\/","title":{"rendered":"Katzen Blut abnehmen lassen: Gr\u00fcnde, Ablauf und Kosten"},"content":{"rendered":"<p>Eine Blutabnahme kann aufgrund verschiedener Anl\u00e4sse n\u00f6tig sein. Beispielsweise, um bei einer akuten Erkrankung eine Diagnose stellen zu k\u00f6nnen, die Wirksamkeit einer medikament\u00f6sen Behandlung zu \u00fcberpr\u00fcfen oder auch im Rahmen einer regelm\u00e4\u00dfigen Vorsorgeuntersuchung. In diesem Artikel erf\u00e4hrst du alles Wichtige rund um den Ablauf, die Gr\u00fcnde und die Kosten einer Blutabnahme.<\/p>\n<h2>Warum ist Blutabnahme bei Katzen wichtig?<\/h2>\n<p>Es gibt unterschiedliche Anl\u00e4sse f\u00fcr eine Blutabnahme und eine sich daran anschlie\u00dfende Laboruntersuchung.<\/p>\n<ul>\n<li>Diagnostik: Akute gesundheitliche Probleme, bei denen eine Diagnose gestellt werden muss. Mit einer Blutuntersuchung ergeben sich Hinweise auf eine Infektion durch Viren, Bakterien oder Parasiten feststellen. Au\u00dferdem hilft eine Blutuntersuchung dabei, Entz\u00fcndungsreaktionen zu erkennen, m\u00f6gliche Tumorerkrankungen wahrzunehmen oder den Hormonspiegel zu bestimmen. Bei Verdacht auf Vergiftungen, Allergien wie <a href=\"https:\/\/uelzener.de\/magazin\/katze\/tiergesundheit\/heuschnupfen-bei-katzen\/\">Heuschnupfen<\/a> oder einer Mangelversorgung mit bestimmten N\u00e4hrstoffen kann eine Blutuntersuchung f\u00fcr Klarheit sorgen.<\/li>\n<li>Vorsorgeuntersuchungen: Mit prophylaktischen Blutuntersuchungen lassen sich Erkrankungen mitunter bereits vor wahrnehmbaren Symptomen erkennen. Das gilt beispielsweise f\u00fcr <a href=\"https:\/\/uelzener.de\/magazin\/katze\/tiergesundheit\/diabetes-bei-katzen\/\">Diabetes mellitus<\/a>, <a href=\"https:\/\/uelzener.de\/magazin\/katze\/tiergesundheit\/schilddruesenueberfunktion-katzen-ursachen-symptome-behandlung\/\">Schilddr\u00fcsenerkrankungen<\/a> oder Nieren- oder Lebererkrankungen. Prophylaktische Untersuchungen haben sich vor allem bei \u00e4lteren Tieren bew\u00e4hrt, weil diese mit einer h\u00f6heren Wahrscheinlichkeit erkranken.<\/li>\n<li>Kontrolle w\u00e4hrend einer Behandlung: Die Wirksamkeit einer Behandlung l\u00e4sst sich mit einer Blutuntersuchung gut kontrollieren. Stellt man fest, dass die gew\u00fcnschte Wirkung nicht erreicht worden ist, kann die Behandlung gezielt angepasst werden.<\/li>\n<li>Kontrolle bei dauerhafter Medikamentengabe: Chronische Erkrankungen wie eine Schilddr\u00fcsenfehlfunktion werden h\u00e4ufig mit Medikamenten behandelt. Um die optimale Dosis zu verordnen, zu \u00fcberpr\u00fcfen und gegebenenfalls anzupassen, sind Blutuntersuchungen ein bew\u00e4hrtes Hilfsmittel.<\/li>\n<\/ul>\n<p>Blutuntersuchung ist nicht gleich Blutuntersuchung. Gibt es doch viele verschiedene M\u00f6glichkeiten, Erkenntnisse aus der Untersuchung des Blutes zu ziehen. Beispielsweise die Anzahl der roten und wei\u00dfen Blutk\u00f6rperchen (h\u00e4matologischer Befund), die Gerinnungsf\u00e4higkeit des Blutes oder eine chemische Analyse hinsichtlich Hormone und Elektrolyte. So ist eine Blutuntersuchung ein vielseitig anwendbares Instrument f\u00fcr Tier\u00e4rztinnen und Tier\u00e4rzte.<\/p>\n<h2>Vorbereitung auf die Blutabnahme Katzen<\/h2>\n<p>Eine gute Vorbereitung sorgt f\u00fcr eine m\u00f6glichst stressfreie und unproblematische Blutabnahme bei deiner Katze.<\/p>\n<ul>\n<li>Vorab \u00fcben: Gew\u00f6hne deine Katze daran, dass sie sich an Bein und Pfote anfassen l\u00e4sst. Nimm immer mal ihr Bein in die Hand und streichel \u00fcber m\u00f6gliche zuk\u00fcnftige Einstichstellen.<\/li>\n<li>An Rasierer gew\u00f6hnen: Bei einer Blutabnahme wird mitunter die Einstichstelle rasiert. Dieses Ger\u00e4usch kann auf die Katzen bedrohlich wirken. Leichter machst du ihr die Blutentnahme, wenn sie mit dem Ger\u00e4usch eines Rasierers in ihrer N\u00e4he vertraut ist. Alternativ eignet sich auch das Ger\u00e4usch einer elektrischen Zahnb\u00fcrste.<\/li>\n<li>An die Transportbox gew\u00f6hnen: Der Gang in die Tierarztpraxis ist f\u00fcr die wenigsten Katzen entspannt. Du hilfst deinem Stubentiger, wenn er seine Transportbox als Wohlf\u00fchlort oder zumindest als sicheren Ort empfindet. Trainiere mit deiner Katze, sich in der Katzenbox aufzuhalten. Statte die Box mit einer kuscheligen Decke, einem Lieblingsspielzeug und Leckerlis aus. Eine gute \u00dcbung ist es, wenn Katzen von klein auf an den Besuch in der <a href=\"https:\/\/uelzener.de\/magazin\/wir\/ein-vormittag-in-der-kleintierpraxis-am-stern-stay-paw-sitive\/\">Kleintierpraxis<\/a> gew\u00f6hnt werden.<\/li>\n<li>Vor der Blutabnahme sollte eine Katze je nach Fragestellung n\u00fcchtern sein. Lass sie zehn bis zw\u00f6lf Stunden vor der Blutabnahme nichts mehr fressen und sorg bei einer Freig\u00e4ngerkatze daf\u00fcr, dass sie sich bereits seit dem Vorabend in der Wohnung aufh\u00e4lt.<\/li>\n<li>Bereite dich selbst gut auf die Blutabnahme vor. Wenn du wei\u00dft, wie die Untersuchung abl\u00e4uft, gibt dir das Sicherheit und je ruhiger du bist, desto entspannter kann auch deine Katze sein.<\/li>\n<\/ul>\n<h3>Wie lange muss die Katze vor Blutabnahme n\u00fcchtern sein?<\/h3>\n<p>F\u00fcr die Blutabnahme sollte die Katze n\u00fcchtern sein. Zum einen kann eine Nahrungsaufnahme in den Stunden vor der Blutabnahme die Blutwerte beeinflussen. Zum anderen kann es sein, dass eine Katze f\u00fcr die Blutabnahme sediert wird. Ein voller Magen kann zu Komplikationen f\u00fchren, wenn sie w\u00e4hrend der Sedierung erbrechen sollte. Daher sollten Katzen zehn bis zw\u00f6lf Stunden vor der Blutabnahme nichts fressen. Um dies auch bei Freig\u00e4ngerkatzen sicherzustellen, sollte man diese ab dem Abend vor der Blutabnahme in der Wohnung halten und nicht herauslassen.<\/p>\n<h2>Wie wird die Blutabnahme durchgef\u00fchrt?<\/h2>\n<p>\u00c4ngstliche Katzen oder Katzen, die kaum zu halten sind, k\u00f6nnen vorab sediert werden. Die Blutabnahme erfolgt h\u00e4ufig in einer Vene an einem der Vorderbeine. Aber auch die Entnahme am hinteren Bein ist eine gute M\u00f6glichkeit. Dort geht es zuweilen leichter. Mitunter wird die Einstichstelle rasiert. Vor dem Einstich wird die Vene mittels Hand oder einem Stauschlauch gestaut und Einstichstelle gr\u00fcndlich desinfiziert, um Infektionen zu vermeiden. Mit einem Stich wird die Nadel in die Vene eingef\u00fchrt, um Blut zu entnehmen. Das Blut wird in einem mit den Daten zur Katze beschrifteten R\u00f6hrchen gesammelt. Anschlie\u00dfend wird das Blut ins Labor gegeben, entweder direkt in der Praxis oder in ein externes Labor.<\/p>\n<h3>Wo nimmt man bei einer Katze Blut ab?<\/h3>\n<p>Am h\u00e4ufigsten nimmt man Blut in einer der Vorderpfote ab. Die entsprechende Vene (Vena cephalica) ist in der Regel gut sichtbar und leicht zug\u00e4nglich. Es ist ebenfalls m\u00f6glich, das Blut aus einer Vene (Vena saphena) in einer der Hinterpfoten abzunehmen. Falls die Blutabnahme weder in Vorder- noch Hinterpfote m\u00f6glich ist, kann die Vene am Hals genutzt werden.<\/p>\n<h3>Wie kann man eine Katze beruhigen und unterbringen?<\/h3>\n<p>Je ruhiger die Katze w\u00e4hrend der Blutabnahme bleibt, desto unproblematischer und stress\u00e4rmer verl\u00e4uft die Entnahme. Dazu tr\u00e4gt eine gute Vorbereitung bei, wie sie oben bereits ausf\u00fchrlicher beschrieben wurde. Dar\u00fcber hinaus hilft es, wenn du selbst m\u00f6glichst ruhig und entspannt bist. Sprich beruhigend mit deiner Katze und streichel sie, falls sie es zul\u00e4sst.<\/p>\n<h2>M\u00f6gliche Diagnosen per Blutbild<\/h2>\n<p>Ein Blutbild liefert zahlreiche Informationen zur Diagnose unterschiedlicher Erkrankungen. Hier eine Auswahl vorkommender Krankheiten:<\/p>\n<ul>\n<li>Entz\u00fcndungen: Eine h\u00f6here Anzahl wei\u00dfer Blutk\u00f6rperchen kann auf eine Entz\u00fcndung im K\u00f6rper hinweisen.<\/li>\n<li>An\u00e4mie: Eine niedrige Anzahl roter Blutk\u00f6rperchen ist m\u00f6glicherweise ein Anzeichen f\u00fcr eine An\u00e4mie, die auf verschiedene Ursachen zur\u00fcckzuf\u00fchren sein kann.<\/li>\n<li>Lebererkrankungen: Diese k\u00f6nnen durch von der Norm abweichende Blutwerte angezeigt werden.<\/li>\n<li><a href=\"https:\/\/uelzener.de\/magazin\/katze\/tiergesundheit\/niereninsuffizienz-nierenversagen\/\" target=\"_blank\" rel=\"noopener\">Nierenerkrankungen<\/a>: Sind Kreatinin und Harnstoff im Blut feststellbar, ist dies m\u00f6glicherweise ein Hinweis auf eine Nierenfehlfunktion.<\/li>\n<li>Diabetes: Ein hoher Blutzuckerspiegel kann ein Hinweis auf Diabetes mellitus sein.<\/li>\n<li>Schilddr\u00fcsen\u00fcberfunktion: Bei einer Schilddr\u00fcsen\u00fcberfunktion finden sich im Blut erh\u00f6hte Werte des Schilddr\u00fcsenhormons Thyroxin.<\/li>\n<\/ul>\n<h2>Was kostet eine Blutuntersuchung bei einer Katze?<\/h2>\n<p>Die Kosten f\u00fcr eine Blutuntersuchung k\u00f6nnen je nach Fragestellung bis zu 150 Euro, zuz\u00fcglich Untersuchung, Blutentnahme, Material, Aufbereitung und ggf. Kurier k\u00f6nnen die Kosten zwischen 300 Euro und 400 Euro betragen.<\/p>\n\n<div class=\"related_articles boxed\">\n    <h2>Mehr zum Thema<\/h2>\n    \n    <div class=\"wrapper\"><div class=\"title align-center\"><h3><a href=\"https:\/\/uelzener.de\/magazin\/katze\/erziehung-und-training\/katze-an-transportbox-gewoehnen-tipps-tricks\/\">Katze an Transportbox gew\u00f6hnen: Tipps und Tricks f\u00fcr ein erfolgreiches Training!<\/a><\/h3><\/div><div class=\"img align-center\"><img decoding=\"async\" width=\"315\" height=\"180\" src=\"https:\/\/uelzener.de\/magazin\/app\/uploads\/2024\/08\/transportbox-training-katze-315x180.jpg\" class=\"attachment-315x180 size-315x180 wp-post-image\" alt=\"Katze in Transportbox.\" \/><\/div><\/div><div class=\"wrapper\"><div class=\"title align-center\"><h3><a href=\"https:\/\/uelzener.de\/magazin\/katze\/haltung\/was-kostet-eine-katze-im-monat\/\">Was kostet eine Katze im Monat? Von der Anschaffung bis zum Zubeh\u00f6r<\/a><\/h3><\/div><div class=\"img align-center\"><img decoding=\"async\" width=\"315\" height=\"180\" src=\"https:\/\/uelzener.de\/magazin\/app\/uploads\/2025\/07\/katze-kosten-pro-monat-315x180.jpg\" class=\"attachment-315x180 size-315x180 wp-post-image\" alt=\"Wie viel kostet eine Katze pro Monat?\" \/><\/div><\/div><\/div>\n\n<h2>Nachsorge<\/h2>\n<p>Eine Blutabnahme ist keine besonders schwere Intervention, die Katzen in der Regel sehr gut verkraften. Dennoch sollte man einer Katze nach der Blutentnahme Ruhe g\u00f6nnen und ihr erm\u00f6glichen, dass sie sich in m\u00f6glichst stressfreier Umgebung aufhalten kann. Au\u00dferdem sollte Katzen nach der Blutabnahme ausreichend Fl\u00fcssigkeit zu sich nehmen. Nach einer Blutentnahme sollte man seine Katze noch sorgf\u00e4ltiger als sonst beobachten, sodass man m\u00f6gliche gesundheitliche Probleme aufgrund der Blutentnahme fr\u00fchzeitig wahrnimmt. Falls die Katze sich ungew\u00f6hnlich verh\u00e4lt oder Anzeichen von Unwohlsein zeigt, sollte man seine Tier\u00e4rztin oder seinen Tierarzt kontaktieren.<\/p>\n<h2>Fazit<\/h2>\n<p>Die Blutabnahme ist ein wichtiges Instrument in der veterin\u00e4rmedizinischen Praxis, das mit der sich anschlie\u00dfenden Laboruntersuchung der Diagnostik und der Fr\u00fcherkennung von Krankheiten dient. Eine gute Vorbereitung der Katze tr\u00e4gt zu einer m\u00f6glichst stressarmen und erfolgreichen Blutabnahme mit aussagekr\u00e4ftigen Laborergebnissen bei. Eine Katzenversicherung entlastet dich bei hohen Tierarztkosten.<\/p>\n\n<div class=\"banner\">\n    <a href=\"https:\/\/uelzener.de\/katze?agt=0000104925&sem=true&utm_medium=magazin&utm_source=wordpress&utm_campaign=katze&utm_content=banner\">\n        <img decoding=\"async\" width=\"300\" height=\"212\" src=\"https:\/\/uelzener.de\/magazin\/app\/uploads\/2025\/01\/Katzenversicherung.jpg\" class=\"attachment-medium size-medium\" alt=\"Banner Katzenversicherung\" \/>    <\/a>\n<\/div>\n\n<h2>FAQ: H\u00e4ufig gestellte Fragen<\/h2>\n<h3>Geh\u00f6rt das Blutbild zur Gesundheitsvorsorge bei Katzen?<\/h3>\n<p>Ein Blutbild erm\u00f6glicht es, Krankheiten fr\u00fchzeitig zu erkennen und zu behandeln. Daher ist ein Blutbild fester Bestandteil gesundheitlicher Vorsorge.<\/p>\n<h3>Wie oft sollte ich Blut von meiner Katze abnehmen lassen?<\/h3>\n<p>Wie h\u00e4ufig man Blut von seiner Katze abnehmen und was man dann untersuchen lassen sollte, ist von verschiedenen Faktoren abh\u00e4ngig. Alter, Gesundheitszustand oder Krankengeschichte spielen dabei eine wichtige Rolle. Am besten l\u00e4sst man sich von seiner Tier\u00e4rztin oder seinem Tierarzt beraten.<\/p>\n","protected":false},"excerpt":{"rendered":"<p>Eine Blutabnahme kann aufgrund verschiedener Anl\u00e4sse n\u00f6tig sein. Beispielsweise, um bei einer akuten Erkrankung eine Diagnose stellen zu k\u00f6nnen, die Wirksamkeit einer medikament\u00f6sen Behandlung zu \u00fcberpr\u00fcfen oder auch im Rahmen einer regelm\u00e4\u00dfigen Vorsorgeuntersuchung. In diesem Artikel erf\u00e4hrst du alles Wichtige rund um den Ablauf, die Gr\u00fcnde und die Kosten einer Blutabnahme. Warum ist Blutabnahme bei [&hellip;]<\/p>\n","protected":false},"author":11,"featured_media":16711,"parent":11712,"menu_order":14,"comment_status":"closed","ping_status":"closed","template":"templates\/blog.php","meta":{"_acf_changed":false,"_crdt_document":"","footnotes":"","beyondwords_generate_audio":"0","beyondwords_project_id":"","beyondwords_content_id":"","beyondwords_preview_token":"","beyondwords_player_style":"","beyondwords_language_id":"","beyondwords_title_voice_id":"","beyondwords_body_voice_id":"","beyondwords_summary_voice_id":"","beyondwords_error_message":"","beyondwords_disabled":"","beyondwords_delete_content":"","beyondwords_podcast_id":"","beyondwords_hash":"","publish_post_to_speechkit":"","speechkit_hash":"","speechkit_generate_audio":"","speechkit_project_id":"","speechkit_podcast_id":"","speechkit_error_message":"","speechkit_disabled":"","speechkit_access_key":"","speechkit_error":"","speechkit_info":"","speechkit_response":"","speechkit_retries":"","speechkit_status":"","speechkit_updated_at":"","_speechkit_link":"","_speechkit_text":""},"class_list":["post-16710","page","type-page","status-publish","has-post-thumbnail","hentry"],"acf":[],"yoast_head":"<!-- This site is optimized with the Yoast SEO Premium plugin  - https:\/\/yoast.com\/product\/yoast-seo-premium-wordpress\/ -->\n<title>Katzen Blut abnehmen lassen: Gr\u00fcnde, Ablauf und Kosten | Uelzener Magazin<\/title>\n<meta name=\"description\" content=\"Blutabnahme: Katze vorbereiten. Laboruntersuchung, Diagnose und Fr\u00fcherkennung von Krankheiten\" \/>\n<meta name=\"robots\" content=\"index, follow, max-snippet:-1, max-image-preview:large, max-video-preview:-1\" \/>\n<link rel=\"canonical\" href=\"https:\/\/uelzener.de\/magazin\/katze\/tiergesundheit\/katzen-blut-abnehmen-lassen\/\" \/>\n<meta property=\"og:locale\" content=\"de_DE\" \/>\n<meta property=\"og:type\" content=\"article\" \/>\n<meta property=\"og:title\" content=\"Katzen Blut abnehmen lassen: Gr\u00fcnde, Ablauf und Kosten\" \/>\n<meta property=\"og:description\" content=\"Blutabnahme: Katze vorbereiten. Laboruntersuchung, Diagnose und Fr\u00fcherkennung von Krankheiten\" \/>\n<meta property=\"og:url\" content=\"https:\/\/uelzener.de\/magazin\/katze\/tiergesundheit\/katzen-blut-abnehmen-lassen\/\" \/>\n<meta property=\"og:site_name\" content=\"Uelzener Tier-Magazin\" \/>\n<meta property=\"article:publisher\" content=\"https:\/\/www.facebook.com\/Uelzener\" \/>\n<meta property=\"article:modified_time\" content=\"2025-08-28T10:24:56+00:00\" \/>\n<meta property=\"og:image\" content=\"https:\/\/uelzener.de\/magazin\/app\/uploads\/2023\/11\/katze-blutabnahme.jpg\" \/>\n\t<meta property=\"og:image:width\" content=\"1025\" \/>\n\t<meta property=\"og:image:height\" content=\"450\" \/>\n\t<meta property=\"og:image:type\" content=\"image\/jpeg\" \/>\n<meta name=\"twitter:card\" content=\"summary_large_image\" \/>\n<meta name=\"twitter:label1\" content=\"Gesch\u00e4tzte Lesezeit\" \/>\n\t<meta name=\"twitter:data1\" content=\"7\u00a0Minuten\" \/>\n<script type=\"application\/ld+json\" class=\"yoast-schema-graph\">{\"@context\":\"https:\/\/schema.org\",\"@graph\":[{\"@type\":\"WebPage\",\"@id\":\"https:\/\/uelzener.de\/magazin\/katze\/tiergesundheit\/katzen-blut-abnehmen-lassen\/\",\"url\":\"https:\/\/uelzener.de\/magazin\/katze\/tiergesundheit\/katzen-blut-abnehmen-lassen\/\",\"name\":\"Katzen Blut abnehmen lassen: Gr\u00fcnde, Ablauf und Kosten | Uelzener Magazin\",\"isPartOf\":{\"@id\":\"https:\/\/uelzener.de\/magazin\/#website\"},\"primaryImageOfPage\":{\"@id\":\"https:\/\/uelzener.de\/magazin\/katze\/tiergesundheit\/katzen-blut-abnehmen-lassen\/#primaryimage\"},\"image\":{\"@id\":\"https:\/\/uelzener.de\/magazin\/katze\/tiergesundheit\/katzen-blut-abnehmen-lassen\/#primaryimage\"},\"thumbnailUrl\":\"https:\/\/uelzener.de\/magazin\/app\/uploads\/2023\/11\/katze-blutabnahme.jpg\",\"datePublished\":\"2023-11-20T13:00:54+00:00\",\"dateModified\":\"2025-08-28T10:24:56+00:00\",\"description\":\"Blutabnahme: Katze vorbereiten. Laboruntersuchung, Diagnose und Fr\u00fcherkennung von Krankheiten\",\"breadcrumb\":{\"@id\":\"https:\/\/uelzener.de\/magazin\/katze\/tiergesundheit\/katzen-blut-abnehmen-lassen\/#breadcrumb\"},\"inLanguage\":\"de\",\"potentialAction\":[{\"@type\":\"ReadAction\",\"target\":[\"https:\/\/uelzener.de\/magazin\/katze\/tiergesundheit\/katzen-blut-abnehmen-lassen\/\"]}]},{\"@type\":\"ImageObject\",\"inLanguage\":\"de\",\"@id\":\"https:\/\/uelzener.de\/magazin\/katze\/tiergesundheit\/katzen-blut-abnehmen-lassen\/#primaryimage\",\"url\":\"https:\/\/uelzener.de\/magazin\/app\/uploads\/2023\/11\/katze-blutabnahme.jpg\",\"contentUrl\":\"https:\/\/uelzener.de\/magazin\/app\/uploads\/2023\/11\/katze-blutabnahme.jpg\",\"width\":1025,\"height\":450,\"caption\":\"Einer Katze wird Blut abgenommen.\"},{\"@type\":\"WebSite\",\"@id\":\"https:\/\/uelzener.de\/magazin\/#website\",\"url\":\"https:\/\/uelzener.de\/magazin\/\",\"name\":\"Uelzener Tiermagazin\",\"description\":\"Online Tierratgeber der Uelzener Versicherungen\",\"publisher\":{\"@id\":\"https:\/\/uelzener.de\/magazin\/#organization\"},\"potentialAction\":[{\"@type\":\"SearchAction\",\"target\":{\"@type\":\"EntryPoint\",\"urlTemplate\":\"https:\/\/uelzener.de\/magazin\/?s={search_term_string}\"},\"query-input\":{\"@type\":\"PropertyValueSpecification\",\"valueRequired\":true,\"valueName\":\"search_term_string\"}}],\"inLanguage\":\"de\"},{\"@type\":\"Organization\",\"@id\":\"https:\/\/uelzener.de\/magazin\/#organization\",\"name\":\"Uelzener Versicherungen\",\"url\":\"https:\/\/uelzener.de\/magazin\/\",\"logo\":{\"@type\":\"ImageObject\",\"inLanguage\":\"de\",\"@id\":\"https:\/\/uelzener.de\/magazin\/#\/schema\/logo\/image\/\",\"url\":\"https:\/\/uelzener.de\/magazin\/app\/uploads\/2024\/11\/uelzener_allgemeine_versicherungsgesellschaft_a_g_logo.jpg\",\"contentUrl\":\"https:\/\/uelzener.de\/magazin\/app\/uploads\/2024\/11\/uelzener_allgemeine_versicherungsgesellschaft_a_g_logo.jpg\",\"width\":200,\"height\":200,\"caption\":\"Uelzener Versicherungen\"},\"image\":{\"@id\":\"https:\/\/uelzener.de\/magazin\/#\/schema\/logo\/image\/\"},\"sameAs\":[\"https:\/\/www.facebook.com\/Uelzener\",\"https:\/\/instagram.com\/uelzener\",\"https:\/\/www.xing.com\/pages\/uelzenerallgemeineversicherungs-gesellschafta-g\",\"https:\/\/www.youtube.com\/UelzenerVersicherungen\"]}]}<\/script>\n<!-- \/ Yoast SEO Premium plugin. -->","yoast_head_json":{"title":"Katzen Blut abnehmen lassen: Gr\u00fcnde, Ablauf und Kosten | Uelzener Magazin","description":"Blutabnahme: Katze vorbereiten. Laboruntersuchung, Diagnose und Fr\u00fcherkennung von Krankheiten","robots":{"index":"index","follow":"follow","max-snippet":"max-snippet:-1","max-image-preview":"max-image-preview:large","max-video-preview":"max-video-preview:-1"},"canonical":"https:\/\/uelzener.de\/magazin\/katze\/tiergesundheit\/katzen-blut-abnehmen-lassen\/","og_locale":"de_DE","og_type":"article","og_title":"Katzen Blut abnehmen lassen: Gr\u00fcnde, Ablauf und Kosten","og_description":"Blutabnahme: Katze vorbereiten. Laboruntersuchung, Diagnose und Fr\u00fcherkennung von Krankheiten","og_url":"https:\/\/uelzener.de\/magazin\/katze\/tiergesundheit\/katzen-blut-abnehmen-lassen\/","og_site_name":"Uelzener Tier-Magazin","article_publisher":"https:\/\/www.facebook.com\/Uelzener","article_modified_time":"2025-08-28T10:24:56+00:00","og_image":[{"width":1025,"height":450,"url":"https:\/\/uelzener.de\/magazin\/app\/uploads\/2023\/11\/katze-blutabnahme.jpg","type":"image\/jpeg"}],"twitter_card":"summary_large_image","twitter_misc":{"Gesch\u00e4tzte Lesezeit":"7\u00a0Minuten"},"schema":{"@context":"https:\/\/schema.org","@graph":[{"@type":"WebPage","@id":"https:\/\/uelzener.de\/magazin\/katze\/tiergesundheit\/katzen-blut-abnehmen-lassen\/","url":"https:\/\/uelzener.de\/magazin\/katze\/tiergesundheit\/katzen-blut-abnehmen-lassen\/","name":"Katzen Blut abnehmen lassen: Gr\u00fcnde, Ablauf und Kosten | Uelzener Magazin","isPartOf":{"@id":"https:\/\/uelzener.de\/magazin\/#website"},"primaryImageOfPage":{"@id":"https:\/\/uelzener.de\/magazin\/katze\/tiergesundheit\/katzen-blut-abnehmen-lassen\/#primaryimage"},"image":{"@id":"https:\/\/uelzener.de\/magazin\/katze\/tiergesundheit\/katzen-blut-abnehmen-lassen\/#primaryimage"},"thumbnailUrl":"https:\/\/uelzener.de\/magazin\/app\/uploads\/2023\/11\/katze-blutabnahme.jpg","datePublished":"2023-11-20T13:00:54+00:00","dateModified":"2025-08-28T10:24:56+00:00","description":"Blutabnahme: Katze vorbereiten. Laboruntersuchung, Diagnose und Fr\u00fcherkennung von Krankheiten","breadcrumb":{"@id":"https:\/\/uelzener.de\/magazin\/katze\/tiergesundheit\/katzen-blut-abnehmen-lassen\/#breadcrumb"},"inLanguage":"de","potentialAction":[{"@type":"ReadAction","target":["https:\/\/uelzener.de\/magazin\/katze\/tiergesundheit\/katzen-blut-abnehmen-lassen\/"]}]},{"@type":"ImageObject","inLanguage":"de","@id":"https:\/\/uelzener.de\/magazin\/katze\/tiergesundheit\/katzen-blut-abnehmen-lassen\/#primaryimage","url":"https:\/\/uelzener.de\/magazin\/app\/uploads\/2023\/11\/katze-blutabnahme.jpg","contentUrl":"https:\/\/uelzener.de\/magazin\/app\/uploads\/2023\/11\/katze-blutabnahme.jpg","width":1025,"height":450,"caption":"Einer Katze wird Blut abgenommen."},{"@type":"WebSite","@id":"https:\/\/uelzener.de\/magazin\/#website","url":"https:\/\/uelzener.de\/magazin\/","name":"Uelzener Tiermagazin","description":"Online Tierratgeber der Uelzener Versicherungen","publisher":{"@id":"https:\/\/uelzener.de\/magazin\/#organization"},"potentialAction":[{"@type":"SearchAction","target":{"@type":"EntryPoint","urlTemplate":"https:\/\/uelzener.de\/magazin\/?s={search_term_string}"},"query-input":{"@type":"PropertyValueSpecification","valueRequired":true,"valueName":"search_term_string"}}],"inLanguage":"de"},{"@type":"Organization","@id":"https:\/\/uelzener.de\/magazin\/#organization","name":"Uelzener Versicherungen","url":"https:\/\/uelzener.de\/magazin\/","logo":{"@type":"ImageObject","inLanguage":"de","@id":"https:\/\/uelzener.de\/magazin\/#\/schema\/logo\/image\/","url":"https:\/\/uelzener.de\/magazin\/app\/uploads\/2024\/11\/uelzener_allgemeine_versicherungsgesellschaft_a_g_logo.jpg","contentUrl":"https:\/\/uelzener.de\/magazin\/app\/uploads\/2024\/11\/uelzener_allgemeine_versicherungsgesellschaft_a_g_logo.jpg","width":200,"height":200,"caption":"Uelzener Versicherungen"},"image":{"@id":"https:\/\/uelzener.de\/magazin\/#\/schema\/logo\/image\/"},"sameAs":["https:\/\/www.facebook.com\/Uelzener","https:\/\/instagram.com\/uelzener","https:\/\/www.xing.com\/pages\/uelzenerallgemeineversicherungs-gesellschafta-g","https:\/\/www.youtube.com\/UelzenerVersicherungen"]}]}},"_links":{"self":[{"href":"https:\/\/uelzener.de\/magazin\/wp-json\/wp\/v2\/pages\/16710","targetHints":{"allow":["GET"]}}],"collection":[{"href":"https:\/\/uelzener.de\/magazin\/wp-json\/wp\/v2\/pages"}],"about":[{"href":"https:\/\/uelzener.de\/magazin\/wp-json\/wp\/v2\/types\/page"}],"author":[{"embeddable":true,"href":"https:\/\/uelzener.de\/magazin\/wp-json\/wp\/v2\/users\/11"}],"replies":[{"embeddable":true,"href":"https:\/\/uelzener.de\/magazin\/wp-json\/wp\/v2\/comments?post=16710"}],"version-history":[{"count":7,"href":"https:\/\/uelzener.de\/magazin\/wp-json\/wp\/v2\/pages\/16710\/revisions"}],"predecessor-version":[{"id":19070,"href":"https:\/\/uelzener.de\/magazin\/wp-json\/wp\/v2\/pages\/16710\/revisions\/19070"}],"up":[{"embeddable":true,"href":"https:\/\/uelzener.de\/magazin\/wp-json\/wp\/v2\/pages\/11712"}],"wp:featuredmedia":[{"embeddable":true,"href":"https:\/\/uelzener.de\/magazin\/wp-json\/wp\/v2\/media\/16711"}],"wp:attachment":[{"href":"https:\/\/uelzener.de\/magazin\/wp-json\/wp\/v2\/media?parent=16710"}],"curies":[{"name":"wp","href":"https:\/\/api.w.org\/{rel}","templated":true}]}}