{"id":16706,"date":"2023-11-19T14:00:46","date_gmt":"2023-11-19T13:00:46","guid":{"rendered":"https:\/\/uelzener.de\/magazin\/?page_id=16706"},"modified":"2025-09-02T11:37:42","modified_gmt":"2025-09-02T09:37:42","slug":"shivering-pferd-ursachen-symptome-behandlung","status":"publish","type":"page","link":"https:\/\/uelzener.de\/magazin\/pferd\/tiergesundheit\/shivering-pferd-ursachen-symptome-behandlung\/","title":{"rendered":"Shivering: Ursachen, Symptome, Behandlung"},"content":{"rendered":"<p>Shivering ist eine neuromuskul\u00e4re Erkrankung, die zumeist in jungen Jahren und eher bei gro\u00dfen Pferden auftritt. Wir kl\u00e4ren, ob und welche Ursachen es gibt, mit welchen Symptomen sich Shivering zeigt und welche Behandlungsm\u00f6glichkeiten erkrankten Pferden helfen k\u00f6nnen.<\/p>\n<h2>Ursachen von Shivering beim Pferd<\/h2>\n<p>Die Ursachen von Shivering sind bislang unbekannt. Es werden verschiedene Komponenten diskutiert, die einen Anteil an der Entwicklung von Shivering haben k\u00f6nnen.<\/p>\n<ul>\n<li>Muskelprobleme,<\/li>\n<li>neurologische Schwierigkeiten,<\/li>\n<li>Traumata,<\/li>\n<li>N\u00e4hrstoffversorgung,<\/li>\n<li>Haltung<\/li>\n<li>Abbauprozesse im Kleinhirn<\/li>\n<li>Stress: Immer wieder wird beobachtet, dass sich Shivering unter Stress verst\u00e4rkt und zu vermehrten Muskelkr\u00e4mpfen f\u00fchrt.<\/li>\n<li>Genetische Veranlagung: Scheinbar eher schwere, gro\u00dfe Pferde (\u00fcber 175 cm), statistisch mehr Wallache und Hengste.<\/li>\n<\/ul>\n<h2>Symptome von Shivering beim Pferd<\/h2>\n<ul>\n<li>Shivering bildet sich mit einer langsam fortschreitenden Symptomatik aus. Erste Anzeichen zeigen sich meist im jungen Alter zwischen vier und sieben Jahren. Betroffene Pferde verhalten sich, wenn sie geritten werden, h\u00e4ufig unauff\u00e4llig. Eine m\u00f6glicherweise anf\u00e4ngliche Steifheit und leichtes Zittern in den Extremit\u00e4ten ebben mit zunehmender Bewegung in der Regel ab. Es sind vorrangig die Hinterxtremit\u00e4ten betroffen, selten auch die Vorderbeine.<\/li>\n<li>Symptome treten an den Hinterbeinen vorwiegend beim R\u00fcckw\u00e4rtsgehen und Anheben der hinteren Hufe auf und \u00e4u\u00dfern sich in unkontrolliertem Zittern. So kann es beim Shivering beim Versuch, r\u00fcckw\u00e4rtszugehen, zu krampfartigem Anziehen der Hinterbeine kommen. Hier sollte an eine Verwechselungsgefahr mit Hahnentritt gedacht werden. Parallel zu Kr\u00e4mpfen in den Hinterbeinen kann es zu Muskelkontraktionen im Gesicht und\/oder der Lippen kommen.<\/li>\n<li>Hoher Muskeltonus, der sich unter anderem durch eine hohe Schweifhaltung zeigen kann.<\/li>\n<li>Bei der Hufpflege zeigt sich Shivering, indem das Pferd den Huf gar nicht oder nur unter Schwierigkeiten heben l\u00e4sst. L\u00e4ngeres Halten des Hufes oder gar Beschlagen oder medizinische Behandlungen sind mitunter nur unter Sedierung m\u00f6glich.<\/li>\n<li>Es kann zu Gleichgewichtsproblemen, beispielsweise beim Stehen im fahrenden <a href=\"https:\/\/uelzener.de\/magazin\/pferd\/erziehung-und-training\/pferde-verladen-und-transportieren\/\">Pferdeanh\u00e4nger<\/a>, kommen.<\/li>\n<\/ul>\n<h2>Behandlungsm\u00f6glichkeiten f\u00fcr Shivering<\/h2>\n<p>Shivering gilt bislang als unheilbar. Eine Behandlung zielt daher nicht auf Heilung, sondern darauf, die Symptome zu lindern.<\/p>\n<ul>\n<li>Regelm\u00e4\u00dfige Bewegung und Gymnastizierung k\u00f6nnen helfen, die Muskulatur zu lockern. So kann es auch sinnvoll sein, das Pferd vor dem Ausschneiden bzw. Beschlagen durch den Schmied zu reiten, um das Krampfen zu mindern. Bei Problemen, beispielsweise bei tier\u00e4rztlichen Behandlungen oder Schmiedebesuchen, kann eine tier\u00e4rztlich verabreichte Sedierung die Kr\u00e4mpfe ausschalten und so den Stress f\u00fcr Behandler:in und Pferd reduzieren.<\/li>\n<li>Physiotherapie, Massage und physikalische Therapie wie K\u00e4lte- oder W\u00e4rmebehandlungen k\u00f6nnen Muskelspannung reduzieren und sich schmerzlindernd auf die verspannte Muskulatur auswirken.<\/li>\n<li>Mineralisierung in Form von Nahrungserg\u00e4nzungsmitteln. Dazu sollte zuvor ein Blutbild gemacht werden. Dieses kann beispielsweise Mangan- und Magnesiummangel zeigen. Eine optimale Versorgung mit N\u00e4hrstoffen kann dazu beitragen, Muskelzittern und Kr\u00e4mpfe zu verringern. Einige Halterinnen und Halter meinen, eine Verbesserung bei der Gabe von Vitamin E, Selen-Pr\u00e4paraten oder B-Vitaminen festzustellen. Dies ist wissenschaftlich jedoch nicht best\u00e4tigt. Grunds\u00e4tzlich sollten Erg\u00e4nzungsmittel nicht wahllos verabreicht werden, da auch diese Neben- und Wechselwirkungen haben k\u00f6nnen. Die Anwendung von Erg\u00e4nzungsmitteln sollte deshalb stets mit der Tier\u00e4rztin oder dem Tierarzt abgesprochen werden.<\/li>\n<li>Akupunktur und Hom\u00f6opathie: F\u00fcr die Wirksamkeit von Hom\u00f6opathie und Akupunktur gibt es keine wissenschaftlichen Nachweise. Pferdebesitzerinnen und Pferdebesitzer berichten jedoch zuweilen von positiven Erfahrungen mit hom\u00f6opathischen Mitteln oder Akupunktur zur Linderung von Symptomen bei Shivering.<\/li>\n<\/ul>\n\n<div class=\"related_articles boxed\">\n    <h2>Mehr zum Thema<\/h2>\n    \n    <div class=\"wrapper\"><div class=\"title align-center\"><h3><a href=\"https:\/\/uelzener.de\/magazin\/pferd\/haltung\/pferdehaltung-in-zeiten-von-corona\/\">Pferdehaltung in Zeiten von Corona<\/a><\/h3><\/div><div class=\"img align-center\"><img decoding=\"async\" width=\"315\" height=\"180\" src=\"https:\/\/uelzener.de\/magazin\/app\/uploads\/2020\/04\/e1f8bfab-8767-49a0-ae20-f75491ec3da1-315x180.jpg\" class=\"attachment-315x180 size-315x180 wp-post-image\" alt=\"Die Pferde stehen in ihren Boxen im Stall, w\u00e4hrend der Corona-Pandemie ist es nicht leicht sein Tier t\u00e4glich zu sehen.\" \/><\/div><\/div><div class=\"wrapper\"><div class=\"title align-center\"><h3><a href=\"https:\/\/uelzener.de\/magazin\/pferd\/tiergesundheit\/osteopathie-fuer-pferde-wissenswertes-zur-osteopathischen-behandlung\/\">Osteopathie f\u00fcr Pferde: Wissenswertes zur osteopathischen Behandlung<\/a><\/h3><\/div><div class=\"img align-center\"><img decoding=\"async\" width=\"315\" height=\"180\" src=\"https:\/\/uelzener.de\/magazin\/app\/uploads\/2024\/09\/Osteopathie-fuer-Pferde-315x180.jpg\" class=\"attachment-315x180 size-315x180 wp-post-image\" alt=\"\" \/><\/div><\/div><div class=\"wrapper\"><div class=\"title align-center\"><h3><a href=\"https:\/\/uelzener.de\/magazin\/pferd\/tiergesundheit\/pssm-beim-pferd-muskelerkrankung\/\">PSSM beim Pferd: Muskelerkrankung mit Folgen<\/a><\/h3><\/div><div class=\"img align-center\"><img decoding=\"async\" width=\"315\" height=\"180\" src=\"https:\/\/uelzener.de\/magazin\/app\/uploads\/2025\/04\/pssm-beim-pferd-315x180.jpg\" class=\"attachment-315x180 size-315x180 wp-post-image\" alt=\"Pferd mit PSSM.\" \/><\/div><\/div><\/div>\n\n<h2>Wie kann ich mein Pferd vor Shivering sch\u00fctzen?<\/h2>\n<p>Da die Ursachen nicht gekl\u00e4rt sind, gibt es keine spezifischen Pr\u00e4ventionsma\u00dfnahmen, die ein Pferd vor Shivering sch\u00fctzen k\u00f6nnen. Generell sind eine ausgewogene F\u00fctterung, ausreichende und angemessene Bewegung, gute Pflege und Vermeidung von Stress f\u00fcr die Gesundheit hilfreich. Regelm\u00e4\u00dfige tier\u00e4rztliche Untersuchungen k\u00f6nnen helfen, gesundheitliche Probleme fr\u00fchzeitig zu erkennen.<\/p>\n<h2>Einschl\u00e4fern \u2013 schwieriges Thema<\/h2>\n<p>Die Frage, ob ein Pferd eingeschl\u00e4fert werden sollte, ist generell ein schwieriges Thema. Wenn ein Pferd austherapiert ist und kein lebenswertes Leben ohne Schmerzen mehr f\u00fchren kann, d\u00fcrfen Tier\u00e4rztinnen und Tier\u00e4rzte ein Pferd einschl\u00e4fern. Allein aufgrund einer Erkrankung mit Shivering m\u00fcssen Pferde in der Regel nicht eingeschl\u00e4fert werden, da an Shivering erkrankte Pferde, soweit man wei\u00df, nicht unter Schmerzen leiden. Eher ist das Gegenteil der Fall. Von Shivering betroffene Pferde k\u00f6nnen mit entsprechendem Training und Handling durchaus reiterlich genutzt werden. Dabei ist selbst eine sportliche Nutzung bis hin zur schweren Klasse m\u00f6glich.<\/p>\n<h2>Fazit<\/h2>\n<p>Shivering beim Pferd ist eine Erkrankung, die Probleme beim R\u00fcckw\u00e4rtsgehen und der Hufpflege verursacht. Die Ursachen sind bislang unbekannt und die Erkrankung gilt als unheilbar. Behandlungen k\u00f6nnen lediglich versuchen, Symptome zu lindern. Nach derzeitigem Stand erleiden die Pferde keine Schmerzen.<\/p>\n<h2>FAQs: H\u00e4ufig gestellte Fragen zum Thema Shivering beim Pferd<\/h2>\n<h3>Welche Rassen sind besonders anf\u00e4llig f\u00fcr Shivering?<\/h3>\n<p>Die Ursachen von Shivering sind bislang unbekannt. Gro\u00dfe, schwere Pferde wie Belgische Kaltbl\u00fcter, Clydesdales, Shire-Pferde und Friesenpferde scheinen eher betroffen zu sein. Grunds\u00e4tzlich k\u00f6nnen jedoch Pferde aller Rassen von dieser Erkrankung betroffen sein.<\/p>\n<h3>Gibt es alternative Therapien f\u00fcr Shivering?<\/h3>\n<p>Alle Behandlungen zielen darauf, Symptome zu lindern. Neben traditionellen Ans\u00e4tzen k\u00f6nnen alternative Methoden dazu beitragen. F\u00fcr die Wirksamkeit alternativer Behandlungen gibt es mitunter keine wissenschaftlichen Nachweise. Pferdehalterinnen und Pferdehalter berichten jedoch immer wieder von positiven Erfahrungen mit alternativen Methoden. Hat ein Pferd gesundheitliche Probleme, sollte generell tier\u00e4rztlicher Rat eingeholt werden und die Anwendung alternativer Methoden sollte stets tier\u00e4rztlich abgesprochen werden.<\/p>\n","protected":false},"excerpt":{"rendered":"<p>Shivering ist eine neuromuskul\u00e4re Erkrankung, die zumeist in jungen Jahren und eher bei gro\u00dfen Pferden auftritt. Wir kl\u00e4ren, ob und welche Ursachen es gibt, mit welchen Symptomen sich Shivering zeigt und welche Behandlungsm\u00f6glichkeiten erkrankten Pferden helfen k\u00f6nnen. Ursachen von Shivering beim Pferd Die Ursachen von Shivering sind bislang unbekannt. Es werden verschiedene Komponenten diskutiert, die [&hellip;]<\/p>\n","protected":false},"author":11,"featured_media":16721,"parent":11706,"menu_order":14,"comment_status":"closed","ping_status":"closed","template":"templates\/blog.php","meta":{"_acf_changed":false,"_crdt_document":"","footnotes":"","beyondwords_generate_audio":"0","beyondwords_project_id":"","beyondwords_content_id":"","beyondwords_preview_token":"","beyondwords_player_style":"","beyondwords_language_id":"","beyondwords_title_voice_id":"","beyondwords_body_voice_id":"","beyondwords_summary_voice_id":"","beyondwords_error_message":"","beyondwords_disabled":"","beyondwords_delete_content":"","beyondwords_podcast_id":"","beyondwords_hash":"","publish_post_to_speechkit":"","speechkit_hash":"","speechkit_generate_audio":"","speechkit_project_id":"","speechkit_podcast_id":"","speechkit_error_message":"","speechkit_disabled":"","speechkit_access_key":"","speechkit_error":"","speechkit_info":"","speechkit_response":"","speechkit_retries":"","speechkit_status":"","speechkit_updated_at":"","_speechkit_link":"","_speechkit_text":""},"class_list":["post-16706","page","type-page","status-publish","has-post-thumbnail","hentry"],"acf":[],"yoast_head":"<!-- This site is optimized with the Yoast SEO Premium plugin  - https:\/\/yoast.com\/product\/yoast-seo-premium-wordpress\/ -->\n<title>Shivering: Ursachen, Symptome, Behandlung | Uelzener Magazin<\/title>\n<meta name=\"description\" content=\"Das steckt hinter der Pferde-Zitterkrankheit Shivering. Und trotz Erkrankung weiterreiten: Ist das m\u00f6glich?\" \/>\n<meta name=\"robots\" content=\"index, follow, max-snippet:-1, max-image-preview:large, max-video-preview:-1\" \/>\n<link rel=\"canonical\" href=\"https:\/\/uelzener.de\/magazin\/pferd\/tiergesundheit\/shivering-pferd-ursachen-symptome-behandlung\/\" \/>\n<meta property=\"og:locale\" content=\"de_DE\" \/>\n<meta property=\"og:type\" content=\"article\" \/>\n<meta property=\"og:title\" content=\"Shivering: Ursachen, Symptome, Behandlung\" \/>\n<meta property=\"og:description\" content=\"Das steckt hinter der Pferde-Zitterkrankheit Shivering. Und trotz Erkrankung weiterreiten: Ist das m\u00f6glich?\" \/>\n<meta property=\"og:url\" content=\"https:\/\/uelzener.de\/magazin\/pferd\/tiergesundheit\/shivering-pferd-ursachen-symptome-behandlung\/\" \/>\n<meta property=\"og:site_name\" content=\"Uelzener Tier-Magazin\" \/>\n<meta property=\"article:publisher\" content=\"https:\/\/www.facebook.com\/Uelzener\" \/>\n<meta property=\"article:modified_time\" content=\"2025-09-02T09:37:42+00:00\" \/>\n<meta property=\"og:image\" content=\"https:\/\/uelzener.de\/magazin\/app\/uploads\/2023\/11\/shivering-pferd.jpg\" \/>\n\t<meta property=\"og:image:width\" content=\"1025\" \/>\n\t<meta property=\"og:image:height\" content=\"450\" \/>\n\t<meta property=\"og:image:type\" content=\"image\/jpeg\" \/>\n<meta name=\"twitter:card\" content=\"summary_large_image\" \/>\n<meta name=\"twitter:label1\" content=\"Gesch\u00e4tzte Lesezeit\" \/>\n\t<meta name=\"twitter:data1\" content=\"5\u00a0Minuten\" \/>\n<script type=\"application\/ld+json\" class=\"yoast-schema-graph\">{\"@context\":\"https:\/\/schema.org\",\"@graph\":[{\"@type\":\"WebPage\",\"@id\":\"https:\/\/uelzener.de\/magazin\/pferd\/tiergesundheit\/shivering-pferd-ursachen-symptome-behandlung\/\",\"url\":\"https:\/\/uelzener.de\/magazin\/pferd\/tiergesundheit\/shivering-pferd-ursachen-symptome-behandlung\/\",\"name\":\"Shivering: Ursachen, Symptome, Behandlung | Uelzener Magazin\",\"isPartOf\":{\"@id\":\"https:\/\/uelzener.de\/magazin\/#website\"},\"primaryImageOfPage\":{\"@id\":\"https:\/\/uelzener.de\/magazin\/pferd\/tiergesundheit\/shivering-pferd-ursachen-symptome-behandlung\/#primaryimage\"},\"image\":{\"@id\":\"https:\/\/uelzener.de\/magazin\/pferd\/tiergesundheit\/shivering-pferd-ursachen-symptome-behandlung\/#primaryimage\"},\"thumbnailUrl\":\"https:\/\/uelzener.de\/magazin\/app\/uploads\/2023\/11\/shivering-pferd.jpg\",\"datePublished\":\"2023-11-19T13:00:46+00:00\",\"dateModified\":\"2025-09-02T09:37:42+00:00\",\"description\":\"Das steckt hinter der Pferde-Zitterkrankheit Shivering. Und trotz Erkrankung weiterreiten: Ist das m\u00f6glich?\",\"breadcrumb\":{\"@id\":\"https:\/\/uelzener.de\/magazin\/pferd\/tiergesundheit\/shivering-pferd-ursachen-symptome-behandlung\/#breadcrumb\"},\"inLanguage\":\"de\",\"potentialAction\":[{\"@type\":\"ReadAction\",\"target\":[\"https:\/\/uelzener.de\/magazin\/pferd\/tiergesundheit\/shivering-pferd-ursachen-symptome-behandlung\/\"]}]},{\"@type\":\"ImageObject\",\"inLanguage\":\"de\",\"@id\":\"https:\/\/uelzener.de\/magazin\/pferd\/tiergesundheit\/shivering-pferd-ursachen-symptome-behandlung\/#primaryimage\",\"url\":\"https:\/\/uelzener.de\/magazin\/app\/uploads\/2023\/11\/shivering-pferd.jpg\",\"contentUrl\":\"https:\/\/uelzener.de\/magazin\/app\/uploads\/2023\/11\/shivering-pferd.jpg\",\"width\":1025,\"height\":450,\"caption\":\"Pferd hebt unwillk\u00fcrlich hinteres Bein an. Das ist ein Symptom von Shivering.\"},{\"@type\":\"WebSite\",\"@id\":\"https:\/\/uelzener.de\/magazin\/#website\",\"url\":\"https:\/\/uelzener.de\/magazin\/\",\"name\":\"Uelzener Tiermagazin\",\"description\":\"Online Tierratgeber der Uelzener Versicherungen\",\"publisher\":{\"@id\":\"https:\/\/uelzener.de\/magazin\/#organization\"},\"potentialAction\":[{\"@type\":\"SearchAction\",\"target\":{\"@type\":\"EntryPoint\",\"urlTemplate\":\"https:\/\/uelzener.de\/magazin\/?s={search_term_string}\"},\"query-input\":{\"@type\":\"PropertyValueSpecification\",\"valueRequired\":true,\"valueName\":\"search_term_string\"}}],\"inLanguage\":\"de\"},{\"@type\":\"Organization\",\"@id\":\"https:\/\/uelzener.de\/magazin\/#organization\",\"name\":\"Uelzener Versicherungen\",\"url\":\"https:\/\/uelzener.de\/magazin\/\",\"logo\":{\"@type\":\"ImageObject\",\"inLanguage\":\"de\",\"@id\":\"https:\/\/uelzener.de\/magazin\/#\/schema\/logo\/image\/\",\"url\":\"https:\/\/uelzener.de\/magazin\/app\/uploads\/2024\/11\/uelzener_allgemeine_versicherungsgesellschaft_a_g_logo.jpg\",\"contentUrl\":\"https:\/\/uelzener.de\/magazin\/app\/uploads\/2024\/11\/uelzener_allgemeine_versicherungsgesellschaft_a_g_logo.jpg\",\"width\":200,\"height\":200,\"caption\":\"Uelzener Versicherungen\"},\"image\":{\"@id\":\"https:\/\/uelzener.de\/magazin\/#\/schema\/logo\/image\/\"},\"sameAs\":[\"https:\/\/www.facebook.com\/Uelzener\",\"https:\/\/instagram.com\/uelzener\",\"https:\/\/www.xing.com\/pages\/uelzenerallgemeineversicherungs-gesellschafta-g\",\"https:\/\/www.youtube.com\/UelzenerVersicherungen\"]}]}<\/script>\n<!-- \/ Yoast SEO Premium plugin. -->","yoast_head_json":{"title":"Shivering: Ursachen, Symptome, Behandlung | Uelzener Magazin","description":"Das steckt hinter der Pferde-Zitterkrankheit Shivering. Und trotz Erkrankung weiterreiten: Ist das m\u00f6glich?","robots":{"index":"index","follow":"follow","max-snippet":"max-snippet:-1","max-image-preview":"max-image-preview:large","max-video-preview":"max-video-preview:-1"},"canonical":"https:\/\/uelzener.de\/magazin\/pferd\/tiergesundheit\/shivering-pferd-ursachen-symptome-behandlung\/","og_locale":"de_DE","og_type":"article","og_title":"Shivering: Ursachen, Symptome, Behandlung","og_description":"Das steckt hinter der Pferde-Zitterkrankheit Shivering. Und trotz Erkrankung weiterreiten: Ist das m\u00f6glich?","og_url":"https:\/\/uelzener.de\/magazin\/pferd\/tiergesundheit\/shivering-pferd-ursachen-symptome-behandlung\/","og_site_name":"Uelzener Tier-Magazin","article_publisher":"https:\/\/www.facebook.com\/Uelzener","article_modified_time":"2025-09-02T09:37:42+00:00","og_image":[{"width":1025,"height":450,"url":"https:\/\/uelzener.de\/magazin\/app\/uploads\/2023\/11\/shivering-pferd.jpg","type":"image\/jpeg"}],"twitter_card":"summary_large_image","twitter_misc":{"Gesch\u00e4tzte Lesezeit":"5\u00a0Minuten"},"schema":{"@context":"https:\/\/schema.org","@graph":[{"@type":"WebPage","@id":"https:\/\/uelzener.de\/magazin\/pferd\/tiergesundheit\/shivering-pferd-ursachen-symptome-behandlung\/","url":"https:\/\/uelzener.de\/magazin\/pferd\/tiergesundheit\/shivering-pferd-ursachen-symptome-behandlung\/","name":"Shivering: Ursachen, Symptome, Behandlung | Uelzener Magazin","isPartOf":{"@id":"https:\/\/uelzener.de\/magazin\/#website"},"primaryImageOfPage":{"@id":"https:\/\/uelzener.de\/magazin\/pferd\/tiergesundheit\/shivering-pferd-ursachen-symptome-behandlung\/#primaryimage"},"image":{"@id":"https:\/\/uelzener.de\/magazin\/pferd\/tiergesundheit\/shivering-pferd-ursachen-symptome-behandlung\/#primaryimage"},"thumbnailUrl":"https:\/\/uelzener.de\/magazin\/app\/uploads\/2023\/11\/shivering-pferd.jpg","datePublished":"2023-11-19T13:00:46+00:00","dateModified":"2025-09-02T09:37:42+00:00","description":"Das steckt hinter der Pferde-Zitterkrankheit Shivering. Und trotz Erkrankung weiterreiten: Ist das m\u00f6glich?","breadcrumb":{"@id":"https:\/\/uelzener.de\/magazin\/pferd\/tiergesundheit\/shivering-pferd-ursachen-symptome-behandlung\/#breadcrumb"},"inLanguage":"de","potentialAction":[{"@type":"ReadAction","target":["https:\/\/uelzener.de\/magazin\/pferd\/tiergesundheit\/shivering-pferd-ursachen-symptome-behandlung\/"]}]},{"@type":"ImageObject","inLanguage":"de","@id":"https:\/\/uelzener.de\/magazin\/pferd\/tiergesundheit\/shivering-pferd-ursachen-symptome-behandlung\/#primaryimage","url":"https:\/\/uelzener.de\/magazin\/app\/uploads\/2023\/11\/shivering-pferd.jpg","contentUrl":"https:\/\/uelzener.de\/magazin\/app\/uploads\/2023\/11\/shivering-pferd.jpg","width":1025,"height":450,"caption":"Pferd hebt unwillk\u00fcrlich hinteres Bein an. Das ist ein Symptom von Shivering."},{"@type":"WebSite","@id":"https:\/\/uelzener.de\/magazin\/#website","url":"https:\/\/uelzener.de\/magazin\/","name":"Uelzener Tiermagazin","description":"Online Tierratgeber der Uelzener Versicherungen","publisher":{"@id":"https:\/\/uelzener.de\/magazin\/#organization"},"potentialAction":[{"@type":"SearchAction","target":{"@type":"EntryPoint","urlTemplate":"https:\/\/uelzener.de\/magazin\/?s={search_term_string}"},"query-input":{"@type":"PropertyValueSpecification","valueRequired":true,"valueName":"search_term_string"}}],"inLanguage":"de"},{"@type":"Organization","@id":"https:\/\/uelzener.de\/magazin\/#organization","name":"Uelzener Versicherungen","url":"https:\/\/uelzener.de\/magazin\/","logo":{"@type":"ImageObject","inLanguage":"de","@id":"https:\/\/uelzener.de\/magazin\/#\/schema\/logo\/image\/","url":"https:\/\/uelzener.de\/magazin\/app\/uploads\/2024\/11\/uelzener_allgemeine_versicherungsgesellschaft_a_g_logo.jpg","contentUrl":"https:\/\/uelzener.de\/magazin\/app\/uploads\/2024\/11\/uelzener_allgemeine_versicherungsgesellschaft_a_g_logo.jpg","width":200,"height":200,"caption":"Uelzener Versicherungen"},"image":{"@id":"https:\/\/uelzener.de\/magazin\/#\/schema\/logo\/image\/"},"sameAs":["https:\/\/www.facebook.com\/Uelzener","https:\/\/instagram.com\/uelzener","https:\/\/www.xing.com\/pages\/uelzenerallgemeineversicherungs-gesellschafta-g","https:\/\/www.youtube.com\/UelzenerVersicherungen"]}]}},"_links":{"self":[{"href":"https:\/\/uelzener.de\/magazin\/wp-json\/wp\/v2\/pages\/16706","targetHints":{"allow":["GET"]}}],"collection":[{"href":"https:\/\/uelzener.de\/magazin\/wp-json\/wp\/v2\/pages"}],"about":[{"href":"https:\/\/uelzener.de\/magazin\/wp-json\/wp\/v2\/types\/page"}],"author":[{"embeddable":true,"href":"https:\/\/uelzener.de\/magazin\/wp-json\/wp\/v2\/users\/11"}],"replies":[{"embeddable":true,"href":"https:\/\/uelzener.de\/magazin\/wp-json\/wp\/v2\/comments?post=16706"}],"version-history":[{"count":8,"href":"https:\/\/uelzener.de\/magazin\/wp-json\/wp\/v2\/pages\/16706\/revisions"}],"predecessor-version":[{"id":19096,"href":"https:\/\/uelzener.de\/magazin\/wp-json\/wp\/v2\/pages\/16706\/revisions\/19096"}],"up":[{"embeddable":true,"href":"https:\/\/uelzener.de\/magazin\/wp-json\/wp\/v2\/pages\/11706"}],"wp:featuredmedia":[{"embeddable":true,"href":"https:\/\/uelzener.de\/magazin\/wp-json\/wp\/v2\/media\/16721"}],"wp:attachment":[{"href":"https:\/\/uelzener.de\/magazin\/wp-json\/wp\/v2\/media?parent=16706"}],"curies":[{"name":"wp","href":"https:\/\/api.w.org\/{rel}","templated":true}]}}