{"id":16697,"date":"2023-11-20T12:29:20","date_gmt":"2023-11-20T11:29:20","guid":{"rendered":"https:\/\/uelzener.de\/magazin\/?page_id=16697"},"modified":"2023-11-20T12:29:35","modified_gmt":"2023-11-20T11:29:35","slug":"trockenreiten-beim-pferd","status":"publish","type":"page","link":"https:\/\/uelzener.de\/magazin\/pferd\/erziehung-und-training\/trockenreiten-beim-pferd\/","title":{"rendered":"Trockenreiten beim Pferd: Gr\u00fcnde, Anleitung und Tipps"},"content":{"rendered":"<p>Trockenreiten gilt als Muss. Vor allem im Herbst und Winter sollte diese abschlie\u00dfende Phase ausreichend durchgef\u00fchrt werden. Denn das Winterfell f\u00fchrt dazu, dass Pferde schneller schwitzen. Angemessenes und richtiges Trockenreiten verhindert gesundheitliche Probleme wie Erk\u00e4ltungen und Muskelverspannungen. Wir beleuchten hier, warum die ruhigere Phase am Ende von Ausritt und Training so wichtig ist und wie es richtig gemacht wird.<\/p>\n<h2>Warum ist Trockenreiten wichtig?<\/h2>\n<p>Trockenreiten ist wichtig f\u00fcr die Pferdegesundheit. Nach einem Training oder Ausritt sollten sich Atmung und Herzschlag allm\u00e4hlich beruhigen, die Muskulatur entspannen und das m\u00f6glicherweise verschwitzte Fell trocknen k\u00f6nnen. Genau dabei hilft das Trockenreiten.<\/p>\n<h2>Gesundheitliche Gr\u00fcnde f\u00fcr Trockenreiten<\/h2>\n<p>Hier listen wir einige gesundheitliche Gr\u00fcnde f\u00fcr ein ausreichend langes und entsprechend gut gestaltetes Trockenreiten auf.<\/p>\n<ul>\n<li>K\u00f6rpertemperatur allm\u00e4hlich senken, um \u00dcberhitzung vorzubeugen.<\/li>\n<li>Erk\u00e4ltungen verhindern: Bei zu rascher Abk\u00fchlung steigt die Wahrscheinlichkeit f\u00fcr Erk\u00e4ltungen, besonders im Winter. Wenn Pferde verschwitzt sind oder abgespritzt wurden, stellt Trockenreiten sicher, dass das Fell des Pferdes allm\u00e4hlich trocknet und das Pferd nicht unterk\u00fchlt.<\/li>\n<li>Muskelentspannung: Trockenreiten erlaubt dem Pferd, sich zu dehnen und die Muskulatur allm\u00e4hlich zu entspannen. Dies verhindert Muskelanspannungen.<\/li>\n<li>Losgelassenheit wiederherstellen: Ist das Pferd w\u00e4hrend des Trainings unter Anspannung geraten, dient die Phase des Trockenreitens dazu, wieder in die Losgelassenheit zu kommen.<\/li>\n<li>Nach intensiven und kurzen Trainingseinheiten: Lactat m\u00f6glichst schnell abbauen: Das bei erh\u00f6hter Belastung entstandene f\u00fcr die Muskulatur m\u00f6glicherweise sch\u00e4dliche Lactat wird bei Bewegung schneller wieder abgebaut als im Ruhezustand.<\/li>\n<\/ul>\n<p>Bei aller Sorgfalt kann es zu gesundheitlichen Problemen kommen, die tier\u00e4rztlich behandelt werden m\u00fcssen. Eine Pferdeversicherung hilft, Tierarztkosten abzufedern und sich im schlimmsten Fall ohne finanzielle Sorgen voll auf sein Pferd konzentrieren zu k\u00f6nnen.<\/p>\n\n<div class=\"banner\">\n    <a href=\"https:\/\/uelzener.de\/pferd?agt=0000104925&sem=true&utm_medium=magazin&utm_source=wordpress&utm_campaign=pferd&utm_content=banner\">\n        <img decoding=\"async\" width=\"300\" height=\"212\" src=\"https:\/\/uelzener.de\/magazin\/app\/uploads\/2025\/01\/Pferde-Versicherung.jpg\" class=\"attachment-medium size-medium\" alt=\"Banner Pferde-Versicherung\" \/>    <\/a>\n<\/div>\n\n<h2>Wie Trockenreiten durchgef\u00fchrt wird<\/h2>\n<p>Je nach Belastung des vorhergehenden Trainings empfiehlt sich f\u00fcr das Trockenreiten eine unterschiedliche Vorgehensweise:<\/p>\n<ul>\n<li>Nach kurzen intensiven Trainingseinheiten sollte man eine Weile, etwa f\u00fcnf bis zehn Minuten, in lockerem Trab am langen Z\u00fcgel traben. Dies ist besonders f\u00fcr den Abbau von Lactat, das sich bei starker Anstrengung gebildet haben kann, wichtig.<\/li>\n<li>Nach weniger intensiven und l\u00e4ngeren Trainingseinheiten reicht eine k\u00fcrzere Phase des Trockenreitens, beispielsweise drei bis f\u00fcnf Minuten im Schritt.<\/li>\n<\/ul>\n<p>Grunds\u00e4tzlich sollte man beim Trockenreiten darauf achten, dass sich Atmung und Herzfrequenz herunterregulieren und die Muskulatur entspannt.<\/p>\n<h2>Fazit<\/h2>\n<p>Trockenreiten ist entscheidend f\u00fcr die Gesundheit. Nach Training oder Ausritt sollten sich Atmung und Herzfrequenz beruhigen und die Muskulatur Gelegenheit haben, sich zu entspannen. Je nach Intensit\u00e4t des vorangegangenen Trainings soll Trockenreiten im lockeren Trab (nach intensivem Training) oder im Schritt am langen Z\u00fcgel (nach weniger intensivem Training) praktiziert werden.<\/p>\n<h2>FAQ: H\u00e4ufig gestellte Fragen<\/h2>\n<h3>Wie lange muss man ein Pferd trocken reiten?<\/h3>\n<p>Die Dauer des Trockenreitens ist variabel und sollte an verschiedene Faktoren angepasst werden. So spielen beispielsweise der Grad der Intensit\u00e4t des vorangegangenen Trainings, das Ausma\u00df des Schwitzens und der Grad der Verspanntheit des Pferdes eine Rolle. Au\u00dferdem ist Trockenreiten nicht gleich Trockenreiten. Nach einem intensiveren Training empfiehlt sich auch ein intensiveres Trockenreiten, indem beispielsweise eine Weile im leichten Trab geritten wird. Bei weniger intensivem Training kann ruhiges Reiten im Schritt bereits ausreichend sein.<\/p>\n<h3>Kann man statt Trockenreiten eine Abschwitzdecke nutzen?<\/h3>\n<p>Eine Abschwitzdecke hilft einem verschwitzten Pferd, m\u00f6glichst schnell zu trocknen und sich dabei nicht zu verk\u00fchlen. Denn eine Abschwitzdecke leitet die Feuchtigkeit nach au\u00dfen. Gerade bei Winterfell kann die Anwendung einer Abschwitzdecke sehr sinnvoll sein, weil man das Pferd allein mit dem Trockenreiten vielfach nicht trocken bekommt. Trockenreiten dient jedoch nicht ausschlie\u00dflich dem Trocknen des Fells. Sollen mit der ruhigen abschlie\u00dfenden Phase einer Trainingseinheit doch auch Atmung und Herzfrequenz reguliert werden. Daher ist Trockenreiten nicht durch eine Abschwitzdecke zu ersetzen. Au\u00dferdem dient das Trockenreiten der Entspannung und f\u00f6rdert die Losgelassenheit. Diese Effekte sind mit dem alleinigen Gebrauch einer Abschwitzdecke nicht zu erreichen.<\/p>\n","protected":false},"excerpt":{"rendered":"<p>Trockenreiten gilt als Muss. Vor allem im Herbst und Winter sollte diese abschlie\u00dfende Phase ausreichend durchgef\u00fchrt werden. Denn das Winterfell f\u00fchrt dazu, dass Pferde schneller schwitzen. Angemessenes und richtiges Trockenreiten verhindert gesundheitliche Probleme wie Erk\u00e4ltungen und Muskelverspannungen. Wir beleuchten hier, warum die ruhigere Phase am Ende von Ausritt und Training so wichtig ist und wie [&hellip;]<\/p>\n","protected":false},"author":11,"featured_media":16699,"parent":11689,"menu_order":8,"comment_status":"closed","ping_status":"closed","template":"templates\/blog.php","meta":{"_acf_changed":false,"_crdt_document":"","footnotes":"","beyondwords_generate_audio":"0","beyondwords_project_id":"","beyondwords_content_id":"","beyondwords_preview_token":"","beyondwords_player_style":"","beyondwords_language_id":"","beyondwords_title_voice_id":"","beyondwords_body_voice_id":"","beyondwords_summary_voice_id":"","beyondwords_error_message":"","beyondwords_disabled":"","beyondwords_delete_content":"","beyondwords_podcast_id":"","beyondwords_hash":"","publish_post_to_speechkit":"","speechkit_hash":"","speechkit_generate_audio":"","speechkit_project_id":"","speechkit_podcast_id":"","speechkit_error_message":"","speechkit_disabled":"","speechkit_access_key":"","speechkit_error":"","speechkit_info":"","speechkit_response":"","speechkit_retries":"","speechkit_status":"","speechkit_updated_at":"","_speechkit_link":"","_speechkit_text":""},"class_list":["post-16697","page","type-page","status-publish","has-post-thumbnail","hentry"],"acf":[],"yoast_head":"<!-- This site is optimized with the Yoast SEO Premium plugin  - https:\/\/yoast.com\/product\/yoast-seo-premium-wordpress\/ -->\n<title>Trockenreiten beim Pferd: Gr\u00fcnde, Anleitung und Tipps | Uelzener Magazin<\/title>\n<meta name=\"description\" content=\"Trockenreiten. Das ist dabei wichtig. Atmung, Herzfrequenz, Losgelassenheit und Lactatabbau.\" \/>\n<meta name=\"robots\" content=\"index, follow, max-snippet:-1, max-image-preview:large, max-video-preview:-1\" \/>\n<link rel=\"canonical\" href=\"https:\/\/uelzener.de\/magazin\/pferd\/erziehung-und-training\/trockenreiten-beim-pferd\/\" \/>\n<meta property=\"og:locale\" content=\"de_DE\" \/>\n<meta property=\"og:type\" content=\"article\" \/>\n<meta property=\"og:title\" content=\"Trockenreiten beim Pferd: Gr\u00fcnde, Anleitung und Tipps\" \/>\n<meta property=\"og:description\" content=\"Trockenreiten. Das ist dabei wichtig. Atmung, Herzfrequenz, Losgelassenheit und Lactatabbau.\" \/>\n<meta property=\"og:url\" content=\"https:\/\/uelzener.de\/magazin\/pferd\/erziehung-und-training\/trockenreiten-beim-pferd\/\" \/>\n<meta property=\"og:site_name\" content=\"Uelzener Tier-Magazin\" \/>\n<meta property=\"article:publisher\" content=\"https:\/\/www.facebook.com\/Uelzener\" \/>\n<meta property=\"article:modified_time\" content=\"2023-11-20T11:29:35+00:00\" \/>\n<meta property=\"og:image\" content=\"https:\/\/uelzener.de\/magazin\/app\/uploads\/2023\/11\/trockenreiten.jpg\" \/>\n\t<meta property=\"og:image:width\" content=\"1025\" \/>\n\t<meta property=\"og:image:height\" content=\"450\" \/>\n\t<meta property=\"og:image:type\" content=\"image\/jpeg\" \/>\n<meta name=\"twitter:card\" content=\"summary_large_image\" \/>\n<meta name=\"twitter:label1\" content=\"Gesch\u00e4tzte Lesezeit\" \/>\n\t<meta name=\"twitter:data1\" content=\"3\u00a0Minuten\" \/>\n<script type=\"application\/ld+json\" class=\"yoast-schema-graph\">{\"@context\":\"https:\/\/schema.org\",\"@graph\":[{\"@type\":\"WebPage\",\"@id\":\"https:\/\/uelzener.de\/magazin\/pferd\/erziehung-und-training\/trockenreiten-beim-pferd\/\",\"url\":\"https:\/\/uelzener.de\/magazin\/pferd\/erziehung-und-training\/trockenreiten-beim-pferd\/\",\"name\":\"Trockenreiten beim Pferd: Gr\u00fcnde, Anleitung und Tipps | Uelzener Magazin\",\"isPartOf\":{\"@id\":\"https:\/\/uelzener.de\/magazin\/#website\"},\"primaryImageOfPage\":{\"@id\":\"https:\/\/uelzener.de\/magazin\/pferd\/erziehung-und-training\/trockenreiten-beim-pferd\/#primaryimage\"},\"image\":{\"@id\":\"https:\/\/uelzener.de\/magazin\/pferd\/erziehung-und-training\/trockenreiten-beim-pferd\/#primaryimage\"},\"thumbnailUrl\":\"https:\/\/uelzener.de\/magazin\/app\/uploads\/2023\/11\/trockenreiten.jpg\",\"datePublished\":\"2023-11-20T11:29:20+00:00\",\"dateModified\":\"2023-11-20T11:29:35+00:00\",\"description\":\"Trockenreiten. Das ist dabei wichtig. Atmung, Herzfrequenz, Losgelassenheit und Lactatabbau.\",\"breadcrumb\":{\"@id\":\"https:\/\/uelzener.de\/magazin\/pferd\/erziehung-und-training\/trockenreiten-beim-pferd\/#breadcrumb\"},\"inLanguage\":\"de\",\"potentialAction\":[{\"@type\":\"ReadAction\",\"target\":[\"https:\/\/uelzener.de\/magazin\/pferd\/erziehung-und-training\/trockenreiten-beim-pferd\/\"]}]},{\"@type\":\"ImageObject\",\"inLanguage\":\"de\",\"@id\":\"https:\/\/uelzener.de\/magazin\/pferd\/erziehung-und-training\/trockenreiten-beim-pferd\/#primaryimage\",\"url\":\"https:\/\/uelzener.de\/magazin\/app\/uploads\/2023\/11\/trockenreiten.jpg\",\"contentUrl\":\"https:\/\/uelzener.de\/magazin\/app\/uploads\/2023\/11\/trockenreiten.jpg\",\"width\":1025,\"height\":450,\"caption\":\"Pferd wird im leichten Trab trockengeritten.\"},{\"@type\":\"WebSite\",\"@id\":\"https:\/\/uelzener.de\/magazin\/#website\",\"url\":\"https:\/\/uelzener.de\/magazin\/\",\"name\":\"Uelzener Tiermagazin\",\"description\":\"Online Tierratgeber der Uelzener Versicherungen\",\"publisher\":{\"@id\":\"https:\/\/uelzener.de\/magazin\/#organization\"},\"potentialAction\":[{\"@type\":\"SearchAction\",\"target\":{\"@type\":\"EntryPoint\",\"urlTemplate\":\"https:\/\/uelzener.de\/magazin\/?s={search_term_string}\"},\"query-input\":{\"@type\":\"PropertyValueSpecification\",\"valueRequired\":true,\"valueName\":\"search_term_string\"}}],\"inLanguage\":\"de\"},{\"@type\":\"Organization\",\"@id\":\"https:\/\/uelzener.de\/magazin\/#organization\",\"name\":\"Uelzener Versicherungen\",\"url\":\"https:\/\/uelzener.de\/magazin\/\",\"logo\":{\"@type\":\"ImageObject\",\"inLanguage\":\"de\",\"@id\":\"https:\/\/uelzener.de\/magazin\/#\/schema\/logo\/image\/\",\"url\":\"https:\/\/uelzener.de\/magazin\/app\/uploads\/2024\/11\/uelzener_allgemeine_versicherungsgesellschaft_a_g_logo.jpg\",\"contentUrl\":\"https:\/\/uelzener.de\/magazin\/app\/uploads\/2024\/11\/uelzener_allgemeine_versicherungsgesellschaft_a_g_logo.jpg\",\"width\":200,\"height\":200,\"caption\":\"Uelzener Versicherungen\"},\"image\":{\"@id\":\"https:\/\/uelzener.de\/magazin\/#\/schema\/logo\/image\/\"},\"sameAs\":[\"https:\/\/www.facebook.com\/Uelzener\",\"https:\/\/instagram.com\/uelzener\",\"https:\/\/www.xing.com\/pages\/uelzenerallgemeineversicherungs-gesellschafta-g\",\"https:\/\/www.youtube.com\/UelzenerVersicherungen\"]}]}<\/script>\n<!-- \/ Yoast SEO Premium plugin. -->","yoast_head_json":{"title":"Trockenreiten beim Pferd: Gr\u00fcnde, Anleitung und Tipps | Uelzener Magazin","description":"Trockenreiten. Das ist dabei wichtig. Atmung, Herzfrequenz, Losgelassenheit und Lactatabbau.","robots":{"index":"index","follow":"follow","max-snippet":"max-snippet:-1","max-image-preview":"max-image-preview:large","max-video-preview":"max-video-preview:-1"},"canonical":"https:\/\/uelzener.de\/magazin\/pferd\/erziehung-und-training\/trockenreiten-beim-pferd\/","og_locale":"de_DE","og_type":"article","og_title":"Trockenreiten beim Pferd: Gr\u00fcnde, Anleitung und Tipps","og_description":"Trockenreiten. Das ist dabei wichtig. Atmung, Herzfrequenz, Losgelassenheit und Lactatabbau.","og_url":"https:\/\/uelzener.de\/magazin\/pferd\/erziehung-und-training\/trockenreiten-beim-pferd\/","og_site_name":"Uelzener Tier-Magazin","article_publisher":"https:\/\/www.facebook.com\/Uelzener","article_modified_time":"2023-11-20T11:29:35+00:00","og_image":[{"width":1025,"height":450,"url":"https:\/\/uelzener.de\/magazin\/app\/uploads\/2023\/11\/trockenreiten.jpg","type":"image\/jpeg"}],"twitter_card":"summary_large_image","twitter_misc":{"Gesch\u00e4tzte Lesezeit":"3\u00a0Minuten"},"schema":{"@context":"https:\/\/schema.org","@graph":[{"@type":"WebPage","@id":"https:\/\/uelzener.de\/magazin\/pferd\/erziehung-und-training\/trockenreiten-beim-pferd\/","url":"https:\/\/uelzener.de\/magazin\/pferd\/erziehung-und-training\/trockenreiten-beim-pferd\/","name":"Trockenreiten beim Pferd: Gr\u00fcnde, Anleitung und Tipps | Uelzener Magazin","isPartOf":{"@id":"https:\/\/uelzener.de\/magazin\/#website"},"primaryImageOfPage":{"@id":"https:\/\/uelzener.de\/magazin\/pferd\/erziehung-und-training\/trockenreiten-beim-pferd\/#primaryimage"},"image":{"@id":"https:\/\/uelzener.de\/magazin\/pferd\/erziehung-und-training\/trockenreiten-beim-pferd\/#primaryimage"},"thumbnailUrl":"https:\/\/uelzener.de\/magazin\/app\/uploads\/2023\/11\/trockenreiten.jpg","datePublished":"2023-11-20T11:29:20+00:00","dateModified":"2023-11-20T11:29:35+00:00","description":"Trockenreiten. Das ist dabei wichtig. Atmung, Herzfrequenz, Losgelassenheit und Lactatabbau.","breadcrumb":{"@id":"https:\/\/uelzener.de\/magazin\/pferd\/erziehung-und-training\/trockenreiten-beim-pferd\/#breadcrumb"},"inLanguage":"de","potentialAction":[{"@type":"ReadAction","target":["https:\/\/uelzener.de\/magazin\/pferd\/erziehung-und-training\/trockenreiten-beim-pferd\/"]}]},{"@type":"ImageObject","inLanguage":"de","@id":"https:\/\/uelzener.de\/magazin\/pferd\/erziehung-und-training\/trockenreiten-beim-pferd\/#primaryimage","url":"https:\/\/uelzener.de\/magazin\/app\/uploads\/2023\/11\/trockenreiten.jpg","contentUrl":"https:\/\/uelzener.de\/magazin\/app\/uploads\/2023\/11\/trockenreiten.jpg","width":1025,"height":450,"caption":"Pferd wird im leichten Trab trockengeritten."},{"@type":"WebSite","@id":"https:\/\/uelzener.de\/magazin\/#website","url":"https:\/\/uelzener.de\/magazin\/","name":"Uelzener Tiermagazin","description":"Online Tierratgeber der Uelzener Versicherungen","publisher":{"@id":"https:\/\/uelzener.de\/magazin\/#organization"},"potentialAction":[{"@type":"SearchAction","target":{"@type":"EntryPoint","urlTemplate":"https:\/\/uelzener.de\/magazin\/?s={search_term_string}"},"query-input":{"@type":"PropertyValueSpecification","valueRequired":true,"valueName":"search_term_string"}}],"inLanguage":"de"},{"@type":"Organization","@id":"https:\/\/uelzener.de\/magazin\/#organization","name":"Uelzener Versicherungen","url":"https:\/\/uelzener.de\/magazin\/","logo":{"@type":"ImageObject","inLanguage":"de","@id":"https:\/\/uelzener.de\/magazin\/#\/schema\/logo\/image\/","url":"https:\/\/uelzener.de\/magazin\/app\/uploads\/2024\/11\/uelzener_allgemeine_versicherungsgesellschaft_a_g_logo.jpg","contentUrl":"https:\/\/uelzener.de\/magazin\/app\/uploads\/2024\/11\/uelzener_allgemeine_versicherungsgesellschaft_a_g_logo.jpg","width":200,"height":200,"caption":"Uelzener Versicherungen"},"image":{"@id":"https:\/\/uelzener.de\/magazin\/#\/schema\/logo\/image\/"},"sameAs":["https:\/\/www.facebook.com\/Uelzener","https:\/\/instagram.com\/uelzener","https:\/\/www.xing.com\/pages\/uelzenerallgemeineversicherungs-gesellschafta-g","https:\/\/www.youtube.com\/UelzenerVersicherungen"]}]}},"_links":{"self":[{"href":"https:\/\/uelzener.de\/magazin\/wp-json\/wp\/v2\/pages\/16697","targetHints":{"allow":["GET"]}}],"collection":[{"href":"https:\/\/uelzener.de\/magazin\/wp-json\/wp\/v2\/pages"}],"about":[{"href":"https:\/\/uelzener.de\/magazin\/wp-json\/wp\/v2\/types\/page"}],"author":[{"embeddable":true,"href":"https:\/\/uelzener.de\/magazin\/wp-json\/wp\/v2\/users\/11"}],"replies":[{"embeddable":true,"href":"https:\/\/uelzener.de\/magazin\/wp-json\/wp\/v2\/comments?post=16697"}],"version-history":[{"count":1,"href":"https:\/\/uelzener.de\/magazin\/wp-json\/wp\/v2\/pages\/16697\/revisions"}],"predecessor-version":[{"id":16700,"href":"https:\/\/uelzener.de\/magazin\/wp-json\/wp\/v2\/pages\/16697\/revisions\/16700"}],"up":[{"embeddable":true,"href":"https:\/\/uelzener.de\/magazin\/wp-json\/wp\/v2\/pages\/11689"}],"wp:featuredmedia":[{"embeddable":true,"href":"https:\/\/uelzener.de\/magazin\/wp-json\/wp\/v2\/media\/16699"}],"wp:attachment":[{"href":"https:\/\/uelzener.de\/magazin\/wp-json\/wp\/v2\/media?parent=16697"}],"curies":[{"name":"wp","href":"https:\/\/api.w.org\/{rel}","templated":true}]}}