{"id":16646,"date":"2023-11-14T14:32:21","date_gmt":"2023-11-14T13:32:21","guid":{"rendered":"https:\/\/uelzener.de\/magazin\/?page_id=16646"},"modified":"2025-08-28T12:10:56","modified_gmt":"2025-08-28T10:10:56","slug":"das-richtige-eindecken-deines-pferdes","status":"publish","type":"page","link":"https:\/\/uelzener.de\/magazin\/pferd\/tipps-fuer-den-alltag\/das-richtige-eindecken-deines-pferdes\/","title":{"rendered":"Das richtige Eindecken deines Pferdes"},"content":{"rendered":"<p>Eindecken ist eine viel diskutierte Frage und ein umstrittenes Thema. Sinnvolles Eindecken oder der Verzicht darauf sind abh\u00e4ngig von den individuellen Anforderungen des jeweiligen Pferdes. Felll\u00e4nge, geschoren oder nicht, alt oder jung, Intensit\u00e4t des Trainings, Offenstall oder Boxenstall? Alle diese und weitere Fragen k\u00f6nnen beim Eindecken eine Rolle spielen. In diesem Ratgeber-Artikel erf\u00e4hrst du, warum Eindecken wichtig sein kann, wann man ein Pferd eindecken sollte und wie die richtige Decke ausgew\u00e4hlt werden kann.<\/p>\n<h2>Warum das Eindecken wichtig ist<\/h2>\n<p>Pferde k\u00f6nnen sich grunds\u00e4tzlich gut an Temperaturen anpassen. Hintergrund ist die Thermoregulation. Dieser Mechanismus sorgt daf\u00fcr, dass Pferde ihrer Natur nach im Allgemeinen ihre K\u00f6rpertemperatur auch bei witterungsbedingten Temperaturschwankungen stabil halten k\u00f6nnen. So kommen sie auch mit vergleichsweise k\u00fchlen oder warmen Temperaturen gut zurecht.<\/p>\n<p>Bei K\u00e4lte wird das Ausk\u00fchlen seitens der Blutgef\u00e4\u00dfe durch zwei Mechanismen verhindert. Zum einen verringert ein verlangsamter Herzschlag die Flie\u00dfgeschwindigkeit des Blutes. Au\u00dferdem ziehen die Blutgef\u00e4\u00dfe sich zusammen, sodass das Blut eher im Inneren des K\u00f6rpers gef\u00fchrt wird. Dies f\u00fchrt ebenfalls dazu, dass der Tierk\u00f6rper weniger stark ausk\u00fchlt.<\/p>\n<p>Kommt es im Herbst zum <a href=\"https:\/\/uelzener.de\/magazin\/pferd\/tiergesundheit\/fellwechsel-pferd\/\">Fellwechsel<\/a>, tr\u00e4gt das st\u00e4rkere Winterfell zum Erhalt der K\u00f6rperw\u00e4rme bei. Denn die Haare stellen sich bei K\u00e4lte auf und so entsteht im Fell eine isolierende Schicht.<\/p>\n<p>Bei K\u00e4lte wird der Stoffwechsel intensiviert, was zu einem erh\u00f6hten Kalorienverbrauch f\u00fchrt, dem durch eine Erh\u00f6hung der Futtermenge Rechnung getragen werden sollte. Dabei sollte Raufutter die Hauptrolle spielen, weil die Verdauung des Raufutters verst\u00e4rkt zu einer erh\u00f6hten Stoffwechselaktivit\u00e4t und damit zu einer Erw\u00e4rmung des K\u00f6rpers f\u00fchrt.<\/p>\n<p>Im Sommer tragen ein d\u00fcnneres Fell und Schwitzen dazu bei, dass der K\u00f6rper nicht \u00fcberhitzt.<\/p>\n<p>Schwierig kann es immer dann werden, wenn der reibungslose Ablauf der Thermoregulation beeintr\u00e4chtigt wird. F\u00fcr die Thermoregulation sind regelm\u00e4\u00dfige Reize durch unterschiedliche Temperaturen erforderlich. Die Prozesse der Thermoregulation m\u00fcssen sozusagen trainiert werden. So beispielsweise die Muskulatur, die zur Verengung der Blutgef\u00e4\u00dfe oder zum Aufstellen des Fells verantwortlich ist.<\/p>\n<p>Unter bestimmten Haltungsbedingungen oder bei <a href=\"https:\/\/uelzener.de\/magazin\/pferd\/haeufige-fragen\/pferd-scheren\/\">geschorenem<\/a> Fell kann die Thermoregulation gest\u00f6rt sein, sodass entsprechendes Eindecken n\u00f6tig ist. Auch dabei gilt es einiges zu beachten.<\/p>\n<h2>Wann Pferd eindecken<\/h2>\n<p>Ist die Thermoregulation eingeschr\u00e4nkt, sollte unter Ber\u00fccksichtigung der individuellen Erfordernisse des Pferdes eingedeckt werden. Eine besondere Gefahr beim Eindecken besteht darin, dass es Pferden zu warm wird, sie dann beispielweise schwitzen und nur langsam oder gar nicht trocknen. So k\u00f6nnen gerade bei einer zu gut gemeinten Eindeckung m\u00f6glicherweise gesundheitliche Probleme entstehen. Im Zweifel sollte mit der Tier\u00e4rztin oder dem Tierarzt R\u00fccksprache gehalten werden.<\/p>\n<p>Die Wohlf\u00fchltemperatur von Pferden liegt bei 5 \u00b0C bis 15 \u00b0C. Dar\u00fcber und darunter kommen gesunde, ungeschorene Pferde mit entsprechender Haltungsform h\u00e4ufig gut zurecht. Bei Pferden, deren Thermoregulation aufgrund von Boxen- bzw. Innenhaltung oder Schur \u00fcber keine ausreichende Thermoregulation verf\u00fcgen, kann entschieden werden, bei abweichenden Temperaturen einzudecken. Im Zweifel sollte hierzu tier\u00e4rztlicher Rat eingeholt werden. Je nach individuellen Bed\u00fcrfnissen und Wetterlagen k\u00f6nnen verschiedene Arten und Dicken von Decken verwendet werden.<\/p>\n<h2>Die Wahl der richtigen Decke<\/h2>\n<p>Die Wahl der richtigen Pferdedecke ist entscheidend, um einem Pferd den besten Schutz zu bieten. Hier listen wir die verschiedenen Decken auf und sagen, in welchen Situationen sie Verwendung finden.<\/p>\n<h3>Die verschiedenen Arten von Pferdedecken<\/h3>\n<p>Es gibt verschiedene Arten von Pferdedecken, darunter:<\/p>\n<ul>\n<li>Regendecken: wasserdicht und sch\u00fctzen vor Regen<\/li>\n<li>Fliegendecken: dienen als Fliegenschutz und sch\u00fctzen vor Insekten, besonders f\u00fcr den Sommer<\/li>\n<li>Abschwitzdecken: leiten Schwei\u00df und N\u00e4sse nach au\u00dfen und tragen dazu bei, dass Pferde schneller wieder trocknen<\/li>\n<li>Winterdecken: wasserdicht und mit F\u00fcllung unterschiedlicher Dicke<\/li>\n<li>Stalldecken: sind w\u00e4rmend, jedoch nicht wasserdicht<\/li>\n<li>Weidedecken: strapazierf\u00e4hige, wasserdichte Decke f\u00fcr den Aufenthalt auf der Weide<\/li>\n<li>Ekzemerdecke: UV-best\u00e4ndige, sehr atmungsaktive Decke, die den gr\u00f6\u00dften Teil des K\u00f6rpers abdecken und am <a href=\"https:\/\/uelzener.de\/magazin\/pferd\/tiergesundheit\/sommerekzem-pferd\/\">Sommerekzem<\/a> leidende Pferde vor Insekten sch\u00fctzt.<\/li>\n<\/ul>\n<h3>Welche Decke ist f\u00fcr welches Wetter geeignet?<\/h3>\n<ul>\n<li>Bei Regen und N\u00e4sse eignen sich Regendecken.<\/li>\n<li>Bei K\u00e4lte eignen sich Winterdecken unterschiedlicher Dicke.<\/li>\n<li>Im Sommer k\u00f6nnen Fliegendecken und Ekzemerdecken sinnvoll sein.<\/li>\n<li>Abschwitzdecken sind nach dem Training oder an warmen Tagen hilfreich.<\/li>\n<li>Weidedecken sind f\u00fcr den Aufenthalt auf der Weide geeignet und halten viel aus, beispielsweise wenn sich Pferde w\u00e4lzen.<\/li>\n<\/ul>\n<h3>Die richtige Gr\u00f6\u00dfe und Passform<\/h3>\n<p>Decken sollten perfekt passen, um Scheuerstellen zu vermeiden und maximalen Schutz zu bieten. Daher sollte man sein Pferd vor dem Kauf einer Decke entsprechend vermessen und sich gegebenenfalls beraten lassen.<\/p>\n<h2>Wie Pferde eindecken<\/h2>\n<p>Beim Eindecken seines Pferdes sollte man sorgf\u00e4ltig vorgehen, sodass die Decke m\u00f6glichst dauerhaft und gut sitzt.<\/p>\n<h3>Schritt-f\u00fcr-Schritt-Anleitung zum korrekten Eindecken<\/h3>\n<ul>\n<li>Dein Pferd sollte sauber und trocken sein, bevor du es eindeckst.<\/li>\n<li>Leg die Decke auf den R\u00fccken des Pferdes.<\/li>\n<li>Stell sicher, dass die Decke gerade liegt und nicht verrutscht.<\/li>\n<li>Schlie\u00df Brust- und Bauchgurte, um die Decke zu sichern.<\/li>\n<li>Achte darauf, dass die Decke nicht zu eng oder zu locker sitzt.<\/li>\n<li>Pr\u00fcf regelm\u00e4\u00dfig, ob die Decke noch korrekt sitzt.<\/li>\n<\/ul>\n<h2>Pflege und Reinigung der Decken<\/h2>\n<p>Damit deine Pferdedecken hygienisch und langlebig bleiben, ist die richtige Pflege entscheidend.<\/p>\n<h3>Wie du die Decken sauber h\u00e4ltst<\/h3>\n<ul>\n<li>Regelm\u00e4\u00dfige Reinigung ist wichtig, besonders nach starkem Gebrauch.<\/li>\n<li>Verwende spezielle Deckenwaschmittel und folge den Pflegeanweisungen des Herstellers.<\/li>\n<li>Entferne groben Schmutz vor dem Waschen und schlie\u00dfe alle Verschl\u00fcsse.<\/li>\n<li>Trockne die Decken gut, bevor du sie wieder auf dein Pferd legst.<\/li>\n<\/ul>\n<h3>Die Bedeutung regelm\u00e4\u00dfiger Inspektionen<\/h3>\n<ul>\n<li>Pr\u00fcfe die Decken regelm\u00e4\u00dfig auf Besch\u00e4digungen wie Risse, verschlissene Gurte oder abgel\u00f6ste N\u00e4hte.<\/li>\n<li>Ersetze besch\u00e4digte Decken sofort, um Verletzungen zu vermeiden.<\/li>\n<\/ul>\n<h2>Wann ist das Eindecken nicht notwendig?<\/h2>\n<p>Die Entscheidung f\u00fcr das Eindecken von Pferden sollte eine bewusste Entscheidung sein. Denn mit dem Eindecken sind Konsequenzen verbunden, die man zuvor bedenken sollte.<\/p>\n<h3>Pferde und ihre nat\u00fcrliche Anpassungsf\u00e4higkeit<\/h3>\n<p>Pferde sind erstaunlich angepasste Tiere. Sie entwickeln zum Herbst hin ein dickeres Fell, das sie vor K\u00e4lte sch\u00fctzen kann. Pferde, die sich viel drau\u00dfen aufenthalten und ungeschoren sind, verf\u00fcgen in der Regel \u00fcber die F\u00e4higkeit zur Thermoregulation. Damit k\u00f6nnen sie auch gr\u00f6\u00dfere Temperaturunterschiede problemlos selbst ausgleichen, sodass sich ein Eindecken er\u00fcbrigt. Zu Beginn des Herbstes sollte man sich mit der <a href=\"https:\/\/uelzener.de\/magazin\/pferd\/tipps-fuer-den-alltag\/reitausruestung-im-herbst\/\">Ausr\u00fcstung<\/a> f\u00fcr das Pferd auf die sich \u00e4ndernden Wetterbedingungen einstellen. Beginnt man im Herbst damit, sein Pferd einzudenken, braucht es in den folgenden Monaten Konsequenz beim Eindecken. Denn die Thermoregulation ist eine F\u00e4higkeit des K\u00f6rpers, die trainiert werden muss. Eingedeckte Pferde verf\u00fcgen in der Regel nicht \u00fcber diese F\u00e4higkeit und m\u00fcssen mit entsprechender Eindeckung bei k\u00e4lteren Witterungen gesch\u00fctzt werden.<\/p>\n<h3>Pferd zu warm eingedeckt: Symptome<\/h3>\n<p>Beim Eindecken besteht das Risiko, dass es dem Pferd zu warm werden k\u00f6nnte. Denn vielfach untersch\u00e4tzen wir Menschen, wie warm es unter der Eindeckung werden kann. Gerade im Herbst und Fr\u00fchling, wenn die Temperaturen morgens vergleichsweise gering, \u00fcber Mittag jedoch noch sehr mild sind, kann eine Eindeckung f\u00fcr Pferde zur Qual werden. Steigen die Temperaturen unter der Decke dann doch leicht \u00fcber ein gesundes Ma\u00df an, was zur <a href=\"https:\/\/uelzener.de\/magazin\/pferd\/tipps-fuer-den-alltag\/pferd-hitzschlag-vermeiden\/\">\u00dcberhitzung<\/a> f\u00fchren kann. Daher ist es wichtig, die Anzeichen zu kennen, dass ein Pferd zu warm eingedeckt ist.<\/p>\n<ul>\n<li>\u00dcberm\u00e4\u00dfiges Schwitzen, insbesondere im Hals- und Schulterbereich.<\/li>\n<li>Unruhe und gesteigerte Unruhe im Stall.<\/li>\n<li>Erh\u00f6hte Atemfrequenz und Atembeschwerden.<\/li>\n<li>Hautirritationen und Scheuerstellen unter der Decke.<\/li>\n<li>M\u00fcdigkeit und Abgeschlagenheit.<\/li>\n<\/ul>\n<p>Diese Symptome sollten ernst genommen werden, da \u00dcberhitzung zu ernsthaften Gesundheitsproblemen f\u00fchren kann.<\/p>\n\n<div class=\"related_articles boxed\">\n    <h2>Mehr zum Thema<\/h2>\n    \n    <div class=\"wrapper\"><div class=\"title align-center\"><h3><a href=\"https:\/\/uelzener.de\/magazin\/pferd\/tipps-fuer-den-alltag\/reitausruestung-im-herbst\/\">Herbstliche Ausr\u00fcstung f\u00fcr Pferd und Reiter:in<\/a><\/h3><\/div><div class=\"img align-center\"><img decoding=\"async\" width=\"315\" height=\"180\" src=\"https:\/\/uelzener.de\/magazin\/app\/uploads\/2023\/10\/pferd-im-herbst-315x180.jpg\" class=\"attachment-315x180 size-315x180 wp-post-image\" alt=\"Pferd steht im Herbstfeld\" \/><\/div><\/div><div class=\"wrapper\"><div class=\"title align-center\"><h3><a href=\"https:\/\/uelzener.de\/magazin\/pferd\/tiergesundheit\/pferde-regen\/\">Regenwetter: Wie (alte) Pferde davor wappnen<\/a><\/h3><\/div><div class=\"img align-center\"><img decoding=\"async\" width=\"315\" height=\"180\" src=\"https:\/\/uelzener.de\/magazin\/app\/uploads\/2023\/08\/regenwetter-pferd-315x180.jpg\" class=\"attachment-315x180 size-315x180 wp-post-image\" alt=\"Nasses Pferd neben Heuballen.\" \/><\/div><\/div><div class=\"wrapper\"><div class=\"title align-center\"><h3><a href=\"https:\/\/uelzener.de\/magazin\/pferd\/pflege\/fliegenschutz-fuer-pferde-ohne-chemie-diy-fliegensprays\/\">Fliegenschutz f\u00fcr Pferde ohne Chemie: Die besten Tipps mit Anleitungen f\u00fcr DIY-Fliegensprays<\/a><\/h3><\/div><div class=\"img align-center\"><img decoding=\"async\" width=\"315\" height=\"180\" src=\"https:\/\/uelzener.de\/magazin\/app\/uploads\/2024\/08\/diy-fliegenspray-fuer-pferde-315x180.jpg\" class=\"attachment-315x180 size-315x180 wp-post-image\" alt=\"DIY Anti-M\u00fccken-Spray f\u00fcr Pferde.\" \/><\/div><\/div><\/div>\n\n<h2>Fazit<\/h2>\n<p>Eindecken oder nicht? Das ist die erste Frage, die sich Pferdehalterinnen und Pferdehalter vor dem <a href=\"https:\/\/uelzener.de\/magazin\/pferd\/tiergesundheit\/pferde-im-winter\/\">Winter<\/a> stellen sollten. Pferde, die sich viel drau\u00dfen aufhalten, gesund und nicht geschoren sind, verf\u00fcgen in der Regel \u00fcber eine gute Thermoregulation. Sie ben\u00f6tigen zumeist keine Eindeckung. Geschorene Pferde, kranke, alte oder Pferde in Boxen-\/Innenhaltung m\u00fcssen je nach Witterung m\u00f6glicherweise eingedeckt werden. Beim Eindecken ist die Auswahl der geeigneten Decke und das passgenaue Anlegen der Decke zu beachten. Eingedeckte Pferde sollten gut beobachtet werden. Sowohl eine m\u00f6gliche \u00dcberhitzung als auch ein Verrutschen der Decke sollten m\u00f6glichst vermieden bzw. sehr schnell abgestellt werden.<\/p>\n<h2>FAQ: H\u00e4ufig gestellte Fragen<\/h2>\n<h3>Wann Pferd bei Regen eindecken?<\/h3>\n<p>Wann das Eindecken eines Pferdes bei Regen sinnvoll ist, h\u00e4ngt von verschiedenen Faktoren ab, darunter die individuellen Bed\u00fcrfnisse des Pferdes, seine Haltungsform, Felll\u00e4nge und Temperaturen und Witterungsbedingungen. Im Allgemeinen kommen gesunde, ungeschorene Pferde mit ausreichender Thermoregulation gut mit Regen zurecht. Pferde mit geschorenem Fell, \u00e4ltere Pferde oder solche auf einer Weide ohne Wetterschutz k\u00f6nnen empfindlicher auf Regen reagieren. Bei starkem Regen oder kalten Temperaturen k\u00f6nnte eine wasserdichte Regendecke sinnvoll sein, um Unterk\u00fchlung zu vermeiden. Dabei sollte darauf geachtet werden, dass Pferde unter einer Regendecke nicht schwitzen. Dies kann sich negativ auswirken, weil die Feuchtigkeit unter der Regendecke nicht abschwitzen kann. Im Zweifel sollte tier\u00e4rztlicher Rat eingeholt werden.<\/p>\n<h3>Was ist die Wohlf\u00fchltemperatur von Pferden?<\/h3>\n<p>Die Wohlf\u00fchltemperatur f\u00fcr Pferde liegt zwischen 5\u00b0C und 15\u00b0C, abh\u00e4ngig von ihrer Rasse und ihrem individuellen Bedarf. In diesem Bereich k\u00f6nnen Pferde im Allgemeinen ihre K\u00f6rpertemperatur problemlos halten.<\/p>\n","protected":false},"excerpt":{"rendered":"<p>Eindecken ist eine viel diskutierte Frage und ein umstrittenes Thema. Sinnvolles Eindecken oder der Verzicht darauf sind abh\u00e4ngig von den individuellen Anforderungen des jeweiligen Pferdes. Felll\u00e4nge, geschoren oder nicht, alt oder jung, Intensit\u00e4t des Trainings, Offenstall oder Boxenstall? Alle diese und weitere Fragen k\u00f6nnen beim Eindecken eine Rolle spielen. In diesem Ratgeber-Artikel erf\u00e4hrst du, warum [&hellip;]<\/p>\n","protected":false},"author":11,"featured_media":16647,"parent":11703,"menu_order":0,"comment_status":"closed","ping_status":"closed","template":"templates\/blog.php","meta":{"_acf_changed":false,"_crdt_document":"","footnotes":"","beyondwords_generate_audio":"0","beyondwords_project_id":"","beyondwords_content_id":"","beyondwords_preview_token":"","beyondwords_player_style":"","beyondwords_language_id":"","beyondwords_title_voice_id":"","beyondwords_body_voice_id":"","beyondwords_summary_voice_id":"","beyondwords_error_message":"","beyondwords_disabled":"","beyondwords_delete_content":"","beyondwords_podcast_id":"","beyondwords_hash":"","publish_post_to_speechkit":"","speechkit_hash":"","speechkit_generate_audio":"","speechkit_project_id":"","speechkit_podcast_id":"","speechkit_error_message":"","speechkit_disabled":"","speechkit_access_key":"","speechkit_error":"","speechkit_info":"","speechkit_response":"","speechkit_retries":"","speechkit_status":"","speechkit_updated_at":"","_speechkit_link":"","_speechkit_text":""},"class_list":["post-16646","page","type-page","status-publish","has-post-thumbnail","hentry"],"acf":[],"yoast_head":"<!-- This site is optimized with the Yoast SEO Premium plugin  - https:\/\/yoast.com\/product\/yoast-seo-premium-wordpress\/ -->\n<title>Das richtige Eindecken deines Pferdes | Uelzener Magazin<\/title>\n<meta name=\"description\" content=\"Eindecken: Nutzen und Risiko. Welche Rolle spielt die Thermoregulation? Welche Decke wozu nehmen?\" \/>\n<meta name=\"robots\" content=\"index, follow, max-snippet:-1, max-image-preview:large, max-video-preview:-1\" \/>\n<link rel=\"canonical\" href=\"https:\/\/uelzener.de\/magazin\/pferd\/tipps-fuer-den-alltag\/das-richtige-eindecken-deines-pferdes\/\" \/>\n<meta property=\"og:locale\" content=\"de_DE\" \/>\n<meta property=\"og:type\" content=\"article\" \/>\n<meta property=\"og:title\" content=\"Das richtige Eindecken deines Pferdes\" \/>\n<meta property=\"og:description\" content=\"Eindecken: Nutzen und Risiko. Welche Rolle spielt die Thermoregulation? Welche Decke wozu nehmen?\" \/>\n<meta property=\"og:url\" content=\"https:\/\/uelzener.de\/magazin\/pferd\/tipps-fuer-den-alltag\/das-richtige-eindecken-deines-pferdes\/\" \/>\n<meta property=\"og:site_name\" content=\"Uelzener Tier-Magazin\" \/>\n<meta property=\"article:publisher\" content=\"https:\/\/www.facebook.com\/Uelzener\" \/>\n<meta property=\"article:modified_time\" content=\"2025-08-28T10:10:56+00:00\" \/>\n<meta property=\"og:image\" content=\"https:\/\/uelzener.de\/magazin\/app\/uploads\/2023\/11\/pferd-einecken.jpg\" \/>\n\t<meta property=\"og:image:width\" content=\"1025\" \/>\n\t<meta property=\"og:image:height\" content=\"450\" \/>\n\t<meta property=\"og:image:type\" content=\"image\/jpeg\" \/>\n<meta name=\"twitter:card\" content=\"summary_large_image\" \/>\n<meta name=\"twitter:label1\" content=\"Gesch\u00e4tzte Lesezeit\" \/>\n\t<meta name=\"twitter:data1\" content=\"8\u00a0Minuten\" \/>\n<script type=\"application\/ld+json\" class=\"yoast-schema-graph\">{\"@context\":\"https:\/\/schema.org\",\"@graph\":[{\"@type\":\"WebPage\",\"@id\":\"https:\/\/uelzener.de\/magazin\/pferd\/tipps-fuer-den-alltag\/das-richtige-eindecken-deines-pferdes\/\",\"url\":\"https:\/\/uelzener.de\/magazin\/pferd\/tipps-fuer-den-alltag\/das-richtige-eindecken-deines-pferdes\/\",\"name\":\"Das richtige Eindecken deines Pferdes | Uelzener Magazin\",\"isPartOf\":{\"@id\":\"https:\/\/uelzener.de\/magazin\/#website\"},\"primaryImageOfPage\":{\"@id\":\"https:\/\/uelzener.de\/magazin\/pferd\/tipps-fuer-den-alltag\/das-richtige-eindecken-deines-pferdes\/#primaryimage\"},\"image\":{\"@id\":\"https:\/\/uelzener.de\/magazin\/pferd\/tipps-fuer-den-alltag\/das-richtige-eindecken-deines-pferdes\/#primaryimage\"},\"thumbnailUrl\":\"https:\/\/uelzener.de\/magazin\/app\/uploads\/2023\/11\/pferd-einecken.jpg\",\"datePublished\":\"2023-11-14T13:32:21+00:00\",\"dateModified\":\"2025-08-28T10:10:56+00:00\",\"description\":\"Eindecken: Nutzen und Risiko. Welche Rolle spielt die Thermoregulation? Welche Decke wozu nehmen?\",\"breadcrumb\":{\"@id\":\"https:\/\/uelzener.de\/magazin\/pferd\/tipps-fuer-den-alltag\/das-richtige-eindecken-deines-pferdes\/#breadcrumb\"},\"inLanguage\":\"de\",\"potentialAction\":[{\"@type\":\"ReadAction\",\"target\":[\"https:\/\/uelzener.de\/magazin\/pferd\/tipps-fuer-den-alltag\/das-richtige-eindecken-deines-pferdes\/\"]}]},{\"@type\":\"ImageObject\",\"inLanguage\":\"de\",\"@id\":\"https:\/\/uelzener.de\/magazin\/pferd\/tipps-fuer-den-alltag\/das-richtige-eindecken-deines-pferdes\/#primaryimage\",\"url\":\"https:\/\/uelzener.de\/magazin\/app\/uploads\/2023\/11\/pferd-einecken.jpg\",\"contentUrl\":\"https:\/\/uelzener.de\/magazin\/app\/uploads\/2023\/11\/pferd-einecken.jpg\",\"width\":1025,\"height\":450,\"caption\":\"Eingedecktes Pferd steht in verschneiter Landschaft.\"},{\"@type\":\"WebSite\",\"@id\":\"https:\/\/uelzener.de\/magazin\/#website\",\"url\":\"https:\/\/uelzener.de\/magazin\/\",\"name\":\"Uelzener Tiermagazin\",\"description\":\"Online Tierratgeber der Uelzener Versicherungen\",\"publisher\":{\"@id\":\"https:\/\/uelzener.de\/magazin\/#organization\"},\"potentialAction\":[{\"@type\":\"SearchAction\",\"target\":{\"@type\":\"EntryPoint\",\"urlTemplate\":\"https:\/\/uelzener.de\/magazin\/?s={search_term_string}\"},\"query-input\":{\"@type\":\"PropertyValueSpecification\",\"valueRequired\":true,\"valueName\":\"search_term_string\"}}],\"inLanguage\":\"de\"},{\"@type\":\"Organization\",\"@id\":\"https:\/\/uelzener.de\/magazin\/#organization\",\"name\":\"Uelzener Versicherungen\",\"url\":\"https:\/\/uelzener.de\/magazin\/\",\"logo\":{\"@type\":\"ImageObject\",\"inLanguage\":\"de\",\"@id\":\"https:\/\/uelzener.de\/magazin\/#\/schema\/logo\/image\/\",\"url\":\"https:\/\/uelzener.de\/magazin\/app\/uploads\/2024\/11\/uelzener_allgemeine_versicherungsgesellschaft_a_g_logo.jpg\",\"contentUrl\":\"https:\/\/uelzener.de\/magazin\/app\/uploads\/2024\/11\/uelzener_allgemeine_versicherungsgesellschaft_a_g_logo.jpg\",\"width\":200,\"height\":200,\"caption\":\"Uelzener Versicherungen\"},\"image\":{\"@id\":\"https:\/\/uelzener.de\/magazin\/#\/schema\/logo\/image\/\"},\"sameAs\":[\"https:\/\/www.facebook.com\/Uelzener\",\"https:\/\/instagram.com\/uelzener\",\"https:\/\/www.xing.com\/pages\/uelzenerallgemeineversicherungs-gesellschafta-g\",\"https:\/\/www.youtube.com\/UelzenerVersicherungen\"]}]}<\/script>\n<!-- \/ Yoast SEO Premium plugin. -->","yoast_head_json":{"title":"Das richtige Eindecken deines Pferdes | Uelzener Magazin","description":"Eindecken: Nutzen und Risiko. Welche Rolle spielt die Thermoregulation? Welche Decke wozu nehmen?","robots":{"index":"index","follow":"follow","max-snippet":"max-snippet:-1","max-image-preview":"max-image-preview:large","max-video-preview":"max-video-preview:-1"},"canonical":"https:\/\/uelzener.de\/magazin\/pferd\/tipps-fuer-den-alltag\/das-richtige-eindecken-deines-pferdes\/","og_locale":"de_DE","og_type":"article","og_title":"Das richtige Eindecken deines Pferdes","og_description":"Eindecken: Nutzen und Risiko. Welche Rolle spielt die Thermoregulation? Welche Decke wozu nehmen?","og_url":"https:\/\/uelzener.de\/magazin\/pferd\/tipps-fuer-den-alltag\/das-richtige-eindecken-deines-pferdes\/","og_site_name":"Uelzener Tier-Magazin","article_publisher":"https:\/\/www.facebook.com\/Uelzener","article_modified_time":"2025-08-28T10:10:56+00:00","og_image":[{"width":1025,"height":450,"url":"https:\/\/uelzener.de\/magazin\/app\/uploads\/2023\/11\/pferd-einecken.jpg","type":"image\/jpeg"}],"twitter_card":"summary_large_image","twitter_misc":{"Gesch\u00e4tzte Lesezeit":"8\u00a0Minuten"},"schema":{"@context":"https:\/\/schema.org","@graph":[{"@type":"WebPage","@id":"https:\/\/uelzener.de\/magazin\/pferd\/tipps-fuer-den-alltag\/das-richtige-eindecken-deines-pferdes\/","url":"https:\/\/uelzener.de\/magazin\/pferd\/tipps-fuer-den-alltag\/das-richtige-eindecken-deines-pferdes\/","name":"Das richtige Eindecken deines Pferdes | Uelzener Magazin","isPartOf":{"@id":"https:\/\/uelzener.de\/magazin\/#website"},"primaryImageOfPage":{"@id":"https:\/\/uelzener.de\/magazin\/pferd\/tipps-fuer-den-alltag\/das-richtige-eindecken-deines-pferdes\/#primaryimage"},"image":{"@id":"https:\/\/uelzener.de\/magazin\/pferd\/tipps-fuer-den-alltag\/das-richtige-eindecken-deines-pferdes\/#primaryimage"},"thumbnailUrl":"https:\/\/uelzener.de\/magazin\/app\/uploads\/2023\/11\/pferd-einecken.jpg","datePublished":"2023-11-14T13:32:21+00:00","dateModified":"2025-08-28T10:10:56+00:00","description":"Eindecken: Nutzen und Risiko. Welche Rolle spielt die Thermoregulation? Welche Decke wozu nehmen?","breadcrumb":{"@id":"https:\/\/uelzener.de\/magazin\/pferd\/tipps-fuer-den-alltag\/das-richtige-eindecken-deines-pferdes\/#breadcrumb"},"inLanguage":"de","potentialAction":[{"@type":"ReadAction","target":["https:\/\/uelzener.de\/magazin\/pferd\/tipps-fuer-den-alltag\/das-richtige-eindecken-deines-pferdes\/"]}]},{"@type":"ImageObject","inLanguage":"de","@id":"https:\/\/uelzener.de\/magazin\/pferd\/tipps-fuer-den-alltag\/das-richtige-eindecken-deines-pferdes\/#primaryimage","url":"https:\/\/uelzener.de\/magazin\/app\/uploads\/2023\/11\/pferd-einecken.jpg","contentUrl":"https:\/\/uelzener.de\/magazin\/app\/uploads\/2023\/11\/pferd-einecken.jpg","width":1025,"height":450,"caption":"Eingedecktes Pferd steht in verschneiter Landschaft."},{"@type":"WebSite","@id":"https:\/\/uelzener.de\/magazin\/#website","url":"https:\/\/uelzener.de\/magazin\/","name":"Uelzener Tiermagazin","description":"Online Tierratgeber der Uelzener Versicherungen","publisher":{"@id":"https:\/\/uelzener.de\/magazin\/#organization"},"potentialAction":[{"@type":"SearchAction","target":{"@type":"EntryPoint","urlTemplate":"https:\/\/uelzener.de\/magazin\/?s={search_term_string}"},"query-input":{"@type":"PropertyValueSpecification","valueRequired":true,"valueName":"search_term_string"}}],"inLanguage":"de"},{"@type":"Organization","@id":"https:\/\/uelzener.de\/magazin\/#organization","name":"Uelzener Versicherungen","url":"https:\/\/uelzener.de\/magazin\/","logo":{"@type":"ImageObject","inLanguage":"de","@id":"https:\/\/uelzener.de\/magazin\/#\/schema\/logo\/image\/","url":"https:\/\/uelzener.de\/magazin\/app\/uploads\/2024\/11\/uelzener_allgemeine_versicherungsgesellschaft_a_g_logo.jpg","contentUrl":"https:\/\/uelzener.de\/magazin\/app\/uploads\/2024\/11\/uelzener_allgemeine_versicherungsgesellschaft_a_g_logo.jpg","width":200,"height":200,"caption":"Uelzener Versicherungen"},"image":{"@id":"https:\/\/uelzener.de\/magazin\/#\/schema\/logo\/image\/"},"sameAs":["https:\/\/www.facebook.com\/Uelzener","https:\/\/instagram.com\/uelzener","https:\/\/www.xing.com\/pages\/uelzenerallgemeineversicherungs-gesellschafta-g","https:\/\/www.youtube.com\/UelzenerVersicherungen"]}]}},"_links":{"self":[{"href":"https:\/\/uelzener.de\/magazin\/wp-json\/wp\/v2\/pages\/16646","targetHints":{"allow":["GET"]}}],"collection":[{"href":"https:\/\/uelzener.de\/magazin\/wp-json\/wp\/v2\/pages"}],"about":[{"href":"https:\/\/uelzener.de\/magazin\/wp-json\/wp\/v2\/types\/page"}],"author":[{"embeddable":true,"href":"https:\/\/uelzener.de\/magazin\/wp-json\/wp\/v2\/users\/11"}],"replies":[{"embeddable":true,"href":"https:\/\/uelzener.de\/magazin\/wp-json\/wp\/v2\/comments?post=16646"}],"version-history":[{"count":7,"href":"https:\/\/uelzener.de\/magazin\/wp-json\/wp\/v2\/pages\/16646\/revisions"}],"predecessor-version":[{"id":19060,"href":"https:\/\/uelzener.de\/magazin\/wp-json\/wp\/v2\/pages\/16646\/revisions\/19060"}],"up":[{"embeddable":true,"href":"https:\/\/uelzener.de\/magazin\/wp-json\/wp\/v2\/pages\/11703"}],"wp:featuredmedia":[{"embeddable":true,"href":"https:\/\/uelzener.de\/magazin\/wp-json\/wp\/v2\/media\/16647"}],"wp:attachment":[{"href":"https:\/\/uelzener.de\/magazin\/wp-json\/wp\/v2\/media?parent=16646"}],"curies":[{"name":"wp","href":"https:\/\/api.w.org\/{rel}","templated":true}]}}