{"id":16615,"date":"2023-11-09T15:55:32","date_gmt":"2023-11-09T14:55:32","guid":{"rendered":"https:\/\/uelzener.de\/magazin\/?page_id=16615"},"modified":"2025-08-28T10:03:09","modified_gmt":"2025-08-28T08:03:09","slug":"handarbeit","status":"publish","type":"page","link":"https:\/\/uelzener.de\/magazin\/pferd\/erziehung-und-training\/handarbeit\/","title":{"rendered":"Handarbeit: Warum ist \u201eBalance\u201c so wichtig?"},"content":{"rendered":"<p>Das Pferd ist ein Lauf- und Fluchttier und hat deswegen einen sehr ausgepr\u00e4gten Balancesinn. Ist es im Gleichgewicht, so f\u00fchlt es sich sicher auf seinen vier Beinen und damit auch generell sicherer. Es kann die Muskeln loslassen und sich entspannen. Ein Verlust von Balance geht hingegen immer mit Unsicherheit und mit Muskelverspannungen einher. Und ein Pferd, das sich nicht sicher f\u00fchlt, richtet seine Aufmerksamkeit nicht auf seine Besitzerin oder seinen Besitzer, sondern ist bereit, unkoordinierte und pl\u00f6tzliche Bewegungen auszuf\u00fchren. Da das Thema Sicherheit in Peter Kreinbergs Ausbildung immer ber\u00fccksichtigt wird, auch in Bezug auf das sp\u00e4tere Reiten, beginnt er mit der Verst\u00e4ndigung und der wichtigen Balance-Schulung des Pferdes bereits am Boden.<\/p>\n<p>Die \u201eArbeit an der Hand\u201c mit Trense und Touchiergerte hat eine jahrhundertealte Tradition. F\u00fcr Kreinberg bildet sie seit vielen Jahren das Bindeglied zwischen der seri\u00f6sen und gef\u00fchlvollen TGT\u00ae HorsemanshipBodenschule und dem feinen Reiten nach klassischen Grunds\u00e4tzen \u2013 f\u00fcr jede Reitweise.<\/p>\n\n<div class=\"related_articles boxed\">\n    <h2>Mehr zum Thema<\/h2>\n    \n    <div class=\"wrapper\"><div class=\"title align-center\"><h3><a href=\"https:\/\/uelzener.de\/magazin\/pferd\/erziehung-und-training\/reiterhaende-beruehren-begreifen-bewegen\/\">Reiterh\u00e4nde: Ber\u00fchren \u2013 Begreifen \u2013 Bewegen<\/a><\/h3><\/div><div class=\"img align-center\"><img decoding=\"async\" width=\"315\" height=\"180\" src=\"https:\/\/uelzener.de\/magazin\/app\/uploads\/2025\/05\/haende-reiten-315x180.jpg\" class=\"attachment-315x180 size-315x180 wp-post-image\" alt=\"H\u00e4nde einer Reiterin beim reiten.\" \/><\/div><\/div><div class=\"wrapper\"><div class=\"title align-center\"><h3><a href=\"https:\/\/uelzener.de\/magazin\/pferd\/erziehung-und-training\/kandare\/\">Die Kandare: Ein Werkzeug f\u00fcr Erfahrene und Feinf\u00fchlige<\/a><\/h3><\/div><div class=\"img align-center\"><img decoding=\"async\" width=\"315\" height=\"180\" src=\"https:\/\/uelzener.de\/magazin\/app\/uploads\/2024\/10\/kandare-315x180.jpg\" class=\"attachment-315x180 size-315x180 wp-post-image\" alt=\"Pferd mit Kandare.\" \/><\/div><\/div><div class=\"wrapper\"><div class=\"title align-center\"><h3><a href=\"https:\/\/uelzener.de\/magazin\/pferd\/erziehung-und-training\/horsemanship-mit-dem-pferd-auf-augenhoehe\/\">Horsemanship: Mit dem Pferd auf Augenh\u00f6he<\/a><\/h3><\/div><div class=\"img align-center\"><img decoding=\"async\" width=\"315\" height=\"180\" src=\"https:\/\/uelzener.de\/magazin\/app\/uploads\/2024\/04\/Horsemanship-315x180.jpg\" class=\"attachment-315x180 size-315x180 wp-post-image\" alt=\"Frau Kuschelt ein wei\u00dfes Pferd. Rechts daneben steht ein braunes Pferd.\" \/><\/div><\/div><\/div>\n\n<p>Am Anfang der Lernkette steht f\u00fcr ihn dabei immer der \u201ePferde-Mensch\u201c. Der sollte zun\u00e4chst lernen, wie sein Pferd sich f\u00fchlt, bewegt und verh\u00e4lt. Weiterhin sollte er lernen, sich zweckm\u00e4\u00dfig und verst\u00e4ndlich mit geschmeidigen K\u00f6rperbewegungen zu bewegen, um sich so mit feinen Verst\u00e4ndigungssignalen \u2013 sp\u00e4ter auch Hilfen genannt \u2013 angemessen und pr\u00e4zise mit dem Pferd verst\u00e4ndigen zu k\u00f6nnen.<\/p>\n<p>Folgt man einer systematischen Anleitung, so sind die wichtigen Grundlagen einer feinen Verst\u00e4ndigung relativ schnell zu erlernen. Auch das Verst\u00e4ndnis f\u00fcr das Pferd, f\u00fcr seine Gef\u00fchle und Bewegungen, und auch das notwendige Timing entwickeln sich bald. Dann gelingt auch zu Hause \u00fcber Online-Seminare oder bei Praxiskursen mit dem Pferd unter Anleitung eine systematische und regelm\u00e4\u00dfige Schulung des eigenen Pferdes. Ziel ist es, dem Pferd zu helfen, sich an der Hand besser und ges\u00fcnder zu balancieren oder unter dem Sattel seine mentale und k\u00f6rperliche Mitte zu finden. Einen kleinen theoretischen Ausschnitt zum Thema Balance in der \u201eHandarbeit\u201c erl\u00e4utert euch der Ausbilder hier im Beitrag.<\/p>\n<h2>Dein Pferd ist dein \u201eReflektor\u201c<\/h2>\n<p>Im<a href=\"https:\/\/uelzener.de\/magazin\/pferd\/erziehung-und-training\/handarbeit\/\"> Ber\u00fchrung<\/a>s-Dialog mit seinem Pferd in der \u201eHandarbeit\u201c kann man dessen Bewusstsein und Bewegungsverhalten in kleinen Schritten sehr pr\u00e4zise schulen. Vorausgesetzt, man hat zuvor selbst das daf\u00fcr notwendige \u201eKnow-how\u201c und \u201eHandwerk\u201c gelernt. Wer sich diesbez\u00fcglich noch nicht sicher ist, sollte deshalb die eigenen F\u00e4higkeiten zun\u00e4chst \u00fcberpr\u00fcfen. Gibt es da noch Defizite, so sollte das in der Trainingsplanung bedacht werden. Man sollte dann das Augenmerk zun\u00e4chst auf die Verbesserung seines eigenen Handwerks richten. Dabei geht es nicht darum, \u201efehlerfrei\u201c zu sein, sondern darum, die gr\u00f6bsten Fehler und Missverst\u00e4ndnisse zu vermeiden.<\/p>\n<p>Damit das gelingt, sollte man sich selbst zun\u00e4chst als den Lernenden und \u00dcbenden betrachten und das Pferd als \u201eReflektor\u201c oder \u201eR\u00fcckmelder\u201c der eigenen Handlungen. In dieser Phase wird dann vom Pferd nicht erwartet, dass es etwas \u201erichtig\u201c machen soll. Jede Fehlreaktion des Pferdes ist eine Lernhilfe f\u00fcr den zweibeinigen Sch\u00fcler, aus der er ableiten kann, ob seine Handlungen vom Pferd verstanden wurden oder nicht. Durch ruhiges und bewusstes Handeln wird dann das Gef\u00fchl f\u00fcr angemessenes Handeln verbessert und das eigenen Erfahrungskonto w\u00e4chst auf diese Weise kontinuierlich.<\/p>\n<p><iframe loading=\"lazy\" title=\"YouTube video player\" src=\"\/\/www.youtube.com\/embed\/r-XbTuyOCP8?si=nq_zR8wEIAiWuXsc\" width=\"560\" height=\"315\" frameborder=\"0\" allowfullscreen=\"allowfullscreen\"><\/iframe><\/p>\n<h2>\u201eHandarbeit\u201c als Gymnastik f\u00fcr das Reit-Pferd<\/h2>\n<p>Damit sind dann die Voraussetzungen geschaffen, um im Rahmen einer systematischen Handarbeit das Bewegungsverhalten des Pferdes zu verbessern. Unter der gef\u00fchlvollen Anleitung und Unterst\u00fctzung seines Pferdebesitzers wird das Pferd durch regelm\u00e4\u00dfige Wiederholung sinnvoller \u00dcbungsabl\u00e4ufe immer geschickter, geschmeidiger und balancierter. Dies ist der eigentliche gymnastische Zweck jeglicher Handarbeit. Je nach Talent, K\u00f6rperbau und Eignung des Pferdes kann dann auch schon die vermehrte zeitweilige Lastaufnahme mit den Hinterbeinen mit in das \u00dcbungsprogramm der Handarbeit aufgenommen werden. Ungest\u00f6rt von reiterlichem Gewicht auf dem R\u00fccken oder gar Balancest\u00f6rungen kann es sein eigenes K\u00f6rpergef\u00fchl verbessern und seine Routine und sein Selbstvertrauen in solchen zun\u00e4chst ungewohnten \u201eReitpferdebewegungen\u201c verbessern.<\/p>\n<p>Je besser hier die Vorbereitung gelungen ist, desto problemloser wird es dann sp\u00e4ter mit dem Reiter auf dem R\u00fccken, die entsprechenden Lektionen auch verst\u00e4ndig und willig ausf\u00fchren k\u00f6nnen.<\/p>\n<h2>Handarbeit als Reha-, Begleit- oder Korrektur-Programm<\/h2>\n<p>Nicht nur im Rahmen der Grundausbildung als Vorbereitung f\u00fcr das Reit-Pferd ist die Handarbeit sinnvoll. Sie kann auch als \u201eBegleit-Programm\u201c f\u00fcr das schon regelm\u00e4\u00dfig gerittene Pferd sehr zweckm\u00e4\u00dfig und n\u00fctzlich sein. Mit l\u00f6sendem Effekt kann sie gut als Vorbereitung f\u00fcr eine Reiteinheit dienen, als \u201ementales Aufw\u00e4rmTraining\u201c in f\u00fcnf- bis zehnmin\u00fctige \u00dcbungseinheiten k\u00f6nnen Aufmerksamkeit, Lockerheit und Impulsion an der Hand vor dem Reiten sehr gut vorbereitete werden. Auch vor versammelnden Lektionen unter dem Reiter ist eine zielf\u00fchrende Handarbeit mit der Zielsetzung von mehr Lastaufnahme mit den Hinterbeinen hervorragend geeignet.<\/p>\n<p>Hast du ein \u00e4lteres Pferd oder ein Pferd, dass nicht mehr geritten werden kann, dann dient die Handarbeit als gymnastiziernde oder gesunderhaltende Kommunikationsform, mit der das Pferd besch\u00e4ftigt und gleichzeitig weiter gymnastiziert werden kann. Auch aus gesundheitlichen Gr\u00fcnden im Rahmen eines Reha-Programms kann es sehr gute Genesungsdienste leisten.<\/p>\n<p>Bei Pferden, die unerw\u00fcnschte Verhaltensweisen am Gebiss zeigen (zu aktiv, zu wenig aktiv, Meideverhalten usw.) sollte der Mensch nicht mehr der \u201e\u00dcbende\u201c sein. Er sollte stattdessen wissen, welche Dosierung, welches Timing oder welche Handhabung am Gebiss n\u00f6tig ist, um das Vertrauen im Pferd wiederherzustellen. Im Rahmen seiner praktischen Unterrichtseinheiten erzielen Kreinbergs erfahrene Sch\u00fcler*innen solide Ergebnisse durch Abkau-\u00dcbungen im Stand und die Arbeit in der Remonte-Haltung in der Bewegung. Zielsetzung beim Pferd ist immer das bewusste Loslassen seiner Kiefer-, Kopf-, Nacken und Halsmuskulatur und mit fortschreitender Ausbildung dann in der gesamten K\u00f6rpermuskulatur.<\/p>\n<p>Bist du neu in dem Thema Handarbeit und reagiert dein Pferd mit Abwehrverhalten, zappelt es, ist unruhig oder dr\u00fcckt gegen einen, dann solltest du einen erfahrenen Ausbilder zurate ziehen. Im Laufe jeder \u00dcbung sollte das Pferd immer zufriedener, losgelassener, williger, feiner und beweglicher an der Hand werden. Kreinbergs TGT\u00ae Handarbeit ist eine zielf\u00fchrende und gesundheitsf\u00f6rdernde Ausbildungsform, ganz gleich in welcher Reitweise du reitest.<\/p>\n\n<div class=\"banner\">\n    <a href=\"https:\/\/uelzener.de\/pferd?agt=0000104925&sem=true&utm_medium=magazin&utm_source=wordpress&utm_campaign=pferd&utm_content=banner\">\n        <img decoding=\"async\" width=\"300\" height=\"212\" src=\"https:\/\/uelzener.de\/magazin\/app\/uploads\/2025\/01\/Pferde-Versicherung.jpg\" class=\"attachment-medium size-medium\" alt=\"Banner Pferde-Versicherung\" \/>    <\/a>\n<\/div>\n\n<p><em><strong>Uelzener-Tipp von Peter Kreinberg: Dressur-Ausbildung an der Hand. Im Original erschienen auf <a href=\"https:\/\/www.thegentletouch.de\/post\/handarbeit-warum-ist-balance-so-wichtig\" rel=\"\">The Gentle Touch<\/a><\/strong><\/em><\/p>\n","protected":false},"excerpt":{"rendered":"<p>Das Pferd ist ein Lauf- und Fluchttier und hat deswegen einen sehr ausgepr\u00e4gten Balancesinn. Ist es im Gleichgewicht, so f\u00fchlt es sich sicher auf seinen vier Beinen und damit auch generell sicherer. Es kann die Muskeln loslassen und sich entspannen. Ein Verlust von Balance geht hingegen immer mit Unsicherheit und mit Muskelverspannungen einher. Und ein [&hellip;]<\/p>\n","protected":false},"author":11,"featured_media":16617,"parent":11689,"menu_order":29,"comment_status":"closed","ping_status":"closed","template":"templates\/blog.php","meta":{"_acf_changed":false,"_crdt_document":"","footnotes":"","beyondwords_generate_audio":"0","beyondwords_project_id":"","beyondwords_content_id":"","beyondwords_preview_token":"","beyondwords_player_style":"","beyondwords_language_id":"","beyondwords_title_voice_id":"","beyondwords_body_voice_id":"","beyondwords_summary_voice_id":"","beyondwords_error_message":"","beyondwords_disabled":"","beyondwords_delete_content":"","beyondwords_podcast_id":"","beyondwords_hash":"","publish_post_to_speechkit":"","speechkit_hash":"","speechkit_generate_audio":"","speechkit_project_id":"","speechkit_podcast_id":"","speechkit_error_message":"","speechkit_disabled":"","speechkit_access_key":"","speechkit_error":"","speechkit_info":"","speechkit_response":"","speechkit_retries":"","speechkit_status":"","speechkit_updated_at":"","_speechkit_link":"","_speechkit_text":""},"class_list":["post-16615","page","type-page","status-publish","has-post-thumbnail","hentry"],"acf":[],"yoast_head":"<!-- This site is optimized with the Yoast SEO Premium plugin  - https:\/\/yoast.com\/product\/yoast-seo-premium-wordpress\/ -->\n<title>Handarbeit: Warum ist \u201eBalance\u201c so wichtig? | Uelzener Magazin<\/title>\n<meta name=\"description\" content=\"Ausbilder Peter Kreinberg zeigt auf, warum das Erkennen von Schub-, Stemm- und St\u00fctzphasen ander Hand genauso wichtig ist wie f\u00fcr feines Reiten.\" \/>\n<meta name=\"robots\" content=\"index, follow, max-snippet:-1, max-image-preview:large, max-video-preview:-1\" \/>\n<link rel=\"canonical\" href=\"https:\/\/uelzener.de\/magazin\/pferd\/erziehung-und-training\/handarbeit\/\" \/>\n<meta property=\"og:locale\" content=\"de_DE\" \/>\n<meta property=\"og:type\" content=\"article\" \/>\n<meta property=\"og:title\" content=\"Handarbeit: Warum ist \u201eBalance\u201c so wichtig?\" \/>\n<meta property=\"og:description\" content=\"Ausbilder Peter Kreinberg zeigt auf, warum das Erkennen von Schub-, Stemm- und St\u00fctzphasen ander Hand genauso wichtig ist wie f\u00fcr feines Reiten.\" \/>\n<meta property=\"og:url\" content=\"https:\/\/uelzener.de\/magazin\/pferd\/erziehung-und-training\/handarbeit\/\" \/>\n<meta property=\"og:site_name\" content=\"Uelzener Tier-Magazin\" \/>\n<meta property=\"article:publisher\" content=\"https:\/\/www.facebook.com\/Uelzener\" \/>\n<meta property=\"article:modified_time\" content=\"2025-08-28T08:03:09+00:00\" \/>\n<meta property=\"og:image\" content=\"https:\/\/uelzener.de\/magazin\/app\/uploads\/2023\/11\/handarbeit-pferd.jpg\" \/>\n\t<meta property=\"og:image:width\" content=\"1025\" \/>\n\t<meta property=\"og:image:height\" content=\"450\" \/>\n\t<meta property=\"og:image:type\" content=\"image\/jpeg\" \/>\n<meta name=\"twitter:card\" content=\"summary_large_image\" \/>\n<meta name=\"twitter:label1\" content=\"Gesch\u00e4tzte Lesezeit\" \/>\n\t<meta name=\"twitter:data1\" content=\"6\u00a0Minuten\" \/>\n<script type=\"application\/ld+json\" class=\"yoast-schema-graph\">{\"@context\":\"https:\/\/schema.org\",\"@graph\":[{\"@type\":\"WebPage\",\"@id\":\"https:\/\/uelzener.de\/magazin\/pferd\/erziehung-und-training\/handarbeit\/\",\"url\":\"https:\/\/uelzener.de\/magazin\/pferd\/erziehung-und-training\/handarbeit\/\",\"name\":\"Handarbeit: Warum ist \u201eBalance\u201c so wichtig? | Uelzener Magazin\",\"isPartOf\":{\"@id\":\"https:\/\/uelzener.de\/magazin\/#website\"},\"primaryImageOfPage\":{\"@id\":\"https:\/\/uelzener.de\/magazin\/pferd\/erziehung-und-training\/handarbeit\/#primaryimage\"},\"image\":{\"@id\":\"https:\/\/uelzener.de\/magazin\/pferd\/erziehung-und-training\/handarbeit\/#primaryimage\"},\"thumbnailUrl\":\"https:\/\/uelzener.de\/magazin\/app\/uploads\/2023\/11\/handarbeit-pferd.jpg\",\"datePublished\":\"2023-11-09T14:55:32+00:00\",\"dateModified\":\"2025-08-28T08:03:09+00:00\",\"description\":\"Ausbilder Peter Kreinberg zeigt auf, warum das Erkennen von Schub-, Stemm- und St\u00fctzphasen ander Hand genauso wichtig ist wie f\u00fcr feines Reiten.\",\"breadcrumb\":{\"@id\":\"https:\/\/uelzener.de\/magazin\/pferd\/erziehung-und-training\/handarbeit\/#breadcrumb\"},\"inLanguage\":\"de\",\"potentialAction\":[{\"@type\":\"ReadAction\",\"target\":[\"https:\/\/uelzener.de\/magazin\/pferd\/erziehung-und-training\/handarbeit\/\"]}]},{\"@type\":\"ImageObject\",\"inLanguage\":\"de\",\"@id\":\"https:\/\/uelzener.de\/magazin\/pferd\/erziehung-und-training\/handarbeit\/#primaryimage\",\"url\":\"https:\/\/uelzener.de\/magazin\/app\/uploads\/2023\/11\/handarbeit-pferd.jpg\",\"contentUrl\":\"https:\/\/uelzener.de\/magazin\/app\/uploads\/2023\/11\/handarbeit-pferd.jpg\",\"width\":1025,\"height\":450,\"caption\":\"Peter Kreinberg bei der Handarbeit am Pferd.\"},{\"@type\":\"WebSite\",\"@id\":\"https:\/\/uelzener.de\/magazin\/#website\",\"url\":\"https:\/\/uelzener.de\/magazin\/\",\"name\":\"Uelzener Tiermagazin\",\"description\":\"Online Tierratgeber der Uelzener Versicherungen\",\"publisher\":{\"@id\":\"https:\/\/uelzener.de\/magazin\/#organization\"},\"potentialAction\":[{\"@type\":\"SearchAction\",\"target\":{\"@type\":\"EntryPoint\",\"urlTemplate\":\"https:\/\/uelzener.de\/magazin\/?s={search_term_string}\"},\"query-input\":{\"@type\":\"PropertyValueSpecification\",\"valueRequired\":true,\"valueName\":\"search_term_string\"}}],\"inLanguage\":\"de\"},{\"@type\":\"Organization\",\"@id\":\"https:\/\/uelzener.de\/magazin\/#organization\",\"name\":\"Uelzener Versicherungen\",\"url\":\"https:\/\/uelzener.de\/magazin\/\",\"logo\":{\"@type\":\"ImageObject\",\"inLanguage\":\"de\",\"@id\":\"https:\/\/uelzener.de\/magazin\/#\/schema\/logo\/image\/\",\"url\":\"https:\/\/uelzener.de\/magazin\/app\/uploads\/2024\/11\/uelzener_allgemeine_versicherungsgesellschaft_a_g_logo.jpg\",\"contentUrl\":\"https:\/\/uelzener.de\/magazin\/app\/uploads\/2024\/11\/uelzener_allgemeine_versicherungsgesellschaft_a_g_logo.jpg\",\"width\":200,\"height\":200,\"caption\":\"Uelzener Versicherungen\"},\"image\":{\"@id\":\"https:\/\/uelzener.de\/magazin\/#\/schema\/logo\/image\/\"},\"sameAs\":[\"https:\/\/www.facebook.com\/Uelzener\",\"https:\/\/instagram.com\/uelzener\",\"https:\/\/www.xing.com\/pages\/uelzenerallgemeineversicherungs-gesellschafta-g\",\"https:\/\/www.youtube.com\/UelzenerVersicherungen\"]}]}<\/script>\n<!-- \/ Yoast SEO Premium plugin. -->","yoast_head_json":{"title":"Handarbeit: Warum ist \u201eBalance\u201c so wichtig? | Uelzener Magazin","description":"Ausbilder Peter Kreinberg zeigt auf, warum das Erkennen von Schub-, Stemm- und St\u00fctzphasen ander Hand genauso wichtig ist wie f\u00fcr feines Reiten.","robots":{"index":"index","follow":"follow","max-snippet":"max-snippet:-1","max-image-preview":"max-image-preview:large","max-video-preview":"max-video-preview:-1"},"canonical":"https:\/\/uelzener.de\/magazin\/pferd\/erziehung-und-training\/handarbeit\/","og_locale":"de_DE","og_type":"article","og_title":"Handarbeit: Warum ist \u201eBalance\u201c so wichtig?","og_description":"Ausbilder Peter Kreinberg zeigt auf, warum das Erkennen von Schub-, Stemm- und St\u00fctzphasen ander Hand genauso wichtig ist wie f\u00fcr feines Reiten.","og_url":"https:\/\/uelzener.de\/magazin\/pferd\/erziehung-und-training\/handarbeit\/","og_site_name":"Uelzener Tier-Magazin","article_publisher":"https:\/\/www.facebook.com\/Uelzener","article_modified_time":"2025-08-28T08:03:09+00:00","og_image":[{"width":1025,"height":450,"url":"https:\/\/uelzener.de\/magazin\/app\/uploads\/2023\/11\/handarbeit-pferd.jpg","type":"image\/jpeg"}],"twitter_card":"summary_large_image","twitter_misc":{"Gesch\u00e4tzte Lesezeit":"6\u00a0Minuten"},"schema":{"@context":"https:\/\/schema.org","@graph":[{"@type":"WebPage","@id":"https:\/\/uelzener.de\/magazin\/pferd\/erziehung-und-training\/handarbeit\/","url":"https:\/\/uelzener.de\/magazin\/pferd\/erziehung-und-training\/handarbeit\/","name":"Handarbeit: Warum ist \u201eBalance\u201c so wichtig? | Uelzener Magazin","isPartOf":{"@id":"https:\/\/uelzener.de\/magazin\/#website"},"primaryImageOfPage":{"@id":"https:\/\/uelzener.de\/magazin\/pferd\/erziehung-und-training\/handarbeit\/#primaryimage"},"image":{"@id":"https:\/\/uelzener.de\/magazin\/pferd\/erziehung-und-training\/handarbeit\/#primaryimage"},"thumbnailUrl":"https:\/\/uelzener.de\/magazin\/app\/uploads\/2023\/11\/handarbeit-pferd.jpg","datePublished":"2023-11-09T14:55:32+00:00","dateModified":"2025-08-28T08:03:09+00:00","description":"Ausbilder Peter Kreinberg zeigt auf, warum das Erkennen von Schub-, Stemm- und St\u00fctzphasen ander Hand genauso wichtig ist wie f\u00fcr feines Reiten.","breadcrumb":{"@id":"https:\/\/uelzener.de\/magazin\/pferd\/erziehung-und-training\/handarbeit\/#breadcrumb"},"inLanguage":"de","potentialAction":[{"@type":"ReadAction","target":["https:\/\/uelzener.de\/magazin\/pferd\/erziehung-und-training\/handarbeit\/"]}]},{"@type":"ImageObject","inLanguage":"de","@id":"https:\/\/uelzener.de\/magazin\/pferd\/erziehung-und-training\/handarbeit\/#primaryimage","url":"https:\/\/uelzener.de\/magazin\/app\/uploads\/2023\/11\/handarbeit-pferd.jpg","contentUrl":"https:\/\/uelzener.de\/magazin\/app\/uploads\/2023\/11\/handarbeit-pferd.jpg","width":1025,"height":450,"caption":"Peter Kreinberg bei der Handarbeit am Pferd."},{"@type":"WebSite","@id":"https:\/\/uelzener.de\/magazin\/#website","url":"https:\/\/uelzener.de\/magazin\/","name":"Uelzener Tiermagazin","description":"Online Tierratgeber der Uelzener Versicherungen","publisher":{"@id":"https:\/\/uelzener.de\/magazin\/#organization"},"potentialAction":[{"@type":"SearchAction","target":{"@type":"EntryPoint","urlTemplate":"https:\/\/uelzener.de\/magazin\/?s={search_term_string}"},"query-input":{"@type":"PropertyValueSpecification","valueRequired":true,"valueName":"search_term_string"}}],"inLanguage":"de"},{"@type":"Organization","@id":"https:\/\/uelzener.de\/magazin\/#organization","name":"Uelzener Versicherungen","url":"https:\/\/uelzener.de\/magazin\/","logo":{"@type":"ImageObject","inLanguage":"de","@id":"https:\/\/uelzener.de\/magazin\/#\/schema\/logo\/image\/","url":"https:\/\/uelzener.de\/magazin\/app\/uploads\/2024\/11\/uelzener_allgemeine_versicherungsgesellschaft_a_g_logo.jpg","contentUrl":"https:\/\/uelzener.de\/magazin\/app\/uploads\/2024\/11\/uelzener_allgemeine_versicherungsgesellschaft_a_g_logo.jpg","width":200,"height":200,"caption":"Uelzener Versicherungen"},"image":{"@id":"https:\/\/uelzener.de\/magazin\/#\/schema\/logo\/image\/"},"sameAs":["https:\/\/www.facebook.com\/Uelzener","https:\/\/instagram.com\/uelzener","https:\/\/www.xing.com\/pages\/uelzenerallgemeineversicherungs-gesellschafta-g","https:\/\/www.youtube.com\/UelzenerVersicherungen"]}]}},"_links":{"self":[{"href":"https:\/\/uelzener.de\/magazin\/wp-json\/wp\/v2\/pages\/16615","targetHints":{"allow":["GET"]}}],"collection":[{"href":"https:\/\/uelzener.de\/magazin\/wp-json\/wp\/v2\/pages"}],"about":[{"href":"https:\/\/uelzener.de\/magazin\/wp-json\/wp\/v2\/types\/page"}],"author":[{"embeddable":true,"href":"https:\/\/uelzener.de\/magazin\/wp-json\/wp\/v2\/users\/11"}],"replies":[{"embeddable":true,"href":"https:\/\/uelzener.de\/magazin\/wp-json\/wp\/v2\/comments?post=16615"}],"version-history":[{"count":9,"href":"https:\/\/uelzener.de\/magazin\/wp-json\/wp\/v2\/pages\/16615\/revisions"}],"predecessor-version":[{"id":19043,"href":"https:\/\/uelzener.de\/magazin\/wp-json\/wp\/v2\/pages\/16615\/revisions\/19043"}],"up":[{"embeddable":true,"href":"https:\/\/uelzener.de\/magazin\/wp-json\/wp\/v2\/pages\/11689"}],"wp:featuredmedia":[{"embeddable":true,"href":"https:\/\/uelzener.de\/magazin\/wp-json\/wp\/v2\/media\/16617"}],"wp:attachment":[{"href":"https:\/\/uelzener.de\/magazin\/wp-json\/wp\/v2\/media?parent=16615"}],"curies":[{"name":"wp","href":"https:\/\/api.w.org\/{rel}","templated":true}]}}