{"id":16420,"date":"2023-10-16T10:33:08","date_gmt":"2023-10-16T08:33:08","guid":{"rendered":"https:\/\/uelzener.de\/magazin\/?page_id=16420"},"modified":"2025-11-13T11:48:41","modified_gmt":"2025-11-13T10:48:41","slug":"wie-viel-ps-hat-pferd","status":"publish","type":"page","link":"https:\/\/uelzener.de\/magazin\/pferd\/haeufige-fragen\/wie-viel-ps-hat-pferd\/","title":{"rendered":"Wie viel PS hat ein Pferd?"},"content":{"rendered":"<p>PS ist die Abk\u00fcrzung f\u00fcr Pferdest\u00e4rke. Daher scheint die Antwort auf die Frage \u201eWie viel PS hat ein Pferd?\u201c eigentlich ganz leicht zu beantworten zu sein. Nat\u00fcrlich ein PS. So mag man meinen. Doch so einfach ist es dann doch nicht. Wir wollen hier etwas genauer hinschauen. Was bedeutet PS = Pferdest\u00e4rke \u00fcberhaupt? Und wie l\u00e4sst sich feststellen, wie viel PS ein Pferd hat?<\/p>\n<p>Ein Pferd, das auf Dauer bewegt wird, bringt tats\u00e4chlich in etwa die Leistung von 1 PS. Kurzzeitig kann ein Pferd jedoch deutlich mehr leisten. Wichtig ist: Ein Pferd besitzt keine PS im herk\u00f6mmlichen Sinne. Auch wenn der Ursprung der Ma\u00dfeinheit eng mit der Leistungsf\u00e4higkeit von Pferden in Zusammenhang steht. So ist PS doch eine Ma\u00dfeinheit, die normalerweise verwendet wird, um die Leistung von Fahrzeugen zu bestimmen. Die Definition: 1 PS beschreibt die Leistung, wenn 75 kg 1 m pro Sekunde bewegt werden.<\/p>\n<h2>Was bedeutet Pferdest\u00e4rke?<\/h2>\n<p>Die Ma\u00dfeinheit \u201ePferdest\u00e4rke\u201c (PS) wurde im 18. Jahrhundert eingef\u00fchrt, als der Ingenieur James Watt eine M\u00f6glichkeit suchte, die Leistung von Dampfmaschinen verst\u00e4ndlich zu beschreiben. Dazu verwendete er die Arbeitslast, die ein Arbeitspferd zu vollbringen in der Lage war. Watt beobachtete, dass ein durchschnittliches Pferd in einer Minute 550 Pfund (249,48 kg) auf eine H\u00f6he von einem Fu\u00df heben konnte \u2013 und dies wurde als eine \u201ePferdest\u00e4rke\u201c definiert. Pferde wurden als Arbeitspferde in unterschiedlichen Bereichen eingesetzt. Eine Pferderasse, die typischerweise als Arbeitspferd bei der Feldarbeit verwendet wurde, sind <a href=\"https:\/\/uelzener.de\/magazin\/pferd\/rasseportrait\/haflinger\/\">Haflinger<\/a>. Eine andere beliebte Pferderasse, Quarter-Horse, verwendete man als Arbeitspferde zum Treiben von Rinderherden.<\/p>\n\n<div class=\"related_articles boxed\">\n    <h2>Mehr zum Thema<\/h2>\n    \n    <div class=\"wrapper\"><div class=\"title align-center\"><h3><a href=\"https:\/\/uelzener.de\/magazin\/pferd\/rasseportrait\/quarter-horse\/\">Quarter Horse: ein St\u00fcck &#8222;Wilder Westen&#8220;<\/a><\/h3><\/div><div class=\"img align-center\"><img decoding=\"async\" width=\"315\" height=\"180\" src=\"https:\/\/uelzener.de\/magazin\/app\/uploads\/2023\/04\/quarter-horse-315x180.jpg\" class=\"attachment-315x180 size-315x180 wp-post-image\" alt=\"Braunes Quarter Horse auf einer gr\u00fcnen Wiese.\" \/><\/div><\/div><div class=\"wrapper\"><div class=\"title align-center\"><h3><a href=\"https:\/\/uelzener.de\/magazin\/pferd\/rasseportrait\/mustang\/\">Mustang<\/a><\/h3><\/div><div class=\"img align-center\"><img decoding=\"async\" width=\"315\" height=\"180\" src=\"https:\/\/uelzener.de\/magazin\/app\/uploads\/2018\/01\/930905ae-2164-49dc-9951-9770f3b3ce7d-315x180.jpg\" class=\"attachment-315x180 size-315x180 wp-post-image\" alt=\"Ein hellbraunes Mustang-Pferd galoppiert durch einen winterlichen Wald. Der Boden ist vom Schnee wei\u00df bedeckt.\" srcset=\"https:\/\/uelzener.de\/magazin\/app\/uploads\/2018\/01\/930905ae-2164-49dc-9951-9770f3b3ce7d-315x180.jpg 315w, https:\/\/uelzener.de\/magazin\/app\/uploads\/2018\/01\/930905ae-2164-49dc-9951-9770f3b3ce7d-650x369.jpg 650w\" sizes=\"(max-width: 315px) 100vw, 315px\" \/><\/div><\/div><div class=\"wrapper\"><div class=\"title align-center\"><h3><a href=\"https:\/\/uelzener.de\/magazin\/pferd\/rasseportrait\/vollblut-araber\/\">Arabisches Vollblut<\/a><\/h3><\/div><div class=\"img align-center\"><img decoding=\"async\" width=\"315\" height=\"180\" src=\"https:\/\/uelzener.de\/magazin\/app\/uploads\/2015\/07\/85a80896-c93f-4e4a-9443-9d29fc26b44a-315x180.jpg\" class=\"attachment-315x180 size-315x180 wp-post-image\" alt=\"Zwei strahlend wei\u00dfe arabische Vollbl\u00fcter stehen sich gegen\u00fcber\" srcset=\"https:\/\/uelzener.de\/magazin\/app\/uploads\/2015\/07\/85a80896-c93f-4e4a-9443-9d29fc26b44a-315x180.jpg 315w, https:\/\/uelzener.de\/magazin\/app\/uploads\/2015\/07\/85a80896-c93f-4e4a-9443-9d29fc26b44a-650x369.jpg 650w\" sizes=\"(max-width: 315px) 100vw, 315px\" \/><\/div><\/div><\/div>\n\n<h2>Ist 1 PS eine Pferdest\u00e4rke?<\/h2>\n<p>Tats\u00e4chlich entspricht die Definition von James Watt nicht genau dem heutigen PS-Ma\u00df. Dies geh\u00f6rt neben anderen <a href=\"https:\/\/uelzener.de\/magazin\/pferd\/tipps-fuer-den-alltag\/zehn-kuriose-fakten-ueber-pferde\/\">kuriosen Fakten<\/a> zu interessanten Informationen \u00fcber Pferde. In der Automobilindustrie wird oft die Definition verwendet, dass 1 PS etwa 735,5 Watt entspricht. Dies wurde sp\u00e4ter verfeinert, um den Unterschied in der Effizienz zwischen Dampfmaschinen und Verbrennungsmotoren zu ber\u00fccksichtigen. Diese Definition erm\u00f6glicht es, die Leistung von Fahrzeugmotoren vergleichbar zu machen und ist heutzutage international anerkannt.<\/p>\n<h2>Wie viel PS hat ein Mensch im Vergleich?<\/h2>\n<p>Im Vergleich zu Pferden und Maschinen mag die menschliche Kraft gering erscheinen, wenn man sie in Pferdest\u00e4rken ausdr\u00fcckt. Ein durchschnittlicher Mensch kann etwa 0,1 PS aufbringen, was bedeutet, dass er theoretisch in der Lage w\u00e4re, 0,1 PS an Leistung kontinuierlich zu erzeugen.<\/p>\n<h2>Fazit<\/h2>\n<p>Die Ma\u00dfeinheit Pferdest\u00e4rke ist zwar urspr\u00fcnglich aus der Beobachtung von Pferden abgeleitet worden. Wobei auch die Muskelkraft von Pferden sehr unterschiedlich sein kann und beispielsweise von der Rasse oder <a href=\"https:\/\/uelzener.de\/magazin\/pferd\/ernaehrung\/muskelaufbau-bei-pferden-durch-nahrung\/\">Ern\u00e4hrung des Pferdes<\/a> abh\u00e4ngt. Im Laufe der Jahrzehnte hat sich die Ma\u00dfeinheit PS jedoch zu einem universellen Ma\u00df f\u00fcr die Leistung von Motoren entwickelt.<\/p>\n<h2>FAQ: H\u00e4ufig gestellte Fragen<\/h2>\n<h3>Wie viel PS hat das schnellste Pferd?<\/h3>\n<p>Das schnellste Pferd, das jemals gemessen wurde, war das Rennpferd \u201eWinning Brew\u201c. Es erreichte eine maximale Geschwindigkeit von etwa 70 km\/h. In dem Moment seiner H\u00f6chstgeschwindigkeit \u00fcbertraf es die Leistungsf\u00e4higkeit von 1 PS um ein Vielfaches. Auf Dauer wird auch dieses Pferd eine Leistungsf\u00e4higkeit im Bereich von 1 PS gehabt haben. Auch wenn 1 PS im Vergleich zu einem Auto vergleichsweise langsam erscheint, ist die Geschwindigkeit, mit der Pferde sich fortbewegen, doch auch mit Risiken verbunden, die immer wieder auch zu <a href=\"https:\/\/uelzener.de\/magazin\/pferd\/haeufige-fragen\/haeufige-reitunfaelle\/\">Reitunf\u00e4llen<\/a> f\u00fchren.<\/p>\n<h3>Wie viel PS hat das schnellste Auto?<\/h3>\n<p>Das schnellste Auto der Welt, der Bugatti Chiron Super Sport 300+, erreicht eine H\u00f6chstgeschwindigkeit von etwa 490 km\/h. In Bezug auf Pferdest\u00e4rken entspricht dies einer Leistung von rund 1.600 PS.<\/p>\n","protected":false},"excerpt":{"rendered":"<p>PS ist die Abk\u00fcrzung f\u00fcr Pferdest\u00e4rke. Daher scheint die Antwort auf die Frage \u201eWie viel PS hat ein Pferd?\u201c eigentlich ganz leicht zu beantworten zu sein. Nat\u00fcrlich ein PS. So mag man meinen. Doch so einfach ist es dann doch nicht. Wir wollen hier etwas genauer hinschauen. Was bedeutet PS = Pferdest\u00e4rke \u00fcberhaupt? Und wie [&hellip;]<\/p>\n","protected":false},"author":11,"featured_media":16421,"parent":11685,"menu_order":7,"comment_status":"closed","ping_status":"closed","template":"templates\/blog.php","meta":{"_acf_changed":false,"_crdt_document":"","footnotes":"","beyondwords_generate_audio":"0","beyondwords_project_id":"","beyondwords_content_id":"","beyondwords_preview_token":"","beyondwords_player_style":"","beyondwords_language_id":"","beyondwords_title_voice_id":"","beyondwords_body_voice_id":"","beyondwords_summary_voice_id":"","beyondwords_error_message":"","beyondwords_disabled":"","beyondwords_delete_content":"","beyondwords_podcast_id":"","beyondwords_hash":"","publish_post_to_speechkit":"","speechkit_hash":"","speechkit_generate_audio":"","speechkit_project_id":"","speechkit_podcast_id":"","speechkit_error_message":"","speechkit_disabled":"","speechkit_access_key":"","speechkit_error":"","speechkit_info":"","speechkit_response":"","speechkit_retries":"","speechkit_status":"","speechkit_updated_at":"","_speechkit_link":"","_speechkit_text":""},"class_list":["post-16420","page","type-page","status-publish","has-post-thumbnail","hentry"],"acf":[],"yoast_head":"<!-- This site is optimized with the Yoast SEO Premium plugin  - https:\/\/yoast.com\/product\/yoast-seo-premium-wordpress\/ -->\n<title>Wie viel PS hat ein Pferd? | Uelzener Magazin<\/title>\n<meta name=\"description\" content=\"PS ist die Abk\u00fcrzung f\u00fcr Pferdest\u00e4rke. So scheint die Antwort auf \u201eWie viel PS hat ein Pferd?\u201c eigentlich ganz leicht. Doch so einfach ist es nicht.\" \/>\n<meta name=\"robots\" content=\"index, follow, max-snippet:-1, max-image-preview:large, max-video-preview:-1\" \/>\n<link rel=\"canonical\" href=\"https:\/\/uelzener.de\/magazin\/pferd\/haeufige-fragen\/wie-viel-ps-hat-pferd\/\" \/>\n<meta property=\"og:locale\" content=\"de_DE\" \/>\n<meta property=\"og:type\" content=\"article\" \/>\n<meta property=\"og:title\" content=\"Wie viel PS hat ein Pferd?\" \/>\n<meta property=\"og:description\" content=\"PS ist die Abk\u00fcrzung f\u00fcr Pferdest\u00e4rke. So scheint die Antwort auf \u201eWie viel PS hat ein Pferd?\u201c eigentlich ganz leicht. Doch so einfach ist es nicht.\" \/>\n<meta property=\"og:url\" content=\"https:\/\/uelzener.de\/magazin\/pferd\/haeufige-fragen\/wie-viel-ps-hat-pferd\/\" \/>\n<meta property=\"og:site_name\" content=\"Uelzener Tier-Magazin\" \/>\n<meta property=\"article:publisher\" content=\"https:\/\/www.facebook.com\/Uelzener\" \/>\n<meta property=\"article:modified_time\" content=\"2025-11-13T10:48:41+00:00\" \/>\n<meta property=\"og:image\" content=\"https:\/\/uelzener.de\/magazin\/app\/uploads\/2023\/10\/wie-viel-ps-hat-pferd.jpg\" \/>\n\t<meta property=\"og:image:width\" content=\"1025\" \/>\n\t<meta property=\"og:image:height\" content=\"450\" \/>\n\t<meta property=\"og:image:type\" content=\"image\/jpeg\" \/>\n<meta name=\"twitter:card\" content=\"summary_large_image\" \/>\n<meta name=\"twitter:label1\" content=\"Gesch\u00e4tzte Lesezeit\" \/>\n\t<meta name=\"twitter:data1\" content=\"4\u00a0Minuten\" \/>\n<script type=\"application\/ld+json\" class=\"yoast-schema-graph\">{\"@context\":\"https:\/\/schema.org\",\"@graph\":[{\"@type\":\"WebPage\",\"@id\":\"https:\/\/uelzener.de\/magazin\/pferd\/haeufige-fragen\/wie-viel-ps-hat-pferd\/\",\"url\":\"https:\/\/uelzener.de\/magazin\/pferd\/haeufige-fragen\/wie-viel-ps-hat-pferd\/\",\"name\":\"Wie viel PS hat ein Pferd? | Uelzener Magazin\",\"isPartOf\":{\"@id\":\"https:\/\/uelzener.de\/magazin\/#website\"},\"primaryImageOfPage\":{\"@id\":\"https:\/\/uelzener.de\/magazin\/pferd\/haeufige-fragen\/wie-viel-ps-hat-pferd\/#primaryimage\"},\"image\":{\"@id\":\"https:\/\/uelzener.de\/magazin\/pferd\/haeufige-fragen\/wie-viel-ps-hat-pferd\/#primaryimage\"},\"thumbnailUrl\":\"https:\/\/uelzener.de\/magazin\/app\/uploads\/2023\/10\/wie-viel-ps-hat-pferd.jpg\",\"datePublished\":\"2023-10-16T08:33:08+00:00\",\"dateModified\":\"2025-11-13T10:48:41+00:00\",\"description\":\"PS ist die Abk\u00fcrzung f\u00fcr Pferdest\u00e4rke. So scheint die Antwort auf \u201eWie viel PS hat ein Pferd?\u201c eigentlich ganz leicht. Doch so einfach ist es nicht.\",\"breadcrumb\":{\"@id\":\"https:\/\/uelzener.de\/magazin\/pferd\/haeufige-fragen\/wie-viel-ps-hat-pferd\/#breadcrumb\"},\"inLanguage\":\"de\",\"potentialAction\":[{\"@type\":\"ReadAction\",\"target\":[\"https:\/\/uelzener.de\/magazin\/pferd\/haeufige-fragen\/wie-viel-ps-hat-pferd\/\"]}]},{\"@type\":\"ImageObject\",\"inLanguage\":\"de\",\"@id\":\"https:\/\/uelzener.de\/magazin\/pferd\/haeufige-fragen\/wie-viel-ps-hat-pferd\/#primaryimage\",\"url\":\"https:\/\/uelzener.de\/magazin\/app\/uploads\/2023\/10\/wie-viel-ps-hat-pferd.jpg\",\"contentUrl\":\"https:\/\/uelzener.de\/magazin\/app\/uploads\/2023\/10\/wie-viel-ps-hat-pferd.jpg\",\"width\":1025,\"height\":450,\"caption\":\"Pferd beim Pferderennen: Wie viel PS hat ein Pferd?\"},{\"@type\":\"WebSite\",\"@id\":\"https:\/\/uelzener.de\/magazin\/#website\",\"url\":\"https:\/\/uelzener.de\/magazin\/\",\"name\":\"Uelzener Tiermagazin\",\"description\":\"Online Tierratgeber der Uelzener Versicherungen\",\"publisher\":{\"@id\":\"https:\/\/uelzener.de\/magazin\/#organization\"},\"potentialAction\":[{\"@type\":\"SearchAction\",\"target\":{\"@type\":\"EntryPoint\",\"urlTemplate\":\"https:\/\/uelzener.de\/magazin\/?s={search_term_string}\"},\"query-input\":{\"@type\":\"PropertyValueSpecification\",\"valueRequired\":true,\"valueName\":\"search_term_string\"}}],\"inLanguage\":\"de\"},{\"@type\":\"Organization\",\"@id\":\"https:\/\/uelzener.de\/magazin\/#organization\",\"name\":\"Uelzener Versicherungen\",\"url\":\"https:\/\/uelzener.de\/magazin\/\",\"logo\":{\"@type\":\"ImageObject\",\"inLanguage\":\"de\",\"@id\":\"https:\/\/uelzener.de\/magazin\/#\/schema\/logo\/image\/\",\"url\":\"https:\/\/uelzener.de\/magazin\/app\/uploads\/2024\/11\/uelzener_allgemeine_versicherungsgesellschaft_a_g_logo.jpg\",\"contentUrl\":\"https:\/\/uelzener.de\/magazin\/app\/uploads\/2024\/11\/uelzener_allgemeine_versicherungsgesellschaft_a_g_logo.jpg\",\"width\":200,\"height\":200,\"caption\":\"Uelzener Versicherungen\"},\"image\":{\"@id\":\"https:\/\/uelzener.de\/magazin\/#\/schema\/logo\/image\/\"},\"sameAs\":[\"https:\/\/www.facebook.com\/Uelzener\",\"https:\/\/instagram.com\/uelzener\",\"https:\/\/www.xing.com\/pages\/uelzenerallgemeineversicherungs-gesellschafta-g\",\"https:\/\/www.youtube.com\/UelzenerVersicherungen\"]}]}<\/script>\n<!-- \/ Yoast SEO Premium plugin. -->","yoast_head_json":{"title":"Wie viel PS hat ein Pferd? | Uelzener Magazin","description":"PS ist die Abk\u00fcrzung f\u00fcr Pferdest\u00e4rke. So scheint die Antwort auf \u201eWie viel PS hat ein Pferd?\u201c eigentlich ganz leicht. Doch so einfach ist es nicht.","robots":{"index":"index","follow":"follow","max-snippet":"max-snippet:-1","max-image-preview":"max-image-preview:large","max-video-preview":"max-video-preview:-1"},"canonical":"https:\/\/uelzener.de\/magazin\/pferd\/haeufige-fragen\/wie-viel-ps-hat-pferd\/","og_locale":"de_DE","og_type":"article","og_title":"Wie viel PS hat ein Pferd?","og_description":"PS ist die Abk\u00fcrzung f\u00fcr Pferdest\u00e4rke. So scheint die Antwort auf \u201eWie viel PS hat ein Pferd?\u201c eigentlich ganz leicht. Doch so einfach ist es nicht.","og_url":"https:\/\/uelzener.de\/magazin\/pferd\/haeufige-fragen\/wie-viel-ps-hat-pferd\/","og_site_name":"Uelzener Tier-Magazin","article_publisher":"https:\/\/www.facebook.com\/Uelzener","article_modified_time":"2025-11-13T10:48:41+00:00","og_image":[{"width":1025,"height":450,"url":"https:\/\/uelzener.de\/magazin\/app\/uploads\/2023\/10\/wie-viel-ps-hat-pferd.jpg","type":"image\/jpeg"}],"twitter_card":"summary_large_image","twitter_misc":{"Gesch\u00e4tzte Lesezeit":"4\u00a0Minuten"},"schema":{"@context":"https:\/\/schema.org","@graph":[{"@type":"WebPage","@id":"https:\/\/uelzener.de\/magazin\/pferd\/haeufige-fragen\/wie-viel-ps-hat-pferd\/","url":"https:\/\/uelzener.de\/magazin\/pferd\/haeufige-fragen\/wie-viel-ps-hat-pferd\/","name":"Wie viel PS hat ein Pferd? | Uelzener Magazin","isPartOf":{"@id":"https:\/\/uelzener.de\/magazin\/#website"},"primaryImageOfPage":{"@id":"https:\/\/uelzener.de\/magazin\/pferd\/haeufige-fragen\/wie-viel-ps-hat-pferd\/#primaryimage"},"image":{"@id":"https:\/\/uelzener.de\/magazin\/pferd\/haeufige-fragen\/wie-viel-ps-hat-pferd\/#primaryimage"},"thumbnailUrl":"https:\/\/uelzener.de\/magazin\/app\/uploads\/2023\/10\/wie-viel-ps-hat-pferd.jpg","datePublished":"2023-10-16T08:33:08+00:00","dateModified":"2025-11-13T10:48:41+00:00","description":"PS ist die Abk\u00fcrzung f\u00fcr Pferdest\u00e4rke. So scheint die Antwort auf \u201eWie viel PS hat ein Pferd?\u201c eigentlich ganz leicht. Doch so einfach ist es nicht.","breadcrumb":{"@id":"https:\/\/uelzener.de\/magazin\/pferd\/haeufige-fragen\/wie-viel-ps-hat-pferd\/#breadcrumb"},"inLanguage":"de","potentialAction":[{"@type":"ReadAction","target":["https:\/\/uelzener.de\/magazin\/pferd\/haeufige-fragen\/wie-viel-ps-hat-pferd\/"]}]},{"@type":"ImageObject","inLanguage":"de","@id":"https:\/\/uelzener.de\/magazin\/pferd\/haeufige-fragen\/wie-viel-ps-hat-pferd\/#primaryimage","url":"https:\/\/uelzener.de\/magazin\/app\/uploads\/2023\/10\/wie-viel-ps-hat-pferd.jpg","contentUrl":"https:\/\/uelzener.de\/magazin\/app\/uploads\/2023\/10\/wie-viel-ps-hat-pferd.jpg","width":1025,"height":450,"caption":"Pferd beim Pferderennen: Wie viel PS hat ein Pferd?"},{"@type":"WebSite","@id":"https:\/\/uelzener.de\/magazin\/#website","url":"https:\/\/uelzener.de\/magazin\/","name":"Uelzener Tiermagazin","description":"Online Tierratgeber der Uelzener Versicherungen","publisher":{"@id":"https:\/\/uelzener.de\/magazin\/#organization"},"potentialAction":[{"@type":"SearchAction","target":{"@type":"EntryPoint","urlTemplate":"https:\/\/uelzener.de\/magazin\/?s={search_term_string}"},"query-input":{"@type":"PropertyValueSpecification","valueRequired":true,"valueName":"search_term_string"}}],"inLanguage":"de"},{"@type":"Organization","@id":"https:\/\/uelzener.de\/magazin\/#organization","name":"Uelzener Versicherungen","url":"https:\/\/uelzener.de\/magazin\/","logo":{"@type":"ImageObject","inLanguage":"de","@id":"https:\/\/uelzener.de\/magazin\/#\/schema\/logo\/image\/","url":"https:\/\/uelzener.de\/magazin\/app\/uploads\/2024\/11\/uelzener_allgemeine_versicherungsgesellschaft_a_g_logo.jpg","contentUrl":"https:\/\/uelzener.de\/magazin\/app\/uploads\/2024\/11\/uelzener_allgemeine_versicherungsgesellschaft_a_g_logo.jpg","width":200,"height":200,"caption":"Uelzener Versicherungen"},"image":{"@id":"https:\/\/uelzener.de\/magazin\/#\/schema\/logo\/image\/"},"sameAs":["https:\/\/www.facebook.com\/Uelzener","https:\/\/instagram.com\/uelzener","https:\/\/www.xing.com\/pages\/uelzenerallgemeineversicherungs-gesellschafta-g","https:\/\/www.youtube.com\/UelzenerVersicherungen"]}]}},"_links":{"self":[{"href":"https:\/\/uelzener.de\/magazin\/wp-json\/wp\/v2\/pages\/16420","targetHints":{"allow":["GET"]}}],"collection":[{"href":"https:\/\/uelzener.de\/magazin\/wp-json\/wp\/v2\/pages"}],"about":[{"href":"https:\/\/uelzener.de\/magazin\/wp-json\/wp\/v2\/types\/page"}],"author":[{"embeddable":true,"href":"https:\/\/uelzener.de\/magazin\/wp-json\/wp\/v2\/users\/11"}],"replies":[{"embeddable":true,"href":"https:\/\/uelzener.de\/magazin\/wp-json\/wp\/v2\/comments?post=16420"}],"version-history":[{"count":3,"href":"https:\/\/uelzener.de\/magazin\/wp-json\/wp\/v2\/pages\/16420\/revisions"}],"predecessor-version":[{"id":19502,"href":"https:\/\/uelzener.de\/magazin\/wp-json\/wp\/v2\/pages\/16420\/revisions\/19502"}],"up":[{"embeddable":true,"href":"https:\/\/uelzener.de\/magazin\/wp-json\/wp\/v2\/pages\/11685"}],"wp:featuredmedia":[{"embeddable":true,"href":"https:\/\/uelzener.de\/magazin\/wp-json\/wp\/v2\/media\/16421"}],"wp:attachment":[{"href":"https:\/\/uelzener.de\/magazin\/wp-json\/wp\/v2\/media?parent=16420"}],"curies":[{"name":"wp","href":"https:\/\/api.w.org\/{rel}","templated":true}]}}