{"id":16397,"date":"2023-10-12T08:56:59","date_gmt":"2023-10-12T06:56:59","guid":{"rendered":"https:\/\/uelzener.de\/magazin\/?page_id=16397"},"modified":"2025-12-30T13:47:06","modified_gmt":"2025-12-30T12:47:06","slug":"reitausruestung-im-herbst","status":"publish","type":"page","link":"https:\/\/uelzener.de\/magazin\/pferd\/tipps-fuer-den-alltag\/reitausruestung-im-herbst\/","title":{"rendered":"Herbstliche Ausr\u00fcstung f\u00fcr Pferd und Reiter:in"},"content":{"rendered":"<p>Der Herbst bringt seine ganz eigenen Herausforderungen f\u00fcr Pferde und Reitende mit sich. Feuchter Boden, verst\u00e4rkter Regen, k\u00fchlere Temperaturen, die fr\u00fch einsetzende Dunkelheit. Mit der passenden Ausr\u00fcstung kommen Vier- und Zweibeiner gut durch die dunklere Jahreszeit. Wir kl\u00e4ren, was bei der Ausr\u00fcstung f\u00fcr Vier- und Zweibeiner in der dunkleren Jahreszeit ganz besonders zu beachten ist.<\/p>\n<h2>Reit-Equipment f\u00fcr die dunklen Jahreszeiten<\/h2>\n<p>Gerade im Stra\u00dfenverkehr sollten die sich ver\u00e4ndernden Lichtverh\u00e4ltnisse ber\u00fccksichtigt werden. Allein das \u00dcberqueren einer Stra\u00dfe kann in der D\u00e4mmerung zu einem gr\u00f6\u00dferen Risiko werden. Dabei geh\u00f6rt zur passenden Reitausr\u00fcstung f\u00fcr den Herbst mehr als richtige Beleuchtung und reflektierende Reitkleidung. Wer f\u00fcr sicheres Reiten sorgt, kann sich ganz auf den Reisepass konzentrieren. Dabei sollte sowohl die Ausr\u00fcstung f\u00fcr Pferd als auch f\u00fcr Reiterin und Reiter an sich ver\u00e4ndernde Witterung, Temperatur und schlechtere Lichtverh\u00e4ltnisse angepasst werden.<\/p>\n<h2>F\u00fcr das Pferd:<\/h2>\n<p>F\u00fcr Herbst und Winter sollte man sein Pferd mit entsprechendem Zubeh\u00f6r ausstatten. Dabei gilt es, die besonderen Anforderungen dieser Jahreszeiten zu ber\u00fccksichtigen: Dunkelheit, nasser und matschiger Untergrund, tiefere Temperaturen. F\u00fcr all dies gibt es vielf\u00e4ltige Ausr\u00fcstungsgegenst\u00e4nde, um auch das Reiten in dieser Jahreszeit so gesundheitsschonend und sicher wie m\u00f6glich zu gestalten.<\/p>\n<ul>\n<li><strong>Reflektierendes von Kopf bis Huf:<\/strong> Vom Halfter, \u00fcber Bandagen und Gerten bis hin zur Decke gibt es kaum ein Zubeh\u00f6r f\u00fcr das Pferd, das es nicht auch in reflektierender Form gibt. So l\u00e4sst sich das Pferd sowohl f\u00fcr Ausritte, als auch beim kurzen Weg von der Weide in den Stall gut sichtbar kennzeichnen.<\/li>\n<li><strong>Pferdedecke:<\/strong> Pferdedecken gibt es in den unterschiedlichsten Varianten. Dicke, d\u00fcnnere, regenfeste, reflektierende, unterschiedliche K\u00f6rperregionen bedeckende und mit verschiedenen Befestigungsm\u00f6glichkeiten am Pferd. Atmungsaktiv sollte jede Pferdedecke sein. Die Auswahl richtet sich ansonsten im Idealfall speziell nach dem Zweck, f\u00fcr den man sie ben\u00f6tigt. Will man lediglich eine w\u00e4rmende Decke f\u00fcr den Aufenthalt im Stall oder ben\u00f6tigt man eine regenfeste Decke, mit der das Pferd sich auch mal w\u00e4lzen kann? F\u00fcr die meisten gilt: am besten beides oder auch noch die eine oder andere mehr. So hat ein Gro\u00dfteil der Vierbeiner diverse Decken im Schrank h\u00e4ngen. Die Schwierigkeit liegt allein in der passenden Auswahl. Erfahre hier mehr \u00fcber das richtige <a href=\"https:\/\/uelzener.de\/magazin\/pferd\/tipps-fuer-den-alltag\/das-richtige-eindecken-deines-pferdes\/\">Eindecken von Pferden<\/a>.<\/li>\n<li><strong>Hufschuhe oder -glocken:<\/strong> Hufschuhe sch\u00fctzen den Huf. Bei schlammigem Boden k\u00f6nnen Hufschuhe f\u00fcr Trittsicherheit sorgen. Wichtig ist, dass der Schuh dem Pferd optimal passt und man Scheuern vermeidet. Daher ist eine sorgf\u00e4ltige Auswahl aus dem mittlerweile sehr vielf\u00e4ltigen Angebot und Beratung unabdingbar.<\/li>\n<li><strong>Gamaschen:<\/strong> Gamaschen sch\u00fctzen die Beine des Pferdes vor Feuchtigkeit, Dreck und St\u00f6\u00dfen. Im Herbst und Winter bieten sich w\u00e4rmende Gamaschen an. Au\u00dferdem helfen reflektierende Gamaschen im Herbst, Pferde f\u00fcr andere Verkehrsteilnehmer gut sichtbar zu machen. So k\u00f6nnen Autofahrerinnen und Autofahrer rechtzeitig auf die vierbeinigen Verkehrsteilnehmer reagieren.<\/li>\n<\/ul>\n<h2>F\u00fcr Reiterin und Reiter<\/h2>\n<p>Was f\u00fcr das Pferd gilt, gilt auch f\u00fcr Reitende. Im Dunkeln oder in der D\u00e4mmerung wird man leicht \u00fcbersehen. Zudem besteht im Herbst und Winter ein erh\u00f6htes Risiko, in Nebel zu geraten. Die Sicherheit im Stra\u00dfenverkehr hat oberste Priorit\u00e4t. Daher sollte man ab Herbstbeginn besonders darauf achten, m\u00f6glichst gut sichtbar zu sein und dazu reflektierende Kleidung oder separate Reflektoren an Kleidung und Ausr\u00fcstung tragen. Ebenfalls wichtig sind w\u00e4rmere und regenabweisende beziehungsweise regendichte Kleidung zum Schutz vor k\u00fchleren Temperaturen und Regen. Am besten \u00fcberpr\u00fcft man gegen Ende des Sommers seine Reitbekleidung:<\/p>\n<ul>\n<li>Reithose: w\u00e4rmend, regensch\u00fctzend<\/li>\n<li>Reitjacke\/Reitmantel: w\u00e4rmend und regensch\u00fctzend (aufpassen, dass der R\u00fcckenprotektor noch passt)<\/li>\n<li>Reithandschuhe<\/li>\n<li>Stiefel oder Stiefeletten<\/li>\n<li>M\u00fctze oder Stirnband<\/li>\n<li>Schal oder Halstuch<\/li>\n<\/ul>\n\n<div class=\"related_articles boxed\">\n    <h2>Mehr zum Thema<\/h2>\n    \n    <div class=\"wrapper\"><div class=\"title align-center\"><h3><a href=\"https:\/\/uelzener.de\/magazin\/pferd\/tipps-fuer-den-alltag\/richtige-beleuchtung-fuer-das-pferd\/\">Richtige Beleuchtung f\u00fcr das Pferd<\/a><\/h3><\/div><div class=\"img align-center\"><img decoding=\"async\" width=\"315\" height=\"180\" src=\"https:\/\/uelzener.de\/magazin\/app\/uploads\/2020\/01\/93126225-c896-492f-b9a4-e98f3097164c-315x180.jpg\" class=\"attachment-315x180 size-315x180 wp-post-image\" alt=\"Eine Reiterin, ist in der D\u00e4mmerung unterwegs, auch beim Reiten ist die richtige Beleuchtung wichtig.\" \/><\/div><\/div><div class=\"wrapper\"><div class=\"title align-center\"><h3><a href=\"https:\/\/uelzener.de\/magazin\/pferd\/tipps-fuer-den-alltag\/die-schoensten-geschenke-rund-ums-pferd\/\">Die sch\u00f6nsten Geschenke rund ums Pferd<\/a><\/h3><\/div><div class=\"img align-center\"><img decoding=\"async\" width=\"315\" height=\"180\" src=\"https:\/\/uelzener.de\/magazin\/app\/uploads\/2025\/12\/Magazin_Geschenke_Pferde-315x180.jpg\" class=\"attachment-315x180 size-315x180 wp-post-image\" alt=\"Ein braunes kleines Schaukelpferd steht auf einem mit Schnee bedecktem Stallboden vor einem Tannenzweig.\" \/><\/div><\/div><\/div>\n\n<h2>Fazit:<\/h2>\n<p>Im Herbst ist einiges zu beachten, wenn es um das Wohlergehen und die Gesundheit unserer Pferde geht. <a href=\"https:\/\/uelzener.de\/magazin\/pferd\/haltung\/pferdeweide-im-herbst\/\">Die Pferdeweide<\/a> muss entsprechend anders genutzt werden. Der <a href=\"https:\/\/uelzener.de\/magazin\/pferd\/tiergesundheit\/fellwechsel-pferd\/\">Fellwechsel<\/a> steht an. Dar\u00fcber hinaus steht die Sicherheit von Pferd und Reitenden an oberster Stelle. In der dunkleren Jahreszeit sollte die Ausstattung an die Wetter- und Sichtverh\u00e4ltnisse angepasst werden. F\u00fcr das Pferd ist Trittsicherheit und bei Pferd und Reitenden eine gute Sichtbarkeit f\u00fcr andere Verkehrsteilnehmende entscheidend. Dies hilft, <a href=\"https:\/\/uelzener.de\/magazin\/pferd\/haeufige-fragen\/haeufige-reitunfaelle\/\">Reitunf\u00e4lle<\/a> zu vermeiden. Dar\u00fcber hinaus sollten sowohl Vier- als auch Zweibeiner vor den Witterungsverh\u00e4ltnissen mit entsprechenden Decken bzw. Kleidung gesch\u00fctzt werden. Geschieht doch einmal etwas, bewahrt einen die passende Pferde-Versicherung vor hohen Tierarztkosten.<\/p>\n\n<div class=\"banner\">\n    <a href=\"https:\/\/uelzener.de\/pferd?agt=0000104925&sem=true&utm_medium=magazin&utm_source=wordpress&utm_campaign=pferd&utm_content=banner\">\n        <img decoding=\"async\" width=\"300\" height=\"212\" src=\"https:\/\/uelzener.de\/magazin\/app\/uploads\/2025\/01\/Pferde-Versicherung.jpg\" class=\"attachment-medium size-medium\" alt=\"Banner Pferde-Versicherung\" \/>    <\/a>\n<\/div>\n\n<h2>FAQ: H\u00e4ufig gestellte Fragen<\/h2>\n<h3>Wann ist es zu kalt zum Reiten?<\/h3>\n<p>Die Frage, wann es zu kalt zum Reiten ist, l\u00e4sst sich nicht pauschal beantworten. Bereits ab Minusgraden von minus vier Grad abw\u00e4rts k\u00f6nnen die Atemwege zu sehr belastet werden. Pferde, die unter Atemwegsbeschwerden leiden, sollten in dem Fall nur ma\u00dfvoll bewegt werden. Schnellere Gangarten vermeidet man m\u00f6glicherweise besser. Auch gesunde Pferde sollten bei Minusgraden nur moderat bewegt werden. Bewegung ist nat\u00fcrlich dennoch wichtig. Daher passt man Bewegung generell dem Gesundheitszustand des Pferdes an. Am besten fragt man seine Tier\u00e4rztin oder seinen Tierarzt, wie intensiv die Bewegung bei niedrigeren Temperaturen ausfallen sollte.<\/p>\n","protected":false},"excerpt":{"rendered":"<p>Der Herbst bringt seine ganz eigenen Herausforderungen f\u00fcr Pferde und Reitende mit sich. Feuchter Boden, verst\u00e4rkter Regen, k\u00fchlere Temperaturen, die fr\u00fch einsetzende Dunkelheit. Mit der passenden Ausr\u00fcstung kommen Vier- und Zweibeiner gut durch die dunklere Jahreszeit. Wir kl\u00e4ren, was bei der Ausr\u00fcstung f\u00fcr Vier- und Zweibeiner in der dunkleren Jahreszeit ganz besonders zu beachten ist. [&hellip;]<\/p>\n","protected":false},"author":11,"featured_media":16398,"parent":11703,"menu_order":2,"comment_status":"closed","ping_status":"closed","template":"templates\/blog.php","meta":{"_acf_changed":false,"_crdt_document":"","footnotes":"","beyondwords_generate_audio":"0","beyondwords_project_id":"","beyondwords_content_id":"","beyondwords_preview_token":"","beyondwords_player_style":"","beyondwords_language_id":"","beyondwords_title_voice_id":"","beyondwords_body_voice_id":"","beyondwords_summary_voice_id":"","beyondwords_error_message":"","beyondwords_disabled":"","beyondwords_delete_content":"","beyondwords_podcast_id":"","beyondwords_hash":"","publish_post_to_speechkit":"","speechkit_hash":"","speechkit_generate_audio":"","speechkit_project_id":"","speechkit_podcast_id":"","speechkit_error_message":"","speechkit_disabled":"","speechkit_access_key":"","speechkit_error":"","speechkit_info":"","speechkit_response":"","speechkit_retries":"","speechkit_status":"","speechkit_updated_at":"","_speechkit_link":"","_speechkit_text":""},"class_list":["post-16397","page","type-page","status-publish","has-post-thumbnail","hentry"],"acf":[],"yoast_head":"<!-- This site is optimized with the Yoast SEO Premium plugin  - https:\/\/yoast.com\/product\/yoast-seo-premium-wordpress\/ -->\n<title>Herbstliche Ausr\u00fcstung f\u00fcr Pferd und Reiter:in | Uelzener Magazin<\/title>\n<meta name=\"description\" content=\"Reitkleidung, Pferdedecken, Hufschuhe, Reflektoren \u2728 Pferd und Reitende sicher unterwegs in der dunklen Jahreszeit \u2714\" \/>\n<meta name=\"robots\" content=\"index, follow, max-snippet:-1, max-image-preview:large, max-video-preview:-1\" \/>\n<link rel=\"canonical\" href=\"https:\/\/uelzener.de\/magazin\/pferd\/tipps-fuer-den-alltag\/reitausruestung-im-herbst\/\" \/>\n<meta property=\"og:locale\" content=\"de_DE\" \/>\n<meta property=\"og:type\" content=\"article\" \/>\n<meta property=\"og:title\" content=\"Herbstliche Ausr\u00fcstung f\u00fcr Pferd und Reiter:in\" \/>\n<meta property=\"og:description\" content=\"Reitkleidung, Pferdedecken, Hufschuhe, Reflektoren \u2728 Pferd und Reitende sicher unterwegs in der dunklen Jahreszeit \u2714\" \/>\n<meta property=\"og:url\" content=\"https:\/\/uelzener.de\/magazin\/pferd\/tipps-fuer-den-alltag\/reitausruestung-im-herbst\/\" \/>\n<meta property=\"og:site_name\" content=\"Uelzener Tier-Magazin\" \/>\n<meta property=\"article:publisher\" content=\"https:\/\/www.facebook.com\/Uelzener\" \/>\n<meta property=\"article:modified_time\" content=\"2025-12-30T12:47:06+00:00\" \/>\n<meta property=\"og:image\" content=\"https:\/\/uelzener.de\/magazin\/app\/uploads\/2023\/10\/pferd-im-herbst.jpg\" \/>\n\t<meta property=\"og:image:width\" content=\"1025\" \/>\n\t<meta property=\"og:image:height\" content=\"450\" \/>\n\t<meta property=\"og:image:type\" content=\"image\/jpeg\" \/>\n<meta name=\"twitter:card\" content=\"summary_large_image\" \/>\n<meta name=\"twitter:label1\" content=\"Gesch\u00e4tzte Lesezeit\" \/>\n\t<meta name=\"twitter:data1\" content=\"5\u00a0Minuten\" \/>\n<script type=\"application\/ld+json\" class=\"yoast-schema-graph\">{\"@context\":\"https:\/\/schema.org\",\"@graph\":[{\"@type\":\"WebPage\",\"@id\":\"https:\/\/uelzener.de\/magazin\/pferd\/tipps-fuer-den-alltag\/reitausruestung-im-herbst\/\",\"url\":\"https:\/\/uelzener.de\/magazin\/pferd\/tipps-fuer-den-alltag\/reitausruestung-im-herbst\/\",\"name\":\"Herbstliche Ausr\u00fcstung f\u00fcr Pferd und Reiter:in | Uelzener Magazin\",\"isPartOf\":{\"@id\":\"https:\/\/uelzener.de\/magazin\/#website\"},\"primaryImageOfPage\":{\"@id\":\"https:\/\/uelzener.de\/magazin\/pferd\/tipps-fuer-den-alltag\/reitausruestung-im-herbst\/#primaryimage\"},\"image\":{\"@id\":\"https:\/\/uelzener.de\/magazin\/pferd\/tipps-fuer-den-alltag\/reitausruestung-im-herbst\/#primaryimage\"},\"thumbnailUrl\":\"https:\/\/uelzener.de\/magazin\/app\/uploads\/2023\/10\/pferd-im-herbst.jpg\",\"datePublished\":\"2023-10-12T06:56:59+00:00\",\"dateModified\":\"2025-12-30T12:47:06+00:00\",\"description\":\"Reitkleidung, Pferdedecken, Hufschuhe, Reflektoren \u2728 Pferd und Reitende sicher unterwegs in der dunklen Jahreszeit \u2714\",\"breadcrumb\":{\"@id\":\"https:\/\/uelzener.de\/magazin\/pferd\/tipps-fuer-den-alltag\/reitausruestung-im-herbst\/#breadcrumb\"},\"inLanguage\":\"de\",\"potentialAction\":[{\"@type\":\"ReadAction\",\"target\":[\"https:\/\/uelzener.de\/magazin\/pferd\/tipps-fuer-den-alltag\/reitausruestung-im-herbst\/\"]}]},{\"@type\":\"ImageObject\",\"inLanguage\":\"de\",\"@id\":\"https:\/\/uelzener.de\/magazin\/pferd\/tipps-fuer-den-alltag\/reitausruestung-im-herbst\/#primaryimage\",\"url\":\"https:\/\/uelzener.de\/magazin\/app\/uploads\/2023\/10\/pferd-im-herbst.jpg\",\"contentUrl\":\"https:\/\/uelzener.de\/magazin\/app\/uploads\/2023\/10\/pferd-im-herbst.jpg\",\"width\":1025,\"height\":450,\"caption\":\"Pferd steht im Herbstfeld\"},{\"@type\":\"WebSite\",\"@id\":\"https:\/\/uelzener.de\/magazin\/#website\",\"url\":\"https:\/\/uelzener.de\/magazin\/\",\"name\":\"Uelzener Tiermagazin\",\"description\":\"Online Tierratgeber der Uelzener Versicherungen\",\"publisher\":{\"@id\":\"https:\/\/uelzener.de\/magazin\/#organization\"},\"potentialAction\":[{\"@type\":\"SearchAction\",\"target\":{\"@type\":\"EntryPoint\",\"urlTemplate\":\"https:\/\/uelzener.de\/magazin\/?s={search_term_string}\"},\"query-input\":{\"@type\":\"PropertyValueSpecification\",\"valueRequired\":true,\"valueName\":\"search_term_string\"}}],\"inLanguage\":\"de\"},{\"@type\":\"Organization\",\"@id\":\"https:\/\/uelzener.de\/magazin\/#organization\",\"name\":\"Uelzener Versicherungen\",\"url\":\"https:\/\/uelzener.de\/magazin\/\",\"logo\":{\"@type\":\"ImageObject\",\"inLanguage\":\"de\",\"@id\":\"https:\/\/uelzener.de\/magazin\/#\/schema\/logo\/image\/\",\"url\":\"https:\/\/uelzener.de\/magazin\/app\/uploads\/2024\/11\/uelzener_allgemeine_versicherungsgesellschaft_a_g_logo.jpg\",\"contentUrl\":\"https:\/\/uelzener.de\/magazin\/app\/uploads\/2024\/11\/uelzener_allgemeine_versicherungsgesellschaft_a_g_logo.jpg\",\"width\":200,\"height\":200,\"caption\":\"Uelzener Versicherungen\"},\"image\":{\"@id\":\"https:\/\/uelzener.de\/magazin\/#\/schema\/logo\/image\/\"},\"sameAs\":[\"https:\/\/www.facebook.com\/Uelzener\",\"https:\/\/instagram.com\/uelzener\",\"https:\/\/www.xing.com\/pages\/uelzenerallgemeineversicherungs-gesellschafta-g\",\"https:\/\/www.youtube.com\/UelzenerVersicherungen\"]}]}<\/script>\n<!-- \/ Yoast SEO Premium plugin. -->","yoast_head_json":{"title":"Herbstliche Ausr\u00fcstung f\u00fcr Pferd und Reiter:in | Uelzener Magazin","description":"Reitkleidung, Pferdedecken, Hufschuhe, Reflektoren \u2728 Pferd und Reitende sicher unterwegs in der dunklen Jahreszeit \u2714","robots":{"index":"index","follow":"follow","max-snippet":"max-snippet:-1","max-image-preview":"max-image-preview:large","max-video-preview":"max-video-preview:-1"},"canonical":"https:\/\/uelzener.de\/magazin\/pferd\/tipps-fuer-den-alltag\/reitausruestung-im-herbst\/","og_locale":"de_DE","og_type":"article","og_title":"Herbstliche Ausr\u00fcstung f\u00fcr Pferd und Reiter:in","og_description":"Reitkleidung, Pferdedecken, Hufschuhe, Reflektoren \u2728 Pferd und Reitende sicher unterwegs in der dunklen Jahreszeit \u2714","og_url":"https:\/\/uelzener.de\/magazin\/pferd\/tipps-fuer-den-alltag\/reitausruestung-im-herbst\/","og_site_name":"Uelzener Tier-Magazin","article_publisher":"https:\/\/www.facebook.com\/Uelzener","article_modified_time":"2025-12-30T12:47:06+00:00","og_image":[{"width":1025,"height":450,"url":"https:\/\/uelzener.de\/magazin\/app\/uploads\/2023\/10\/pferd-im-herbst.jpg","type":"image\/jpeg"}],"twitter_card":"summary_large_image","twitter_misc":{"Gesch\u00e4tzte Lesezeit":"5\u00a0Minuten"},"schema":{"@context":"https:\/\/schema.org","@graph":[{"@type":"WebPage","@id":"https:\/\/uelzener.de\/magazin\/pferd\/tipps-fuer-den-alltag\/reitausruestung-im-herbst\/","url":"https:\/\/uelzener.de\/magazin\/pferd\/tipps-fuer-den-alltag\/reitausruestung-im-herbst\/","name":"Herbstliche Ausr\u00fcstung f\u00fcr Pferd und Reiter:in | Uelzener Magazin","isPartOf":{"@id":"https:\/\/uelzener.de\/magazin\/#website"},"primaryImageOfPage":{"@id":"https:\/\/uelzener.de\/magazin\/pferd\/tipps-fuer-den-alltag\/reitausruestung-im-herbst\/#primaryimage"},"image":{"@id":"https:\/\/uelzener.de\/magazin\/pferd\/tipps-fuer-den-alltag\/reitausruestung-im-herbst\/#primaryimage"},"thumbnailUrl":"https:\/\/uelzener.de\/magazin\/app\/uploads\/2023\/10\/pferd-im-herbst.jpg","datePublished":"2023-10-12T06:56:59+00:00","dateModified":"2025-12-30T12:47:06+00:00","description":"Reitkleidung, Pferdedecken, Hufschuhe, Reflektoren \u2728 Pferd und Reitende sicher unterwegs in der dunklen Jahreszeit \u2714","breadcrumb":{"@id":"https:\/\/uelzener.de\/magazin\/pferd\/tipps-fuer-den-alltag\/reitausruestung-im-herbst\/#breadcrumb"},"inLanguage":"de","potentialAction":[{"@type":"ReadAction","target":["https:\/\/uelzener.de\/magazin\/pferd\/tipps-fuer-den-alltag\/reitausruestung-im-herbst\/"]}]},{"@type":"ImageObject","inLanguage":"de","@id":"https:\/\/uelzener.de\/magazin\/pferd\/tipps-fuer-den-alltag\/reitausruestung-im-herbst\/#primaryimage","url":"https:\/\/uelzener.de\/magazin\/app\/uploads\/2023\/10\/pferd-im-herbst.jpg","contentUrl":"https:\/\/uelzener.de\/magazin\/app\/uploads\/2023\/10\/pferd-im-herbst.jpg","width":1025,"height":450,"caption":"Pferd steht im Herbstfeld"},{"@type":"WebSite","@id":"https:\/\/uelzener.de\/magazin\/#website","url":"https:\/\/uelzener.de\/magazin\/","name":"Uelzener Tiermagazin","description":"Online Tierratgeber der Uelzener Versicherungen","publisher":{"@id":"https:\/\/uelzener.de\/magazin\/#organization"},"potentialAction":[{"@type":"SearchAction","target":{"@type":"EntryPoint","urlTemplate":"https:\/\/uelzener.de\/magazin\/?s={search_term_string}"},"query-input":{"@type":"PropertyValueSpecification","valueRequired":true,"valueName":"search_term_string"}}],"inLanguage":"de"},{"@type":"Organization","@id":"https:\/\/uelzener.de\/magazin\/#organization","name":"Uelzener Versicherungen","url":"https:\/\/uelzener.de\/magazin\/","logo":{"@type":"ImageObject","inLanguage":"de","@id":"https:\/\/uelzener.de\/magazin\/#\/schema\/logo\/image\/","url":"https:\/\/uelzener.de\/magazin\/app\/uploads\/2024\/11\/uelzener_allgemeine_versicherungsgesellschaft_a_g_logo.jpg","contentUrl":"https:\/\/uelzener.de\/magazin\/app\/uploads\/2024\/11\/uelzener_allgemeine_versicherungsgesellschaft_a_g_logo.jpg","width":200,"height":200,"caption":"Uelzener Versicherungen"},"image":{"@id":"https:\/\/uelzener.de\/magazin\/#\/schema\/logo\/image\/"},"sameAs":["https:\/\/www.facebook.com\/Uelzener","https:\/\/instagram.com\/uelzener","https:\/\/www.xing.com\/pages\/uelzenerallgemeineversicherungs-gesellschafta-g","https:\/\/www.youtube.com\/UelzenerVersicherungen"]}]}},"_links":{"self":[{"href":"https:\/\/uelzener.de\/magazin\/wp-json\/wp\/v2\/pages\/16397","targetHints":{"allow":["GET"]}}],"collection":[{"href":"https:\/\/uelzener.de\/magazin\/wp-json\/wp\/v2\/pages"}],"about":[{"href":"https:\/\/uelzener.de\/magazin\/wp-json\/wp\/v2\/types\/page"}],"author":[{"embeddable":true,"href":"https:\/\/uelzener.de\/magazin\/wp-json\/wp\/v2\/users\/11"}],"replies":[{"embeddable":true,"href":"https:\/\/uelzener.de\/magazin\/wp-json\/wp\/v2\/comments?post=16397"}],"version-history":[{"count":7,"href":"https:\/\/uelzener.de\/magazin\/wp-json\/wp\/v2\/pages\/16397\/revisions"}],"predecessor-version":[{"id":19640,"href":"https:\/\/uelzener.de\/magazin\/wp-json\/wp\/v2\/pages\/16397\/revisions\/19640"}],"up":[{"embeddable":true,"href":"https:\/\/uelzener.de\/magazin\/wp-json\/wp\/v2\/pages\/11703"}],"wp:featuredmedia":[{"embeddable":true,"href":"https:\/\/uelzener.de\/magazin\/wp-json\/wp\/v2\/media\/16398"}],"wp:attachment":[{"href":"https:\/\/uelzener.de\/magazin\/wp-json\/wp\/v2\/media?parent=16397"}],"curies":[{"name":"wp","href":"https:\/\/api.w.org\/{rel}","templated":true}]}}