{"id":16168,"date":"2023-08-21T08:53:18","date_gmt":"2023-08-21T06:53:18","guid":{"rendered":"https:\/\/uelzener.de\/magazin\/?page_id=16168"},"modified":"2025-09-03T09:06:29","modified_gmt":"2025-09-03T07:06:29","slug":"online-reitschulen","status":"publish","type":"page","link":"https:\/\/uelzener.de\/magazin\/pferd\/erziehung-und-training\/online-reitschulen\/","title":{"rendered":"Online-Reitschulen: Reiten lernen im digitalen Zeitalter"},"content":{"rendered":"<p>Online-Reitschulen haben eine wachsende Bedeutung erlangt. Schon vor Corona war der Grundstein f\u00fcr diese Entwicklung gelegt. Die Corona-Pandemie hat den Online-Reitschulen jedoch verst\u00e4rkt R\u00fcckenwind gegeben. Unter Online-Reitschulen finden sich unterschiedliche Angebote. So gibt es 1:1-Reitunterricht mittels Video- und Ton\u00fcbertragung, bei der \u00e4hnlich wie im klassischen Unterricht unterrichtet wird. Unter Online-Reitschule mit einem gr\u00f6\u00dferen Zielpublikum finden sich Streaming-Anbieter, die Online-Kurse, Webinare bis hin zu moderierten digitalen Live-Events anbieten. Diese virtuellen Plattformen bieten Reiterinnen und Reitern die M\u00f6glichkeit, ihr Wissen \u00fcber Reiten, Pferdepflege, Training und Pferdegesundheit bequem ortsunabh\u00e4ngig zu erweitern. Um diese Form der Online-Reitschule soll es in diesem Artikel gehen.<\/p>\n<h2>Die Vorteile von Online-Reitkursen<\/h2>\n<p>Online-Reitschulen erm\u00f6glichen Pferdebegeisterten, ihr Hobby mit unschlagbar flexibler Zeiteinteilung auszu\u00fcben. Denn zumeist werden die Inhalte \u00fcber jederzeit abrufbare Video-Tutorials vermittelt. Au\u00dferdem k\u00f6nnen Online-Reitschulen eine sehr breite Palette an Lerninhalten zur Verf\u00fcgung stellen. Von anwendungsorientiertem Wissen zum praktischen Reiten, \u00fcber Know-how zur Pferdepflege und theoretischen Hintergrundinformationen bez\u00fcglich Gesundheit und Ern\u00e4hrung. Der Themenvielfalt sind in einer Online-Reitschule kaum Grenzen gesetzt.<\/p>\n<p>Auch bieten Online-Reitschulen die M\u00f6glichkeit sehr spezielles Wissen bereitzustellen. Denn ihre Zielgruppe ist \u00fcberregional unterwegs und so finden sich auch f\u00fcr Nischenthemen ausreichend Interessierte. Im Verh\u00e4ltnis ist eine Online-Reitschule recht kosteng\u00fcnstig. Zudem bieten Online-Reitschulen h\u00e4ufig auch die M\u00f6glichkeit, kostenlose Inhalte zu nutzen.<\/p>\n<p>Hier die Vorteile von Online-Reitschulen noch einmal auf einen Blick:<\/p>\n<ul>\n<li>flexible Zeiteinteilung<\/li>\n<li>ortsunabh\u00e4ngig nutzbar<\/li>\n<li>breit gef\u00e4cherte Lerninhalte<\/li>\n<li>von renommierten Expertinnen und Experten lernen (auch mit kleinem Budget)<\/li>\n<li>Nischenthemen f\u00fcr jede und jeden zug\u00e4nglich<\/li>\n<\/ul>\n<h2>Den richtigen Kurs ausw\u00e4hlen: Darauf kommt es an<\/h2>\n<p>Bei der Auswahl der passenden Online-Reitschule ist es \u00e4hnlich wie mit einer klassischen <a href=\"https:\/\/uelzener.de\/magazin\/pferd\/erziehung-und-training\/reitschule-kind\/\">Reitschule<\/a>. Eine sorgf\u00e4ltige Recherche tr\u00e4gt zur Auswahl der passenden Reitschule bei. Dabei sollten Erfahrung der Trainerinnen und Trainer, Ausbildung und Kursinhalte ber\u00fccksichtigt werden. Bewertungen und Erfahrungsberichte helfen zu einer fundierten Einsch\u00e4tzung. Bietet eine Online-Reitschule ein Abo-Modell an, empfiehlt sich ein Probezeitraum, in dem die Inhalte getestet werden k\u00f6nnen. Au\u00dferdem l\u00e4sst sich auf diese Weise sehr gut herausfinden, ob eine Online-Reitschule \u00fcberhaupt das passende Format f\u00fcr einen ist.<\/p>\n<h2>Vorbereitungen f\u00fcr das Online-Reittraining<\/h2>\n<p>Voraussetzung f\u00fcr die Nutzung einer Online-Reitschule sind Ger\u00e4te wie ein Tablet oder Laptop, die mit an den Ort des Reittrainings genommen werden k\u00f6nnen. Au\u00dferdem ein Internetzugang mit entsprechender Netzgeschwindigkeit. Falls am Reitplatz nicht ausreichend Internetgeschwindigkeit vorhanden ist, sollte man darauf achten, dass die Online-Reitschule die M\u00f6glichkeit zum Download der Inhalte anbietet. Doch nicht alles, was man \u00fcber die Online-Reitschule lernen kann, muss am Reitplatz angeschaut werden. Denn viel theoretisches Hintergrundwissen l\u00e4sst sich gem\u00fctlich zu Hause aneignen.<\/p>\n<h2>Potenzielle Herausforderungen meistern<\/h2>\n<p>Reitunterricht online eignet sich am ehesten f\u00fcr erfahrene Reiterinnen und Reiter. Sie k\u00f6nnen die Nachteile des Online-Settings leichter ausgleichen. Ob erfahren oder nicht, passieren kann jederzeit etwas. Daher ist eine Versicherung so extrem wichtig. Aber auch Anf\u00e4ngerinnen und Anf\u00e4nger k\u00f6nnen von den Inhalten einer Online-Reitschule profitieren. Denn auch theoretisches Wissen oder das Anschauen von Lehrvideos kann dazu beitragen, reiten zu lernen oder sich zu verbessern. Eine weitere Herausforderung besteht in selbstregulatorischen F\u00e4higkeiten. Man ben\u00f6tigt ein gewisses Ma\u00df an Selbstmotivation und Selbstdisziplin, um das Angebot einer Online-Reitschule entsprechend nutzen zu k\u00f6nnen.<\/p>\n\n<div class=\"banner\">\n    <a href=\"https:\/\/uelzener.de\/pferd?agt=0000104925&sem=true&utm_medium=magazin&utm_source=wordpress&utm_campaign=pferd&utm_content=banner\">\n        <img decoding=\"async\" width=\"300\" height=\"212\" src=\"https:\/\/uelzener.de\/magazin\/app\/uploads\/2025\/01\/Pferde-Versicherung.jpg\" class=\"attachment-medium size-medium\" alt=\"Banner Pferde-Versicherung\" \/>    <\/a>\n<\/div>\n\n<h2>Tipps f\u00fcr ein erfolgreiches Lernerlebnis<\/h2>\n<p>Einiges, was in einer klassischen Reitschule von Trainerinnen und Trainern geleistet wird, m\u00fcssen Teilnehmende einer Online-Reitschule selbst \u00fcbernehmen. Dazu geh\u00f6ren das Erstellen von Trainingspl\u00e4nen und die \u00dcberpr\u00fcfung des Trainingsfortschritts. Hilfreich ist dabei eine Community, in der sich die Mitglieder zu den Lerninhalten austauschen k\u00f6nnen.<\/p>\n<h2>Zukunft von Online-Reitschulen<\/h2>\n<p>Das Interesse an Online-Angeboten f\u00fcr Pferde- und Reitbegeisterten ist hoch und w\u00e4chst weiter. Derzeit gibt es verschiedene Angebote in diesem Bereich und es ist mit einem Ausbau bestehender Angebote zu rechnen.<\/p>\n<h2>Fazit: Reiten lernen, wann und wo es passt<\/h2>\n<p>Online-Reitschulen k\u00f6nnen eine hervorragende Erg\u00e4nzung zu \u00fcblichem Reitunterricht sein. Dabei gibt es unterschiedliche Formen von Online-Reitschulen. In diesem Artikel ging es um virtuelle Plattformen, die Reiterinnen und Reitern die M\u00f6glichkeit geben, ihr Wissen \u00fcber Reitsport, Pferdepflege, Training und Pferdegesundheit bequem ortsunabh\u00e4ngig zu erweitern. Dar\u00fcber hinaus bieten Online-Reitschule zumeist eine breite Themenvielfalt und Angebote von Expertinnen und Experten, zu deren Know-how man ansonsten nur selten oder zu weitaus h\u00f6heren Kosten Zugang hat. Zumeist bieten Online-Reitschulen ein Abo-Modell an, in dessen Rahmen, man f\u00fcr einen monatlichen Beitrag unbegrenzten Zugang zu den Inhalten bekommt. Gleichg\u00fcltig ob digital oder analog. Wer sich als Reiterin oder Reiter dar\u00fcber hinaus fragt, ob eine Pferdeversicherung Sinn macht, findet hier alle wichtigen Infos: Welche Versicherung?<\/p>\n\n<div class=\"related_articles boxed\">\n    <h2>Mehr zum Thema<\/h2>\n    \n    <div class=\"wrapper\"><div class=\"title align-center\"><h3><a href=\"https:\/\/uelzener.de\/magazin\/pferd\/erziehung-und-training\/timing-gebisslos-reiten-mit-system\/\">Timing: \u201egebisslos\u201c Reiten mit System<\/a><\/h3><\/div><div class=\"img align-center\"><img decoding=\"async\" width=\"315\" height=\"180\" src=\"https:\/\/uelzener.de\/magazin\/app\/uploads\/2024\/05\/gebissloses-reiten-315x180.jpg\" class=\"attachment-315x180 size-315x180 wp-post-image\" alt=\"Mann im Sattel auf Pferd.\" \/><\/div><\/div><div class=\"wrapper\"><div class=\"title align-center\"><h3><a href=\"https:\/\/uelzener.de\/magazin\/pferd\/erziehung-und-training\/handarbeit\/\">Handarbeit: Warum ist \u201eBalance\u201c so wichtig?<\/a><\/h3><\/div><div class=\"img align-center\"><img decoding=\"async\" width=\"315\" height=\"180\" src=\"https:\/\/uelzener.de\/magazin\/app\/uploads\/2023\/11\/handarbeit-pferd-315x180.jpg\" class=\"attachment-315x180 size-315x180 wp-post-image\" alt=\"Peter Kreinberg bei der Handarbeit am Pferd.\" \/><\/div><\/div><div class=\"wrapper\"><div class=\"title align-center\"><h3><a href=\"https:\/\/uelzener.de\/magazin\/pferd\/tiergesundheit\/welche-versicherung-pferd\/\">Welche Versicherungen f\u00fcrs Pferd? Schutz f\u00fcr Pferd und Reiter:innen<\/a><\/h3><\/div><div class=\"img align-center\"><img decoding=\"async\" width=\"315\" height=\"180\" src=\"https:\/\/uelzener.de\/magazin\/app\/uploads\/2022\/08\/Welche-Versicherung-fuers-Pferd-315x180.jpg\" class=\"attachment-315x180 size-315x180 wp-post-image\" alt=\"Reiterin f\u00fchrt gesatteltes, braunes Pferd am Z\u00fcgel \u00fcber sonnige Wiesen\" \/><\/div><\/div><\/div>\n\n<h2>FAQ: H\u00e4ufig gestellte Fragen<\/h2>\n<h3>Wie viel kostet wehorse?<\/h3>\n<p>Eine der bekanntesten Online-Reitschulen ist <a href=\"https:\/\/www.wehorse.com\/de\/home\/\">wehorse<\/a>. Neben Online-Kursen bietet wehorse einen h\u00f6renswerten <a href=\"https:\/\/www.wehorse.com\/de\/blog\/podcast\/\">Podcast<\/a>, in dem Experten zu unterschiedlichen Themen interviewt werden. Au\u00dferdem k\u00f6nnen Reitbegeisterte bei wehorse von bekannten Pers\u00f6nlichkeiten wie dem erfolgreichen Vielseitigkeits-Trainer Christopher Bartle und der Dressur-Olympiasiegerin Jessica von Bredow-Werndl lernen. Bei wehorse gibt es im Abomodell zwei Pakete. M\u00f6chte man nur eine monatliche Laufzeit, betr\u00e4gt der Preis 26,90 EUR\/Monat. Schlie\u00dft man ein Abo direkt f\u00fcr ein Jahr ab, zahlt man 16,66 EUR\/Monat. Die Mitgliedschaften verl\u00e4ngern sich automatisch. Allerdings kann man jederzeit zum Ende der Laufzeit k\u00fcndigen. (Stand: 17.08.2023)<\/p>\n<h3>Kann jeder reiten lernen?<\/h3>\n<p>Fast jede und jeder kann unter bestimmten Voraussetzungen reiten lernen. Physische F\u00e4higkeiten, wie Koordination, Kraft, Balance und auch mentale F\u00e4higkeiten wie Geduld, Durchhalteverm\u00f6gen sind in einem gewissen Ausma\u00df wichtig, um reiten zu lernen. Dar\u00fcber hinaus ist die Qualit\u00e4t des Reitunterrichts entscheidend.<\/p>\n<h3>Sind Online-Reitschulen f\u00fcr Anf\u00e4nger geeignet?<\/h3>\n<p>Die Antwort lautet Jein. Ja, Online-Reitschulen sind gut f\u00fcr Anf\u00e4ngerinnen und Anf\u00e4nger geeignet, wenn es um Wissensvermittlung geht. So k\u00f6nnen sie sich Kenntnisse \u00fcber beispielsweise Reiten, Pflege, Gesundheit und Haltung von Pferden aneignen. Das Reiten selbst, l\u00e4sst sich von Reitanf\u00e4ngerinnen und Reitanf\u00e4ngern besser im klassichen Reitunterreicht erlernen. Doch als Erg\u00e4nzung k\u00f6nnen alle Reit- und Pferdebegeisterten, unabh\u00e4ngig vom Leistungsniveau, von einer Online-Reitschule profitieren.<\/p>\n<h3>Wie kann ich sicherstellen, dass der gew\u00e4hlte Online-Reitkurs qualitativ hochwertig ist?<\/h3>\n<p>Kundenbewertungen, Erfahrungsberichte und Referenzen helfen die Qualit\u00e4t bei der Auswahl von Online-Reitkursen einzusch\u00e4tzen. Zudem werden h\u00e4ufig renommierte Trainerinnen und Trainer f\u00fcr Online-Kurse verpflichtet. Dies kann in vielen F\u00e4llen bereits f\u00fcr eine hohe Qualit\u00e4t der Lernangebote sprechen. Dar\u00fcber hinaus sind die eigenen Erwartungen und W\u00fcnsche an die Online-Reitschule f\u00fcr eine zufriedenstellende Nutzung wichtig. Deswegen sollte man sich vor dem Start, die eigenen Erwartungen bewusst machen und das Angebot daraufhin anaysieren, ob es diese erf\u00fcllen kann.<\/p>\n<h3>Wie kann ich trotz fehlender physischer Anwesenheit des Trainers meine Fortschritte sicherstellen?<\/h3>\n<p>Die Kontrolle von Lernfortschritten \u00fcbernehmen Teilnehmende von Online-Reitschulen in der Regel selbst. Dazu halten sie ihre Lernziele selbst fest und erstellen sich einen Trainings- bzw. Lernplan. Der Austausch in einer Community kann helfen, sich zu motivieren und sein Training zu optimieren. Einige Online-Reitschulen bieten auch die M\u00f6glichkeit, im Rahmen von Videokonferenzen oder mit Hilfe eingesendeter Videos Feedback zu bekommen.<\/p>\n","protected":false},"excerpt":{"rendered":"<p>Online-Reitschulen haben eine wachsende Bedeutung erlangt. Schon vor Corona war der Grundstein f\u00fcr diese Entwicklung gelegt. Die Corona-Pandemie hat den Online-Reitschulen jedoch verst\u00e4rkt R\u00fcckenwind gegeben. Unter Online-Reitschulen finden sich unterschiedliche Angebote. So gibt es 1:1-Reitunterricht mittels Video- und Ton\u00fcbertragung, bei der \u00e4hnlich wie im klassischen Unterricht unterrichtet wird. Unter Online-Reitschule mit einem gr\u00f6\u00dferen Zielpublikum finden [&hellip;]<\/p>\n","protected":false},"author":11,"featured_media":16169,"parent":11689,"menu_order":6,"comment_status":"closed","ping_status":"closed","template":"templates\/blog.php","meta":{"_acf_changed":false,"_crdt_document":"","footnotes":"","beyondwords_generate_audio":"0","beyondwords_project_id":"","beyondwords_content_id":"","beyondwords_preview_token":"","beyondwords_player_style":"","beyondwords_language_id":"","beyondwords_title_voice_id":"","beyondwords_body_voice_id":"","beyondwords_summary_voice_id":"","beyondwords_error_message":"","beyondwords_disabled":"","beyondwords_delete_content":"","beyondwords_podcast_id":"","beyondwords_hash":"","publish_post_to_speechkit":"","speechkit_hash":"","speechkit_generate_audio":"","speechkit_project_id":"","speechkit_podcast_id":"","speechkit_error_message":"","speechkit_disabled":"","speechkit_access_key":"","speechkit_error":"","speechkit_info":"","speechkit_response":"","speechkit_retries":"","speechkit_status":"","speechkit_updated_at":"","_speechkit_link":"","_speechkit_text":""},"class_list":["post-16168","page","type-page","status-publish","has-post-thumbnail","hentry"],"acf":[],"yoast_head":"<!-- This site is optimized with the Yoast SEO Premium plugin  - https:\/\/yoast.com\/product\/yoast-seo-premium-wordpress\/ -->\n<title>Alles \u00fcber Online-Reitschulen | Uelzener Magazin<\/title>\n<meta name=\"description\" content=\"Flexibles Reitenlernen mit Experten weltweit bequem von Zuhause aus \u2013 verlockende Idee. Worauf du bei der Wahl achten musst und alle Vor- und Nachteile.\" \/>\n<meta name=\"robots\" content=\"index, follow, max-snippet:-1, max-image-preview:large, max-video-preview:-1\" \/>\n<link rel=\"canonical\" href=\"https:\/\/uelzener.de\/magazin\/pferd\/erziehung-und-training\/online-reitschulen\/\" \/>\n<meta property=\"og:locale\" content=\"de_DE\" \/>\n<meta property=\"og:type\" content=\"article\" \/>\n<meta property=\"og:title\" content=\"Online-Reitschulen: Reiten lernen im digitalen Zeitalter\" \/>\n<meta property=\"og:description\" content=\"Flexibles Reitenlernen mit Experten weltweit bequem von Zuhause aus \u2013 verlockende Idee. Worauf du bei der Wahl achten musst und alle Vor- und Nachteile.\" \/>\n<meta property=\"og:url\" content=\"https:\/\/uelzener.de\/magazin\/pferd\/erziehung-und-training\/online-reitschulen\/\" \/>\n<meta property=\"og:site_name\" content=\"Uelzener Tier-Magazin\" \/>\n<meta property=\"article:publisher\" content=\"https:\/\/www.facebook.com\/Uelzener\" \/>\n<meta property=\"article:modified_time\" content=\"2025-09-03T07:06:29+00:00\" \/>\n<meta property=\"og:image\" content=\"https:\/\/uelzener.de\/magazin\/app\/uploads\/2023\/08\/online-reitschule-junge-frau.jpg\" \/>\n\t<meta property=\"og:image:width\" content=\"1025\" \/>\n\t<meta property=\"og:image:height\" content=\"450\" \/>\n\t<meta property=\"og:image:type\" content=\"image\/jpeg\" \/>\n<meta name=\"twitter:card\" content=\"summary_large_image\" \/>\n<meta name=\"twitter:label1\" content=\"Gesch\u00e4tzte Lesezeit\" \/>\n\t<meta name=\"twitter:data1\" content=\"7\u00a0Minuten\" \/>\n<script type=\"application\/ld+json\" class=\"yoast-schema-graph\">{\"@context\":\"https:\/\/schema.org\",\"@graph\":[{\"@type\":\"WebPage\",\"@id\":\"https:\/\/uelzener.de\/magazin\/pferd\/erziehung-und-training\/online-reitschulen\/\",\"url\":\"https:\/\/uelzener.de\/magazin\/pferd\/erziehung-und-training\/online-reitschulen\/\",\"name\":\"Alles \u00fcber Online-Reitschulen | Uelzener Magazin\",\"isPartOf\":{\"@id\":\"https:\/\/uelzener.de\/magazin\/#website\"},\"primaryImageOfPage\":{\"@id\":\"https:\/\/uelzener.de\/magazin\/pferd\/erziehung-und-training\/online-reitschulen\/#primaryimage\"},\"image\":{\"@id\":\"https:\/\/uelzener.de\/magazin\/pferd\/erziehung-und-training\/online-reitschulen\/#primaryimage\"},\"thumbnailUrl\":\"https:\/\/uelzener.de\/magazin\/app\/uploads\/2023\/08\/online-reitschule-junge-frau.jpg\",\"datePublished\":\"2023-08-21T06:53:18+00:00\",\"dateModified\":\"2025-09-03T07:06:29+00:00\",\"description\":\"Flexibles Reitenlernen mit Experten weltweit bequem von Zuhause aus \u2013 verlockende Idee. Worauf du bei der Wahl achten musst und alle Vor- und Nachteile.\",\"breadcrumb\":{\"@id\":\"https:\/\/uelzener.de\/magazin\/pferd\/erziehung-und-training\/online-reitschulen\/#breadcrumb\"},\"inLanguage\":\"de\",\"potentialAction\":[{\"@type\":\"ReadAction\",\"target\":[\"https:\/\/uelzener.de\/magazin\/pferd\/erziehung-und-training\/online-reitschulen\/\"]}]},{\"@type\":\"ImageObject\",\"inLanguage\":\"de\",\"@id\":\"https:\/\/uelzener.de\/magazin\/pferd\/erziehung-und-training\/online-reitschulen\/#primaryimage\",\"url\":\"https:\/\/uelzener.de\/magazin\/app\/uploads\/2023\/08\/online-reitschule-junge-frau.jpg\",\"contentUrl\":\"https:\/\/uelzener.de\/magazin\/app\/uploads\/2023\/08\/online-reitschule-junge-frau.jpg\",\"width\":1025,\"height\":450,\"caption\":\"Junge Frau nimmt am Laptop Unterricht bei einer Online-Reitschule.\"},{\"@type\":\"WebSite\",\"@id\":\"https:\/\/uelzener.de\/magazin\/#website\",\"url\":\"https:\/\/uelzener.de\/magazin\/\",\"name\":\"Uelzener Tiermagazin\",\"description\":\"Online Tierratgeber der Uelzener Versicherungen\",\"publisher\":{\"@id\":\"https:\/\/uelzener.de\/magazin\/#organization\"},\"potentialAction\":[{\"@type\":\"SearchAction\",\"target\":{\"@type\":\"EntryPoint\",\"urlTemplate\":\"https:\/\/uelzener.de\/magazin\/?s={search_term_string}\"},\"query-input\":{\"@type\":\"PropertyValueSpecification\",\"valueRequired\":true,\"valueName\":\"search_term_string\"}}],\"inLanguage\":\"de\"},{\"@type\":\"Organization\",\"@id\":\"https:\/\/uelzener.de\/magazin\/#organization\",\"name\":\"Uelzener Versicherungen\",\"url\":\"https:\/\/uelzener.de\/magazin\/\",\"logo\":{\"@type\":\"ImageObject\",\"inLanguage\":\"de\",\"@id\":\"https:\/\/uelzener.de\/magazin\/#\/schema\/logo\/image\/\",\"url\":\"https:\/\/uelzener.de\/magazin\/app\/uploads\/2024\/11\/uelzener_allgemeine_versicherungsgesellschaft_a_g_logo.jpg\",\"contentUrl\":\"https:\/\/uelzener.de\/magazin\/app\/uploads\/2024\/11\/uelzener_allgemeine_versicherungsgesellschaft_a_g_logo.jpg\",\"width\":200,\"height\":200,\"caption\":\"Uelzener Versicherungen\"},\"image\":{\"@id\":\"https:\/\/uelzener.de\/magazin\/#\/schema\/logo\/image\/\"},\"sameAs\":[\"https:\/\/www.facebook.com\/Uelzener\",\"https:\/\/instagram.com\/uelzener\",\"https:\/\/www.xing.com\/pages\/uelzenerallgemeineversicherungs-gesellschafta-g\",\"https:\/\/www.youtube.com\/UelzenerVersicherungen\"]}]}<\/script>\n<!-- \/ Yoast SEO Premium plugin. -->","yoast_head_json":{"title":"Alles \u00fcber Online-Reitschulen | Uelzener Magazin","description":"Flexibles Reitenlernen mit Experten weltweit bequem von Zuhause aus \u2013 verlockende Idee. Worauf du bei der Wahl achten musst und alle Vor- und Nachteile.","robots":{"index":"index","follow":"follow","max-snippet":"max-snippet:-1","max-image-preview":"max-image-preview:large","max-video-preview":"max-video-preview:-1"},"canonical":"https:\/\/uelzener.de\/magazin\/pferd\/erziehung-und-training\/online-reitschulen\/","og_locale":"de_DE","og_type":"article","og_title":"Online-Reitschulen: Reiten lernen im digitalen Zeitalter","og_description":"Flexibles Reitenlernen mit Experten weltweit bequem von Zuhause aus \u2013 verlockende Idee. Worauf du bei der Wahl achten musst und alle Vor- und Nachteile.","og_url":"https:\/\/uelzener.de\/magazin\/pferd\/erziehung-und-training\/online-reitschulen\/","og_site_name":"Uelzener Tier-Magazin","article_publisher":"https:\/\/www.facebook.com\/Uelzener","article_modified_time":"2025-09-03T07:06:29+00:00","og_image":[{"width":1025,"height":450,"url":"https:\/\/uelzener.de\/magazin\/app\/uploads\/2023\/08\/online-reitschule-junge-frau.jpg","type":"image\/jpeg"}],"twitter_card":"summary_large_image","twitter_misc":{"Gesch\u00e4tzte Lesezeit":"7\u00a0Minuten"},"schema":{"@context":"https:\/\/schema.org","@graph":[{"@type":"WebPage","@id":"https:\/\/uelzener.de\/magazin\/pferd\/erziehung-und-training\/online-reitschulen\/","url":"https:\/\/uelzener.de\/magazin\/pferd\/erziehung-und-training\/online-reitschulen\/","name":"Alles \u00fcber Online-Reitschulen | Uelzener Magazin","isPartOf":{"@id":"https:\/\/uelzener.de\/magazin\/#website"},"primaryImageOfPage":{"@id":"https:\/\/uelzener.de\/magazin\/pferd\/erziehung-und-training\/online-reitschulen\/#primaryimage"},"image":{"@id":"https:\/\/uelzener.de\/magazin\/pferd\/erziehung-und-training\/online-reitschulen\/#primaryimage"},"thumbnailUrl":"https:\/\/uelzener.de\/magazin\/app\/uploads\/2023\/08\/online-reitschule-junge-frau.jpg","datePublished":"2023-08-21T06:53:18+00:00","dateModified":"2025-09-03T07:06:29+00:00","description":"Flexibles Reitenlernen mit Experten weltweit bequem von Zuhause aus \u2013 verlockende Idee. Worauf du bei der Wahl achten musst und alle Vor- und Nachteile.","breadcrumb":{"@id":"https:\/\/uelzener.de\/magazin\/pferd\/erziehung-und-training\/online-reitschulen\/#breadcrumb"},"inLanguage":"de","potentialAction":[{"@type":"ReadAction","target":["https:\/\/uelzener.de\/magazin\/pferd\/erziehung-und-training\/online-reitschulen\/"]}]},{"@type":"ImageObject","inLanguage":"de","@id":"https:\/\/uelzener.de\/magazin\/pferd\/erziehung-und-training\/online-reitschulen\/#primaryimage","url":"https:\/\/uelzener.de\/magazin\/app\/uploads\/2023\/08\/online-reitschule-junge-frau.jpg","contentUrl":"https:\/\/uelzener.de\/magazin\/app\/uploads\/2023\/08\/online-reitschule-junge-frau.jpg","width":1025,"height":450,"caption":"Junge Frau nimmt am Laptop Unterricht bei einer Online-Reitschule."},{"@type":"WebSite","@id":"https:\/\/uelzener.de\/magazin\/#website","url":"https:\/\/uelzener.de\/magazin\/","name":"Uelzener Tiermagazin","description":"Online Tierratgeber der Uelzener Versicherungen","publisher":{"@id":"https:\/\/uelzener.de\/magazin\/#organization"},"potentialAction":[{"@type":"SearchAction","target":{"@type":"EntryPoint","urlTemplate":"https:\/\/uelzener.de\/magazin\/?s={search_term_string}"},"query-input":{"@type":"PropertyValueSpecification","valueRequired":true,"valueName":"search_term_string"}}],"inLanguage":"de"},{"@type":"Organization","@id":"https:\/\/uelzener.de\/magazin\/#organization","name":"Uelzener Versicherungen","url":"https:\/\/uelzener.de\/magazin\/","logo":{"@type":"ImageObject","inLanguage":"de","@id":"https:\/\/uelzener.de\/magazin\/#\/schema\/logo\/image\/","url":"https:\/\/uelzener.de\/magazin\/app\/uploads\/2024\/11\/uelzener_allgemeine_versicherungsgesellschaft_a_g_logo.jpg","contentUrl":"https:\/\/uelzener.de\/magazin\/app\/uploads\/2024\/11\/uelzener_allgemeine_versicherungsgesellschaft_a_g_logo.jpg","width":200,"height":200,"caption":"Uelzener Versicherungen"},"image":{"@id":"https:\/\/uelzener.de\/magazin\/#\/schema\/logo\/image\/"},"sameAs":["https:\/\/www.facebook.com\/Uelzener","https:\/\/instagram.com\/uelzener","https:\/\/www.xing.com\/pages\/uelzenerallgemeineversicherungs-gesellschafta-g","https:\/\/www.youtube.com\/UelzenerVersicherungen"]}]}},"_links":{"self":[{"href":"https:\/\/uelzener.de\/magazin\/wp-json\/wp\/v2\/pages\/16168","targetHints":{"allow":["GET"]}}],"collection":[{"href":"https:\/\/uelzener.de\/magazin\/wp-json\/wp\/v2\/pages"}],"about":[{"href":"https:\/\/uelzener.de\/magazin\/wp-json\/wp\/v2\/types\/page"}],"author":[{"embeddable":true,"href":"https:\/\/uelzener.de\/magazin\/wp-json\/wp\/v2\/users\/11"}],"replies":[{"embeddable":true,"href":"https:\/\/uelzener.de\/magazin\/wp-json\/wp\/v2\/comments?post=16168"}],"version-history":[{"count":9,"href":"https:\/\/uelzener.de\/magazin\/wp-json\/wp\/v2\/pages\/16168\/revisions"}],"predecessor-version":[{"id":19118,"href":"https:\/\/uelzener.de\/magazin\/wp-json\/wp\/v2\/pages\/16168\/revisions\/19118"}],"up":[{"embeddable":true,"href":"https:\/\/uelzener.de\/magazin\/wp-json\/wp\/v2\/pages\/11689"}],"wp:featuredmedia":[{"embeddable":true,"href":"https:\/\/uelzener.de\/magazin\/wp-json\/wp\/v2\/media\/16169"}],"wp:attachment":[{"href":"https:\/\/uelzener.de\/magazin\/wp-json\/wp\/v2\/media?parent=16168"}],"curies":[{"name":"wp","href":"https:\/\/api.w.org\/{rel}","templated":true}]}}